{"id":1717,"date":"2025-10-24T12:05:56","date_gmt":"2025-10-24T12:05:56","guid":{"rendered":"https:\/\/shgotopharm.com\/?post_type=product&#038;p=1717"},"modified":"2025-12-13T09:57:47","modified_gmt":"2025-12-13T09:57:47","slug":"koupit-testosteron-cypionatovy-prasek","status":"publish","type":"product","link":"https:\/\/shgotopharm.com\/cs\/product\/buy-testosterone-cypionate-powder\/","title":{"rendered":"Koupit testosteron cypion\u00e1tov\u00fd pr\u00e1\u0161ek"},"content":{"rendered":"<h2><a href=\"https:\/\/shgotopharm.com\/cs\/product\/koupit-testosteron-cypionatovy-prasek\/\">Koupit testosteron cypion\u00e1tov\u00fd pr\u00e1\u0161ek<\/a><\/h2>\n<p>Koupit Testosteron Cypionate Powder je steroid na b\u00e1zi testosteronu, kter\u00fd je b\u011b\u017en\u011b p\u0159edepisov\u00e1n l\u00e9ka\u0159i mu\u017e\u016fm, kte\u0159\u00ed nevyvinuli sv\u00e9 sekund\u00e1rn\u00ed mu\u017esk\u00e9 charakteristiky a rozhoduj\u00ed se pro n\u00e1hradn\u00ed terapii testosteronem. Tento deriv\u00e1t testosteronu se tak\u00e9 doporu\u010duje pro zvr\u00e1cen\u00ed n\u011bkter\u00fdch komplikac\u00ed neplodnosti, pokud byly d\u016fsledkem n\u00edzk\u00e9ho obsahu testosteronu v t\u011ble.<\/p>\n<h4>Koupit testosteron cypion\u00e1tov\u00fd pr\u00e1\u0161ek Specifikace<\/h4>\n<p>N\u00e1zev produktu: Testosteron cypion\u00e1t<br \/>\nCAS:58-20-8<br \/>\nEINECS: 200-368-4<br \/>\n\u010cistota: 99%<br \/>\nMolekul\u00e1rn\u00ed vzorec: C27H40O3<br \/>\nMolekulov\u00e1 hmotnost: 412,61<br \/>\nMolekul\u00e1rn\u00ed struktura:<br \/>\nBalen\u00ed: f\u00f3liov\u00fd s\u00e1\u010dek nebo plechovka.<br \/>\nCharakteristika: b\u00edl\u00fd nebo t\u00e9m\u011b\u0159 b\u00edl\u00fd krystalick\u00fd pr\u00e1\u0161ek.<br \/>\nPou\u017eit\u00ed: Farmaceutick\u00fd materi\u00e1l, Steroidn\u00ed hormon, Anabolick\u00fd. Jako mu\u017esk\u00fd hormon a anabolick\u00fd hormon.<br \/>\n\u00da\u010dinn\u00e1 d\u00e1vka (mu\u017ei): 300-2000mg+ t\u00fdden<br \/>\n\u00da\u010dinn\u00e1 d\u00e1vka (\u017eeny): Nedoporu\u010duje se<br \/>\nAktivn\u00ed \u017eivotnost: 15-16 dn\u00ed<br \/>\nDoba detekce: 3 m\u011bs\u00edce<br \/>\nPom\u011br anabolick\u00fdch a androgenn\u00edch l\u00e1tek: 100\/100.<\/p>\n<h4>V\u00fdhody pou\u017e\u00edv\u00e1n\u00ed testosteronu cypion\u00e1tu<\/h4>\n<p>Jednou z nejv\u011bt\u0161\u00edch v\u00fdhod spojen\u00fdch s testosteron cypion\u00e1tem je, \u017ee zvy\u0161uje po\u010det \u010derven\u00fdch krvinek v t\u011ble, co\u017e vede ke zvr\u00e1cen\u00ed vedlej\u0161\u00edch \u00fa\u010dink\u016f spojen\u00fdch s an\u00e9mi\u00ed nebo n\u00edzk\u00fdm po\u010dtem \u010derven\u00fdch krvinek.<\/p>\n<p>Molekulov\u00e1 hmotnost testosteron cypion\u00e1tu je 132,1184 g\/mol na b\u00e1zi a m\u00e1 pom\u011br anabolick\u00fd\/androgenn\u00ed 100:100, co\u017e znamen\u00e1, \u017ee tento deriv\u00e1t testosteronu je stejn\u011b anabolick\u00fd jako androgenn\u00ed.<\/p>\n<p>Anabolick\u00fd steroid je tak\u00e9 obdivov\u00e1n za podporu \u00farovn\u011b retence dus\u00edku a synt\u00e9zy b\u00edlkovin, krom\u011b toho usnad\u0148uje zv\u00fd\u0161en\u00ed hladiny IGF-1, kter\u00e1 je d\u016fle\u017eit\u00e1 pro \u00fapln\u00fd r\u016fst a v\u00fdvoj vysoce kvalitn\u00edch sval\u016f. Krom\u011b v\u0161ech t\u011bchto v\u00fdhod je slou\u010denina testosteronu tak\u00e9 u\u017eite\u010dn\u00e1 p\u0159i hojen\u00ed jizev t\u00edm, \u017ee podporuje \u010dinnost satelitn\u00edch bun\u011bk, kter\u00e9 opravuj\u00ed po\u0161kozen\u00e9 svaly t\u011bla.<\/p>\n<p>Steroid m\u00e1 schopnost do zna\u010dn\u00e9 m\u00edry zv\u00fd\u0161it s\u00edlu i velikost, co\u017e d\u00e1le podporuje \u0161t\u00edhlou tk\u00e1\u0148 a rychlost metabolismu. Tento vysoce \u00fa\u010dinn\u00fd steroid je tak\u00e9 \u00fa\u010dinn\u00fd p\u0159i sni\u017eov\u00e1n\u00ed mno\u017estv\u00ed tuku v t\u011ble a zabra\u0148uje sval\u016fm z hormon\u016f ztr\u00e1cej\u00edc\u00edch svaly.<\/p>\n<p>Profesion\u00e1ln\u00ed sportovci obdivuj\u00ed cypion\u00e1tovou verzi testosteronu oproti jin\u00fdm l\u00e9k\u016fm zvy\u0161uj\u00edc\u00edm v\u00fdkonnost, proto\u017ee zvy\u0161uje \u00farove\u0148 agrese a v\u00fdkonnosti v kr\u00e1tk\u00e9m \u010dasov\u00e9m \u00faseku, co\u017e m\u016f\u017ee snadno znamenat velk\u00fd rozd\u00edl, kdy\u017e sportovci mus\u00ed tvrd\u011b tr\u00e9novat v posledn\u00edch n\u011bkolika dnech p\u0159ed sout\u011b\u017en\u00ed akc\u00ed.<\/p>\n<h4>Standardn\u00ed d\u00e1vkov\u00e1n\u00ed testosteronu cypion\u00e1tu<\/h4>\n<p>Standardn\u00ed d\u00e1vka testosteron cypion\u00e1tu je 300-800 mg t\u00fddn\u011b pro mu\u017ee (6-8 t\u00fddn\u016f). U\u017eivatel\u00e9 tohoto anabolick\u00e9ho steroidu mohou b\u011bhem cyklu o\u010dek\u00e1vat v\u00fdrazn\u00fd n\u00e1r\u016fst svalov\u00e9 hmoty, definice sval\u016f, t\u011blesn\u00e9 s\u00edly, vytrvalosti a v\u00fdkonnosti. Testosteron cypion\u00e1t lze detekovat po dobu dvou a\u017e t\u0159\u00ed m\u011bs\u00edc\u016f a m\u00e1 aktivn\u00ed \u017eivotnost t\u00e9m\u011b\u0159 15-16 dn\u00ed.<\/p>\n<h4>Koupit testosteron cypion\u00e1tov\u00fd pr\u00e1\u0161ek | SKGOTOPHARM<\/h4>\n<p>B\u011b\u017en\u011b se stohuje s Dianabolem, Primobolanem, Equipoisem a Klenbuterolem. Pomocn\u00e9 l\u00e9ky, jako je Nolvadex, Clomid, Arimidex, Femara nebo Aromasin, by m\u011bly b\u00fdt po ruce (jako sou\u010d\u00e1st terapie po ukon\u010den\u00ed cyklu), proto\u017ee u\u017e\u00edv\u00e1n\u00ed tohoto deriv\u00e1tu testosteronu m\u016f\u017ee v\u00e9st k estrogen\u016fm, kter\u00e9 maj\u00ed za n\u00e1sledek mastnou ple\u0165, akn\u00e9 a gynekomastii. Je d\u016fle\u017eit\u00e9 si uv\u011bdomit, \u017ee u\u017eivatel\u00e9 testosteron cypion\u00e1tu by m\u011bli zah\u00e1jit postcyklickou terapii t\u0159i t\u00fddny p\u0159ed posledn\u00ed injekc\u00ed cypion\u00e1tu, proto\u017ee tento steroid je testosteron na b\u00e1zi dlouh\u00fdch ester\u016f.<\/p>\n<p>Testosteron Cypionate pr\u00e1\u0161ek na prodej, koupit Testosteron Cypionate steroidn\u00ed pr\u00e1\u0161ek \u010c\u00edna, Testosteron Cypionate pr\u00e1\u0161ek v\u00fdrobce, Testosteron Cypionate steroidn\u00ed pr\u00e1\u0161ek dodavatel\u00e9; Koupit Legit steroidn\u00ed pr\u00e1\u0161ky \u010c\u00edna Dodavatel, vysoce kvalitn\u00ed steroidn\u00ed pr\u00e1\u0161ky na prodej legit hormon\u00e1ln\u00ed steroidn\u00ed pr\u00e1\u0161ek dodavatel\u00e9 \u010c\u00edna<\/p>\n<p>&nbsp;<\/p>","protected":false},"excerpt":{"rendered":"<h2><a href=\"https:\/\/shgotopharm.com\/cs\/product\/koupit-testosteron-cypionatovy-prasek\/\">Koupit testosteron cypion\u00e1tov\u00fd pr\u00e1\u0161ek<\/a><\/h2>\n<p>Koupit testosteron cypion\u00e1tov\u00fd pr\u00e1\u0161ek je steroid na b\u00e1zi testosteronu, kter\u00fd je b\u011b\u017en\u011b p\u0159edepisov\u00e1n l\u00e9ka\u0159i mu\u017e\u016fm.<\/p>","protected":false},"featured_media":1718,"comment_status":"open","ping_status":"closed","template":"","meta":[],"product_brand":[],"product_cat":[213],"product_tag":[935,944,934,949,945,938,933,932,943,247,246,222,261,249,250,248,245,939,931,243,940,937,948,244,936,258,266,251,254,260,256,257,264,259,262,221,223,263,224,255,252,265,253,946,947,942,941],"class_list":{"0":"post-1717","1":"product","2":"type-product","3":"status-publish","4":"has-post-thumbnail","6":"product_cat-testosterone","7":"product_tag-aas-poland","8":"product_tag-aas-raw-materials-australia","9":"product_tag-aas-raws","10":"product_tag-anabolic-steroid-manufacturer-canada","11":"product_tag-anabolic-steroid-powders-online","12":"product_tag-best-steroid-powder-supplier-usa","13":"product_tag-buy-aas-raws-online","14":"product_tag-buy-raw-steroid-powders-online","15":"product_tag-buy-raw-steroids-china","16":"product_tag-buy-testosterone-australia","17":"product_tag-buy-testosterone-canada","18":"product_tag-buy-testosterone-cypionate-steroid-powder-china","19":"product_tag-buy-testosterone-cypionate-usa","20":"product_tag-buy-testosterone-europe","21":"product_tag-buy-testosterone-mexico","22":"product_tag-buy-testosterone-uk","23":"product_tag-buy-testosterone-usa","24":"product_tag-high-purity-anabolic-steroids-canada","25":"product_tag-raw-steroids-for-sale","26":"product_tag-raw-steroids-powders","27":"product_tag-steroid-raw-material-factory-europe","28":"product_tag-steroid-raws-online","29":"product_tag-steroid-raws-supplier-florida","30":"product_tag-steroids-australia","31":"product_tag-supplier-usa","32":"product_tag-test-cypionate-vs-enanthate","33":"product_tag-testosterone-cypionate-300-mg-dosage","34":"product_tag-testosterone-cypionate-australia","35":"product_tag-testosterone-cypionate-canada","36":"product_tag-testosterone-cypionate-china","37":"product_tag-testosterone-cypionate-crystallize","38":"product_tag-testosterone-cypionate-dosage","39":"product_tag-testosterone-cypionate-half-life","40":"product_tag-testosterone-cypionate-manufacturer","41":"product_tag-testosterone-cypionate-online-store","42":"product_tag-testosterone-cypionate-powder-for-sale","43":"product_tag-testosterone-cypionate-powder-manufacturer","44":"product_tag-testosterone-cypionate-price-uk","45":"product_tag-testosterone-cypionate-steroid-powder-suppliers-buy-legit-steroid-p","46":"product_tag-testosterone-cypionate-supplier","47":"product_tag-testosterone-cypionate-usa","48":"product_tag-testosterone-cypionate-vs-steroids","49":"product_tag-testosterone-powders","50":"product_tag-testosterone-raw-powder-poland","51":"product_tag-trenbolone-powder-thailand","52":"product_tag-trusted-steroid-raw-supplier-worldwide","53":"product_tag-wholesale-steroid-powders-australia","55":"first","56":"instock","57":"shipping-taxable","58":"product-type-simple"},"_links":{"self":[{"href":"https:\/\/shgotopharm.com\/cs\/wp-json\/wp\/v2\/product\/1717","targetHints":{"allow":["GET"]}}],"collection":[{"href":"https:\/\/shgotopharm.com\/cs\/wp-json\/wp\/v2\/product"}],"about":[{"href":"https:\/\/shgotopharm.com\/cs\/wp-json\/wp\/v2\/types\/product"}],"replies":[{"embeddable":true,"href":"https:\/\/shgotopharm.com\/cs\/wp-json\/wp\/v2\/comments?post=1717"}],"wp:featuredmedia":[{"embeddable":true,"href":"https:\/\/shgotopharm.com\/cs\/wp-json\/wp\/v2\/media\/1718"}],"wp:attachment":[{"href":"https:\/\/shgotopharm.com\/cs\/wp-json\/wp\/v2\/media?parent=1717"}],"wp:term":[{"taxonomy":"product_brand","embeddable":true,"href":"https:\/\/shgotopharm.com\/cs\/wp-json\/wp\/v2\/product_brand?post=1717"},{"taxonomy":"product_cat","embeddable":true,"href":"https:\/\/shgotopharm.com\/cs\/wp-json\/wp\/v2\/product_cat?post=1717"},{"taxonomy":"product_tag","embeddable":true,"href":"https:\/\/shgotopharm.com\/cs\/wp-json\/wp\/v2\/product_tag?post=1717"}],"curies":[{"name":"wp","href":"https:\/\/api.w.org\/{rel}","templated":true}]}}