{"id":1722,"date":"2025-10-24T13:09:16","date_gmt":"2025-10-24T13:09:16","guid":{"rendered":"https:\/\/shgotopharm.com\/?post_type=product&#038;p=1722"},"modified":"2025-10-24T13:17:25","modified_gmt":"2025-10-24T13:17:25","slug":"surovy-prasek-na-bazi-testosteronu","status":"publish","type":"product","link":"https:\/\/shgotopharm.com\/cs\/product\/raw-testosterone-base-powder\/","title":{"rendered":"Surov\u00fd testosteronov\u00fd z\u00e1kladn\u00ed pr\u00e1\u0161ek 99%"},"content":{"rendered":"<p data-rm-block-id=\"block-1\"><a href=\"https:\/\/shgotopharm.com\/cs\/product\/surovy-prasek-na-bazi-testosteronu\/\">Surov\u00fd testosteronov\u00fd z\u00e1kladn\u00ed pr\u00e1\u0161ek<\/a> je injek\u010dn\u00ed steroid, kter\u00fd obsahuje testosteron bez esteru. Je to \u010dist\u00fd testosteron a nem\u00e1 p\u0159ipojen\u00fd \u017e\u00e1dn\u00fd ester, a proto se v hmotnosti nepo\u010d\u00edt\u00e1 \u017e\u00e1dn\u00fd ester cis. Kde 100 mg esteru testosteronu se rovn\u00e1 100 mg minus hmotnost esteru, 100 mg Testosteron Base obsahuje skute\u010dn\u00fdch 100 mg steroidu. Velmi siln\u00fd a velmi v\u00fdkonn\u00fd.<\/p>\n<h3 data-rm-block-id=\"block-2\">Surov\u00fd testosteronov\u00fd z\u00e1kladn\u00ed pr\u00e1\u0161ek \/ specifikace<\/h3>\n<p data-rm-block-id=\"block-3\">Chemick\u00fd n\u00e1zev: 4-androsten-17\u03b2-ol-3-on<br \/>\nSynonyma:17beta-hydroxyandrost-4-en-3-on<br \/>\nCAS: 58-22-0<br \/>\nEINECS: 200-370-5<br \/>\nAnal\u00fdza: 99% min.<br \/>\nMolekul\u00e1rn\u00ed vzorec: C19H28O2<br \/>\nBalen\u00ed: f\u00f3liov\u00fd s\u00e1\u010dek nebo plechovka.<br \/>\nVzhled: b\u00edl\u00fd nebo t\u00e9m\u011b\u0159 b\u00edl\u00fd krystalick\u00fd pr\u00e1\u0161ek<br \/>\nPou\u017eit\u00ed: Farmaceutick\u00fd materi\u00e1l, Steroidn\u00ed hormon, Anabolin. Pro substitu\u010dn\u00ed terapii testosteronem bez onemocn\u011bn\u00ed, mu\u017eskou menopauzu, impotenci a l\u00e9\u010dbu dal\u0161\u00edch onemocn\u011bn\u00ed.<\/p>\n<h3 data-rm-block-id=\"block-4\">V\u00fdhody n\u00e1kupu testosteronov\u00e9 b\u00e1ze od spole\u010dnosti SKGOTOPHARM<\/h3>\n<p data-rm-block-id=\"block-5\">P\u0159esto\u017ee se jedn\u00e1 o pom\u011brn\u011b surovou slou\u010deninu, je bezpochyby velmi, velmi \u00fa\u010dinn\u00e1. Testosteron Base je nejb\u011b\u017en\u011bj\u0161\u00ed anabolick\u00fd hormon, kter\u00fd existuje, a je tak\u00e9 pova\u017eov\u00e1n za nejz\u00e1kladn\u011bj\u0161\u00ed. Kv\u016fli tomu ho kulturist\u00e9 \u010dasto pova\u017euj\u00ed za z\u00e1kladn\u00ed steroid pro v\u011bt\u0161inu v\u0161ech cykl\u016f. Testosteron Base je jak anabolick\u00e9, tak androgenn\u00ed povahy. U\u017eivatel\u00e9 tohoto steroidu zaznamenaj\u00ed dramatick\u00fd n\u00e1r\u016fst svalov\u00e9 velikosti a s\u00edly, stejn\u011b jako celkov\u00fd pocit pohody a zv\u00fd\u0161en\u00ed libida a sexu\u00e1ln\u00ed touhy.<\/p>\n<p data-rm-block-id=\"block-6\">Testosteronov\u00e1 b\u00e1ze se velmi snadno aromatizuje, a proto se hromad\u011bn\u00ed estrogenu a ne\u017e\u00e1douc\u00ed \u00fa\u010dinky mohou st\u00e1t probl\u00e9mem pro u\u017eivatele citliv\u00e9 na tyto probl\u00e9my nebo pro ty, kte\u0159\u00ed se rozhodnou pou\u017e\u00edvat vysokou d\u00e1vku t\u00e9to slou\u010deniny. Proto se p\u0159i pou\u017e\u00edv\u00e1n\u00ed p\u0159\u00edpravku Testosteron Base kulturist\u00e9 \u010dasto rozhodnou za\u010dlenit antiestrogen, jako je Anastrozol, Proviron nebo Tamoxifen, aby pomohli udr\u017eet vedlej\u0161\u00ed \u00fa\u010dinky souvisej\u00edc\u00ed s estrogenem na minimu. Extr\u00e9mn\u011b citliv\u00ed u\u017eivatel\u00e9 nebo u\u017eivatel\u00e9 u\u017e\u00edvaj\u00edc\u00ed velmi vysok\u00e9 d\u00e1vky (800-1200) mohou zjistit, \u017ee vhodn\u011bj\u0161\u00ed jsou siln\u011bj\u0161\u00ed antiestrogeny, jako je letrozol nebo exemestan.<\/p>\n<h3 data-rm-block-id=\"block-7\">Jak surov\u00fd testosteronov\u00fd z\u00e1kladn\u00ed pr\u00e1\u0161ek reaguje s t\u011blem<\/h3>\n<p data-rm-block-id=\"block-8\">Androgenn\u00ed vedlej\u0161\u00ed \u00fa\u010dinky, jako je mastn\u00e1 ple\u0165, jsou tak\u00e9 mo\u017en\u00e9 p\u0159i u\u017e\u00edv\u00e1n\u00ed testosteronu Base. Kulturist\u00e9, kte\u0159\u00ed cht\u011bj\u00ed zv\u00fd\u0161it objem, \u010dasto stohuj\u00ed Testosteron Base s jin\u00fdmi steroidy, jako je Deca 250 a \/ nebo Boldenone 200. D\u00e1vka tohoto steroidu pro mu\u017esk\u00e9 kulturisty by obvykle byla v rozmez\u00ed 400-1200mg t\u00fddn\u011b a d\u00e9lka cyklu by byla od 8-20 t\u00fddn\u016f, v z\u00e1vislosti na c\u00edlech sportovce. \u017deny obvykle vid\u00ed \u017e\u00e1douc\u00ed v\u00fdsledky z d\u00e1vek 50-100 mg t\u00fddn\u011b. Surov\u00fd testosteronov\u00fd z\u00e1kladn\u00ed pr\u00e1\u0161ek<\/p>\n<h3 data-rm-block-id=\"block-9\">Surov\u00fd testosteronov\u00fd z\u00e1kladn\u00ed pr\u00e1\u0161ek Pou\u017e\u00edv\u00e1<\/h3>\n<p data-rm-block-id=\"block-10\">Nejobl\u00edben\u011bj\u0161\u00edm postupem s testosteronovou b\u00e1z\u00ed je ka\u017edodenn\u00ed injekce l\u00e9ku. D\u00e1vka se zna\u010dn\u011b li\u0161\u00ed v z\u00e1vislosti na pot\u0159eb\u00e1ch jednotlivce, ale nej\u010dast\u011bji se pohybuje v rozmez\u00ed 50 mg a\u017e 100 mg na injekci. Ve v\u011bt\u0161in\u011b p\u0159\u00edpad\u016f budou v\u00fdsledky \u00fa\u017easn\u00e9. A\u010dkoli n\u011bkte\u0159\u00ed u\u017eivatel\u00e9 si budou st\u011b\u017eovat na nepohodl\u00ed p\u0159i injek\u010dn\u00edm pod\u00e1v\u00e1n\u00ed steroid\u016f na b\u00e1zi vody, z\u00e1kladna je obvykle dob\u0159e sn\u00e1\u0161ena.<\/p>\n<p data-rm-block-id=\"block-11\">Jak se d\u00e1 o\u010dek\u00e1vat u siln\u00e9ho androgenu, b\u00e1ze m\u016f\u017ee vyvolat \u0159adu nep\u0159\u00edjemn\u00fdch vedlej\u0161\u00edch \u00fa\u010dink\u016f. Stejn\u011b jako u ka\u017ed\u00e9ho testosteronov\u00e9ho p\u0159\u00edpravku dojde k vysok\u00e9 m\u00ed\u0159e p\u0159em\u011bny estrogenu. Hladiny estrogenu se ve skute\u010dnosti velmi rychle vytv\u00e1\u0159ej\u00ed s testosteronovou b\u00e1z\u00ed, co\u017e je pravd\u011bpodobn\u011b nejhor\u0161\u00ed testosteron, kter\u00fd lze pou\u017e\u00edt, pokud se chcete vyhnout nad\u00fdm\u00e1n\u00ed vody. Surov\u00fd pr\u00e1\u0161ek testosteronov\u00e9 b\u00e1ze<\/p>\n<h3 data-rm-block-id=\"block-12\">P\u0159\u00edpravky surov\u00e9ho testosteronu v pr\u00e1\u0161ku<\/h3>\n<p data-rm-block-id=\"block-13\">Gynekomastie se m\u016f\u017ee b\u011bhem cyklu tak\u00e9 velmi rychle vyvinout a v mnoha p\u0159\u00edpadech bude tento l\u00e9k bez dal\u0161\u00edho u\u017e\u00edv\u00e1n\u00ed antiestrogenu nesnesiteln\u00fd. Kombinace p\u0159\u00edpravku Nolvadex a Proviron je \u00fa\u010dinn\u00fdm zp\u016fsobem, jak se vyhnout v\u00fdskytu t\u011bchto ne\u017e\u00e1douc\u00edch \u00fa\u010dink\u016f, a \u010dasto se u\u017e\u00edv\u00e1 od za\u010d\u00e1tku cyklu, aby se t\u011bmto v\u00fdskyt\u016fm p\u0159ede\u0161lo d\u0159\u00edve, ne\u017e se stanou probl\u00e9mem. Pro citliv\u00e9 jedince m\u016f\u017ee b\u00fdt rozumn\u011bj\u0161\u00ed investice do antiaromatik Arimidex, Femara nebo Aromasin.<\/p>\n<p data-rm-block-id=\"block-14\">Tyto anti-aromat\u00e1zov\u00e9 l\u00e9ky jsou mnohem \u00fa\u010dinn\u011bj\u0161\u00ed p\u0159i kontrole estrogenu. Je tak\u00e9 d\u016fle\u017eit\u00e9, aby sportovec b\u011bhem t\u011b\u017ek\u00e9ho cyklu pe\u010dliv\u011b sledoval krevn\u00ed tlak a funkce ledvin, proto\u017ee zadr\u017eov\u00e1n\u00ed vody se st\u00e1v\u00e1 v\u00fdrazn\u011bj\u0161\u00edm. Surov\u00fd testosteronov\u00fd z\u00e1kladn\u00ed pr\u00e1\u0161ek<\/p>\n<p data-rm-block-id=\"block-15\">Legitimn\u00ed steroidn\u00ed pr\u00e1\u0161ek zdroj v \u010c\u00edn\u011b. Koupit surov\u00fd testosteron z\u00e1kladn\u00ed steroidn\u00ed pr\u00e1\u0161ek online \u010c\u00edna \u010dist\u00fd testosteron pr\u00e1\u0161ek na prodej.<\/p>","protected":false},"excerpt":{"rendered":"<p><a href=\"https:\/\/shgotopharm.com\/cs\/product\/surovy-prasek-na-bazi-testosteronu\/\">Surov\u00fd testosteronov\u00fd z\u00e1kladn\u00ed pr\u00e1\u0161ek<\/a> je injek\u010dn\u00ed steroid, kter\u00fd obsahuje testosteron bez esteru.<\/p>","protected":false},"featured_media":1723,"comment_status":"open","ping_status":"closed","template":"","meta":[],"product_brand":[],"product_cat":[213],"product_tag":[247,246,249,250,248,245,243,227,226,244,239,241,236,230,234,238,242,228,232,229,231,240,235,233,237,225],"class_list":{"0":"post-1722","1":"product","2":"type-product","3":"status-publish","4":"has-post-thumbnail","6":"product_cat-testosterone","7":"product_tag-buy-testosterone-australia","8":"product_tag-buy-testosterone-canada","9":"product_tag-buy-testosterone-europe","10":"product_tag-buy-testosterone-mexico","11":"product_tag-buy-testosterone-uk","12":"product_tag-buy-testosterone-usa","13":"product_tag-raw-steroids-powders","14":"product_tag-raw-testosterone-acetate-usa","15":"product_tag-recent-post-buy-testosterone-acetate","16":"product_tag-steroids-australia","17":"product_tag-test-ace-half-life","18":"product_tag-test-ace-steroid","19":"product_tag-testosterone-acetate-benefits","20":"product_tag-testosterone-acetate-china","21":"product_tag-testosterone-acetate-cycle","22":"product_tag-testosterone-acetate-dosage","23":"product_tag-testosterone-acetate-for-sale","24":"product_tag-testosterone-acetate-manufacturer-china","25":"product_tag-testosterone-acetate-powder","26":"product_tag-testosterone-acetate-powder-store","27":"product_tag-testosterone-acetate-price-australia","28":"product_tag-testosterone-acetate-supplier","29":"product_tag-testosterone-acetate-uses","30":"product_tag-testosterone-acetate-vs-enanthate","31":"product_tag-testosterone-acetate-vs-propionate","32":"product_tag-testosterone-powders-uk","34":"first","35":"instock","36":"shipping-taxable","37":"product-type-simple"},"_links":{"self":[{"href":"https:\/\/shgotopharm.com\/cs\/wp-json\/wp\/v2\/product\/1722","targetHints":{"allow":["GET"]}}],"collection":[{"href":"https:\/\/shgotopharm.com\/cs\/wp-json\/wp\/v2\/product"}],"about":[{"href":"https:\/\/shgotopharm.com\/cs\/wp-json\/wp\/v2\/types\/product"}],"replies":[{"embeddable":true,"href":"https:\/\/shgotopharm.com\/cs\/wp-json\/wp\/v2\/comments?post=1722"}],"wp:featuredmedia":[{"embeddable":true,"href":"https:\/\/shgotopharm.com\/cs\/wp-json\/wp\/v2\/media\/1723"}],"wp:attachment":[{"href":"https:\/\/shgotopharm.com\/cs\/wp-json\/wp\/v2\/media?parent=1722"}],"wp:term":[{"taxonomy":"product_brand","embeddable":true,"href":"https:\/\/shgotopharm.com\/cs\/wp-json\/wp\/v2\/product_brand?post=1722"},{"taxonomy":"product_cat","embeddable":true,"href":"https:\/\/shgotopharm.com\/cs\/wp-json\/wp\/v2\/product_cat?post=1722"},{"taxonomy":"product_tag","embeddable":true,"href":"https:\/\/shgotopharm.com\/cs\/wp-json\/wp\/v2\/product_tag?post=1722"}],"curies":[{"name":"wp","href":"https:\/\/api.w.org\/{rel}","templated":true}]}}