{"id":1735,"date":"2025-10-25T05:28:35","date_gmt":"2025-10-25T05:28:35","guid":{"rendered":"https:\/\/shgotopharm.com\/?post_type=product&#038;p=1735"},"modified":"2025-11-10T10:07:19","modified_gmt":"2025-11-10T10:07:19","slug":"surovy-testosteron-dekanoatovy-prasek","status":"publish","type":"product","link":"https:\/\/shgotopharm.com\/cs\/product\/raw-testosterone-decanoate-powder\/","title":{"rendered":"Surov\u00fd testosteron dekano\u00e1tov\u00fd pr\u00e1\u0161ek"},"content":{"rendered":"<h2><a href=\"https:\/\/shgotopharm.com\/cs\/product\/surovy-testosteron-dekanoatovy-prasek\/\">Surov\u00fd testosteron dekano\u00e1tov\u00fd pr\u00e1\u0161ek<\/a><\/h2>\n<p>Kdy\u017e si koup\u00edte surov\u00fd testosteron dekano\u00e1tov\u00fd pr\u00e1\u0161ek od spole\u010dnosti SHGOTOPHARM, investujete do siln\u00e9ho mu\u017esk\u00e9ho hormonu a anabolick\u00e9 slou\u010deniny. Tato varianta testosteronu v kombinaci s dlouhodob\u011b p\u016fsob\u00edc\u00edm esterem dekano\u00e1tu p\u0159in\u00e1\u0161\u00ed v\u00fdrazn\u00e9 anabolick\u00e9 \u00fa\u010dinky, co\u017e z n\u011bj \u010din\u00ed nejlep\u0161\u00ed volbu pro dopl\u0148ky svalov\u00e9 hmoty pro kulturistiku. Raw Testosteron Decanoate Powder podporuje v\u00fdvoj mu\u017esk\u00fdch reproduk\u010dn\u00edch tk\u00e1n\u00ed, jako jsou varlata a prostata, a z\u00e1rove\u0148 podporuje celkov\u00e9 zdrav\u00ed, pohodu a prevenci osteopor\u00f3zy. Jeho v\u00fdhody se t\u00fdkaj\u00ed v\u011bt\u0161iny obratlovc\u016f, s m\u00edrn\u00fdmi odchylkami, jako je 11-ketotestosteron u ryb.<\/p>\n<h3>V\u00fdhody surov\u00e9ho testosteronu dekano\u00e1tov\u00e9ho pr\u00e1\u0161ku:<\/h3>\n<p>Surov\u00fd testosteron dekano\u00e1tov\u00fd pr\u00e1\u0161ek je ur\u010den pro intramuskul\u00e1rn\u00ed injekci, kter\u00e1 nab\u00edz\u00ed pomalou absorpci oleje pro siln\u00e9, dlouhotrvaj\u00edc\u00ed \u00fa\u010dinky s minim\u00e1ln\u00ed frekvenc\u00ed injekc\u00ed. Podporuje v\u00fdvoj mu\u017esk\u00fdch org\u00e1n\u016f, sekund\u00e1rn\u00edch pohlavn\u00edch znak\u016f, synt\u00e9zu b\u00edlkovin a tvorbu kost\u00ed a z\u00e1rove\u0148 inhibuje funkce souvisej\u00edc\u00ed s estrogeny, jako je r\u016fst endometria a aktivita hypof\u00fdzy.<\/p>\n<p>Je \u0161iroce pou\u017e\u00edv\u00e1n u stav\u016f, jako je nedostatek testosteronu, kryptorchismus, mu\u017esk\u00fd hypogonadismus, menoragie, d\u011blo\u017en\u00ed myomy, seniln\u00ed osteopor\u00f3za a aplastick\u00e1 an\u00e9mie.<br \/>\nSurov\u00fd testosteron dekano\u00e1tov\u00fd pr\u00e1\u0161ek, ide\u00e1ln\u00ed pro substitu\u010dn\u00ed terapii testosteronem (TRT) nebo hormon\u00e1ln\u00ed substitu\u010dn\u00ed terapii (HRT), je tak\u00e9 ide\u00e1ln\u00ed pro stohov\u00e1n\u00ed s del\u0161\u00edmi esterov\u00fdmi steroidy, jako je Deca Durabolin, co\u017e umo\u017e\u0148uje m\u00e9n\u011b \u010dast\u00e9 injek\u010dn\u00ed pl\u00e1ny.<\/p>\n<h3>Bezpe\u010dnost a ne\u017e\u00e1douc\u00ed \u00fa\u010dinky:<\/h3>\n<p>Testosteron dekano\u00e1tov\u00fd pr\u00e1\u0161ek je obecn\u011b dob\u0159e tolerov\u00e1n zdrav\u00fdmi dosp\u011bl\u00fdmi mu\u017ei, zejm\u00e9na t\u011bmi s n\u00edzk\u00fdm testosteronem, proto\u017ee jednodu\u0161e nahrazuje to, co t\u011blo chyb\u00ed. Ne\u017e\u00e1douc\u00ed \u00fa\u010dinky jsou p\u0159i terapeutick\u00fdch d\u00e1vk\u00e1ch vz\u00e1cn\u00e9, ale mohou se zv\u00fd\u0161it p\u0159i suprafyziologick\u00fdch d\u00e1vk\u00e1ch. V\u011bt\u0161ina mu\u017e\u016f dob\u0159e sn\u00e1\u0161\u00ed vy\u0161\u0161\u00ed hladiny, tak\u017ee komplikace jsou p\u0159i zodpov\u011bdn\u00e9m u\u017e\u00edv\u00e1n\u00ed neobvykl\u00e9.<br \/>\nJak to funguje:<br \/>\nSurov\u00fd testosteron dekano\u00e1tov\u00fd pr\u00e1\u0161ek, dostupn\u00fd od spole\u010dnosti SHGOTOPHARM, je injek\u010dn\u00ed testosteronov\u00fd hormon v\u00e1zan\u00fd na dlouh\u00fd ester dekano\u00e1tu. Tento ester nem\u011bn\u00ed z\u00e1kladn\u00ed funkce hormonu, ale v\u00fdrazn\u011b zpomaluje jeho uvol\u0148ov\u00e1n\u00ed a poskytuje stabiln\u00ed, dlouhodob\u00fd \u00fa\u010dinek po jedin\u00e9 injekci. Na rozd\u00edl od rychleji p\u016fsob\u00edc\u00edch ester\u016f zaji\u0161\u0165uje ester dekano\u00e1tu pomal\u00e9 a konzistentn\u00ed uvol\u0148ov\u00e1n\u00ed testosteronu, co\u017e je ide\u00e1ln\u00ed pro trval\u00e9 v\u00fdsledky.<\/p>\n<h3>Pro\u010d si vybrat surov\u00fd testosteron dekano\u00e1tov\u00fd pr\u00e1\u0161ek SHGOTOPHARM?<\/h3>\n<p>D\u016fv\u011bryhodn\u00e1 kvalita: Poch\u00e1z\u00ed od leg\u00e1ln\u00edho v\u00fdrobce l\u00e9\u010div, certifikovan\u00e9ho podle GMP a ISO9001, s \u010distotou vy\u0161\u0161\u00ed ne\u017e 98%.<br \/>\nSpolehliv\u00e9 dod\u00e1n\u00ed: FedEx, UPS, DHL, EMS, TNT, HKEMS) nebo leteckou dopravou. U objedn\u00e1vek nad 1 kg je k dispozici vnitrost\u00e1tn\u00ed doru\u010den\u00ed.<br \/>\nZ\u00e1kaznick\u00e1 podpora: Z\u00e1kaznick\u00e1 podpora: 24 hodin denn\u011b, 7 dn\u00ed v t\u00fddnu, poprodejn\u00ed servis pro rychl\u00e9 \u0159e\u0161en\u00ed jak\u00fdchkoli probl\u00e9m\u016f.<br \/>\nFlexibiln\u00ed objedn\u00e1v\u00e1n\u00ed: Minim\u00e1ln\u00ed objedn\u00e1vka 10 g s konkuren\u010dn\u00edmi cenami a slevami pro hromadn\u00e9 objedn\u00e1vky.<br \/>\nBezpe\u010dn\u00e9 platby: Mezi mo\u017enosti pat\u0159\u00ed T\/T, Western Union, MoneyGram a Bitcoin.<br \/>\nGlob\u00e1ln\u00ed dosah: Obsluhujeme z\u00e1kazn\u00edky v USA, Velk\u00e9 Brit\u00e1nii, Kanad\u011b, N\u011bmecku, Braz\u00edlii, Austr\u00e1lii, It\u00e1lii a dal\u0161\u00edch zem\u00edch.<\/p>\n<p>SHGOTOPHARM je nejlep\u0161\u00edm m\u00edstem pro n\u00e1kup surov\u00e9ho testosteron dekano\u00e1tov\u00e9ho pr\u00e1\u0161ku, kter\u00fd nab\u00edz\u00ed pr\u00e9miov\u00e9, dlouhodob\u011b p\u016fsob\u00edc\u00ed testosteronov\u00e9 \u0159e\u0161en\u00ed pro TRT, HRT a zv\u00fd\u0161en\u00ed v\u00fdkonu. D\u00edky sv\u00e9mu profilu s pomal\u00fdm uvol\u0148ov\u00e1n\u00edm a siln\u00fdm anabolick\u00fdm \u00fa\u010dink\u016fm je obl\u00edben\u00fd mezi kulturisty a t\u011bmi, kte\u0159\u00ed hledaj\u00ed trvalou hormon\u00e1ln\u00ed podporu. D\u016fv\u011b\u0159ujte spole\u010dnosti SHGOTOPHARM, kter\u00e1 nab\u00edz\u00ed bezkonkuren\u010dn\u00ed kvalitu a spolehliv\u00e9 slu\u017eby.<\/p>","protected":false},"excerpt":{"rendered":"<h2><a href=\"https:\/\/shgotopharm.com\/cs\/product\/surovy-testosteron-dekanoatovy-prasek\/\">Surov\u00fd testosteron dekano\u00e1tov\u00fd pr\u00e1\u0161ek<\/a><\/h2>\n<p>Kdy\u017e si koup\u00edte surov\u00fd testosteron dekano\u00e1tov\u00fd pr\u00e1\u0161ek od spole\u010dnosti SHGOTOPHARM, investujete do siln\u00e9ho mu\u017esk\u00e9ho hormonu a anabolick\u00e9 slou\u010deniny.<\/p>","protected":false},"featured_media":1736,"comment_status":"open","ping_status":"closed","template":"","meta":[],"product_brand":[],"product_cat":[213],"product_tag":[935,944,934,949,945,938,933,932,943,939,931,940,937,948,936,357,358,359,360,361,356,946,947,942,941],"class_list":{"0":"post-1735","1":"product","2":"type-product","3":"status-publish","4":"has-post-thumbnail","6":"product_cat-testosterone","7":"product_tag-aas-poland","8":"product_tag-aas-raw-materials-australia","9":"product_tag-aas-raws","10":"product_tag-anabolic-steroid-manufacturer-canada","11":"product_tag-anabolic-steroid-powders-online","12":"product_tag-best-steroid-powder-supplier-usa","13":"product_tag-buy-aas-raws-online","14":"product_tag-buy-raw-steroid-powders-online","15":"product_tag-buy-raw-steroids-china","16":"product_tag-high-purity-anabolic-steroids-canada","17":"product_tag-raw-steroids-for-sale","18":"product_tag-steroid-raw-material-factory-europe","19":"product_tag-steroid-raws-online","20":"product_tag-steroid-raws-supplier-florida","21":"product_tag-supplier-usa","22":"product_tag-testosterone-decanoate-test-deca-for-sale","23":"product_tag-testosterone-decanoate-test-deca-powder","24":"product_tag-testosterone-decanoate-test-deca-price","25":"product_tag-testosterone-decanoate-test-deca-raw-powder","26":"product_tag-testosterone-decanoate-test-deca-supplier","27":"product_tag-testosterone-powders-testosterone-decanoate-test-deca-buy","28":"product_tag-testosterone-raw-powder-poland","29":"product_tag-trenbolone-powder-thailand","30":"product_tag-trusted-steroid-raw-supplier-worldwide","31":"product_tag-wholesale-steroid-powders-australia","33":"first","34":"instock","35":"shipping-taxable","36":"product-type-simple"},"_links":{"self":[{"href":"https:\/\/shgotopharm.com\/cs\/wp-json\/wp\/v2\/product\/1735","targetHints":{"allow":["GET"]}}],"collection":[{"href":"https:\/\/shgotopharm.com\/cs\/wp-json\/wp\/v2\/product"}],"about":[{"href":"https:\/\/shgotopharm.com\/cs\/wp-json\/wp\/v2\/types\/product"}],"replies":[{"embeddable":true,"href":"https:\/\/shgotopharm.com\/cs\/wp-json\/wp\/v2\/comments?post=1735"}],"wp:featuredmedia":[{"embeddable":true,"href":"https:\/\/shgotopharm.com\/cs\/wp-json\/wp\/v2\/media\/1736"}],"wp:attachment":[{"href":"https:\/\/shgotopharm.com\/cs\/wp-json\/wp\/v2\/media?parent=1735"}],"wp:term":[{"taxonomy":"product_brand","embeddable":true,"href":"https:\/\/shgotopharm.com\/cs\/wp-json\/wp\/v2\/product_brand?post=1735"},{"taxonomy":"product_cat","embeddable":true,"href":"https:\/\/shgotopharm.com\/cs\/wp-json\/wp\/v2\/product_cat?post=1735"},{"taxonomy":"product_tag","embeddable":true,"href":"https:\/\/shgotopharm.com\/cs\/wp-json\/wp\/v2\/product_tag?post=1735"}],"curies":[{"name":"wp","href":"https:\/\/api.w.org\/{rel}","templated":true}]}}