{"id":1747,"date":"2025-10-30T13:22:39","date_gmt":"2025-10-30T13:22:39","guid":{"rendered":"https:\/\/shgotopharm.com\/?post_type=product&#038;p=1747"},"modified":"2025-12-13T09:51:10","modified_gmt":"2025-12-13T09:51:10","slug":"anavar-oxandrolonovy-prasek","status":"publish","type":"product","link":"https:\/\/shgotopharm.com\/cs\/product\/anavar-oxandrolone-powder\/","title":{"rendered":"Koupit Anavar Oxandrolone pr\u00e1\u0161ek"},"content":{"rendered":"<h3><a href=\"https:\/\/shgotopharm.com\/cs\/product\/anavar-oxandrolonovy-prasek\/\">Anavar Oxandrolone pr\u00e1\u0161ek<\/a><\/h3>\n<p>Anavar Oxandrolone Powder je anabolick\u00fd androgenn\u00ed steroid odvozen\u00fd od dihydrotestosteronu (DHT). Konkr\u00e9tn\u011b je oxandrolon hormon DHT s p\u0159id\u00e1n\u00edm atomu kysl\u00edku na m\u00edsto uhl\u00edku 2 v kruhu A. Je tak bezpe\u010dn\u00fd, \u017ee na rozd\u00edl od jin\u00fdch steroid\u016f, kter\u00e9 se pou\u017e\u00edvaly p\u0159i podv\u00fd\u017eiv\u011b a an\u00e9mii, byl Oxandrolon p\u016fvodn\u011b p\u0159edepisov\u00e1n hlavn\u011b ob\u011btem pop\u00e1lenin.<\/p>\n<p>Anavar Oxandrolone pr\u00e1\u0161ek, kter\u00fd poch\u00e1z\u00ed z androgenn\u00edch vlastnost\u00ed, m\u016f\u017ee zp\u016fsobit zadr\u017eov\u00e1n\u00ed dus\u00edku, drasl\u00edku a fosforu a podporovat anabolismus a inhibovat nadm\u011brn\u00fd katabolismus. Je \u0161iroce pou\u017e\u00edv\u00e1n pro chlapce, kte\u0159\u00ed se setk\u00e1vaj\u00ed s abnorm\u00e1ln\u00edm r\u016fstem a pozdn\u00ed pubertou, a tak\u00e9 pro d\u00edvky, kter\u00e9 se setk\u00e1vaj\u00ed s vrozenou hypoplazi\u00ed vaje\u010dn\u00edk\u016f.<\/p>\n<p>Anavar Oxandrolone pr\u00e1\u0161ek se rychle vst\u0159eb\u00e1v\u00e1 do st\u0159ev a \u017ealudku. Jeho metabolity a nezm\u011bn\u011bn\u00fd oxandrolon jsou vylu\u010dov\u00e1ny ledvinami a mal\u00e9 mno\u017estv\u00ed je vylou\u010deno z gastrointestin\u00e1ln\u00edho traktu.<\/p>\n<h3>Anavar Oxandrolone pr\u00e1\u0161ek Specifikace<\/h3>\n<p>Informace o oxandrolonu\/Anavaru:<br \/>\nAnavar Oxandrolone CAS NO: 53-39-4<br \/>\nAnavar Oxandrolone MF: C19H30O3<br \/>\nAnavar Oxandrolone MW: C19H30O3<br \/>\nAnavar Oxandrolone Rozpustnost: DMSO 4 mg\/ml<br \/>\nAnavar Oxandrolone Skladov\u00e1n\u00ed: 2-8 \u00b0 C, such\u00e9, uzav\u0159en\u00e9<br \/>\nAnavar Oxandrolone Biologick\u00fd polo\u010das: dosp\u011bl\u00ed: 9,4-10,4 dom\u016f;<br \/>\nAnavar Oxandrolone Metabolismus: J\u00e1tra, ledviny (prim\u00e1rn\u011b)<br \/>\nAnavar Oxandrolone Kategorie (\u010desky: DRUG Class): Androgen; Anabolick\u00fd steroid<\/p>\n<h3>Anavar Oxandrolone pr\u00e1\u0161ek na prodej<\/h3>\n<p>Pr\u00e1vn\u00ed Oxandrolone Anavar Steroidn\u00ed pr\u00e1\u0161ek na prodej, kde koupit dom\u00e1c\u00ed dod\u00e1vky Anavar pr\u00e1\u0161ek? 99% \u010distota Oxandrolone pr\u00e1\u0161ek Dodavatel, Doprava v Kanad\u011b, Velk\u00e1 Brit\u00e1nie.<br \/>\nOxandrolon\/Anavar je jedn\u00edm z nejobl\u00edben\u011bj\u0161\u00edch peror\u00e1ln\u00edch anabolick\u00fdch steroid\u016f. Zlep\u0161uje va\u0161i s\u00edlu a energii. A je to jeden z m\u00e1la anabolick\u00fdch steroid\u016f, kter\u00fd mohou bezpe\u010dn\u011b u\u017e\u00edvat mu\u017ei i \u017eeny. Je to velmi \u0161etrn\u00fd vedlej\u0161\u00ed \u00fa\u010dinek. Oxandrolon\/Anavar je bezesporu mimo\u0159\u00e1dn\u011b prosp\u011b\u0161n\u00fd anabolick\u00fd steroid.<\/p>\n<p>N\u00e1\u0161 pr\u00e1\u0161ek oxandrolonu (anavaru) m\u00e1 pr\u00e1vn\u00ed a bezpe\u010dnostn\u00ed certifik\u00e1t. Je to bezpe\u010dn\u00fd steroid. N\u00e1\u0161 oxandrolonov\u00fd pr\u00e1\u0161ek anavar prod\u00e1v\u00e1 200 kilogram\u016f m\u011bs\u00ed\u010dn\u011b a ka\u017ed\u00fd z\u00e1kazn\u00edk \u0159\u00edk\u00e1, \u017ee na\u0161e v\u00fdrobky jsou nejlep\u0161\u00ed.<\/p>\n<h3>Anavar (Oxandrolone) Steroidn\u00ed pr\u00e1\u0161ek<\/h3>\n<p>Anavar (Oxandrolone) je velmi zn\u00e1m\u00fd anabolick\u00fd steroid, a budete sotva naj\u00edt profesion\u00e1ln\u00ed sportovec, kter\u00fd nesly\u0161el o tomto produktu. Od sam\u00e9ho po\u010d\u00e1tku sv\u00e9 existence zauj\u00edmal p\u0159edn\u00ed pozice. Byl vynalezen v roce 1964 podnikem Sear Laboratories. Tento v\u00fdrobek umo\u017e\u0148uje dos\u00e1hnout skv\u011bl\u00fdch v\u00fdsledk\u016f v posilovn\u011b.<\/p>\n<p>Oxandrolon je jedn\u00edm z nej\u010dast\u011bji pad\u011blan\u00fdch steroid\u016f, kter\u00e9 kdy existovaly.<br \/>\nOxandrolon je peror\u00e1ln\u011b u\u017e\u00edvan\u00fd anabolick\u00fd steroid, kter\u00fd se obvykle p\u0159edepisuje v rozmez\u00ed 5-10 mg denn\u011b, p\u0159i\u010dem\u017e p\u0159edepsan\u00e9 d\u00e1vky z\u0159\u00eddka p\u0159esahuj\u00ed 20 mg denn\u011b. U\u017e\u00edv\u00e1n\u00ed obvykle trv\u00e1 2-4 t\u00fddny, n\u00e1sleduje kr\u00e1tk\u00e1 p\u0159est\u00e1vka a opakov\u00e1n\u00ed cyklu, dokud se probl\u00e9m nevy\u0159e\u0161\u00ed. U\u017e\u00edv\u00e1n\u00ed tohoto druhu m\u016f\u017ee v n\u011bkter\u00fdch p\u0159\u00edpadech trvat neomezen\u011b dlouho.<\/p>\n<h3>Jak pou\u017e\u00edvat Anavar Oxandrolone Powder<\/h3>\n<p>Pro u\u017eivatele mu\u017esk\u00fdch anabolick\u00fdch steroid\u016f je 20-30 mg denn\u011b, i kdy\u017e n\u00edzk\u00e1 d\u00e1vka vyvol\u00e1 anabolick\u00fd n\u00e1raz. Mnohem \u010dast\u011bj\u0161\u00ed a \u00fa\u010dinn\u011bj\u0161\u00ed je v\u0161ak d\u00e1vka 40-50 mg denn\u011b. N\u011bkte\u0159\u00ed mu\u017ei budou u\u017e\u00edvat a\u017e 80-100 mg denn\u011b, ale m\u011bjte na pam\u011bti, \u017ee to zvy\u0161uje pravd\u011bpodobnost ne\u017e\u00e1douc\u00edch \u00fa\u010dink\u016f.<\/p>\n<p>U\u017eivatelky Oxandrolonu obvykle d\u00e1vkuj\u00ed steroid na 5-10mg denn\u011b. Nen\u00ed b\u011b\u017en\u00e9, aby \u017eena pot\u0159ebovala v\u00edce ne\u017e 10 mg denn\u011b, ale pokud je pot\u0159eba v\u00edce, lze d\u00e1vku zv\u00fd\u0161it o 5 mg. D\u00e1vky, kter\u00e9 p\u0159esahuj\u00ed 20mg denn\u011b, t\u00e9m\u011b\u0159 zajist\u00ed ur\u010ditou \u00farove\u0148 virilizace. Standardem je 6-8 t\u00fddn\u016f u\u017e\u00edv\u00e1n\u00ed u mu\u017e\u016f i \u017een.<\/p>\n<p>Pokud hled\u00e1te tento steroidn\u00ed pr\u00e1\u0161ek, je lep\u0161\u00ed hledat \u0161pi\u010dkov\u00e9ho dodavatele steroidn\u00edho pr\u00e1\u0161ku Oxandrolone. SHGOTOPHARM je pro v\u00e1s to prav\u00e9 m\u00edsto.<\/p>","protected":false},"excerpt":{"rendered":"<h3><a href=\"https:\/\/shgotopharm.com\/cs\/product\/anavar-oxandrolonovy-prasek\/\">Anavar Oxandrolone pr\u00e1\u0161ek<\/a><\/h3>\n<p>Anavar Oxandrolone Powder je anabolick\u00fd androgenn\u00ed steroid odvozen\u00fd od dihydrotestosteronu (DHT).<\/p>","protected":false},"featured_media":1748,"comment_status":"open","ping_status":"closed","template":"","meta":[],"product_brand":[],"product_cat":[390],"product_tag":[935,437,944,934,434,949,945,400,415,440,429,417,426,420,410,408,413,407,432,435,423,399,404,938,933,418,430,421,427,416,412,433,439,436,424,411,414,431,392,394,396,402,393,395,932,943,939,398,405,406,397,428,419,422,425,409,438,931,940,937,948,936,946,947,942,403,401,941],"class_list":{"0":"post-1747","1":"product","2":"type-product","3":"status-publish","4":"has-post-thumbnail","6":"product_cat-oral-steroids","7":"product_tag-aas-poland","8":"product_tag-aas-powder","9":"product_tag-aas-raw-materials-australia","10":"product_tag-aas-raws","11":"product_tag-anabolic-steroid-aas","12":"product_tag-anabolic-steroid-manufacturer-canada","13":"product_tag-anabolic-steroid-powders-online","14":"product_tag-anavar","15":"product_tag-anavar-benefits","16":"product_tag-anavar-cycle","17":"product_tag-anavar-dosage","18":"product_tag-anavar-for-man","19":"product_tag-anavar-for-sale","20":"product_tag-anavar-for-woman","21":"product_tag-anavar-oral-steroid-powder","22":"product_tag-anavar-oxandrolone-powder-for-sale","23":"product_tag-anavar-powder","24":"product_tag-anavar-powder-for-sale","25":"product_tag-anavar-powder-price","26":"product_tag-anavar-powder-taste","27":"product_tag-anavar-steroid","28":"product_tag-anavar-steroid-powder-for-sale","29":"product_tag-australia","30":"product_tag-best-steroid-powder-supplier-usa","31":"product_tag-buy-aas-raws-online","32":"product_tag-buy-anavar-in-australia","33":"product_tag-buy-anavar-in-brazil","34":"product_tag-buy-anavar-in-canada","35":"product_tag-buy-anavar-in-europe","36":"product_tag-buy-anavar-in-france","37":"product_tag-buy-anavar-in-india","38":"product_tag-buy-anavar-in-mexico","39":"product_tag-buy-anavar-in-poland","40":"product_tag-buy-anavar-in-sweden","41":"product_tag-buy-anavar-in-switzerland","42":"product_tag-buy-anavar-in-uk","43":"product_tag-buy-anavar-in-usa","44":"product_tag-buy-anavar-powder-online","45":"product_tag-buy-oxandrolone-anavar-australia","46":"product_tag-buy-oxandrolone-anavar-canada","47":"product_tag-buy-oxandrolone-anavar-europe","48":"product_tag-buy-oxandrolone-anavar-powder-online-canada","49":"product_tag-buy-oxandrolone-anavar-uk","50":"product_tag-buy-oxandrolone-anavar-usa","51":"product_tag-buy-raw-steroid-powders-online","52":"product_tag-buy-raw-steroids-china","53":"product_tag-high-purity-anabolic-steroids-canada","54":"product_tag-legal-oxandrolone","55":"product_tag-legit-anavar-powder","56":"product_tag-legit-oxandrolone-powder","57":"product_tag-ox","58":"product_tag-oxandrolone-powder-benefits","59":"product_tag-oxandrolone-powder-china","60":"product_tag-oxandrolone-powder-cost","61":"product_tag-oxandrolone-powder-for-sale","62":"product_tag-oxandrolone-powder-suppliers","63":"product_tag-raw-oxandrolone-powder","64":"product_tag-raw-steroids-for-sale","65":"product_tag-steroid-raw-material-factory-europe","66":"product_tag-steroid-raws-online","67":"product_tag-steroid-raws-supplier-florida","68":"product_tag-supplier-usa","69":"product_tag-testosterone-raw-powder-poland","70":"product_tag-trenbolone-powder-thailand","71":"product_tag-trusted-steroid-raw-supplier-worldwide","72":"product_tag-usa","73":"product_tag-where-to-buy-anavar-powder-99-purity-oxandrolone-powder-supplier","74":"product_tag-wholesale-steroid-powders-australia","76":"first","77":"instock","78":"shipping-taxable","79":"product-type-simple"},"_links":{"self":[{"href":"https:\/\/shgotopharm.com\/cs\/wp-json\/wp\/v2\/product\/1747","targetHints":{"allow":["GET"]}}],"collection":[{"href":"https:\/\/shgotopharm.com\/cs\/wp-json\/wp\/v2\/product"}],"about":[{"href":"https:\/\/shgotopharm.com\/cs\/wp-json\/wp\/v2\/types\/product"}],"replies":[{"embeddable":true,"href":"https:\/\/shgotopharm.com\/cs\/wp-json\/wp\/v2\/comments?post=1747"}],"wp:featuredmedia":[{"embeddable":true,"href":"https:\/\/shgotopharm.com\/cs\/wp-json\/wp\/v2\/media\/1748"}],"wp:attachment":[{"href":"https:\/\/shgotopharm.com\/cs\/wp-json\/wp\/v2\/media?parent=1747"}],"wp:term":[{"taxonomy":"product_brand","embeddable":true,"href":"https:\/\/shgotopharm.com\/cs\/wp-json\/wp\/v2\/product_brand?post=1747"},{"taxonomy":"product_cat","embeddable":true,"href":"https:\/\/shgotopharm.com\/cs\/wp-json\/wp\/v2\/product_cat?post=1747"},{"taxonomy":"product_tag","embeddable":true,"href":"https:\/\/shgotopharm.com\/cs\/wp-json\/wp\/v2\/product_tag?post=1747"}],"curies":[{"name":"wp","href":"https:\/\/api.w.org\/{rel}","templated":true}]}}