{"id":1749,"date":"2025-10-30T13:47:07","date_gmt":"2025-10-30T13:47:07","guid":{"rendered":"https:\/\/shgotopharm.com\/?post_type=product&#038;p=1749"},"modified":"2025-11-10T10:06:35","modified_gmt":"2025-11-10T10:06:35","slug":"surovy-stanozolol-winstrol","status":"publish","type":"product","link":"https:\/\/shgotopharm.com\/cs\/product\/raw-stanozolol-winstrol\/","title":{"rendered":"Surov\u00fd stanozolol Winstrol mikronizovan\u00fd pr\u00e1\u0161ek 99%"},"content":{"rendered":"<h2>Surov\u00fd stanozolol Winstrol mikronizovan\u00fd pr\u00e1\u0161ek 99%<\/h2>\n<p>Surov\u00fd stanozolol Winstrol je jedn\u00edm z nejstar\u0161\u00edch anabolick\u00fdch steroid\u016f, kter\u00e9 m\u00e1me k dispozici. A\u010dkoli zdaleka nen\u00ed nejstar\u0161\u00ed, poch\u00e1z\u00ed z 50. let 20. stolet\u00ed. Hormon stanozolol byl poprv\u00e9 vyvinut spole\u010dnost\u00ed Winthrop Laboratories pod obchodn\u00edm n\u00e1zvem Winstrol.<br \/>\nStanozolol hormon byl od t\u00e9 doby nalezen pod mnoha zna\u010dkami po cel\u00e9m sv\u011bt\u011b, ale n\u00e1zev Winstrol z\u016fstal nejpopul\u00e1rn\u011bj\u0161\u00ed a dob\u0159e zn\u00e1m\u00fd.<\/p>\n<p>Stanozolol je anabolick\u00fd steroid, kter\u00fd si mnohokr\u00e1t z\u00edskal pozornost sv\u011btov\u00fdch m\u00e9di\u00ed. Stanozolol je zdaleka jedn\u00edm z nejobl\u00edben\u011bj\u0161\u00edch anabolick\u00fdch steroid\u016f v\u0161ech dob; ve skute\u010dnosti je to jeden z m\u00e1la steroid\u016f, kter\u00e9 by u\u017eivatel, kter\u00fd nen\u00ed u\u017eivatelem steroidu, mohl b\u00fdt schopen pojmenovat.<\/p>\n<h3>Surov\u00fd stanozolol Winstrol Specifikace<\/h3>\n<p>Stanozolol Winstrol Assay: 99%<br \/>\nStanozolol Winstrol Dal\u0161\u00ed n\u00e1zev: Winstrol; Stromba ;<br \/>\nStanozolol Winstrol Vzhled: B\u00edl\u00fd krystalick\u00fd pr\u00e1\u0161ek<br \/>\nStanozolol Winstrol CAS: 10418-03-8<br \/>\nStanozolol Winstrol EINECS: 233-894-8<br \/>\nStanozolol Winstrol Molekul\u00e1rn\u00ed vzorec: C21H32N2O<br \/>\nStanozolol Winstrol Molekulov\u00e1 hmotnost: 328.49<br \/>\nStanozolol Winstrol MOQ: 100g<br \/>\nStanozolol Winstrol Pou\u017eit\u00ed: Indikov\u00e1n jako sympatikolytick\u00fd a mydriatick\u00fd prost\u0159edek.<br \/>\nStanozolol Winstrol Standard: ISO9001: Enterprisestandard\/ ISO9001<br \/>\nStanozolol Winstrol \u00da\u010dinn\u00e1 d\u00e1vka (mu\u017ei): 50-100mgs\/den<br \/>\nStanozolol Winstrol \u00da\u010dinn\u00e1 d\u00e1vka (\u017eeny): 2,5-10mgs\/den<br \/>\nStanozolol Winstrol Doba detekce: 3 t\u00fddny (peror\u00e1ln\u00ed) a\u017e 9 t\u00fddn\u016f (injek\u010dn\u00ed)<\/p>\n<h3>Co je surov\u00fd stanozolol Winstrol?<\/h3>\n<p>Winstrol nebo stanozolol je anabolick\u00fd steroid pou\u017e\u00edvan\u00fd k z\u00edsk\u00e1n\u00ed \u0161t\u00edhl\u00e9 a tvrd\u00e9. Pou\u017e\u00edv\u00e1 se hlavn\u011b jako peror\u00e1ln\u00ed b\u011bhem \u0159ezac\u00edch cykl\u016f ke ztr\u00e1t\u011b t\u011blesn\u00e9ho tuku. Je to varianta dihydrotestosteronu (DHT), tak\u017ee m\u016f\u017eete o\u010dek\u00e1vat podobn\u00e9 v\u00fdhody p\u0159i ztr\u00e1t\u011b tuku jako u jin\u00fdch steroid\u016f odvozen\u00fdch od DHT.<br \/>\nV\u00fdhody Winstrol\/Stanozolol<br \/>\nOdstra\u0148uje p\u0159ebyte\u010dnou vodu<br \/>\nZvy\u0161uje flexibilitu<br \/>\nZvy\u0161uje s\u00edlu<br \/>\nMetabolizace t\u011blesn\u00e9ho tuku<br \/>\nZlep\u0161uje hustotu sval\u016f<br \/>\nMaxim\u00e1ln\u00ed v\u00fdkon, rychlost a hbitost<\/p>\n<h3>Stanozolol\/Winstrol\/winny pr\u00e1\u0161ek Pou\u017eit\u00ed:<\/h3>\n<p>Pro sportovce zvy\u0161uj\u00edc\u00ed v\u00fdkonnost je nejb\u011b\u017en\u011bj\u0161\u00ed d\u00e1vka 25-50 mg\/den u mu\u017e\u016f.<br \/>\nKulturist\u00e9 obvykle u\u017e\u00edvaj\u00ed 50 mg.<br \/>\n5mg peror\u00e1ln\u00ed pr\u00e1\u0161ek Stanozolol je nejb\u011b\u017en\u011bj\u0161\u00ed d\u00e1vka pro \u017eeny, 20mg ka\u017ed\u00fd 3-4 den.<\/p>\n<h3>Surov\u00fd stanozolol Winstrol u mu\u017e\u016f a \u017een<\/h3>\n<p>Winstrol je velmi popul\u00e1rn\u00ed mezi v\u011bt\u0161inou v populaci u\u017e\u00edvaj\u00edc\u00ed steroidy. Je to v mnoha ohledech pom\u011brn\u011b m\u00edrn\u00fd anabolick\u00fd steroid, kter\u00fd mohou bezpe\u010dn\u011b pou\u017e\u00edvat mu\u017ei i \u017eeny. Stejn\u011b d\u016fle\u017eit\u00e9 je, \u017ee se uk\u00e1zalo, \u017ee je vysoce \u00fa\u010dinn\u00fd pro \u010detn\u00e9 snahy o zv\u00fd\u0161en\u00ed v\u00fdkonu. Je dlouhodob\u011b obl\u00edben\u00fd mezi sout\u011b\u017en\u00edmi kulturisty a sportovci zalo\u017een\u00fdmi na physique ve f\u00e1z\u00edch \u0159ez\u00e1n\u00ed nebo p\u0159\u00edpravy na sout\u011b\u017ee.<\/p>\n<p>Je to tak\u00e9 nejlep\u0161\u00ed steroid volby pro mnoho v\u00fdkonnostn\u00edch sportovc\u016f d\u00edky sv\u00e9 schopnosti podporovat s\u00edlu a vytrvalost bez ne\u017e\u00e1douc\u00ed hmoty.<\/p>\n<h3>Kde koupit Raw Stanozolol Winstrol kolem m\u011b<\/h3>\n<p>P\u0159i pohledu na p\u0159\u00edm\u00e9 funkce a vlastnosti Winstrol, je tu je\u0161t\u011b jedna ot\u00e1zka, kterou mus\u00edme diskutovat. Hormon stanozolol je jak injek\u010dn\u00ed, tak peror\u00e1ln\u00ed anabolick\u00fd steroid. Ob\u011b formy se skl\u00e1daj\u00ed ze stejn\u00e9ho identick\u00e9ho hormonu stanozololu. 1 mg jedn\u00e9 formy je stejn\u00fd jako 1 mg druh\u00e9 formy. N\u011bkter\u00e9 studie nazna\u010duj\u00ed, \u017ee peror\u00e1ln\u00ed Winstrol m\u016f\u017ee sn\u00ed\u017eit SHBG o n\u011bco v\u00edce ne\u017e jeho injek\u010dn\u00ed prot\u011bj\u0161ek, zat\u00edmco jin\u00ed \u0159\u00edkaj\u00ed, \u017ee injek\u010dn\u00ed formy mohou b\u00fdt o n\u011bco siln\u011bj\u0161\u00ed na celkov\u00e9m miligramu za miligram.<\/p>\n<p>Celkov\u011b se v\u0161ak zd\u00e1, \u017ee se jedn\u00e1 o sp\u00ed\u0161e nev\u00fdznamn\u00e9 rozd\u00edly, a\u0165 u\u017e jdou jak\u00fdmkoli sm\u011brem. Ve skute\u010dnosti by m\u011bl b\u00fdt jednotlivec schopen z\u00edskat stejn\u00e9 d\u00e1vky v obou form\u00e1ch.<\/p>\n<p>Dal\u0161\u00ed d\u016fle\u017eitou pozn\u00e1mkou, kter\u00e1 je \u010dasto \u0161patn\u011b ch\u00e1p\u00e1na u forem p\u0159\u00edpravku Winstrol, je povaha C17-aa. Jak peror\u00e1ln\u00ed, tak injek\u010dn\u00ed stanozolol jsou anabolick\u00e9 steroidy C17-aa. V\u011bt\u0161ina peror\u00e1ln\u00edch steroid\u016f je C17-aa, a zat\u00edmco injek\u010dn\u00ed steroidy jsou z\u0159\u00eddkakdy injek\u010dn\u00ed,e stanozolol je jednou z v\u00fdjimek. Injek\u010dn\u00ed forma se tak\u00e9 b\u011b\u017en\u011b ozna\u010duje jako Winstrol Depot.<\/p>","protected":false},"excerpt":{"rendered":"<p>Surov\u00fd stanozolol Winstrol<\/p>","protected":false},"featured_media":1750,"comment_status":"open","ping_status":"closed","template":"","meta":[],"product_brand":[],"product_cat":[390],"product_tag":[935,944,934,949,945,938,933,472,468,470,474,475,476,469,477,467,471,478,932,943,458,442,473,939,441,451,444,931,450,460,449,454,457,463,446,461,453,443,465,466,462,464,448,456,459,447,940,937,948,936,946,947,942,445,941,455,452],"class_list":{"0":"post-1749","1":"product","2":"type-product","3":"status-publish","4":"has-post-thumbnail","6":"product_cat-oral-steroids","7":"product_tag-aas-poland","8":"product_tag-aas-raw-materials-australia","9":"product_tag-aas-raws","10":"product_tag-anabolic-steroid-manufacturer-canada","11":"product_tag-anabolic-steroid-powders-online","12":"product_tag-best-steroid-powder-supplier-usa","13":"product_tag-buy-aas-raws-online","14":"product_tag-buy-anadrol-buy-stanozolol","15":"product_tag-buy-anavar","16":"product_tag-buy-dianabol","17":"product_tag-buy-fluoxymesterone","18":"product_tag-buy-halotestin","19":"product_tag-buy-mestanolone","20":"product_tag-buy-methandienone","21":"product_tag-buy-methyldrostanolone","22":"product_tag-buy-oxandrolone","23":"product_tag-buy-oxymetholone","24":"product_tag-buy-proviron","25":"product_tag-buy-raw-steroid-powders-online","26":"product_tag-buy-raw-steroids-china","27":"product_tag-buy-stanozolol-australia","28":"product_tag-buy-stanozolol-online","29":"product_tag-buy-winstrol","30":"product_tag-high-purity-anabolic-steroids-canada","31":"product_tag-oral-steroid-powders-stanozolol-powder-supplier","32":"product_tag-raw-anabolic-powder","33":"product_tag-raw-steroid-powder","34":"product_tag-raw-steroids-for-sale","35":"product_tag-stanozolol-benefits","36":"product_tag-stanozolol-brazil","37":"product_tag-stanozolol-buy-online","38":"product_tag-stanozolol-canada","39":"product_tag-stanozolol-china","40":"product_tag-stanozolol-factory","41":"product_tag-stanozolol-for-sale-uk","42":"product_tag-stanozolol-new-zealand","43":"product_tag-stanozolol-powder","44":"product_tag-stanozolol-powder-for-sale","45":"product_tag-stanozolol-powder-manufacturer","46":"product_tag-stanozolol-powder-sale","47":"product_tag-stanozolol-powder-suppliers","48":"product_tag-stanozolol-price","49":"product_tag-stanozolol-raw-steroid-powder-canada","50":"product_tag-stanozolol-uk","51":"product_tag-stanozolol-usa","52":"product_tag-steroid-powder-usa","53":"product_tag-steroid-raw-material-factory-europe","54":"product_tag-steroid-raws-online","55":"product_tag-steroid-raws-supplier-florida","56":"product_tag-supplier-usa","57":"product_tag-testosterone-raw-powder-poland","58":"product_tag-trenbolone-powder-thailand","59":"product_tag-trusted-steroid-raw-supplier-worldwide","60":"product_tag-where-buy-stanozolol-australia","61":"product_tag-wholesale-steroid-powders-australia","62":"product_tag-winstrol-buy-australia","63":"product_tag-winstrol-buy-uk","65":"first","66":"instock","67":"shipping-taxable","68":"product-type-simple"},"_links":{"self":[{"href":"https:\/\/shgotopharm.com\/cs\/wp-json\/wp\/v2\/product\/1749","targetHints":{"allow":["GET"]}}],"collection":[{"href":"https:\/\/shgotopharm.com\/cs\/wp-json\/wp\/v2\/product"}],"about":[{"href":"https:\/\/shgotopharm.com\/cs\/wp-json\/wp\/v2\/types\/product"}],"replies":[{"embeddable":true,"href":"https:\/\/shgotopharm.com\/cs\/wp-json\/wp\/v2\/comments?post=1749"}],"wp:featuredmedia":[{"embeddable":true,"href":"https:\/\/shgotopharm.com\/cs\/wp-json\/wp\/v2\/media\/1750"}],"wp:attachment":[{"href":"https:\/\/shgotopharm.com\/cs\/wp-json\/wp\/v2\/media?parent=1749"}],"wp:term":[{"taxonomy":"product_brand","embeddable":true,"href":"https:\/\/shgotopharm.com\/cs\/wp-json\/wp\/v2\/product_brand?post=1749"},{"taxonomy":"product_cat","embeddable":true,"href":"https:\/\/shgotopharm.com\/cs\/wp-json\/wp\/v2\/product_cat?post=1749"},{"taxonomy":"product_tag","embeddable":true,"href":"https:\/\/shgotopharm.com\/cs\/wp-json\/wp\/v2\/product_tag?post=1749"}],"curies":[{"name":"wp","href":"https:\/\/api.w.org\/{rel}","templated":true}]}}