{"id":1755,"date":"2025-10-30T15:25:10","date_gmt":"2025-10-30T15:25:10","guid":{"rendered":"https:\/\/shgotopharm.com\/?post_type=product&#038;p=1755"},"modified":"2025-12-13T09:49:46","modified_gmt":"2025-12-13T09:49:46","slug":"prasek-trenbolonu-enanthatu","status":"publish","type":"product","link":"https:\/\/shgotopharm.com\/cs\/product\/trenbolone-enanthate-powder\/","title":{"rendered":"Koupit trenbolonu Enanthate Powder"},"content":{"rendered":"<h2><a href=\"https:\/\/shgotopharm.com\/cs\/product\/prasek-trenbolonu-enanthatu\/\">Trenbolon Enanthate Powder<\/a><\/h2>\n<p>Trenbolon enanthate je hork\u00fd hork\u00fd prodejn\u00ed pr\u00e1\u0161ek trenbolonu. Trenbolon enanthate je syntetick\u00fd a injek\u010dn\u011b pod\u00e1van\u00fd anabolick\u00fd androgenn\u00ed steroid. Trenbolon enanthate se pou\u017e\u00edv\u00e1 hlavn\u011b pro \u00fa\u010dely kulturistiky, v\u010detn\u011b \u0159ez\u00e1n\u00ed a zv\u011bt\u0161ov\u00e1n\u00ed objemu.<\/p>\n<h3>Informace o trenbolonu Enanthate:<\/h3>\n<p>Trenbolon enanth\u00e1t CAS 10161-33-8<br \/>\nTrenbolon Enanthate Molekul\u00e1rn\u00ed vzorec: C25H34O3<br \/>\nSpecifikace trenbolonu Enanthate: Podnikov\u00e1 norma<br \/>\nTrenbolon Enanthate Popis: \u017elut\u00fd nebo t\u00e9m\u011b\u0159 \u017elut\u00fd krystalick\u00fd pr\u00e1\u0161ek<br \/>\nTrenbolon Enanthate Chemick\u00fd n\u00e1zev: 4,9,11-estratrien-17beta-ol-3-one Enanthate (Enant\u00e1t)<\/p>\n<h3>Trenbolon Enanthate Powder Pou\u017e\u00edv\u00e1<\/h3>\n<p>Trenbolon enanthate je dlouhodob\u011b uvol\u0148uj\u00edc\u00ed se podzemn\u00ed laboratorn\u011b vytvo\u0159en\u00fd odvar trenbolonu. Enanth\u00e1t je ester, kter\u00fd umo\u017e\u0148uje pomal\u00e9 uvol\u0148ov\u00e1n\u00ed trenbolonu do t\u011bla. Z l\u00e9ka\u0159sk\u00e9ho hlediska se z\u0159\u00eddka pou\u017e\u00edv\u00e1 u prim\u00e1rn\u00edho hypogonadismu, hypogonadotropn\u00edho hypogonadismu a opo\u017ed\u011bn\u00e9 puberty u mu\u017e\u016f.<br \/>\nU \u017een se trenbolon enanth\u00e1t pou\u017e\u00edv\u00e1 k l\u00e9\u010db\u011b metastazuj\u00edc\u00edho karcinomu prsu.<\/p>\n<h3>Trenbolon Enanthate pr\u00e1\u0161ek u mu\u017e\u016f a \u017een<\/h3>\n<p>Trenbolon je dob\u0159e zn\u00e1m\u00fd pro svou schopnost produkovat vysoce kvalitn\u00ed, such\u00e9 svalov\u00e9 zisky, stejn\u011b jako v\u00fdrazn\u011b zv\u00fd\u0161it s\u00edlu. A na rozd\u00edl od jin\u00fdch siln\u00fdch AAS, jako je Dianabol, jsou zisky realizovan\u00e9 z t\u00e9to slou\u010deniny snadno udr\u017eiteln\u00e9 po ukon\u010den\u00ed cyklu. Je pravd\u011bpodobn\u011bj\u0161\u00ed, \u017ee si udr\u017e\u00edte zisky dosa\u017een\u00e9 b\u011bhem cyklu trenbolonu ne\u017e u v\u011bt\u0161iny ostatn\u00edch steroid\u016f s podobnou \u00fa\u010dinnost\u00ed. Mezi dal\u0161\u00ed v\u00fdhody pat\u0159\u00ed tvrdost, nedostatek zadr\u017eov\u00e1n\u00ed vody, neschopnost p\u0159em\u011bny na estrogen, zv\u00fd\u0161en\u00e9 spalov\u00e1n\u00ed \/ ztr\u00e1ta tuku, lep\u0161\u00ed definice a zv\u00fd\u0161en\u00e1 agresivita. D\u00edky t\u011bmto v\u00fdhod\u00e1m je obl\u00edbenou volbou jak sout\u011b\u017en\u00edch, tak rekrea\u010dn\u00edch kulturist\u016f.<\/p>\n<h3>Trenbolon Enanthate V\u00fdhody:<\/h3>\n<p>Trenbolon Enanthate pom\u00e1h\u00e1 dos\u00e1hnout v\u00fdrazn\u00e9ho zlep\u0161en\u00ed v\u00fdkonu.<br \/>\nTrenbolon Enanthate pom\u00e1h\u00e1 zlep\u0161it hustotu kost\u00ed.<br \/>\nTrenbolon Enanthate pom\u00e1h\u00e1 zv\u00fd\u0161it libido (individu\u00e1ln\u011b);<br \/>\nTrenbolon Enanthate pom\u00e1h\u00e1 sni\u017eovat p\u0159irozen\u00fd kortizol.<br \/>\nTrenbolon Enanthate pom\u00e1h\u00e1 zv\u00fd\u0161it po\u010det \u010derven\u00fdch krvinek a hemoglobinu (v\u00edce kysl\u00edku do sval\u016f a dal\u0161\u00edch bun\u011bk).<br \/>\nTrenbolon Enanthate pom\u00e1h\u00e1 spalovat tuk (prost\u0159ednictv\u00edm faktor\u016f r\u016fstov\u00e9ho hormonu IGF-1);<br \/>\nTrenbolon Enanthate pom\u00e1h\u00e1 zlep\u0161it celkovou n\u00e1ladu a stav mysli.<br \/>\nTrenbolon Enanthate pom\u00e1h\u00e1 bez nadm\u011brn\u00e9ho zadr\u017eov\u00e1n\u00ed vody.<br \/>\nTrenbolon Enanthate pom\u00e1h\u00e1 zv\u00fd\u0161it kardiovaskul\u00e1rn\u00ed aktivitu (zv\u00fd\u0161en\u00e1 vytrvalost);<\/p>","protected":false},"excerpt":{"rendered":"<h2><a href=\"https:\/\/shgotopharm.com\/cs\/product\/prasek-trenbolonu-enanthatu\/\">Trenbolon Enanthate Powder<\/a><\/h2>\n<p>Trenbolon enanthate je hork\u00fd hork\u00fd prodejn\u00ed trenbolon steroidn\u00ed pr\u00e1\u0161ek<\/p>","protected":false},"featured_media":1756,"comment_status":"open","ping_status":"closed","template":"","meta":[],"product_brand":[],"product_cat":[24],"product_tag":[935,944,934,949,945,938,933,932,943,540,544,548,567,562,577,542,585,552,572,582,546,566,557,939,281,550,592,554,570,931,940,937,948,282,936,946,559,564,569,579,539,543,547,551,556,561,581,583,604,586,541,545,603,598,549,605,593,609,597,606,600,608,575,596,580,602,599,590,607,553,558,563,568,573,578,574,584,571,576,594,538,588,560,595,591,589,565,947,555,587,537,942,601,941],"class_list":{"0":"post-1755","1":"product","2":"type-product","3":"status-publish","4":"has-post-thumbnail","6":"product_cat-trenbolone","7":"product_tag-aas-poland","8":"product_tag-aas-raw-materials-australia","9":"product_tag-aas-raws","10":"product_tag-anabolic-steroid-manufacturer-canada","11":"product_tag-anabolic-steroid-powders-online","12":"product_tag-best-steroid-powder-supplier-usa","13":"product_tag-buy-aas-raws-online","14":"product_tag-buy-raw-steroid-powders-online","15":"product_tag-buy-raw-steroids-china","16":"product_tag-buy-tren-enanthate","17":"product_tag-buy-tren-enanthate-uk","18":"product_tag-buy-trenbolone-enanthate","19":"product_tag-buy-trenbolone-enanthate-brazil","20":"product_tag-buy-trenbolone-enanthate-canada","21":"product_tag-buy-trenbolone-enanthate-europe","22":"product_tag-buy-trenbolone-enanthate-mexico","23":"product_tag-buy-trenbolone-enanthate-online","24":"product_tag-buy-trenbolone-enanthate-powder","25":"product_tag-buy-trenbolone-enanthate-spain","26":"product_tag-buy-trenbolone-enanthate-sweden","27":"product_tag-buy-trenbolone-enanthate-switzerland","28":"product_tag-buy-trenbolone-enanthate-uk","29":"product_tag-buy-trenbolone-enanthate-usa","30":"product_tag-high-purity-anabolic-steroids-canada","31":"product_tag-hormone","32":"product_tag-how-to-make-trenbolone-enanthate-from-powder","33":"product_tag-inject-trenbolone-enanthate","34":"product_tag-parabola","35":"product_tag-quality-anabolic-steroid-powder","36":"product_tag-raw-steroids-for-sale","37":"product_tag-steroid-raw-material-factory-europe","38":"product_tag-steroid-raws-online","39":"product_tag-steroid-raws-supplier-florida","40":"product_tag-steroids","41":"product_tag-supplier-usa","42":"product_tag-testosterone-raw-powder-poland","43":"product_tag-tren-e","44":"product_tag-tren-e-powder","45":"product_tag-tren-e-powder-conversion","46":"product_tag-tren-e-powder-recipe","47":"product_tag-tren-enanthate","48":"product_tag-tren-enanthate-200","49":"product_tag-tren-enanthate-200-mg","50":"product_tag-tren-enanthate-cycle","51":"product_tag-tren-enanthate-for-sale-uk","52":"product_tag-tren-enanthate-half-life","53":"product_tag-tren-enanthate-powder","54":"product_tag-tren-enanthate-powder-conversion","55":"product_tag-trenbolone-enanthat-recipe","56":"product_tag-trenbolone-enanthate","57":"product_tag-trenbolone-enanthate-200","58":"product_tag-trenbolone-enanthate-200mg","59":"product_tag-trenbolone-enanthate-benefits","60":"product_tag-trenbolone-enanthate-brazil","61":"product_tag-trenbolone-enanthate-buy","62":"product_tag-trenbolone-enanthate-buy-online","63":"product_tag-trenbolone-enanthate-canada","64":"product_tag-trenbolone-enanthate-china","65":"product_tag-trenbolone-enanthate-cycle","66":"product_tag-trenbolone-enanthate-dosage","67":"product_tag-trenbolone-enanthate-dose","68":"product_tag-trenbolone-enanthate-factory","69":"product_tag-trenbolone-enanthate-for-sale","70":"product_tag-trenbolone-enanthate-hormone","71":"product_tag-trenbolone-enanthate-manufacturer","72":"product_tag-trenbolone-enanthate-melting-point","73":"product_tag-trenbolone-enanthate-new-zealand","74":"product_tag-trenbolone-enanthate-oil","75":"product_tag-trenbolone-enanthate-online","76":"product_tag-trenbolone-enanthate-powder","77":"product_tag-trenbolone-enanthate-powder-conversion","78":"product_tag-trenbolone-enanthate-powder-for-sale","79":"product_tag-trenbolone-enanthate-powder-price","80":"product_tag-trenbolone-enanthate-price","81":"product_tag-trenbolone-enanthate-raw-powder","82":"product_tag-trenbolone-enanthate-results","83":"product_tag-trenbolone-enanthate-reviews","84":"product_tag-trenbolone-enanthate-source","85":"product_tag-trenbolone-enanthate-stack","86":"product_tag-trenbolone-enanthate-steroid","87":"product_tag-trenbolone-enanthate-steroids","88":"product_tag-trenbolone-enanthate-supplier","89":"product_tag-trenbolone-enanthate-suppliers","90":"product_tag-trenbolone-enanthate-sweden","91":"product_tag-trenbolone-enanthate-uk","92":"product_tag-trenbolone-enanthate-usa","93":"product_tag-trenbolone-enanthate-wholesale","94":"product_tag-trenbolone-powder-thailand","95":"product_tag-trenbolone-powders-aas","96":"product_tag-trenbolone-powders-how-to-use-trenbolone-enanthate","97":"product_tag-trenbolone-raw-powders-buy-trenbolone-enanthate-poland","98":"product_tag-trusted-steroid-raw-supplier-worldwide","99":"product_tag-what-is-trenbolone-enanthate","100":"product_tag-wholesale-steroid-powders-australia","102":"first","103":"instock","104":"shipping-taxable","105":"product-type-simple"},"_links":{"self":[{"href":"https:\/\/shgotopharm.com\/cs\/wp-json\/wp\/v2\/product\/1755","targetHints":{"allow":["GET"]}}],"collection":[{"href":"https:\/\/shgotopharm.com\/cs\/wp-json\/wp\/v2\/product"}],"about":[{"href":"https:\/\/shgotopharm.com\/cs\/wp-json\/wp\/v2\/types\/product"}],"replies":[{"embeddable":true,"href":"https:\/\/shgotopharm.com\/cs\/wp-json\/wp\/v2\/comments?post=1755"}],"wp:featuredmedia":[{"embeddable":true,"href":"https:\/\/shgotopharm.com\/cs\/wp-json\/wp\/v2\/media\/1756"}],"wp:attachment":[{"href":"https:\/\/shgotopharm.com\/cs\/wp-json\/wp\/v2\/media?parent=1755"}],"wp:term":[{"taxonomy":"product_brand","embeddable":true,"href":"https:\/\/shgotopharm.com\/cs\/wp-json\/wp\/v2\/product_brand?post=1755"},{"taxonomy":"product_cat","embeddable":true,"href":"https:\/\/shgotopharm.com\/cs\/wp-json\/wp\/v2\/product_cat?post=1755"},{"taxonomy":"product_tag","embeddable":true,"href":"https:\/\/shgotopharm.com\/cs\/wp-json\/wp\/v2\/product_tag?post=1755"}],"curies":[{"name":"wp","href":"https:\/\/api.w.org\/{rel}","templated":true}]}}