{"id":1757,"date":"2025-10-30T15:53:47","date_gmt":"2025-10-30T15:53:47","guid":{"rendered":"https:\/\/shgotopharm.com\/?post_type=product&#038;p=1757"},"modified":"2025-11-10T10:06:05","modified_gmt":"2025-11-10T10:06:05","slug":"raw-boldenone-acetate-powder","status":"publish","type":"product","link":"https:\/\/shgotopharm.com\/cs\/product\/raw-boldenone-acetate-powder\/","title":{"rendered":"Surov\u00fd boldenon acet\u00e1tov\u00fd pr\u00e1\u0161ek"},"content":{"rendered":"<h2 data-start=\"850\" data-end=\"890\"><strong data-start=\"854\" data-end=\"890\"> Surov\u00fd boldenon acet\u00e1tov\u00fd pr\u00e1\u0161ek<\/strong><\/h2>\n<h4 data-start=\"892\" data-end=\"917\"><strong data-start=\"897\" data-end=\"917\">P\u0159ehled produkt\u016f<\/strong><\/h4>\n<p data-start=\"918\" data-end=\"1295\"><strong data-start=\"918\" data-end=\"950\">Surov\u00fd boldenon acet\u00e1tov\u00fd pr\u00e1\u0161ek<\/strong> je vysoce \u010dist\u00e1 b\u00edl\u00e1 krystalick\u00e1 anabolick\u00e1 slou\u010denina, kter\u00e1 se \u0161iroce pou\u017e\u00edv\u00e1 ve v\u00fdzkumu a veterin\u00e1rn\u00edch aplikac\u00edch. Je zn\u00e1m\u00e1 pro svou schopnost <strong data-start=\"1082\" data-end=\"1161\">zvy\u0161uje retenci dus\u00edku, zvy\u0161uje synt\u00e9zu b\u00edlkovin, stimuluje chu\u0165 k j\u00eddlu,<\/strong> a <strong data-start=\"1166\" data-end=\"1203\">podporuj\u00ed tvorbu \u010derven\u00fdch krvinek<\/strong>, tato slou\u010denina p\u0159in\u00e1\u0161\u00ed siln\u00e9 anabolick\u00e9 \u00fa\u010dinky, kter\u00e9 napom\u00e1haj\u00ed regeneraci a r\u016fstu sval\u016f.<\/p>\n<p data-start=\"1297\" data-end=\"1571\">P\u016fvodn\u011b byl formulov\u00e1n pro <strong data-start=\"1323\" data-end=\"1341\">veterin\u00e1rn\u00ed pou\u017eit\u00ed<\/strong>, Boldenon acet\u00e1t z\u016fst\u00e1v\u00e1 jednou z nej\u00fa\u010dinn\u011bj\u0161\u00edch v\u00fdzkumn\u00fdch slou\u010denin pro studium <strong data-start=\"1427\" data-end=\"1463\">anabolick\u00e1 a androgenn\u00ed aktivita<\/strong>. Jeho <strong data-start=\"1469\" data-end=\"1499\">kr\u00e1tkodob\u011b p\u016fsob\u00edc\u00ed acet\u00e1tov\u00fd ester<\/strong> poskytuje rychlou absorpci a rychlej\u0161\u00ed v\u00fdsledky ve srovn\u00e1n\u00ed s del\u0161\u00edmi estery.<\/p>\n<p data-start=\"1297\" data-end=\"1571\">\n<h3><strong data-start=\"854\" data-end=\"890\">Specifikace surov\u00e9ho pr\u00e1\u0161ku Boldenon acet\u00e1tu<\/strong><\/h3>\n<table width=\"674\">\n<tbody>\n<tr>\n<td width=\"187\">Test<\/td>\n<td colspan=\"5\" width=\"331\">Specifikace<\/td>\n<td colspan=\"2\" width=\"156\">V\u00fdsledky<\/td>\n<\/tr>\n<tr>\n<td width=\"187\">Popis<\/td>\n<td colspan=\"5\" width=\"331\">B\u00edl\u00fd nebo t\u00e9m\u011b\u0159 b\u00edl\u00fd krystalick\u00fd pr\u00e1\u0161ek<\/td>\n<td colspan=\"2\" width=\"156\">v souladu s<\/td>\n<\/tr>\n<tr>\n<td width=\"187\">Test<\/td>\n<td colspan=\"5\" width=\"331\">98%min<\/td>\n<td colspan=\"2\" width=\"156\">98.83%<\/td>\n<\/tr>\n<tr>\n<td width=\"187\">Bod t\u00e1n\u00ed<\/td>\n<td colspan=\"5\" width=\"331\">148\u2103 ~ 155\u2103<\/td>\n<td colspan=\"2\" width=\"156\">149.0\u2103~153.0\u2103<\/td>\n<\/tr>\n<tr>\n<td width=\"187\">Ztr\u00e1ta p\u0159i su\u0161en\u00ed<\/td>\n<td colspan=\"5\" width=\"331\">0,5%max<\/td>\n<td colspan=\"2\" width=\"156\">0.20%<\/td>\n<\/tr>\n<tr>\n<td width=\"187\">Souvisej\u00edc\u00ed l\u00e1tka<\/td>\n<td colspan=\"5\" width=\"331\">Jak\u00e1koli jednotliv\u00e1 ne\u010distota :1.0%max<\/td>\n<td colspan=\"2\" width=\"156\">&lt;1.0%<\/td>\n<\/tr>\n<tr>\n<td width=\"187\">Z\u00e1v\u011br<\/td>\n<td colspan=\"7\" width=\"487\">Specifikace je v souladu se standardem Enterprise Standard<\/td>\n<\/tr>\n<\/tbody>\n<\/table>\n<hr data-start=\"1573\" data-end=\"1576\" \/>\n<h3 data-start=\"1578\" data-end=\"1614\"><strong data-start=\"1582\" data-end=\"1614\">H2: Kl\u00ed\u010dov\u00e9 vlastnosti a \u00fa\u010dinky<\/strong><\/h3>\n<ul data-start=\"1615\" data-end=\"1919\">\n<li data-start=\"1615\" data-end=\"1669\">\n<p data-start=\"1617\" data-end=\"1669\">Rychle p\u016fsob\u00edc\u00ed anabolick\u00fd profil d\u00edky esteru acet\u00e1tu<\/p>\n<\/li>\n<li data-start=\"1670\" data-end=\"1728\">\n<p data-start=\"1672\" data-end=\"1728\">Podporuje <strong data-start=\"1681\" data-end=\"1703\">r\u016fst svalov\u00e9 hmoty<\/strong> a zachov\u00e1n\u00ed pevnosti<\/p>\n<\/li>\n<li data-start=\"1729\" data-end=\"1789\">\n<p data-start=\"1731\" data-end=\"1789\">Zlep\u0161uje <strong data-start=\"1740\" data-end=\"1760\">bilance dus\u00edku<\/strong> a <strong data-start=\"1765\" data-end=\"1787\">metabolismus b\u00edlkovin<\/strong><\/p>\n<\/li>\n<li data-start=\"1790\" data-end=\"1856\">\n<p data-start=\"1792\" data-end=\"1856\">Ide\u00e1ln\u00ed pro <strong data-start=\"1802\" data-end=\"1827\">kr\u00e1tk\u00e9 v\u00fdzkumn\u00e9 cykly<\/strong> nebo studie rychl\u00e9 clearance<\/p>\n<\/li>\n<li data-start=\"1857\" data-end=\"1919\">\n<p data-start=\"1859\" data-end=\"1919\">Univerz\u00e1ln\u00ed sm\u011bs pro <strong data-start=\"1887\" data-end=\"1910\">\u0159ez\u00e1n\u00ed a zv\u011bt\u0161ov\u00e1n\u00ed objemu<\/strong> f\u00e1ze<\/p>\n<\/li>\n<\/ul>\n<p data-start=\"1921\" data-end=\"2073\">Na str\u00e1nk\u00e1ch <strong data-start=\"1925\" data-end=\"1957\">Surov\u00fd boldenon acet\u00e1tov\u00fd pr\u00e1\u0161ek<\/strong> slo\u017een\u00ed zaji\u0161\u0165uje konzistentn\u00ed a stabiln\u00ed rozvoj svalov\u00e9 tk\u00e1n\u011b a z\u00e1rove\u0148 minimalizuje ne\u017e\u00e1douc\u00ed estrogenn\u00ed vedlej\u0161\u00ed \u00fa\u010dinky.<\/p>\n<hr data-start=\"2075\" data-end=\"2078\" \/>\n<h3 data-start=\"2080\" data-end=\"2132\"><strong data-start=\"2084\" data-end=\"2132\">H2: V\u00fdhody surov\u00e9ho boldenon acet\u00e1tov\u00e9ho pr\u00e1\u0161ku<\/strong><\/h3>\n<ul data-start=\"2133\" data-end=\"2530\">\n<li data-start=\"2133\" data-end=\"2219\">\n<p data-start=\"2135\" data-end=\"2219\"><strong data-start=\"2135\" data-end=\"2157\">N\u00edzk\u00e1 aromatizace:<\/strong> Sni\u017euje estrogenn\u00ed \u00fa\u010dinky, jako je nad\u00fdm\u00e1n\u00ed nebo gynekomastie.<\/p>\n<\/li>\n<li data-start=\"2220\" data-end=\"2300\">\n<p data-start=\"2222\" data-end=\"2300\"><strong data-start=\"2222\" data-end=\"2253\">Zlep\u0161en\u00e1 synt\u00e9za protein\u016f:<\/strong> Zlep\u0161uje p\u0159\u00edsun \u017eivin a obnovu sval\u016f<\/p>\n<\/li>\n<li data-start=\"2301\" data-end=\"2380\">\n<p data-start=\"2303\" data-end=\"2380\"><strong data-start=\"2303\" data-end=\"2338\">Zv\u00fd\u0161en\u00fd po\u010det \u010derven\u00fdch krvinek:<\/strong> Podporuje p\u0159enos kysl\u00edku a vytrvalost<\/p>\n<\/li>\n<li data-start=\"2381\" data-end=\"2455\">\n<p data-start=\"2383\" data-end=\"2455\"><strong data-start=\"2383\" data-end=\"2405\">Zv\u00fd\u0161en\u00e1 chu\u0165 k j\u00eddlu:<\/strong> Usnad\u0148uje p\u0159\u00edjem kalori\u00ed pro trval\u00fd r\u016fst<\/p>\n<\/li>\n<li data-start=\"2456\" data-end=\"2530\">\n<p data-start=\"2458\" data-end=\"2530\"><strong data-start=\"2458\" data-end=\"2488\">Stabiln\u00ed a trval\u00e9 zisky:<\/strong> Ide\u00e1ln\u00ed pro dlouhodob\u00e9 studie v\u00fdkonnosti<\/p>\n<\/li>\n<\/ul>\n<hr data-start=\"2532\" data-end=\"2535\" \/>\n<h3 data-start=\"2537\" data-end=\"2573\"><strong data-start=\"2541\" data-end=\"2573\">H2: Aplikace ve v\u00fdzkumu<\/strong><\/h3>\n<p data-start=\"2574\" data-end=\"2888\">B\u011b\u017en\u011b se ozna\u010duje jako <strong data-start=\"2598\" data-end=\"2624\">Kr\u00e1tkodob\u00fd Equipoise<\/strong>, <strong data-start=\"2626\" data-end=\"2658\">Surov\u00fd boldenon acet\u00e1tov\u00fd pr\u00e1\u0161ek<\/strong> je \u010dasto studov\u00e1n pro svou roli v <strong data-start=\"2697\" data-end=\"2760\">svalov\u00fd metabolismus, anabolick\u00e1 rovnov\u00e1ha a zadr\u017eov\u00e1n\u00ed dus\u00edku.<\/strong>.<br data-start=\"2761\" data-end=\"2764\" \/>D\u00edky sv\u00fdm vlastnostem je vynikaj\u00edc\u00ed modelovou slou\u010deninou pro pochopen\u00ed <strong data-start=\"2833\" data-end=\"2864\">anabolick\u00e9 steroidy mechanismy<\/strong> v laboratorn\u00edch podm\u00ednk\u00e1ch.<\/p>\n<p data-start=\"2890\" data-end=\"3056\"><strong data-start=\"2890\" data-end=\"2911\">D\u016fle\u017eit\u00e9 upozorn\u011bn\u00ed:<\/strong><br data-start=\"2911\" data-end=\"2914\" \/>Tento v\u00fdrobek se prod\u00e1v\u00e1 v\u00fdhradn\u011b pro <strong data-start=\"2948\" data-end=\"2986\">laboratorn\u00ed a v\u011bdeck\u00fd v\u00fdzkum<\/strong> \u00fa\u010dely. Je to <strong data-start=\"3003\" data-end=\"3055\">neschv\u00e1len\u00e9 pro lidskou nebo veterin\u00e1rn\u00ed spot\u0159ebu<\/strong>.<\/p>\n<hr data-start=\"3058\" data-end=\"3061\" \/>\n<h3 data-start=\"3063\" data-end=\"3097\"><strong data-start=\"3067\" data-end=\"3097\">H3: Specifikace produktu<\/strong><\/h3>\n<ul data-start=\"3098\" data-end=\"3316\">\n<li data-start=\"3098\" data-end=\"3138\">\n<p data-start=\"3100\" data-end=\"3138\"><strong data-start=\"3100\" data-end=\"3118\">Chemick\u00fd n\u00e1zev:<\/strong> Boldenon acet\u00e1t<\/p>\n<\/li>\n<li data-start=\"3139\" data-end=\"3183\">\n<p data-start=\"3141\" data-end=\"3183\"><strong data-start=\"3141\" data-end=\"3156\">Vzhled:<\/strong> B\u00edl\u00fd krystalick\u00fd pr\u00e1\u0161ek<\/p>\n<\/li>\n<li data-start=\"3184\" data-end=\"3205\">\n<p data-start=\"3186\" data-end=\"3205\"><strong data-start=\"3186\" data-end=\"3197\">\u010cistota:<\/strong> \u2265 99%<\/p>\n<\/li>\n<li data-start=\"3206\" data-end=\"3241\">\n<p data-start=\"3208\" data-end=\"3241\"><strong data-start=\"3208\" data-end=\"3230\">Molekul\u00e1rn\u00ed vzorec:<\/strong> C21H28O3<\/p>\n<\/li>\n<li data-start=\"3242\" data-end=\"3316\">\n<p data-start=\"3244\" data-end=\"3316\"><strong data-start=\"3244\" data-end=\"3256\">Skladov\u00e1n\u00ed:<\/strong> Uchov\u00e1vejte v chladn\u00e9m a such\u00e9m prost\u0159ed\u00ed mimo dosah p\u0159\u00edm\u00e9ho slune\u010dn\u00edho z\u00e1\u0159en\u00ed.<\/p>\n<\/li>\n<\/ul>\n<hr data-start=\"3318\" data-end=\"3321\" \/>\n<h3 data-start=\"3323\" data-end=\"3378\"><strong data-start=\"3327\" data-end=\"3378\">H2: Pro\u010d si vybrat n\u00e1\u0161 surov\u00fd boldenon acet\u00e1tov\u00fd pr\u00e1\u0161ek<\/strong><\/h3>\n<p data-start=\"3379\" data-end=\"3608\">Poskytujeme <strong data-start=\"3390\" data-end=\"3433\">v\u00fdzkumn\u00e9 slou\u010deniny farmaceutick\u00e9 kvality<\/strong> kter\u00e9 spl\u0148uj\u00ed mezin\u00e1rodn\u00ed normy kvality. Ka\u017ed\u00e1 \u0161ar\u017ee <strong data-start=\"3491\" data-end=\"3523\">Surov\u00fd boldenon acet\u00e1tov\u00fd pr\u00e1\u0161ek<\/strong> je testov\u00e1na na \u010distotu, identitu a konzistenci, aby byly zaji\u0161t\u011bny spolehliv\u00e9 v\u00fdsledky v\u00fdzkumu.<\/p>\n<p>&nbsp;<\/p>","protected":false},"excerpt":{"rendered":"<p>Koupit surov\u00fd pr\u00e1\u0161ek Boldenone Acetate - prvot\u0159\u00eddn\u00ed anabolick\u00e1 v\u00fdzkumn\u00e1 slou\u010denina. Podporuje synt\u00e9zu b\u00edlkovin, r\u016fst sval\u016f a s\u00edlu ve v\u011bdeck\u00fdch studi\u00edch.<\/p>","protected":false},"featured_media":1758,"comment_status":"open","ping_status":"closed","template":"","meta":[],"product_brand":[],"product_cat":[389],"product_tag":[935,944,934,949,945,938,632,649,635,650,641,654,657,656,636,646,612,655,618,648,615,622,638,628,633,639,642,613,630,620,647,653,651,626,645,610,624,933,619,637,614,640,611,634,629,617,625,616,621,643,627,631,932,943,939,623,644,931,940,937,948,282,936,946,947,942,652,941],"class_list":{"0":"post-1757","1":"product","2":"type-product","3":"status-publish","4":"has-post-thumbnail","6":"product_cat-boldenone","7":"product_tag-aas-poland","8":"product_tag-aas-raw-materials-australia","9":"product_tag-aas-raws","10":"product_tag-anabolic-steroid-manufacturer-canada","11":"product_tag-anabolic-steroid-powders-online","12":"product_tag-best-steroid-powder-supplier-usa","13":"product_tag-boldenone-acetate","14":"product_tag-boldenone-acetate-benefits","15":"product_tag-boldenone-acetate-bodybuilding","16":"product_tag-boldenone-acetate-brazil","17":"product_tag-boldenone-acetate-buy","18":"product_tag-boldenone-acetate-canada","19":"product_tag-boldenone-acetate-china","20":"product_tag-boldenone-acetate-cycle","21":"product_tag-boldenone-acetate-dosage","22":"product_tag-boldenone-acetate-factory","23":"product_tag-boldenone-acetate-for-sale","24":"product_tag-boldenone-acetate-half-life","25":"product_tag-boldenone-acetate-manufacturer","26":"product_tag-boldenone-acetate-new-zealand","27":"product_tag-boldenone-acetate-oral","28":"product_tag-boldenone-acetate-powder","29":"product_tag-boldenone-acetate-price","30":"product_tag-boldenone-acetate-profile","31":"product_tag-boldenone-acetate-recipe","32":"product_tag-boldenone-acetate-reddit","33":"product_tag-boldenone-acetate-results","34":"product_tag-boldenone-acetate-reviews","35":"product_tag-boldenone-acetate-source","36":"product_tag-boldenone-acetate-supplier","37":"product_tag-boldenone-acetate-sweden","38":"product_tag-boldenone-acetate-uk","39":"product_tag-boldenone-acetate-usa","40":"product_tag-boldenone-acetate-vs-boldenone-undecylenate","41":"product_tag-boldenone-powders-boldenone-acetate-powder","42":"product_tag-boldenone-raw-powders-boldenone-acetate-steroid","43":"product_tag-boldenone-raws-anabolic-steroid-hormone","44":"product_tag-buy-aas-raws-online","45":"product_tag-buy-boldenone-acetate","46":"product_tag-buy-boldenone-acetate-australia","47":"product_tag-buy-boldenone-acetate-brazil","48":"product_tag-buy-boldenone-acetate-canada","49":"product_tag-buy-boldenone-acetate-europe","50":"product_tag-buy-boldenone-acetate-france","51":"product_tag-buy-boldenone-acetate-india","52":"product_tag-buy-boldenone-acetate-mexico","53":"product_tag-buy-boldenone-acetate-poland","54":"product_tag-buy-boldenone-acetate-powder","55":"product_tag-buy-boldenone-acetate-sweden","56":"product_tag-buy-boldenone-acetate-switzerland","57":"product_tag-buy-boldenone-acetate-uk","58":"product_tag-buy-boldenone-acetate-usa","59":"product_tag-buy-raw-steroid-powders-online","60":"product_tag-buy-raw-steroids-china","61":"product_tag-high-purity-anabolic-steroids-canada","62":"product_tag-injectable-boldenone-acetate-liver","63":"product_tag-raw-boldenone-acetate-powder","64":"product_tag-raw-steroids-for-sale","65":"product_tag-steroid-raw-material-factory-europe","66":"product_tag-steroid-raws-online","67":"product_tag-steroid-raws-supplier-florida","68":"product_tag-steroids","69":"product_tag-supplier-usa","70":"product_tag-testosterone-raw-powder-poland","71":"product_tag-trenbolone-powder-thailand","72":"product_tag-trusted-steroid-raw-supplier-worldwide","73":"product_tag-where-to-buy-boldenone-acetate-boldenone-acetate-color","74":"product_tag-wholesale-steroid-powders-australia","76":"first","77":"instock","78":"shipping-taxable","79":"product-type-simple"},"_links":{"self":[{"href":"https:\/\/shgotopharm.com\/cs\/wp-json\/wp\/v2\/product\/1757","targetHints":{"allow":["GET"]}}],"collection":[{"href":"https:\/\/shgotopharm.com\/cs\/wp-json\/wp\/v2\/product"}],"about":[{"href":"https:\/\/shgotopharm.com\/cs\/wp-json\/wp\/v2\/types\/product"}],"replies":[{"embeddable":true,"href":"https:\/\/shgotopharm.com\/cs\/wp-json\/wp\/v2\/comments?post=1757"}],"wp:featuredmedia":[{"embeddable":true,"href":"https:\/\/shgotopharm.com\/cs\/wp-json\/wp\/v2\/media\/1758"}],"wp:attachment":[{"href":"https:\/\/shgotopharm.com\/cs\/wp-json\/wp\/v2\/media?parent=1757"}],"wp:term":[{"taxonomy":"product_brand","embeddable":true,"href":"https:\/\/shgotopharm.com\/cs\/wp-json\/wp\/v2\/product_brand?post=1757"},{"taxonomy":"product_cat","embeddable":true,"href":"https:\/\/shgotopharm.com\/cs\/wp-json\/wp\/v2\/product_cat?post=1757"},{"taxonomy":"product_tag","embeddable":true,"href":"https:\/\/shgotopharm.com\/cs\/wp-json\/wp\/v2\/product_tag?post=1757"}],"curies":[{"name":"wp","href":"https:\/\/api.w.org\/{rel}","templated":true}]}}