{"id":1759,"date":"2025-10-30T16:19:05","date_gmt":"2025-10-30T16:19:05","guid":{"rendered":"https:\/\/shgotopharm.com\/?post_type=product&#038;p=1759"},"modified":"2025-11-10T10:05:57","modified_gmt":"2025-11-10T10:05:57","slug":"lgd-4033-ligandrol-powder","status":"publish","type":"product","link":"https:\/\/shgotopharm.com\/cs\/product\/lgd-4033-ligandrol-powder\/","title":{"rendered":"LGD-4033 Ligandrol pr\u00e1\u0161ek pro ztr\u00e1tu tuku"},"content":{"rendered":"<h2 data-start=\"385\" data-end=\"491\"><strong data-start=\"391\" data-end=\"491\">LGD-4033 Ligandrol pr\u00e1\u0161ek pro odbour\u00e1v\u00e1n\u00ed tuk\u016f a kulturistiku | Pr\u00e9miov\u00e1 tov\u00e1rna na hormony SARMs<\/strong><\/h2>\n<h3 data-start=\"493\" data-end=\"517\"><strong data-start=\"497\" data-end=\"517\">P\u0159ehled produkt\u016f<\/strong><\/h3>\n<p data-start=\"518\" data-end=\"945\"><strong data-start=\"518\" data-end=\"549\">LGD-4033 Ligandrol pr\u00e1\u0161ek<\/strong>, zn\u00e1m\u00fd tak\u00e9 jako <strong data-start=\"565\" data-end=\"579\">Anabolicum<\/strong>, je <strong data-start=\"586\" data-end=\"661\">vysoce \u010dist\u00fd nesteroidn\u00ed selektivn\u00ed modul\u00e1tor androgenn\u00edch receptor\u016f (SARM)<\/strong> je zn\u00e1m\u00fd sv\u00fdm siln\u00fdm anabolick\u00fdm potenci\u00e1lem a v\u00fdjime\u010dn\u00fdmi \u00fa\u010dinky na zachov\u00e1n\u00ed svalov\u00e9 hmoty.<br data-start=\"749\" data-end=\"752\" \/>S <strong data-start=\"759\" data-end=\"782\">\u00farove\u0148 \u010distoty 98%<\/strong>, tato farmaceutick\u00e1 slou\u010denina je ur\u010dena pro <strong data-start=\"837\" data-end=\"862\">v\u00fdzkumn\u00e9 aplikace<\/strong> zkoum\u00e1n\u00ed rozvoje sval\u016f, l\u00e9\u010dby osteopor\u00f3zy a zlep\u0161en\u00ed metabolismu.<\/p>\n<p data-start=\"947\" data-end=\"1245\"><strong data-start=\"947\" data-end=\"978\">LGD-4033 Ligandrol pr\u00e1\u0161ek<\/strong> si z\u00edskala pozornost v\u011bdeck\u00e9 a v\u00fdzkumn\u00e9 komunity v oblasti fitness pro svou schopnost <strong data-start=\"1068\" data-end=\"1160\">stimuluj\u00ed r\u016fst svalov\u00e9 hmoty, zvy\u0161uj\u00ed hustotu kostn\u00edch miner\u00e1l\u016f a urychluj\u00ed redukci tuku.<\/strong> - to v\u0161e bez ne\u017e\u00e1douc\u00edch vedlej\u0161\u00edch \u00fa\u010dink\u016f, kter\u00e9 jsou obvykle spojeny s anabolick\u00fdmi steroidy.<\/p>\n<hr data-start=\"1247\" data-end=\"1250\" \/>\n<h3 data-start=\"1252\" data-end=\"1277\"><strong data-start=\"1256\" data-end=\"1277\">Z\u00e1kladn\u00ed informace<\/strong><\/h3>\n<div class=\"_tableContainer_1rjym_1\">\n<div class=\"group _tableWrapper_1rjym_13 flex w-fit flex-col-reverse\" tabindex=\"-1\">\n<table class=\"w-fit min-w-(--thread-content-width)\" data-start=\"1278\" data-end=\"2056\">\n<thead data-start=\"1278\" data-end=\"1309\">\n<tr data-start=\"1278\" data-end=\"1309\">\n<th data-start=\"1278\" data-end=\"1294\" data-col-size=\"sm\"><strong data-start=\"1280\" data-end=\"1293\">Parametr<\/strong><\/th>\n<th data-start=\"1294\" data-end=\"1309\" data-col-size=\"md\"><strong data-start=\"1296\" data-end=\"1307\">Podrobnosti na<\/strong><\/th>\n<\/tr>\n<\/thead>\n<tbody data-start=\"1343\" data-end=\"2056\">\n<tr data-start=\"1343\" data-end=\"1394\">\n<td data-start=\"1343\" data-end=\"1363\" data-col-size=\"sm\"><strong data-start=\"1345\" data-end=\"1362\">N\u00e1zev produktu:<\/strong><\/td>\n<td data-col-size=\"md\" data-start=\"1363\" data-end=\"1394\">LGD-4033 (Ligandrol) pr\u00e1\u0161ek<\/td>\n<\/tr>\n<tr data-start=\"1395\" data-end=\"1424\">\n<td data-start=\"1395\" data-end=\"1409\" data-col-size=\"sm\"><strong data-start=\"1397\" data-end=\"1408\">\u010cistota:<\/strong><\/td>\n<td data-col-size=\"md\" data-start=\"1409\" data-end=\"1424\">98% minim\u00e1ln\u011b<\/td>\n<\/tr>\n<tr data-start=\"1425\" data-end=\"1459\">\n<td data-start=\"1425\" data-end=\"1443\" data-col-size=\"sm\"><strong data-start=\"1427\" data-end=\"1442\">\u010c\u00edslo CAS:<\/strong><\/td>\n<td data-col-size=\"md\" data-start=\"1443\" data-end=\"1459\">1165910-22-4<\/td>\n<\/tr>\n<tr data-start=\"1460\" data-end=\"1513\">\n<td data-start=\"1460\" data-end=\"1478\" data-col-size=\"sm\"><strong data-start=\"1462\" data-end=\"1477\">Vzhled:<\/strong><\/td>\n<td data-col-size=\"md\" data-start=\"1478\" data-end=\"1513\">Sv\u011btle \u017elut\u00fd krystalick\u00fd pr\u00e1\u0161ek<\/td>\n<\/tr>\n<tr data-start=\"1514\" data-end=\"1543\">\n<td data-start=\"1514\" data-end=\"1532\" data-col-size=\"sm\"><strong data-start=\"1516\" data-end=\"1531\">Doba pou\u017eitelnosti:<\/strong><\/td>\n<td data-col-size=\"md\" data-start=\"1532\" data-end=\"1543\">2 roky<\/td>\n<\/tr>\n<tr data-start=\"1544\" data-end=\"1592\">\n<td data-start=\"1544\" data-end=\"1557\" data-col-size=\"sm\"><strong data-start=\"1546\" data-end=\"1556\">T\u0159\u00edda:<\/strong><\/td>\n<td data-col-size=\"md\" data-start=\"1557\" data-end=\"1592\">Farmaceutick\u00e1 \/ v\u00fdzkumn\u00e1 t\u0159\u00edda<\/td>\n<\/tr>\n<tr data-start=\"1593\" data-end=\"1629\">\n<td data-start=\"1593\" data-end=\"1617\" data-col-size=\"sm\"><strong data-start=\"1595\" data-end=\"1616\">Norma kvality:<\/strong><\/td>\n<td data-col-size=\"md\" data-start=\"1617\" data-end=\"1629\">BP \/ USP<\/td>\n<\/tr>\n<tr data-start=\"1630\" data-end=\"1689\">\n<td data-start=\"1630\" data-end=\"1669\" data-col-size=\"sm\"><strong data-start=\"1632\" data-end=\"1668\">Doporu\u010den\u00e1 d\u00e1vka (pro v\u00fdzkum):<\/strong><\/td>\n<td data-col-size=\"md\" data-start=\"1669\" data-end=\"1689\">10-20 mg denn\u011b<\/td>\n<\/tr>\n<tr data-start=\"1690\" data-end=\"1788\">\n<td data-start=\"1690\" data-end=\"1718\" data-col-size=\"sm\"><strong data-start=\"1692\" data-end=\"1717\">Prim\u00e1rn\u00ed aplikace:<\/strong><\/td>\n<td data-col-size=\"md\" data-start=\"1718\" data-end=\"1788\">V\u00fdzkum osteopor\u00f3zy, \u00fabytku svalov\u00e9 hmoty a anabolick\u00e9ho v\u00fdkonu<\/td>\n<\/tr>\n<tr data-start=\"1789\" data-end=\"1851\">\n<td data-start=\"1789\" data-end=\"1815\" data-col-size=\"sm\"><strong data-start=\"1791\" data-end=\"1814\">Dostupn\u00e9 bal\u00ed\u010dky:<\/strong><\/td>\n<td data-col-size=\"md\" data-start=\"1815\" data-end=\"1851\">10 g \/ 50 g \/ 100 g \/ 200 g s\u00e1\u010dky<\/td>\n<\/tr>\n<tr data-start=\"1852\" data-end=\"1916\">\n<td data-start=\"1852\" data-end=\"1868\" data-col-size=\"sm\"><strong data-start=\"1854\" data-end=\"1867\">Kategorie:<\/strong><\/td>\n<td data-col-size=\"md\" data-start=\"1868\" data-end=\"1916\">Selektivn\u00ed modul\u00e1tor androgenn\u00edch receptor\u016f (SARM)<\/td>\n<\/tr>\n<tr data-start=\"1917\" data-end=\"1984\">\n<td data-start=\"1917\" data-end=\"1938\" data-col-size=\"sm\"><strong data-start=\"1919\" data-end=\"1937\">Doba dod\u00e1n\u00ed:<\/strong><\/td>\n<td data-col-size=\"md\" data-start=\"1938\" data-end=\"1984\">Do 12 hodin po potvrzen\u00ed platby<\/td>\n<\/tr>\n<tr data-start=\"1985\" data-end=\"2056\">\n<td data-start=\"1985\" data-end=\"2002\" data-col-size=\"sm\"><strong data-start=\"1987\" data-end=\"2001\">Balen\u00ed:<\/strong><\/td>\n<td data-col-size=\"md\" data-start=\"2002\" data-end=\"2056\">Bezpe\u010dn\u00e9, diskr\u00e9tn\u00ed balen\u00ed chr\u00e1n\u011bn\u00e9 proti vlhkosti<\/td>\n<\/tr>\n<\/tbody>\n<\/table>\n<\/div>\n<\/div>\n<hr data-start=\"2058\" data-end=\"2061\" \/>\n<h3 data-start=\"2063\" data-end=\"2101\"><strong data-start=\"2067\" data-end=\"2101\">Jak funguje LGD-4033 Ligandrol<\/strong><\/h3>\n<p data-start=\"2102\" data-end=\"2520\"><strong data-start=\"2102\" data-end=\"2126\">LGD-4033 Ligandrol<\/strong>\u00a0funguje podle <strong data-start=\"2139\" data-end=\"2189\">selektivn\u00ed vazba na androgenn\u00ed receptory (AR).<\/strong> na adrese <strong data-start=\"2193\" data-end=\"2219\">svalov\u00e1 a kostn\u00ed tk\u00e1\u0148<\/strong>, stimuluj\u00edc\u00ed anabolickou aktivitu, ani\u017e by v\u00fdznamn\u011b ovliv\u0148oval jin\u00e9 org\u00e1ny, jako jsou j\u00e1tra nebo prostata.<br data-start=\"2326\" data-end=\"2329\" \/>Tento <strong data-start=\"2334\" data-end=\"2366\">c\u00edlen\u00fd mechanismus \u00fa\u010dinku<\/strong> pom\u00e1h\u00e1 v\u00fdzkumn\u00edk\u016fm studovat, jak mohou SARM <strong data-start=\"2405\" data-end=\"2478\">zv\u00fd\u0161en\u00ed svalov\u00e9 hmoty, pos\u00edlen\u00ed s\u00edly a zlep\u0161en\u00ed hustoty kost\u00ed.<\/strong> p\u0159i minimalizaci androgenn\u00edch vedlej\u0161\u00edch \u00fa\u010dink\u016f.<\/p>\n<p data-start=\"2522\" data-end=\"2727\">Ve studi\u00edch, <strong data-start=\"2534\" data-end=\"2553\">LGD-4033 Pr\u00e1\u0161ek<\/strong> prok\u00e1zal <strong data-start=\"2569\" data-end=\"2614\">vysok\u00e1 afinita ke svalov\u00fdm a kostern\u00edm AR.<\/strong>, tak\u017ee je ide\u00e1ln\u00ed pro v\u00fdzkum <strong data-start=\"2655\" data-end=\"2724\">regenerace sval\u016f, rehabilitace a optimalizace v\u00fdkonu.<\/strong>.<\/p>\n<p data-start=\"2729\" data-end=\"2937\">Krom\u011b toho bylo zji\u0161t\u011bno, \u017ee slou\u010denina <strong data-start=\"2777\" data-end=\"2860\">do\u010dasn\u011b potla\u010duj\u00ed celkov\u00fd testosteron a globulin v\u00e1zaj\u00edc\u00ed pohlavn\u00ed hormony (SHBG)<\/strong> v z\u00e1vislosti na d\u00e1vce - co\u017e je chov\u00e1n\u00ed charakteristick\u00e9 pro v\u011bt\u0161inu siln\u00fdch SARM.<\/p>\n<hr data-start=\"2939\" data-end=\"2942\" \/>\n<h3 data-start=\"2944\" data-end=\"2988\"><strong data-start=\"2948\" data-end=\"2988\">LGD-4033 Ligandrol Powder V\u00fdhody<\/strong><\/h3>\n<p data-start=\"2989\" data-end=\"3083\">V\u00fdsledky v\u00fdzkumu a experiment\u00e1ln\u00edch studi\u00ed nazna\u010duj\u00ed, \u017ee <strong data-start=\"3045\" data-end=\"3076\">LGD-4033 (Ligandrol) pr\u00e1\u0161ek<\/strong> kv\u011bten:<\/p>\n<ul data-start=\"3084\" data-end=\"3587\">\n<li data-start=\"3084\" data-end=\"3175\">\n<p data-start=\"3086\" data-end=\"3175\">Podpora <strong data-start=\"3094\" data-end=\"3121\">r\u016fst svalov\u00e9 hmoty<\/strong> a <strong data-start=\"3126\" data-end=\"3146\">zadr\u017eov\u00e1n\u00ed sval\u016f<\/strong> p\u0159i omezen\u00ed p\u0159\u00edjmu kalori\u00ed<\/p>\n<\/li>\n<li data-start=\"3176\" data-end=\"3234\">\n<p data-start=\"3178\" data-end=\"3234\">Podporovat <strong data-start=\"3186\" data-end=\"3198\">odbour\u00e1v\u00e1n\u00ed tuk\u016f<\/strong> p\u0159i zachov\u00e1n\u00ed integrity sval\u016f<\/p>\n<\/li>\n<li data-start=\"3235\" data-end=\"3327\">\n<p data-start=\"3237\" data-end=\"3327\">Vylep\u0161en\u00ed <strong data-start=\"3245\" data-end=\"3282\">pevnost kost\u00ed a miner\u00e1ln\u00ed hustota<\/strong>, tak\u017ee je ide\u00e1ln\u00ed pro v\u00fdzkum osteopor\u00f3zy.<\/p>\n<\/li>\n<li data-start=\"3328\" data-end=\"3402\">\n<p data-start=\"3330\" data-end=\"3402\">Zlep\u0161it <strong data-start=\"3338\" data-end=\"3400\">vytrvalost, rychlost regenerace a celkov\u00fd fyzick\u00fd v\u00fdkon.<\/strong><\/p>\n<\/li>\n<li data-start=\"3403\" data-end=\"3501\">\n<p data-start=\"3405\" data-end=\"3501\">Asistovat p\u0159i studi\u00edch t\u00fdkaj\u00edc\u00edch se <strong data-start=\"3434\" data-end=\"3471\">svalov\u00e1 atrofie a rehabilitace<\/strong> po \u00farazu nebo nemoci<\/p>\n<\/li>\n<li data-start=\"3502\" data-end=\"3587\">\n<p data-start=\"3504\" data-end=\"3587\">Zlep\u0161it <strong data-start=\"3512\" data-end=\"3543\">du\u0161evn\u00ed soust\u0159ed\u011bn\u00ed a motivace<\/strong>, jak bylo zji\u0161t\u011bno v r\u016fzn\u00fdch kognitivn\u00edch studi\u00edch<\/p>\n<\/li>\n<\/ul>\n<hr data-start=\"3589\" data-end=\"3592\" \/>\n<h3 data-start=\"3594\" data-end=\"3640\"><strong data-start=\"3598\" data-end=\"3640\">Pro\u010d si vybrat LGD-4033 Ligandrol Powder<\/strong><\/h3>\n<ul data-start=\"3641\" data-end=\"3974\">\n<li data-start=\"3641\" data-end=\"3713\">\n<p data-start=\"3643\" data-end=\"3713\"><strong data-start=\"3643\" data-end=\"3681\">Farmaceutick\u00e1 \u010distota (\u226598%)<\/strong> ov\u011b\u0159eno testov\u00e1n\u00edm HPLC<\/p>\n<\/li>\n<li data-start=\"3714\" data-end=\"3770\">\n<p data-start=\"3716\" data-end=\"3770\"><strong data-start=\"3716\" data-end=\"3745\">Stabiln\u00ed a rychle se vst\u0159eb\u00e1vaj\u00edc\u00ed<\/strong> nesteroidn\u00ed slou\u010denina<\/p>\n<\/li>\n<li data-start=\"3771\" data-end=\"3833\">\n<p data-start=\"3773\" data-end=\"3833\">Ide\u00e1ln\u00ed pro <strong data-start=\"3783\" data-end=\"3831\">kr\u00e1tkodob\u00e9 a st\u0159edn\u011bdob\u00e9 anabolick\u00e9 v\u00fdzkumn\u00e9 cykly<\/strong><\/p>\n<\/li>\n<li data-start=\"3834\" data-end=\"3904\">\n<p data-start=\"3836\" data-end=\"3904\"><strong data-start=\"3836\" data-end=\"3862\">Minim\u00e1ln\u00ed jatern\u00ed toxicita<\/strong> ve srovn\u00e1n\u00ed s tradi\u010dn\u00edmi anaboliky<\/p>\n<\/li>\n<li data-start=\"3905\" data-end=\"3974\">\n<p data-start=\"3907\" data-end=\"3974\"><strong data-start=\"3907\" data-end=\"3934\">V\u011bdecky ov\u011b\u0159eno<\/strong> Selektivn\u00ed modul\u00e1tor androgenn\u00edch receptor\u016f<\/p>\n<\/li>\n<\/ul>\n<hr data-start=\"3976\" data-end=\"3979\" \/>\n<h3 data-start=\"3981\" data-end=\"4013\"><strong data-start=\"3985\" data-end=\"4013\">Aplikace ve v\u00fdzkumu<\/strong><\/h3>\n<p data-start=\"4014\" data-end=\"4092\"><strong data-start=\"4014\" data-end=\"4045\">LGD-4033 Ligandrol pr\u00e1\u0161ek<\/strong> se nad\u00e1le studuje v laborato\u0159\u00edch pro:<\/p>\n<ul data-start=\"4093\" data-end=\"4277\">\n<li data-start=\"4093\" data-end=\"4137\">\n<p data-start=\"4095\" data-end=\"4137\"><strong data-start=\"4095\" data-end=\"4135\">Modely svalov\u00e9ho ochabov\u00e1n\u00ed a sarkopenie<\/strong><\/p>\n<\/li>\n<li data-start=\"4138\" data-end=\"4183\">\n<p data-start=\"4140\" data-end=\"4183\"><strong data-start=\"4140\" data-end=\"4181\">Studie osteopor\u00f3zy a hustoty kost\u00ed<\/strong><\/p>\n<\/li>\n<li data-start=\"4184\" data-end=\"4226\">\n<p data-start=\"4186\" data-end=\"4226\"><strong data-start=\"4186\" data-end=\"4224\">Mechanismy zvy\u0161ov\u00e1n\u00ed v\u00fdkonu<\/strong><\/p>\n<\/li>\n<li data-start=\"4227\" data-end=\"4277\">\n<p data-start=\"4229\" data-end=\"4277\"><strong data-start=\"4229\" data-end=\"4275\">V\u00fdzkum metabolismu tuk\u016f a energetick\u00e9 bilance<\/strong><\/p>\n<\/li>\n<\/ul>\n<p data-start=\"4279\" data-end=\"4436\"><strong data-start=\"4279\" data-end=\"4288\">Pozn\u00e1mka:<\/strong> Tento v\u00fdrobek se prod\u00e1v\u00e1 v\u00fdhradn\u011b pro <strong data-start=\"4323\" data-end=\"4375\">pouze pro laboratorn\u00ed a v\u011bdeck\u00e9 \u00fa\u010dely<\/strong>. Je to <strong data-start=\"4383\" data-end=\"4435\">neschv\u00e1len\u00e9 pro lidskou nebo veterin\u00e1rn\u00ed spot\u0159ebu<\/strong>.<\/p>\n<hr data-start=\"4438\" data-end=\"4441\" \/>\n<h3 data-start=\"4443\" data-end=\"4471\"><strong data-start=\"4447\" data-end=\"4471\">Skladov\u00e1n\u00ed a manipulace<\/strong><\/h3>\n<ul data-start=\"4472\" data-end=\"4648\">\n<li data-start=\"4472\" data-end=\"4534\">\n<p data-start=\"4474\" data-end=\"4534\">Skladujte v <strong data-start=\"4485\" data-end=\"4504\">na chladn\u00e9m a such\u00e9m m\u00edst\u011b<\/strong>, mimo dosah p\u0159\u00edm\u00e9ho slune\u010dn\u00edho sv\u011btla.<\/p>\n<\/li>\n<li data-start=\"4535\" data-end=\"4584\">\n<p data-start=\"4537\" data-end=\"4584\">Po ka\u017ed\u00e9m pou\u017eit\u00ed uchov\u00e1vejte n\u00e1dobu t\u011bsn\u011b uzav\u0159enou.<\/p>\n<\/li>\n<li data-start=\"4585\" data-end=\"4648\">\n<p data-start=\"4587\" data-end=\"4648\">Pouze pro laboratorn\u00ed v\u00fdzkum - manipulujte s vhodn\u00fdmi osobn\u00edmi ochrann\u00fdmi prost\u0159edky.<\/p>\n<\/li>\n<\/ul>\n<hr data-start=\"4650\" data-end=\"4653\" \/>\n<h3 data-start=\"4766\" data-end=\"4809\"><\/h3>\n<p data-start=\"4987\" data-end=\"5014\">","protected":false},"excerpt":{"rendered":"<p>Koupit vysoce \u010dist\u00fd pr\u00e1\u0161ek LGD-4033 Ligandrol pro v\u00fdzkum SARM. Ide\u00e1ln\u00ed pro studie svalov\u00e9ho r\u016fstu, \u00fabytku tuku a anabolick\u00e9 aktivity. \u010cistota 98%, rychl\u00e9 dod\u00e1n\u00ed.<\/p>","protected":false},"featured_media":1760,"comment_status":"open","ping_status":"closed","template":"","meta":[],"product_brand":[],"product_cat":[391],"product_tag":[935,944,934,949,945,938,933,932,943,691,939,682,704,693,666,670,683,675,685,697,688,677,690,680,687,672,679,660,703,658,931,674,665,681,671,676,694,698,701,659,689,669,662,667,684,700,668,692,696,699,702,663,673,695,686,678,940,937,948,664,282,936,661,946,947,942,941],"class_list":{"0":"post-1759","1":"product","2":"type-product","3":"status-publish","4":"has-post-thumbnail","6":"product_cat-peptides","7":"product_tag-aas-poland","8":"product_tag-aas-raw-materials-australia","9":"product_tag-aas-raws","10":"product_tag-anabolic-steroid-manufacturer-canada","11":"product_tag-anabolic-steroid-powders-online","12":"product_tag-best-steroid-powder-supplier-usa","13":"product_tag-buy-aas-raws-online","14":"product_tag-buy-raw-steroid-powders-online","15":"product_tag-buy-raw-steroids-china","16":"product_tag-china-steroid-powder-supplier","17":"product_tag-high-purity-anabolic-steroids-canada","18":"product_tag-lgd-4033-australia","19":"product_tag-lgd-4033-bodybuilding","20":"product_tag-lgd-4033-brazil","21":"product_tag-lgd-4033-cycle","22":"product_tag-lgd-4033-dosage","23":"product_tag-lgd-4033-factory","24":"product_tag-lgd-4033-for-sale","25":"product_tag-lgd-4033-formula","26":"product_tag-lgd-4033-libido","27":"product_tag-lgd-4033-online","28":"product_tag-lgd-4033-powder","29":"product_tag-lgd-4033-recipe","30":"product_tag-lgd-4033-reviews","31":"product_tag-ligandrol","32":"product_tag-mk-2866","33":"product_tag-oral-sarms","34":"product_tag-peptide","35":"product_tag-peptide-hormone","36":"product_tag-raw-sarms-powders-sarms-liquid","37":"product_tag-raw-steroids-for-sale","38":"product_tag-sarm-receptor","39":"product_tag-sarms","40":"product_tag-sarms-australia","41":"product_tag-sarms-brazil","42":"product_tag-sarms-canada","43":"product_tag-sarms-cycle","44":"product_tag-sarms-for-sale","45":"product_tag-sarms-hormone","46":"product_tag-sarms-liquid-vs-pills","47":"product_tag-sarms-pills","48":"product_tag-sarms-powder","49":"product_tag-sarms-steroid","50":"product_tag-sarms-uk","51":"product_tag-selective-androgen-receptor-modulators","52":"product_tag-ssteroid-hormone","53":"product_tag-steroid-cream","54":"product_tag-steroid-injection","55":"product_tag-steroid-liquid","56":"product_tag-steroid-liquid-oral","57":"product_tag-steroid-oral","58":"product_tag-steroid-powder","59":"product_tag-steroid-powder-canada","60":"product_tag-steroid-powder-conversion-recipe","61":"product_tag-steroid-powder-price","62":"product_tag-steroid-powder-uk","63":"product_tag-steroid-raw-material-factory-europe","64":"product_tag-steroid-raws-online","65":"product_tag-steroid-raws-supplier-florida","66":"product_tag-steroid-semi-finished-liquid","67":"product_tag-steroids","68":"product_tag-supplier-usa","69":"product_tag-synthetic-steroid-lgd-4033","70":"product_tag-testosterone-raw-powder-poland","71":"product_tag-trenbolone-powder-thailand","72":"product_tag-trusted-steroid-raw-supplier-worldwide","73":"product_tag-wholesale-steroid-powders-australia","75":"first","76":"instock","77":"shipping-taxable","78":"product-type-simple"},"_links":{"self":[{"href":"https:\/\/shgotopharm.com\/cs\/wp-json\/wp\/v2\/product\/1759","targetHints":{"allow":["GET"]}}],"collection":[{"href":"https:\/\/shgotopharm.com\/cs\/wp-json\/wp\/v2\/product"}],"about":[{"href":"https:\/\/shgotopharm.com\/cs\/wp-json\/wp\/v2\/types\/product"}],"replies":[{"embeddable":true,"href":"https:\/\/shgotopharm.com\/cs\/wp-json\/wp\/v2\/comments?post=1759"}],"wp:featuredmedia":[{"embeddable":true,"href":"https:\/\/shgotopharm.com\/cs\/wp-json\/wp\/v2\/media\/1760"}],"wp:attachment":[{"href":"https:\/\/shgotopharm.com\/cs\/wp-json\/wp\/v2\/media?parent=1759"}],"wp:term":[{"taxonomy":"product_brand","embeddable":true,"href":"https:\/\/shgotopharm.com\/cs\/wp-json\/wp\/v2\/product_brand?post=1759"},{"taxonomy":"product_cat","embeddable":true,"href":"https:\/\/shgotopharm.com\/cs\/wp-json\/wp\/v2\/product_cat?post=1759"},{"taxonomy":"product_tag","embeddable":true,"href":"https:\/\/shgotopharm.com\/cs\/wp-json\/wp\/v2\/product_tag?post=1759"}],"curies":[{"name":"wp","href":"https:\/\/api.w.org\/{rel}","templated":true}]}}