{"id":1761,"date":"2025-10-30T16:33:50","date_gmt":"2025-10-30T16:33:50","guid":{"rendered":"https:\/\/shgotopharm.com\/?post_type=product&#038;p=1761"},"modified":"2025-11-10T10:05:48","modified_gmt":"2025-11-10T10:05:48","slug":"mk-677-sarms-ibutamoren-prasek","status":"publish","type":"product","link":"https:\/\/shgotopharm.com\/cs\/product\/mk-677-sarms-ibutamoren-powder\/","title":{"rendered":"Koupit MK-677 Sarms Ibutamoren Powder"},"content":{"rendered":"<h2 data-start=\"428\" data-end=\"516\"><strong data-start=\"431\" data-end=\"516\">MK-677 Sarms Ibutamoren Powder | Pr\u00e9miov\u00fd sekretagog r\u016fstov\u00e9ho hormonu SARMs<\/strong><\/h2>\n<h3 data-start=\"518\" data-end=\"549\"><strong data-start=\"522\" data-end=\"549\">MK-677 Sarms Ibutamoren pr\u00e1\u0161ek Chemick\u00fd profil<\/strong><\/h3>\n<div class=\"_tableContainer_1rjym_1\">\n<div class=\"group _tableWrapper_1rjym_13 flex w-fit flex-col-reverse\" tabindex=\"-1\">\n<table class=\"w-fit min-w-(--thread-content-width)\" data-start=\"550\" data-end=\"1133\">\n<thead data-start=\"550\" data-end=\"587\">\n<tr data-start=\"550\" data-end=\"587\">\n<th data-start=\"550\" data-end=\"566\" data-col-size=\"sm\"><strong data-start=\"552\" data-end=\"565\">Parametr<\/strong><\/th>\n<th data-start=\"566\" data-end=\"587\" data-col-size=\"md\"><strong data-start=\"568\" data-end=\"585\">Specifikace<\/strong><\/th>\n<\/tr>\n<\/thead>\n<tbody data-start=\"626\" data-end=\"1133\">\n<tr data-start=\"626\" data-end=\"672\">\n<td data-start=\"626\" data-end=\"639\" data-col-size=\"sm\"><strong data-start=\"628\" data-end=\"638\">Alias:<\/strong><\/td>\n<td data-start=\"639\" data-end=\"672\" data-col-size=\"md\">Ibutamoren mesyl\u00e1t, Nutrobal<\/td>\n<\/tr>\n<tr data-start=\"673\" data-end=\"706\">\n<td data-start=\"673\" data-end=\"691\" data-col-size=\"sm\"><strong data-start=\"675\" data-end=\"690\">\u010c\u00edslo CAS:<\/strong><\/td>\n<td data-start=\"691\" data-end=\"706\" data-col-size=\"md\">159752-10-0<\/td>\n<\/tr>\n<tr data-start=\"707\" data-end=\"753\">\n<td data-start=\"707\" data-end=\"737\" data-col-size=\"sm\"><strong data-start=\"709\" data-end=\"736\">Molekul\u00e1rn\u00ed vzorec (MF):<\/strong><\/td>\n<td data-start=\"737\" data-end=\"753\" data-col-size=\"md\">C\u2082\u2088H\u2084\u2080N\u2084O\u2088S\u2082<\/td>\n<\/tr>\n<tr data-start=\"754\" data-end=\"799\">\n<td data-start=\"754\" data-end=\"783\" data-col-size=\"sm\"><strong data-start=\"756\" data-end=\"782\">Molekulov\u00e1 hmotnost (MW):<\/strong><\/td>\n<td data-start=\"783\" data-end=\"799\" data-col-size=\"md\">624,77 g\/mol<\/td>\n<\/tr>\n<tr data-start=\"800\" data-end=\"846\">\n<td data-start=\"800\" data-end=\"818\" data-col-size=\"sm\"><strong data-start=\"802\" data-end=\"817\">Vzhled:<\/strong><\/td>\n<td data-start=\"818\" data-end=\"846\" data-col-size=\"md\">B\u00edl\u00fd krystalick\u00fd pr\u00e1\u0161ek<\/td>\n<\/tr>\n<tr data-start=\"847\" data-end=\"872\">\n<td data-start=\"847\" data-end=\"861\" data-col-size=\"sm\"><strong data-start=\"849\" data-end=\"860\">\u010cistota:<\/strong><\/td>\n<td data-start=\"861\" data-end=\"872\" data-col-size=\"md\">\u2265 99.5%<\/td>\n<\/tr>\n<tr data-start=\"873\" data-end=\"959\">\n<td data-start=\"873\" data-end=\"899\" data-col-size=\"sm\"><strong data-start=\"875\" data-end=\"898\">Podm\u00ednky skladov\u00e1n\u00ed:<\/strong><\/td>\n<td data-start=\"899\" data-end=\"959\" data-col-size=\"md\">Skladujte p\u0159i -20 \u00b0C, v such\u00e9m prost\u0159ed\u00ed chr\u00e1n\u011bn\u00e9m p\u0159ed sv\u011btlem.<\/td>\n<\/tr>\n<tr data-start=\"960\" data-end=\"1052\">\n<td data-start=\"960\" data-end=\"993\" data-col-size=\"sm\"><strong data-start=\"962\" data-end=\"992\">Doporu\u010den\u00e1 v\u00fdzkumn\u00e1 d\u00e1vka:<\/strong><\/td>\n<td data-start=\"993\" data-end=\"1052\" data-col-size=\"md\">5-25 mg denn\u011b, obvykle po dobu 10 t\u00fddn\u016f v\u00fdzkumu<\/td>\n<\/tr>\n<tr data-start=\"1053\" data-end=\"1133\">\n<td data-start=\"1053\" data-end=\"1069\" data-col-size=\"sm\"><strong data-start=\"1055\" data-end=\"1068\">Kategorie:<\/strong><\/td>\n<td data-start=\"1069\" data-end=\"1133\" data-col-size=\"md\">Nepeptidov\u00fd sekretagog r\u016fstov\u00e9ho hormonu (slou\u010denina podobn\u00e1 SARM)<\/td>\n<\/tr>\n<\/tbody>\n<\/table>\n<\/div>\n<\/div>\n<hr data-start=\"1135\" data-end=\"1138\" \/>\n<h3 data-start=\"1140\" data-end=\"1176\"><strong data-start=\"1144\" data-end=\"1176\">Co je MK-677 (Ibutamoren)?<\/strong><\/h3>\n<p data-start=\"1177\" data-end=\"1740\">MK-677 Sarms Ibutamoren Powder - tak\u00e9 zn\u00e1m\u00fd jako <strong data-start=\"1226\" data-end=\"1238\">Nutrobal<\/strong> - je <strong data-start=\"1246\" data-end=\"1299\">siln\u00fd, peror\u00e1ln\u011b aktivn\u00ed sekretagog r\u016fstov\u00e9ho hormonu<\/strong> kter\u00e1 stimuluje p\u0159irozen\u00e9 uvol\u0148ov\u00e1n\u00ed <strong data-start=\"1339\" data-end=\"1362\">R\u016fstov\u00fd hormon (GH)<\/strong> a <strong data-start=\"1367\" data-end=\"1407\">R\u016fstov\u00fd faktor podobn\u00fd inzul\u00ednu 1 (IGF-1)<\/strong>.<br data-start=\"1408\" data-end=\"1411\" \/>Na rozd\u00edl od tradi\u010dn\u00edch anabolik, <strong data-start=\"1447\" data-end=\"1464\">MK-677 pr\u00e1\u0161ek<\/strong> d\u00edla <strong data-start=\"1474\" data-end=\"1507\">napodobuje hormon ghrelin<\/strong> a vazba na <strong data-start=\"1523\" data-end=\"1551\">ghrelinov\u00e9 receptory (GHSR)<\/strong> v mozku a hypof\u00fdze. Toto p\u016fsoben\u00ed vyvol\u00e1v\u00e1 p\u0159irozen\u00fd a trval\u00fd vzestup hladin GH a IGF-1, kter\u00e9 jsou rozhoduj\u00edc\u00ed pro tvorbu hormon\u016f. <strong data-start=\"1677\" data-end=\"1739\">r\u016fst sval\u016f, metabolismus tuk\u016f, obnovu tk\u00e1n\u00ed a regeneraci.<\/strong>.<\/p>\n<hr data-start=\"1742\" data-end=\"1745\" \/>\n<h3 data-start=\"1747\" data-end=\"1784\"><strong data-start=\"1751\" data-end=\"1784\">Jak funguje pr\u00e1\u0161ek MK-677 Sarms Ibutamoren<\/strong><\/h3>\n<p data-start=\"1785\" data-end=\"2104\">Na str\u00e1nk\u00e1ch <strong data-start=\"1789\" data-end=\"1806\">Receptor GHSR<\/strong>, kterou MK-677 aktivuje, se nach\u00e1z\u00ed v n\u011bkolika kl\u00ed\u010dov\u00fdch oblastech mozku - v\u010detn\u011b oblast\u00ed zodpov\u011bdn\u00fdch za <strong data-start=\"1913\" data-end=\"1973\">chu\u0165 k j\u00eddlu, regulace n\u00e1lady, pam\u011b\u0165 a kognitivn\u00ed rovnov\u00e1ha.<\/strong>.<br data-start=\"1974\" data-end=\"1977\" \/>Po stimulaci tyto receptory podporuj\u00ed <strong data-start=\"2018\" data-end=\"2046\">sekrece r\u016fstov\u00e9ho hormonu<\/strong> a vliv <strong data-start=\"2061\" data-end=\"2101\">metabolick\u00e9 a neurologick\u00e9 procesy<\/strong>.<\/p>\n<p data-start=\"2106\" data-end=\"2426\">Jednou z jedine\u010dn\u00fdch v\u00fdhod <strong data-start=\"2138\" data-end=\"2148\">MK-677<\/strong> je, \u017ee zvy\u0161uje <strong data-start=\"2170\" data-end=\"2198\">r\u016fstov\u00fd hormon a IGF-1<\/strong> \u00farovn\u011b <strong data-start=\"2206\" data-end=\"2250\">bez v\u00fdznamn\u00e9ho ovlivn\u011bn\u00ed kortizolu<\/strong>. Je zn\u00e1mo, \u017ee zv\u00fd\u0161en\u00e1 hladina kortizolu potla\u010duje imunitn\u00ed funkce, zpo\u017e\u010fuje zotaven\u00ed a sni\u017euje kognitivn\u00ed v\u00fdkonnost - t\u011bmto probl\u00e9m\u016fm se MK-677 vyh\u00fdb\u00e1, co\u017e z n\u011bj \u010din\u00ed v\u00fdhodnou v\u00fdzkumnou slou\u010deninu.<\/p>\n<hr data-start=\"2428\" data-end=\"2431\" \/>\n<h3 data-start=\"2433\" data-end=\"2473\"><strong data-start=\"2437\" data-end=\"2473\">V\u011bdeck\u00e9 a v\u00fdzkumn\u00e9 poznatky<\/strong><\/h3>\n<p data-start=\"2474\" data-end=\"2834\">MK-677 Sarms Ibutamoren Powder je <strong data-start=\"2503\" data-end=\"2539\">nepeptidov\u00fd, peror\u00e1ln\u011b biologicky dostupn\u00fd<\/strong> slou\u010denina, kter\u00e1 je vhodn\u00e1 zejm\u00e9na pro dlouhodob\u00e9 studie.<br data-start=\"2611\" data-end=\"2614\" \/>Funguje prost\u0159ednictv\u00edm <strong data-start=\"2632\" data-end=\"2653\">jin\u00e1 cesta<\/strong> ne\u017e tradi\u010dn\u00ed hormony uvol\u0148uj\u00edc\u00ed r\u016fstov\u00fd hormon (GHRH), m\u00edsto toho se zam\u011b\u0159uj\u00ed na hormony uvol\u0148uj\u00edc\u00ed r\u016fstov\u00fd hormon (GHRH). <strong data-start=\"2735\" data-end=\"2783\">hypofyz\u00e1rn\u00ed a hypotalamick\u00e9 ghrelinov\u00e9 receptory<\/strong>.<br data-start=\"2784\" data-end=\"2787\" \/>V klinick\u00e9m v\u00fdzkumu bylo prok\u00e1z\u00e1no, \u017ee MK-677:<\/p>\n<ul data-start=\"2835\" data-end=\"3161\">\n<li data-start=\"2835\" data-end=\"2903\">\n<p data-start=\"2837\" data-end=\"2903\"><strong data-start=\"2837\" data-end=\"2869\">Zv\u00fd\u0161en\u00ed hladiny GH a IGF-1<\/strong> d\u016fsledn\u011b p\u0159i dlouhodob\u00e9m pou\u017e\u00edv\u00e1n\u00ed<\/p>\n<\/li>\n<li data-start=\"2904\" data-end=\"2979\">\n<p data-start=\"2906\" data-end=\"2979\"><strong data-start=\"2906\" data-end=\"2940\">Podporovat n\u00e1r\u016fst svalov\u00e9 hmoty<\/strong> a zlep\u0161it <strong data-start=\"2953\" data-end=\"2977\">miner\u00e1ln\u00ed hustota kost\u00ed<\/strong><\/p>\n<\/li>\n<li data-start=\"2980\" data-end=\"3066\">\n<p data-start=\"2982\" data-end=\"3066\">Podpora <strong data-start=\"2990\" data-end=\"3014\">lep\u0161\u00ed kvalita sp\u00e1nku<\/strong>, <strong data-start=\"3016\" data-end=\"3037\">bun\u011b\u010dn\u00e1 obnova<\/strong>, a <strong data-start=\"3043\" data-end=\"3064\">metabolick\u00e1 rovnov\u00e1ha<\/strong><\/p>\n<\/li>\n<li data-start=\"3067\" data-end=\"3161\">\n<p data-start=\"3069\" data-end=\"3161\">Vylep\u0161en\u00ed <strong data-start=\"3077\" data-end=\"3095\">metabolismus tuk\u016f<\/strong>, slibn\u011b se rozv\u00edjej\u00edc\u00ed v <strong data-start=\"3116\" data-end=\"3159\">v\u00fdzkum obezity a metabolick\u00fdch poruch<\/strong><\/p>\n<\/li>\n<\/ul>\n<p data-start=\"3163\" data-end=\"3342\">Kv\u016fli t\u011bmto \u00fa\u010dink\u016fm, <strong data-start=\"3189\" data-end=\"3212\">Ibutamoren (MK-677)<\/strong> je aktivn\u011b vy\u0161et\u0159ov\u00e1n jako <strong data-start=\"3248\" data-end=\"3341\">potenci\u00e1ln\u00ed terapie hormon\u00e1ln\u00edho \u00fabytku souvisej\u00edc\u00edho s v\u011bkem, k\u0159ehkosti a svalov\u00e9ho ch\u0159adnut\u00ed.<\/strong>.<\/p>\n<hr data-start=\"3344\" data-end=\"3347\" \/>\n<h3 data-start=\"3349\" data-end=\"3392\"><strong data-start=\"3353\" data-end=\"3392\">MK-677 Sarms Ibutamoren Powder V\u00fdhody<\/strong><\/h3>\n<p data-start=\"3393\" data-end=\"3464\">Studie a prob\u00edhaj\u00edc\u00ed klinick\u00e9 studie nazna\u010duj\u00ed, \u017ee <strong data-start=\"3442\" data-end=\"3459\">MK-677 pr\u00e1\u0161ek<\/strong> kv\u011bten:<\/p>\n<ul data-start=\"3465\" data-end=\"3819\">\n<li data-start=\"3465\" data-end=\"3513\">\n<p data-start=\"3467\" data-end=\"3513\"><strong data-start=\"3467\" data-end=\"3511\">Stimulace p\u0159irozen\u00e9 sekrece GH a IGF-1<\/strong><\/p>\n<\/li>\n<li data-start=\"3514\" data-end=\"3562\">\n<p data-start=\"3516\" data-end=\"3562\"><strong data-start=\"3516\" data-end=\"3560\">Zv\u00fd\u0161en\u00ed r\u016fstu svalov\u00e9 hmoty a s\u00edly<\/strong><\/p>\n<\/li>\n<li data-start=\"3563\" data-end=\"3610\">\n<p data-start=\"3565\" data-end=\"3610\"><strong data-start=\"3565\" data-end=\"3608\">Zlep\u0161en\u00ed hustoty kost\u00ed a regenerace kloub\u016f<\/strong><\/p>\n<\/li>\n<li data-start=\"3611\" data-end=\"3662\">\n<p data-start=\"3613\" data-end=\"3662\"><strong data-start=\"3613\" data-end=\"3660\">Zlep\u0161en\u00ed metabolismu tuk\u016f a slo\u017een\u00ed t\u011bla<\/strong><\/p>\n<\/li>\n<li data-start=\"3663\" data-end=\"3709\">\n<p data-start=\"3665\" data-end=\"3709\"><strong data-start=\"3665\" data-end=\"3707\">Zv\u00fd\u0161en\u00ed chuti k j\u00eddlu a vst\u0159eb\u00e1v\u00e1n\u00ed \u017eivin<\/strong><\/p>\n<\/li>\n<li data-start=\"3710\" data-end=\"3761\">\n<p data-start=\"3712\" data-end=\"3761\"><strong data-start=\"3712\" data-end=\"3759\">Podpora lep\u0161\u00edho sp\u00e1nku a kognitivn\u00ed regenerace<\/strong><\/p>\n<\/li>\n<li data-start=\"3762\" data-end=\"3819\">\n<p data-start=\"3764\" data-end=\"3819\"><strong data-start=\"3764\" data-end=\"3817\">Podpora v\u00fdzkumu v oblasti nedostatku hormon\u016f a st\u00e1rnut\u00ed<\/strong><\/p>\n<\/li>\n<\/ul>\n<hr data-start=\"3821\" data-end=\"3824\" \/>\n<h3 data-start=\"3826\" data-end=\"3882\"><strong data-start=\"3830\" data-end=\"3882\">Pro\u010d si vybrat MK-677 Sarms Ibutamoren Powder <\/strong><\/h3>\n<ul data-start=\"3883\" data-end=\"4261\">\n<li data-start=\"3883\" data-end=\"3962\">\n<p data-start=\"3885\" data-end=\"3962\">Vysok\u00e1 <strong data-start=\"3890\" data-end=\"3930\">farmaceutick\u00e1 \u010distota (\u226599,5%)<\/strong> ov\u011b\u0159eno testov\u00e1n\u00edm HPLC<\/p>\n<\/li>\n<li data-start=\"3963\" data-end=\"4036\">\n<p data-start=\"3965\" data-end=\"4036\"><strong data-start=\"3965\" data-end=\"3999\">Stabiln\u00ed a peror\u00e1ln\u011b biologicky dostupn\u00fd<\/strong> slou\u010denina s vynikaj\u00edc\u00ed absorpc\u00ed<\/p>\n<\/li>\n<li data-start=\"4037\" data-end=\"4122\">\n<p data-start=\"4039\" data-end=\"4122\"><strong data-start=\"4039\" data-end=\"4056\">Nesteroidn\u00ed<\/strong>, co\u017e sni\u017euje riziko jatern\u00ed toxicity nebo androgenn\u00edch ne\u017e\u00e1douc\u00edch \u00fa\u010dink\u016f.<\/p>\n<\/li>\n<li data-start=\"4123\" data-end=\"4194\">\n<p data-start=\"4125\" data-end=\"4194\">Trval\u00fd <strong data-start=\"4135\" data-end=\"4161\">Zv\u00fd\u0161en\u00ed GH a IGF-1<\/strong> s minim\u00e1ln\u00ed odezvou kortizolu<\/p>\n<\/li>\n<li data-start=\"4195\" data-end=\"4261\">\n<p data-start=\"4197\" data-end=\"4261\">Vhodn\u00e9 pro <strong data-start=\"4210\" data-end=\"4261\">v\u00fdzkum sval\u016f, metabolismu a neuroendokrinn\u00edch funkc\u00ed.<\/strong><\/p>\n<\/li>\n<\/ul>\n<hr data-start=\"4263\" data-end=\"4266\" \/>\n<h3 data-start=\"4268\" data-end=\"4311\"><strong data-start=\"4272\" data-end=\"4311\">Aplikace ve v\u011bdeck\u00e9m v\u00fdzkumu<\/strong><\/h3>\n<p data-start=\"4312\" data-end=\"4388\"><strong data-start=\"4312\" data-end=\"4335\">MK-677 (Ibutamoren)<\/strong> se intenzivn\u011b zkoum\u00e1 pro potenci\u00e1ln\u00ed pou\u017eit\u00ed v:<\/p>\n<ul data-start=\"4389\" data-end=\"4624\">\n<li data-start=\"4389\" data-end=\"4447\">\n<p data-start=\"4391\" data-end=\"4447\"><strong data-start=\"4391\" data-end=\"4420\">Nedostatek r\u016fstov\u00e9ho hormonu<\/strong> (u dosp\u011bl\u00fdch a d\u011bt\u00ed)<\/p>\n<\/li>\n<li data-start=\"4448\" data-end=\"4485\">\n<p data-start=\"4450\" data-end=\"4485\"><strong data-start=\"4450\" data-end=\"4483\">Svalov\u00e9 ch\u00e1tr\u00e1n\u00ed a sarkopenie<\/strong><\/p>\n<\/li>\n<li data-start=\"4486\" data-end=\"4528\">\n<p data-start=\"4488\" data-end=\"4528\"><strong data-start=\"4488\" data-end=\"4526\">Osteopor\u00f3za a regenerace kost\u00ed<\/strong><\/p>\n<\/li>\n<li data-start=\"4529\" data-end=\"4582\">\n<p data-start=\"4531\" data-end=\"4582\"><strong data-start=\"4531\" data-end=\"4580\">Kvalita sp\u00e1nku a regulace cirkadi\u00e1nn\u00edho rytmu<\/strong><\/p>\n<\/li>\n<li data-start=\"4583\" data-end=\"4624\">\n<p data-start=\"4585\" data-end=\"4624\"><strong data-start=\"4585\" data-end=\"4622\">Metabolick\u00e9 a kognitivn\u00ed poruchy<\/strong><\/p>\n<\/li>\n<\/ul>\n<hr data-start=\"4626\" data-end=\"4629\" \/>\n<h3 data-start=\"4631\" data-end=\"4655\"><strong data-start=\"4635\" data-end=\"4655\">Bezpe\u010dnost a skladov\u00e1n\u00ed<\/strong><\/h3>\n<p data-start=\"4656\" data-end=\"4908\">Obchod <strong data-start=\"4662\" data-end=\"4679\">MK-677 pr\u00e1\u0161ek<\/strong> v a <strong data-start=\"4685\" data-end=\"4705\">uzav\u0159en\u00fd kontejner<\/strong> na adrese <strong data-start=\"4709\" data-end=\"4718\">-20\u00b0C<\/strong> mimo dosah vlhkosti a slune\u010dn\u00edho z\u00e1\u0159en\u00ed.<br data-start=\"4751\" data-end=\"4754\" \/>Tato slou\u010denina je ur\u010dena <strong data-start=\"4780\" data-end=\"4845\">pouze pro laboratorn\u00ed a v\u011bdeck\u00e9 \u00fa\u010dely<\/strong>.<br data-start=\"4846\" data-end=\"4849\" \/>Je to <strong data-start=\"4855\" data-end=\"4907\">neschv\u00e1len\u00e9 pro lidskou nebo veterin\u00e1rn\u00ed spot\u0159ebu<\/strong>.<\/p>\n<p data-start=\"5069\" data-end=\"5213\">","protected":false},"excerpt":{"rendered":"<p>MK-677 Sarms Ibutamoren Powder | Premium SARMs Growth Hormone Secretagogue MK-677 Sarms Ibutamoren Powder\u00a0 Chemical Profile Parameter Specification Alias: Ibutamoren Mesylate, Nutrobal CAS Number: 159752-10-0 Molecular Formula (MF): C\u2082\u2088H\u2084\u2080N\u2084O\u2088S\u2082 Molecular Weight (MW): 624.77 g\/mol Appearance: White crystalline powder Purity: \u2265 99.5% Storage Conditions: Store at \u201320\u00b0C, in a dry and light-protected environment Recommended Research Dose: [&hellip;]<\/p>\n","protected":false},"featured_media":1762,"comment_status":"open","ping_status":"closed","template":"","meta":[],"product_brand":[],"product_cat":[391],"product_tag":[935,944,934,949,945,938,933,932,943,706,939,708,713,714,715,716,717,718,719,720,709,721,722,723,724,725,726,727,728,710,729,730,731,732,733,734,735,736,737,931,712,707,711,705,940,937,948,936,946,947,942,941],"class_list":{"0":"post-1761","1":"product","2":"type-product","3":"status-publish","4":"has-post-thumbnail","6":"product_cat-peptides","7":"product_tag-aas-poland","8":"product_tag-aas-raw-materials-australia","9":"product_tag-aas-raws","10":"product_tag-anabolic-steroid-manufacturer-canada","11":"product_tag-anabolic-steroid-powders-online","12":"product_tag-best-steroid-powder-supplier-usa","13":"product_tag-buy-aas-raws-online","14":"product_tag-buy-raw-steroid-powders-online","15":"product_tag-buy-raw-steroids-china","16":"product_tag-china-sarms-powder-supplier","17":"product_tag-high-purity-anabolic-steroids-canada","18":"product_tag-ibutamoren","19":"product_tag-ibutamoren-australia-canada","20":"product_tag-ibutamoren-legal","21":"product_tag-ibutamoren-mesylate-australia","22":"product_tag-ibutamoren-mesylate-bodybuilding","23":"product_tag-ibutamoren-mesylate-for-sale","24":"product_tag-ibutamoren-mesylate-mk-677","25":"product_tag-ibutamoren-mesylate-powder","26":"product_tag-ibutamoren-powder-for-sale","27":"product_tag-mk-677","28":"product_tag-mk-677-buy","29":"product_tag-mk-677-dosage-results-review","30":"product_tag-mk-677-ibutamoren-bulk-powder","31":"product_tag-mk-677-ibutamoren-gains","32":"product_tag-mk-677-ibutamoren-reddit","33":"product_tag-mk-677-ibutamoren-uk-canada","34":"product_tag-mk-677-powder","35":"product_tag-mk-677-powder-for-sale","36":"product_tag-mk677-powder","37":"product_tag-nutrobal-cycle","38":"product_tag-nutrobal-ibutamoren","39":"product_tag-nutrobal-mk-677-for-sale","40":"product_tag-nutrobal-powder","41":"product_tag-nutrobal-powdered-calcium","42":"product_tag-nutrobal-reptile","43":"product_tag-nutrobal-sarm-results-review","44":"product_tag-nutrobal-side-effects","45":"product_tag-nutrobal-tortoise","46":"product_tag-raw-steroids-for-sale","47":"product_tag-sarms-buy-mk-677-ibutamoren-powder","48":"product_tag-sarms-cardarine-powder","49":"product_tag-sarms-mk-677","50":"product_tag-sarms-sarms-powder","51":"product_tag-steroid-raw-material-factory-europe","52":"product_tag-steroid-raws-online","53":"product_tag-steroid-raws-supplier-florida","54":"product_tag-supplier-usa","55":"product_tag-testosterone-raw-powder-poland","56":"product_tag-trenbolone-powder-thailand","57":"product_tag-trusted-steroid-raw-supplier-worldwide","58":"product_tag-wholesale-steroid-powders-australia","60":"first","61":"instock","62":"shipping-taxable","63":"product-type-simple"},"_links":{"self":[{"href":"https:\/\/shgotopharm.com\/cs\/wp-json\/wp\/v2\/product\/1761","targetHints":{"allow":["GET"]}}],"collection":[{"href":"https:\/\/shgotopharm.com\/cs\/wp-json\/wp\/v2\/product"}],"about":[{"href":"https:\/\/shgotopharm.com\/cs\/wp-json\/wp\/v2\/types\/product"}],"replies":[{"embeddable":true,"href":"https:\/\/shgotopharm.com\/cs\/wp-json\/wp\/v2\/comments?post=1761"}],"wp:featuredmedia":[{"embeddable":true,"href":"https:\/\/shgotopharm.com\/cs\/wp-json\/wp\/v2\/media\/1762"}],"wp:attachment":[{"href":"https:\/\/shgotopharm.com\/cs\/wp-json\/wp\/v2\/media?parent=1761"}],"wp:term":[{"taxonomy":"product_brand","embeddable":true,"href":"https:\/\/shgotopharm.com\/cs\/wp-json\/wp\/v2\/product_brand?post=1761"},{"taxonomy":"product_cat","embeddable":true,"href":"https:\/\/shgotopharm.com\/cs\/wp-json\/wp\/v2\/product_cat?post=1761"},{"taxonomy":"product_tag","embeddable":true,"href":"https:\/\/shgotopharm.com\/cs\/wp-json\/wp\/v2\/product_tag?post=1761"}],"curies":[{"name":"wp","href":"https:\/\/api.w.org\/{rel}","templated":true}]}}