{"id":1763,"date":"2025-10-30T16:53:12","date_gmt":"2025-10-30T16:53:12","guid":{"rendered":"https:\/\/shgotopharm.com\/?post_type=product&#038;p=1763"},"modified":"2026-03-22T15:30:54","modified_gmt":"2026-03-22T15:30:54","slug":"buy-semaglutide-peptide","status":"publish","type":"product","link":"https:\/\/shgotopharm.com\/cs\/product\/buy-semaglutide-peptide\/","title":{"rendered":"Koupit peptid semaglutid"},"content":{"rendered":"<h2 data-start=\"265\" data-end=\"351\"><strong data-start=\"268\" data-end=\"351\">Koupit peptid semaglutid | Agonista receptoru GLP-1 pro diabetes a regulaci hmotnosti<\/strong><\/h2>\n<h3 data-start=\"353\" data-end=\"369\"><strong data-start=\"357\" data-end=\"369\">P\u0159ehled<\/strong><\/h3>\n<p data-start=\"370\" data-end=\"820\"><strong data-start=\"370\" data-end=\"393\">Koupit peptid semaglutid<\/strong> je syntetick\u00fd <strong data-start=\"409\" data-end=\"461\">agonista receptoru GLP-1 (glukagonu podobn\u00fd peptid-1)<\/strong> navr\u017een\u00fd tak, aby napodoboval \u00fa\u010dinky p\u0159irozen\u00e9ho hormonu GLP-1 v t\u011ble. Tento peptid hraje kl\u00ed\u010dovou roli v regulaci <strong data-start=\"573\" data-end=\"636\">sekreci inzul\u00ednu, hladinu cukru v krvi a kontrolu chuti k j\u00eddlu.<\/strong>.<br data-start=\"637\" data-end=\"640\" \/>P\u016fvodn\u011b byl vyvinut pro <strong data-start=\"669\" data-end=\"701\">l\u00e9\u010dba diabetu 2. typu<\/strong>, Semaglutid si od t\u00e9 doby z\u00edskal uzn\u00e1n\u00ed pro sv\u016fj v\u00fdznamn\u00fd potenci\u00e1l p\u0159i <strong data-start=\"777\" data-end=\"819\">\u0159\u00edzen\u00ed hmotnosti a metabolick\u00e9 zdrav\u00ed<\/strong>.<\/p>\n<hr data-start=\"822\" data-end=\"825\" \/>\n<h3 data-start=\"827\" data-end=\"856\"><strong data-start=\"831\" data-end=\"856\">Jak semaglutid funguje<\/strong><\/h3>\n<p data-start=\"857\" data-end=\"941\">Semaglutid funguje tak, \u017ee <strong data-start=\"882\" data-end=\"912\">aktivace receptor\u016f GLP-1<\/strong> ve slinivce b\u0159i\u0161n\u00ed a mozku.<\/p>\n<ul data-start=\"942\" data-end=\"1324\">\n<li data-start=\"942\" data-end=\"1129\">\n<p data-start=\"944\" data-end=\"1129\">V <strong data-start=\"951\" data-end=\"963\">slinivka b\u0159i\u0161n\u00ed<\/strong>, tato stimulace zvy\u0161uje <strong data-start=\"991\" data-end=\"1010\">uvol\u0148ov\u00e1n\u00ed inzul\u00ednu<\/strong> p\u0159i zv\u00fd\u0161en\u00e9 hladin\u011b cukru v krvi a potla\u010duje <strong data-start=\"1063\" data-end=\"1086\">produkce glukagonu<\/strong>, co\u017e pom\u00e1h\u00e1 udr\u017eovat stabiln\u00ed hladinu gluk\u00f3zy.<\/p>\n<\/li>\n<li data-start=\"1130\" data-end=\"1324\">\n<p data-start=\"1132\" data-end=\"1324\">V <strong data-start=\"1139\" data-end=\"1169\">mozek a tr\u00e1vic\u00ed syst\u00e9m<\/strong>, zpomaluje <strong data-start=\"1180\" data-end=\"1200\">vyprazd\u0148ov\u00e1n\u00ed \u017ealudku<\/strong> a zvy\u0161uje <strong data-start=\"1215\" data-end=\"1234\">sign\u00e1ly sytosti<\/strong>, d\u00edky \u010demu\u017e se lid\u00e9 c\u00edt\u00ed d\u00e9le pln\u00ed a sni\u017euje se celkov\u00fd p\u0159\u00edjem kalori\u00ed.<\/p>\n<\/li>\n<\/ul>\n<p data-start=\"1326\" data-end=\"1467\">Zam\u011b\u0159en\u00edm na tyto mechanismy, <strong data-start=\"1357\" data-end=\"1372\">Semaglutid<\/strong> \u00fa\u010dinn\u011b pom\u00e1h\u00e1 regulovat chu\u0165 k j\u00eddlu, sni\u017eovat hladinu gluk\u00f3zy v krvi a podporovat trval\u00e9 hubnut\u00ed.<\/p>\n<hr data-start=\"1469\" data-end=\"1472\" \/>\n<h3 data-start=\"1474\" data-end=\"1515\"><strong data-start=\"1478\" data-end=\"1515\">L\u00e9ka\u0159sk\u00e9 a v\u00fdzkumn\u00e9 aplikace<\/strong><\/h3>\n<p data-start=\"1516\" data-end=\"1672\">Semaglutid je schv\u00e1len <strong data-start=\"1547\" data-end=\"1590\">\u00da\u0159ad pro kontrolu potravin a l\u00e9\u010div USA (FDA)<\/strong> pod n\u011bkolika zna\u010dkami, v\u010detn\u011b <strong data-start=\"1628\" data-end=\"1639\">Ozempic<\/strong>, <strong data-start=\"1641\" data-end=\"1651\">Wegovy<\/strong>, a <strong data-start=\"1657\" data-end=\"1669\">Rybelsus<\/strong>.<\/p>\n<ul data-start=\"1673\" data-end=\"1978\">\n<li data-start=\"1673\" data-end=\"1776\">\n<p data-start=\"1675\" data-end=\"1776\"><strong data-start=\"1675\" data-end=\"1686\">Ozempic<\/strong> - Jednou t\u00fddn\u011b pod\u00e1van\u00e1 injekce pro zlep\u0161en\u00ed kontroly glyk\u00e9mie u dosp\u011bl\u00fdch s diabetem 2. typu.<\/p>\n<\/li>\n<li data-start=\"1777\" data-end=\"1885\">\n<p data-start=\"1779\" data-end=\"1885\"><strong data-start=\"1779\" data-end=\"1789\">Wegovy<\/strong> - Schv\u00e1leno pro <strong data-start=\"1805\" data-end=\"1834\">\u0159\u00edzen\u00ed chronick\u00e9 hmotnosti<\/strong> u dosp\u011bl\u00fdch s obezitou nebo nadv\u00e1hou.<\/p>\n<\/li>\n<li data-start=\"1886\" data-end=\"1978\">\n<p data-start=\"1888\" data-end=\"1978\"><strong data-start=\"1888\" data-end=\"1900\">Rybelsus<\/strong> - Prvn\u00ed <strong data-start=\"1913\" data-end=\"1926\">\u00fastn\u00ed forma<\/strong> semaglutidu ur\u010den\u00e9ho k l\u00e9\u010db\u011b diabetu.<\/p>\n<\/li>\n<\/ul>\n<p data-start=\"1980\" data-end=\"2181\">Klinick\u00e9 studie uk\u00e1zaly, \u017ee Buy <strong data-start=\"2013\" data-end=\"2036\">Peptid semaglutid<\/strong> m\u016f\u017ee v\u00e9st k <strong data-start=\"2049\" data-end=\"2081\">v\u00fdrazn\u00e9 sn\u00ed\u017een\u00ed hmotnosti<\/strong> i u osob bez diabetu t\u00edm, \u017ee <strong data-start=\"2122\" data-end=\"2178\">sni\u017euje chu\u0165 k j\u00eddlu a podporuje ni\u017e\u0161\u00ed p\u0159\u00edjem kalori\u00ed.<\/strong>.<\/p>\n<hr data-start=\"2183\" data-end=\"2186\" \/>\n<h3 data-start=\"2188\" data-end=\"2231\"><strong data-start=\"2192\" data-end=\"2231\">Hlavn\u00ed v\u00fdhody peptidu semaglutidu<\/strong><\/h3>\n<ul data-start=\"2232\" data-end=\"2733\">\n<li data-start=\"2232\" data-end=\"2331\">\n<p data-start=\"2234\" data-end=\"2331\"><strong data-start=\"2234\" data-end=\"2273\">Podporuje l\u00e9\u010dbu diabetu 2. typu<\/strong> - Zlep\u0161uje citlivost na inzul\u00edn a kontrolu hladiny cukru v krvi.<\/p>\n<\/li>\n<li data-start=\"2332\" data-end=\"2437\">\n<p data-start=\"2334\" data-end=\"2437\"><strong data-start=\"2334\" data-end=\"2358\">Podporuje hubnut\u00ed<\/strong> - Sni\u017euje pocit hladu a zvy\u0161uje pocit sytosti, \u010d\u00edm\u017e pom\u00e1h\u00e1 sni\u017eovat spot\u0159ebu kalori\u00ed.<\/p>\n<\/li>\n<li data-start=\"2438\" data-end=\"2533\">\n<p data-start=\"2440\" data-end=\"2533\"><strong data-start=\"2440\" data-end=\"2469\">Zlep\u0161uje metabolick\u00e9 zdrav\u00ed<\/strong> - Pom\u00e1h\u00e1 regulovat metabolismus gluk\u00f3zy a rovnov\u00e1hu lipid\u016f.<\/p>\n<\/li>\n<li data-start=\"2534\" data-end=\"2628\">\n<p data-start=\"2536\" data-end=\"2628\"><strong data-start=\"2536\" data-end=\"2557\">Pohodln\u00e9 d\u00e1vkov\u00e1n\u00ed<\/strong> - K dispozici jako <strong data-start=\"2573\" data-end=\"2599\">injekce jednou t\u00fddn\u011b<\/strong> nebo <strong data-start=\"2603\" data-end=\"2625\">denn\u00ed peror\u00e1ln\u00ed tablety<\/strong>.<\/p>\n<\/li>\n<li data-start=\"2629\" data-end=\"2733\">\n<p data-start=\"2631\" data-end=\"2733\"><strong data-start=\"2631\" data-end=\"2652\">Klinicky ov\u011b\u0159eno<\/strong> - Podpo\u0159eno rozs\u00e1hl\u00fdm v\u00fdzkumem a schv\u00e1len\u00edm FDA pro r\u016fzn\u00e1 terapeutick\u00e1 pou\u017eit\u00ed.<\/p>\n<\/li>\n<\/ul>\n<hr data-start=\"2735\" data-end=\"2738\" \/>\n<h3 data-start=\"2740\" data-end=\"2769\"><strong data-start=\"2744\" data-end=\"2769\">V\u011bdeck\u00e9 pozad\u00ed<\/strong><\/h3>\n<p data-start=\"2770\" data-end=\"3086\">Chemick\u00e1 struktura semaglutidu se velmi podob\u00e1 chemick\u00e9 struktu\u0159e <strong data-start=\"2829\" data-end=\"2846\">p\u0159\u00edrodn\u00ed GLP-1<\/strong>, ale s vylep\u0161en\u00fdm <strong data-start=\"2866\" data-end=\"2893\">stabilita a polo\u010das rozpadu<\/strong>, co\u017e umo\u017e\u0148uje <strong data-start=\"2908\" data-end=\"2939\">del\u0161\u00ed aktivita v t\u011ble<\/strong>. Vyvinuto spole\u010dnost\u00ed <strong data-start=\"2954\" data-end=\"2970\">Novo Nordisk<\/strong> v roce 2012, p\u0159edstavuje jeden z nejmodern\u011bj\u0161\u00edch analog\u016f GLP-1, kter\u00fd je k dispozici pro <strong data-start=\"3047\" data-end=\"3083\">endokrinn\u00ed a metabolick\u00fd v\u00fdzkum<\/strong>.<\/p>\n<p data-start=\"3088\" data-end=\"3344\">Krom\u011b cukrovky a obezity v\u011bdci zkoumaj\u00ed potenci\u00e1ln\u00ed roli semaglutidu tak\u00e9 v n\u00e1sleduj\u00edc\u00edch oblastech. <strong data-start=\"3176\" data-end=\"3250\">studie kardiovaskul\u00e1rn\u00edho zdrav\u00ed, neuroprotekce a metabolick\u00e9ho syndromu.<\/strong> d\u00edky p\u0159\u00edzniv\u00e9mu dopadu na <strong data-start=\"3282\" data-end=\"3343\">z\u00e1n\u011bt, regulace chuti k j\u00eddlu a metabolismus gluk\u00f3zy.<\/strong>.<\/p>\n<hr data-start=\"3346\" data-end=\"3349\" \/>\n<h3 data-start=\"3351\" data-end=\"3373\"><strong data-start=\"3355\" data-end=\"3373\">D\u016fle\u017eit\u00e1 pozn\u00e1mka<\/strong><\/h3>\n<p data-start=\"3374\" data-end=\"3520\">Tento v\u00fdrobek se dod\u00e1v\u00e1 pro <strong data-start=\"3403\" data-end=\"3455\">pouze pro laboratorn\u00ed a v\u011bdeck\u00e9 \u00fa\u010dely<\/strong>.<br data-start=\"3456\" data-end=\"3459\" \/>Je to <strong data-start=\"3465\" data-end=\"3517\">nejsou ur\u010deny k lidsk\u00e9 ani veterin\u00e1rn\u00ed spot\u0159eb\u011b<\/strong>.<\/p>","protected":false},"excerpt":{"rendered":"<p>Buy Semaglutide Peptide | GLP-1 Receptor Agonist for Diabetes and Weight Management Overview Buy Semaglutide Peptide is a synthetic GLP-1 (Glucagon-Like Peptide-1) receptor agonist designed to mimic the effects of the body\u2019s natural GLP-1 hormone. This peptide plays a key role in regulating insulin secretion, blood sugar levels, and appetite control.Originally developed for the treatment [&hellip;]<\/p>\n","protected":false},"featured_media":1764,"comment_status":"open","ping_status":"closed","template":"","meta":[],"product_brand":[],"product_cat":[391],"product_tag":[935,944,934,949,945,739,938,933,932,943,743,744,939,740,745,746,738,742,931,747,940,937,948,936,946,947,942,741,941],"class_list":{"0":"post-1763","1":"product","2":"type-product","3":"status-publish","4":"has-post-thumbnail","6":"product_cat-peptides","7":"product_tag-aas-poland","8":"product_tag-aas-raw-materials-australia","9":"product_tag-aas-raws","10":"product_tag-anabolic-steroid-manufacturer-canada","11":"product_tag-anabolic-steroid-powders-online","12":"product_tag-benefits-of-igf-1-lr3","13":"product_tag-best-steroid-powder-supplier-usa","14":"product_tag-buy-aas-raws-online","15":"product_tag-buy-raw-steroid-powders-online","16":"product_tag-buy-raw-steroids-china","17":"product_tag-hgh","18":"product_tag-hgh-supplements","19":"product_tag-high-purity-anabolic-steroids-canada","20":"product_tag-how-does-igf-1-lr3-work","21":"product_tag-human-growth-hormone","22":"product_tag-human-growth-hormone-for-sale","23":"product_tag-peptide-igf1-lr3","24":"product_tag-peptide-peptides-buy-growth-hormone","25":"product_tag-raw-steroids-for-sale","26":"product_tag-somatropin-growth-hormone","27":"product_tag-steroid-raw-material-factory-europe","28":"product_tag-steroid-raws-online","29":"product_tag-steroid-raws-supplier-florida","30":"product_tag-supplier-usa","31":"product_tag-testosterone-raw-powder-poland","32":"product_tag-trenbolone-powder-thailand","33":"product_tag-trusted-steroid-raw-supplier-worldwide","34":"product_tag-where-can-i-buy-igf-1-lr3","35":"product_tag-wholesale-steroid-powders-australia","37":"first","38":"instock","39":"shipping-taxable","40":"product-type-simple"},"_links":{"self":[{"href":"https:\/\/shgotopharm.com\/cs\/wp-json\/wp\/v2\/product\/1763","targetHints":{"allow":["GET"]}}],"collection":[{"href":"https:\/\/shgotopharm.com\/cs\/wp-json\/wp\/v2\/product"}],"about":[{"href":"https:\/\/shgotopharm.com\/cs\/wp-json\/wp\/v2\/types\/product"}],"replies":[{"embeddable":true,"href":"https:\/\/shgotopharm.com\/cs\/wp-json\/wp\/v2\/comments?post=1763"}],"wp:featuredmedia":[{"embeddable":true,"href":"https:\/\/shgotopharm.com\/cs\/wp-json\/wp\/v2\/media\/1764"}],"wp:attachment":[{"href":"https:\/\/shgotopharm.com\/cs\/wp-json\/wp\/v2\/media?parent=1763"}],"wp:term":[{"taxonomy":"product_brand","embeddable":true,"href":"https:\/\/shgotopharm.com\/cs\/wp-json\/wp\/v2\/product_brand?post=1763"},{"taxonomy":"product_cat","embeddable":true,"href":"https:\/\/shgotopharm.com\/cs\/wp-json\/wp\/v2\/product_cat?post=1763"},{"taxonomy":"product_tag","embeddable":true,"href":"https:\/\/shgotopharm.com\/cs\/wp-json\/wp\/v2\/product_tag?post=1763"}],"curies":[{"name":"wp","href":"https:\/\/api.w.org\/{rel}","templated":true}]}}