{"id":1765,"date":"2025-10-30T17:09:46","date_gmt":"2025-10-30T17:09:46","guid":{"rendered":"https:\/\/shgotopharm.com\/?post_type=product&#038;p=1765"},"modified":"2025-12-13T09:53:32","modified_gmt":"2025-12-13T09:53:32","slug":"jintropin-100iu-hgh","status":"publish","type":"product","link":"https:\/\/shgotopharm.com\/cs\/product\/jintropin-100iu-hgh\/","title":{"rendered":"Jintropin 100iu HGH"},"content":{"rendered":"<h1 class=\"product_h2\">Jintropin 100iu HGH<\/h1>\n<h3 data-start=\"488\" data-end=\"512\"><strong data-start=\"492\" data-end=\"512\">P\u0159ehled produkt\u016f<\/strong><\/h3>\n<p data-start=\"513\" data-end=\"864\">Na\u0161e Jintropin 100iu HGH<strong data-start=\"517\" data-end=\"568\">\u00a0Lidsk\u00fd r\u016fstov\u00fd hormon<\/strong> je prvot\u0159\u00eddn\u00ed <strong data-start=\"588\" data-end=\"611\">rekombinantn\u00ed peptid<\/strong> nab\u00edzen\u00e9 v <strong data-start=\"623\" data-end=\"647\">neozna\u010den\u00e1 forma<\/strong> pro \u00fa\u010dely laboratorn\u00edho a farmaceutick\u00e9ho v\u00fdzkumu.<br data-start=\"700\" data-end=\"703\" \/>Tento <strong data-start=\"708\" data-end=\"736\">lyofilizovan\u00fd b\u00edl\u00fd pr\u00e1\u0161ek<\/strong> ukazuje <strong data-start=\"750\" data-end=\"764\">99% \u010distota<\/strong>, co\u017e zaji\u0161\u0165uje konzistentn\u00ed kvalitu a spolehlivost pro pokro\u010dil\u00e9 biologick\u00e9 a farmakologick\u00e9 studie.<\/p>\n<hr data-start=\"866\" data-end=\"869\" \/>\n<h3 data-start=\"871\" data-end=\"901\"><strong data-start=\"875\" data-end=\"901\">Specifikace produktu<\/strong><\/h3>\n<div class=\"_tableContainer_1rjym_1\">\n<div class=\"group _tableWrapper_1rjym_13 flex w-fit flex-col-reverse\" tabindex=\"-1\">\n<table class=\"w-fit min-w-(--thread-content-width)\" data-start=\"902\" data-end=\"1366\">\n<thead data-start=\"902\" data-end=\"933\">\n<tr data-start=\"902\" data-end=\"933\">\n<th data-start=\"902\" data-end=\"918\" data-col-size=\"sm\"><strong data-start=\"904\" data-end=\"917\">Parametr<\/strong><\/th>\n<th data-start=\"918\" data-end=\"933\" data-col-size=\"sm\"><strong data-start=\"920\" data-end=\"931\">Podrobnosti na<\/strong><\/th>\n<\/tr>\n<\/thead>\n<tbody data-start=\"967\" data-end=\"1366\">\n<tr data-start=\"967\" data-end=\"1026\">\n<td data-start=\"967\" data-end=\"986\" data-col-size=\"sm\"><strong data-start=\"969\" data-end=\"985\">N\u00e1zev produktu<\/strong><\/td>\n<td data-start=\"986\" data-end=\"1026\" data-col-size=\"sm\">Jintropin 100iu HGH<\/td>\n<\/tr>\n<tr data-start=\"1027\" data-end=\"1047\">\n<td data-start=\"1027\" data-end=\"1040\" data-col-size=\"sm\"><strong data-start=\"1029\" data-end=\"1039\">Purity<\/strong><\/td>\n<td data-start=\"1040\" data-end=\"1047\" data-col-size=\"sm\">99%<\/td>\n<\/tr>\n<tr data-start=\"1048\" data-end=\"1070\">\n<td data-start=\"1048\" data-end=\"1061\" data-col-size=\"sm\"><strong data-start=\"1050\" data-end=\"1060\">P\u016fvod<\/strong><\/td>\n<td data-start=\"1061\" data-end=\"1070\" data-col-size=\"sm\">\u010c\u00edna<\/td>\n<\/tr>\n<tr data-start=\"1071\" data-end=\"1122\">\n<td data-start=\"1071\" data-end=\"1082\" data-col-size=\"sm\"><strong data-start=\"1073\" data-end=\"1081\">Typ<\/strong><\/td>\n<td data-start=\"1082\" data-end=\"1122\" data-col-size=\"sm\">Vitam\u00edny, aminokyseliny a koenzymy<\/td>\n<\/tr>\n<tr data-start=\"1123\" data-end=\"1179\">\n<td data-start=\"1123\" data-end=\"1144\" data-col-size=\"sm\"><strong data-start=\"1125\" data-end=\"1143\">Stupe\u0148 Standard<\/strong><\/td>\n<td data-start=\"1144\" data-end=\"1179\" data-col-size=\"sm\">Farmaceutick\u00e1 \/ l\u00e9ka\u0159sk\u00e1 t\u0159\u00edda<\/td>\n<\/tr>\n<tr data-start=\"1180\" data-end=\"1227\">\n<td data-start=\"1180\" data-end=\"1204\" data-col-size=\"sm\"><strong data-start=\"1182\" data-end=\"1203\">Standardn\u00ed anal\u00fdza<\/strong><\/td>\n<td data-start=\"1204\" data-end=\"1227\" data-col-size=\"sm\">Podnikov\u00fd standard<\/td>\n<\/tr>\n<tr data-start=\"1228\" data-end=\"1273\">\n<td data-start=\"1228\" data-end=\"1245\" data-col-size=\"sm\"><strong data-start=\"1230\" data-end=\"1244\">Vzhled<\/strong><\/td>\n<td data-start=\"1245\" data-end=\"1273\" data-col-size=\"sm\">B\u00edl\u00fd lyofilizovan\u00fd pr\u00e1\u0161ek<\/td>\n<\/tr>\n<tr data-start=\"1274\" data-end=\"1315\">\n<td data-start=\"1274\" data-end=\"1291\" data-col-size=\"sm\"><strong data-start=\"1276\" data-end=\"1290\">\u010c\u00edslo EINECS.<\/strong><\/td>\n<td data-start=\"1291\" data-end=\"1315\" data-col-size=\"sm\">K dispozici na vy\u017e\u00e1d\u00e1n\u00ed<\/td>\n<\/tr>\n<tr data-start=\"1316\" data-end=\"1366\">\n<td data-start=\"1316\" data-end=\"1340\" data-col-size=\"sm\"><strong data-start=\"1318\" data-end=\"1339\">Podm\u00ednky skladov\u00e1n\u00ed<\/strong><\/td>\n<td data-start=\"1340\" data-end=\"1366\" data-col-size=\"sm\">2-8 \u00b0C, mimo dosah sv\u011btla<\/td>\n<\/tr>\n<\/tbody>\n<\/table>\n<\/div>\n<\/div>\n<hr data-start=\"1368\" data-end=\"1371\" \/>\n<h3 data-start=\"1373\" data-end=\"1392\"><strong data-start=\"1377\" data-end=\"1392\">Popis<\/strong><\/h3>\n<p data-start=\"1393\" data-end=\"1764\">Jintropin 100iu HGH, tak\u00e9 zn\u00e1m\u00fd jako <strong data-start=\"1439\" data-end=\"1453\">Somatropin<\/strong>, je peptidov\u00fd hormon, kter\u00fd p\u0159irozen\u011b produkuje <strong data-start=\"1502\" data-end=\"1521\">hypof\u00fdza<\/strong>.<br data-start=\"1522\" data-end=\"1525\" \/>Na\u0161e <strong data-start=\"1529\" data-end=\"1546\">HGH modr\u00e9 topy<\/strong> jsou formulov\u00e1ny pro <strong data-start=\"1566\" data-end=\"1591\">v\u00fdzkumn\u00e9 aplikace<\/strong>, kter\u00fd nab\u00edz\u00ed bioidentickou sekvenci endogenn\u00edho HGH. Pou\u017e\u00edv\u00e1 se p\u0159edev\u0161\u00edm ve studi\u00edch t\u00fdkaj\u00edc\u00edch se <strong data-start=\"1689\" data-end=\"1751\">r\u016fst sval\u016f, metabolismus, oprava bun\u011bk a boj proti st\u00e1rnut\u00ed.<\/strong> funkce.<\/p>\n<p data-start=\"1766\" data-end=\"1971\">Tento r\u016fstov\u00fd hormon p\u016fsob\u00ed prost\u0159ednictv\u00edm stimulace <strong data-start=\"1814\" data-end=\"1854\">IGF-1 (inzulinu podobn\u00fd r\u016fstov\u00fd faktor-1)<\/strong> dr\u00e1hy, kter\u00e9 hraj\u00ed z\u00e1sadn\u00ed roli v <strong data-start=\"1892\" data-end=\"1915\">regenerace tk\u00e1n\u00ed<\/strong>, <strong data-start=\"1917\" data-end=\"1939\">v\u00fdvoj sval\u016f<\/strong>, a <strong data-start=\"1945\" data-end=\"1970\">zlep\u0161en\u00ed metabolismu<\/strong>.<\/p>\n<hr data-start=\"1973\" data-end=\"1976\" \/>\n<h3 data-start=\"1978\" data-end=\"2014\"><strong data-start=\"1982\" data-end=\"2014\">Kl\u00ed\u010dov\u00e9 v\u00fdhody Jintropin 100iu HGH<\/strong><\/h3>\n<p data-start=\"2015\" data-end=\"2135\">V\u00fdzkumn\u00e9 studie nazna\u010duj\u00ed, \u017ee <strong data-start=\"2045\" data-end=\"2062\">HGH modr\u00e9 topy<\/strong> m\u016f\u017ee p\u0159isp\u011bt k n\u00e1sleduj\u00edc\u00edm fyziologick\u00fdm a bun\u011b\u010dn\u00fdm zlep\u0161en\u00edm:<\/p>\n<ul data-start=\"2137\" data-end=\"2831\">\n<li data-start=\"2137\" data-end=\"2205\">\n<p data-start=\"2139\" data-end=\"2205\">Sn\u00ed\u017een\u00ed <strong data-start=\"2152\" data-end=\"2203\">celulitida, vr\u00e1sky a viditeln\u00e9 zn\u00e1mky st\u00e1rnut\u00ed.<\/strong><\/p>\n<\/li>\n<li data-start=\"2206\" data-end=\"2286\">\n<p data-start=\"2208\" data-end=\"2286\">Podpora pro <strong data-start=\"2220\" data-end=\"2235\">n\u00e1r\u016fst svalov\u00e9 hmoty<\/strong>, <strong data-start=\"2237\" data-end=\"2249\">odbour\u00e1v\u00e1n\u00ed tuk\u016f<\/strong>, a <strong data-start=\"2255\" data-end=\"2284\">zlep\u0161en\u00ed t\u011blesn\u00e9 stavby<\/strong><\/p>\n<\/li>\n<li data-start=\"2287\" data-end=\"2347\">\n<p data-start=\"2289\" data-end=\"2347\">Vylep\u0161en\u00e9 str\u00e1nky <strong data-start=\"2298\" data-end=\"2315\">sexu\u00e1ln\u00ed zdrav\u00ed<\/strong>, <strong data-start=\"2317\" data-end=\"2327\">libido<\/strong>, a <strong data-start=\"2333\" data-end=\"2345\">vitalita<\/strong><\/p>\n<\/li>\n<li data-start=\"2348\" data-end=\"2415\">\n<p data-start=\"2350\" data-end=\"2415\">Podpora <strong data-start=\"2363\" data-end=\"2390\">hlubok\u00fd, regenera\u010dn\u00ed sp\u00e1nek<\/strong> a <strong data-start=\"2395\" data-end=\"2413\">stabilita n\u00e1lady<\/strong><\/p>\n<\/li>\n<li data-start=\"2416\" data-end=\"2485\">\n<p data-start=\"2418\" data-end=\"2485\">Stimulace <strong data-start=\"2433\" data-end=\"2450\">op\u011btovn\u00fd r\u016fst vlas\u016f<\/strong> a obnoven\u00ed p\u0159irozen\u00e9 barvy<\/p>\n<\/li>\n<li data-start=\"2486\" data-end=\"2547\">\n<p data-start=\"2488\" data-end=\"2547\">V\u00fdrazn\u00fd n\u00e1r\u016fst <strong data-start=\"2511\" data-end=\"2545\">energie, vytrvalost a odolnost<\/strong><\/p>\n<\/li>\n<li data-start=\"2548\" data-end=\"2603\">\n<p data-start=\"2550\" data-end=\"2603\">Vylep\u0161en\u00e9 str\u00e1nky <strong data-start=\"2559\" data-end=\"2601\">pam\u011b\u0165, soust\u0159ed\u011bn\u00ed a kognitivn\u00ed bd\u011blost.<\/strong><\/p>\n<\/li>\n<li data-start=\"2604\" data-end=\"2690\">\n<p data-start=\"2606\" data-end=\"2690\">Podpora pro <strong data-start=\"2618\" data-end=\"2634\">hustota kost\u00ed<\/strong>, <strong data-start=\"2636\" data-end=\"2652\">zdrav\u00ed kloub\u016f<\/strong>, a <strong data-start=\"2658\" data-end=\"2688\">regenerace pojivov\u00e9 tk\u00e1n\u011b<\/strong><\/p>\n<\/li>\n<li data-start=\"2691\" data-end=\"2777\">\n<p data-start=\"2693\" data-end=\"2777\">Zlep\u0161en\u00ed v <strong data-start=\"2708\" data-end=\"2730\">hladiny cholesterolu<\/strong>, <strong data-start=\"2732\" data-end=\"2750\">krevn\u00ed tlak<\/strong>, a <strong data-start=\"2756\" data-end=\"2775\">imunitn\u00ed funkce<\/strong><\/p>\n<\/li>\n<li data-start=\"2778\" data-end=\"2831\">\n<p data-start=\"2780\" data-end=\"2831\">Zrychlen\u00fd <strong data-start=\"2792\" data-end=\"2829\">zotaven\u00ed po zran\u011bn\u00ed nebo \u00fanav\u011b<\/strong><\/p>\n<\/li>\n<\/ul>\n<blockquote data-start=\"2833\" data-end=\"2992\">\n<p data-start=\"2835\" data-end=\"2992\"><strong data-start=\"2835\" data-end=\"2844\">Pozn\u00e1mka:<\/strong> V\u0161echny v\u00fd\u0161e uveden\u00e9 v\u00fdhody jsou zalo\u017eeny na pr\u016fb\u011b\u017en\u00e9m <strong data-start=\"2885\" data-end=\"2921\">klinick\u00fd a laboratorn\u00ed v\u00fdzkum<\/strong>. Tento produkt je <strong data-start=\"2939\" data-end=\"2991\">nejsou ur\u010deny k lidsk\u00e9 ani veterin\u00e1rn\u00ed spot\u0159eb\u011b<\/strong>.<\/p>\n<\/blockquote>\n<hr data-start=\"2994\" data-end=\"2997\" \/>\n<h3 data-start=\"2999\" data-end=\"3019\"><strong data-start=\"3003\" data-end=\"3019\">Aplikace Jintropin 100iu HGH<\/strong><\/h3>\n<p data-start=\"3020\" data-end=\"3090\">Jintropin 100iu HGH jsou \u0161iroce studov\u00e1ny pro jejich potenci\u00e1ln\u00ed \u00fa\u010dinky v:<\/p>\n<ul data-start=\"3091\" data-end=\"3303\">\n<li data-start=\"3091\" data-end=\"3131\">\n<p data-start=\"3093\" data-end=\"3131\"><strong data-start=\"3093\" data-end=\"3129\">Endokrinn\u00ed a metabolick\u00fd v\u00fdzkum<\/strong><\/p>\n<\/li>\n<li data-start=\"3132\" data-end=\"3170\">\n<p data-start=\"3134\" data-end=\"3170\"><strong data-start=\"3134\" data-end=\"3168\">Studie r\u016fstu a v\u00fdvoje<\/strong><\/p>\n<\/li>\n<li data-start=\"3171\" data-end=\"3214\">\n<p data-start=\"3173\" data-end=\"3214\"><strong data-start=\"3173\" data-end=\"3212\">Oprava tk\u00e1n\u00ed a regenerace bun\u011bk<\/strong><\/p>\n<\/li>\n<li data-start=\"3215\" data-end=\"3255\">\n<p data-start=\"3217\" data-end=\"3255\"><strong data-start=\"3217\" data-end=\"3253\">V\u00fdzkum proti st\u00e1rnut\u00ed a vitalit\u011b<\/strong><\/p>\n<\/li>\n<li data-start=\"3256\" data-end=\"3303\">\n<p data-start=\"3258\" data-end=\"3303\"><strong data-start=\"3258\" data-end=\"3303\">Studie sportovn\u00edho v\u00fdkonu a regenerace<\/strong><\/p>\n<\/li>\n<\/ul>\n<p data-start=\"3305\" data-end=\"3518\">Krom\u011b toho bylo pozorov\u00e1no, \u017ee lidsk\u00fd r\u016fstov\u00fd hormon <strong data-start=\"3360\" data-end=\"3395\">zvy\u0161uj\u00ed pevnost kost\u00ed a org\u00e1n\u016f<\/strong>, <strong data-start=\"3397\" data-end=\"3422\">podpora r\u016fstu \u0161lach<\/strong>, a <strong data-start=\"3428\" data-end=\"3460\">stimuluj\u00ed synt\u00e9zu kolagenu<\/strong> - kl\u00ed\u010dov\u00e9 aspekty mladistv\u00e9 bun\u011b\u010dn\u00e9 funkce a regenerace.<\/p>\n<hr data-start=\"3520\" data-end=\"3523\" \/>\n<h3 data-start=\"3525\" data-end=\"3545\"><strong data-start=\"3529\" data-end=\"3545\">Jak to funguje Jintropin 100iu HGH<\/strong><\/h3>\n<p data-start=\"3546\" data-end=\"3867\">HGH funguje tak, \u017ee se v\u00e1\u017ee na specifick\u00e9 <strong data-start=\"3583\" data-end=\"3611\">receptory r\u016fstov\u00e9ho hormonu<\/strong>, co\u017e vyvol\u00e1 uvoln\u011bn\u00ed <strong data-start=\"3639\" data-end=\"3648\">IGF-1<\/strong>, siln\u00fd anabolick\u00fd medi\u00e1tor.<br data-start=\"3679\" data-end=\"3682\" \/>T\u00edmto mechanismem HGH pom\u00e1h\u00e1 <strong data-start=\"3716\" data-end=\"3737\">budov\u00e1n\u00ed svalov\u00e9 hmoty<\/strong>, <strong data-start=\"3739\" data-end=\"3764\">sn\u00ed\u017eit mno\u017estv\u00ed tukov\u00e9 tk\u00e1n\u011b<\/strong>, a <strong data-start=\"3770\" data-end=\"3804\">obnovit fyziologickou vitalitu<\/strong> zlep\u0161en\u00edm \u00fa\u010dinnosti metabolismu a omlazen\u00edm bun\u011bk.<\/p>\n<hr data-start=\"3869\" data-end=\"3872\" \/>\n<h3 data-start=\"3874\" data-end=\"3902\"><strong data-start=\"3878\" data-end=\"3902\">Pokyny pro skladov\u00e1n\u00ed<\/strong><\/h3>\n<ul data-start=\"3903\" data-end=\"4172\">\n<li data-start=\"3903\" data-end=\"3960\">\n<p data-start=\"3905\" data-end=\"3960\">Ulo\u017een\u00ed mezi <strong data-start=\"3919\" data-end=\"3928\">2-8\u00b0C<\/strong>, chr\u00e1n\u011bn\u00e9 p\u0159ed p\u0159\u00edm\u00fdm sv\u011btlem.<\/p>\n<\/li>\n<li data-start=\"3961\" data-end=\"4022\">\n<p data-start=\"3963\" data-end=\"4022\">P\u0159ed rekonstituc\u00ed uchov\u00e1vejte uzav\u0159en\u00fd na chladn\u00e9m a such\u00e9m m\u00edst\u011b.<\/p>\n<\/li>\n<li data-start=\"4023\" data-end=\"4099\">\n<p data-start=\"4025\" data-end=\"4099\">V chladu z\u016fst\u00e1v\u00e1 v\u00fdrobek stabiln\u00ed a\u017e do data spot\u0159eby.<\/p>\n<\/li>\n<li data-start=\"4100\" data-end=\"4172\">\n<p data-start=\"4102\" data-end=\"4172\">Nevystavujte se teplot\u00e1m vy\u0161\u0161\u00edm ne\u017e <strong data-start=\"4139\" data-end=\"4147\">30\u00b0C<\/strong> zachovat integritu.<\/p>\n<\/li>\n<\/ul>\n<hr data-start=\"4174\" data-end=\"4177\" \/>\n<h3 data-start=\"4179\" data-end=\"4197\"><strong data-start=\"4183\" data-end=\"4197\">Odm\u00edtnut\u00ed odpov\u011bdnosti<\/strong><\/h3>\n<p data-start=\"4198\" data-end=\"4376\">Tento <strong data-start=\"4203\" data-end=\"4254\">Vysoce kvalitn\u00ed HGH Blue Tops lidsk\u00fd r\u016fstov\u00fd hormon<\/strong> se prod\u00e1v\u00e1 <strong data-start=\"4263\" data-end=\"4312\">pouze pro laboratorn\u00ed a v\u00fdzkumn\u00e9 \u00fa\u010dely<\/strong>.<br data-start=\"4313\" data-end=\"4316\" \/>Je to <strong data-start=\"4322\" data-end=\"4373\">nen\u00ed schv\u00e1leno pro pod\u00e1v\u00e1n\u00ed lidem nebo zv\u00ed\u0159at\u016fm<\/strong>.<\/p>\n<hr data-start=\"4378\" data-end=\"4381\" \/>\n<h3 data-start=\"4383\" data-end=\"4419\"><strong data-start=\"4387\" data-end=\"4417\">Meta n\u00e1zev (70 znak\u016f)<\/strong><\/h3>\n<p data-start=\"4420\" data-end=\"4492\">Vysoce kvalitn\u00ed HGH Blue Tops lidsk\u00fd r\u016fstov\u00fd hormon 99% \u010distoty | Bulk Sale<\/p>\n<h3 data-start=\"4494\" data-end=\"4537\"><strong data-start=\"4498\" data-end=\"4535\">Meta popis (160 znak\u016f)<\/strong><\/h3>\n<p data-start=\"4538\" data-end=\"4688\">Koupit pr\u00e9mii HGH Blue Tops lidsk\u00fd r\u016fstov\u00fd hormon (99% \u010distoty) pro v\u00fdzkum. Farmaceutick\u00e1 kvalita, nezna\u010den\u00fd sypk\u00fd lyofilizovan\u00fd pr\u00e1\u0161ek dostupn\u00fd online.<\/p>\n<h3 data-start=\"4690\" data-end=\"4727\"><strong data-start=\"4694\" data-end=\"4725\">Kl\u00ed\u010dov\u00e9 slovo pro RankMath:<\/strong><\/h3>","protected":false},"excerpt":{"rendered":"<p>Jintropin 100iu HGH Product Overview Our Jintropin 100iu HGH\u00a0Human Growth Hormone is a premium-grade recombinant peptide offered in bulk unlabelled form for laboratory and pharmaceutical research purposes.This lyophilized white powder demonstrates 99% purity, ensuring consistent quality and reliability for advanced biological and pharmacological studies. Product Specifications Parameter Details Product Name Jintropin 100iu HGH Purity 99% [&hellip;]<\/p>\n","protected":false},"featured_media":1766,"comment_status":"open","ping_status":"closed","template":"","meta":[],"product_brand":[],"product_cat":[391],"product_tag":[752,935,944,934,949,945,938,933,932,943,751,753,748,749,939,750,931,940,937,948,936,946,947,942,941],"class_list":{"0":"post-1765","1":"product","2":"type-product","3":"status-publish","4":"has-post-thumbnail","6":"product_cat-peptides","7":"product_tag-10iu-blue-tops-hgh-unlabelled-bulk-whlosale","8":"product_tag-aas-poland","9":"product_tag-aas-raw-materials-australia","10":"product_tag-aas-raws","11":"product_tag-anabolic-steroid-manufacturer-canada","12":"product_tag-anabolic-steroid-powders-online","13":"product_tag-best-steroid-powder-supplier-usa","14":"product_tag-buy-aas-raws-online","15":"product_tag-buy-raw-steroid-powders-online","16":"product_tag-buy-raw-steroids-china","17":"product_tag-growth-hormone-bulk-buy-china","18":"product_tag-hgh-191aa-for-sale-china","19":"product_tag-hgh-unlabelled-bulk-buy-china","20":"product_tag-hgh-vials-bulk-wholesale","21":"product_tag-high-purity-anabolic-steroids-canada","22":"product_tag-pure-hgh-unlabelled-for-sale","23":"product_tag-raw-steroids-for-sale","24":"product_tag-steroid-raw-material-factory-europe","25":"product_tag-steroid-raws-online","26":"product_tag-steroid-raws-supplier-florida","27":"product_tag-supplier-usa","28":"product_tag-testosterone-raw-powder-poland","29":"product_tag-trenbolone-powder-thailand","30":"product_tag-trusted-steroid-raw-supplier-worldwide","31":"product_tag-wholesale-steroid-powders-australia","33":"first","34":"instock","35":"shipping-taxable","36":"product-type-simple"},"_links":{"self":[{"href":"https:\/\/shgotopharm.com\/cs\/wp-json\/wp\/v2\/product\/1765","targetHints":{"allow":["GET"]}}],"collection":[{"href":"https:\/\/shgotopharm.com\/cs\/wp-json\/wp\/v2\/product"}],"about":[{"href":"https:\/\/shgotopharm.com\/cs\/wp-json\/wp\/v2\/types\/product"}],"replies":[{"embeddable":true,"href":"https:\/\/shgotopharm.com\/cs\/wp-json\/wp\/v2\/comments?post=1765"}],"wp:featuredmedia":[{"embeddable":true,"href":"https:\/\/shgotopharm.com\/cs\/wp-json\/wp\/v2\/media\/1766"}],"wp:attachment":[{"href":"https:\/\/shgotopharm.com\/cs\/wp-json\/wp\/v2\/media?parent=1765"}],"wp:term":[{"taxonomy":"product_brand","embeddable":true,"href":"https:\/\/shgotopharm.com\/cs\/wp-json\/wp\/v2\/product_brand?post=1765"},{"taxonomy":"product_cat","embeddable":true,"href":"https:\/\/shgotopharm.com\/cs\/wp-json\/wp\/v2\/product_cat?post=1765"},{"taxonomy":"product_tag","embeddable":true,"href":"https:\/\/shgotopharm.com\/cs\/wp-json\/wp\/v2\/product_tag?post=1765"}],"curies":[{"name":"wp","href":"https:\/\/api.w.org\/{rel}","templated":true}]}}