{"id":1769,"date":"2025-11-04T13:06:33","date_gmt":"2025-11-04T13:06:33","guid":{"rendered":"https:\/\/shgotopharm.com\/?post_type=product&#038;p=1769"},"modified":"2025-12-12T18:05:24","modified_gmt":"2025-12-12T18:05:24","slug":"koupit-drostanolone-enanthate","status":"publish","type":"product","link":"https:\/\/shgotopharm.com\/cs\/product\/buy-drostanolone-enanthate\/","title":{"rendered":"Koupit Drostanolone Enanthate (Masteron Enanthate)"},"content":{"rendered":"<h2><a href=\"https:\/\/shgotopharm.com\/cs\/product\/koupit-drostanolone-enanthate\/\">Koupit Drostanolone Enanthate (Masteron Enanthate)<\/a><\/h2>\n<p>Drostanolon, \u0161iroce zn\u00e1m\u00fd pod obchodn\u00edm n\u00e1zvem Masteron, je anabolick\u00fd steroid odvozen\u00fd od dihydrotestosteronu (DHT). D\u00edky m\u00edrn\u00e9 chemick\u00e9 \u00faprav\u011b vykazuje drostanolon siln\u011bj\u0161\u00ed anabolick\u00fd \u00fa\u010dinek ve srovn\u00e1n\u00ed se samotn\u00fdm DHT.<\/p>\n<p>Ob\u011b verze obsahuj\u00ed stejn\u00fd aktivn\u00ed hormon, ale li\u0161\u00ed se v esterov\u00e9 vazb\u011b, kter\u00e1 ovliv\u0148uje, jak rychle se steroid uvol\u0148uje do krevn\u00edho ob\u011bhu a jak dlouho z\u016fst\u00e1v\u00e1 v t\u011ble aktivn\u00ed. Ester nem\u011bn\u00ed skute\u010dnou funkci Drostanolonu - po odpojen\u00ed \u010dist\u00fd hormon \u00fa\u010dinn\u011b dod\u00e1v\u00e1 sv\u00e9 \u00fa\u010dinky.<\/p>\n<h3>Koupit Drostanolone Enanthate (Masteron Enanthate)<\/h3>\n<p>Masteron Enanthate nebo Drostanolone Enanthate je pozoruhodn\u00fd t\u00edm, \u017ee je jedn\u00edm z m\u00e1la anabolick\u00fdch steroid\u016f se siln\u00fdmi antiestrogenn\u00edmi vlastnostmi. D\u00edky tomu je obl\u00edben\u00fd v p\u0159edsout\u011b\u017en\u00edch kulturistick\u00fdch cyklech, kde se sportovci sna\u017e\u00ed zv\u00fd\u0161it tvrdost a definici sval\u016f a z\u00e1rove\u0148 minimalizovat zadr\u017eov\u00e1n\u00ed vody.<\/p>\n<p>A\u010dkoli jsou jeho \u00fa\u010dinky p\u0159i samostatn\u00e9m u\u017e\u00edv\u00e1n\u00ed pom\u011brn\u011b m\u00edrn\u00e9, Masteron Enanthate p\u016fsob\u00ed synergicky s dal\u0161\u00edmi anabolick\u00fdmi slou\u010deninami, kter\u00e9 podporuj\u00ed \u0161t\u00edhlej\u0161\u00ed, hust\u0161\u00ed a tvarovan\u011bj\u0161\u00ed postavu. Oce\u0148uj\u00ed ho zejm\u00e9na sout\u011b\u017en\u00ed i rekrea\u010dn\u00ed kulturist\u00e9 ve f\u00e1z\u00edch \u0159ez\u00e1n\u00ed. Koupit Drostanolone Enanthate<\/p>\n<h3>Masteron Enanthate: Kl\u00ed\u010dov\u00e9 \u00fadaje<\/h3>\n<p>Z\u00e1kladn\u00ed slou\u010denina: Dihydrotestosteron (DHT)<\/p>\n<p>Kategorie: Anabolicko-androgenn\u00ed steroidy (AAS)<\/p>\n<p>Prim\u00e1rn\u00ed pou\u017eit\u00ed: \u0158ez\u00e1n\u00ed a p\u0159\u00edprava p\u0159ed sout\u011b\u017e\u00ed<\/p>\n<p>Pozoruhodn\u00e1 funkce: Antiestrogenn\u00ed \u00fa\u010dinek - pom\u00e1h\u00e1 sni\u017eovat vedlej\u0161\u00ed \u00fa\u010dinky souvisej\u00edc\u00ed s estrogenem<\/p>\n<p>Forma: Injek\u010dn\u00ed<\/p>\n<p>Masteron Enanthate se p\u016fvodn\u011b vyvinul jako podzemn\u00ed modifikace dnes ji\u017e nepou\u017e\u00edvan\u00e9ho drostanolon propion\u00e1tu, kter\u00fd nab\u00edz\u00ed del\u0161\u00ed esterov\u00fd \u0159et\u011bzec pro prodlou\u017een\u00ed aktivity a m\u00e9n\u011b \u010dast\u00e9 injekce.<\/p>\n<h3>Typick\u00e9 d\u00e1vkov\u00e1n\u00ed Masteron Enanthate<\/h3>\n<p>U v\u011bt\u0161iny u\u017eivatel\u016f mu\u017esk\u00e9ho pohlav\u00ed se za standardn\u00ed d\u00e1vkov\u00e1n\u00ed pova\u017euje 400-500 mg t\u00fddn\u011b.<br \/>\nCelkov\u00e1 t\u00fddenn\u00ed d\u00e1vka se b\u011b\u017en\u011b rozd\u011bl\u00ed do dvou injekc\u00ed - nap\u0159:<\/p>\n<p>Pond\u011bl\u00ed: Prvn\u00ed d\u00e1vka<\/p>\n<p>\u010ctvrtek: Druh\u00e1 d\u00e1vka<\/p>\n<p>Typick\u00fd cyklus trv\u00e1 6 a\u017e 12 t\u00fddn\u016f v z\u00e1vislosti na individu\u00e1ln\u00edch c\u00edlech, \u00farovni zku\u0161enost\u00ed a celkov\u00e9m slo\u017een\u00ed cyklu.<\/p>\n<h3>Z\u00e1v\u011bre\u010dn\u00e9 my\u0161lenky<\/h3>\n<p>Drostanolon Enanthate (Masteron Enanthate) z\u016fst\u00e1v\u00e1 z\u00e1kladn\u00edm kamenem pro kulturisty, kte\u0159\u00ed hledaj\u00ed such\u00fd, tvrd\u00fd vzhled s minim\u00e1ln\u00ed estrogenn\u00ed aktivitou. Jeho kompatibilita s jin\u00fdmi anabolick\u00fdmi steroidy z n\u011bj \u010din\u00ed \u00fa\u010dinn\u00fd dopln\u011bk cykl\u016f pro \u0159ez\u00e1n\u00ed a p\u0159\u00edpravu na sout\u011b\u017ee, zejm\u00e9na pro sportovce usiluj\u00edc\u00ed o extra v\u00fdhodu v definici sval\u016f. Koupit Drostanolone Enanthate<\/p>","protected":false},"excerpt":{"rendered":"<h2><a href=\"https:\/\/shgotopharm.com\/cs\/product\/koupit-drostanolone-enanthate\/\">Koupit Drostanolone Enanthate (Masteron Enanthate)<\/a><\/h2>\n<p>Drostanolon, \u0161iroce zn\u00e1m\u00fd pod obchodn\u00edm n\u00e1zvem Masteron, je anabolick\u00fd steroid odvozen\u00fd od dihydrotestosteronu (DHT).<\/p>","protected":false},"featured_media":1770,"comment_status":"open","ping_status":"closed","template":"","meta":[],"product_brand":[],"product_cat":[390],"product_tag":[935,944,934,949,945,938,933,756,757,932,943,758,759,760,761,762,764,755,763,939,931,754,940,937,948,936,946,947,942,941],"class_list":{"0":"post-1769","1":"product","2":"type-product","3":"status-publish","4":"has-post-thumbnail","6":"product_cat-oral-steroids","7":"product_tag-aas-poland","8":"product_tag-aas-raw-materials-australia","9":"product_tag-aas-raws","10":"product_tag-anabolic-steroid-manufacturer-canada","11":"product_tag-anabolic-steroid-powders-online","12":"product_tag-best-steroid-powder-supplier-usa","13":"product_tag-buy-aas-raws-online","14":"product_tag-buy-drostanolone-enanthate","15":"product_tag-buy-drostanolone-enanthate-powder","16":"product_tag-buy-raw-steroid-powders-online","17":"product_tag-buy-raw-steroids-china","18":"product_tag-drostanolone-enanthate","19":"product_tag-drostanolone-enanthate-200","20":"product_tag-drostanolone-enanthate-200mg","21":"product_tag-drostanolone-enanthate-bodybuilding","22":"product_tag-drostanolone-enanthate-raw-powder","23":"product_tag-drostanolone-powder-australia","24":"product_tag-drostanolone-powder-drostanolone-masteron-raws-anabolic-steroid-hormone","25":"product_tag-drostanolone-powder-usa","26":"product_tag-high-purity-anabolic-steroids-canada","27":"product_tag-raw-steroids-for-sale","28":"product_tag-steroid-raw","29":"product_tag-steroid-raw-material-factory-europe","30":"product_tag-steroid-raws-online","31":"product_tag-steroid-raws-supplier-florida","32":"product_tag-supplier-usa","33":"product_tag-testosterone-raw-powder-poland","34":"product_tag-trenbolone-powder-thailand","35":"product_tag-trusted-steroid-raw-supplier-worldwide","36":"product_tag-wholesale-steroid-powders-australia","38":"first","39":"instock","40":"shipping-taxable","41":"product-type-simple"},"_links":{"self":[{"href":"https:\/\/shgotopharm.com\/cs\/wp-json\/wp\/v2\/product\/1769","targetHints":{"allow":["GET"]}}],"collection":[{"href":"https:\/\/shgotopharm.com\/cs\/wp-json\/wp\/v2\/product"}],"about":[{"href":"https:\/\/shgotopharm.com\/cs\/wp-json\/wp\/v2\/types\/product"}],"replies":[{"embeddable":true,"href":"https:\/\/shgotopharm.com\/cs\/wp-json\/wp\/v2\/comments?post=1769"}],"wp:featuredmedia":[{"embeddable":true,"href":"https:\/\/shgotopharm.com\/cs\/wp-json\/wp\/v2\/media\/1770"}],"wp:attachment":[{"href":"https:\/\/shgotopharm.com\/cs\/wp-json\/wp\/v2\/media?parent=1769"}],"wp:term":[{"taxonomy":"product_brand","embeddable":true,"href":"https:\/\/shgotopharm.com\/cs\/wp-json\/wp\/v2\/product_brand?post=1769"},{"taxonomy":"product_cat","embeddable":true,"href":"https:\/\/shgotopharm.com\/cs\/wp-json\/wp\/v2\/product_cat?post=1769"},{"taxonomy":"product_tag","embeddable":true,"href":"https:\/\/shgotopharm.com\/cs\/wp-json\/wp\/v2\/product_tag?post=1769"}],"curies":[{"name":"wp","href":"https:\/\/api.w.org\/{rel}","templated":true}]}}