{"id":1772,"date":"2025-11-05T01:02:32","date_gmt":"2025-11-05T01:02:32","guid":{"rendered":"https:\/\/shgotopharm.com\/?post_type=product&#038;p=1772"},"modified":"2025-11-10T10:05:02","modified_gmt":"2025-11-10T10:05:02","slug":"surovy-drostanolon-propionat-masteron","status":"publish","type":"product","link":"https:\/\/shgotopharm.com\/cs\/product\/raw-drostanolone-propionate-masteron\/","title":{"rendered":"Surov\u00fd drostanolon propion\u00e1t Masteron"},"content":{"rendered":"<h2><a href=\"https:\/\/shgotopharm.com\/cs\/product\/surovy-drostanolon-propionat-masteron\/\"><strong data-start=\"263\" data-end=\"303\">Surov\u00fd drostanolon propion\u00e1t Masteron<\/strong><\/a><\/h2>\n<p data-start=\"305\" data-end=\"649\"><strong data-start=\"305\" data-end=\"345\">Surov\u00fd drostanolon propion\u00e1t Masteron<\/strong> je prvot\u0159\u00eddn\u00ed anabolick\u00fd steroid, kter\u00fd je \u0161iroce uzn\u00e1v\u00e1n pro svou schopnost zvy\u0161ovat tvrdost, hustotu a definici sval\u016f. P\u016fvodn\u011b byl vyvinut pro l\u00e9ka\u0159sk\u00e9 pou\u017eit\u00ed, ale stal se obl\u00edben\u00fdm mezi sportovci a sout\u011b\u017en\u00edmi kulturisty, jejich\u017e c\u00edlem je udr\u017eet si s\u00edlu a z\u00e1rove\u0148 sn\u00ed\u017eit mno\u017estv\u00ed t\u011blesn\u00e9ho tuku a zadr\u017eov\u00e1n\u00ed vody v t\u011ble.<\/p>\n<p data-start=\"651\" data-end=\"1015\">Tato slou\u010denina je zvl\u00e1\u0161t\u011b prosp\u011b\u0161n\u00e1 pro <strong data-start=\"694\" data-end=\"741\">b\u011b\u017eci, bojovn\u00edci a v\u00fdkonnostn\u00ed sportovci.<\/strong> kte\u0159\u00ed si pot\u0159ebuj\u00ed udr\u017eet maxim\u00e1ln\u00ed s\u00edlu a v\u00fdkon bez nadv\u00e1hy. V kulturistick\u00e9 komunit\u011b, <strong data-start=\"853\" data-end=\"880\">Drostanolon propion\u00e1t<\/strong> je obdivov\u00e1n pro svou <strong data-start=\"900\" data-end=\"941\">diuretick\u00e9 a formuj\u00edc\u00ed \u00fa\u010dinky.<\/strong>, co\u017e u\u017eivatel\u016fm pom\u00e1h\u00e1 dos\u00e1hnout \u0161t\u00edhl\u00e9ho, such\u00e9ho a dob\u0159e tvarovan\u00e9ho vzhledu na jevi\u0161ti.<\/p>\n<hr data-start=\"1017\" data-end=\"1020\" \/>\n<h3 data-start=\"1022\" data-end=\"1080\"><strong data-start=\"1025\" data-end=\"1080\">Surov\u00fd drostanolon propion\u00e1t Masteron Specifikace<\/strong><\/h3>\n<ul data-start=\"1082\" data-end=\"1276\">\n<li data-start=\"1082\" data-end=\"1106\">\n<p data-start=\"1084\" data-end=\"1106\"><strong data-start=\"1084\" data-end=\"1095\">ID CAS::<\/strong> 521-12-0<\/p>\n<\/li>\n<li data-start=\"1107\" data-end=\"1128\">\n<p data-start=\"1109\" data-end=\"1128\"><strong data-start=\"1109\" data-end=\"1120\">\u010cistota:<\/strong> \u2265 99%<\/p>\n<\/li>\n<li data-start=\"1129\" data-end=\"1157\">\n<p data-start=\"1131\" data-end=\"1157\"><strong data-start=\"1131\" data-end=\"1145\">\u010c\u00edslo EINECS<\/strong> 208-303-1<\/p>\n<\/li>\n<li data-start=\"1158\" data-end=\"1193\">\n<p data-start=\"1160\" data-end=\"1193\"><strong data-start=\"1160\" data-end=\"1182\">Molekul\u00e1rn\u00ed vzorec:<\/strong> C\u2082\u2083H\u2083\u2086O\u2083<\/p>\n<\/li>\n<li data-start=\"1194\" data-end=\"1226\">\n<p data-start=\"1196\" data-end=\"1226\"><strong data-start=\"1196\" data-end=\"1217\">Molekulov\u00e1 hmotnost:<\/strong> 360.53<\/p>\n<\/li>\n<li data-start=\"1227\" data-end=\"1276\">\n<p data-start=\"1229\" data-end=\"1276\"><strong data-start=\"1229\" data-end=\"1244\">Vzhled:<\/strong> B\u00edl\u00fd jemn\u00fd krystalick\u00fd pr\u00e1\u0161ek<\/p>\n<\/li>\n<\/ul>\n<p data-start=\"1278\" data-end=\"1464\">Na\u0161e <strong data-start=\"1282\" data-end=\"1329\">Surov\u00fd drostanolon propion\u00e1t Masteron pr\u00e1\u0161ek<\/strong> m\u00e1 vysokou \u010distotu a farmaceutickou kvalitu - je ide\u00e1ln\u00ed pro v\u00fdzkum, formulaci nebo pokro\u010dilou p\u0159\u00edpravu pod odborn\u00fdm veden\u00edm.<\/p>\n<hr data-start=\"1466\" data-end=\"1469\" \/>\n<h3 data-start=\"1471\" data-end=\"1502\"><strong data-start=\"1474\" data-end=\"1502\">Hlavn\u00ed p\u0159\u00ednosy a \u00fa\u010dinky<\/strong><\/h3>\n<p data-start=\"1504\" data-end=\"1692\"><strong data-start=\"1504\" data-end=\"1531\">Drostanolon propion\u00e1t<\/strong> zvy\u0161uje definici a hustotu sval\u016f, \u010d\u00edm\u017e vytv\u00e1\u0159\u00ed ost\u0159ej\u0161\u00ed a tvrd\u0161\u00ed vzhled, zejm\u00e9na u sportovc\u016f s ji\u017e n\u00edzkou hladinou t\u011blesn\u00e9ho tuku. P\u0159i spr\u00e1vn\u00e9m pou\u017eit\u00ed m\u016f\u017ee:<\/p>\n<ul data-start=\"1694\" data-end=\"1919\">\n<li data-start=\"1694\" data-end=\"1742\">\n<p data-start=\"1696\" data-end=\"1742\"><strong data-start=\"1696\" data-end=\"1740\">Zv\u00fd\u0161en\u00ed tvrdosti a prokrven\u00ed sval\u016f<\/strong><\/p>\n<\/li>\n<li data-start=\"1743\" data-end=\"1787\">\n<p data-start=\"1745\" data-end=\"1787\"><strong data-start=\"1745\" data-end=\"1785\">Zv\u00fd\u0161en\u00ed pevnosti bez zv\u011bt\u0161en\u00ed objemu<\/strong><\/p>\n<\/li>\n<li data-start=\"1788\" data-end=\"1856\">\n<p data-start=\"1790\" data-end=\"1856\"><strong data-start=\"1790\" data-end=\"1854\">Podpora odbour\u00e1v\u00e1n\u00ed tuk\u016f a prevence odbour\u00e1v\u00e1n\u00ed sval\u016f b\u011bhem \u0159ez\u00e1n\u00ed<\/strong><\/p>\n<\/li>\n<li data-start=\"1857\" data-end=\"1919\">\n<p data-start=\"1859\" data-end=\"1919\"><strong data-start=\"1859\" data-end=\"1917\">Udr\u017een\u00ed nebo zlep\u0161en\u00ed v\u00fdkonnosti ve v\u00e1hov\u00fdch kategori\u00edch.<\/strong><\/p>\n<\/li>\n<\/ul>\n<p data-start=\"1921\" data-end=\"2047\">D\u00edky t\u011bmto vlastnostem <strong data-start=\"1943\" data-end=\"1983\">Surov\u00fd drostanolon propion\u00e1t Masteron<\/strong> slou\u010denina pro \u0159ezac\u00ed cykly a p\u0159edsout\u011b\u017en\u00ed f\u00e1ze.<\/p>\n<hr data-start=\"2049\" data-end=\"2052\" \/>\n<h4 data-start=\"2054\" data-end=\"2087\"><strong data-start=\"2057\" data-end=\"2087\">Cykly Masteron pro za\u010d\u00e1te\u010dn\u00edky<\/strong><\/h4>\n<p data-start=\"2089\" data-end=\"2309\">Nov\u00fdm u\u017eivatel\u016fm se doporu\u010duje vst\u0159\u00edknout <strong data-start=\"2131\" data-end=\"2158\">Drostanolon propion\u00e1t<\/strong> <strong data-start=\"2159\" data-end=\"2178\">ka\u017ed\u00fd druh\u00fd den<\/strong> kv\u016fli krat\u0161\u00edmu polo\u010dasu rozpadu. Alternativn\u011b, <strong data-start=\"2224\" data-end=\"2250\">Drostanolon enanthate<\/strong> (del\u0161\u00ed esterov\u00e1 verze) lze pod\u00e1vat dvakr\u00e1t t\u00fddn\u011b.<\/p>\n<p data-start=\"2311\" data-end=\"2341\"><strong data-start=\"2311\" data-end=\"2339\">Doporu\u010den\u00e9 t\u00fddenn\u00ed d\u00e1vkov\u00e1n\u00ed:<\/strong><\/p>\n<ul data-start=\"2342\" data-end=\"2444\">\n<li data-start=\"2342\" data-end=\"2392\">\n<p data-start=\"2344\" data-end=\"2392\"><strong data-start=\"2344\" data-end=\"2368\">Masteron propion\u00e1t:<\/strong> A\u017e 300 mg t\u00fddn\u011b<\/p>\n<\/li>\n<li data-start=\"2393\" data-end=\"2444\">\n<p data-start=\"2395\" data-end=\"2444\"><strong data-start=\"2395\" data-end=\"2422\">Drostanolon enanthate:<\/strong> 400-600 mg t\u00fddn\u011b<\/p>\n<\/li>\n<\/ul>\n<p data-start=\"2446\" data-end=\"2510\">Doba trv\u00e1n\u00ed cyklu by nem\u011bla p\u0159ekro\u010dit <strong data-start=\"2479\" data-end=\"2495\">4 a\u017e 6 t\u00fddn\u016f<\/strong> pro za\u010d\u00e1te\u010dn\u00edky.<\/p>\n<hr data-start=\"2512\" data-end=\"2515\" \/>\n<h3 data-start=\"2517\" data-end=\"2561\"><strong data-start=\"2520\" data-end=\"2561\">Pokyny pro d\u00e1vkov\u00e1n\u00ed Masteron propion\u00e1tu<\/strong><\/h3>\n<ul data-start=\"2563\" data-end=\"2734\">\n<li data-start=\"2563\" data-end=\"2609\">\n<p data-start=\"2565\" data-end=\"2609\"><strong data-start=\"2565\" data-end=\"2592\">Minim\u00e1ln\u00ed \u00fa\u010dinn\u00e1 d\u00e1vka:<\/strong> 100 mg denn\u011b<\/p>\n<\/li>\n<li data-start=\"2610\" data-end=\"2665\">\n<p data-start=\"2612\" data-end=\"2665\"><strong data-start=\"2612\" data-end=\"2641\">Doporu\u010den\u00fd t\u00fddenn\u00ed rozsah:<\/strong> A\u017e 600 mg t\u00fddn\u011b<\/p>\n<\/li>\n<li data-start=\"2666\" data-end=\"2734\">\n<p data-start=\"2668\" data-end=\"2734\"><strong data-start=\"2668\" data-end=\"2692\">Frekvence injekc\u00ed:<\/strong> Ka\u017ed\u00e9 2-3 dny (kv\u016fli kr\u00e1tk\u00e9mu polo\u010dasu rozpadu)<\/p>\n<\/li>\n<\/ul>\n<p data-start=\"2736\" data-end=\"2859\">Zat\u00edmco <strong data-start=\"2742\" data-end=\"2765\">Masteron propion\u00e1t<\/strong> se obvykle \u017een\u00e1m nedoporu\u010duje, n\u011bkter\u00e9 sportovkyn\u011b u\u017e\u00edvaj\u00ed n\u00edzk\u00e9 d\u00e1vky p\u0159ed z\u00e1vody.<\/p>\n<ul data-start=\"2860\" data-end=\"2912\">\n<li data-start=\"2860\" data-end=\"2912\">\n<p data-start=\"2862\" data-end=\"2912\"><strong data-start=\"2862\" data-end=\"2888\">Doporu\u010den\u00e1 d\u00e1vka pro \u017eeny:<\/strong> 100 mg ka\u017ed\u00fdch 4-5 dn\u00ed<\/p>\n<\/li>\n<\/ul>\n<hr data-start=\"2914\" data-end=\"2917\" \/>\n<h4 data-start=\"2919\" data-end=\"2936\"><strong data-start=\"2922\" data-end=\"2936\">Z\u00e1v\u011br<\/strong><\/h4>\n<p data-start=\"2938\" data-end=\"3324\"><strong data-start=\"2938\" data-end=\"2978\">Surov\u00fd drostanolon propion\u00e1t Masteron<\/strong> z\u016fst\u00e1v\u00e1 jednou z nejvyhled\u00e1van\u011bj\u0161\u00edch anabolick\u00fdch l\u00e1tek pro ty, kte\u0159\u00ed usiluj\u00ed o \u0161t\u00edhlou, suchou a na sout\u011b\u017ee p\u0159ipravenou postavu. Jeho kombinace <strong data-start=\"3118\" data-end=\"3143\">zachov\u00e1n\u00ed pevnosti<\/strong>, <strong data-start=\"3145\" data-end=\"3165\">ztvrdnut\u00ed sval\u016f<\/strong>, a <strong data-start=\"3171\" data-end=\"3199\">antiestrogenn\u00ed \u00fa\u010dinky<\/strong> je spolehlivou volbou jak pro profesion\u00e1ln\u00ed kulturisty, tak pro v\u00fdkonnostn\u00ed sportovce v obdob\u00ed \u0159ez\u00e1n\u00ed nebo p\u0159ed sout\u011b\u017e\u00ed.<\/p>","protected":false},"excerpt":{"rendered":"<h2><a href=\"https:\/\/shgotopharm.com\/cs\/product\/surovy-drostanolon-propionat-masteron\/\"><strong data-start=\"263\" data-end=\"303\">Surov\u00fd drostanolon propion\u00e1t Masteron<\/strong><\/a><\/h2>\n<p data-start=\"305\" data-end=\"649\"><strong data-start=\"305\" data-end=\"345\">Surov\u00fd drostanolon propion\u00e1t Masteron<\/strong> je prvot\u0159\u00eddn\u00ed anabolick\u00fd steroid, kter\u00fd je \u0161iroce uzn\u00e1v\u00e1n pro svou schopnost zvy\u0161ovat tvrdost, hustotu a definici sval\u016f.<\/p>","protected":false},"featured_media":1773,"comment_status":"open","ping_status":"closed","template":"","meta":[],"product_brand":[],"product_cat":[390],"product_tag":[935,944,934,949,945,788,938,933,790,793,787,932,943,771,939,777,765,769,783,774,778,780,792,791,795,794,785,773,789,770,766,781,772,775,767,786,784,768,779,782,776,931,940,937,948,936,946,947,942,941],"class_list":{"0":"post-1772","1":"product","2":"type-product","3":"status-publish","4":"has-post-thumbnail","6":"product_cat-oral-steroids","7":"product_tag-aas-poland","8":"product_tag-aas-raw-materials-australia","9":"product_tag-aas-raws","10":"product_tag-anabolic-steroid-manufacturer-canada","11":"product_tag-anabolic-steroid-powders-online","12":"product_tag-best-masteron-propionate-powder","13":"product_tag-best-steroid-powder-supplier-usa","14":"product_tag-buy-aas-raws-online","15":"product_tag-buy-masteron-enanthate","16":"product_tag-buy-masteron-enanthate-uk","17":"product_tag-buy-masteron-online","18":"product_tag-buy-raw-steroid-powders-online","19":"product_tag-buy-raw-steroids-china","20":"product_tag-drostanolone-propionate-steroid-side-effects","21":"product_tag-high-purity-anabolic-steroids-canada","22":"product_tag-how-to-use-masteron-propionate","23":"product_tag-masteron-powders-buy-masteron-propionate","24":"product_tag-masteron-propionate-100mg","25":"product_tag-masteron-propionate-brazil","26":"product_tag-masteron-propionate-buy","27":"product_tag-masteron-propionate-canada","28":"product_tag-masteron-propionate-china","29":"product_tag-masteron-propionate-dosage","30":"product_tag-masteron-propionate-factory","31":"product_tag-masteron-propionate-half-life","32":"product_tag-masteron-propionate-manufacturer","33":"product_tag-masteron-propionate-new-zealand","34":"product_tag-masteron-propionate-powder","35":"product_tag-masteron-propionate-recipe","36":"product_tag-masteron-propionate-stack","37":"product_tag-masteron-propionate-supplier","38":"product_tag-masteron-propionate-sweden","39":"product_tag-masteron-propionate-uk","40":"product_tag-masteron-propionate-usa","41":"product_tag-masteron-propionate-vs-enanthate","42":"product_tag-masteron-raw-powder","43":"product_tag-masteron-steroid-benefits","44":"product_tag-masteron-steroid-buy","45":"product_tag-masteron-steroid-dosage","46":"product_tag-masteron-steroid-price-in-india","47":"product_tag-masteron-steroid-profile","48":"product_tag-raw-steroids-for-sale","49":"product_tag-steroid-raw-material-factory-europe","50":"product_tag-steroid-raws-online","51":"product_tag-steroid-raws-supplier-florida","52":"product_tag-supplier-usa","53":"product_tag-testosterone-raw-powder-poland","54":"product_tag-trenbolone-powder-thailand","55":"product_tag-trusted-steroid-raw-supplier-worldwide","56":"product_tag-wholesale-steroid-powders-australia","58":"first","59":"instock","60":"shipping-taxable","61":"product-type-simple"},"_links":{"self":[{"href":"https:\/\/shgotopharm.com\/cs\/wp-json\/wp\/v2\/product\/1772","targetHints":{"allow":["GET"]}}],"collection":[{"href":"https:\/\/shgotopharm.com\/cs\/wp-json\/wp\/v2\/product"}],"about":[{"href":"https:\/\/shgotopharm.com\/cs\/wp-json\/wp\/v2\/types\/product"}],"replies":[{"embeddable":true,"href":"https:\/\/shgotopharm.com\/cs\/wp-json\/wp\/v2\/comments?post=1772"}],"wp:featuredmedia":[{"embeddable":true,"href":"https:\/\/shgotopharm.com\/cs\/wp-json\/wp\/v2\/media\/1773"}],"wp:attachment":[{"href":"https:\/\/shgotopharm.com\/cs\/wp-json\/wp\/v2\/media?parent=1772"}],"wp:term":[{"taxonomy":"product_brand","embeddable":true,"href":"https:\/\/shgotopharm.com\/cs\/wp-json\/wp\/v2\/product_brand?post=1772"},{"taxonomy":"product_cat","embeddable":true,"href":"https:\/\/shgotopharm.com\/cs\/wp-json\/wp\/v2\/product_cat?post=1772"},{"taxonomy":"product_tag","embeddable":true,"href":"https:\/\/shgotopharm.com\/cs\/wp-json\/wp\/v2\/product_tag?post=1772"}],"curies":[{"name":"wp","href":"https:\/\/api.w.org\/{rel}","templated":true}]}}