{"id":1775,"date":"2025-11-05T02:19:07","date_gmt":"2025-11-05T02:19:07","guid":{"rendered":"https:\/\/shgotopharm.com\/?post_type=product&#038;p=1775"},"modified":"2025-11-10T10:04:34","modified_gmt":"2025-11-10T10:04:34","slug":"surovy-nandrolon-dekanoat","status":"publish","type":"product","link":"https:\/\/shgotopharm.com\/cs\/product\/raw-nandrolone-decanoate\/","title":{"rendered":"Surov\u00fd nandrolon dekano\u00e1t (Deca Durabolin)"},"content":{"rendered":"<h2 data-start=\"373\" data-end=\"430\"><a href=\"https:\/\/shgotopharm.com\/cs\/product\/surovy-nandrolon-dekanoat\/\"><strong data-start=\"376\" data-end=\"430\">Surov\u00fd nandrolon dekano\u00e1t (Deca Durabolin)\u00a0<\/strong><\/a><\/h2>\n<p data-start=\"432\" data-end=\"811\"><strong data-start=\"432\" data-end=\"460\">Surov\u00fd nandrolon dekano\u00e1t<\/strong>, b\u011b\u017en\u011b zn\u00e1m\u00fd pod sv\u00fdm obchodn\u00edm n\u00e1zvem <strong data-start=\"495\" data-end=\"513\">Deca Durabolin<\/strong>, je jedn\u00edm z nejuzn\u00e1van\u011bj\u0161\u00edch a nejroz\u0161\u00ed\u0159en\u011bj\u0161\u00edch anabolick\u00fdch steroid\u016f v kulturistick\u00e9 a atletick\u00e9 komunit\u011b. Je zn\u00e1m\u00fd pro svou schopnost zvy\u0161ovat <strong data-start=\"656\" data-end=\"711\">r\u016fst sval\u016f, regenerace kloub\u016f a celkov\u00e1 s\u00edla<\/strong>, je tato slou\u010denina v\u00fdkonnou volbou jak pro profesion\u00e1ln\u00ed sportovce, tak pro v\u00e1\u017en\u00e9 z\u00e1jemce o fitness.<\/p>\n<hr data-start=\"813\" data-end=\"816\" \/>\n<h2 data-start=\"818\" data-end=\"869\"><strong data-start=\"821\" data-end=\"869\">Informace o surov\u00e9m nandrolon dekano\u00e1tu<\/strong><\/h2>\n<ul data-start=\"871\" data-end=\"1275\">\n<li data-start=\"871\" data-end=\"913\">\n<p data-start=\"873\" data-end=\"913\"><strong data-start=\"873\" data-end=\"890\">N\u00e1zev produktu:<\/strong> Nandrolon dekano\u00e1t<\/p>\n<\/li>\n<li data-start=\"914\" data-end=\"950\">\n<p data-start=\"916\" data-end=\"950\"><strong data-start=\"916\" data-end=\"932\">Dal\u0161\u00ed n\u00e1zvy:<\/strong> Deca, Durabolin<\/p>\n<\/li>\n<li data-start=\"951\" data-end=\"979\">\n<p data-start=\"953\" data-end=\"979\"><strong data-start=\"953\" data-end=\"968\">\u010c\u00edslo CAS:<\/strong> 360-70-3<\/p>\n<\/li>\n<li data-start=\"980\" data-end=\"1005\">\n<p data-start=\"982\" data-end=\"1005\"><strong data-start=\"982\" data-end=\"993\">EINECS:<\/strong> 206-639-3<\/p>\n<\/li>\n<li data-start=\"1006\" data-end=\"1041\">\n<p data-start=\"1008\" data-end=\"1041\"><strong data-start=\"1008\" data-end=\"1030\">Molekul\u00e1rn\u00ed vzorec:<\/strong> C\u2082\u2088H\u2084\u2084O\u2083<\/p>\n<\/li>\n<li data-start=\"1042\" data-end=\"1074\">\n<p data-start=\"1044\" data-end=\"1074\"><strong data-start=\"1044\" data-end=\"1065\">Molekulov\u00e1 hmotnost:<\/strong> 428.65<\/p>\n<\/li>\n<li data-start=\"1075\" data-end=\"1102\">\n<p data-start=\"1077\" data-end=\"1102\"><strong data-start=\"1077\" data-end=\"1088\">\u010cistota:<\/strong> Minim\u00e1ln\u00ed hodnota 99%<\/p>\n<\/li>\n<li data-start=\"1103\" data-end=\"1147\">\n<p data-start=\"1105\" data-end=\"1147\"><strong data-start=\"1105\" data-end=\"1120\">Vzhled:<\/strong> B\u00edl\u00fd krystalick\u00fd pr\u00e1\u0161ek<\/p>\n<\/li>\n<li data-start=\"1148\" data-end=\"1217\">\n<p data-start=\"1150\" data-end=\"1217\"><strong data-start=\"1150\" data-end=\"1164\">Balen\u00ed:<\/strong> 1kg s\u00e1\u010dek z hlin\u00edkov\u00e9 f\u00f3lie (k dispozici je vlastn\u00ed balen\u00ed)<\/p>\n<\/li>\n<li data-start=\"1218\" data-end=\"1275\">\n<p data-start=\"1220\" data-end=\"1275\"><strong data-start=\"1220\" data-end=\"1230\">Pou\u017eit\u00ed:<\/strong> Farmaceutick\u00fd a v\u00fdzkumn\u00fd materi\u00e1l<\/p>\n<\/li>\n<\/ul>\n<hr data-start=\"1277\" data-end=\"1280\" \/>\n<h2 data-start=\"1282\" data-end=\"1315\"><strong data-start=\"1285\" data-end=\"1315\">Popis a pozad\u00ed<\/strong><\/h2>\n<p data-start=\"1317\" data-end=\"1584\"><strong data-start=\"1317\" data-end=\"1341\">Nandrolon dekano\u00e1t<\/strong>, nebo <strong data-start=\"1346\" data-end=\"1364\">Deca Durabolin<\/strong>, je dlouhodob\u011b p\u016fsob\u00edc\u00ed <strong data-start=\"1383\" data-end=\"1420\">anabolick\u00e9-androgenn\u00ed steroidy (AAS)<\/strong> odvozen\u00e9 od testosteronu. Poprv\u00e9 byl uveden v 60. letech 20. stolet\u00ed a od t\u00e9 doby se stal z\u00e1kladem pro jedince, kte\u0159\u00ed cht\u011bj\u00ed dos\u00e1hnout... <strong data-start=\"1534\" data-end=\"1581\">zv\u00fd\u0161en\u00ed velikosti, s\u00edly a regenerace sval\u016f<\/strong>.<\/p>\n<p data-start=\"1586\" data-end=\"1924\">Z l\u00e9ka\u0159sk\u00e9ho hlediska, <strong data-start=\"1597\" data-end=\"1621\">Nandrolon dekano\u00e1t<\/strong> je p\u0159edeps\u00e1n k l\u00e9\u010db\u011b <strong data-start=\"1645\" data-end=\"1700\">an\u00e9mie, osteopor\u00f3zy a svalov\u00fdch \u00fabytk\u016f.<\/strong>, kter\u00e9 pom\u00e1haj\u00ed t\u011blu obnovit tk\u00e1n\u011b oslaben\u00e9 v d\u016fsledku nemoci nebo zran\u011bn\u00ed. Ve sportu a fitness je obdivov\u00e1n pro sv\u00e9 <strong data-start=\"1825\" data-end=\"1853\">ochrann\u00e9 \u00fa\u010dinky na klouby<\/strong> a <strong data-start=\"1858\" data-end=\"1896\">schopnost zvy\u0161ovat libovou t\u011blesnou hmotnost<\/strong> bez nadm\u011brn\u00e9ho tloustnut\u00ed.<\/p>\n<p data-start=\"1926\" data-end=\"2181\">Tato slou\u010denina m\u00e1 <strong data-start=\"1946\" data-end=\"1986\">polo\u010das rozpadu p\u0159ibli\u017en\u011b 6-12 dn\u00ed<\/strong>, tak\u017ee je ide\u00e1ln\u00ed pro <strong data-start=\"2008\" data-end=\"2035\">t\u00fddenn\u00ed injek\u010dn\u00ed cykly<\/strong>. Podporuje <strong data-start=\"2049\" data-end=\"2071\">zadr\u017eov\u00e1n\u00ed dus\u00edku<\/strong> a <strong data-start=\"2076\" data-end=\"2105\">tvorba \u010derven\u00fdch krvinek<\/strong>, co\u017e vede ke zlep\u0161en\u00ed vytrvalosti, regenerace a celkov\u00e9ho sportovn\u00edho v\u00fdkonu.<\/p>\n<hr data-start=\"2183\" data-end=\"2186\" \/>\n<h2 data-start=\"2188\" data-end=\"2235\"><strong data-start=\"2191\" data-end=\"2235\">Kl\u00ed\u010dov\u00e9 v\u00fdhody surov\u00e9ho nandrolon dekano\u00e1tu<\/strong><\/h2>\n<ul data-start=\"2237\" data-end=\"2764\">\n<li data-start=\"2237\" data-end=\"2324\">\n<p data-start=\"2239\" data-end=\"2324\"><strong data-start=\"2239\" data-end=\"2266\">Podporuje r\u016fst sval\u016f:<\/strong> Zvy\u0161uje synt\u00e9zu b\u00edlkovin a rozvoj svalov\u00e9 hmoty.<\/p>\n<\/li>\n<li data-start=\"2325\" data-end=\"2416\">\n<p data-start=\"2327\" data-end=\"2416\"><strong data-start=\"2327\" data-end=\"2361\">Zvy\u0161uje s\u00edlu a vytrvalost:<\/strong> Zlep\u0161uje tr\u00e9ninkovou kapacitu a sportovn\u00ed v\u00fdkon.<\/p>\n<\/li>\n<li data-start=\"2417\" data-end=\"2506\">\n<p data-start=\"2419\" data-end=\"2506\"><strong data-start=\"2419\" data-end=\"2445\">Podporuje zdrav\u00ed kloub\u016f:<\/strong> Je zn\u00e1m\u00fd pro sv\u016fj mazac\u00ed a ochrann\u00fd \u00fa\u010dinek na klouby.<\/p>\n<\/li>\n<li data-start=\"2507\" data-end=\"2583\">\n<p data-start=\"2509\" data-end=\"2583\"><strong data-start=\"2509\" data-end=\"2544\">Zvy\u0161uje po\u010det \u010derven\u00fdch krvinek:<\/strong> Zlep\u0161uje p\u0159\u00edsun kysl\u00edku do sval\u016f.<\/p>\n<\/li>\n<li data-start=\"2584\" data-end=\"2662\">\n<p data-start=\"2586\" data-end=\"2662\"><strong data-start=\"2586\" data-end=\"2604\">Pom\u00e1h\u00e1 p\u0159i zotaven\u00ed:<\/strong> Urychluje hojen\u00ed po intenzivn\u00edch tr\u00e9ninc\u00edch a zran\u011bn\u00edch.<\/p>\n<\/li>\n<li data-start=\"2663\" data-end=\"2764\">\n<p data-start=\"2665\" data-end=\"2764\"><strong data-start=\"2665\" data-end=\"2701\">Minim\u00e1ln\u00ed androgenn\u00ed vedlej\u0161\u00ed \u00fa\u010dinky:<\/strong> Ni\u017e\u0161\u00ed riziko vypad\u00e1v\u00e1n\u00ed vlas\u016f a akn\u00e9 ve srovn\u00e1n\u00ed s jin\u00fdmi steroidy.<\/p>\n<\/li>\n<\/ul>\n<p data-start=\"2766\" data-end=\"2971\">Sportovci \u010dasto uv\u00e1d\u011bj\u00ed. <strong data-start=\"2788\" data-end=\"2812\">lep\u0161\u00ed kloubn\u00ed komfort<\/strong> a <strong data-start=\"2817\" data-end=\"2843\">lep\u0161\u00ed doba zotaven\u00ed<\/strong> p\u0159i pou\u017e\u00edv\u00e1n\u00ed n\u00edzk\u00fdch d\u00e1vek <strong data-start=\"2870\" data-end=\"2898\">Surov\u00fd nandrolon dekano\u00e1t<\/strong>, co\u017e z n\u011bj \u010din\u00ed cenn\u00fd dopln\u011bk jak objemov\u00fdch, tak l\u00e9\u010debn\u00fdch re\u017eim\u016f.<\/p>\n<hr data-start=\"2973\" data-end=\"2976\" \/>\n<h2 data-start=\"2978\" data-end=\"3023\"><strong data-start=\"2981\" data-end=\"3023\">Doporu\u010den\u00e9 d\u00e1vkov\u00e1n\u00ed a informace o cyklu<\/strong><\/h2>\n<h3 data-start=\"3025\" data-end=\"3056\"><strong data-start=\"3029\" data-end=\"3056\">Pro kulturisty (mu\u017ee):<\/strong><\/h3>\n<ul data-start=\"3057\" data-end=\"3287\">\n<li data-start=\"3057\" data-end=\"3125\">\n<p data-start=\"3059\" data-end=\"3125\"><strong data-start=\"3059\" data-end=\"3089\">Doporu\u010den\u00e9 t\u00fddenn\u00ed d\u00e1vkov\u00e1n\u00ed:<\/strong> 1,8-3 mg na libru t\u011blesn\u00e9 hmotnosti<\/p>\n<\/li>\n<li data-start=\"3126\" data-end=\"3173\">\n<p data-start=\"3128\" data-end=\"3173\"><strong data-start=\"3128\" data-end=\"3151\">Terapeutick\u00e9 d\u00e1vkov\u00e1n\u00ed:<\/strong> 100-200 mg t\u00fddn\u011b<\/p>\n<\/li>\n<li data-start=\"3174\" data-end=\"3211\">\n<p data-start=\"3176\" data-end=\"3211\"><strong data-start=\"3176\" data-end=\"3201\">Minim\u00e1ln\u00ed d\u00e9lka cyklu:<\/strong> 8 t\u00fddn\u016f<\/p>\n<\/li>\n<li data-start=\"3212\" data-end=\"3248\">\n<p data-start=\"3214\" data-end=\"3248\"><strong data-start=\"3214\" data-end=\"3237\">Ide\u00e1ln\u00ed d\u00e9lka cyklu:<\/strong> 12 t\u00fddn\u016f<\/p>\n<\/li>\n<li data-start=\"3249\" data-end=\"3287\">\n<p data-start=\"3251\" data-end=\"3287\"><strong data-start=\"3251\" data-end=\"3276\">Maxim\u00e1ln\u00ed d\u00e9lka cyklu:<\/strong> 16 t\u00fddn\u016f<\/p>\n<\/li>\n<\/ul>\n<h3 data-start=\"3289\" data-end=\"3307\"><strong data-start=\"3293\" data-end=\"3307\">Pro \u017eeny:<\/strong><\/h3>\n<ul data-start=\"3308\" data-end=\"3395\">\n<li data-start=\"3308\" data-end=\"3395\">\n<p data-start=\"3310\" data-end=\"3395\"><strong data-start=\"3310\" data-end=\"3346\">Pou\u017eit\u00ed se obecn\u011b nedoporu\u010duje<\/strong> kv\u016fli potenci\u00e1ln\u00edmu viriliza\u010dn\u00edmu \u00fa\u010dinku.<\/p>\n<\/li>\n<\/ul>\n<hr data-start=\"3397\" data-end=\"3400\" \/>\n<h2 data-start=\"3402\" data-end=\"3445\"><strong data-start=\"3405\" data-end=\"3445\">Pro\u010d si vybrat surov\u00fd nandrolon dekano\u00e1t?<\/strong><\/h2>\n<p data-start=\"3447\" data-end=\"3689\">Na\u0161e <strong data-start=\"3451\" data-end=\"3486\">Surov\u00fd nandrolon dekano\u00e1tov\u00fd pr\u00e1\u0161ek<\/strong> se vyr\u00e1b\u00ed podle p\u0159\u00edsn\u00fdch norem kontroly kvality, kter\u00e9 zaji\u0161\u0165uj\u00ed <strong data-start=\"3552\" data-end=\"3589\">99% \u010distota a konzistentn\u00ed \u00fa\u010dinnost<\/strong>. Je ide\u00e1ln\u00ed pro <strong data-start=\"3607\" data-end=\"3677\">v\u00fdzkum, farmaceutick\u00e1 formulace a profesion\u00e1ln\u00ed slo\u017een\u00ed l\u00e9\u010div\u00fdch p\u0159\u00edpravk\u016f.<\/strong> \u00fa\u010dely.<\/p>\n<p data-start=\"3691\" data-end=\"3900\">A\u0165 u\u017e je va\u0161\u00edm c\u00edlem <strong data-start=\"3715\" data-end=\"3780\">zvy\u0161uj\u00ed s\u00edlu, podporuj\u00ed regeneraci nebo udr\u017euj\u00ed svalovou tk\u00e1\u0148.<\/strong> b\u011bhem f\u00e1ze \u0159ez\u00e1n\u00ed, <strong data-start=\"3805\" data-end=\"3833\">Surov\u00fd nandrolon dekano\u00e1t<\/strong> je i nad\u00e1le jednou z nejd\u016fv\u011bryhodn\u011bj\u0161\u00edch a nej\u00fa\u010dinn\u011bj\u0161\u00edch dostupn\u00fdch l\u00e1tek.<\/p>","protected":false},"excerpt":{"rendered":"<h2 data-start=\"373\" data-end=\"430\"><a href=\"https:\/\/shgotopharm.com\/cs\/product\/surovy-nandrolon-dekanoat\/\"><strong data-start=\"376\" data-end=\"430\">Surov\u00fd nandrolon dekano\u00e1t (Deca Durabolin)\u00a0<\/strong><\/a><\/h2>\n<p data-start=\"432\" data-end=\"811\"><strong data-start=\"432\" data-end=\"460\">Surov\u00fd nandrolon dekano\u00e1t<\/strong>, b\u011b\u017en\u011b zn\u00e1m\u00fd pod sv\u00fdm obchodn\u00edm n\u00e1zvem <strong data-start=\"495\" data-end=\"513\">Deca Durabolin<\/strong>,<\/p>","protected":false},"featured_media":1776,"comment_status":"open","ping_status":"closed","template":"","meta":[],"product_brand":[],"product_cat":[796],"product_tag":[935,944,934,949,945,268,938,933,841,805,810,814,843,818,823,828,802,807,838,812,833,816,826,831,830,820,825,835,932,943,799,804,840,845,809,813,817,822,827,832,842,837,847,801,806,811,800,815,819,939,281,808,846,829,824,834,839,844,798,803,836,821,797,931,940,937,948,282,936,946,947,942,941],"class_list":{"0":"post-1775","1":"product","2":"type-product","3":"status-publish","4":"has-post-thumbnail","6":"product_cat-nandrolone","7":"product_tag-aas-poland","8":"product_tag-aas-raw-materials-australia","9":"product_tag-aas-raws","10":"product_tag-anabolic-steroid-manufacturer-canada","11":"product_tag-anabolic-steroid-powders-online","12":"product_tag-anabolic-steroids","13":"product_tag-best-steroid-powder-supplier-usa","14":"product_tag-buy-aas-raws-online","15":"product_tag-buy-anabolic-steroids","16":"product_tag-buy-deca-durabolin","17":"product_tag-buy-deca-durabolin-300-mg","18":"product_tag-buy-deca-durabolin-australia","19":"product_tag-buy-deca-durabolin-canada","20":"product_tag-buy-deca-durabolin-injectable","21":"product_tag-buy-deca-durabolin-injectable-uk","22":"product_tag-buy-deca-durabolin-online","23":"product_tag-buy-deca-durabolin-online-canada","24":"product_tag-buy-deca-durabolin-pills-uk","25":"product_tag-buy-deca-durabolin-polan","26":"product_tag-buy-deca-durabolin-powder","27":"product_tag-buy-deca-durabolin-usa","28":"product_tag-buy-deca-durabolin-with-paypal","29":"product_tag-buy-nandrolone-decanoate","30":"product_tag-buy-nandrolone-decanoate-online","31":"product_tag-buy-nandrolone-decanoate-online-uk","32":"product_tag-buy-nandrolone-decanoate-powder","33":"product_tag-buy-nandrolone-decanoate-thailand","34":"product_tag-buy-nandrolone-decanoate-uk","35":"product_tag-buy-raw-steroid-powders-online","36":"product_tag-buy-raw-steroids-china","37":"product_tag-deca","38":"product_tag-deca-durabolin","39":"product_tag-deca-durabolin-buy","40":"product_tag-deca-durabolin-dosage","41":"product_tag-deca-durabolin-for-sale","42":"product_tag-deca-durabolin-gains","43":"product_tag-deca-durabolin-half-life","44":"product_tag-deca-durabolin-manufacturer","45":"product_tag-deca-durabolin-nandrolone-decanoate-buy","46":"product_tag-deca-durabolin-powder","47":"product_tag-deca-durabolin-powder-conversion","48":"product_tag-deca-durabolin-powder-for-sale","49":"product_tag-deca-durabolin-price","50":"product_tag-deca-durabolin-source","51":"product_tag-deca-durabolin-steroids","52":"product_tag-deca-durabolin-suppliers","53":"product_tag-deca-durabolin-sustanon-dianabol","54":"product_tag-deca-durabolin-wholesale","55":"product_tag-deca-powder","56":"product_tag-high-purity-anabolic-steroids-canada","57":"product_tag-hormone","58":"product_tag-how-to-make-deca-durabolin-from-powder","59":"product_tag-nandrolone-decanoate","60":"product_tag-nandrolone-decanoate-200-mg","61":"product_tag-nandrolone-decanoate-for-sale","62":"product_tag-nandrolone-decanoate-powder","63":"product_tag-nandrolone-decanoate-powder-buy","64":"product_tag-nandrolone-decanoate-powder-price","65":"product_tag-nandrolone-decanoate-price","66":"product_tag-nandrolone-decanoate-raw-powder","67":"product_tag-nandrolone-decanoate-steroid","68":"product_tag-nandrolone-powders-aas","69":"product_tag-nandrolone-raw-powders-buy-deca-durabolin-brazil","70":"product_tag-raw-steroids-for-sale","71":"product_tag-steroid-raw-material-factory-europe","72":"product_tag-steroid-raws-online","73":"product_tag-steroid-raws-supplier-florida","74":"product_tag-steroids","75":"product_tag-supplier-usa","76":"product_tag-testosterone-raw-powder-poland","77":"product_tag-trenbolone-powder-thailand","78":"product_tag-trusted-steroid-raw-supplier-worldwide","79":"product_tag-wholesale-steroid-powders-australia","81":"first","82":"instock","83":"shipping-taxable","84":"product-type-simple"},"_links":{"self":[{"href":"https:\/\/shgotopharm.com\/cs\/wp-json\/wp\/v2\/product\/1775","targetHints":{"allow":["GET"]}}],"collection":[{"href":"https:\/\/shgotopharm.com\/cs\/wp-json\/wp\/v2\/product"}],"about":[{"href":"https:\/\/shgotopharm.com\/cs\/wp-json\/wp\/v2\/types\/product"}],"replies":[{"embeddable":true,"href":"https:\/\/shgotopharm.com\/cs\/wp-json\/wp\/v2\/comments?post=1775"}],"wp:featuredmedia":[{"embeddable":true,"href":"https:\/\/shgotopharm.com\/cs\/wp-json\/wp\/v2\/media\/1776"}],"wp:attachment":[{"href":"https:\/\/shgotopharm.com\/cs\/wp-json\/wp\/v2\/media?parent=1775"}],"wp:term":[{"taxonomy":"product_brand","embeddable":true,"href":"https:\/\/shgotopharm.com\/cs\/wp-json\/wp\/v2\/product_brand?post=1775"},{"taxonomy":"product_cat","embeddable":true,"href":"https:\/\/shgotopharm.com\/cs\/wp-json\/wp\/v2\/product_cat?post=1775"},{"taxonomy":"product_tag","embeddable":true,"href":"https:\/\/shgotopharm.com\/cs\/wp-json\/wp\/v2\/product_tag?post=1775"}],"curies":[{"name":"wp","href":"https:\/\/api.w.org\/{rel}","templated":true}]}}