{"id":1777,"date":"2025-11-05T02:35:48","date_gmt":"2025-11-05T02:35:48","guid":{"rendered":"https:\/\/shgotopharm.com\/?post_type=product&#038;p=1777"},"modified":"2025-11-10T10:17:43","modified_gmt":"2025-11-10T10:17:43","slug":"surovy-nandrolon-fenylpropionat","status":"publish","type":"product","link":"https:\/\/shgotopharm.com\/cs\/product\/raw-nandrolone-phenylpropionate\/","title":{"rendered":"Koupit surov\u00fd nandrolon fenylpropion\u00e1t NPP pr\u00e1\u0161ek"},"content":{"rendered":"<h2 data-start=\"321\" data-end=\"349\">Koupit surov\u00fd nandrolon fenylpropion\u00e1t NPP pr\u00e1\u0161ek<\/h2>\n<p data-start=\"351\" data-end=\"699\">N\u00e1kup surov\u00e9ho nandrolon fenylpropion\u00e1tu, <strong data-start=\"351\" data-end=\"366\">SHGOTOPHARM<\/strong> hrd\u011b nab\u00edz\u00ed pr\u00e9miovou kvalitu <strong data-start=\"398\" data-end=\"433\">Nandrolon fenylpropion\u00e1t NPP<\/strong>, anabolick\u00fd steroid farmaceutick\u00e9 kvality, kter\u00fd je zn\u00e1m\u00fd svou schopnost\u00ed zvy\u0161ovat svalovou hmotu, zlep\u0161ovat regeneraci a zvy\u0161ovat sportovn\u00ed v\u00fdkon. S ov\u011b\u0159enou \u010distotou <strong data-start=\"600\" data-end=\"609\">99.3%<\/strong>, n\u00e1\u0161 pr\u00e1\u0161ek z JE je ide\u00e1ln\u00ed pro v\u00fdzkum, formulaci a zvy\u0161ov\u00e1n\u00ed v\u00fdkonu.<\/p>\n<hr data-start=\"701\" data-end=\"704\" \/>\n<h3 data-start=\"706\" data-end=\"756\"><strong data-start=\"710\" data-end=\"756\">Co je nandrolon fenylpropion\u00e1t (NPP)?<\/strong><\/h3>\n<p data-start=\"758\" data-end=\"1083\"><strong data-start=\"758\" data-end=\"795\">Nandrolon fenylpropion\u00e1t (NPP)<\/strong>, zn\u00e1m\u00fd tak\u00e9 pod obchodn\u00edm n\u00e1zvem <strong data-start=\"826\" data-end=\"839\">Durabolin<\/strong>, je <strong data-start=\"847\" data-end=\"884\">androgenn\u00ed anabolick\u00fd steroid (AAS)<\/strong> kter\u00fd p\u0159in\u00e1\u0161\u00ed zdravotn\u00ed i v\u00fdkonnostn\u00ed v\u00fdhody. \u00dazce souvis\u00ed s <strong data-start=\"957\" data-end=\"988\">Nandrolon dekano\u00e1t (Deca)<\/strong>, tato slou\u010denina m\u00e1 krat\u0161\u00ed ester, co\u017e vede k rychlej\u0161\u00edmu uvol\u0148ov\u00e1n\u00ed a snadn\u011bj\u0161\u00edmu \u0159\u00edzen\u00ed cyklu.<\/p>\n<p data-start=\"1085\" data-end=\"1330\">Z l\u00e9ka\u0159sk\u00e9ho hlediska se NPP pou\u017e\u00edv\u00e1 k l\u00e9\u010db\u011b <strong data-start=\"1123\" data-end=\"1198\">osteopor\u00f3za, rakovina prsu, an\u00e9mie, HIV a onemocn\u011bn\u00ed zp\u016fsobuj\u00edc\u00ed \u00fabytek svalov\u00e9 hmoty.<\/strong>. Ve sportu a kulturistice je cen\u011bn pro podporu <strong data-start=\"1254\" data-end=\"1329\">rozvoj svalov\u00e9 hmoty, zv\u00fd\u0161en\u00ed vytrvalosti a zkr\u00e1cen\u00ed doby regenerace.<\/strong>.<\/p>\n<hr data-start=\"1332\" data-end=\"1335\" \/>\n<h3 data-start=\"1337\" data-end=\"1403\"><strong data-start=\"1341\" data-end=\"1403\">Surov\u00fd nandrolon fenylpropion\u00e1t NPP Specifikace produktu<\/strong><\/h3>\n<ul data-start=\"1405\" data-end=\"1613\">\n<li data-start=\"1405\" data-end=\"1433\">\n<p data-start=\"1407\" data-end=\"1433\">Vzhled: B\u00edl\u00fd pr\u00e1\u0161ek<\/p>\n<\/li>\n<li data-start=\"1434\" data-end=\"1459\">\n<p data-start=\"1436\" data-end=\"1459\">\u010cistota (HPLC): (HPLC): 99,40%<\/p>\n<\/li>\n<li data-start=\"1460\" data-end=\"1485\">\n<p data-start=\"1462\" data-end=\"1485\">Bod t\u00e1n\u00ed: 94-95 \u2103<\/p>\n<\/li>\n<li data-start=\"1486\" data-end=\"1514\">\n<p data-start=\"1488\" data-end=\"1514\">Optick\u00e9 ot\u00e1\u010den\u00ed: +49.3\u00b0<\/p>\n<\/li>\n<li data-start=\"1515\" data-end=\"1540\">\n<p data-start=\"1517\" data-end=\"1540\">Ztr\u00e1ty p\u0159i su\u0161en\u00ed: 0,24%<\/p>\n<\/li>\n<li data-start=\"1541\" data-end=\"1561\">\n<p data-start=\"1543\" data-end=\"1561\">Kyselina zdarma: 0,31%<\/p>\n<\/li>\n<li data-start=\"1562\" data-end=\"1613\">\n<p data-start=\"1564\" data-end=\"1613\">Z\u00e1v\u011br: Spl\u0148uje standardy kvality SHGOTOPHARM<\/p>\n<\/li>\n<\/ul>\n<hr data-start=\"1615\" data-end=\"1618\" \/>\n<h3 data-start=\"1620\" data-end=\"1677\"><strong data-start=\"1624\" data-end=\"1677\">Hlavn\u00ed v\u00fdhody nandrolon fenylpropion\u00e1tu (NPP)<\/strong><\/h3>\n<ul data-start=\"1679\" data-end=\"2067\">\n<li data-start=\"1679\" data-end=\"1740\">\n<p data-start=\"1681\" data-end=\"1740\">Podporuje <strong data-start=\"1690\" data-end=\"1719\">stabiln\u00ed r\u016fst svalov\u00e9 hmoty<\/strong> a zv\u00fd\u0161en\u00ed s\u00edly<\/p>\n<\/li>\n<li data-start=\"1741\" data-end=\"1799\">\n<p data-start=\"1743\" data-end=\"1799\">Zlep\u0161uje <strong data-start=\"1752\" data-end=\"1777\">regenerace po tr\u00e9ninku<\/strong> a sni\u017euje \u00fanavu<\/p>\n<\/li>\n<li data-start=\"1800\" data-end=\"1868\">\n<p data-start=\"1802\" data-end=\"1868\">Zlep\u0161uje <strong data-start=\"1811\" data-end=\"1827\">zdrav\u00ed kloub\u016f<\/strong> a maz\u00e1n\u00ed pro lep\u0161\u00ed v\u00fdkon<\/p>\n<\/li>\n<li data-start=\"1869\" data-end=\"1932\">\n<p data-start=\"1871\" data-end=\"1932\">Zvy\u0161uje <strong data-start=\"1881\" data-end=\"1910\">tvorba \u010derven\u00fdch krvinek<\/strong>, zvy\u0161uj\u00edc\u00ed vytrvalost<\/p>\n<\/li>\n<li data-start=\"1933\" data-end=\"2005\">\n<p data-start=\"1935\" data-end=\"2005\">Krat\u0161\u00ed polo\u010das rozpadu umo\u017e\u0148uje <strong data-start=\"1960\" data-end=\"2003\">rychlej\u0161\u00ed v\u00fdsledky a flexibiln\u011bj\u0161\u00ed d\u00e1vkov\u00e1n\u00ed<\/strong><\/p>\n<\/li>\n<li data-start=\"2006\" data-end=\"2067\">\n<p data-start=\"2008\" data-end=\"2067\">Terapeutick\u00e9 pou\u017eit\u00ed p\u0159i l\u00e9\u010db\u011b <strong data-start=\"2036\" data-end=\"2065\">ochabov\u00e1n\u00ed sval\u016f a an\u00e9mie<\/strong><\/p>\n<\/li>\n<\/ul>\n<p data-start=\"2069\" data-end=\"2206\">Sportovci \u010dasto d\u00e1vaj\u00ed p\u0159ednost NPP pro jeho rychle p\u016fsob\u00edc\u00ed v\u00fdsledky a sn\u00ed\u017eenou retenci vody ve srovn\u00e1n\u00ed se slou\u010deninami s del\u0161\u00edm esterem, jako je Deca Durabolin.<\/p>\n<hr data-start=\"2208\" data-end=\"2211\" \/>\n<h3 data-start=\"2213\" data-end=\"2239\"><strong data-start=\"2217\" data-end=\"2239\">Doporu\u010den\u00e9 d\u00e1vkov\u00e1n\u00ed<\/strong><\/h3>\n<p data-start=\"2241\" data-end=\"2321\"><strong data-start=\"2241\" data-end=\"2253\">Pro mu\u017ee:<\/strong><br data-start=\"2253\" data-end=\"2256\" \/>50-100 mg denn\u011b pro dosa\u017een\u00ed nejlep\u0161\u00edch v\u00fdsledk\u016f a zv\u00fd\u0161en\u00ed v\u00fdkonu.<\/p>\n<p data-start=\"2323\" data-end=\"2400\"><strong data-start=\"2323\" data-end=\"2337\">Pro \u017eeny:<\/strong><br data-start=\"2337\" data-end=\"2340\" \/>K minimalizaci ne\u017e\u00e1douc\u00edch \u00fa\u010dink\u016f sta\u010d\u00ed 50-100 mg t\u00fddn\u011b.<\/p>\n<p data-start=\"2402\" data-end=\"2535\">D\u00e1vkov\u00e1n\u00ed je t\u0159eba upravit podle d\u00e9lky cyklu a zku\u0161enost\u00ed. Krat\u0161\u00ed ester v NPP poskytuje lep\u0161\u00ed kontrolu a rychlej\u0161\u00ed v\u00fdsledky.<\/p>\n<hr data-start=\"2537\" data-end=\"2540\" \/>\n<h3 data-start=\"2542\" data-end=\"2574\"><strong data-start=\"2546\" data-end=\"2574\">P\u0159\u00edklady recept\u016f pro dom\u00e1c\u00ed va\u0159en\u00ed piva<\/strong><\/h3>\n<p data-start=\"2576\" data-end=\"2603\"><strong data-start=\"2576\" data-end=\"2601\">200mg\/ml - 20ml \u0161ar\u017ee<\/strong><\/p>\n<ul data-start=\"2604\" data-end=\"2675\">\n<li data-start=\"2604\" data-end=\"2621\">\n<p data-start=\"2606\" data-end=\"2621\">4g pr\u00e1\u0161ku z jadern\u00e9 elektr\u00e1rny<\/p>\n<\/li>\n<li data-start=\"2622\" data-end=\"2639\">\n<p data-start=\"2624\" data-end=\"2639\">0,4 ml BA (2%)<\/p>\n<\/li>\n<li data-start=\"2640\" data-end=\"2656\">\n<p data-start=\"2642\" data-end=\"2656\">4ml BB (20%)<\/p>\n<\/li>\n<li data-start=\"2657\" data-end=\"2675\">\n<p data-start=\"2659\" data-end=\"2675\">12,6 ml 100% EO<\/p>\n<\/li>\n<\/ul>\n<p data-start=\"2677\" data-end=\"2705\"><strong data-start=\"2677\" data-end=\"2703\">100mg\/ml - 100ml \u0161ar\u017ee<\/strong><\/p>\n<ul data-start=\"2706\" data-end=\"2804\">\n<li data-start=\"2706\" data-end=\"2724\">\n<p data-start=\"2708\" data-end=\"2724\">10 g pr\u00e1\u0161ku z jadern\u00e9 elektr\u00e1rny<\/p>\n<\/li>\n<li data-start=\"2725\" data-end=\"2740\">\n<p data-start=\"2727\" data-end=\"2740\">30,75 ml GSO<\/p>\n<\/li>\n<li data-start=\"2741\" data-end=\"2756\">\n<p data-start=\"2743\" data-end=\"2756\">3ml BA (3%)<\/p>\n<\/li>\n<li data-start=\"2757\" data-end=\"2774\">\n<p data-start=\"2759\" data-end=\"2774\">15ml BB (15%)<\/p>\n<\/li>\n<li data-start=\"2775\" data-end=\"2804\">\n<p data-start=\"2777\" data-end=\"2804\">30,75 ml Etyl ole\u00e1tu (EO)<\/p>\n<\/li>\n<\/ul>\n<hr data-start=\"2806\" data-end=\"2809\" \/>\n<h3 data-start=\"2811\" data-end=\"2873\"><strong data-start=\"2815\" data-end=\"2873\">Pro\u010d si vybrat SHGOTOPHARM Nandrolon fenylpropion\u00e1t NPP<\/strong><\/h3>\n<p data-start=\"2875\" data-end=\"3210\"><strong data-start=\"2875\" data-end=\"2890\">SHGOTOPHARM<\/strong> je d\u016fv\u011bryhodn\u00fdm dodavatelem <strong data-start=\"2916\" data-end=\"2970\">vysoce \u010dist\u00fd pr\u00e1\u0161ek nandrolon fenylpropion\u00e1tu NPP<\/strong>, vyr\u00e1b\u011bn\u00e9 v p\u0159\u00edsn\u00fdch syst\u00e9mech kontroly kvality pro dosa\u017een\u00ed konzistentn\u00edch v\u00fdsledk\u016f. Na\u0161e v\u00fdrobky jsou ur\u010deny pro profesion\u00e1ln\u00ed pou\u017eit\u00ed v <strong data-start=\"3096\" data-end=\"3151\">v\u00fdzkum, formulace a v\u00fdkonnostn\u00ed aplikace<\/strong>, co\u017e zaji\u0161\u0165uje nejvy\u0161\u0161\u00ed standardy spolehlivosti a bezpe\u010dnosti.<\/p>\n<p data-start=\"3212\" data-end=\"3429\">A\u0165 u\u017e je va\u0161\u00edm c\u00edlem <strong data-start=\"3233\" data-end=\"3293\">budov\u00e1n\u00ed sval\u016f, lep\u0161\u00ed regenerace nebo pokro\u010dil\u00fd v\u00fdzkum<\/strong>, SHGOTOPHARM poskytuje pr\u016fmyslovou kvalitu <strong data-start=\"3331\" data-end=\"3370\">Surov\u00fd nandrolon fenylpropion\u00e1t NPP<\/strong> kter\u00e9 spl\u0148uj\u00ed mezin\u00e1rodn\u00ed standardy kvality a \u010distoty.<\/p>","protected":false},"excerpt":{"rendered":"<p>Buy Raw Nandrolone Phenylpropionate NPP Powder Buying Raw Nandrolone Phenylpropionate, SHGOTOPHARM proudly offers premium-quality Nandrolone Phenylpropionate NPP, a pharmaceutical-grade anabolic steroid known for its ability to increase muscle mass, improve recovery, and enhance athletic performance. With a verified purity of 99.3%, our NPP powder is ideal for research, formulation, and performance enhancement purposes. What Is [&hellip;]<\/p>\n","protected":false},"featured_media":1778,"comment_status":"open","ping_status":"closed","template":"","meta":[],"product_brand":[],"product_cat":[796],"product_tag":[935,944,934,949,945,938,933,851,932,943,939,854,855,864,868,860,861,853,849,863,866,867,850,857,859,852,869,862,858,865,848,856,931,940,937,948,936,946,947,942,941],"class_list":{"0":"post-1777","1":"product","2":"type-product","3":"status-publish","4":"has-post-thumbnail","6":"product_cat-nandrolone","7":"product_tag-aas-poland","8":"product_tag-aas-raw-materials-australia","9":"product_tag-aas-raws","10":"product_tag-anabolic-steroid-manufacturer-canada","11":"product_tag-anabolic-steroid-powders-online","12":"product_tag-best-steroid-powder-supplier-usa","13":"product_tag-buy-aas-raws-online","14":"product_tag-buy-nandrolone-phenylpropionate-powder","15":"product_tag-buy-raw-steroid-powders-online","16":"product_tag-buy-raw-steroids-china","17":"product_tag-high-purity-anabolic-steroids-canada","18":"product_tag-nandrolone","19":"product_tag-nandrolone-phenylpropionate-bodybuilding","20":"product_tag-nandrolone-phenylpropionate-brazil","21":"product_tag-nandrolone-phenylpropionate-buy-online","22":"product_tag-nandrolone-phenylpropionate-canada","23":"product_tag-nandrolone-phenylpropionate-dosage-for-bodybuilding","24":"product_tag-nandrolone-phenylpropionate-effects","25":"product_tag-nandrolone-phenylpropionate-factory","26":"product_tag-nandrolone-phenylpropionate-half-life","27":"product_tag-nandrolone-phenylpropionate-new-zealand","28":"product_tag-nandrolone-phenylpropionate-price","29":"product_tag-nandrolone-phenylpropionate-raw-powder","30":"product_tag-nandrolone-phenylpropionate-recipe","31":"product_tag-nandrolone-phenylpropionate-stack","32":"product_tag-nandrolone-phenylpropionate-steroids","33":"product_tag-nandrolone-phenylpropionate-supplier","34":"product_tag-nandrolone-phenylpropionate-sweden","35":"product_tag-nandrolone-phenylpropionate-usa","36":"product_tag-nandrolone-phenylpropionate-vs-decanoate","37":"product_tag-nandrolone-powders-nandrolone-phenylpropionate-in-china","38":"product_tag-phenylpropionate-uk","39":"product_tag-raw-steroids-for-sale","40":"product_tag-steroid-raw-material-factory-europe","41":"product_tag-steroid-raws-online","42":"product_tag-steroid-raws-supplier-florida","43":"product_tag-supplier-usa","44":"product_tag-testosterone-raw-powder-poland","45":"product_tag-trenbolone-powder-thailand","46":"product_tag-trusted-steroid-raw-supplier-worldwide","47":"product_tag-wholesale-steroid-powders-australia","49":"first","50":"instock","51":"shipping-taxable","52":"product-type-simple"},"_links":{"self":[{"href":"https:\/\/shgotopharm.com\/cs\/wp-json\/wp\/v2\/product\/1777","targetHints":{"allow":["GET"]}}],"collection":[{"href":"https:\/\/shgotopharm.com\/cs\/wp-json\/wp\/v2\/product"}],"about":[{"href":"https:\/\/shgotopharm.com\/cs\/wp-json\/wp\/v2\/types\/product"}],"replies":[{"embeddable":true,"href":"https:\/\/shgotopharm.com\/cs\/wp-json\/wp\/v2\/comments?post=1777"}],"wp:featuredmedia":[{"embeddable":true,"href":"https:\/\/shgotopharm.com\/cs\/wp-json\/wp\/v2\/media\/1778"}],"wp:attachment":[{"href":"https:\/\/shgotopharm.com\/cs\/wp-json\/wp\/v2\/media?parent=1777"}],"wp:term":[{"taxonomy":"product_brand","embeddable":true,"href":"https:\/\/shgotopharm.com\/cs\/wp-json\/wp\/v2\/product_brand?post=1777"},{"taxonomy":"product_cat","embeddable":true,"href":"https:\/\/shgotopharm.com\/cs\/wp-json\/wp\/v2\/product_cat?post=1777"},{"taxonomy":"product_tag","embeddable":true,"href":"https:\/\/shgotopharm.com\/cs\/wp-json\/wp\/v2\/product_tag?post=1777"}],"curies":[{"name":"wp","href":"https:\/\/api.w.org\/{rel}","templated":true}]}}