{"id":1779,"date":"2025-11-05T02:52:50","date_gmt":"2025-11-05T02:52:50","guid":{"rendered":"https:\/\/shgotopharm.com\/?post_type=product&#038;p=1779"},"modified":"2025-11-10T10:04:07","modified_gmt":"2025-11-10T10:04:07","slug":"koupit-usp-methandrostenolone-dianabol","status":"publish","type":"product","link":"https:\/\/shgotopharm.com\/cs\/product\/buy-usp-methandrostenolone-dianabol\/","title":{"rendered":"Koupit USP methandrostenolone Dianabol pr\u00e1\u0161ek"},"content":{"rendered":"<h2 data-start=\"319\" data-end=\"347\"><a href=\"https:\/\/shgotopharm.com\/cs\/product\/koupit-usp-methandrostenolone-dianabol\/\">Koupit USP methandrostenolone Dianabol pr\u00e1\u0161ek - SHGOTOPHARM<\/a><\/h2>\n<p data-start=\"349\" data-end=\"754\">Koupit USP methandrostenolone Dianabol,<strong data-start=\"349\" data-end=\"364\"> SHGOTOPHARM<\/strong> nab\u00edz\u00ed prvot\u0159\u00eddn\u00ed <strong data-start=\"386\" data-end=\"428\">USP Methandrostenolone Dianabol (Dbol)<\/strong> - jeden z nejsiln\u011bj\u0161\u00edch a nejd\u016fv\u011bryhodn\u011bj\u0161\u00edch anabolick\u00fdch steroid\u016f, kter\u00e9 kdy byly vyvinuty pro rychl\u00fd r\u016fst sval\u016f a zv\u00fd\u0161en\u00ed v\u00fdkonnosti. Zn\u00e1m\u00fd pro sv\u00e9 rychle p\u016fsob\u00edc\u00ed vlastnosti, <strong data-start=\"592\" data-end=\"623\">Methandrostenolone Dianabol<\/strong> p\u0159in\u00e1\u0161\u00ed v\u00fdrazn\u00fd n\u00e1r\u016fst s\u00edly a velikosti, d\u00edky \u010demu\u017e je obl\u00edbenou volbou profesion\u00e1ln\u00edch kulturist\u016f a sportovc\u016f po cel\u00e9m sv\u011bt\u011b.<\/p>\n<hr data-start=\"756\" data-end=\"759\" \/>\n<h3 data-start=\"761\" data-end=\"807\"><strong data-start=\"765\" data-end=\"807\">Co je methandrostenolone (Dianabol)?<\/strong><\/h3>\n<p data-start=\"809\" data-end=\"1118\"><strong data-start=\"809\" data-end=\"831\">Methandrostenolone<\/strong>, b\u011b\u017en\u011b zn\u00e1m\u00fd jako <strong data-start=\"851\" data-end=\"871\">Dianabol nebo Dbol<\/strong>, je klasick\u00fd <strong data-start=\"886\" data-end=\"911\">\u00fastn\u00ed anabolick\u00fd steroid<\/strong> odvozen\u00e9 od testosteronu. Byl to jeden z prvn\u00edch syntetick\u00fdch steroid\u016f, kter\u00fd byl kdy vyroben, a rychle si z\u00edskal legend\u00e1rn\u00ed status pro svou pozoruhodnou schopnost podporovat r\u016fst. <strong data-start=\"1070\" data-end=\"1115\">svalov\u00e1 hypertrofie a zadr\u017eov\u00e1n\u00ed dus\u00edku.<\/strong>.<\/p>\n<p data-start=\"1120\" data-end=\"1316\">Kdy\u017e <strong data-start=\"1129\" data-end=\"1185\">koupit USP methandrostenolone Dianabol od SHGOTOPHARM<\/strong>, z\u00edsk\u00e1te <strong data-start=\"1202\" data-end=\"1234\">farmaceutick\u00e1 kvalita<\/strong> s v\u00fdjime\u010dnou \u010distotou a konzistenc\u00ed - ide\u00e1ln\u00ed pro v\u00fdzkum a formulaci.<\/p>\n<hr data-start=\"1318\" data-end=\"1321\" \/>\n<h3 data-start=\"1323\" data-end=\"1357\"><strong data-start=\"1327\" data-end=\"1357\">Podrobnosti o chemik\u00e1li\u00edch a v\u00fdrobc\u00edch<\/strong><\/h3>\n<ul data-start=\"1359\" data-end=\"1683\">\n<li data-start=\"1359\" data-end=\"1416\">\n<p data-start=\"1361\" data-end=\"1416\"><strong data-start=\"1361\" data-end=\"1378\">N\u00e1zev produktu:<\/strong> Methandrostenolone (Dianabol, Dbol)<\/p>\n<\/li>\n<li data-start=\"1417\" data-end=\"1444\">\n<p data-start=\"1419\" data-end=\"1444\"><strong data-start=\"1419\" data-end=\"1434\">\u010c\u00edslo CAS:<\/strong> 72-63-9<\/p>\n<\/li>\n<li data-start=\"1445\" data-end=\"1480\">\n<p data-start=\"1447\" data-end=\"1480\"><strong data-start=\"1447\" data-end=\"1469\">Molekul\u00e1rn\u00ed vzorec:<\/strong> C20H28O2<\/p>\n<\/li>\n<li data-start=\"1481\" data-end=\"1513\">\n<p data-start=\"1483\" data-end=\"1513\"><strong data-start=\"1483\" data-end=\"1504\">Molekulov\u00e1 hmotnost:<\/strong> 300.44<\/p>\n<\/li>\n<li data-start=\"1514\" data-end=\"1558\">\n<p data-start=\"1516\" data-end=\"1558\"><strong data-start=\"1516\" data-end=\"1531\">Vzhled:<\/strong> B\u00edl\u00fd krystalick\u00fd pr\u00e1\u0161ek<\/p>\n<\/li>\n<li data-start=\"1559\" data-end=\"1589\">\n<p data-start=\"1561\" data-end=\"1589\"><strong data-start=\"1561\" data-end=\"1572\">\u010cistota:<\/strong> \u226599% USP Grade<\/p>\n<\/li>\n<li data-start=\"1590\" data-end=\"1627\">\n<p data-start=\"1592\" data-end=\"1627\"><strong data-start=\"1592\" data-end=\"1604\">Skladov\u00e1n\u00ed:<\/strong> 2-8 \u00b0C (v chladu)<\/p>\n<\/li>\n<li data-start=\"1628\" data-end=\"1683\">\n<p data-start=\"1630\" data-end=\"1683\"><strong data-start=\"1630\" data-end=\"1644\">Balen\u00ed:<\/strong> 1 kg \/ s\u00e1\u010dek z hlin\u00edkov\u00e9 f\u00f3lie nebo na m\u00edru<\/p>\n<\/li>\n<\/ul>\n<hr data-start=\"1685\" data-end=\"1688\" \/>\n<h3 data-start=\"1690\" data-end=\"1735\"><strong data-start=\"1694\" data-end=\"1735\">Jak funguje methandrostenolone Dianabol<\/strong><\/h3>\n<p data-start=\"1737\" data-end=\"2054\">Dianabol pracuje t\u00edm, \u017ee zvy\u0161uje <strong data-start=\"1765\" data-end=\"1786\">synt\u00e9za b\u00edlkovin<\/strong> a propagace <strong data-start=\"1801\" data-end=\"1821\">bilance dus\u00edku<\/strong>, kter\u00e9 jsou d\u016fle\u017eit\u00e9 pro r\u016fst a obnovu sval\u016f. Zvy\u0161uje tak\u00e9 glykogenol\u00fdzu, co\u017e vede k pln\u011bj\u0161\u00edm a pevn\u011bj\u0161\u00edm sval\u016fm. Mnoho sportovc\u016f pou\u017e\u00edv\u00e1 <strong data-start=\"1954\" data-end=\"1962\">Dbol<\/strong> k nastartov\u00e1n\u00ed jejich objemov\u00fdch cykl\u016f nebo k p\u0159eklenut\u00ed obdob\u00ed mezi injek\u010dn\u00edmi steroidy k udr\u017een\u00ed zisk\u016f.<\/p>\n<hr data-start=\"2056\" data-end=\"2059\" \/>\n<h3 data-start=\"2061\" data-end=\"2095\"><strong data-start=\"2065\" data-end=\"2095\">Doporu\u010den\u00e9 d\u00e1vkov\u00e1n\u00ed a pou\u017eit\u00ed<\/strong><\/h3>\n<ul data-start=\"2097\" data-end=\"2351\">\n<li data-start=\"2097\" data-end=\"2137\">\n<p data-start=\"2099\" data-end=\"2137\"><strong data-start=\"2099\" data-end=\"2119\">D\u00e1vkov\u00e1n\u00ed pro za\u010d\u00e1te\u010dn\u00edky:<\/strong> 10-20 mg denn\u011b<\/p>\n<\/li>\n<li data-start=\"2138\" data-end=\"2182\">\n<p data-start=\"2140\" data-end=\"2182\"><strong data-start=\"2140\" data-end=\"2164\">St\u0159edn\u00ed d\u00e1vka:<\/strong> 25-40 mg denn\u011b<\/p>\n<\/li>\n<li data-start=\"2183\" data-end=\"2223\">\n<p data-start=\"2185\" data-end=\"2223\"><strong data-start=\"2185\" data-end=\"2205\">Pokro\u010dil\u00e9 d\u00e1vkov\u00e1n\u00ed:<\/strong> 40-50 mg denn\u011b<\/p>\n<\/li>\n<li data-start=\"2224\" data-end=\"2319\">\n<p data-start=\"2226\" data-end=\"2319\"><strong data-start=\"2226\" data-end=\"2244\">Typick\u00fd z\u00e1sobn\u00edk:<\/strong> \u010casto v kombinaci s 500-1000 mg\/t\u00fdden injek\u010dn\u00ed testosteronov\u00e9 slou\u010deniny<\/p>\n<\/li>\n<li data-start=\"2320\" data-end=\"2351\">\n<p data-start=\"2322\" data-end=\"2351\"><strong data-start=\"2322\" data-end=\"2339\">D\u00e9lka cyklu:<\/strong> 4-6 t\u00fddn\u016f<\/p>\n<\/li>\n<\/ul>\n<p data-start=\"2353\" data-end=\"2394\"><strong data-start=\"2353\" data-end=\"2394\">Pouze pro v\u00fdzkumn\u00e9 a laboratorn\u00ed \u00fa\u010dely.<\/strong><\/p>\n<hr data-start=\"2396\" data-end=\"2399\" \/>\n<h3 data-start=\"2401\" data-end=\"2446\"><strong data-start=\"2405\" data-end=\"2446\">Uk\u00e1zka peror\u00e1ln\u00edho receptu - 50 mg\/ml roztoku<\/strong><\/h3>\n<p data-start=\"2448\" data-end=\"2477\"><strong data-start=\"2448\" data-end=\"2475\">Slo\u017een\u00ed (na 20 ml):<\/strong><\/p>\n<ul data-start=\"2478\" data-end=\"2592\">\n<li data-start=\"2478\" data-end=\"2510\">\n<p data-start=\"2480\" data-end=\"2510\">1g pr\u00e1\u0161ek methandrostenolonu<\/p>\n<\/li>\n<li data-start=\"2511\" data-end=\"2592\">\n<p data-start=\"2513\" data-end=\"2592\">19 ml obiln\u00e9ho lihu o koncentraci 190 %<br data-start=\"2541\" data-end=\"2544\" \/><strong data-start=\"2544\" data-end=\"2553\">Pozn\u00e1mka:<\/strong> Nen\u00ed nutn\u00fd PEG (pou\u017eijte recept bez PEG).<\/p>\n<\/li>\n<\/ul>\n<hr data-start=\"2594\" data-end=\"2597\" \/>\n<h3 data-start=\"2599\" data-end=\"2654\"><strong data-start=\"2603\" data-end=\"2654\">Kl\u00ed\u010dov\u00e9 v\u00fdhody methandrostenolone Dianabol USP<\/strong><\/h3>\n<ul data-start=\"2656\" data-end=\"2969\">\n<li data-start=\"2656\" data-end=\"2699\">\n<p data-start=\"2658\" data-end=\"2699\">Rychl\u00e9 a viditeln\u00e9 <strong data-start=\"2676\" data-end=\"2697\">n\u00e1r\u016fst svalov\u00e9 hmoty<\/strong><\/p>\n<\/li>\n<li data-start=\"2700\" data-end=\"2739\">\n<p data-start=\"2702\" data-end=\"2739\">Vylep\u0161en\u00e9 str\u00e1nky <strong data-start=\"2711\" data-end=\"2737\">s\u00edla a vytrvalost<\/strong><\/p>\n<\/li>\n<li data-start=\"2740\" data-end=\"2795\">\n<p data-start=\"2742\" data-end=\"2795\">Zrychlen\u00fd <strong data-start=\"2754\" data-end=\"2776\">metabolismus b\u00edlkovin<\/strong> a <strong data-start=\"2781\" data-end=\"2793\">zotaven\u00ed<\/strong><\/p>\n<\/li>\n<li data-start=\"2796\" data-end=\"2855\">\n<p data-start=\"2798\" data-end=\"2855\">Zachov\u00e1n\u00ed <strong data-start=\"2814\" data-end=\"2829\">\u0161t\u00edhl\u00e1 tk\u00e1\u0148<\/strong> b\u011bhem intenzivn\u00edho tr\u00e9ninku<\/p>\n<\/li>\n<li data-start=\"2856\" data-end=\"2912\">\n<p data-start=\"2858\" data-end=\"2912\">Zvy\u0161uje <strong data-start=\"2865\" data-end=\"2883\">rychlost metabolismu<\/strong> a pom\u016fcky <strong data-start=\"2893\" data-end=\"2910\">redukce tuku<\/strong><\/p>\n<\/li>\n<li data-start=\"2913\" data-end=\"2969\">\n<p data-start=\"2915\" data-end=\"2969\">Vynikaj\u00edc\u00ed <strong data-start=\"2925\" data-end=\"2948\">startovac\u00ed sm\u011bs<\/strong> pro objemov\u00e9 cykly<\/p>\n<\/li>\n<\/ul>\n<hr data-start=\"2971\" data-end=\"2974\" \/>\n<h3 data-start=\"2976\" data-end=\"3007\"><strong data-start=\"2980\" data-end=\"3007\">Pro\u010d si vybrat SHGOTOPHARM?<\/strong><\/h3>\n<p data-start=\"3009\" data-end=\"3360\">Na adrese <strong data-start=\"3012\" data-end=\"3027\">SHGOTOPHARM<\/strong>, specializujeme se na <strong data-start=\"3046\" data-end=\"3081\">vysoce \u010dist\u00e9 surov\u00e9 steroidn\u00ed pr\u00e1\u0161ky<\/strong> jsou vyr\u00e1b\u011bny za p\u0159\u00edsn\u00e9 kontroly kvality a laboratorn\u00edch test\u016f. Na\u0161e str\u00e1nky <strong data-start=\"3162\" data-end=\"3197\">USP Methandrostenolone Dianabol<\/strong> se z\u00edsk\u00e1v\u00e1 a vyr\u00e1b\u00ed s p\u0159esnost\u00ed, kter\u00e1 spl\u0148uje glob\u00e1ln\u00ed farmaceutick\u00e9 po\u017eadavky - ka\u017ed\u00e1 \u0161ar\u017ee poskytuje <strong data-start=\"3312\" data-end=\"3359\">st\u00e1l\u00e1 \u00fa\u010dinnost, \u010distota a spolehlivost<\/strong>.<\/p>\n<p data-start=\"3362\" data-end=\"3537\">A\u0165 u\u017e se jedn\u00e1 o profesion\u00e1ln\u00ed v\u00fdzkum, formulaci nebo pokro\u010dil\u00fd v\u00fdvoj, SHGOTOPHARM z\u016fst\u00e1v\u00e1 va\u0161\u00edm spolehliv\u00fdm dodavatelem pro <strong data-start=\"3493\" data-end=\"3536\">Dianabol a jin\u00e9 surov\u00e9 anabolick\u00e9 pr\u00e1\u0161ky<\/strong>.<\/p>","protected":false},"excerpt":{"rendered":"<h2 data-start=\"319\" data-end=\"347\"><a href=\"https:\/\/shgotopharm.com\/cs\/product\/koupit-usp-methandrostenolone-dianabol\/\">Koupit USP methandrostenolone Dianabol pr\u00e1\u0161ek - SHGOTOPHARM<\/a><\/h2>\n<p data-start=\"349\" data-end=\"754\">Koupit USP methandrostenolone Dianabol,<strong data-start=\"349\" data-end=\"364\"> SHGOTOPHARM<\/strong> nab\u00edz\u00ed prvot\u0159\u00eddn\u00ed <strong data-start=\"386\" data-end=\"428\">USP Methandrostenolone Dianabol (Dbol)<\/strong><\/p>","protected":false},"featured_media":1780,"comment_status":"open","ping_status":"closed","template":"","meta":[],"product_brand":[],"product_cat":[390],"product_tag":[935,944,934,949,945,938,933,470,493,483,489,509,505,496,502,499,486,504,507,484,932,943,503,500,482,498,506,511,495,501,485,488,492,939,494,481,491,487,508,510,490,479,931,480,940,937,948,936,946,947,942,497,941],"class_list":{"0":"post-1779","1":"product","2":"type-product","3":"status-publish","4":"has-post-thumbnail","6":"product_cat-oral-steroids","7":"product_tag-aas-poland","8":"product_tag-aas-raw-materials-australia","9":"product_tag-aas-raws","10":"product_tag-anabolic-steroid-manufacturer-canada","11":"product_tag-anabolic-steroid-powders-online","12":"product_tag-best-steroid-powder-supplier-usa","13":"product_tag-buy-aas-raws-online","14":"product_tag-buy-dianabol","15":"product_tag-buy-dianabol-in-brazil","16":"product_tag-buy-dianabol-in-canada","17":"product_tag-buy-dianabol-in-europe","18":"product_tag-buy-dianabol-in-france","19":"product_tag-buy-dianabol-in-india","20":"product_tag-buy-dianabol-in-mexico","21":"product_tag-buy-dianabol-in-poland","22":"product_tag-buy-dianabol-in-sweden","23":"product_tag-buy-dianabol-in-switzerland","24":"product_tag-buy-dianabol-in-uk","25":"product_tag-buy-dianabol-in-usa","26":"product_tag-buy-methandrostenolone","27":"product_tag-buy-raw-steroid-powders-online","28":"product_tag-buy-raw-steroids-china","29":"product_tag-dianabol-cutting","30":"product_tag-dianabol-dosage","31":"product_tag-dianabol-pills","32":"product_tag-dianabol-pills-for-sale","33":"product_tag-dianabol-powder","34":"product_tag-dianabol-price","35":"product_tag-dianabol-price-in-dollars","36":"product_tag-dianabol-tablets-10mg","37":"product_tag-dianabol-tablets-amazon","38":"product_tag-dianabol-tablets-online-shopping","39":"product_tag-dianabol-tablets-side-effects","40":"product_tag-high-purity-anabolic-steroids-canada","41":"product_tag-legit-dianabol-source","42":"product_tag-methandrostenolone-buy","43":"product_tag-methandrostenolone-cycle","44":"product_tag-methandrostenolone-dosage","45":"product_tag-methandrostenolone-powder","46":"product_tag-methandrostenolone-price","47":"product_tag-online-dianabol-store","48":"product_tag-oral-steroid-powder","49":"product_tag-raw-steroids-for-sale","50":"product_tag-recent-post-buy-dianabol-in-australia","51":"product_tag-steroid-raw-material-factory-europe","52":"product_tag-steroid-raws-online","53":"product_tag-steroid-raws-supplier-florida","54":"product_tag-supplier-usa","55":"product_tag-testosterone-raw-powder-poland","56":"product_tag-trenbolone-powder-thailand","57":"product_tag-trusted-steroid-raw-supplier-worldwide","58":"product_tag-where-to-buy-dianabol-dianabol-buy","59":"product_tag-wholesale-steroid-powders-australia","61":"first","62":"instock","63":"shipping-taxable","64":"product-type-simple"},"_links":{"self":[{"href":"https:\/\/shgotopharm.com\/cs\/wp-json\/wp\/v2\/product\/1779","targetHints":{"allow":["GET"]}}],"collection":[{"href":"https:\/\/shgotopharm.com\/cs\/wp-json\/wp\/v2\/product"}],"about":[{"href":"https:\/\/shgotopharm.com\/cs\/wp-json\/wp\/v2\/types\/product"}],"replies":[{"embeddable":true,"href":"https:\/\/shgotopharm.com\/cs\/wp-json\/wp\/v2\/comments?post=1779"}],"wp:featuredmedia":[{"embeddable":true,"href":"https:\/\/shgotopharm.com\/cs\/wp-json\/wp\/v2\/media\/1780"}],"wp:attachment":[{"href":"https:\/\/shgotopharm.com\/cs\/wp-json\/wp\/v2\/media?parent=1779"}],"wp:term":[{"taxonomy":"product_brand","embeddable":true,"href":"https:\/\/shgotopharm.com\/cs\/wp-json\/wp\/v2\/product_brand?post=1779"},{"taxonomy":"product_cat","embeddable":true,"href":"https:\/\/shgotopharm.com\/cs\/wp-json\/wp\/v2\/product_cat?post=1779"},{"taxonomy":"product_tag","embeddable":true,"href":"https:\/\/shgotopharm.com\/cs\/wp-json\/wp\/v2\/product_tag?post=1779"}],"curies":[{"name":"wp","href":"https:\/\/api.w.org\/{rel}","templated":true}]}}