{"id":1781,"date":"2025-11-05T03:08:05","date_gmt":"2025-11-05T03:08:05","guid":{"rendered":"https:\/\/shgotopharm.com\/?post_type=product&#038;p=1781"},"modified":"2025-12-13T09:50:43","modified_gmt":"2025-12-13T09:50:43","slug":"koupit-peroralni-prasek-turinabol","status":"publish","type":"product","link":"https:\/\/shgotopharm.com\/cs\/product\/buy-oral-turinabol-powder\/","title":{"rendered":"Koupit \u00fastn\u00ed pr\u00e1\u0161ek Turinabol"},"content":{"rendered":"<h2 data-start=\"1587\" data-end=\"1657\"><a href=\"https:\/\/shgotopharm.com\/cs\/product\/koupit-peroralni-prasek-turinabol\/\">Koupit \u00fastn\u00ed pr\u00e1\u0161ek Turinabol<\/a><\/h2>\n<p data-start=\"1659\" data-end=\"2022\"><strong data-start=\"1659\" data-end=\"1677\">Peror\u00e1ln\u00ed turinabol<\/strong>, zn\u00e1m\u00fd tak\u00e9 jako <strong data-start=\"1693\" data-end=\"1714\">Turinabol nebo Tbol<\/strong>, je legend\u00e1rn\u00ed <strong data-start=\"1731\" data-end=\"1751\">anabolick\u00fd steroid<\/strong> kter\u00fd kombinuje chemick\u00e9 s\u00edly <strong data-start=\"1792\" data-end=\"1825\">Methandrostenolone (Dianabol)<\/strong> a <strong data-start=\"1830\" data-end=\"1843\">Clostebol<\/strong>.<br data-start=\"1844\" data-end=\"1847\" \/>Kdy\u017e <strong data-start=\"1856\" data-end=\"1885\">Koupit \u00fastn\u00ed pr\u00e1\u0161ek Turinabol<\/strong> z <strong data-start=\"1891\" data-end=\"1906\">SHGOTOPHARM<\/strong>, z\u00edsk\u00e1te <strong data-start=\"1916\" data-end=\"1951\">surov\u00fd pr\u00e1\u0161ek farmaceutick\u00e9 kvality<\/strong> navr\u017een\u00e9 pro p\u0159esn\u00fd a spolehliv\u00fd v\u00fdzkum a formula\u010dn\u00ed aplikace.<\/p>\n<p data-start=\"2024\" data-end=\"2248\">Tato jedine\u010dn\u00e1 struktura poskytuje <strong data-start=\"2052\" data-end=\"2081\">\u00dastn\u00ed surov\u00fd pr\u00e1\u0161ek Turinabol<\/strong> siln\u00e9 anabolick\u00e9 \u00fa\u010dinky s velmi n\u00edzk\u00fdmi androgenn\u00edmi vlastnostmi - ide\u00e1ln\u00ed pro ty, kte\u0159\u00ed hledaj\u00ed <strong data-start=\"2170\" data-end=\"2201\">\u0161t\u00edhl\u00fd, definovan\u00fd r\u016fst sval\u016f<\/strong> bez zadr\u017eov\u00e1n\u00ed vody nebo nadm\u011brn\u00e9ho nad\u00fdm\u00e1n\u00ed.<\/p>\n<hr data-start=\"2250\" data-end=\"2253\" \/>\n<h3 data-start=\"2255\" data-end=\"2303\">\u2697\ufe0f <strong data-start=\"2262\" data-end=\"2303\">Specifikace produktu Oral Turinabol<\/strong><\/h3>\n<ul data-start=\"2305\" data-end=\"2680\">\n<li data-start=\"2305\" data-end=\"2341\">\n<p data-start=\"2307\" data-end=\"2341\"><strong data-start=\"2307\" data-end=\"2324\">N\u00e1zev produktu:<\/strong> Peror\u00e1ln\u00ed turinabol<\/p>\n<\/li>\n<li data-start=\"2342\" data-end=\"2398\">\n<p data-start=\"2344\" data-end=\"2398\"><strong data-start=\"2344\" data-end=\"2362\">Chemick\u00fd n\u00e1zev:<\/strong> 4-Chlorodehydromethyltestosteron<\/p>\n<\/li>\n<li data-start=\"2399\" data-end=\"2428\">\n<p data-start=\"2401\" data-end=\"2428\"><strong data-start=\"2401\" data-end=\"2416\">\u010c\u00edslo CAS:<\/strong> 2446-23-3<\/p>\n<\/li>\n<li data-start=\"2429\" data-end=\"2466\">\n<p data-start=\"2431\" data-end=\"2466\"><strong data-start=\"2431\" data-end=\"2453\">Molekul\u00e1rn\u00ed vzorec:<\/strong> C20H27ClO2<\/p>\n<\/li>\n<li data-start=\"2467\" data-end=\"2499\">\n<p data-start=\"2469\" data-end=\"2499\"><strong data-start=\"2469\" data-end=\"2490\">Molekulov\u00e1 hmotnost:<\/strong> 334.88<\/p>\n<\/li>\n<li data-start=\"2500\" data-end=\"2537\">\n<p data-start=\"2502\" data-end=\"2537\"><strong data-start=\"2502\" data-end=\"2513\">\u010cistota:<\/strong> \u226599% USP\/Farmaceutick\u00e1 t\u0159\u00edda<\/p>\n<\/li>\n<li data-start=\"2538\" data-end=\"2582\">\n<p data-start=\"2540\" data-end=\"2582\"><strong data-start=\"2540\" data-end=\"2555\">Vzhled:<\/strong> B\u00edl\u00fd krystalick\u00fd pr\u00e1\u0161ek<\/p>\n<\/li>\n<li data-start=\"2583\" data-end=\"2623\">\n<p data-start=\"2585\" data-end=\"2623\"><strong data-start=\"2585\" data-end=\"2597\">Skladov\u00e1n\u00ed:<\/strong> 2-8 \u00b0C (chladn\u00e9, such\u00e9 m\u00edsto)<\/p>\n<\/li>\n<li data-start=\"2624\" data-end=\"2680\">\n<p data-start=\"2626\" data-end=\"2680\"><strong data-start=\"2626\" data-end=\"2640\">Balen\u00ed:<\/strong> 1 kg\/s\u00e1\u010dek z hlin\u00edkov\u00e9 f\u00f3lie nebo podle pot\u0159eby<\/p>\n<\/li>\n<\/ul>\n<p data-start=\"2682\" data-end=\"2797\">Ka\u017ed\u00e1 d\u00e1vka <strong data-start=\"2697\" data-end=\"2729\">SHGOTOPHARM Turinabol pr\u00e1\u0161ek<\/strong> je laboratorn\u011b testov\u00e1n, aby byla zaru\u010dena bezkonkuren\u010dn\u00ed konzistence a \u010distota.<\/p>\n<hr data-start=\"2799\" data-end=\"2802\" \/>\n<h3 data-start=\"2804\" data-end=\"2862\"><strong data-start=\"2811\" data-end=\"2862\">Pro\u010d si koupit peror\u00e1ln\u00ed turinabolov\u00fd pr\u00e1\u0161ek od spole\u010dnosti SHGOTOPHARM?<\/strong><\/h3>\n<ol data-start=\"2864\" data-end=\"3218\">\n<li data-start=\"2864\" data-end=\"2907\">\n<p data-start=\"2867\" data-end=\"2907\"><strong data-start=\"2867\" data-end=\"2883\">Vysok\u00e1 \u010distota:<\/strong> \u226599% ov\u011b\u0159eno pomoc\u00ed HPLC<\/p>\n<\/li>\n<li data-start=\"2908\" data-end=\"2974\">\n<p data-start=\"2911\" data-end=\"2974\"><strong data-start=\"2911\" data-end=\"2938\">Farmaceutick\u00e1 kvalita:<\/strong> V\u00fdrobn\u00ed standardy t\u0159\u00eddy USP<\/p>\n<\/li>\n<li data-start=\"2975\" data-end=\"3047\">\n<p data-start=\"2978\" data-end=\"3047\"><strong data-start=\"2978\" data-end=\"3001\">Stabiln\u00ed, \u0161t\u00edhl\u00e9 p\u0159\u00edr\u016fstky:<\/strong> Zvy\u0161uje pevnost, tvrdost a definici<\/p>\n<\/li>\n<li data-start=\"3048\" data-end=\"3116\">\n<p data-start=\"3051\" data-end=\"3116\"><strong data-start=\"3051\" data-end=\"3077\">N\u00edzk\u00fd estrogenn\u00ed \u00fa\u010dinek:<\/strong> Minim\u00e1ln\u00ed zadr\u017eov\u00e1n\u00ed vody nebo otoky<\/p>\n<\/li>\n<li data-start=\"3117\" data-end=\"3218\">\n<p data-start=\"3120\" data-end=\"3218\"><strong data-start=\"3120\" data-end=\"3141\">D\u016fv\u011bryhodn\u00fd dodavatel:<\/strong> SHGOTOPHARM je profesion\u00e1ln\u00ed surov\u00fd steroidn\u00ed pr\u00e1\u0161ek v\u00fdrobce a v\u00fdvozce<\/p>\n<\/li>\n<\/ol>\n<p data-start=\"3220\" data-end=\"3410\">T\u00edm, \u017ee se rozhodnete <strong data-start=\"3235\" data-end=\"3264\">Koupit \u00fastn\u00ed pr\u00e1\u0161ek Turinabol<\/strong> od spole\u010dnosti SHGOTOPHARM, v\u00fdzkumn\u00ed pracovn\u00edci a odborn\u00edci na formulaci z\u00edskaj\u00ed p\u0159\u00edstup k jednomu z nejspolehliv\u011bj\u0161\u00edch <strong data-start=\"3358\" data-end=\"3389\">Turinabol anabolick\u00e9 steroidy<\/strong> k dispozici po cel\u00e9m sv\u011bt\u011b.<\/p>\n<hr data-start=\"3412\" data-end=\"3415\" \/>\n<h3 data-start=\"3417\" data-end=\"3452\"><strong data-start=\"3424\" data-end=\"3452\">Jak funguje or\u00e1ln\u00ed turinabol<\/strong><\/h3>\n<p data-start=\"3454\" data-end=\"3773\">Peror\u00e1ln\u00ed Turinabol podporuje <strong data-start=\"3478\" data-end=\"3499\">synt\u00e9za b\u00edlkovin<\/strong>, zlep\u0161uje <strong data-start=\"3510\" data-end=\"3530\">bilance dus\u00edku<\/strong>, a zlep\u0161uje <strong data-start=\"3545\" data-end=\"3574\">tvorba \u010derven\u00fdch krvinek<\/strong>, kter\u00e9 urychluj\u00ed regeneraci a vytrvalost sval\u016f.<br data-start=\"3630\" data-end=\"3633\" \/>Na rozd\u00edl od tradi\u010dn\u00edch objemov\u00fdch l\u00e1tek, <strong data-start=\"3668\" data-end=\"3697\">\u00dastn\u00ed surov\u00fd pr\u00e1\u0161ek Turinabol<\/strong> podporuje stabiln\u00ed a kvalitn\u00ed p\u0159\u00edr\u016fstky - ide\u00e1ln\u00ed pro \u0159ezac\u00ed nebo rekompozi\u010dn\u00ed cykly.<\/p>\n<hr data-start=\"3775\" data-end=\"3778\" \/>\n<h3 data-start=\"3780\" data-end=\"3839\"><strong data-start=\"3787\" data-end=\"3839\">Doporu\u010den\u00e9 d\u00e1vkov\u00e1n\u00ed pro v\u00fdzkum (pro laboratorn\u00ed pou\u017eit\u00ed)<\/strong><\/h3>\n<ul data-start=\"3841\" data-end=\"3925\">\n<li data-start=\"3841\" data-end=\"3866\">\n<p data-start=\"3843\" data-end=\"3866\"><strong data-start=\"3843\" data-end=\"3851\">Mu\u017ei:<\/strong> 20-50 mg\/den<\/p>\n<\/li>\n<li data-start=\"3867\" data-end=\"3893\">\n<p data-start=\"3869\" data-end=\"3893\"><strong data-start=\"3869\" data-end=\"3879\">\u017deny:<\/strong> 5-10 mg\/den<\/p>\n<\/li>\n<li data-start=\"3894\" data-end=\"3925\">\n<p data-start=\"3896\" data-end=\"3925\"><strong data-start=\"3896\" data-end=\"3913\">D\u00e9lka cyklu:<\/strong> 6-8 t\u00fddn\u016f<\/p>\n<\/li>\n<\/ul>\n<p data-start=\"3927\" data-end=\"4011\"><em data-start=\"3927\" data-end=\"4011\">(Pouze pro laboratorn\u00ed, analytick\u00e9 nebo formula\u010dn\u00ed pou\u017eit\u00ed - ne pro lidskou spot\u0159ebu.)<\/em><\/p>\n<hr data-start=\"4013\" data-end=\"4016\" \/>\n<h3 data-start=\"4018\" data-end=\"4048\"><strong data-start=\"4025\" data-end=\"4048\">Pozad\u00ed a d\u011bdictv\u00ed<\/strong><\/h3>\n<p data-start=\"4050\" data-end=\"4445\">P\u016fvodn\u011b byl vyvinut v roce 1962 <strong data-start=\"4082\" data-end=\"4095\">Jenapharm<\/strong> ve v\u00fdchodn\u00edm N\u011bmecku, <strong data-start=\"4113\" data-end=\"4131\">Peror\u00e1ln\u00ed turinabol<\/strong> se rychle proslavil svou <strong data-start=\"4162\" data-end=\"4185\">vysok\u00fd bezpe\u010dnostn\u00ed profil<\/strong> a <strong data-start=\"4190\" data-end=\"4216\">klinick\u00e1 \u00fa\u010dinnost<\/strong> p\u0159i udr\u017eov\u00e1n\u00ed svalov\u00e9 hmoty a hustoty kost\u00ed.<br data-start=\"4261\" data-end=\"4264\" \/>Jeho kombinace <strong data-start=\"4283\" data-end=\"4304\">m\u00edrn\u011b anabolick\u00fd<\/strong> a <strong data-start=\"4309\" data-end=\"4327\">n\u00edzk\u00e1 androgenn\u00ed<\/strong> aktivitu, d\u00edky n\u00ed\u017e se hodil pro mu\u017ee i \u017eeny v l\u00e9ka\u0159stv\u00ed, ne\u017e se dostal do pov\u011bdom\u00ed pro sportovn\u00ed vyu\u017eit\u00ed.<\/p>\n<p data-start=\"4447\" data-end=\"4609\">Dnes, <strong data-start=\"4454\" data-end=\"4486\">SHGOTOPHARM Turinabol pr\u00e1\u0161ek<\/strong> pokra\u010duje v odkazu p\u0159esnosti a \u010distoty - nyn\u00ed je k dispozici pro pokro\u010dil\u00fd v\u00fdzkum a v\u00fdvoj receptur po cel\u00e9m sv\u011bt\u011b.<\/p>\n<hr data-start=\"4611\" data-end=\"4614\" \/>\n<h3 data-start=\"4616\" data-end=\"4664\"><strong data-start=\"4623\" data-end=\"4664\">Kl\u00ed\u010dov\u00e9 v\u00fdhody or\u00e1ln\u00edho pr\u00e1\u0161ku Turinabol<\/strong><\/h3>\n<ul data-start=\"4666\" data-end=\"4930\">\n<li data-start=\"4666\" data-end=\"4718\">\n<p data-start=\"4668\" data-end=\"4718\">Podporuje <strong data-start=\"4677\" data-end=\"4699\">r\u016fst svalov\u00e9 hmoty<\/strong> bez nad\u00fdm\u00e1n\u00ed<\/p>\n<\/li>\n<li data-start=\"4719\" data-end=\"4765\">\n<p data-start=\"4721\" data-end=\"4765\">Zlep\u0161uje <strong data-start=\"4730\" data-end=\"4763\">s\u00edla, v\u00fdkon a regenerace<\/strong><\/p>\n<\/li>\n<li data-start=\"4766\" data-end=\"4812\">\n<p data-start=\"4768\" data-end=\"4812\">Podporuje <strong data-start=\"4777\" data-end=\"4810\">\u00fabytek tuku a udr\u017een\u00ed svalov\u00e9 hmoty<\/strong><\/p>\n<\/li>\n<li data-start=\"4813\" data-end=\"4871\">\n<p data-start=\"4815\" data-end=\"4871\">Poskytuje <strong data-start=\"4824\" data-end=\"4869\">stabiln\u00ed a konzistentn\u00ed v\u00fdsledky<\/strong><\/p>\n<\/li>\n<li data-start=\"4872\" data-end=\"4930\">\n<p data-start=\"4874\" data-end=\"4930\">Ide\u00e1ln\u00ed pro <strong data-start=\"4884\" data-end=\"4928\">v\u00fdzkumn\u00e9 cykly \u0159ez\u00e1n\u00ed nebo rekompozice<\/strong><\/p>\n<\/li>\n<\/ul>\n<hr data-start=\"4932\" data-end=\"4935\" \/>\n<h3 data-start=\"4937\" data-end=\"4970\"><strong data-start=\"4944\" data-end=\"4970\">Pro\u010d si vybrat SHGOTOPHARM<\/strong><\/h3>\n<p data-start=\"4972\" data-end=\"5310\">Jako sv\u011btov\u00fd l\u00eddr v oblasti <strong data-start=\"4994\" data-end=\"5026\">surov\u00e9 anabolick\u00e9 steroidy pr\u00e1\u0161ky<\/strong>, <strong data-start=\"5028\" data-end=\"5043\">SHGOTOPHARM<\/strong> zaji\u0161\u0165uje <strong data-start=\"5052\" data-end=\"5104\">\u010distota na farmaceutick\u00e9 \u00farovni, konkurenceschopn\u00e9 ceny<\/strong>, a <strong data-start=\"5110\" data-end=\"5141\">spolehliv\u00e9 doru\u010den\u00ed po cel\u00e9m sv\u011bt\u011b<\/strong>.<br data-start=\"5142\" data-end=\"5145\" \/>Kdy\u017e <strong data-start=\"5154\" data-end=\"5183\">Koupit \u00fastn\u00ed pr\u00e1\u0161ek Turinabol<\/strong> od spole\u010dnosti SHGOTOPHARM spolupracujete se spole\u010dnost\u00ed, kter\u00e1 se v\u011bnuje kvalit\u011b, transparentnosti a vynikaj\u00edc\u00edmu v\u00fdzkumu v\u00fdkonu.<\/p>","protected":false},"excerpt":{"rendered":"<p>Koupit peror\u00e1ln\u00ed pr\u00e1\u0161ek Turinabol od spole\u010dnosti SHGOTOPHARM - 99% \u010dist\u00fd anabolick\u00fd surov\u00fd pr\u00e1\u0161ek pro r\u016fst sval\u016f, s\u00edlu a v\u00fdkon. D\u016fv\u011bryhodn\u00fd dodavatel surovin Turinabol po cel\u00e9m sv\u011bt\u011b.<\/p>","protected":false},"featured_media":1782,"comment_status":"open","ping_status":"closed","template":"","meta":[],"product_brand":[],"product_cat":[390],"product_tag":[874,935,944,934,949,945,938,933,870,932,943,939,871,876,877,931,872,940,937,948,936,946,947,942,873,880,879,882,875,881,878,941],"class_list":{"0":"post-1781","1":"product","2":"type-product","3":"status-publish","4":"has-post-thumbnail","6":"product_cat-oral-steroids","7":"product_tag-4-chlorodehydromethyltestosterone","8":"product_tag-aas-poland","9":"product_tag-aas-raw-materials-australia","10":"product_tag-aas-raws","11":"product_tag-anabolic-steroid-manufacturer-canada","12":"product_tag-anabolic-steroid-powders-online","13":"product_tag-best-steroid-powder-supplier-usa","14":"product_tag-buy-aas-raws-online","15":"product_tag-buy-oral-turinabol-powder-usa","16":"product_tag-buy-raw-steroid-powders-online","17":"product_tag-buy-raw-steroids-china","18":"product_tag-high-purity-anabolic-steroids-canada","19":"product_tag-oral-turinabol-raw-powder","20":"product_tag-oral-turinabol-supplier","21":"product_tag-raw-steroid-powders-for-research","22":"product_tag-raw-steroids-for-sale","23":"product_tag-shgotopharm-turinabol","24":"product_tag-steroid-raw-material-factory-europe","25":"product_tag-steroid-raws-online","26":"product_tag-steroid-raws-supplier-florida","27":"product_tag-supplier-usa","28":"product_tag-testosterone-raw-powder-poland","29":"product_tag-trenbolone-powder-thailand","30":"product_tag-trusted-steroid-raw-supplier-worldwide","31":"product_tag-turinabol-anabolic-steroid","32":"product_tag-turinabol-australia","33":"product_tag-turinabol-canada","34":"product_tag-turinabol-europe","35":"product_tag-turinabol-for-muscle-growth","36":"product_tag-turinabol-uk","37":"product_tag-turinabol-usa","38":"product_tag-wholesale-steroid-powders-australia","40":"first","41":"instock","42":"shipping-taxable","43":"product-type-simple"},"_links":{"self":[{"href":"https:\/\/shgotopharm.com\/cs\/wp-json\/wp\/v2\/product\/1781","targetHints":{"allow":["GET"]}}],"collection":[{"href":"https:\/\/shgotopharm.com\/cs\/wp-json\/wp\/v2\/product"}],"about":[{"href":"https:\/\/shgotopharm.com\/cs\/wp-json\/wp\/v2\/types\/product"}],"replies":[{"embeddable":true,"href":"https:\/\/shgotopharm.com\/cs\/wp-json\/wp\/v2\/comments?post=1781"}],"wp:featuredmedia":[{"embeddable":true,"href":"https:\/\/shgotopharm.com\/cs\/wp-json\/wp\/v2\/media\/1782"}],"wp:attachment":[{"href":"https:\/\/shgotopharm.com\/cs\/wp-json\/wp\/v2\/media?parent=1781"}],"wp:term":[{"taxonomy":"product_brand","embeddable":true,"href":"https:\/\/shgotopharm.com\/cs\/wp-json\/wp\/v2\/product_brand?post=1781"},{"taxonomy":"product_cat","embeddable":true,"href":"https:\/\/shgotopharm.com\/cs\/wp-json\/wp\/v2\/product_cat?post=1781"},{"taxonomy":"product_tag","embeddable":true,"href":"https:\/\/shgotopharm.com\/cs\/wp-json\/wp\/v2\/product_tag?post=1781"}],"curies":[{"name":"wp","href":"https:\/\/api.w.org\/{rel}","templated":true}]}}