{"id":1733,"date":"2025-10-25T05:14:10","date_gmt":"2025-10-25T05:14:10","guid":{"rendered":"https:\/\/shgotopharm.com\/?post_type=product&#038;p=1733"},"modified":"2025-11-10T10:07:26","modified_gmt":"2025-11-10T10:07:26","slug":"rohes-testosteronpropionat-pulver","status":"publish","type":"product","link":"https:\/\/shgotopharm.com\/de\/product\/raw-testosterone-propionate-powder\/","title":{"rendered":"Rohes Testosteronpropionat-Pulver"},"content":{"rendered":"<h3>Rohes Testosteron-Propionat-Pulver kaufen: Premium Qualit\u00e4t von SHGOTOPHARM<\/h3>\n<p>Wenn Sie kaufen <a href=\"https:\/\/shgotopharm.com\/de\/product\/rohes-testosteronpropionat-pulver\/\">Rohes Testosteronpropionat-Pulver<\/a> von SHGOTOPHARM entscheiden Sie sich f\u00fcr eines der zuverl\u00e4ssigsten und wirksamsten Testosteronprodukte auf dem Markt. Bekannt f\u00fcr seine schnell wirkende Natur aufgrund der Propionatester, liefert diese Verbindung schnelle Ergebnisse, sondern erfordert h\u00e4ufige Injektionen aufgrund seiner kurzen Halbwertszeit. Athleten injizieren oft t\u00e4glich oder jeden zweiten Tag, um stabile Blutspiegel aufrechtzuerhalten, was es zur ersten Wahl f\u00fcr Leistungssteigerungen macht.<\/p>\n<h3>Hauptmerkmale von rohem Testosteronpropionat-Pulver:<\/h3>\n<p>Raw Testosterone Propionate Powder ist ein reines, synthetisches Abbild des nat\u00fcrlich produzierten m\u00e4nnlichen Hormons Testosteron, das an den Propionatester gebunden ist. Dieser kleine, kurz wirkende Ester steuert die Freisetzung des Hormons, verhindert eine schnelle Aussch\u00fcttung und erm\u00f6glicht im Vergleich zu esterfreiem Testosteron weniger h\u00e4ufige Injektionen. Mit einer Halbwertszeit von ca. 4,5 Tagen ist es deutlich l\u00e4nger haltbar als ungebundenes Testosteron (2-4 Stunden) und gew\u00e4hrleistet eine gleichm\u00e4\u00dfige Wirkung.<\/p>\n<p>Einige Anwender berichten, dass Raw Testosterone Propionate Powder im Vergleich zu anderen Testosteronformen weniger Wassereinlagerungen verursacht, was es zu einer bevorzugten Option f\u00fcr diejenigen macht, die schlankere Gewinne anstreben. W\u00e4hrend hochwirksam, kann eine kleine Untergruppe von Benutzern Erfahrung Empfindlichkeit, die oft durch den Wechsel zu alternativen Verbindungen angesprochen werden k\u00f6nnen.<br \/>\nTherapeutische und leistungsbezogene Verwendung:<\/p>\n<p>Neben der Leistungsf\u00e4higkeit wird rohes Testosteronpropionat-Pulver therapeutisch zur Behandlung von Beschwerden wie Wechseljahrsbeschwerden, chronischer zystischer Mastitis, \u00fcberm\u00e4\u00dfiger Laktation und Endometriose eingesetzt. W\u00e4hrend es einst eine gemeinsame Wahl f\u00fcr weibliche medizinische Behandlungen war, ist es jetzt in erster Linie in m\u00e4nnlichen TRT in den USA verwendet und bleibt weltweit beliebt, obwohl Cypionate und Enanthate in vielen Regionen dominieren.<\/p>\n<h3>Mechanismus und Nutzen:<\/h3>\n<p>Der Propionatester in Raw Testosterone Propionate Powder verbessert die Fettl\u00f6slichkeit und erm\u00f6glicht eine langsame Freisetzung an der Injektionsstelle. Nach der Injektion spalten Enzyme den Ester allm\u00e4hlich auf und setzen das Testosteron frei, um die Stickstoffspeicherung, das Muskelwachstum und die Erh\u00f6hung des IGF-1-Spiegels zu f\u00f6rdern, die Wachstum und Stoffwechsel unterst\u00fctzen. Dies macht es ideal f\u00fcr den Aufbau von Muskelmasse, die Steigerung der Kraft und die Verbesserung der Regeneration.<\/p>\n<h3>Dosierungs- und Zyklusempfehlungen:<\/h3>\n<p>TRT-Pl\u00e4ne: Standarddosen reichen von 25-50 mg, die 2-3 Mal pro Woche injiziert werden. F\u00fcr eine optimale Stabilit\u00e4t, jeden zweiten Tag Injektionen werden aufgrund der kurzen Halbwertszeit empfohlen.<br \/>\nLeistungsverbesserung: Die Dosis beginnt in der Regel bei 100 mg jeden zweiten Tag (durchschnittlich 350 mg\/Woche) und wird von den meisten gesunden M\u00e4nnern gut vertragen. Zyklen dauern in der Regel 8-12 Wochen, mit Hardcore-Zyklen bis zu 16 Wochen, die oft den \u00dcbergang von l\u00e4ngeren Ester.<br \/>\nInjektionsstellen: Kann in jeden gro\u00dfen Muskel injiziert werden, z. B. in das Ges\u00e4\u00df, die Schulter oder den Trizeps.<\/p>\n<h3>Zertifikat der Analyse (COA):<\/h3>\n<p>Produkt: Testosteron Propionat<br \/>\nChargennummer: MC160525<br \/>\nMenge: 5kg<br \/>\nMFG Datum: Mai 25, 2016<br \/>\nVerfallsdatum: 22. Mai 2019<br \/>\nStandard: USP28<br \/>\nErscheinungsbild: Wei\u00dfes oder cremefarbenes kristallines Pulver (konform)<br \/>\nSpezifische Drehung: +83\u00b0 bis +90\u00b0 (+87,2\u00b0)<br \/>\nTrocknungsverlust: \u22640,50% (0,30%)<br \/>\nAssay: 97,0-103,0% (99,2%)<br \/>\nSchlussfolgerung: Entspricht den USP28-Normen<\/p>\n<p>Rohes Testosteron-Propionat-Pulver-Rezepte:<\/p>\n<p>100mg\/ml @ 100ml:<\/p>\n<p>10g Testosteronpropionat-Pulver (7,5ml)<br \/>\n2ml BA (2%)<br \/>\n20ml BB (20%)<br \/>\n70,5ml \u00d6l<\/p>\n<p>150mg\/ml @ 100ml:<\/p>\n<p>15 g Testosteronpropionat-Pulver (11,25 ml)<br \/>\n2ml BA (2%)<br \/>\n30ml BB (30%)<br \/>\n56,75ml \u00d6l<\/p>\n<p>200mg\/ml @ 100ml:<\/p>\n<p>20g Testosteronpropionat-Pulver (15ml)<br \/>\n2ml BA (2%)<br \/>\n20ml BB (20%)<br \/>\n50,4ml EO<br \/>\n12,6ml \u00d6l<\/p>\n<p>&nbsp;<\/p>\n<h3>Warum sollte man rohes Testosteronpropionat-Pulver bei SHGOTOPHARM kaufen?<\/h3>\n<p>Hohe Qualit\u00e4t: Bezogen von einem vertrauensw\u00fcrdigen pharmazeutischen Hersteller, zertifiziert nach GMP und ISO9001, mit einer Reinheit von \u00fcber 98%.<br \/>\nSchnelle Lieferung: Vorr\u00e4tige Produkte werden noch am selben Tag nach Zahlungseingang mit zuverl\u00e4ssigen Expressoptionen (FedEx, UPS, DHL, EMS, TNT, HKEMS) oder per Luftfracht versandt.<\/p>\n<p>Kundenbetreuung: 24\/7 After-Sale-Service, um alle Fragen umgehend.<br \/>\nFlexible Bestellung: Mindestbestellmenge von 10 g, Lieferung im Inland bei Bestellungen \u00fcber 1 kg. G\u00fcnstige Preise und Rabatte f\u00fcr Gro\u00dfbestellungen.<br \/>\nSichere Zahlungen: Zu den Optionen geh\u00f6ren T\/T, Western Union, MoneyGram und Bitcoin.<\/p>\n<p>SHGOTOPHARM ist der beste Ort, um rohes Testosteron-Propionat-Pulver zu kaufen und bietet ein Premium-Produkt, dem Sportler und Bodybuilder weltweit vertrauen. Seine schnell wirkende Natur und vielseitige Anwendungen machen es zu einer Top-Wahl f\u00fcr TRT und Leistungsziele. W\u00e4hlen Sie SHGOTOPHARM f\u00fcr un\u00fcbertroffene Qualit\u00e4t und Service<\/p>","protected":false},"excerpt":{"rendered":"<h3>Rohes Testosteron-Propionat-Pulver kaufen: Premium Qualit\u00e4t von SHGOTOPHARM<\/h3>\n<p>Wenn Sie Raw kaufen <a href=\"https:\/\/shgotopharm.com\/de\/product\/rohes-testosteronpropionat-pulver\/\">Testosteron<\/a> Propionate Powder von SHGOTOPHARM entscheiden Sie sich f\u00fcr eines der zuverl\u00e4ssigsten und wirksamsten Testosteronprodukte auf dem Markt.<\/p>","protected":false},"featured_media":1734,"comment_status":"open","ping_status":"closed","template":"","meta":[],"product_brand":[],"product_cat":[213],"product_tag":[935,944,934,949,945,268,938,933,932,943,316,317,318,319,320,321,322,323,324,325,326,327,328,329,330,939,281,931,940,937,948,282,936,331,332,333,334,335,336,337,338,339,340,267,341,342,343,344,345,346,347,348,349,350,351,352,353,354,355,946,947,942,941],"class_list":{"0":"post-1733","1":"product","2":"type-product","3":"status-publish","4":"has-post-thumbnail","6":"product_cat-testosterone","7":"product_tag-aas-poland","8":"product_tag-aas-raw-materials-australia","9":"product_tag-aas-raws","10":"product_tag-anabolic-steroid-manufacturer-canada","11":"product_tag-anabolic-steroid-powders-online","12":"product_tag-anabolic-steroids","13":"product_tag-best-steroid-powder-supplier-usa","14":"product_tag-buy-aas-raws-online","15":"product_tag-buy-raw-steroid-powders-online","16":"product_tag-buy-raw-steroids-china","17":"product_tag-buy-test-prop-100","18":"product_tag-buy-test-prop-australia","19":"product_tag-buy-test-prop-canada","20":"product_tag-buy-test-prop-online","21":"product_tag-buy-test-prop-online-uk","22":"product_tag-buy-test-prop-powder","23":"product_tag-buy-test-prop-uk","24":"product_tag-buy-test-propionate","25":"product_tag-buy-test-propionate-uk","26":"product_tag-buy-testosterone-propionate","27":"product_tag-buy-testosterone-propionate-in-usa","28":"product_tag-buy-testosterone-propionate-online","29":"product_tag-buy-testosterone-propionate-online-india","30":"product_tag-buy-testosterone-propionate-powder","31":"product_tag-buy-testosterone-propionate-uk","32":"product_tag-high-purity-anabolic-steroids-canada","33":"product_tag-hormone","34":"product_tag-raw-steroids-for-sale","35":"product_tag-steroid-raw-material-factory-europe","36":"product_tag-steroid-raws-online","37":"product_tag-steroid-raws-supplier-florida","38":"product_tag-steroids","39":"product_tag-supplier-usa","40":"product_tag-test-prop","41":"product_tag-test-prop-powder","42":"product_tag-test-prop-powder-conversion","43":"product_tag-test-prop-powder-for-sale","44":"product_tag-test-prop-powder-recipe","45":"product_tag-test-propionate","46":"product_tag-test-propionate-100","47":"product_tag-test-propionate-for-sale","48":"product_tag-test-propionate-powder","49":"product_tag-test-propionate-vs-test-enanthate","50":"product_tag-testosterone-powders-aas","51":"product_tag-testosterone-propionate","52":"product_tag-testosterone-propionate-buy","53":"product_tag-testosterone-propionate-buy-india","54":"product_tag-testosterone-propionate-cycle","55":"product_tag-testosterone-propionate-for-sale","56":"product_tag-testosterone-propionate-manufacturer","57":"product_tag-testosterone-propionate-powder","58":"product_tag-testosterone-propionate-powder-conversion","59":"product_tag-testosterone-propionate-powder-sale","60":"product_tag-testosterone-propionate-price","61":"product_tag-testosterone-propionate-source","62":"product_tag-testosterone-propionate-steroids","63":"product_tag-testosterone-propionate-suppliers","64":"product_tag-testosterone-propionate-vs-cypionate","65":"product_tag-testosterone-propionate-wholesale","66":"product_tag-testosterone-raw-powder-poland","67":"product_tag-trenbolone-powder-thailand","68":"product_tag-trusted-steroid-raw-supplier-worldwide","69":"product_tag-wholesale-steroid-powders-australia","71":"first","72":"instock","73":"shipping-taxable","74":"product-type-simple"},"_links":{"self":[{"href":"https:\/\/shgotopharm.com\/de\/wp-json\/wp\/v2\/product\/1733","targetHints":{"allow":["GET"]}}],"collection":[{"href":"https:\/\/shgotopharm.com\/de\/wp-json\/wp\/v2\/product"}],"about":[{"href":"https:\/\/shgotopharm.com\/de\/wp-json\/wp\/v2\/types\/product"}],"replies":[{"embeddable":true,"href":"https:\/\/shgotopharm.com\/de\/wp-json\/wp\/v2\/comments?post=1733"}],"wp:featuredmedia":[{"embeddable":true,"href":"https:\/\/shgotopharm.com\/de\/wp-json\/wp\/v2\/media\/1734"}],"wp:attachment":[{"href":"https:\/\/shgotopharm.com\/de\/wp-json\/wp\/v2\/media?parent=1733"}],"wp:term":[{"taxonomy":"product_brand","embeddable":true,"href":"https:\/\/shgotopharm.com\/de\/wp-json\/wp\/v2\/product_brand?post=1733"},{"taxonomy":"product_cat","embeddable":true,"href":"https:\/\/shgotopharm.com\/de\/wp-json\/wp\/v2\/product_cat?post=1733"},{"taxonomy":"product_tag","embeddable":true,"href":"https:\/\/shgotopharm.com\/de\/wp-json\/wp\/v2\/product_tag?post=1733"}],"curies":[{"name":"wp","href":"https:\/\/api.w.org\/{rel}","templated":true}]}}