{"id":1735,"date":"2025-10-25T05:28:35","date_gmt":"2025-10-25T05:28:35","guid":{"rendered":"https:\/\/shgotopharm.com\/?post_type=product&#038;p=1735"},"modified":"2025-11-10T10:07:19","modified_gmt":"2025-11-10T10:07:19","slug":"rohes-testosteron-dekanoat-pulver","status":"publish","type":"product","link":"https:\/\/shgotopharm.com\/de\/product\/raw-testosterone-decanoate-powder\/","title":{"rendered":"Rohes Testosteron-Dekanoat-Pulver"},"content":{"rendered":"<h2><a href=\"https:\/\/shgotopharm.com\/de\/product\/rohes-testosteron-dekanoat-pulver\/\">Rohes Testosteron-Dekanoat-Pulver<\/a><\/h2>\n<p>Wenn Sie Raw Testosterone Decanoate Powder von SHGOTOPHARM kaufen, investieren Sie in ein starkes m\u00e4nnliches Hormon und eine anabole Verbindung. Diese Testosteron-Variante, kombiniert mit dem lang wirkenden Decanoat-Ester, liefert ausgepr\u00e4gte anabole Effekte, was es zu einer Top-Wahl f\u00fcr Bodybuilding-Muskelerg\u00e4nzungen macht. Raw Testosterone Decanoate Powder unterst\u00fctzt die Entwicklung des m\u00e4nnlichen Fortpflanzungsgewebes, wie Hoden und Prostata, und f\u00f6rdert gleichzeitig die allgemeine Gesundheit, das Wohlbefinden und die Vorbeugung von Osteoporose. Seine Vorteile erstrecken sich auf die meisten Wirbeltiere, mit leichten Variationen wie 11-Ketotestosteron in Fischen.<\/p>\n<h3>Vorteile von rohem Testosteron-Decanoat-Pulver:<\/h3>\n<p>Raw Testosterone Decanoate Powder ist f\u00fcr die intramuskul\u00e4re Injektion formuliert und bietet eine langsame \u00d6labsorption f\u00fcr eine starke, lang anhaltende Wirkung bei minimaler Injektionsfrequenz. Es f\u00f6rdert die Entwicklung der m\u00e4nnlichen Organe, die sekund\u00e4ren Geschlechtsmerkmale, die Proteinsynthese und die Knochenbildung, w\u00e4hrend es \u00f6strogenbezogene Funktionen wie das Wachstum der Geb\u00e4rmutterschleimhaut und die Aktivit\u00e4t der Hypophyse hemmt.<\/p>\n<p>Es wird h\u00e4ufig bei Erkrankungen wie Testosteronmangel, Kryptorchismus, m\u00e4nnlichem Hypogonadismus, Menorrhagie, Uterusmyomen, seniler Osteoporose und aplastischer An\u00e4mie eingesetzt.<br \/>\nIdeal f\u00fcr Testosteron-Ersatz-Therapie (TRT) oder Hormon-Ersatz-Therapie (HRT), Raw Testosterone Decanoate Powder ist auch perfekt f\u00fcr Stapeln mit l\u00e4nger-Ester Steroide wie Deca Durabolin, so dass f\u00fcr weniger h\u00e4ufige Injektion Zeitpl\u00e4ne.<\/p>\n<h3>Sicherheit und Nebenwirkungen:<\/h3>\n<p>Testosteron-Decanoat-Pulver wird im Allgemeinen von gesunden erwachsenen M\u00e4nnern gut vertragen, insbesondere von solchen mit niedrigem Testosteronspiegel, da es einfach das ersetzt, was dem K\u00f6rper fehlt. Nebenwirkungen sind bei therapeutischen Dosen selten, k\u00f6nnen aber bei supraphysiologischen Dosen zunehmen. Die meisten M\u00e4nner vertragen h\u00f6here Dosen gut, so dass Komplikationen bei verantwortungsvollem Gebrauch selten sind.<br \/>\nWie es funktioniert:<br \/>\nRaw Testosterone Decanoate Powder, erh\u00e4ltlich bei SHGOTOPHARM, ist ein injizierbares Testosteronhormon, das an den langen Decanoate-Ester gebunden ist. Dieser Ester ver\u00e4ndert nicht die Kernfunktionen des Hormons, sondern verlangsamt seine Freisetzung erheblich und sorgt so f\u00fcr eine gleichm\u00e4\u00dfige, anhaltende Wirkung nach einer einzigen Injektion. Im Gegensatz zu schneller wirkenden Estern sorgt der Decanoat-Ester f\u00fcr eine langsame, gleichm\u00e4\u00dfige Testosteronfreisetzung und ist damit ideal f\u00fcr nachhaltige Ergebnisse.<\/p>\n<h3>Warum das rohe Testosteron-Decanoat-Pulver von SHGOTOPHARM w\u00e4hlen?<\/h3>\n<p>Zuverl\u00e4ssige Qualit\u00e4t: Stammt von einem seri\u00f6sen pharmazeutischen Hersteller, der nach GMP und ISO9001 zertifiziert ist, mit einem Reinheitsgrad von \u00fcber 98%.<br \/>\nZuverl\u00e4ssige Lieferung: Versand am selben Tag f\u00fcr vorr\u00e4tige Produkte, mit zuverl\u00e4ssigen Expressoptionen (FedEx, UPS, DHL, EMS, TNT, HKEMS) oder Luftfracht. Inlandslieferung ist f\u00fcr Bestellungen \u00fcber 1 kg verf\u00fcgbar.<br \/>\nKundenbetreuung: 24\/7-Kundenservice, der sich umgehend um alle Anliegen k\u00fcmmert.<br \/>\nFlexible Bestellung: Mindestbestellmenge von 10 g, mit wettbewerbsf\u00e4higen Preisen und Rabatten f\u00fcr Gro\u00dfbestellungen.<br \/>\nSichere Zahlungen: Zu den Optionen geh\u00f6ren T\/T, Western Union, MoneyGram und Bitcoin.<br \/>\nGlobale Reichweite: Wir bedienen Kunden in den USA, Gro\u00dfbritannien, Kanada, Deutschland, Brasilien, Australien, Italien und dar\u00fcber hinaus.<\/p>\n<p>SHGOTOPHARM ist der beste Ort, um rohes Testosteron-Decanoat-Pulver zu kaufen und bietet eine erstklassige, lang wirkende Testosteron-L\u00f6sung f\u00fcr TRT, HRT und Leistungssteigerung. Sein langsam freisetzendes Profil und seine starke anabole Wirkung machen es zu einem Favoriten unter Bodybuildern und allen, die eine nachhaltige hormonelle Unterst\u00fctzung suchen. Vertrauen Sie SHGOTOPHARM f\u00fcr un\u00fcbertroffene Qualit\u00e4t und zuverl\u00e4ssigen Service.<\/p>","protected":false},"excerpt":{"rendered":"<h2><a href=\"https:\/\/shgotopharm.com\/de\/product\/rohes-testosteron-dekanoat-pulver\/\">Rohes Testosteron-Dekanoat-Pulver<\/a><\/h2>\n<p>Wenn Sie rohes Testosteron-Decanoat-Pulver von SHGOTOPHARM kaufen, investieren Sie in ein starkes m\u00e4nnliches Hormon und ein anaboles Pr\u00e4parat<\/p>","protected":false},"featured_media":1736,"comment_status":"open","ping_status":"closed","template":"","meta":[],"product_brand":[],"product_cat":[213],"product_tag":[935,944,934,949,945,938,933,932,943,939,931,940,937,948,936,357,358,359,360,361,356,946,947,942,941],"class_list":{"0":"post-1735","1":"product","2":"type-product","3":"status-publish","4":"has-post-thumbnail","6":"product_cat-testosterone","7":"product_tag-aas-poland","8":"product_tag-aas-raw-materials-australia","9":"product_tag-aas-raws","10":"product_tag-anabolic-steroid-manufacturer-canada","11":"product_tag-anabolic-steroid-powders-online","12":"product_tag-best-steroid-powder-supplier-usa","13":"product_tag-buy-aas-raws-online","14":"product_tag-buy-raw-steroid-powders-online","15":"product_tag-buy-raw-steroids-china","16":"product_tag-high-purity-anabolic-steroids-canada","17":"product_tag-raw-steroids-for-sale","18":"product_tag-steroid-raw-material-factory-europe","19":"product_tag-steroid-raws-online","20":"product_tag-steroid-raws-supplier-florida","21":"product_tag-supplier-usa","22":"product_tag-testosterone-decanoate-test-deca-for-sale","23":"product_tag-testosterone-decanoate-test-deca-powder","24":"product_tag-testosterone-decanoate-test-deca-price","25":"product_tag-testosterone-decanoate-test-deca-raw-powder","26":"product_tag-testosterone-decanoate-test-deca-supplier","27":"product_tag-testosterone-powders-testosterone-decanoate-test-deca-buy","28":"product_tag-testosterone-raw-powder-poland","29":"product_tag-trenbolone-powder-thailand","30":"product_tag-trusted-steroid-raw-supplier-worldwide","31":"product_tag-wholesale-steroid-powders-australia","33":"first","34":"instock","35":"shipping-taxable","36":"product-type-simple"},"_links":{"self":[{"href":"https:\/\/shgotopharm.com\/de\/wp-json\/wp\/v2\/product\/1735","targetHints":{"allow":["GET"]}}],"collection":[{"href":"https:\/\/shgotopharm.com\/de\/wp-json\/wp\/v2\/product"}],"about":[{"href":"https:\/\/shgotopharm.com\/de\/wp-json\/wp\/v2\/types\/product"}],"replies":[{"embeddable":true,"href":"https:\/\/shgotopharm.com\/de\/wp-json\/wp\/v2\/comments?post=1735"}],"wp:featuredmedia":[{"embeddable":true,"href":"https:\/\/shgotopharm.com\/de\/wp-json\/wp\/v2\/media\/1736"}],"wp:attachment":[{"href":"https:\/\/shgotopharm.com\/de\/wp-json\/wp\/v2\/media?parent=1735"}],"wp:term":[{"taxonomy":"product_brand","embeddable":true,"href":"https:\/\/shgotopharm.com\/de\/wp-json\/wp\/v2\/product_brand?post=1735"},{"taxonomy":"product_cat","embeddable":true,"href":"https:\/\/shgotopharm.com\/de\/wp-json\/wp\/v2\/product_cat?post=1735"},{"taxonomy":"product_tag","embeddable":true,"href":"https:\/\/shgotopharm.com\/de\/wp-json\/wp\/v2\/product_tag?post=1735"}],"curies":[{"name":"wp","href":"https:\/\/api.w.org\/{rel}","templated":true}]}}