{"id":1747,"date":"2025-10-30T13:22:39","date_gmt":"2025-10-30T13:22:39","guid":{"rendered":"https:\/\/shgotopharm.com\/?post_type=product&#038;p=1747"},"modified":"2025-12-13T09:51:10","modified_gmt":"2025-12-13T09:51:10","slug":"anavar-oxandrolon-pulver","status":"publish","type":"product","link":"https:\/\/shgotopharm.com\/de\/product\/anavar-oxandrolone-powder\/","title":{"rendered":"Kaufen Anavar Oxandrolone Pulver"},"content":{"rendered":"<h3><a href=\"https:\/\/shgotopharm.com\/de\/product\/anavar-oxandrolon-pulver\/\">Anavar Oxandrolon-Pulver<\/a><\/h3>\n<p>Anavar Oxandrolone Powder ist ein Dihydrotestosteron (DHT) abgeleitet anabole androgene Steroide. Genauer gesagt, ist Oxandrolon das DHT-Hormon mit dem Zusatz eines Sauerstoffatoms anstelle des Kohlenstoffs 2 im A-Ring. Es ist so sicher, dass Oxandrolon im Gegensatz zu anderen Steroiden, die bei Unterern\u00e4hrung und An\u00e4mie eingesetzt wurden, urspr\u00fcnglich haupts\u00e4chlich f\u00fcr Brandopfer verschrieben wurde.<\/p>\n<p>Anavar Oxandrolone Powder, die aus androgenen Eigenschaften, kann dazu f\u00fchren, Retention von Stickstoff, Kalium und Phosphor, und f\u00f6rdern den Anabolismus und hemmen \u00fcberm\u00e4\u00dfigen Katabolismus. Es ist weit verbreitet f\u00fcr Jungen, die \u00fcber abnorme Wachstum und sp\u00e4te Pubert\u00e4t kommen, und auch f\u00fcr M\u00e4dchen, die kongenitale Ovarialhypoplasie zu begegnen verwendet.<\/p>\n<p>Anavar Oxandrolone Powder wird schnell von den D\u00e4rmen und Magen absorbiert. Seine Metaboliten und unver\u00e4ndertes Oxandrolon werden \u00fcber die Nieren ausgeschieden, und eine kleine Menge wird aus dem Magen-Darm-Trakt ausgeschlossen.<\/p>\n<h3>Anavar Oxandrolon-Pulver Spezifikationen<\/h3>\n<p>Oxandrolon\/Anavar Info:<br \/>\nAnavar Oxandrolon CAS-Nr.: 53-39-4<br \/>\nAnavar Oxandrolon MF: C19H30O3<br \/>\nAnavar Oxandrolon MW: C19H30O3<br \/>\nAnavar Oxandrolon L\u00f6slichkeit: DMSO 4 mg\/ml<br \/>\nAnavar Oxandrolon Lagerung: 2-8\u00b0C, trocken, verschlossen<br \/>\nAnavar Oxandrolon Biologische Halbwertszeit: Erwachsene: 9,4-10,4 H\u00e4user;<br \/>\nStoffwechsel von Anavar Oxandrolon: Nieren (in erster Linie), Leber<br \/>\nAnavar Oxandrolon Kategorie (Englisch: DRUG Class): Androgen; Anaboles Steroid<\/p>\n<h3>Anavar Oxandrolone Pulver zum Verkauf<\/h3>\n<p>Legal Oxandrolone Anavar Steroid-Pulver zu verkaufen, wo zu kaufen Inlandslieferung Anavar Pulver? 99% Reinheit Oxandrolone Powder Lieferant, Versand innerhalb von Kanada, Gro\u00dfbritannien.<br \/>\nOxandrolon\/Anavar ist eines der beliebtesten oralen anabolen Steroide. Es verbessert Ihre Kraft und Energie. Und es ist eines der wenigen anabolen Steroide, die von M\u00e4nnern und Frauen sicher verwendet werden k\u00f6nnen. Es ist eine sehr freundliche Nebenwirkung. Oxandrolon\/Anavar ist ohne Frage ein \u00e4u\u00dferst n\u00fctzliches anaboles Steroid.<\/p>\n<p>Unsere Oxandrolon (Anavar) Pulver hat eine rechtliche und Sicherheit Zertifikat. Es ist ein sicheres Steroid. Unsere oxandrolone anavar Pulver verkauft 200 Kilogramm pro Monat, und jeder Kunde sagt, unsere Produkte sind die besten.<\/p>\n<h3>Anavar (Oxandrolon) Steroid-Pulver<\/h3>\n<p>Anavar (Oxandrolon) ist ein sehr ber\u00fchmtes anaboles Steroid, und Sie werden kaum einen professionellen Athleten finden, der nicht von diesem Produkt geh\u00f6rt hat. Es nahm die f\u00fchrenden Positionen von Anfang an seiner Existenz. Es wurde im Jahr 1964 von dem Unternehmen Sear Laboratories erfunden. Dieses Produkt erm\u00f6glicht die Erzielung gro\u00dfartiger Ergebnisse in der Turnhalle.<\/p>\n<p>Oxandrolon ist eines der am h\u00e4ufigsten gef\u00e4lschten Steroide, die je existiert haben.<br \/>\nOxandrolon ist ein oral eingenommenes anaboles Steroid, das normalerweise im Bereich von 5-10 mg pro Tag verschrieben wird, wobei die verschriebenen Dosen selten 20 mg pro Tag \u00fcberschreiten. Die Einnahme dauert normalerweise 2-4 Wochen, gefolgt von einer kurzen Pause und der Wiederholung des Zyklus, bis das Problem gel\u00f6st ist. In einigen F\u00e4llen kann die Einnahme auf unbestimmte Zeit andauern.<\/p>\n<h3>Wie man Anavar Oxandrolone Powder verwendet<\/h3>\n<p>F\u00fcr die m\u00e4nnlichen Anabolika-Benutzer, 20-30mg pro Tag, obwohl eine niedrige Dosis wird eine anabole Beule zu produzieren. Allerdings ist 40-50mg pro Tag weit h\u00e4ufiger und effektiv. Einige M\u00e4nner werden so viel wie 80-100mg pro Tag verwenden, aber bedenken Sie, dass dies die Chance von Nebenwirkungen erh\u00f6ht.<\/p>\n<p>Weibliche Oxandrolone Benutzer werden normalerweise das Steroid bei 5-10mg pro Tag dosieren. Es ist nicht \u00fcblich f\u00fcr eine Frau, mehr als 10mg pro Tag ben\u00f6tigen, aber wenn mehr ben\u00f6tigt wird, kann es um 5mg erh\u00f6ht werden. Dosen, die 20mg pro Tag \u00fcberschreiten, sorgen fast f\u00fcr ein gewisses Ma\u00df an Virilisierung. 6-8 Wochen der Nutzung ist Standard mit beiden M\u00e4nnern und Frauen.<\/p>\n<p>Wenn Sie f\u00fcr diese Steroid-Pulver suchen, ist es besser, f\u00fcr eine Top Oxandrolone Steroid-Pulver Lieferanten zu suchen. SHGOTOPHARM ist der richtige Ort f\u00fcr Sie<\/p>","protected":false},"excerpt":{"rendered":"<h3><a href=\"https:\/\/shgotopharm.com\/de\/product\/anavar-oxandrolon-pulver\/\">Anavar Oxandrolon-Pulver<\/a><\/h3>\n<p>Anavar Oxandrolone Powder ist ein Dihydrotestosteron (DHT) abgeleitet anabole androgene Steroide.<\/p>","protected":false},"featured_media":1748,"comment_status":"open","ping_status":"closed","template":"","meta":[],"product_brand":[],"product_cat":[390],"product_tag":[935,437,944,934,434,949,945,400,415,440,429,417,426,420,410,408,413,407,432,435,423,399,404,938,933,418,430,421,427,416,412,433,439,436,424,411,414,431,392,394,396,402,393,395,932,943,939,398,405,406,397,428,419,422,425,409,438,931,940,937,948,936,946,947,942,403,401,941],"class_list":{"0":"post-1747","1":"product","2":"type-product","3":"status-publish","4":"has-post-thumbnail","6":"product_cat-oral-steroids","7":"product_tag-aas-poland","8":"product_tag-aas-powder","9":"product_tag-aas-raw-materials-australia","10":"product_tag-aas-raws","11":"product_tag-anabolic-steroid-aas","12":"product_tag-anabolic-steroid-manufacturer-canada","13":"product_tag-anabolic-steroid-powders-online","14":"product_tag-anavar","15":"product_tag-anavar-benefits","16":"product_tag-anavar-cycle","17":"product_tag-anavar-dosage","18":"product_tag-anavar-for-man","19":"product_tag-anavar-for-sale","20":"product_tag-anavar-for-woman","21":"product_tag-anavar-oral-steroid-powder","22":"product_tag-anavar-oxandrolone-powder-for-sale","23":"product_tag-anavar-powder","24":"product_tag-anavar-powder-for-sale","25":"product_tag-anavar-powder-price","26":"product_tag-anavar-powder-taste","27":"product_tag-anavar-steroid","28":"product_tag-anavar-steroid-powder-for-sale","29":"product_tag-australia","30":"product_tag-best-steroid-powder-supplier-usa","31":"product_tag-buy-aas-raws-online","32":"product_tag-buy-anavar-in-australia","33":"product_tag-buy-anavar-in-brazil","34":"product_tag-buy-anavar-in-canada","35":"product_tag-buy-anavar-in-europe","36":"product_tag-buy-anavar-in-france","37":"product_tag-buy-anavar-in-india","38":"product_tag-buy-anavar-in-mexico","39":"product_tag-buy-anavar-in-poland","40":"product_tag-buy-anavar-in-sweden","41":"product_tag-buy-anavar-in-switzerland","42":"product_tag-buy-anavar-in-uk","43":"product_tag-buy-anavar-in-usa","44":"product_tag-buy-anavar-powder-online","45":"product_tag-buy-oxandrolone-anavar-australia","46":"product_tag-buy-oxandrolone-anavar-canada","47":"product_tag-buy-oxandrolone-anavar-europe","48":"product_tag-buy-oxandrolone-anavar-powder-online-canada","49":"product_tag-buy-oxandrolone-anavar-uk","50":"product_tag-buy-oxandrolone-anavar-usa","51":"product_tag-buy-raw-steroid-powders-online","52":"product_tag-buy-raw-steroids-china","53":"product_tag-high-purity-anabolic-steroids-canada","54":"product_tag-legal-oxandrolone","55":"product_tag-legit-anavar-powder","56":"product_tag-legit-oxandrolone-powder","57":"product_tag-ox","58":"product_tag-oxandrolone-powder-benefits","59":"product_tag-oxandrolone-powder-china","60":"product_tag-oxandrolone-powder-cost","61":"product_tag-oxandrolone-powder-for-sale","62":"product_tag-oxandrolone-powder-suppliers","63":"product_tag-raw-oxandrolone-powder","64":"product_tag-raw-steroids-for-sale","65":"product_tag-steroid-raw-material-factory-europe","66":"product_tag-steroid-raws-online","67":"product_tag-steroid-raws-supplier-florida","68":"product_tag-supplier-usa","69":"product_tag-testosterone-raw-powder-poland","70":"product_tag-trenbolone-powder-thailand","71":"product_tag-trusted-steroid-raw-supplier-worldwide","72":"product_tag-usa","73":"product_tag-where-to-buy-anavar-powder-99-purity-oxandrolone-powder-supplier","74":"product_tag-wholesale-steroid-powders-australia","76":"first","77":"instock","78":"shipping-taxable","79":"product-type-simple"},"_links":{"self":[{"href":"https:\/\/shgotopharm.com\/de\/wp-json\/wp\/v2\/product\/1747","targetHints":{"allow":["GET"]}}],"collection":[{"href":"https:\/\/shgotopharm.com\/de\/wp-json\/wp\/v2\/product"}],"about":[{"href":"https:\/\/shgotopharm.com\/de\/wp-json\/wp\/v2\/types\/product"}],"replies":[{"embeddable":true,"href":"https:\/\/shgotopharm.com\/de\/wp-json\/wp\/v2\/comments?post=1747"}],"wp:featuredmedia":[{"embeddable":true,"href":"https:\/\/shgotopharm.com\/de\/wp-json\/wp\/v2\/media\/1748"}],"wp:attachment":[{"href":"https:\/\/shgotopharm.com\/de\/wp-json\/wp\/v2\/media?parent=1747"}],"wp:term":[{"taxonomy":"product_brand","embeddable":true,"href":"https:\/\/shgotopharm.com\/de\/wp-json\/wp\/v2\/product_brand?post=1747"},{"taxonomy":"product_cat","embeddable":true,"href":"https:\/\/shgotopharm.com\/de\/wp-json\/wp\/v2\/product_cat?post=1747"},{"taxonomy":"product_tag","embeddable":true,"href":"https:\/\/shgotopharm.com\/de\/wp-json\/wp\/v2\/product_tag?post=1747"}],"curies":[{"name":"wp","href":"https:\/\/api.w.org\/{rel}","templated":true}]}}