{"id":1749,"date":"2025-10-30T13:47:07","date_gmt":"2025-10-30T13:47:07","guid":{"rendered":"https:\/\/shgotopharm.com\/?post_type=product&#038;p=1749"},"modified":"2025-11-10T10:06:35","modified_gmt":"2025-11-10T10:06:35","slug":"rohes-stanozolol-winstrol","status":"publish","type":"product","link":"https:\/\/shgotopharm.com\/de\/product\/raw-stanozolol-winstrol\/","title":{"rendered":"Rohes Stanozolol Winstrol mikronisiertes Pulver 99%"},"content":{"rendered":"<h2>Rohes Stanozolol Winstrol mikronisiertes Pulver 99%<\/h2>\n<p>Raw Stanozolol Winstrol ist eines der \u00e4ltesten anabole Steroide haben wir in Existenz. Obwohl es bei weitem nicht das \u00e4lteste ist, geht es auf die 1950er Jahre zur\u00fcck. Das Hormon Stanozolol wurde zuerst von Winthrop Laboratories unter dem Handelsnamen Winstrol entwickelt.<br \/>\nStanozolol Hormon hat seitdem unter zahlreichen Markennamen in der ganzen Welt gefunden worden, aber die Winstrol Name ist die beliebteste und gut erkannt geblieben.<\/p>\n<p>Stanozolol ist ein anaboles Steroid, das zahlreiche Male die Aufmerksamkeit der weltweiten Medien auf sich gezogen hat. Stanozolol ist bei weitem eines der beliebtesten anabolen Steroide aller Zeiten; in der Tat ist es eines der wenigen Steroide, die ein Nicht-Steroid-Benutzer in der Lage sein k\u00f6nnte zu nennen.<\/p>\n<h3>Rohes Stanozolol Winstrol Spezifikationen<\/h3>\n<p>Stanozolol Winstrol Assay: 99%<br \/>\nStanozolol Winstrol Andere Bezeichnung: Winstrol; Stromba ;<br \/>\nStanozolol Winstrol Erscheinungsbild: Wei\u00dfes kristallines Pulver<br \/>\nStanozolol Winstrol CAS: 10418-03-8<br \/>\nStanozolol Winstrol EINECS: 233-894-8<br \/>\nStanozolol Winstrol Molekulare Formel: C21H32N2O<br \/>\nStanozolol Winstrol Molekulargewicht: 328.49<br \/>\nStanozolol Winstrol MOQ: 100g<br \/>\nStanozolol Winstrol Verwendung: Angezeigt als sympathicolytic und mydriatic<br \/>\nStanozolol Winstrol Standard: Unternehmensnorm\/ ISO9001<br \/>\nStanozolol Winstrol Wirksame Dosis (M\u00e4nner): 50-100mgs\/Tag<br \/>\nStanozolol Winstrol Wirksame Dosis (Frauen): 2.5-10mgs\/Tag<br \/>\nStanozolol Winstrol Nachweiszeit: 3 Wochen (oral) bis 9 Wochen (injizierbar)<\/p>\n<h3>Was ist Raw Stanozolol Winstrol?<\/h3>\n<p>Winstrol oder Stanozolol ist ein anaboles Steroid, um schlank und hart zu werden. Es ist vor allem als eine m\u00fcndliche w\u00e4hrend Schneiden Zyklen verwendet, um K\u00f6rperfett zu verlieren. Es ist eine Variante von Dihydrotestosteron (DHT), so k\u00f6nnen Sie erwarten, \u00e4hnliche Fettabbau Vorteile, wie Sie mit jedem anderen DHT-Derivat Steroid w\u00fcrde.<br \/>\nVorteile von Winstrol\/Stanozolol<br \/>\nEliminiert \u00fcbersch\u00fcssiges Wasser<br \/>\nVerbessert die Flexibilit\u00e4t<br \/>\nVerbessert die Kraft<br \/>\nK\u00f6rperfett verstoffwechseln<br \/>\nVerbessert die Muskeldichte<br \/>\nMaximale Kraft, Geschwindigkeit und Beweglichkeit<\/p>\n<h3>Stanozolol\/Winstrol\/Winny-Pulver Verwendung:<\/h3>\n<p>Bei leistungssteigernden Athleten sind 25-50 mg\/Tag bei m\u00e4nnlichen Athleten die Regel.<br \/>\nBodybuilder nehmen in der Regel 50 mg.<br \/>\n5mg orales Stanozolol-Pulver ist die h\u00e4ufigste weibliche Dosis, 20mg alle 3-4 Tage.<\/p>\n<h3>Raw Stanozolol Winstrol bei M\u00e4nnern und Frauen<\/h3>\n<p>Winstrol ist sehr beliebt bei den meisten in der Steroid-verwendenden Bev\u00f6lkerung. Es ist in vielerlei Hinsicht eine ziemlich milde anabole Steroide, die sicher von M\u00e4nnern und Frauen verwendet werden k\u00f6nnen. Ebenso wichtig ist, dass es sich als hochwirksam f\u00fcr zahlreiche leistungssteigernde Ma\u00dfnahmen erwiesen hat. Es ist ein langj\u00e4hriger Favorit unter wettbewerbsf\u00e4higen Bodybuildern und K\u00f6rperbau-basierte Athleten w\u00e4hrend des Schneidens oder Wettbewerbsphasen vorzubereiten.<\/p>\n<p>Es ist auch ein Top-Steroid der Wahl f\u00fcr zahlreiche Leistungssportler aufgrund seiner F\u00e4higkeit, Kraft und Ausdauer ohne unerw\u00fcnschte Masse zu f\u00f6rdern.<\/p>\n<h3>Wo kaufen Raw Stanozolol Winstrol um mich herum<\/h3>\n<p>Bei der Betrachtung der direkten Funktionen und Eigenschaften von Winstrol, gibt es ein weiteres Problem, das wir diskutieren m\u00fcssen. Die Stanozolol Hormon ist sowohl eine injizierbare eine orale anabole Steroide. Beide Formen sind aus dem gleichen identischen Stanozolol Hormon. 1mg der einen Form ist das gleiche wie 1mg der anderen Form. Einige Studien haben vorgeschlagen, orale Winstrol kann SHBG ein wenig mehr als seine injizierbaren Gegenst\u00fcck zu reduzieren, w\u00e4hrend andere haben gesagt, injizierbaren Formen k\u00f6nnen etwas potenter auf einer Gesamtbasis Milligramm f\u00fcr Milligramm werden.<\/p>\n<p>Insgesamt scheinen diese Unterschiede jedoch eher unbedeutend zu sein, unabh\u00e4ngig davon, in welche Richtung sie gehen. Eigentlich sollte der Einzelne mit beiden Formen die gleichen Leistungen erhalten k\u00f6nnen.<\/p>\n<p>Ein weiterer wichtiger Hinweis oft missverstanden \u00fcber Winstrol Formen ist die C17-aa Natur. Sowohl orale als auch injizierbare Stanozolol sind C17-aa anabole Steroide. Die meisten oralen Steroide sind C17-aa, und w\u00e4hrend injizierbare Steroide sind selten injizierbar,e Stanozolol ist eine der Ausnahmen. Die injizierbare Form wird auch h\u00e4ufig als Winstrol Depot bezeichnet.<\/p>","protected":false},"excerpt":{"rendered":"<p>Rohes Stanozolol Winstrol<\/p>","protected":false},"featured_media":1750,"comment_status":"open","ping_status":"closed","template":"","meta":[],"product_brand":[],"product_cat":[390],"product_tag":[935,944,934,949,945,938,933,472,468,470,474,475,476,469,477,467,471,478,932,943,458,442,473,939,441,451,444,931,450,460,449,454,457,463,446,461,453,443,465,466,462,464,448,456,459,447,940,937,948,936,946,947,942,445,941,455,452],"class_list":{"0":"post-1749","1":"product","2":"type-product","3":"status-publish","4":"has-post-thumbnail","6":"product_cat-oral-steroids","7":"product_tag-aas-poland","8":"product_tag-aas-raw-materials-australia","9":"product_tag-aas-raws","10":"product_tag-anabolic-steroid-manufacturer-canada","11":"product_tag-anabolic-steroid-powders-online","12":"product_tag-best-steroid-powder-supplier-usa","13":"product_tag-buy-aas-raws-online","14":"product_tag-buy-anadrol-buy-stanozolol","15":"product_tag-buy-anavar","16":"product_tag-buy-dianabol","17":"product_tag-buy-fluoxymesterone","18":"product_tag-buy-halotestin","19":"product_tag-buy-mestanolone","20":"product_tag-buy-methandienone","21":"product_tag-buy-methyldrostanolone","22":"product_tag-buy-oxandrolone","23":"product_tag-buy-oxymetholone","24":"product_tag-buy-proviron","25":"product_tag-buy-raw-steroid-powders-online","26":"product_tag-buy-raw-steroids-china","27":"product_tag-buy-stanozolol-australia","28":"product_tag-buy-stanozolol-online","29":"product_tag-buy-winstrol","30":"product_tag-high-purity-anabolic-steroids-canada","31":"product_tag-oral-steroid-powders-stanozolol-powder-supplier","32":"product_tag-raw-anabolic-powder","33":"product_tag-raw-steroid-powder","34":"product_tag-raw-steroids-for-sale","35":"product_tag-stanozolol-benefits","36":"product_tag-stanozolol-brazil","37":"product_tag-stanozolol-buy-online","38":"product_tag-stanozolol-canada","39":"product_tag-stanozolol-china","40":"product_tag-stanozolol-factory","41":"product_tag-stanozolol-for-sale-uk","42":"product_tag-stanozolol-new-zealand","43":"product_tag-stanozolol-powder","44":"product_tag-stanozolol-powder-for-sale","45":"product_tag-stanozolol-powder-manufacturer","46":"product_tag-stanozolol-powder-sale","47":"product_tag-stanozolol-powder-suppliers","48":"product_tag-stanozolol-price","49":"product_tag-stanozolol-raw-steroid-powder-canada","50":"product_tag-stanozolol-uk","51":"product_tag-stanozolol-usa","52":"product_tag-steroid-powder-usa","53":"product_tag-steroid-raw-material-factory-europe","54":"product_tag-steroid-raws-online","55":"product_tag-steroid-raws-supplier-florida","56":"product_tag-supplier-usa","57":"product_tag-testosterone-raw-powder-poland","58":"product_tag-trenbolone-powder-thailand","59":"product_tag-trusted-steroid-raw-supplier-worldwide","60":"product_tag-where-buy-stanozolol-australia","61":"product_tag-wholesale-steroid-powders-australia","62":"product_tag-winstrol-buy-australia","63":"product_tag-winstrol-buy-uk","65":"first","66":"instock","67":"shipping-taxable","68":"product-type-simple"},"_links":{"self":[{"href":"https:\/\/shgotopharm.com\/de\/wp-json\/wp\/v2\/product\/1749","targetHints":{"allow":["GET"]}}],"collection":[{"href":"https:\/\/shgotopharm.com\/de\/wp-json\/wp\/v2\/product"}],"about":[{"href":"https:\/\/shgotopharm.com\/de\/wp-json\/wp\/v2\/types\/product"}],"replies":[{"embeddable":true,"href":"https:\/\/shgotopharm.com\/de\/wp-json\/wp\/v2\/comments?post=1749"}],"wp:featuredmedia":[{"embeddable":true,"href":"https:\/\/shgotopharm.com\/de\/wp-json\/wp\/v2\/media\/1750"}],"wp:attachment":[{"href":"https:\/\/shgotopharm.com\/de\/wp-json\/wp\/v2\/media?parent=1749"}],"wp:term":[{"taxonomy":"product_brand","embeddable":true,"href":"https:\/\/shgotopharm.com\/de\/wp-json\/wp\/v2\/product_brand?post=1749"},{"taxonomy":"product_cat","embeddable":true,"href":"https:\/\/shgotopharm.com\/de\/wp-json\/wp\/v2\/product_cat?post=1749"},{"taxonomy":"product_tag","embeddable":true,"href":"https:\/\/shgotopharm.com\/de\/wp-json\/wp\/v2\/product_tag?post=1749"}],"curies":[{"name":"wp","href":"https:\/\/api.w.org\/{rel}","templated":true}]}}