{"id":1755,"date":"2025-10-30T15:25:10","date_gmt":"2025-10-30T15:25:10","guid":{"rendered":"https:\/\/shgotopharm.com\/?post_type=product&#038;p=1755"},"modified":"2025-12-13T09:49:46","modified_gmt":"2025-12-13T09:49:46","slug":"trenbolon-enanthat-pulver","status":"publish","type":"product","link":"https:\/\/shgotopharm.com\/de\/product\/trenbolone-enanthate-powder\/","title":{"rendered":"Trenbolon Enanthate Pulver kaufen"},"content":{"rendered":"<h2><a href=\"https:\/\/shgotopharm.com\/de\/product\/trenbolon-enanthat-pulver\/\">Trenbolon-Enanthat-Pulver<\/a><\/h2>\n<p>Trenbolon enanthate ist hei\u00df hot-selling Trenbolon Steroid Pulver. Trenbolon enanthate ist ein synthetisches und injiziert anabole androgene Steroide. Trenbolon enanthate ist vor allem f\u00fcr Bodybuilding-Zwecke, einschlie\u00dflich Schneiden und bulking verwendet.<\/p>\n<h3>Trenbolon Enanthate Info:<\/h3>\n<p>Trenbolon-Enanthat CAS 10161-33-8<br \/>\nTrenbolon Enanthate Molekulare Formel: C25H34O3<br \/>\nTrenbolon Enanthate Spezifikation: Unternehmen Standard<br \/>\nTrenbolon Enanthate Beschreibung: gelbes oder fast gelbes kristallines Pulver<br \/>\nTrenbolon Enanthate Chemische Bezeichnung: 4,9,11-Estratrien-17beta-ol-3-one Enanthate<\/p>\n<h3>Trenbolon Enanthate Pulver Verwendungszwecke<\/h3>\n<p>Trenbolon Enanthate ist eine lang freisetzende unterirdische, im Labor hergestellte Trenbolon-Mischung. Enanthate ist ein Ester, der es erm\u00f6glicht, Trenbolon langsam in den K\u00f6rper freizusetzen. Medizinisch wird es selten f\u00fcr prim\u00e4ren Hypogonadismus, hypogonadotropen Hypogonadismus und verz\u00f6gerte Pubert\u00e4t bei M\u00e4nnern verwendet.<br \/>\nBei Frauen wird Trenbolon-Enanthat zur Behandlung von metastasierendem Brustkrebs eingesetzt.<\/p>\n<h3>Trenbolon-Enanthat-Pulver bei M\u00e4nnern und Frauen<\/h3>\n<p>Trenbolon ist bekannt f\u00fcr seine F\u00e4higkeit, hochwertige, trockene Muskelzuw\u00e4chse zu produzieren und die Kraft stark zu erh\u00f6hen. Und im Gegensatz zu anderen leistungsstarken AASs, wie Dianabol, Gewinne aus dieser Verbindung realisiert sind einfach zu halten, sobald der Zyklus endet. Es ist wahrscheinlicher, dass Sie die w\u00e4hrend eines Trenbolon-Zyklus erzielten Zuw\u00e4chse beibehalten als bei den meisten anderen Steroiden mit \u00e4hnlicher Potenz. Andere Vorteile sind H\u00e4rte, fehlende Wassereinlagerungen, Unf\u00e4higkeit, sich in \u00d6strogen umzuwandeln, erh\u00f6hte Fettverbrennung \/ Verlust, verbesserte Definition und erh\u00f6hte Aggression. Diese Vorteile machen es zu einer beliebten Wahl der beiden Wettbewerb und Freizeit-Bodybuilder gleicherma\u00dfen.<\/p>\n<h3>Trenbolon Enanthate Vorteile:<\/h3>\n<p>Trenbolon Enanthate hilft, eine signifikante Verbesserung der Leistung zu erreichen.<br \/>\nTrenbolon Enanthate tr\u00e4gt zur Verbesserung der Knochendichte bei.<br \/>\nTrenbolon Enanthate tr\u00e4gt zur Steigerung der Libido bei (individuell);<br \/>\nTrenbolon Enanthate hilft, das nat\u00fcrliche Cortisol zu senken.<br \/>\nTrenbolon Enanthate hilft, die Anzahl der roten Blutk\u00f6rperchen und des H\u00e4moglobins zu erh\u00f6hen (mehr Sauerstoff f\u00fcr Ihre Muskeln und andere Zellen).<br \/>\nTrenbolon Enanthate unterst\u00fctzt die Fettverbrennung (durch IGF-1 Wachstumshormonfaktoren);<br \/>\nTrenbolon Enanthate tr\u00e4gt zur Verbesserung der allgemeinen Stimmung und des Geisteszustandes bei.<br \/>\nTrenbolon Enanthate hilft keine \u00fcbersch\u00fcssige Wassereinlagerungen.<br \/>\nTrenbolon Enanthate tr\u00e4gt zur Steigerung der kardiovaskul\u00e4ren Aktivit\u00e4t bei (erh\u00f6hte Ausdauer);<\/p>","protected":false},"excerpt":{"rendered":"<h2><a href=\"https:\/\/shgotopharm.com\/de\/product\/trenbolon-enanthat-pulver\/\">Trenbolon-Enanthat-Pulver<\/a><\/h2>\n<p>Trenbolon enanthate ist hei\u00dfes hei\u00df-verkauftes Trenbolon Steroid-Pulver<\/p>","protected":false},"featured_media":1756,"comment_status":"open","ping_status":"closed","template":"","meta":[],"product_brand":[],"product_cat":[24],"product_tag":[935,944,934,949,945,938,933,932,943,540,544,548,567,562,577,542,585,552,572,582,546,566,557,939,281,550,592,554,570,931,940,937,948,282,936,946,559,564,569,579,539,543,547,551,556,561,581,583,604,586,541,545,603,598,549,605,593,609,597,606,600,608,575,596,580,602,599,590,607,553,558,563,568,573,578,574,584,571,576,594,538,588,560,595,591,589,565,947,555,587,537,942,601,941],"class_list":{"0":"post-1755","1":"product","2":"type-product","3":"status-publish","4":"has-post-thumbnail","6":"product_cat-trenbolone","7":"product_tag-aas-poland","8":"product_tag-aas-raw-materials-australia","9":"product_tag-aas-raws","10":"product_tag-anabolic-steroid-manufacturer-canada","11":"product_tag-anabolic-steroid-powders-online","12":"product_tag-best-steroid-powder-supplier-usa","13":"product_tag-buy-aas-raws-online","14":"product_tag-buy-raw-steroid-powders-online","15":"product_tag-buy-raw-steroids-china","16":"product_tag-buy-tren-enanthate","17":"product_tag-buy-tren-enanthate-uk","18":"product_tag-buy-trenbolone-enanthate","19":"product_tag-buy-trenbolone-enanthate-brazil","20":"product_tag-buy-trenbolone-enanthate-canada","21":"product_tag-buy-trenbolone-enanthate-europe","22":"product_tag-buy-trenbolone-enanthate-mexico","23":"product_tag-buy-trenbolone-enanthate-online","24":"product_tag-buy-trenbolone-enanthate-powder","25":"product_tag-buy-trenbolone-enanthate-spain","26":"product_tag-buy-trenbolone-enanthate-sweden","27":"product_tag-buy-trenbolone-enanthate-switzerland","28":"product_tag-buy-trenbolone-enanthate-uk","29":"product_tag-buy-trenbolone-enanthate-usa","30":"product_tag-high-purity-anabolic-steroids-canada","31":"product_tag-hormone","32":"product_tag-how-to-make-trenbolone-enanthate-from-powder","33":"product_tag-inject-trenbolone-enanthate","34":"product_tag-parabola","35":"product_tag-quality-anabolic-steroid-powder","36":"product_tag-raw-steroids-for-sale","37":"product_tag-steroid-raw-material-factory-europe","38":"product_tag-steroid-raws-online","39":"product_tag-steroid-raws-supplier-florida","40":"product_tag-steroids","41":"product_tag-supplier-usa","42":"product_tag-testosterone-raw-powder-poland","43":"product_tag-tren-e","44":"product_tag-tren-e-powder","45":"product_tag-tren-e-powder-conversion","46":"product_tag-tren-e-powder-recipe","47":"product_tag-tren-enanthate","48":"product_tag-tren-enanthate-200","49":"product_tag-tren-enanthate-200-mg","50":"product_tag-tren-enanthate-cycle","51":"product_tag-tren-enanthate-for-sale-uk","52":"product_tag-tren-enanthate-half-life","53":"product_tag-tren-enanthate-powder","54":"product_tag-tren-enanthate-powder-conversion","55":"product_tag-trenbolone-enanthat-recipe","56":"product_tag-trenbolone-enanthate","57":"product_tag-trenbolone-enanthate-200","58":"product_tag-trenbolone-enanthate-200mg","59":"product_tag-trenbolone-enanthate-benefits","60":"product_tag-trenbolone-enanthate-brazil","61":"product_tag-trenbolone-enanthate-buy","62":"product_tag-trenbolone-enanthate-buy-online","63":"product_tag-trenbolone-enanthate-canada","64":"product_tag-trenbolone-enanthate-china","65":"product_tag-trenbolone-enanthate-cycle","66":"product_tag-trenbolone-enanthate-dosage","67":"product_tag-trenbolone-enanthate-dose","68":"product_tag-trenbolone-enanthate-factory","69":"product_tag-trenbolone-enanthate-for-sale","70":"product_tag-trenbolone-enanthate-hormone","71":"product_tag-trenbolone-enanthate-manufacturer","72":"product_tag-trenbolone-enanthate-melting-point","73":"product_tag-trenbolone-enanthate-new-zealand","74":"product_tag-trenbolone-enanthate-oil","75":"product_tag-trenbolone-enanthate-online","76":"product_tag-trenbolone-enanthate-powder","77":"product_tag-trenbolone-enanthate-powder-conversion","78":"product_tag-trenbolone-enanthate-powder-for-sale","79":"product_tag-trenbolone-enanthate-powder-price","80":"product_tag-trenbolone-enanthate-price","81":"product_tag-trenbolone-enanthate-raw-powder","82":"product_tag-trenbolone-enanthate-results","83":"product_tag-trenbolone-enanthate-reviews","84":"product_tag-trenbolone-enanthate-source","85":"product_tag-trenbolone-enanthate-stack","86":"product_tag-trenbolone-enanthate-steroid","87":"product_tag-trenbolone-enanthate-steroids","88":"product_tag-trenbolone-enanthate-supplier","89":"product_tag-trenbolone-enanthate-suppliers","90":"product_tag-trenbolone-enanthate-sweden","91":"product_tag-trenbolone-enanthate-uk","92":"product_tag-trenbolone-enanthate-usa","93":"product_tag-trenbolone-enanthate-wholesale","94":"product_tag-trenbolone-powder-thailand","95":"product_tag-trenbolone-powders-aas","96":"product_tag-trenbolone-powders-how-to-use-trenbolone-enanthate","97":"product_tag-trenbolone-raw-powders-buy-trenbolone-enanthate-poland","98":"product_tag-trusted-steroid-raw-supplier-worldwide","99":"product_tag-what-is-trenbolone-enanthate","100":"product_tag-wholesale-steroid-powders-australia","102":"first","103":"instock","104":"shipping-taxable","105":"product-type-simple"},"_links":{"self":[{"href":"https:\/\/shgotopharm.com\/de\/wp-json\/wp\/v2\/product\/1755","targetHints":{"allow":["GET"]}}],"collection":[{"href":"https:\/\/shgotopharm.com\/de\/wp-json\/wp\/v2\/product"}],"about":[{"href":"https:\/\/shgotopharm.com\/de\/wp-json\/wp\/v2\/types\/product"}],"replies":[{"embeddable":true,"href":"https:\/\/shgotopharm.com\/de\/wp-json\/wp\/v2\/comments?post=1755"}],"wp:featuredmedia":[{"embeddable":true,"href":"https:\/\/shgotopharm.com\/de\/wp-json\/wp\/v2\/media\/1756"}],"wp:attachment":[{"href":"https:\/\/shgotopharm.com\/de\/wp-json\/wp\/v2\/media?parent=1755"}],"wp:term":[{"taxonomy":"product_brand","embeddable":true,"href":"https:\/\/shgotopharm.com\/de\/wp-json\/wp\/v2\/product_brand?post=1755"},{"taxonomy":"product_cat","embeddable":true,"href":"https:\/\/shgotopharm.com\/de\/wp-json\/wp\/v2\/product_cat?post=1755"},{"taxonomy":"product_tag","embeddable":true,"href":"https:\/\/shgotopharm.com\/de\/wp-json\/wp\/v2\/product_tag?post=1755"}],"curies":[{"name":"wp","href":"https:\/\/api.w.org\/{rel}","templated":true}]}}