{"id":1759,"date":"2025-10-30T16:19:05","date_gmt":"2025-10-30T16:19:05","guid":{"rendered":"https:\/\/shgotopharm.com\/?post_type=product&#038;p=1759"},"modified":"2025-11-10T10:05:57","modified_gmt":"2025-11-10T10:05:57","slug":"lgd-4033-ligandrol-powder","status":"publish","type":"product","link":"https:\/\/shgotopharm.com\/de\/product\/lgd-4033-ligandrol-powder\/","title":{"rendered":"LGD-4033 Ligandrol-Pulver f\u00fcr Fettabbau"},"content":{"rendered":"<h2 data-start=\"385\" data-end=\"491\"><strong data-start=\"391\" data-end=\"491\">LGD-4033 Ligandrol Pulver f\u00fcr Fettabbau und Bodybuilding | Premium SARMs Hormon-Pulver Fabrik<\/strong><\/h2>\n<h3 data-start=\"493\" data-end=\"517\"><strong data-start=\"497\" data-end=\"517\">Produkt\u00fcbersicht<\/strong><\/h3>\n<p data-start=\"518\" data-end=\"945\"><strong data-start=\"518\" data-end=\"549\">LGD-4033 Ligandrol-Pulver<\/strong>, auch bekannt als <strong data-start=\"565\" data-end=\"579\">Anabolicum<\/strong>, ist ein <strong data-start=\"586\" data-end=\"661\">hochreiner, nicht-steroidaler selektiver Androgenrezeptor-Modulator (SARM)<\/strong> bekannt f\u00fcr sein starkes anaboles Potenzial und seine au\u00dfergew\u00f6hnliche muskelerhaltende Wirkung.<br data-start=\"749\" data-end=\"752\" \/>Mit einem <strong data-start=\"759\" data-end=\"782\">Reinheitsgrad von 98%<\/strong>, Diese Verbindung in pharmazeutischer Qualit\u00e4t wurde entwickelt f\u00fcr <strong data-start=\"837\" data-end=\"862\">Forschungsantr\u00e4ge<\/strong> Erforschung des Muskelaufbaus, der Osteoporosebehandlung und der Verbesserung des Stoffwechsels.<\/p>\n<p data-start=\"947\" data-end=\"1245\"><strong data-start=\"947\" data-end=\"978\">LGD-4033 Ligandrol-Pulver<\/strong> hat in der wissenschaftlichen Gemeinschaft und in der Fitnessforschung Aufmerksamkeit erregt, weil es in der Lage ist <strong data-start=\"1068\" data-end=\"1160\">Stimulierung des Muskelwachstums, Verbesserung der Knochenmineraldichte und Beschleunigung des Fettabbaus<\/strong> - und das alles ohne die unerw\u00fcnschten Nebenwirkungen, die typischerweise mit anabolen Steroiden verbunden sind.<\/p>\n<hr data-start=\"1247\" data-end=\"1250\" \/>\n<h3 data-start=\"1252\" data-end=\"1277\"><strong data-start=\"1256\" data-end=\"1277\">Grundlegende Informationen<\/strong><\/h3>\n<div class=\"_tableContainer_1rjym_1\">\n<div class=\"group _tableWrapper_1rjym_13 flex w-fit flex-col-reverse\" tabindex=\"-1\">\n<table class=\"w-fit min-w-(--thread-content-width)\" data-start=\"1278\" data-end=\"2056\">\n<thead data-start=\"1278\" data-end=\"1309\">\n<tr data-start=\"1278\" data-end=\"1309\">\n<th data-start=\"1278\" data-end=\"1294\" data-col-size=\"sm\"><strong data-start=\"1280\" data-end=\"1293\">Parameter<\/strong><\/th>\n<th data-start=\"1294\" data-end=\"1309\" data-col-size=\"md\"><strong data-start=\"1296\" data-end=\"1307\">Einzelheiten<\/strong><\/th>\n<\/tr>\n<\/thead>\n<tbody data-start=\"1343\" data-end=\"2056\">\n<tr data-start=\"1343\" data-end=\"1394\">\n<td data-start=\"1343\" data-end=\"1363\" data-col-size=\"sm\"><strong data-start=\"1345\" data-end=\"1362\">Produktname:<\/strong><\/td>\n<td data-col-size=\"md\" data-start=\"1363\" data-end=\"1394\">LGD-4033 (Ligandrol) Pulver<\/td>\n<\/tr>\n<tr data-start=\"1395\" data-end=\"1424\">\n<td data-start=\"1395\" data-end=\"1409\" data-col-size=\"sm\"><strong data-start=\"1397\" data-end=\"1408\">Reinheit:<\/strong><\/td>\n<td data-col-size=\"md\" data-start=\"1409\" data-end=\"1424\">98% Minimum<\/td>\n<\/tr>\n<tr data-start=\"1425\" data-end=\"1459\">\n<td data-start=\"1425\" data-end=\"1443\" data-col-size=\"sm\"><strong data-start=\"1427\" data-end=\"1442\">CAS-Nummer:<\/strong><\/td>\n<td data-col-size=\"md\" data-start=\"1443\" data-end=\"1459\">1165910-22-4<\/td>\n<\/tr>\n<tr data-start=\"1460\" data-end=\"1513\">\n<td data-start=\"1460\" data-end=\"1478\" data-col-size=\"sm\"><strong data-start=\"1462\" data-end=\"1477\">Erscheinungsbild:<\/strong><\/td>\n<td data-col-size=\"md\" data-start=\"1478\" data-end=\"1513\">Hellgelbes kristallines Pulver<\/td>\n<\/tr>\n<tr data-start=\"1514\" data-end=\"1543\">\n<td data-start=\"1514\" data-end=\"1532\" data-col-size=\"sm\"><strong data-start=\"1516\" data-end=\"1531\">Haltbarkeitsdauer:<\/strong><\/td>\n<td data-col-size=\"md\" data-start=\"1532\" data-end=\"1543\">2 Jahre<\/td>\n<\/tr>\n<tr data-start=\"1544\" data-end=\"1592\">\n<td data-start=\"1544\" data-end=\"1557\" data-col-size=\"sm\"><strong data-start=\"1546\" data-end=\"1556\">Note:<\/strong><\/td>\n<td data-col-size=\"md\" data-start=\"1557\" data-end=\"1592\">Pharmazeutische \/ Forschungsqualit\u00e4t<\/td>\n<\/tr>\n<tr data-start=\"1593\" data-end=\"1629\">\n<td data-start=\"1593\" data-end=\"1617\" data-col-size=\"sm\"><strong data-start=\"1595\" data-end=\"1616\">Qualit\u00e4tsstandard:<\/strong><\/td>\n<td data-col-size=\"md\" data-start=\"1617\" data-end=\"1629\">BP \/ USP<\/td>\n<\/tr>\n<tr data-start=\"1630\" data-end=\"1689\">\n<td data-start=\"1630\" data-end=\"1669\" data-col-size=\"sm\"><strong data-start=\"1632\" data-end=\"1668\">Empfohlene Dosis (f\u00fcr Forschungszwecke):<\/strong><\/td>\n<td data-col-size=\"md\" data-start=\"1669\" data-end=\"1689\">10-20 mg pro Tag<\/td>\n<\/tr>\n<tr data-start=\"1690\" data-end=\"1788\">\n<td data-start=\"1690\" data-end=\"1718\" data-col-size=\"sm\"><strong data-start=\"1692\" data-end=\"1717\">Prim\u00e4re Anwendungen:<\/strong><\/td>\n<td data-col-size=\"md\" data-start=\"1718\" data-end=\"1788\">Forschung \u00fcber Osteoporose, Muskelschwund und anabole Leistung<\/td>\n<\/tr>\n<tr data-start=\"1789\" data-end=\"1851\">\n<td data-start=\"1789\" data-end=\"1815\" data-col-size=\"sm\"><strong data-start=\"1791\" data-end=\"1814\">Verf\u00fcgbare Pakete:<\/strong><\/td>\n<td data-col-size=\"md\" data-start=\"1815\" data-end=\"1851\">10 g \/ 50 g \/ 100 g \/ 200 g Beutel<\/td>\n<\/tr>\n<tr data-start=\"1852\" data-end=\"1916\">\n<td data-start=\"1852\" data-end=\"1868\" data-col-size=\"sm\"><strong data-start=\"1854\" data-end=\"1867\">Kategorie:<\/strong><\/td>\n<td data-col-size=\"md\" data-start=\"1868\" data-end=\"1916\">Selektiver Androgenrezeptor-Modulator (SARM)<\/td>\n<\/tr>\n<tr data-start=\"1917\" data-end=\"1984\">\n<td data-start=\"1917\" data-end=\"1938\" data-col-size=\"sm\"><strong data-start=\"1919\" data-end=\"1937\">Lieferzeiten:<\/strong><\/td>\n<td data-col-size=\"md\" data-start=\"1938\" data-end=\"1984\">Innerhalb von 12 Stunden nach Zahlungsbest\u00e4tigung<\/td>\n<\/tr>\n<tr data-start=\"1985\" data-end=\"2056\">\n<td data-start=\"1985\" data-end=\"2002\" data-col-size=\"sm\"><strong data-start=\"1987\" data-end=\"2001\">Verpackung:<\/strong><\/td>\n<td data-col-size=\"md\" data-start=\"2002\" data-end=\"2056\">Sichere, diskrete und vor Feuchtigkeit gesch\u00fctzte Verpackung<\/td>\n<\/tr>\n<\/tbody>\n<\/table>\n<\/div>\n<\/div>\n<hr data-start=\"2058\" data-end=\"2061\" \/>\n<h3 data-start=\"2063\" data-end=\"2101\"><strong data-start=\"2067\" data-end=\"2101\">Wie LGD-4033 Ligandrol funktioniert<\/strong><\/h3>\n<p data-start=\"2102\" data-end=\"2520\"><strong data-start=\"2102\" data-end=\"2126\">LGD-4033 Ligandrol<\/strong>\u00a0arbeitet mit <strong data-start=\"2139\" data-end=\"2189\">selektive Bindung an Androgenrezeptoren (AR)<\/strong> in <strong data-start=\"2193\" data-end=\"2219\">Muskel- und Knochengewebe<\/strong>, Es stimuliert die anabole Aktivit\u00e4t, ohne andere Organe wie die Leber oder die Prostata wesentlich zu beeintr\u00e4chtigen.<br data-start=\"2326\" data-end=\"2329\" \/>Diese <strong data-start=\"2334\" data-end=\"2366\">gezielter Wirkmechanismus<\/strong> hilft den Forschern zu untersuchen, wie SARMs <strong data-start=\"2405\" data-end=\"2478\">Erh\u00f6hung der Muskelmasse, Steigerung der Kraft und Verbesserung der Knochendichte<\/strong> bei gleichzeitiger Minimierung der androgenen Nebenwirkungen.<\/p>\n<p data-start=\"2522\" data-end=\"2727\">In Studien, <strong data-start=\"2534\" data-end=\"2553\">LGD-4033 Pulver<\/strong> demonstrierte eine <strong data-start=\"2569\" data-end=\"2614\">hohe Affinit\u00e4t zu muskul\u00e4ren und skelettalen ARs<\/strong>, und ist damit ideal f\u00fcr die Forschung <strong data-start=\"2655\" data-end=\"2724\">Muskelregeneration, Rehabilitation und Leistungsoptimierung<\/strong>.<\/p>\n<p data-start=\"2729\" data-end=\"2937\">Au\u00dferdem wurde beobachtet, dass die Verbindung <strong data-start=\"2777\" data-end=\"2860\">vor\u00fcbergehend das Gesamttestosteron und das Sexualhormon-bindende Globulin (SHBG) unterdr\u00fccken<\/strong> in einer dosisabh\u00e4ngigen Weise - ein Verhalten, das f\u00fcr die meisten potenten SARMs charakteristisch ist.<\/p>\n<hr data-start=\"2939\" data-end=\"2942\" \/>\n<h3 data-start=\"2944\" data-end=\"2988\"><strong data-start=\"2948\" data-end=\"2988\">LGD-4033 Ligandrol-Pulver Vorteile<\/strong><\/h3>\n<p data-start=\"2989\" data-end=\"3083\">Forschungsergebnisse und experimentelle Studien legen nahe, dass <strong data-start=\"3045\" data-end=\"3076\">LGD-4033 (Ligandrol) Pulver<\/strong> darf:<\/p>\n<ul data-start=\"3084\" data-end=\"3587\">\n<li data-start=\"3084\" data-end=\"3175\">\n<p data-start=\"3086\" data-end=\"3175\">Unterst\u00fctzung <strong data-start=\"3094\" data-end=\"3121\">Wachstum der mageren Muskelmasse<\/strong> und <strong data-start=\"3126\" data-end=\"3146\">Muskelretention<\/strong> w\u00e4hrend der kalorischen Restriktion<\/p>\n<\/li>\n<li data-start=\"3176\" data-end=\"3234\">\n<p data-start=\"3178\" data-end=\"3234\">F\u00f6rdern Sie <strong data-start=\"3186\" data-end=\"3198\">Fettabbau<\/strong> bei gleichzeitiger Erhaltung der Muskelintegrit\u00e4t<\/p>\n<\/li>\n<li data-start=\"3235\" data-end=\"3327\">\n<p data-start=\"3237\" data-end=\"3327\">Verbessern Sie <strong data-start=\"3245\" data-end=\"3282\">Knochenst\u00e4rke und Mineraldichte<\/strong>, und damit ideal f\u00fcr die Osteoporoseforschung<\/p>\n<\/li>\n<li data-start=\"3328\" data-end=\"3402\">\n<p data-start=\"3330\" data-end=\"3402\">Verbessern Sie <strong data-start=\"3338\" data-end=\"3400\">Ausdauer, Erholungsrate und allgemeine k\u00f6rperliche Leistungsf\u00e4higkeit<\/strong><\/p>\n<\/li>\n<li data-start=\"3403\" data-end=\"3501\">\n<p data-start=\"3405\" data-end=\"3501\">Mitwirkung an Studien in folgenden Bereichen <strong data-start=\"3434\" data-end=\"3471\">Muskelschwund und Rehabilitation<\/strong> nach einer Verletzung oder Krankheit<\/p>\n<\/li>\n<li data-start=\"3502\" data-end=\"3587\">\n<p data-start=\"3504\" data-end=\"3587\">Verbessern Sie <strong data-start=\"3512\" data-end=\"3543\">geistige Konzentration und Motivation<\/strong>, wie in verschiedenen kognitiven Studien beobachtet<\/p>\n<\/li>\n<\/ul>\n<hr data-start=\"3589\" data-end=\"3592\" \/>\n<h3 data-start=\"3594\" data-end=\"3640\"><strong data-start=\"3598\" data-end=\"3640\">Warum LGD-4033 Ligandrol-Pulver w\u00e4hlen<\/strong><\/h3>\n<ul data-start=\"3641\" data-end=\"3974\">\n<li data-start=\"3641\" data-end=\"3713\">\n<p data-start=\"3643\" data-end=\"3713\"><strong data-start=\"3643\" data-end=\"3681\">Reinheit in pharmazeutischer Qualit\u00e4t (\u226598%)<\/strong> verifiziert durch HPLC-Tests<\/p>\n<\/li>\n<li data-start=\"3714\" data-end=\"3770\">\n<p data-start=\"3716\" data-end=\"3770\"><strong data-start=\"3716\" data-end=\"3745\">Stabil und schnell absorbierend<\/strong> nicht-steroidale Verbindung<\/p>\n<\/li>\n<li data-start=\"3771\" data-end=\"3833\">\n<p data-start=\"3773\" data-end=\"3833\">Ideal f\u00fcr <strong data-start=\"3783\" data-end=\"3831\">kurz- und mittelfristige Zyklen der Anabolikaforschung<\/strong><\/p>\n<\/li>\n<li data-start=\"3834\" data-end=\"3904\">\n<p data-start=\"3836\" data-end=\"3904\"><strong data-start=\"3836\" data-end=\"3862\">Minimale Lebertoxizit\u00e4t<\/strong> im Vergleich zu herk\u00f6mmlichen Anabolika<\/p>\n<\/li>\n<li data-start=\"3905\" data-end=\"3974\">\n<p data-start=\"3907\" data-end=\"3974\"><strong data-start=\"3907\" data-end=\"3934\">Wissenschaftlich gepr\u00fcft<\/strong> Selektiver Androgenrezeptor-Modulator<\/p>\n<\/li>\n<\/ul>\n<hr data-start=\"3976\" data-end=\"3979\" \/>\n<h3 data-start=\"3981\" data-end=\"4013\"><strong data-start=\"3985\" data-end=\"4013\">Anwendungen in der Forschung<\/strong><\/h3>\n<p data-start=\"4014\" data-end=\"4092\"><strong data-start=\"4014\" data-end=\"4045\">LGD-4033 Ligandrol-Pulver<\/strong> wird weiterhin in Laboratorien untersucht:<\/p>\n<ul data-start=\"4093\" data-end=\"4277\">\n<li data-start=\"4093\" data-end=\"4137\">\n<p data-start=\"4095\" data-end=\"4137\"><strong data-start=\"4095\" data-end=\"4135\">Modelle f\u00fcr Muskelschwund und Sarkopenie<\/strong><\/p>\n<\/li>\n<li data-start=\"4138\" data-end=\"4183\">\n<p data-start=\"4140\" data-end=\"4183\"><strong data-start=\"4140\" data-end=\"4181\">Studien zu Osteoporose und Knochendichte<\/strong><\/p>\n<\/li>\n<li data-start=\"4184\" data-end=\"4226\">\n<p data-start=\"4186\" data-end=\"4226\"><strong data-start=\"4186\" data-end=\"4224\">Mechanismen zur Leistungssteigerung<\/strong><\/p>\n<\/li>\n<li data-start=\"4227\" data-end=\"4277\">\n<p data-start=\"4229\" data-end=\"4277\"><strong data-start=\"4229\" data-end=\"4275\">Forschung zu Fettstoffwechsel und Energiebilanz<\/strong><\/p>\n<\/li>\n<\/ul>\n<p data-start=\"4279\" data-end=\"4436\"><strong data-start=\"4279\" data-end=\"4288\">Anmerkung:<\/strong> Dieses Produkt wird ausschlie\u00dflich verkauft f\u00fcr <strong data-start=\"4323\" data-end=\"4375\">nur f\u00fcr Labor- und wissenschaftliche Forschungszwecke<\/strong>. Es ist <strong data-start=\"4383\" data-end=\"4435\">nicht f\u00fcr den menschlichen oder tier\u00e4rztlichen Verzehr zugelassen<\/strong>.<\/p>\n<hr data-start=\"4438\" data-end=\"4441\" \/>\n<h3 data-start=\"4443\" data-end=\"4471\"><strong data-start=\"4447\" data-end=\"4471\">Lagerung und Handhabung<\/strong><\/h3>\n<ul data-start=\"4472\" data-end=\"4648\">\n<li data-start=\"4472\" data-end=\"4534\">\n<p data-start=\"4474\" data-end=\"4534\">Aufbewahren in einem <strong data-start=\"4485\" data-end=\"4504\">k\u00fchler, trockener Ort<\/strong>, vor direkter Sonneneinstrahlung sch\u00fctzen.<\/p>\n<\/li>\n<li data-start=\"4535\" data-end=\"4584\">\n<p data-start=\"4537\" data-end=\"4584\">Den Beh\u00e4lter nach jedem Gebrauch fest verschlossen halten.<\/p>\n<\/li>\n<li data-start=\"4585\" data-end=\"4648\">\n<p data-start=\"4587\" data-end=\"4648\">Nur f\u00fcr Laborforschung - mit geeigneter PSA handhaben.<\/p>\n<\/li>\n<\/ul>\n<hr data-start=\"4650\" data-end=\"4653\" \/>\n<h3 data-start=\"4766\" data-end=\"4809\"><\/h3>\n<p data-start=\"4987\" data-end=\"5014\">","protected":false},"excerpt":{"rendered":"<p>Kaufen Sie hochreines LGD-4033 Ligandrol-Pulver f\u00fcr die Forschung mit SARMs. Ideal f\u00fcr Studien \u00fcber Muskelwachstum, Fettabbau und anabole Aktivit\u00e4t. 98% Reinheit, schneller Versand.<\/p>","protected":false},"featured_media":1760,"comment_status":"open","ping_status":"closed","template":"","meta":[],"product_brand":[],"product_cat":[391],"product_tag":[935,944,934,949,945,938,933,932,943,691,939,682,704,693,666,670,683,675,685,697,688,677,690,680,687,672,679,660,703,658,931,674,665,681,671,676,694,698,701,659,689,669,662,667,684,700,668,692,696,699,702,663,673,695,686,678,940,937,948,664,282,936,661,946,947,942,941],"class_list":{"0":"post-1759","1":"product","2":"type-product","3":"status-publish","4":"has-post-thumbnail","6":"product_cat-peptides","7":"product_tag-aas-poland","8":"product_tag-aas-raw-materials-australia","9":"product_tag-aas-raws","10":"product_tag-anabolic-steroid-manufacturer-canada","11":"product_tag-anabolic-steroid-powders-online","12":"product_tag-best-steroid-powder-supplier-usa","13":"product_tag-buy-aas-raws-online","14":"product_tag-buy-raw-steroid-powders-online","15":"product_tag-buy-raw-steroids-china","16":"product_tag-china-steroid-powder-supplier","17":"product_tag-high-purity-anabolic-steroids-canada","18":"product_tag-lgd-4033-australia","19":"product_tag-lgd-4033-bodybuilding","20":"product_tag-lgd-4033-brazil","21":"product_tag-lgd-4033-cycle","22":"product_tag-lgd-4033-dosage","23":"product_tag-lgd-4033-factory","24":"product_tag-lgd-4033-for-sale","25":"product_tag-lgd-4033-formula","26":"product_tag-lgd-4033-libido","27":"product_tag-lgd-4033-online","28":"product_tag-lgd-4033-powder","29":"product_tag-lgd-4033-recipe","30":"product_tag-lgd-4033-reviews","31":"product_tag-ligandrol","32":"product_tag-mk-2866","33":"product_tag-oral-sarms","34":"product_tag-peptide","35":"product_tag-peptide-hormone","36":"product_tag-raw-sarms-powders-sarms-liquid","37":"product_tag-raw-steroids-for-sale","38":"product_tag-sarm-receptor","39":"product_tag-sarms","40":"product_tag-sarms-australia","41":"product_tag-sarms-brazil","42":"product_tag-sarms-canada","43":"product_tag-sarms-cycle","44":"product_tag-sarms-for-sale","45":"product_tag-sarms-hormone","46":"product_tag-sarms-liquid-vs-pills","47":"product_tag-sarms-pills","48":"product_tag-sarms-powder","49":"product_tag-sarms-steroid","50":"product_tag-sarms-uk","51":"product_tag-selective-androgen-receptor-modulators","52":"product_tag-ssteroid-hormone","53":"product_tag-steroid-cream","54":"product_tag-steroid-injection","55":"product_tag-steroid-liquid","56":"product_tag-steroid-liquid-oral","57":"product_tag-steroid-oral","58":"product_tag-steroid-powder","59":"product_tag-steroid-powder-canada","60":"product_tag-steroid-powder-conversion-recipe","61":"product_tag-steroid-powder-price","62":"product_tag-steroid-powder-uk","63":"product_tag-steroid-raw-material-factory-europe","64":"product_tag-steroid-raws-online","65":"product_tag-steroid-raws-supplier-florida","66":"product_tag-steroid-semi-finished-liquid","67":"product_tag-steroids","68":"product_tag-supplier-usa","69":"product_tag-synthetic-steroid-lgd-4033","70":"product_tag-testosterone-raw-powder-poland","71":"product_tag-trenbolone-powder-thailand","72":"product_tag-trusted-steroid-raw-supplier-worldwide","73":"product_tag-wholesale-steroid-powders-australia","75":"first","76":"instock","77":"shipping-taxable","78":"product-type-simple"},"_links":{"self":[{"href":"https:\/\/shgotopharm.com\/de\/wp-json\/wp\/v2\/product\/1759","targetHints":{"allow":["GET"]}}],"collection":[{"href":"https:\/\/shgotopharm.com\/de\/wp-json\/wp\/v2\/product"}],"about":[{"href":"https:\/\/shgotopharm.com\/de\/wp-json\/wp\/v2\/types\/product"}],"replies":[{"embeddable":true,"href":"https:\/\/shgotopharm.com\/de\/wp-json\/wp\/v2\/comments?post=1759"}],"wp:featuredmedia":[{"embeddable":true,"href":"https:\/\/shgotopharm.com\/de\/wp-json\/wp\/v2\/media\/1760"}],"wp:attachment":[{"href":"https:\/\/shgotopharm.com\/de\/wp-json\/wp\/v2\/media?parent=1759"}],"wp:term":[{"taxonomy":"product_brand","embeddable":true,"href":"https:\/\/shgotopharm.com\/de\/wp-json\/wp\/v2\/product_brand?post=1759"},{"taxonomy":"product_cat","embeddable":true,"href":"https:\/\/shgotopharm.com\/de\/wp-json\/wp\/v2\/product_cat?post=1759"},{"taxonomy":"product_tag","embeddable":true,"href":"https:\/\/shgotopharm.com\/de\/wp-json\/wp\/v2\/product_tag?post=1759"}],"curies":[{"name":"wp","href":"https:\/\/api.w.org\/{rel}","templated":true}]}}