{"id":1763,"date":"2025-10-30T16:53:12","date_gmt":"2025-10-30T16:53:12","guid":{"rendered":"https:\/\/shgotopharm.com\/?post_type=product&#038;p=1763"},"modified":"2026-03-22T15:30:54","modified_gmt":"2026-03-22T15:30:54","slug":"semaglutid-peptid-kaufen","status":"publish","type":"product","link":"https:\/\/shgotopharm.com\/de\/product\/buy-semaglutide-peptide\/","title":{"rendered":"Semaglutid-Peptid kaufen"},"content":{"rendered":"<h2 data-start=\"265\" data-end=\"351\"><strong data-start=\"268\" data-end=\"351\">Semaglutid Peptid | GLP-1-Rezeptor-Agonist f\u00fcr Diabetes und Gewichtsmanagement kaufen<\/strong><\/h2>\n<h3 data-start=\"353\" data-end=\"369\"><strong data-start=\"357\" data-end=\"369\">\u00dcbersicht<\/strong><\/h3>\n<p data-start=\"370\" data-end=\"820\"><strong data-start=\"370\" data-end=\"393\">Semaglutid-Peptid kaufen<\/strong> ist eine synthetische <strong data-start=\"409\" data-end=\"461\">GLP-1 (Glucagon-Like Peptide-1)-Rezeptor-Agonist<\/strong> entwickelt, um die Wirkung des k\u00f6rpereigenen Hormons GLP-1 zu imitieren. Dieses Peptid spielt eine Schl\u00fcsselrolle bei der Regulierung <strong data-start=\"573\" data-end=\"636\">Insulinaussch\u00fcttung, Blutzuckerspiegel und Appetitkontrolle<\/strong>.<br data-start=\"637\" data-end=\"640\" \/>Urspr\u00fcnglich entwickelt f\u00fcr das <strong data-start=\"669\" data-end=\"701\">Behandlung von Typ-2-Diabetes<\/strong>, Semaglutid hat seitdem Anerkennung f\u00fcr sein bedeutendes Potenzial bei der <strong data-start=\"777\" data-end=\"819\">Gewichtsmanagement und metabolische Gesundheit<\/strong>.<\/p>\n<hr data-start=\"822\" data-end=\"825\" \/>\n<h3 data-start=\"827\" data-end=\"856\"><strong data-start=\"831\" data-end=\"856\">Wie Semaglutid wirkt<\/strong><\/h3>\n<p data-start=\"857\" data-end=\"941\">Semaglutid wirkt durch <strong data-start=\"882\" data-end=\"912\">Aktivierung der GLP-1-Rezeptoren<\/strong> in der Bauchspeicheldr\u00fcse und im Gehirn.<\/p>\n<ul data-start=\"942\" data-end=\"1324\">\n<li data-start=\"942\" data-end=\"1129\">\n<p data-start=\"944\" data-end=\"1129\">In der <strong data-start=\"951\" data-end=\"963\">Bauchspeicheldr\u00fcse<\/strong>, Diese Stimulation verbessert die <strong data-start=\"991\" data-end=\"1010\">Insulinaussch\u00fcttung<\/strong> wenn der Blutzuckerspiegel erh\u00f6ht ist und unterdr\u00fcckt <strong data-start=\"1063\" data-end=\"1086\">Glucagon-Produktion<\/strong>, und hilft, den Blutzuckerspiegel stabil zu halten.<\/p>\n<\/li>\n<li data-start=\"1130\" data-end=\"1324\">\n<p data-start=\"1132\" data-end=\"1324\">In der <strong data-start=\"1139\" data-end=\"1169\">Gehirn und Verdauungssystem<\/strong>, verlangsamt es <strong data-start=\"1180\" data-end=\"1200\">Magenentleerung<\/strong> und erh\u00f6ht <strong data-start=\"1215\" data-end=\"1234\">S\u00e4ttigungssignale<\/strong>, Dadurch wird ein l\u00e4ngeres S\u00e4ttigungsgef\u00fchl erreicht und die Kalorienaufnahme insgesamt reduziert.<\/p>\n<\/li>\n<\/ul>\n<p data-start=\"1326\" data-end=\"1467\">Indem sie auf diese Mechanismen abzielen, <strong data-start=\"1357\" data-end=\"1372\">Semaglutid<\/strong> hilft effektiv, den Appetit zu regulieren, den Blutzuckerspiegel zu senken und eine nachhaltige Gewichtsabnahme zu unterst\u00fctzen.<\/p>\n<hr data-start=\"1469\" data-end=\"1472\" \/>\n<h3 data-start=\"1474\" data-end=\"1515\"><strong data-start=\"1478\" data-end=\"1515\">Medizinische und Forschungsanwendungen<\/strong><\/h3>\n<p data-start=\"1516\" data-end=\"1672\">Semaglutid ist zugelassen von der <strong data-start=\"1547\" data-end=\"1590\">U.S. Lebensmittel- und Arzneimittelbeh\u00f6rde (FDA)<\/strong> unter verschiedenen Markennamen, darunter <strong data-start=\"1628\" data-end=\"1639\">Ozempic<\/strong>, <strong data-start=\"1641\" data-end=\"1651\">Wegovy<\/strong>, und <strong data-start=\"1657\" data-end=\"1669\">Rybelsus<\/strong>.<\/p>\n<ul data-start=\"1673\" data-end=\"1978\">\n<li data-start=\"1673\" data-end=\"1776\">\n<p data-start=\"1675\" data-end=\"1776\"><strong data-start=\"1675\" data-end=\"1686\">Ozempic<\/strong> - Einmal w\u00f6chentlich injizierbares Medikament zur Verbesserung der Blutzuckerkontrolle bei Erwachsenen mit Typ-2-Diabetes.<\/p>\n<\/li>\n<li data-start=\"1777\" data-end=\"1885\">\n<p data-start=\"1779\" data-end=\"1885\"><strong data-start=\"1779\" data-end=\"1789\">Wegovy<\/strong> - Zugelassen f\u00fcr <strong data-start=\"1805\" data-end=\"1834\">chronisches Gewichtsmanagement<\/strong> bei Erwachsenen mit Fettleibigkeit oder \u00dcbergewicht.<\/p>\n<\/li>\n<li data-start=\"1886\" data-end=\"1978\">\n<p data-start=\"1888\" data-end=\"1978\"><strong data-start=\"1888\" data-end=\"1900\">Rybelsus<\/strong> - Die erste <strong data-start=\"1913\" data-end=\"1926\">m\u00fcndliche Form<\/strong> von Semaglutid, das f\u00fcr die Behandlung von Diabetes entwickelt wurde.<\/p>\n<\/li>\n<\/ul>\n<p data-start=\"1980\" data-end=\"2181\">Klinische Studien haben gezeigt, dass Buy <strong data-start=\"2013\" data-end=\"2036\">Semaglutid-Peptid<\/strong> kann dazu f\u00fchren <strong data-start=\"2049\" data-end=\"2081\">erhebliche Gewichtsreduzierung<\/strong> auch bei Personen ohne Diabetes durch <strong data-start=\"2122\" data-end=\"2178\">Reduzierung des Appetits und F\u00f6rderung einer geringeren Kalorienaufnahme<\/strong>.<\/p>\n<hr data-start=\"2183\" data-end=\"2186\" \/>\n<h3 data-start=\"2188\" data-end=\"2231\"><strong data-start=\"2192\" data-end=\"2231\">Die wichtigsten Vorteile von Semaglutid-Peptid<\/strong><\/h3>\n<ul data-start=\"2232\" data-end=\"2733\">\n<li data-start=\"2232\" data-end=\"2331\">\n<p data-start=\"2234\" data-end=\"2331\"><strong data-start=\"2234\" data-end=\"2273\">Unterst\u00fctzt Typ-2-Diabetes-Management<\/strong> - Verbessert die Insulinempfindlichkeit und die Blutzuckerkontrolle.<\/p>\n<\/li>\n<li data-start=\"2332\" data-end=\"2437\">\n<p data-start=\"2334\" data-end=\"2437\"><strong data-start=\"2334\" data-end=\"2358\">F\u00f6rdert die Gewichtsabnahme<\/strong> - Verringert das Hunger- und S\u00e4ttigungsgef\u00fchl und tr\u00e4gt so zur Verringerung des Kalorienverbrauchs bei.<\/p>\n<\/li>\n<li data-start=\"2438\" data-end=\"2533\">\n<p data-start=\"2440\" data-end=\"2533\"><strong data-start=\"2440\" data-end=\"2469\">Verbessert die metabolische Gesundheit<\/strong> - Hilft bei der Regulierung des Glukosestoffwechsels und des Lipidhaushalts.<\/p>\n<\/li>\n<li data-start=\"2534\" data-end=\"2628\">\n<p data-start=\"2536\" data-end=\"2628\"><strong data-start=\"2536\" data-end=\"2557\">Bequeme Dosierung<\/strong> - Verf\u00fcgbar als <strong data-start=\"2573\" data-end=\"2599\">einmal w\u00f6chentliche Injektionen<\/strong> oder <strong data-start=\"2603\" data-end=\"2625\">Tabletten zur t\u00e4glichen Einnahme<\/strong>.<\/p>\n<\/li>\n<li data-start=\"2629\" data-end=\"2733\">\n<p data-start=\"2631\" data-end=\"2733\"><strong data-start=\"2631\" data-end=\"2652\">Klinisch bew\u00e4hrt<\/strong> - Unterst\u00fctzt durch umfangreiche Forschung und FDA-Zulassung f\u00fcr zahlreiche therapeutische Anwendungen.<\/p>\n<\/li>\n<\/ul>\n<hr data-start=\"2735\" data-end=\"2738\" \/>\n<h3 data-start=\"2740\" data-end=\"2769\"><strong data-start=\"2744\" data-end=\"2769\">Wissenschaftlicher Hintergrund<\/strong><\/h3>\n<p data-start=\"2770\" data-end=\"3086\">Die chemische Struktur von Semaglutid \u00e4hnelt stark der von <strong data-start=\"2829\" data-end=\"2846\">nat\u00fcrliches GLP-1<\/strong>, aber mit verbesserten <strong data-start=\"2866\" data-end=\"2893\">Stabilit\u00e4t und Halbwertszeit<\/strong>, und erm\u00f6glicht es <strong data-start=\"2908\" data-end=\"2939\">l\u00e4ngere Aktivit\u00e4t im K\u00f6rper<\/strong>. Entwickelt von <strong data-start=\"2954\" data-end=\"2970\">Novo Nordisk<\/strong> Es wurde 2012 auf den Markt gebracht und ist eines der fortschrittlichsten GLP-1-Analoga, die f\u00fcr <strong data-start=\"3047\" data-end=\"3083\">Endokrine und metabolische Forschung<\/strong>.<\/p>\n<p data-start=\"3088\" data-end=\"3344\">Neben Diabetes und Fettleibigkeit erforschen Forscher die potenzielle Rolle von Semaglutid bei <strong data-start=\"3176\" data-end=\"3250\">Studien zur kardiovaskul\u00e4ren Gesundheit, Neuroprotektion und zum metabolischen Syndrom<\/strong> aufgrund seiner g\u00fcnstigen Auswirkungen auf <strong data-start=\"3282\" data-end=\"3343\">Entz\u00fcndung, Appetitregulation und Glukosestoffwechsel<\/strong>.<\/p>\n<hr data-start=\"3346\" data-end=\"3349\" \/>\n<h3 data-start=\"3351\" data-end=\"3373\"><strong data-start=\"3355\" data-end=\"3373\">Wichtiger Hinweis<\/strong><\/h3>\n<p data-start=\"3374\" data-end=\"3520\">Dieses Produkt wird geliefert f\u00fcr <strong data-start=\"3403\" data-end=\"3455\">nur f\u00fcr Labor- und wissenschaftliche Forschungszwecke<\/strong>.<br data-start=\"3456\" data-end=\"3459\" \/>Sie ist <strong data-start=\"3465\" data-end=\"3517\">nicht f\u00fcr den menschlichen oder tier\u00e4rztlichen Verzehr bestimmt<\/strong>.<\/p>","protected":false},"excerpt":{"rendered":"<p>Buy Semaglutide Peptide | GLP-1 Receptor Agonist for Diabetes and Weight Management Overview Buy Semaglutide Peptide is a synthetic GLP-1 (Glucagon-Like Peptide-1) receptor agonist designed to mimic the effects of the body\u2019s natural GLP-1 hormone. This peptide plays a key role in regulating insulin secretion, blood sugar levels, and appetite control.Originally developed for the treatment [&hellip;]<\/p>\n","protected":false},"featured_media":1764,"comment_status":"open","ping_status":"closed","template":"","meta":[],"product_brand":[],"product_cat":[391],"product_tag":[935,944,934,949,945,739,938,933,932,943,743,744,939,740,745,746,738,742,931,747,940,937,948,936,946,947,942,741,941],"class_list":{"0":"post-1763","1":"product","2":"type-product","3":"status-publish","4":"has-post-thumbnail","6":"product_cat-peptides","7":"product_tag-aas-poland","8":"product_tag-aas-raw-materials-australia","9":"product_tag-aas-raws","10":"product_tag-anabolic-steroid-manufacturer-canada","11":"product_tag-anabolic-steroid-powders-online","12":"product_tag-benefits-of-igf-1-lr3","13":"product_tag-best-steroid-powder-supplier-usa","14":"product_tag-buy-aas-raws-online","15":"product_tag-buy-raw-steroid-powders-online","16":"product_tag-buy-raw-steroids-china","17":"product_tag-hgh","18":"product_tag-hgh-supplements","19":"product_tag-high-purity-anabolic-steroids-canada","20":"product_tag-how-does-igf-1-lr3-work","21":"product_tag-human-growth-hormone","22":"product_tag-human-growth-hormone-for-sale","23":"product_tag-peptide-igf1-lr3","24":"product_tag-peptide-peptides-buy-growth-hormone","25":"product_tag-raw-steroids-for-sale","26":"product_tag-somatropin-growth-hormone","27":"product_tag-steroid-raw-material-factory-europe","28":"product_tag-steroid-raws-online","29":"product_tag-steroid-raws-supplier-florida","30":"product_tag-supplier-usa","31":"product_tag-testosterone-raw-powder-poland","32":"product_tag-trenbolone-powder-thailand","33":"product_tag-trusted-steroid-raw-supplier-worldwide","34":"product_tag-where-can-i-buy-igf-1-lr3","35":"product_tag-wholesale-steroid-powders-australia","37":"first","38":"instock","39":"shipping-taxable","40":"product-type-simple"},"_links":{"self":[{"href":"https:\/\/shgotopharm.com\/de\/wp-json\/wp\/v2\/product\/1763","targetHints":{"allow":["GET"]}}],"collection":[{"href":"https:\/\/shgotopharm.com\/de\/wp-json\/wp\/v2\/product"}],"about":[{"href":"https:\/\/shgotopharm.com\/de\/wp-json\/wp\/v2\/types\/product"}],"replies":[{"embeddable":true,"href":"https:\/\/shgotopharm.com\/de\/wp-json\/wp\/v2\/comments?post=1763"}],"wp:featuredmedia":[{"embeddable":true,"href":"https:\/\/shgotopharm.com\/de\/wp-json\/wp\/v2\/media\/1764"}],"wp:attachment":[{"href":"https:\/\/shgotopharm.com\/de\/wp-json\/wp\/v2\/media?parent=1763"}],"wp:term":[{"taxonomy":"product_brand","embeddable":true,"href":"https:\/\/shgotopharm.com\/de\/wp-json\/wp\/v2\/product_brand?post=1763"},{"taxonomy":"product_cat","embeddable":true,"href":"https:\/\/shgotopharm.com\/de\/wp-json\/wp\/v2\/product_cat?post=1763"},{"taxonomy":"product_tag","embeddable":true,"href":"https:\/\/shgotopharm.com\/de\/wp-json\/wp\/v2\/product_tag?post=1763"}],"curies":[{"name":"wp","href":"https:\/\/api.w.org\/{rel}","templated":true}]}}