{"id":1765,"date":"2025-10-30T17:09:46","date_gmt":"2025-10-30T17:09:46","guid":{"rendered":"https:\/\/shgotopharm.com\/?post_type=product&#038;p=1765"},"modified":"2025-12-13T09:53:32","modified_gmt":"2025-12-13T09:53:32","slug":"jintropin-100iu-hgh","status":"publish","type":"product","link":"https:\/\/shgotopharm.com\/de\/product\/jintropin-100iu-hgh\/","title":{"rendered":"Jintropin 100iu HGH"},"content":{"rendered":"<h1 class=\"product_h2\">Jintropin 100iu HGH<\/h1>\n<h3 data-start=\"488\" data-end=\"512\"><strong data-start=\"492\" data-end=\"512\">Produkt\u00fcbersicht<\/strong><\/h3>\n<p data-start=\"513\" data-end=\"864\">Unser Jintropin 100iu HGH<strong data-start=\"517\" data-end=\"568\">\u00a0Menschliches Wachstumshormon<\/strong> ist ein hochwertiges <strong data-start=\"588\" data-end=\"611\">rekombinantes Peptid<\/strong> angeboten in <strong data-start=\"623\" data-end=\"647\">lose, nicht etikettierte Form<\/strong> f\u00fcr Labor- und pharmazeutische Forschungszwecke.<br data-start=\"700\" data-end=\"703\" \/>Diese <strong data-start=\"708\" data-end=\"736\">lyophilisiertes wei\u00dfes Pulver<\/strong> demonstriert <strong data-start=\"750\" data-end=\"764\">99% Reinheit<\/strong>, Sie gew\u00e4hrleisten gleichbleibende Qualit\u00e4t und Zuverl\u00e4ssigkeit f\u00fcr fortgeschrittene biologische und pharmakologische Studien.<\/p>\n<hr data-start=\"866\" data-end=\"869\" \/>\n<h3 data-start=\"871\" data-end=\"901\"><strong data-start=\"875\" data-end=\"901\">Produktspezifikationen<\/strong><\/h3>\n<div class=\"_tableContainer_1rjym_1\">\n<div class=\"group _tableWrapper_1rjym_13 flex w-fit flex-col-reverse\" tabindex=\"-1\">\n<table class=\"w-fit min-w-(--thread-content-width)\" data-start=\"902\" data-end=\"1366\">\n<thead data-start=\"902\" data-end=\"933\">\n<tr data-start=\"902\" data-end=\"933\">\n<th data-start=\"902\" data-end=\"918\" data-col-size=\"sm\"><strong data-start=\"904\" data-end=\"917\">Parameter<\/strong><\/th>\n<th data-start=\"918\" data-end=\"933\" data-col-size=\"sm\"><strong data-start=\"920\" data-end=\"931\">Einzelheiten<\/strong><\/th>\n<\/tr>\n<\/thead>\n<tbody data-start=\"967\" data-end=\"1366\">\n<tr data-start=\"967\" data-end=\"1026\">\n<td data-start=\"967\" data-end=\"986\" data-col-size=\"sm\"><strong data-start=\"969\" data-end=\"985\">Produktname<\/strong><\/td>\n<td data-start=\"986\" data-end=\"1026\" data-col-size=\"sm\">Jintropin 100iu HGH<\/td>\n<\/tr>\n<tr data-start=\"1027\" data-end=\"1047\">\n<td data-start=\"1027\" data-end=\"1040\" data-col-size=\"sm\"><strong data-start=\"1029\" data-end=\"1039\">Reinheit<\/strong><\/td>\n<td data-start=\"1040\" data-end=\"1047\" data-col-size=\"sm\">99%<\/td>\n<\/tr>\n<tr data-start=\"1048\" data-end=\"1070\">\n<td data-start=\"1048\" data-end=\"1061\" data-col-size=\"sm\"><strong data-start=\"1050\" data-end=\"1060\">Herkunft<\/strong><\/td>\n<td data-start=\"1061\" data-end=\"1070\" data-col-size=\"sm\">China<\/td>\n<\/tr>\n<tr data-start=\"1071\" data-end=\"1122\">\n<td data-start=\"1071\" data-end=\"1082\" data-col-size=\"sm\"><strong data-start=\"1073\" data-end=\"1081\">Typ<\/strong><\/td>\n<td data-start=\"1082\" data-end=\"1122\" data-col-size=\"sm\">Vitamine, Aminos\u00e4uren und Coenzyme<\/td>\n<\/tr>\n<tr data-start=\"1123\" data-end=\"1179\">\n<td data-start=\"1123\" data-end=\"1144\" data-col-size=\"sm\"><strong data-start=\"1125\" data-end=\"1143\">Klasse Standard<\/strong><\/td>\n<td data-start=\"1144\" data-end=\"1179\" data-col-size=\"sm\">Pharmazeutische \/ medizinische Qualit\u00e4t<\/td>\n<\/tr>\n<tr data-start=\"1180\" data-end=\"1227\">\n<td data-start=\"1180\" data-end=\"1204\" data-col-size=\"sm\"><strong data-start=\"1182\" data-end=\"1203\">Analyse Standard<\/strong><\/td>\n<td data-start=\"1204\" data-end=\"1227\" data-col-size=\"sm\">Unternehmen Standard<\/td>\n<\/tr>\n<tr data-start=\"1228\" data-end=\"1273\">\n<td data-start=\"1228\" data-end=\"1245\" data-col-size=\"sm\"><strong data-start=\"1230\" data-end=\"1244\">Erscheinungsbild<\/strong><\/td>\n<td data-start=\"1245\" data-end=\"1273\" data-col-size=\"sm\">Wei\u00dfes lyophilisiertes Pulver<\/td>\n<\/tr>\n<tr data-start=\"1274\" data-end=\"1315\">\n<td data-start=\"1274\" data-end=\"1291\" data-col-size=\"sm\"><strong data-start=\"1276\" data-end=\"1290\">EINECS-Nr.<\/strong><\/td>\n<td data-start=\"1291\" data-end=\"1315\" data-col-size=\"sm\">Auf Anfrage erh\u00e4ltlich<\/td>\n<\/tr>\n<tr data-start=\"1316\" data-end=\"1366\">\n<td data-start=\"1316\" data-end=\"1340\" data-col-size=\"sm\"><strong data-start=\"1318\" data-end=\"1339\">Zustand der Lagerung<\/strong><\/td>\n<td data-start=\"1340\" data-end=\"1366\" data-col-size=\"sm\">2-8\u00b0C, vor Licht gesch\u00fctzt<\/td>\n<\/tr>\n<\/tbody>\n<\/table>\n<\/div>\n<\/div>\n<hr data-start=\"1368\" data-end=\"1371\" \/>\n<h3 data-start=\"1373\" data-end=\"1392\"><strong data-start=\"1377\" data-end=\"1392\">Beschreibung<\/strong><\/h3>\n<p data-start=\"1393\" data-end=\"1764\">Jintropin 100iu HGH, auch bekannt als <strong data-start=\"1439\" data-end=\"1453\">Somatropin<\/strong>, ist ein Peptidhormon, das nat\u00fcrlicherweise von der <strong data-start=\"1502\" data-end=\"1521\">Hirnanhangsdr\u00fcse<\/strong>.<br data-start=\"1522\" data-end=\"1525\" \/>Unser <strong data-start=\"1529\" data-end=\"1546\">HGH Blaue Oberteile<\/strong> sind formuliert f\u00fcr <strong data-start=\"1566\" data-end=\"1591\">Forschungsantr\u00e4ge<\/strong>, und bietet eine bio-identische Sequenz zu k\u00f6rpereigenem HGH. Es wird haupts\u00e4chlich in Studien verwendet, die sich mit folgenden Themen befassen <strong data-start=\"1689\" data-end=\"1751\">Muskelwachstum, Stoffwechsel, Zellreparatur und Anti-Aging<\/strong> Funktionen.<\/p>\n<p data-start=\"1766\" data-end=\"1971\">Dieses Wachstumshormon wirkt durch Stimulierung von <strong data-start=\"1814\" data-end=\"1854\">IGF-1 (Insulin\u00e4hnlicher Wachstumsfaktor-1)<\/strong> Wege, die eine wichtige Rolle spielen bei <strong data-start=\"1892\" data-end=\"1915\">Geweberegenerierung<\/strong>, <strong data-start=\"1917\" data-end=\"1939\">Muskelaufbau<\/strong>, und <strong data-start=\"1945\" data-end=\"1970\">Stoffwechselanreicherung<\/strong>.<\/p>\n<hr data-start=\"1973\" data-end=\"1976\" \/>\n<h3 data-start=\"1978\" data-end=\"2014\"><strong data-start=\"1982\" data-end=\"2014\">Die wichtigsten Vorteile von Jintropin 100iu HGH<\/strong><\/h3>\n<p data-start=\"2015\" data-end=\"2135\">Forschungsstudien legen nahe, dass <strong data-start=\"2045\" data-end=\"2062\">HGH Blaue Oberteile<\/strong> kann zu den folgenden physiologischen und zellul\u00e4ren Verbesserungen beitragen:<\/p>\n<ul data-start=\"2137\" data-end=\"2831\">\n<li data-start=\"2137\" data-end=\"2205\">\n<p data-start=\"2139\" data-end=\"2205\">Verringerung der <strong data-start=\"2152\" data-end=\"2203\">Cellulite, Falten und sichtbare Zeichen der Hautalterung<\/strong><\/p>\n<\/li>\n<li data-start=\"2206\" data-end=\"2286\">\n<p data-start=\"2208\" data-end=\"2286\">Unterst\u00fctzung f\u00fcr <strong data-start=\"2220\" data-end=\"2235\">Muskelzuwachs<\/strong>, <strong data-start=\"2237\" data-end=\"2249\">Fettabbau<\/strong>, und <strong data-start=\"2255\" data-end=\"2284\">verbesserte K\u00f6rperzusammensetzung<\/strong><\/p>\n<\/li>\n<li data-start=\"2287\" data-end=\"2347\">\n<p data-start=\"2289\" data-end=\"2347\">Erweitert <strong data-start=\"2298\" data-end=\"2315\">sexuelle Gesundheit<\/strong>, <strong data-start=\"2317\" data-end=\"2327\">Libido<\/strong>, und <strong data-start=\"2333\" data-end=\"2345\">Vitalit\u00e4t<\/strong><\/p>\n<\/li>\n<li data-start=\"2348\" data-end=\"2415\">\n<p data-start=\"2350\" data-end=\"2415\">F\u00f6rderung von <strong data-start=\"2363\" data-end=\"2390\">tiefer, erholsamer Schlaf<\/strong> und <strong data-start=\"2395\" data-end=\"2413\">Stimmungsstabilit\u00e4t<\/strong><\/p>\n<\/li>\n<li data-start=\"2416\" data-end=\"2485\">\n<p data-start=\"2418\" data-end=\"2485\">Anregung von <strong data-start=\"2433\" data-end=\"2450\">Haarwuchs<\/strong> und Wiederherstellung der nat\u00fcrlichen Farbe<\/p>\n<\/li>\n<li data-start=\"2486\" data-end=\"2547\">\n<p data-start=\"2488\" data-end=\"2547\">Sp\u00fcrbarer Anstieg der <strong data-start=\"2511\" data-end=\"2545\">Energie, Ausdauer und Durchhalteverm\u00f6gen<\/strong><\/p>\n<\/li>\n<li data-start=\"2548\" data-end=\"2603\">\n<p data-start=\"2550\" data-end=\"2603\">Erweitert <strong data-start=\"2559\" data-end=\"2601\">Ged\u00e4chtnis, Konzentration und kognitive Wachsamkeit<\/strong><\/p>\n<\/li>\n<li data-start=\"2604\" data-end=\"2690\">\n<p data-start=\"2606\" data-end=\"2690\">Unterst\u00fctzung f\u00fcr <strong data-start=\"2618\" data-end=\"2634\">Knochendichte<\/strong>, <strong data-start=\"2636\" data-end=\"2652\">Gesundheit der Gelenke<\/strong>, und <strong data-start=\"2658\" data-end=\"2688\">Erholung des Bindegewebes<\/strong><\/p>\n<\/li>\n<li data-start=\"2691\" data-end=\"2777\">\n<p data-start=\"2693\" data-end=\"2777\">Verbesserung der <strong data-start=\"2708\" data-end=\"2730\">Cholesterinspiegel<\/strong>, <strong data-start=\"2732\" data-end=\"2750\">Blutdruck<\/strong>, und <strong data-start=\"2756\" data-end=\"2775\">Immunfunktion<\/strong><\/p>\n<\/li>\n<li data-start=\"2778\" data-end=\"2831\">\n<p data-start=\"2780\" data-end=\"2831\">Beschleunigte <strong data-start=\"2792\" data-end=\"2829\">Erholung von Verletzungen oder Erm\u00fcdung<\/strong><\/p>\n<\/li>\n<\/ul>\n<blockquote data-start=\"2833\" data-end=\"2992\">\n<p data-start=\"2835\" data-end=\"2992\"><strong data-start=\"2835\" data-end=\"2844\">Anmerkung:<\/strong> Alle oben genannten Leistungen basieren auf laufenden <strong data-start=\"2885\" data-end=\"2921\">klinische und Laborforschung<\/strong>. Dieses Produkt ist <strong data-start=\"2939\" data-end=\"2991\">nicht f\u00fcr den menschlichen oder tier\u00e4rztlichen Verzehr bestimmt<\/strong>.<\/p>\n<\/blockquote>\n<hr data-start=\"2994\" data-end=\"2997\" \/>\n<h3 data-start=\"2999\" data-end=\"3019\"><strong data-start=\"3003\" data-end=\"3019\">Anwendungen von Jintropin 100iu HGH<\/strong><\/h3>\n<p data-start=\"3020\" data-end=\"3090\">Jintropin 100iu HGH sind weithin f\u00fcr ihre m\u00f6glichen Auswirkungen in untersucht:<\/p>\n<ul data-start=\"3091\" data-end=\"3303\">\n<li data-start=\"3091\" data-end=\"3131\">\n<p data-start=\"3093\" data-end=\"3131\"><strong data-start=\"3093\" data-end=\"3129\">Endokrine und metabolische Forschung<\/strong><\/p>\n<\/li>\n<li data-start=\"3132\" data-end=\"3170\">\n<p data-start=\"3134\" data-end=\"3170\"><strong data-start=\"3134\" data-end=\"3168\">Studien zu Wachstum und Entwicklung<\/strong><\/p>\n<\/li>\n<li data-start=\"3171\" data-end=\"3214\">\n<p data-start=\"3173\" data-end=\"3214\"><strong data-start=\"3173\" data-end=\"3212\">Gewebereparatur und Zellregeneration<\/strong><\/p>\n<\/li>\n<li data-start=\"3215\" data-end=\"3255\">\n<p data-start=\"3217\" data-end=\"3255\"><strong data-start=\"3217\" data-end=\"3253\">Anti-Aging- und Vitalit\u00e4tsforschung<\/strong><\/p>\n<\/li>\n<li data-start=\"3256\" data-end=\"3303\">\n<p data-start=\"3258\" data-end=\"3303\"><strong data-start=\"3258\" data-end=\"3303\">Studien zu sportlicher Leistung und Erholung<\/strong><\/p>\n<\/li>\n<\/ul>\n<p data-start=\"3305\" data-end=\"3518\">Dar\u00fcber hinaus wurde beobachtet, dass das menschliche Wachstumshormon <strong data-start=\"3360\" data-end=\"3395\">die Knochen und Organe zu st\u00e4rken<\/strong>, <strong data-start=\"3397\" data-end=\"3422\">das Sehnenwachstum unterst\u00fctzen<\/strong>, und <strong data-start=\"3428\" data-end=\"3460\">die Kollagensynthese stimulieren<\/strong> - Schl\u00fcsselaspekte f\u00fcr eine jugendliche Zellfunktion und Erholung.<\/p>\n<hr data-start=\"3520\" data-end=\"3523\" \/>\n<h3 data-start=\"3525\" data-end=\"3545\"><strong data-start=\"3529\" data-end=\"3545\">Wie es funktioniert Jintropin 100iu HGH<\/strong><\/h3>\n<p data-start=\"3546\" data-end=\"3867\">HGH funktioniert durch Bindung an spezifische <strong data-start=\"3583\" data-end=\"3611\">Wachstumshormonrezeptoren<\/strong>, und l\u00f6st damit die Freisetzung von <strong data-start=\"3639\" data-end=\"3648\">IGF-1<\/strong>, ein starker anaboler Vermittler.<br data-start=\"3679\" data-end=\"3682\" \/>Durch diesen Mechanismus hilft HGH <strong data-start=\"3716\" data-end=\"3737\">schlanke Muskeln aufbauen<\/strong>, <strong data-start=\"3739\" data-end=\"3764\">das Fettgewebe zu reduzieren<\/strong>, und <strong data-start=\"3770\" data-end=\"3804\">die physiologische Vitalit\u00e4t wiederherzustellen<\/strong> durch Verbesserung der metabolischen Effizienz und der zellul\u00e4ren Verj\u00fcngung.<\/p>\n<hr data-start=\"3869\" data-end=\"3872\" \/>\n<h3 data-start=\"3874\" data-end=\"3902\"><strong data-start=\"3878\" data-end=\"3902\">Anweisungen zur Lagerung<\/strong><\/h3>\n<ul data-start=\"3903\" data-end=\"4172\">\n<li data-start=\"3903\" data-end=\"3960\">\n<p data-start=\"3905\" data-end=\"3960\">Speichern zwischen <strong data-start=\"3919\" data-end=\"3928\">2-8\u00b0C<\/strong>, vor direktem Licht gesch\u00fctzt.<\/p>\n<\/li>\n<li data-start=\"3961\" data-end=\"4022\">\n<p data-start=\"3963\" data-end=\"4022\">Vor der Rekonstitution versiegelt an einem k\u00fchlen, trockenen Ort aufbewahren.<\/p>\n<\/li>\n<li data-start=\"4023\" data-end=\"4099\">\n<p data-start=\"4025\" data-end=\"4099\">Gek\u00fchlt ist das Produkt bis zum Verfallsdatum haltbar.<\/p>\n<\/li>\n<li data-start=\"4100\" data-end=\"4172\">\n<p data-start=\"4102\" data-end=\"4172\">Vermeiden Sie die Einwirkung von Temperaturen \u00fcber <strong data-start=\"4139\" data-end=\"4147\">30\u00b0C<\/strong> um die Integrit\u00e4t zu wahren.<\/p>\n<\/li>\n<\/ul>\n<hr data-start=\"4174\" data-end=\"4177\" \/>\n<h3 data-start=\"4179\" data-end=\"4197\"><strong data-start=\"4183\" data-end=\"4197\">Haftungsausschluss<\/strong><\/h3>\n<p data-start=\"4198\" data-end=\"4376\">Diese <strong data-start=\"4203\" data-end=\"4254\">Hochwertige HGH Blue Tops Human Growth Hormone<\/strong> wird verkauft <strong data-start=\"4263\" data-end=\"4312\">ausschlie\u00dflich f\u00fcr Labor- und Forschungszwecke<\/strong>.<br data-start=\"4313\" data-end=\"4316\" \/>Sie ist <strong data-start=\"4322\" data-end=\"4373\">nicht f\u00fcr die Verabreichung an Menschen oder Tiere zugelassen<\/strong>.<\/p>\n<hr data-start=\"4378\" data-end=\"4381\" \/>\n<h3 data-start=\"4383\" data-end=\"4419\"><strong data-start=\"4387\" data-end=\"4417\">Meta-Titel (70 Zeichen)<\/strong><\/h3>\n<p data-start=\"4420\" data-end=\"4492\">Hohe Qualit\u00e4t HGH Blue Tops Human Growth Hormone 99% Reinheit | Bulk Sale<\/p>\n<h3 data-start=\"4494\" data-end=\"4537\"><strong data-start=\"4498\" data-end=\"4535\">Meta-Beschreibung (160 Zeichen)<\/strong><\/h3>\n<p data-start=\"4538\" data-end=\"4688\">Kaufen Sie hochwertiges HGH Blue Tops Human Growth Hormone (Reinheit 99%) f\u00fcr die Forschung. Pharmazeutische Qualit\u00e4t, nicht etikettiertes lyophilisiertes Pulver online erh\u00e4ltlich.<\/p>\n<h3 data-start=\"4690\" data-end=\"4727\"><strong data-start=\"4694\" data-end=\"4725\">Schwerpunkt-Keyword f\u00fcr RankMath:<\/strong><\/h3>","protected":false},"excerpt":{"rendered":"<p>Jintropin 100iu HGH Product Overview Our Jintropin 100iu HGH\u00a0Human Growth Hormone is a premium-grade recombinant peptide offered in bulk unlabelled form for laboratory and pharmaceutical research purposes.This lyophilized white powder demonstrates 99% purity, ensuring consistent quality and reliability for advanced biological and pharmacological studies. Product Specifications Parameter Details Product Name Jintropin 100iu HGH Purity 99% [&hellip;]<\/p>\n","protected":false},"featured_media":1766,"comment_status":"open","ping_status":"closed","template":"","meta":[],"product_brand":[],"product_cat":[391],"product_tag":[752,935,944,934,949,945,938,933,932,943,751,753,748,749,939,750,931,940,937,948,936,946,947,942,941],"class_list":{"0":"post-1765","1":"product","2":"type-product","3":"status-publish","4":"has-post-thumbnail","6":"product_cat-peptides","7":"product_tag-10iu-blue-tops-hgh-unlabelled-bulk-whlosale","8":"product_tag-aas-poland","9":"product_tag-aas-raw-materials-australia","10":"product_tag-aas-raws","11":"product_tag-anabolic-steroid-manufacturer-canada","12":"product_tag-anabolic-steroid-powders-online","13":"product_tag-best-steroid-powder-supplier-usa","14":"product_tag-buy-aas-raws-online","15":"product_tag-buy-raw-steroid-powders-online","16":"product_tag-buy-raw-steroids-china","17":"product_tag-growth-hormone-bulk-buy-china","18":"product_tag-hgh-191aa-for-sale-china","19":"product_tag-hgh-unlabelled-bulk-buy-china","20":"product_tag-hgh-vials-bulk-wholesale","21":"product_tag-high-purity-anabolic-steroids-canada","22":"product_tag-pure-hgh-unlabelled-for-sale","23":"product_tag-raw-steroids-for-sale","24":"product_tag-steroid-raw-material-factory-europe","25":"product_tag-steroid-raws-online","26":"product_tag-steroid-raws-supplier-florida","27":"product_tag-supplier-usa","28":"product_tag-testosterone-raw-powder-poland","29":"product_tag-trenbolone-powder-thailand","30":"product_tag-trusted-steroid-raw-supplier-worldwide","31":"product_tag-wholesale-steroid-powders-australia","33":"first","34":"instock","35":"shipping-taxable","36":"product-type-simple"},"_links":{"self":[{"href":"https:\/\/shgotopharm.com\/de\/wp-json\/wp\/v2\/product\/1765","targetHints":{"allow":["GET"]}}],"collection":[{"href":"https:\/\/shgotopharm.com\/de\/wp-json\/wp\/v2\/product"}],"about":[{"href":"https:\/\/shgotopharm.com\/de\/wp-json\/wp\/v2\/types\/product"}],"replies":[{"embeddable":true,"href":"https:\/\/shgotopharm.com\/de\/wp-json\/wp\/v2\/comments?post=1765"}],"wp:featuredmedia":[{"embeddable":true,"href":"https:\/\/shgotopharm.com\/de\/wp-json\/wp\/v2\/media\/1766"}],"wp:attachment":[{"href":"https:\/\/shgotopharm.com\/de\/wp-json\/wp\/v2\/media?parent=1765"}],"wp:term":[{"taxonomy":"product_brand","embeddable":true,"href":"https:\/\/shgotopharm.com\/de\/wp-json\/wp\/v2\/product_brand?post=1765"},{"taxonomy":"product_cat","embeddable":true,"href":"https:\/\/shgotopharm.com\/de\/wp-json\/wp\/v2\/product_cat?post=1765"},{"taxonomy":"product_tag","embeddable":true,"href":"https:\/\/shgotopharm.com\/de\/wp-json\/wp\/v2\/product_tag?post=1765"}],"curies":[{"name":"wp","href":"https:\/\/api.w.org\/{rel}","templated":true}]}}