{"id":1769,"date":"2025-11-04T13:06:33","date_gmt":"2025-11-04T13:06:33","guid":{"rendered":"https:\/\/shgotopharm.com\/?post_type=product&#038;p=1769"},"modified":"2025-12-12T18:05:24","modified_gmt":"2025-12-12T18:05:24","slug":"buy-drostanolone-enanthate","status":"publish","type":"product","link":"https:\/\/shgotopharm.com\/de\/product\/buy-drostanolone-enanthate\/","title":{"rendered":"Drostanolon Enanthate kaufen"},"content":{"rendered":"<h2><a href=\"https:\/\/shgotopharm.com\/de\/product\/buy-drostanolone-enanthate\/\">Drostanolon Enanthate kaufen<\/a><\/h2>\n<p>Drostanolon, weithin bekannt unter seinem Handelsnamen Masteron, ist ein anaboles Steroid, das von Dihydrotestosteron (DHT) abgeleitet ist. Durch eine leichte chemische Modifikation zeigt Drostanolon eine st\u00e4rkere anabole Wirkung im Vergleich zu DHT selbst.<\/p>\n<p>Beide Versionen enthalten dasselbe aktive Hormon, unterscheiden sich aber durch den Esteranhang, der beeinflusst, wie schnell das Steroid in den Blutkreislauf freigesetzt wird und wie lange es im K\u00f6rper aktiv bleibt. Der Ester ver\u00e4ndert die eigentliche Funktion von Drostanolon nicht - einmal abgetrennt, liefert das reine Hormon seine Wirkung effizient.<\/p>\n<h3>Drostanolon Enanthate kaufen<\/h3>\n<p>Masteron Enanthate, oder Drostanolone Enanthate, ist eines der wenigen anabolen Steroide mit starken anti-\u00f6strogenen Eigenschaften. Dies macht es ein Favorit in der Pre-Competition Bodybuilding-Zyklen, wo Athleten zu verbessern Muskelh\u00e4rte und Definition bei gleichzeitiger Minimierung Wassereinlagerungen Ziel.<\/p>\n<p>Obwohl seine Wirkungen relativ mild sind, wenn es allein verwendet wird, arbeitet Masteron Enanthate synergetisch mit anderen anabolen Verbindungen, um einen schlankeren, dichteren und besser geformten K\u00f6rperbau zu f\u00f6rdern. Es wird besonders von Wettkampf- und Freizeit-Bodybuildern w\u00e4hrend der Cutting-Phasen gesch\u00e4tzt. Drostanolon Enanthate kaufen<\/p>\n<h3>Masteron Enanthate: Wichtige Details<\/h3>\n<p>Basiskomponente: Dihydrotestosteron (DHT)<\/p>\n<p>Kategorie: Anabolisch-androgene Steroide (AAS)<\/p>\n<p>Prim\u00e4re Verwendung: Schneiden und Vorbereitung auf den Wettbewerb<\/p>\n<p>Bemerkenswerte Eigenschaft: Anti-\u00d6strogene Wirkung - hilft, \u00f6strogenbedingte Nebenwirkungen zu reduzieren<\/p>\n<p>Form: Injizierbar<\/p>\n<p>Masteron Enanthate entwickelte sich urspr\u00fcnglich als eine unterirdische Modifikation des inzwischen eingestellten Drostanolone Propionate, das eine l\u00e4ngere Esterkette f\u00fcr eine l\u00e4ngere Aktivit\u00e4t und weniger h\u00e4ufige Injektionen bietet.<\/p>\n<h3>Typische Masteron Enanthate Dosierung<\/h3>\n<p>F\u00fcr die meisten m\u00e4nnlichen Anwender gelten 400-500 mg pro Woche als Standarddosierung.<br \/>\nDie w\u00f6chentliche Gesamtdosis wird in der Regel auf zwei Injektionen aufgeteilt - zum Beispiel:<\/p>\n<p>Montag: Erste Dosis<\/p>\n<p>Donnerstag: Zweite Dosis<\/p>\n<p>Ein typischer Zyklus dauert 6 bis 12 Wochen, je nach den Zielen des Einzelnen, seinem Erfahrungsstand und der Zusammensetzung des gesamten Zyklus.<\/p>\n<h3>Abschlie\u00dfende \u00dcberlegungen<\/h3>\n<p>Drostanolone Enanthate (Masteron Enanthate) bleibt ein Eckpfeiler f\u00fcr Bodybuilder, die ein trockenes, hartes Aussehen mit minimaler \u00f6strogener Aktivit\u00e4t suchen. Seine Kompatibilit\u00e4t mit anderen anabolen Steroiden macht es eine wirksame Erg\u00e4nzung zu Schneiden und Wettbewerb Vorbereitung Zyklen, vor allem f\u00fcr Athleten, die f\u00fcr die zus\u00e4tzliche Kante in Muskel-Definition streben. Drostanolon Enanthate kaufen<\/p>","protected":false},"excerpt":{"rendered":"<h2><a href=\"https:\/\/shgotopharm.com\/de\/product\/buy-drostanolone-enanthate\/\">Drostanolon Enanthate kaufen<\/a><\/h2>\n<p>Drostanolon, weithin bekannt unter seinem Handelsnamen Masteron, ist ein anaboles Steroid, das von Dihydrotestosteron (DHT) abgeleitet ist.<\/p>","protected":false},"featured_media":1770,"comment_status":"open","ping_status":"closed","template":"","meta":[],"product_brand":[],"product_cat":[390],"product_tag":[935,944,934,949,945,938,933,756,757,932,943,758,759,760,761,762,764,755,763,939,931,754,940,937,948,936,946,947,942,941],"class_list":{"0":"post-1769","1":"product","2":"type-product","3":"status-publish","4":"has-post-thumbnail","6":"product_cat-oral-steroids","7":"product_tag-aas-poland","8":"product_tag-aas-raw-materials-australia","9":"product_tag-aas-raws","10":"product_tag-anabolic-steroid-manufacturer-canada","11":"product_tag-anabolic-steroid-powders-online","12":"product_tag-best-steroid-powder-supplier-usa","13":"product_tag-buy-aas-raws-online","14":"product_tag-buy-drostanolone-enanthate","15":"product_tag-buy-drostanolone-enanthate-powder","16":"product_tag-buy-raw-steroid-powders-online","17":"product_tag-buy-raw-steroids-china","18":"product_tag-drostanolone-enanthate","19":"product_tag-drostanolone-enanthate-200","20":"product_tag-drostanolone-enanthate-200mg","21":"product_tag-drostanolone-enanthate-bodybuilding","22":"product_tag-drostanolone-enanthate-raw-powder","23":"product_tag-drostanolone-powder-australia","24":"product_tag-drostanolone-powder-drostanolone-masteron-raws-anabolic-steroid-hormone","25":"product_tag-drostanolone-powder-usa","26":"product_tag-high-purity-anabolic-steroids-canada","27":"product_tag-raw-steroids-for-sale","28":"product_tag-steroid-raw","29":"product_tag-steroid-raw-material-factory-europe","30":"product_tag-steroid-raws-online","31":"product_tag-steroid-raws-supplier-florida","32":"product_tag-supplier-usa","33":"product_tag-testosterone-raw-powder-poland","34":"product_tag-trenbolone-powder-thailand","35":"product_tag-trusted-steroid-raw-supplier-worldwide","36":"product_tag-wholesale-steroid-powders-australia","38":"first","39":"instock","40":"shipping-taxable","41":"product-type-simple"},"_links":{"self":[{"href":"https:\/\/shgotopharm.com\/de\/wp-json\/wp\/v2\/product\/1769","targetHints":{"allow":["GET"]}}],"collection":[{"href":"https:\/\/shgotopharm.com\/de\/wp-json\/wp\/v2\/product"}],"about":[{"href":"https:\/\/shgotopharm.com\/de\/wp-json\/wp\/v2\/types\/product"}],"replies":[{"embeddable":true,"href":"https:\/\/shgotopharm.com\/de\/wp-json\/wp\/v2\/comments?post=1769"}],"wp:featuredmedia":[{"embeddable":true,"href":"https:\/\/shgotopharm.com\/de\/wp-json\/wp\/v2\/media\/1770"}],"wp:attachment":[{"href":"https:\/\/shgotopharm.com\/de\/wp-json\/wp\/v2\/media?parent=1769"}],"wp:term":[{"taxonomy":"product_brand","embeddable":true,"href":"https:\/\/shgotopharm.com\/de\/wp-json\/wp\/v2\/product_brand?post=1769"},{"taxonomy":"product_cat","embeddable":true,"href":"https:\/\/shgotopharm.com\/de\/wp-json\/wp\/v2\/product_cat?post=1769"},{"taxonomy":"product_tag","embeddable":true,"href":"https:\/\/shgotopharm.com\/de\/wp-json\/wp\/v2\/product_tag?post=1769"}],"curies":[{"name":"wp","href":"https:\/\/api.w.org\/{rel}","templated":true}]}}