{"id":1777,"date":"2025-11-05T02:35:48","date_gmt":"2025-11-05T02:35:48","guid":{"rendered":"https:\/\/shgotopharm.com\/?post_type=product&#038;p=1777"},"modified":"2025-11-10T10:17:43","modified_gmt":"2025-11-10T10:17:43","slug":"raw-nandrolone-phenylpropionate","status":"publish","type":"product","link":"https:\/\/shgotopharm.com\/de\/product\/raw-nandrolone-phenylpropionate\/","title":{"rendered":"Rohes Nandrolon-Phenylpropionat NPP-Pulver kaufen"},"content":{"rendered":"<h2 data-start=\"321\" data-end=\"349\">Rohes Nandrolon-Phenylpropionat NPP-Pulver kaufen<\/h2>\n<p data-start=\"351\" data-end=\"699\">Nandrolonphenylpropionat in Rohform kaufen, <strong data-start=\"351\" data-end=\"366\">SHGOTOPHARM<\/strong> bietet mit Stolz Premium-Qualit\u00e4t <strong data-start=\"398\" data-end=\"433\">Nandrolon-Phenylpropionat NPP<\/strong>, ein anaboles Steroid in pharmazeutischer Qualit\u00e4t, das f\u00fcr seine F\u00e4higkeit bekannt ist, die Muskelmasse zu erh\u00f6hen, die Erholung zu verbessern und die sportliche Leistung zu steigern. Mit einer verifizierten Reinheit von <strong data-start=\"600\" data-end=\"609\">99.3%<\/strong>, ist unser NPP-Pulver ideal f\u00fcr Forschung, Formulierung und Leistungssteigerung.<\/p>\n<hr data-start=\"701\" data-end=\"704\" \/>\n<h3 data-start=\"706\" data-end=\"756\"><strong data-start=\"710\" data-end=\"756\">Was ist Nandrolonphenylpropionat (NPP)?<\/strong><\/h3>\n<p data-start=\"758\" data-end=\"1083\"><strong data-start=\"758\" data-end=\"795\">Nandrolon-Phenylpropionat (NPP)<\/strong>, auch bekannt unter dem Markennamen <strong data-start=\"826\" data-end=\"839\">Durabolin<\/strong>, ist ein <strong data-start=\"847\" data-end=\"884\">androgenes anaboles Steroid (AAS)<\/strong> die sowohl medizinische als auch leistungsbezogene Vorteile bietet. Eng verwandt mit <strong data-start=\"957\" data-end=\"988\">Nandrolon-Decanoat (Deca)<\/strong>, Diese Verbindung weist einen k\u00fcrzeren Ester auf, der eine schnellere Freisetzung und eine einfachere Zykluskontrolle erm\u00f6glicht.<\/p>\n<p data-start=\"1085\" data-end=\"1330\">Medizinisch wurde NPP eingesetzt zur Behandlung von <strong data-start=\"1123\" data-end=\"1198\">Osteoporose, Brustkrebs, An\u00e4mie, HIV und muskelschw\u00e4chende Erkrankungen<\/strong>. Im Sport und Bodybuilding wird es zur F\u00f6rderung der <strong data-start=\"1254\" data-end=\"1329\">Aufbau schlanker Muskeln, erh\u00f6hte Ausdauer und schnellere Erholungszeiten<\/strong>.<\/p>\n<hr data-start=\"1332\" data-end=\"1335\" \/>\n<h3 data-start=\"1337\" data-end=\"1403\"><strong data-start=\"1341\" data-end=\"1403\">Rohes Nandrolonphenylpropionat NPP Produktspezifikationen<\/strong><\/h3>\n<ul data-start=\"1405\" data-end=\"1613\">\n<li data-start=\"1405\" data-end=\"1433\">\n<p data-start=\"1407\" data-end=\"1433\">\u00c4u\u00dferes Erscheinungsbild: Wei\u00dfes Pulver<\/p>\n<\/li>\n<li data-start=\"1434\" data-end=\"1459\">\n<p data-start=\"1436\" data-end=\"1459\">Reinheit (HPLC): 99.40%<\/p>\n<\/li>\n<li data-start=\"1460\" data-end=\"1485\">\n<p data-start=\"1462\" data-end=\"1485\">Schmelzpunkt: 94-95\u2103<\/p>\n<\/li>\n<li data-start=\"1486\" data-end=\"1514\">\n<p data-start=\"1488\" data-end=\"1514\">Optische Drehung: +49.3\u00b0<\/p>\n<\/li>\n<li data-start=\"1515\" data-end=\"1540\">\n<p data-start=\"1517\" data-end=\"1540\">Verlust beim Trocknen: 0,24%<\/p>\n<\/li>\n<li data-start=\"1541\" data-end=\"1561\">\n<p data-start=\"1543\" data-end=\"1561\">Freie S\u00e4ure: 0.31%<\/p>\n<\/li>\n<li data-start=\"1562\" data-end=\"1613\">\n<p data-start=\"1564\" data-end=\"1613\">Schlussfolgerung: Erf\u00fcllt die SHGOTOPHARM-Qualit\u00e4tsstandards<\/p>\n<\/li>\n<\/ul>\n<hr data-start=\"1615\" data-end=\"1618\" \/>\n<h3 data-start=\"1620\" data-end=\"1677\"><strong data-start=\"1624\" data-end=\"1677\">Die wichtigsten Vorteile von Nandrolonphenylpropionat (NPP)<\/strong><\/h3>\n<ul data-start=\"1679\" data-end=\"2067\">\n<li data-start=\"1679\" data-end=\"1740\">\n<p data-start=\"1681\" data-end=\"1740\">F\u00f6rdert <strong data-start=\"1690\" data-end=\"1719\">stetiges Wachstum der schlanken Muskeln<\/strong> und Kraftzuwachs<\/p>\n<\/li>\n<li data-start=\"1741\" data-end=\"1799\">\n<p data-start=\"1743\" data-end=\"1799\">Verbessert <strong data-start=\"1752\" data-end=\"1777\">Erholung nach dem Training<\/strong> und reduziert M\u00fcdigkeit<\/p>\n<\/li>\n<li data-start=\"1800\" data-end=\"1868\">\n<p data-start=\"1802\" data-end=\"1868\">Verbessert <strong data-start=\"1811\" data-end=\"1827\">Gesundheit der Gelenke<\/strong> und Schmierung f\u00fcr bessere Leistung<\/p>\n<\/li>\n<li data-start=\"1869\" data-end=\"1932\">\n<p data-start=\"1871\" data-end=\"1932\">Erh\u00f6ht <strong data-start=\"1881\" data-end=\"1910\">Produktion roter Blutk\u00f6rperchen<\/strong>, Steigerung der Ausdauer<\/p>\n<\/li>\n<li data-start=\"1933\" data-end=\"2005\">\n<p data-start=\"1935\" data-end=\"2005\">K\u00fcrzere Halbwertszeit erm\u00f6glicht <strong data-start=\"1960\" data-end=\"2003\">schnellere Ergebnisse und flexiblere Dosierung<\/strong><\/p>\n<\/li>\n<li data-start=\"2006\" data-end=\"2067\">\n<p data-start=\"2008\" data-end=\"2067\">Therapeutische Verwendung bei der Behandlung von <strong data-start=\"2036\" data-end=\"2065\">Muskelschwund und An\u00e4mie<\/strong><\/p>\n<\/li>\n<\/ul>\n<p data-start=\"2069\" data-end=\"2206\">Athleten bevorzugen NPP oft wegen seiner schnell wirkenden Ergebnisse und der geringeren Wassereinlagerungen im Vergleich zu l\u00e4nger wirkenden Verbindungen wie Deca Durabolin.<\/p>\n<hr data-start=\"2208\" data-end=\"2211\" \/>\n<h3 data-start=\"2213\" data-end=\"2239\"><strong data-start=\"2217\" data-end=\"2239\">Empfohlene Dosierung<\/strong><\/h3>\n<p data-start=\"2241\" data-end=\"2321\"><strong data-start=\"2241\" data-end=\"2253\">F\u00fcr M\u00e4nner:<\/strong><br data-start=\"2253\" data-end=\"2256\" \/>50-100 mg pro Tag f\u00fcr beste Ergebnisse und Leistungsverbesserung.<\/p>\n<p data-start=\"2323\" data-end=\"2400\"><strong data-start=\"2323\" data-end=\"2337\">F\u00fcr Frauen:<\/strong><br data-start=\"2337\" data-end=\"2340\" \/>50-100 mg pro Woche sind ausreichend, um die Nebenwirkungen zu minimieren.<\/p>\n<p data-start=\"2402\" data-end=\"2535\">Die Dosierung sollte je nach Zyklusl\u00e4nge und Erfahrung angepasst werden. Der k\u00fcrzere Ester in NPP bietet eine bessere Kontrolle und schnellere Ergebnisse.<\/p>\n<hr data-start=\"2537\" data-end=\"2540\" \/>\n<h3 data-start=\"2542\" data-end=\"2574\"><strong data-start=\"2546\" data-end=\"2574\">Beispiel-Rezepte f\u00fcr Selbstgebrautes<\/strong><\/h3>\n<p data-start=\"2576\" data-end=\"2603\"><strong data-start=\"2576\" data-end=\"2601\">200mg\/ml - 20ml Charge<\/strong><\/p>\n<ul data-start=\"2604\" data-end=\"2675\">\n<li data-start=\"2604\" data-end=\"2621\">\n<p data-start=\"2606\" data-end=\"2621\">4g NPP-Pulver<\/p>\n<\/li>\n<li data-start=\"2622\" data-end=\"2639\">\n<p data-start=\"2624\" data-end=\"2639\">0,4ml BA (2%)<\/p>\n<\/li>\n<li data-start=\"2640\" data-end=\"2656\">\n<p data-start=\"2642\" data-end=\"2656\">4ml BB (20%)<\/p>\n<\/li>\n<li data-start=\"2657\" data-end=\"2675\">\n<p data-start=\"2659\" data-end=\"2675\">12,6ml 100% EO<\/p>\n<\/li>\n<\/ul>\n<p data-start=\"2677\" data-end=\"2705\"><strong data-start=\"2677\" data-end=\"2703\">100mg\/ml - 100ml Charge<\/strong><\/p>\n<ul data-start=\"2706\" data-end=\"2804\">\n<li data-start=\"2706\" data-end=\"2724\">\n<p data-start=\"2708\" data-end=\"2724\">10g NPP-Pulver<\/p>\n<\/li>\n<li data-start=\"2725\" data-end=\"2740\">\n<p data-start=\"2727\" data-end=\"2740\">30,75 ml GSO<\/p>\n<\/li>\n<li data-start=\"2741\" data-end=\"2756\">\n<p data-start=\"2743\" data-end=\"2756\">3ml BA (3%)<\/p>\n<\/li>\n<li data-start=\"2757\" data-end=\"2774\">\n<p data-start=\"2759\" data-end=\"2774\">15ml BB (15%)<\/p>\n<\/li>\n<li data-start=\"2775\" data-end=\"2804\">\n<p data-start=\"2777\" data-end=\"2804\">30,75 ml Ethyl Oleate (EO)<\/p>\n<\/li>\n<\/ul>\n<hr data-start=\"2806\" data-end=\"2809\" \/>\n<h3 data-start=\"2811\" data-end=\"2873\"><strong data-start=\"2815\" data-end=\"2873\">Warum SHGOTOPHARM Nandrolon-Phenylpropionat NPP w\u00e4hlen?<\/strong><\/h3>\n<p data-start=\"2875\" data-end=\"3210\"><strong data-start=\"2875\" data-end=\"2890\">SHGOTOPHARM<\/strong> ist ein zuverl\u00e4ssiger Lieferant von <strong data-start=\"2916\" data-end=\"2970\">hochreines Nandrolonphenylpropionat NPP-Pulver<\/strong>, Unsere Produkte werden unter strengen Qualit\u00e4tskontrollsystemen hergestellt, um gleichbleibende Ergebnisse zu gew\u00e4hrleisten. Unsere Produkte sind f\u00fcr den professionellen Einsatz in <strong data-start=\"3096\" data-end=\"3151\">Forschung, Formulierung und Leistungsanwendungen<\/strong>, Sie gew\u00e4hrleisten h\u00f6chste Zuverl\u00e4ssigkeit und Sicherheit.<\/p>\n<p data-start=\"3212\" data-end=\"3429\">Ob Ihr Ziel ist <strong data-start=\"3233\" data-end=\"3293\">Muskelaufbau, verbesserte Erholung oder fortgeschrittene Forschung<\/strong>, liefert SHGOTOPHARM industrietaugliche <strong data-start=\"3331\" data-end=\"3370\">Rohes Nandrolon-Phenylpropionat NPP<\/strong> die den internationalen Standards f\u00fcr Qualit\u00e4t und Reinheit entsprechen.<\/p>","protected":false},"excerpt":{"rendered":"<p>Buy Raw Nandrolone Phenylpropionate NPP Powder Buying Raw Nandrolone Phenylpropionate, SHGOTOPHARM proudly offers premium-quality Nandrolone Phenylpropionate NPP, a pharmaceutical-grade anabolic steroid known for its ability to increase muscle mass, improve recovery, and enhance athletic performance. With a verified purity of 99.3%, our NPP powder is ideal for research, formulation, and performance enhancement purposes. What Is [&hellip;]<\/p>\n","protected":false},"featured_media":1778,"comment_status":"open","ping_status":"closed","template":"","meta":[],"product_brand":[],"product_cat":[796],"product_tag":[935,944,934,949,945,938,933,851,932,943,939,854,855,864,868,860,861,853,849,863,866,867,850,857,859,852,869,862,858,865,848,856,931,940,937,948,936,946,947,942,941],"class_list":{"0":"post-1777","1":"product","2":"type-product","3":"status-publish","4":"has-post-thumbnail","6":"product_cat-nandrolone","7":"product_tag-aas-poland","8":"product_tag-aas-raw-materials-australia","9":"product_tag-aas-raws","10":"product_tag-anabolic-steroid-manufacturer-canada","11":"product_tag-anabolic-steroid-powders-online","12":"product_tag-best-steroid-powder-supplier-usa","13":"product_tag-buy-aas-raws-online","14":"product_tag-buy-nandrolone-phenylpropionate-powder","15":"product_tag-buy-raw-steroid-powders-online","16":"product_tag-buy-raw-steroids-china","17":"product_tag-high-purity-anabolic-steroids-canada","18":"product_tag-nandrolone","19":"product_tag-nandrolone-phenylpropionate-bodybuilding","20":"product_tag-nandrolone-phenylpropionate-brazil","21":"product_tag-nandrolone-phenylpropionate-buy-online","22":"product_tag-nandrolone-phenylpropionate-canada","23":"product_tag-nandrolone-phenylpropionate-dosage-for-bodybuilding","24":"product_tag-nandrolone-phenylpropionate-effects","25":"product_tag-nandrolone-phenylpropionate-factory","26":"product_tag-nandrolone-phenylpropionate-half-life","27":"product_tag-nandrolone-phenylpropionate-new-zealand","28":"product_tag-nandrolone-phenylpropionate-price","29":"product_tag-nandrolone-phenylpropionate-raw-powder","30":"product_tag-nandrolone-phenylpropionate-recipe","31":"product_tag-nandrolone-phenylpropionate-stack","32":"product_tag-nandrolone-phenylpropionate-steroids","33":"product_tag-nandrolone-phenylpropionate-supplier","34":"product_tag-nandrolone-phenylpropionate-sweden","35":"product_tag-nandrolone-phenylpropionate-usa","36":"product_tag-nandrolone-phenylpropionate-vs-decanoate","37":"product_tag-nandrolone-powders-nandrolone-phenylpropionate-in-china","38":"product_tag-phenylpropionate-uk","39":"product_tag-raw-steroids-for-sale","40":"product_tag-steroid-raw-material-factory-europe","41":"product_tag-steroid-raws-online","42":"product_tag-steroid-raws-supplier-florida","43":"product_tag-supplier-usa","44":"product_tag-testosterone-raw-powder-poland","45":"product_tag-trenbolone-powder-thailand","46":"product_tag-trusted-steroid-raw-supplier-worldwide","47":"product_tag-wholesale-steroid-powders-australia","49":"first","50":"instock","51":"shipping-taxable","52":"product-type-simple"},"_links":{"self":[{"href":"https:\/\/shgotopharm.com\/de\/wp-json\/wp\/v2\/product\/1777","targetHints":{"allow":["GET"]}}],"collection":[{"href":"https:\/\/shgotopharm.com\/de\/wp-json\/wp\/v2\/product"}],"about":[{"href":"https:\/\/shgotopharm.com\/de\/wp-json\/wp\/v2\/types\/product"}],"replies":[{"embeddable":true,"href":"https:\/\/shgotopharm.com\/de\/wp-json\/wp\/v2\/comments?post=1777"}],"wp:featuredmedia":[{"embeddable":true,"href":"https:\/\/shgotopharm.com\/de\/wp-json\/wp\/v2\/media\/1778"}],"wp:attachment":[{"href":"https:\/\/shgotopharm.com\/de\/wp-json\/wp\/v2\/media?parent=1777"}],"wp:term":[{"taxonomy":"product_brand","embeddable":true,"href":"https:\/\/shgotopharm.com\/de\/wp-json\/wp\/v2\/product_brand?post=1777"},{"taxonomy":"product_cat","embeddable":true,"href":"https:\/\/shgotopharm.com\/de\/wp-json\/wp\/v2\/product_cat?post=1777"},{"taxonomy":"product_tag","embeddable":true,"href":"https:\/\/shgotopharm.com\/de\/wp-json\/wp\/v2\/product_tag?post=1777"}],"curies":[{"name":"wp","href":"https:\/\/api.w.org\/{rel}","templated":true}]}}