{"id":1781,"date":"2025-11-05T03:08:05","date_gmt":"2025-11-05T03:08:05","guid":{"rendered":"https:\/\/shgotopharm.com\/?post_type=product&#038;p=1781"},"modified":"2025-12-13T09:50:43","modified_gmt":"2025-12-13T09:50:43","slug":"buy-oral-turinabol-powder","status":"publish","type":"product","link":"https:\/\/shgotopharm.com\/de\/product\/buy-oral-turinabol-powder\/","title":{"rendered":"Kaufen Oral Turinabol Pulver"},"content":{"rendered":"<h2 data-start=\"1587\" data-end=\"1657\"><a href=\"https:\/\/shgotopharm.com\/de\/product\/buy-oral-turinabol-powder\/\">Kaufen Oral Turinabol Pulver<\/a><\/h2>\n<p data-start=\"1659\" data-end=\"2022\"><strong data-start=\"1659\" data-end=\"1677\">Turinabol zum Einnehmen<\/strong>, auch bekannt als <strong data-start=\"1693\" data-end=\"1714\">Turinabol oder Tbol<\/strong>, ist eine Legende. <strong data-start=\"1731\" data-end=\"1751\">anaboles Steroid<\/strong> das die chemischen St\u00e4rken von <strong data-start=\"1792\" data-end=\"1825\">Methandrostenolon (Dianabol)<\/strong> und <strong data-start=\"1830\" data-end=\"1843\">Clostebol<\/strong>.<br data-start=\"1844\" data-end=\"1847\" \/>Wenn Sie <strong data-start=\"1856\" data-end=\"1885\">Kaufen Oral Turinabol Pulver<\/strong> von <strong data-start=\"1891\" data-end=\"1906\">SHGOTOPHARM<\/strong>, erhalten Sie <strong data-start=\"1916\" data-end=\"1951\">Rohpulver in pharmazeutischer Qualit\u00e4t<\/strong> entwickelt f\u00fcr genaue, zuverl\u00e4ssige Forschung und Formulierungsanwendungen.<\/p>\n<p data-start=\"2024\" data-end=\"2248\">Diese einzigartige Struktur gibt <strong data-start=\"2052\" data-end=\"2081\">Oral Turinabol Rohpulver<\/strong> starke anabole Wirkung mit sehr geringen androgenen Eigenschaften - ideal f\u00fcr alle, die <strong data-start=\"2170\" data-end=\"2201\">schlankes, definiertes Muskelwachstum<\/strong> ohne Wassereinlagerungen oder \u00fcberm\u00e4\u00dfige Bl\u00e4hungen.<\/p>\n<hr data-start=\"2250\" data-end=\"2253\" \/>\n<h3 data-start=\"2255\" data-end=\"2303\">\u2697\ufe0f <strong data-start=\"2262\" data-end=\"2303\">Oral Turinabol Produktspezifikationen<\/strong><\/h3>\n<ul data-start=\"2305\" data-end=\"2680\">\n<li data-start=\"2305\" data-end=\"2341\">\n<p data-start=\"2307\" data-end=\"2341\"><strong data-start=\"2307\" data-end=\"2324\">Produktname:<\/strong> Turinabol zum Einnehmen<\/p>\n<\/li>\n<li data-start=\"2342\" data-end=\"2398\">\n<p data-start=\"2344\" data-end=\"2398\"><strong data-start=\"2344\" data-end=\"2362\">Chemische Bezeichnung:<\/strong> 4-Chlorodehydromethyltestosteron<\/p>\n<\/li>\n<li data-start=\"2399\" data-end=\"2428\">\n<p data-start=\"2401\" data-end=\"2428\"><strong data-start=\"2401\" data-end=\"2416\">CAS-Nummer:<\/strong> 2446-23-3<\/p>\n<\/li>\n<li data-start=\"2429\" data-end=\"2466\">\n<p data-start=\"2431\" data-end=\"2466\"><strong data-start=\"2431\" data-end=\"2453\">Molekulare Formel:<\/strong> C20H27ClO2<\/p>\n<\/li>\n<li data-start=\"2467\" data-end=\"2499\">\n<p data-start=\"2469\" data-end=\"2499\"><strong data-start=\"2469\" data-end=\"2490\">Molekulargewicht:<\/strong> 334.88<\/p>\n<\/li>\n<li data-start=\"2500\" data-end=\"2537\">\n<p data-start=\"2502\" data-end=\"2537\"><strong data-start=\"2502\" data-end=\"2513\">Reinheit:<\/strong> \u226599% USP\/Pharmaqualit\u00e4t<\/p>\n<\/li>\n<li data-start=\"2538\" data-end=\"2582\">\n<p data-start=\"2540\" data-end=\"2582\"><strong data-start=\"2540\" data-end=\"2555\">Erscheinungsbild:<\/strong> Wei\u00dfes kristallines Pulver<\/p>\n<\/li>\n<li data-start=\"2583\" data-end=\"2623\">\n<p data-start=\"2585\" data-end=\"2623\"><strong data-start=\"2585\" data-end=\"2597\">Lagerung:<\/strong> 2-8\u00b0C (k\u00fchler, trockener Ort)<\/p>\n<\/li>\n<li data-start=\"2624\" data-end=\"2680\">\n<p data-start=\"2626\" data-end=\"2680\"><strong data-start=\"2626\" data-end=\"2640\">Verpackung:<\/strong> 1 kg\/Aluminiumfolienbeutel oder nach Bedarf<\/p>\n<\/li>\n<\/ul>\n<p data-start=\"2682\" data-end=\"2797\">Jede Charge von <strong data-start=\"2697\" data-end=\"2729\">SHGOTOPHARM Turinabol Pulver<\/strong> wird im Labor getestet, um un\u00fcbertroffene Konsistenz und Reinheit zu gew\u00e4hrleisten.<\/p>\n<hr data-start=\"2799\" data-end=\"2802\" \/>\n<h3 data-start=\"2804\" data-end=\"2862\"><strong data-start=\"2811\" data-end=\"2862\">Warum Oral Turinabol Powder von SHGOTOPHARM kaufen?<\/strong><\/h3>\n<ol data-start=\"2864\" data-end=\"3218\">\n<li data-start=\"2864\" data-end=\"2907\">\n<p data-start=\"2867\" data-end=\"2907\"><strong data-start=\"2867\" data-end=\"2883\">Hohe Reinheit:<\/strong> \u226599% verifiziert durch HPLC<\/p>\n<\/li>\n<li data-start=\"2908\" data-end=\"2974\">\n<p data-start=\"2911\" data-end=\"2974\"><strong data-start=\"2911\" data-end=\"2938\">Pharmazeutische Qualit\u00e4t:<\/strong> USP-konforme Herstellungsstandards<\/p>\n<\/li>\n<li data-start=\"2975\" data-end=\"3047\">\n<p data-start=\"2978\" data-end=\"3047\"><strong data-start=\"2978\" data-end=\"3001\">Stetige, schlanke Zuw\u00e4chse:<\/strong> Verbessert Festigkeit, H\u00e4rte und Definition<\/p>\n<\/li>\n<li data-start=\"3048\" data-end=\"3116\">\n<p data-start=\"3051\" data-end=\"3116\"><strong data-start=\"3051\" data-end=\"3077\">Geringe \u00f6strogene Wirkung:<\/strong> Minimale Wassereinlagerungen oder Schwellungen<\/p>\n<\/li>\n<li data-start=\"3117\" data-end=\"3218\">\n<p data-start=\"3120\" data-end=\"3218\"><strong data-start=\"3120\" data-end=\"3141\">Vertrauensw\u00fcrdiger Lieferant:<\/strong> SHGOTOPHARM ist ein professioneller Hersteller und Exporteur von rohem Steroidpulver<\/p>\n<\/li>\n<\/ol>\n<p data-start=\"3220\" data-end=\"3410\">Durch die Entscheidung f\u00fcr <strong data-start=\"3235\" data-end=\"3264\">Kaufen Oral Turinabol Pulver<\/strong> von SHGOTOPHARM erhalten Forscher und Formulierungsexperten Zugang zu einem der zuverl\u00e4ssigsten <strong data-start=\"3358\" data-end=\"3389\">Turinabol anabole Steroide<\/strong> weltweit verf\u00fcgbar.<\/p>\n<hr data-start=\"3412\" data-end=\"3415\" \/>\n<h3 data-start=\"3417\" data-end=\"3452\"><strong data-start=\"3424\" data-end=\"3452\">Wie Oral Turinabol funktioniert<\/strong><\/h3>\n<p data-start=\"3454\" data-end=\"3773\">Oral Turinabol f\u00f6rdert <strong data-start=\"3478\" data-end=\"3499\">Proteinsynthese<\/strong>, verbessert <strong data-start=\"3510\" data-end=\"3530\">Stickstoffbilanz<\/strong>, und verbessert die <strong data-start=\"3545\" data-end=\"3574\">Produktion roter Blutk\u00f6rperchen<\/strong>, die allesamt die Erholung und die Ausdauer der Muskeln beschleunigen.<br data-start=\"3630\" data-end=\"3633\" \/>Anders als herk\u00f6mmliche F\u00fcllstoffe, <strong data-start=\"3668\" data-end=\"3697\">Oral Turinabol Rohpulver<\/strong> unterst\u00fctzt stetige Qualit\u00e4tssteigerungen - ideal f\u00fcr Schneide- oder Wiederzusammensetzungszyklen.<\/p>\n<hr data-start=\"3775\" data-end=\"3778\" \/>\n<h3 data-start=\"3780\" data-end=\"3839\"><strong data-start=\"3787\" data-end=\"3839\">Empfohlene Forschungsdosierung (f\u00fcr Laborzwecke)<\/strong><\/h3>\n<ul data-start=\"3841\" data-end=\"3925\">\n<li data-start=\"3841\" data-end=\"3866\">\n<p data-start=\"3843\" data-end=\"3866\"><strong data-start=\"3843\" data-end=\"3851\">M\u00e4nner:<\/strong> 20-50 mg\/Tag<\/p>\n<\/li>\n<li data-start=\"3867\" data-end=\"3893\">\n<p data-start=\"3869\" data-end=\"3893\"><strong data-start=\"3869\" data-end=\"3879\">Frauen:<\/strong> 5-10 mg\/Tag<\/p>\n<\/li>\n<li data-start=\"3894\" data-end=\"3925\">\n<p data-start=\"3896\" data-end=\"3925\"><strong data-start=\"3896\" data-end=\"3913\">Zyklusl\u00e4nge:<\/strong> 6-8 Wochen<\/p>\n<\/li>\n<\/ul>\n<p data-start=\"3927\" data-end=\"4011\"><em data-start=\"3927\" data-end=\"4011\">(Nur f\u00fcr Labor-, Analyse- oder Formulierungszwecke - nicht f\u00fcr den menschlichen Verzehr).<\/em><\/p>\n<hr data-start=\"4013\" data-end=\"4016\" \/>\n<h3 data-start=\"4018\" data-end=\"4048\"><strong data-start=\"4025\" data-end=\"4048\">Hintergrund und Verm\u00e4chtnis<\/strong><\/h3>\n<p data-start=\"4050\" data-end=\"4445\">Urspr\u00fcnglich wurde es 1962 von <strong data-start=\"4082\" data-end=\"4095\">Jenapharm<\/strong> in Ostdeutschland, <strong data-start=\"4113\" data-end=\"4131\">Turinabol zum Einnehmen<\/strong> wurde schnell ber\u00fchmt f\u00fcr seine <strong data-start=\"4162\" data-end=\"4185\">hohes Sicherheitsprofil<\/strong> und <strong data-start=\"4190\" data-end=\"4216\">klinische Wirksamkeit<\/strong> zur Erhaltung der Muskelmasse und der Knochendichte.<br data-start=\"4261\" data-end=\"4264\" \/>Seine Kombination aus <strong data-start=\"4283\" data-end=\"4304\">m\u00e4\u00dfig anabol<\/strong> und <strong data-start=\"4309\" data-end=\"4327\">gering androgenetisch<\/strong> Durch seine Aktivit\u00e4t war es f\u00fcr M\u00e4nner und Frauen im medizinischen Bereich geeignet, bevor es f\u00fcr den sportlichen Einsatz interessant wurde.<\/p>\n<p data-start=\"4447\" data-end=\"4609\">Heute, <strong data-start=\"4454\" data-end=\"4486\">SHGOTOPHARM Turinabol Pulver<\/strong> setzt dieses Erbe der Pr\u00e4zision und Reinheit fort und ist jetzt f\u00fcr die fortgeschrittene Forschung und Formulierungsentwicklung weltweit verf\u00fcgbar.<\/p>\n<hr data-start=\"4611\" data-end=\"4614\" \/>\n<h3 data-start=\"4616\" data-end=\"4664\"><strong data-start=\"4623\" data-end=\"4664\">Die wichtigsten Vorteile von Oral Turinabol Powder<\/strong><\/h3>\n<ul data-start=\"4666\" data-end=\"4930\">\n<li data-start=\"4666\" data-end=\"4718\">\n<p data-start=\"4668\" data-end=\"4718\">F\u00f6rdert <strong data-start=\"4677\" data-end=\"4699\">schlankes Muskelwachstum<\/strong> ohne Bl\u00e4hungen<\/p>\n<\/li>\n<li data-start=\"4719\" data-end=\"4765\">\n<p data-start=\"4721\" data-end=\"4765\">Verbessert <strong data-start=\"4730\" data-end=\"4763\">Kraft, Leistung und Erholung<\/strong><\/p>\n<\/li>\n<li data-start=\"4766\" data-end=\"4812\">\n<p data-start=\"4768\" data-end=\"4812\">Unterst\u00fctzt <strong data-start=\"4777\" data-end=\"4810\">Fettabbau und Muskelerhalt<\/strong><\/p>\n<\/li>\n<li data-start=\"4813\" data-end=\"4871\">\n<p data-start=\"4815\" data-end=\"4871\">Bietet <strong data-start=\"4824\" data-end=\"4869\">best\u00e4ndige und konsistente Leistungsergebnisse<\/strong><\/p>\n<\/li>\n<li data-start=\"4872\" data-end=\"4930\">\n<p data-start=\"4874\" data-end=\"4930\">Ideal f\u00fcr <strong data-start=\"4884\" data-end=\"4928\">Forschungszyklen zur Zerlegung oder Neuzusammensetzung<\/strong><\/p>\n<\/li>\n<\/ul>\n<hr data-start=\"4932\" data-end=\"4935\" \/>\n<h3 data-start=\"4937\" data-end=\"4970\"><strong data-start=\"4944\" data-end=\"4970\">Warum SHGOTOPHARM w\u00e4hlen?<\/strong><\/h3>\n<p data-start=\"4972\" data-end=\"5310\">Als weltweit f\u00fchrender Anbieter von <strong data-start=\"4994\" data-end=\"5026\">rohe anabole Steroidpulver<\/strong>, <strong data-start=\"5028\" data-end=\"5043\">SHGOTOPHARM<\/strong> gew\u00e4hrleistet <strong data-start=\"5052\" data-end=\"5104\">Reinheit auf pharmazeutischem Niveau, wettbewerbsf\u00e4hige Preise<\/strong>, und <strong data-start=\"5110\" data-end=\"5141\">zuverl\u00e4ssige weltweite Lieferung<\/strong>.<br data-start=\"5142\" data-end=\"5145\" \/>Wenn Sie <strong data-start=\"5154\" data-end=\"5183\">Kaufen Oral Turinabol Pulver<\/strong> von SHGOTOPHARM arbeiten Sie mit einem Unternehmen zusammen, das sich der Qualit\u00e4t, Transparenz und Exzellenz in der Leistungsforschung verschrieben hat.<\/p>","protected":false},"excerpt":{"rendered":"<p>Oral Turinabol Powder von SHGOTOPHARM kaufen - 99% reines anaboles Rohpulver f\u00fcr schlankes Muskelwachstum, Kraft und Leistung. Zuverl\u00e4ssiger Lieferant von Turinabol Rohstoffen weltweit.<\/p>","protected":false},"featured_media":1782,"comment_status":"open","ping_status":"closed","template":"","meta":[],"product_brand":[],"product_cat":[390],"product_tag":[874,935,944,934,949,945,938,933,870,932,943,939,871,876,877,931,872,940,937,948,936,946,947,942,873,880,879,882,875,881,878,941],"class_list":{"0":"post-1781","1":"product","2":"type-product","3":"status-publish","4":"has-post-thumbnail","6":"product_cat-oral-steroids","7":"product_tag-4-chlorodehydromethyltestosterone","8":"product_tag-aas-poland","9":"product_tag-aas-raw-materials-australia","10":"product_tag-aas-raws","11":"product_tag-anabolic-steroid-manufacturer-canada","12":"product_tag-anabolic-steroid-powders-online","13":"product_tag-best-steroid-powder-supplier-usa","14":"product_tag-buy-aas-raws-online","15":"product_tag-buy-oral-turinabol-powder-usa","16":"product_tag-buy-raw-steroid-powders-online","17":"product_tag-buy-raw-steroids-china","18":"product_tag-high-purity-anabolic-steroids-canada","19":"product_tag-oral-turinabol-raw-powder","20":"product_tag-oral-turinabol-supplier","21":"product_tag-raw-steroid-powders-for-research","22":"product_tag-raw-steroids-for-sale","23":"product_tag-shgotopharm-turinabol","24":"product_tag-steroid-raw-material-factory-europe","25":"product_tag-steroid-raws-online","26":"product_tag-steroid-raws-supplier-florida","27":"product_tag-supplier-usa","28":"product_tag-testosterone-raw-powder-poland","29":"product_tag-trenbolone-powder-thailand","30":"product_tag-trusted-steroid-raw-supplier-worldwide","31":"product_tag-turinabol-anabolic-steroid","32":"product_tag-turinabol-australia","33":"product_tag-turinabol-canada","34":"product_tag-turinabol-europe","35":"product_tag-turinabol-for-muscle-growth","36":"product_tag-turinabol-uk","37":"product_tag-turinabol-usa","38":"product_tag-wholesale-steroid-powders-australia","40":"first","41":"instock","42":"shipping-taxable","43":"product-type-simple"},"_links":{"self":[{"href":"https:\/\/shgotopharm.com\/de\/wp-json\/wp\/v2\/product\/1781","targetHints":{"allow":["GET"]}}],"collection":[{"href":"https:\/\/shgotopharm.com\/de\/wp-json\/wp\/v2\/product"}],"about":[{"href":"https:\/\/shgotopharm.com\/de\/wp-json\/wp\/v2\/types\/product"}],"replies":[{"embeddable":true,"href":"https:\/\/shgotopharm.com\/de\/wp-json\/wp\/v2\/comments?post=1781"}],"wp:featuredmedia":[{"embeddable":true,"href":"https:\/\/shgotopharm.com\/de\/wp-json\/wp\/v2\/media\/1782"}],"wp:attachment":[{"href":"https:\/\/shgotopharm.com\/de\/wp-json\/wp\/v2\/media?parent=1781"}],"wp:term":[{"taxonomy":"product_brand","embeddable":true,"href":"https:\/\/shgotopharm.com\/de\/wp-json\/wp\/v2\/product_brand?post=1781"},{"taxonomy":"product_cat","embeddable":true,"href":"https:\/\/shgotopharm.com\/de\/wp-json\/wp\/v2\/product_cat?post=1781"},{"taxonomy":"product_tag","embeddable":true,"href":"https:\/\/shgotopharm.com\/de\/wp-json\/wp\/v2\/product_tag?post=1781"}],"curies":[{"name":"wp","href":"https:\/\/api.w.org\/{rel}","templated":true}]}}