{"id":1731,"date":"2025-10-25T04:52:08","date_gmt":"2025-10-25T04:52:08","guid":{"rendered":"https:\/\/shgotopharm.com\/?post_type=product&#038;p=1731"},"modified":"2025-12-13T09:58:16","modified_gmt":"2025-12-13T09:58:16","slug":"comprar-testosterona-sustanon-250-en-polvo","status":"publish","type":"product","link":"https:\/\/shgotopharm.com\/es\/product\/buy-testosterone-sustanon-250-powder\/","title":{"rendered":"Comprar testosterona Sustanon 250 en polvo"},"content":{"rendered":"<p data-rm-block-id=\"block-1\">Al comprar <a href=\"https:\/\/shgotopharm.com\/es\/product\/testosterone-sustanon-250-powder\/\">Sustanon 250 testosterona en polvo<\/a>, Si eliges una mezcla de testosterona de renombre dise\u00f1ada para combinar los beneficios de los \u00e9steres de acci\u00f3n corta y prolongada, est\u00e1s eligiendo una mezcla de testosterona de renombre dise\u00f1ada para combinar los beneficios de los \u00e9steres de acci\u00f3n corta y prolongada. Desarrollada originalmente por Organon, esta formulaci\u00f3n garantiza niveles estables de testosterona con menos inyecciones, proporcionando resultados r\u00e1pidos y efectos sostenidos. Es una soluci\u00f3n de terapia de reemplazo de testosterona (TRT) de primer nivel, y SHGOTOPHARM es el mejor lugar para comprar testosterona Sustanon 250 en polvo.<br \/>\nMediante la integraci\u00f3n de cuatro \u00e9steres de testosterona distintos - propionato, fenilpropionato, isocaproato y decanoato - Sustanon 250 minimiza los picos y ca\u00eddas de la testosterona de un solo \u00e9ster, creando un perfil de liberaci\u00f3n equilibrado ideal para fines m\u00e9dicos y de mejora del rendimiento.<br \/>\nDesglose de los \u00e9steres de Sustanon 250:<\/p>\n<h3 data-rm-block-id=\"block-2\">\nComposici\u00f3n de la testosterona Sustanon 250 en polvo:<\/h3>\n<p data-rm-block-id=\"block-3\">Propionato de testosterona: 30g<br \/>\nFenilpropionato de testosterona: 60 g<br \/>\nIsocaproato de testosterona: 60 g<br \/>\nDecanoato de testosterona: 100 g<br \/>\nPureza: 98,6%<br \/>\nAspecto: Polvo fino blanco<br \/>\nProporci\u00f3n: 3:6:6:10<br \/>\nCapacidad de suministro: 500 kg\/mes<\/p>\n<p data-rm-block-id=\"block-4\">\n<p data-rm-block-id=\"block-5\">Propionato de testosterona (30 mg): Un \u00e9ster de acci\u00f3n r\u00e1pida con una vida media de 3,5 d\u00edas, perfecto para obtener resultados r\u00e1pidos. Su corta duraci\u00f3n reduce la aromatizaci\u00f3n, ideal para ciclos m\u00e1s cortos (8 semanas o menos).<br \/>\nFenilpropionato de testosterona (60 mg): Con una vida media de 4,5 d\u00edas, este \u00e9ster mantiene los niveles de testosterona a medida que el Propionato disminuye.<br \/>\nIsocaproato de testosterona (60 mg): Un \u00e9ster de rango medio con una vida media de 9 d\u00edas, asegurando una transici\u00f3n suave a componentes de acci\u00f3n m\u00e1s prolongada.<br \/>\nDecanoato de testosterona (100 mg): El \u00e9ster m\u00e1s largo, con una vida media de 15 d\u00edas, proporciona una liberaci\u00f3n sostenida de testosterona para efectos prolongados.<\/p>\n<p data-rm-block-id=\"block-6\">Sustanon 250 Recetas en Polvo:<\/p>\n<p data-rm-block-id=\"block-7\">250mg\/ml @ 100ml:<\/p>\n<p data-rm-block-id=\"block-8\">25 g de Sustanon en polvo (18,75 ml)<br \/>\n2% Alcohol benc\u00edlico (2ml)<br \/>\n20% Benzoato de bencilo (20ml)<br \/>\n59,25 ml Aceite de pepitas de uva<\/p>\n<p data-rm-block-id=\"block-9\">\n300mg\/ml @ 100ml:<\/p>\n<p data-rm-block-id=\"block-10\">30 g de Sustanon en polvo (22,5 ml)<br \/>\n2% Alcohol benc\u00edlico (2ml)<br \/>\n20% Benzoato de bencilo (20ml)<br \/>\n55,5 ml de aceite de pepitas de uva<\/p>\n<p data-rm-block-id=\"block-11\">\n400mg\/ml @ 100ml:<\/p>\n<p data-rm-block-id=\"block-12\">40 g de Sustanon en polvo (30 ml)<br \/>\n2% Alcohol benc\u00edlico (2ml)<br \/>\n20% Benzoato de bencilo (20ml)<br \/>\n48 ml de aceite de pepitas de uva<\/p>\n<p data-rm-block-id=\"block-13\">\n<p data-rm-block-id=\"block-14\">Por qu\u00e9 sobresale Sustanon 250:<\/p>\n<p>Cuando usted compra testosterona Sustanon 250 en polvo, se obtiene una mezcla sin\u00e9rgica de \u00e9steres de la entrega de la liberaci\u00f3n de testosterona constante. El propionato de acci\u00f3n corta proporciona un impulso inmediato, fenilpropionato y isocaproato mantener los niveles, y decanoato asegura efectos duraderos. Esto hace que sea una opci\u00f3n superior para TRT y mejora del rendimiento, disponible exclusivamente a trav\u00e9s de SHGOTOPHARM.<\/p>\n<h3 data-rm-block-id=\"block-15\">\nVentajas de rendimiento:<\/h3>\n<p data-rm-block-id=\"block-16\">Aumento de volumen: Con suficientes calor\u00edas, Sustanon 250 promueve aumentos significativos del m\u00fasculo magro y aumentos de la fuerza, con la acumulaci\u00f3n gorda reducida debido a las ventajas metab\u00f3licas de la testosterona.<br \/>\nCorte: Durante los d\u00e9ficits cal\u00f3ricos, preserva la masa muscular magra, potenciando la p\u00e9rdida de grasa para un f\u00edsico m\u00e1s esbelto.<br \/>\nMejora general: Aumenta la resistencia, acelera la recuperaci\u00f3n y mejora el rendimiento atl\u00e9tico, por lo que es una opci\u00f3n vers\u00e1til para todos los objetivos.<\/p>\n<h3 data-rm-block-id=\"block-17\">Dosis y administraci\u00f3n de testosterona Sustanon 250 en polvo:<\/h3>\n<p data-rm-block-id=\"block-18\">\nLas dosis t\u00edpicas oscilan entre 250 mg y 1.500 mg por semana, siendo 500-750 mg las m\u00e1s comunes. Las inyecciones cada tres d\u00edas maximizan los beneficios del \u00e9ster de propionato, aunque las inyecciones semanales funcionan bien para la mayor\u00eda de los usuarios.<\/p>\n<h3 data-rm-block-id=\"block-19\">\n\u00bfPor qu\u00e9 comprar testosterona Sustanon 250 en polvo de SHGOTOPHARM?<\/h3>\n<p data-rm-block-id=\"block-20\">Procedente de un fabricante farmac\u00e9utico de confianza.<br \/>\nCertificado por las normas GMP e ISO9001.<br \/>\nPureza garantizada superior a 98%.<br \/>\nEntrega fiable a trav\u00e9s de un socio log\u00edstico especializado.<br \/>\nPedido m\u00ednimo de 10 g, con entrega nacional para pedidos superiores a 1 kg.<br \/>\nOpciones de pago flexibles: T\/T, Western Union, MoneyGram, Bitcoin.<\/p>\n<p data-rm-block-id=\"block-21\">SHGOTOPHARM es el mejor lugar para comprar testosterona Sustanon 250 en polvo, que ofrece una potente mezcla de testosterona con una versatilidad sin igual para TRT y objetivos de rendimiento. Su combinaci\u00f3n \u00e9ster cuidadosamente dise\u00f1ado asegura resultados consistentes, por lo que es un favorito entre los atletas y culturistas de todo el mundo. Conf\u00ede en SHGOTOPHARM para la m\u00e1s alta calidad Sustanon 250 en el mercado.<\/p>","protected":false},"excerpt":{"rendered":"<p>Al comprar <a href=\"https:\/\/shgotopharm.com\/es\/product\/testosterone-sustanon-250-powder\/\">Sustanon 250 testosterona en polvo<\/a>, est\u00e1 eligiendo una mezcla de testosterona de renombre dise\u00f1ada para combinar los beneficios de los \u00e9steres de acci\u00f3n corta y prolongada<\/p>","protected":false},"featured_media":1732,"comment_status":"open","ping_status":"closed","template":"","meta":[],"product_brand":[],"product_cat":[213],"product_tag":[935,944,934,949,945,268,938,933,932,943,269,270,271,272,273,274,275,276,277,278,279,280,939,281,931,940,937,948,282,936,283,284,285,286,287,288,289,290,291,292,293,294,295,296,297,298,299,300,301,302,303,304,305,306,267,946,307,308,309,310,311,312,313,314,315,947,942,941],"class_list":{"0":"post-1731","1":"product","2":"type-product","3":"status-publish","4":"has-post-thumbnail","6":"product_cat-testosterone","7":"product_tag-aas-poland","8":"product_tag-aas-raw-materials-australia","9":"product_tag-aas-raws","10":"product_tag-anabolic-steroid-manufacturer-canada","11":"product_tag-anabolic-steroid-powders-online","12":"product_tag-anabolic-steroids","13":"product_tag-best-steroid-powder-supplier-usa","14":"product_tag-buy-aas-raws-online","15":"product_tag-buy-raw-steroid-powders-online","16":"product_tag-buy-raw-steroids-china","17":"product_tag-buy-sustanon","18":"product_tag-buy-sustanon-250","19":"product_tag-buy-sustanon-250-australia","20":"product_tag-buy-sustanon-250-canada","21":"product_tag-buy-sustanon-250-cycle","22":"product_tag-buy-sustanon-250-injectable-online","23":"product_tag-buy-sustanon-250-online-with-credit-card","24":"product_tag-buy-sustanon-250-uk","25":"product_tag-buy-sustanon-350","26":"product_tag-buy-sustanon-500","27":"product_tag-buy-sustanon-powder","28":"product_tag-buy-sustanon-steroid","29":"product_tag-high-purity-anabolic-steroids-canada","30":"product_tag-hormone","31":"product_tag-raw-steroids-for-sale","32":"product_tag-steroid-raw-material-factory-europe","33":"product_tag-steroid-raws-online","34":"product_tag-steroid-raws-supplier-florida","35":"product_tag-steroids","36":"product_tag-supplier-usa","37":"product_tag-sustanon","38":"product_tag-sustanon-250","39":"product_tag-sustanon-250-cycle","40":"product_tag-sustanon-250-oral","41":"product_tag-sustanon-250-powder","42":"product_tag-sustanon-250-powder-recipe","43":"product_tag-sustanon-250-price","44":"product_tag-sustanon-250-price-in-mexico","45":"product_tag-sustanon-300","46":"product_tag-sustanon-350","47":"product_tag-sustanon-buy","48":"product_tag-sustanon-dosage","49":"product_tag-sustanon-for-sale","50":"product_tag-sustanon-manufacturer","51":"product_tag-sustanon-powder","52":"product_tag-sustanon-powder-conversion","53":"product_tag-sustanon-powder-price","54":"product_tag-sustanon-powder-recipes","55":"product_tag-sustanon-price","56":"product_tag-sustanon-raw-powder","57":"product_tag-sustanon-source","58":"product_tag-sustanon-steroids","59":"product_tag-sustanon-suppliers","60":"product_tag-sustanon-wholesale","61":"product_tag-testosterone-powders-aas","62":"product_tag-testosterone-raw-powder-poland","63":"product_tag-testosterone-sustanon","64":"product_tag-testosterone-sustanon-250","65":"product_tag-testosterone-sustanon-250-for-sale","66":"product_tag-testosterone-sustanon-250-price","67":"product_tag-testosterone-sustanon-250-side-effects","68":"product_tag-testosterone-sustanon-250-stack","69":"product_tag-testosterone-sustanon-300-mg","70":"product_tag-testosterone-sustanon-400-mg","71":"product_tag-testosterone-sustanon-500","72":"product_tag-trenbolone-powder-thailand","73":"product_tag-trusted-steroid-raw-supplier-worldwide","74":"product_tag-wholesale-steroid-powders-australia","76":"first","77":"instock","78":"shipping-taxable","79":"product-type-simple"},"_links":{"self":[{"href":"https:\/\/shgotopharm.com\/es\/wp-json\/wp\/v2\/product\/1731","targetHints":{"allow":["GET"]}}],"collection":[{"href":"https:\/\/shgotopharm.com\/es\/wp-json\/wp\/v2\/product"}],"about":[{"href":"https:\/\/shgotopharm.com\/es\/wp-json\/wp\/v2\/types\/product"}],"replies":[{"embeddable":true,"href":"https:\/\/shgotopharm.com\/es\/wp-json\/wp\/v2\/comments?post=1731"}],"wp:featuredmedia":[{"embeddable":true,"href":"https:\/\/shgotopharm.com\/es\/wp-json\/wp\/v2\/media\/1732"}],"wp:attachment":[{"href":"https:\/\/shgotopharm.com\/es\/wp-json\/wp\/v2\/media?parent=1731"}],"wp:term":[{"taxonomy":"product_brand","embeddable":true,"href":"https:\/\/shgotopharm.com\/es\/wp-json\/wp\/v2\/product_brand?post=1731"},{"taxonomy":"product_cat","embeddable":true,"href":"https:\/\/shgotopharm.com\/es\/wp-json\/wp\/v2\/product_cat?post=1731"},{"taxonomy":"product_tag","embeddable":true,"href":"https:\/\/shgotopharm.com\/es\/wp-json\/wp\/v2\/product_tag?post=1731"}],"curies":[{"name":"wp","href":"https:\/\/api.w.org\/{rel}","templated":true}]}}