{"id":1737,"date":"2025-10-25T05:51:41","date_gmt":"2025-10-25T05:51:41","guid":{"rendered":"https:\/\/shgotopharm.com\/?post_type=product&#038;p=1737"},"modified":"2025-11-10T10:07:04","modified_gmt":"2025-11-10T10:07:04","slug":"fenilpropionato-de-testosterona-bruto","status":"publish","type":"product","link":"https:\/\/shgotopharm.com\/es\/product\/raw-testosterone-phenylpropionate\/","title":{"rendered":"Fenilpropionato de testosterona cruda"},"content":{"rendered":"<h2><a href=\"https:\/\/shgotopharm.com\/es\/product\/fenilpropionato-de-testosterona-bruto\/\">Comprar Testosterona Cruda Fenilpropionato en Polvo | Descripci\u00f3n de Testosterona Cruda Fenilpropionato en Polvo:<\/a><\/h2>\n<p>Cuando usted compra Raw Testosterone Phenylpropionate Powder de SHGOTOPHARM, est\u00e1 eligiendo un esteroide de alta calidad a base de testosterona conocido por sus propiedades \u00fanicas. Si bien puede no ofrecer los resultados inmediatos de los esteroides de acci\u00f3n m\u00e1s r\u00e1pida, Raw Testosterone Phenylpropionate Powder es altamente eficaz cuando se utiliza correctamente, ofreciendo beneficios significativos para los atletas y culturistas que buscan ganancias de m\u00fasculo magro y p\u00e9rdida de grasa. Con la administraci\u00f3n adecuada, este esteroide puede producir resultados impresionantes, por lo que es una valiosa adici\u00f3n a cualquier r\u00e9gimen de mejora del rendimiento.<\/p>\n<h3>Comprar testosterona en polvo Phenylpropionate | Especificaciones:<\/h3>\n<p>Producto: Fenilpropionato de testosterona en polvo<br \/>\nPureza: 98% m\u00ednimo<br \/>\nCAS: 1255-49-8<br \/>\nEINECS: 215-014-4<br \/>\nF\u00f3rmula molecular: C28H36O3<br \/>\nPeso molecular: 420,58<br \/>\nAspecto: Polvo cristalino blanco<br \/>\nSin\u00f3nimos: Retandrol; 17\u03b2-hidroxiandrost-4-en-3-ona 3-fenilpropionato<br \/>\nEnvasado: Bolsa de aluminio o lata<br \/>\nEnv\u00edos: Disponible desde Canad\u00e1, Europa y EE.UU.<\/p>\n<h3>Acerca de la testosterona en polvo Phenylpropionate:<\/h3>\n<p>Originalmente derivado de los test\u00edculos de toros, Raw Testosterone Phenylpropionate Powder es ahora producido sint\u00e9ticamente y cuenta con un \u00e9ster de fenilpropionato, que le da una corta vida media de 1-2 d\u00edas. Esto requiere inyecciones frecuentes, por lo general cada dos d\u00edas, para mantener estables los niveles en sangre y lograr resultados \u00f3ptimos. Cuando se usa consistentemente, Raw Testosterone Phenylpropionate Powder promueve el crecimiento muscular magra, por lo que es una opci\u00f3n preferida para los atletas que valoran la calidad sobre las ganancias r\u00e1pidas, de agua pesada.<br \/>\n\u00bfPor qu\u00e9 elegir fenilpropionato de testosterona cruda en polvo?<\/p>\n<p>Sin retenci\u00f3n de agua: El \u00e9ster de fenilpropionato minimiza la retenci\u00f3n de agua, permitiendo a los usuarios ganar masa muscular magra de alta calidad, ideal para deportes de competici\u00f3n y objetivos est\u00e9ticos.<br \/>\nBeneficios para la p\u00e9rdida de grasa: Este esteroide apoya la p\u00e9rdida de grasa, por lo que es popular entre los atletas y las personas con el objetivo de lograr un f\u00edsico m\u00e1s delgado para el rendimiento o la apariencia.<br \/>\nEficaz con el uso adecuado: Cuando se inyecta cada dos d\u00edas y se combina con una dieta disciplinada y una rutina de ejercicios, Raw Testosterone Phenylpropionate Powder ofrece una definici\u00f3n muscular notable y ganancias de fuerza.<\/p>\n<h3>Comprar testosterona fenilpropionato en polvo en l\u00ednea:<\/h3>\n<p>Como sustancia controlada, la compra de fenilpropionato de testosterona sin receta es un reto, especialmente en los EE.UU.. La manera m\u00e1s segura y confiable de comprar fenilpropionato de testosterona en polvo es a trav\u00e9s de proveedores en l\u00ednea de confianza como SHGOTOPHARM. A diferencia de las fuentes del mercado negro, que a menudo proporcionan productos de baja calidad o inseguros, SHGOTOPHARM garantiza una calidad superior, entrega r\u00e1pida y transacciones seguras. Los esteroides de baja calidad pueden ser ineficaces y perjudiciales, por lo que elegir un proveedor de confianza es fundamental para lograr los resultados deseados de forma segura.<\/p>\n<h3>Consejos para un uso \u00f3ptimo:<\/h3>\n<p>Para maximizar los beneficios de Raw Testosterone Phenylpropionate Powder, comb\u00ednelo con una dieta equilibrada y un r\u00e9gimen de ejercicio constante. La lectura de los comentarios de los usuarios de los proveedores puede ayudarle a tomar una decisi\u00f3n informada y asegurarse de que usted est\u00e1 comprando de una fuente confiable como SHGOTOPHARM.<\/p>\n<h3>\u00bfPor qu\u00e9 testosterona fenilpropionato en polvo de SHGOTOPHARM?<\/h3>\n<p>Calidad superior: Certificado por las normas GMP e ISO9001, con una pureza superior a 98%.<br \/>\nEnv\u00edo r\u00e1pido y seguro: Env\u00edo en el mismo d\u00eda con opciones fiables de env\u00edo urgente (FedEx, UPS, DHL, EMS, TNT, HKEMS) o env\u00edo a\u00e9reo, incluida la entrega nacional para pedidos superiores a 1 kg.<br \/>\nAtenci\u00f3n al cliente: Servicio postventa 24\/7 para resolver cualquier duda con prontitud.<br \/>\nPedidos flexibles: Pedido m\u00ednimo de 10 g, con precios competitivos y descuentos por compras al por mayor.<br \/>\nPagos seguros: Las opciones incluyen T\/T, Western Union, MoneyGram y Bitcoin.<br \/>\nDisponibilidad mundial: Atendiendo a clientes en Estados Unidos, Canad\u00e1, Reino Unido, Alemania, Brasil, Australia, Italia y m\u00e1s.<\/p>\n<p>SHGOTOPHARM es el mejor lugar para comprar Testosterona Cruda Fenilpropionato en Polvo, ofreciendo un producto de alta calidad en el que conf\u00edan atletas de todo el mundo. Su capacidad para promover el crecimiento muscular magra y la p\u00e9rdida de grasa, combinado con la retenci\u00f3n de agua m\u00ednima, hace que sea una excelente opci\u00f3n para el rendimiento y los objetivos est\u00e9ticos. Conf\u00ede en SHGOTOPHARM para una calidad superior y un servicio fiable.<\/p>","protected":false},"excerpt":{"rendered":"<p>Cuando compras Testosterona Cruda Fenilpropionato en Polvo de SHGOTOPHARM, est\u00e1s eligiendo un esteroide a base de testosterona de alta calidad conocido por sus propiedades \u00fanicas.<\/p>","protected":false},"featured_media":1738,"comment_status":"open","ping_status":"closed","template":"","meta":[],"product_brand":[],"product_cat":[213],"product_tag":[935,944,934,949,945,362,938,933,932,943,364,363,939,281,931,940,937,948,365,936,367,368,369,370,366,371,372,373,374,375,376,377,378,379,380,381,382,383,384,385,386,387,388,267,946,947,942,941],"class_list":{"0":"post-1737","1":"product","2":"type-product","3":"status-publish","4":"has-post-thumbnail","6":"product_cat-testosterone","7":"product_tag-aas-poland","8":"product_tag-aas-raw-materials-australia","9":"product_tag-aas-raws","10":"product_tag-anabolic-steroid-manufacturer-canada","11":"product_tag-anabolic-steroid-powders-online","12":"product_tag-anabolic-steroids-australia","13":"product_tag-best-steroid-powder-supplier-usa","14":"product_tag-buy-aas-raws-online","15":"product_tag-buy-raw-steroid-powders-online","16":"product_tag-buy-raw-steroids-china","17":"product_tag-buy-testosterone-phenylpropionate-powder","18":"product_tag-buy-testosterone-phenylpropionate-usa","19":"product_tag-high-purity-anabolic-steroids-canada","20":"product_tag-hormone","21":"product_tag-raw-steroids-for-sale","22":"product_tag-steroid-raw-material-factory-europe","23":"product_tag-steroid-raws-online","24":"product_tag-steroid-raws-supplier-florida","25":"product_tag-steroids-uk","26":"product_tag-supplier-usa","27":"product_tag-test-phenylpropionate-cycle","28":"product_tag-test-phenylpropionate-dosage","29":"product_tag-test-phenylpropionate-powder","30":"product_tag-test-phenylpropionate-results","31":"product_tag-test-phenylpropionate-usa","32":"product_tag-test-phenylpropionate-vs-prop","33":"product_tag-test-phenylpropionate-vs-propionate","34":"product_tag-testosterone-phenylpropionate","35":"product_tag-testosterone-phenylpropionate-benefits","36":"product_tag-testosterone-phenylpropionate-buy","37":"product_tag-testosterone-phenylpropionate-dosage","38":"product_tag-testosterone-phenylpropionate-for-sale","39":"product_tag-testosterone-phenylpropionate-half-life","40":"product_tag-testosterone-phenylpropionate-manufacturer","41":"product_tag-testosterone-phenylpropionate-powder","42":"product_tag-testosterone-phenylpropionate-price","43":"product_tag-testosterone-phenylpropionate-recipe","44":"product_tag-testosterone-phenylpropionate-side-effects","45":"product_tag-testosterone-phenylpropionate-source","46":"product_tag-testosterone-phenylpropionate-steroids","47":"product_tag-testosterone-phenylpropionate-suppliers","48":"product_tag-testosterone-phenylpropionate-vs-propionate","49":"product_tag-testosterone-phenylpropionate-wholesale","50":"product_tag-testosterone-powders-aas","51":"product_tag-testosterone-raw-powder-poland","52":"product_tag-trenbolone-powder-thailand","53":"product_tag-trusted-steroid-raw-supplier-worldwide","54":"product_tag-wholesale-steroid-powders-australia","56":"first","57":"instock","58":"shipping-taxable","59":"product-type-simple"},"_links":{"self":[{"href":"https:\/\/shgotopharm.com\/es\/wp-json\/wp\/v2\/product\/1737","targetHints":{"allow":["GET"]}}],"collection":[{"href":"https:\/\/shgotopharm.com\/es\/wp-json\/wp\/v2\/product"}],"about":[{"href":"https:\/\/shgotopharm.com\/es\/wp-json\/wp\/v2\/types\/product"}],"replies":[{"embeddable":true,"href":"https:\/\/shgotopharm.com\/es\/wp-json\/wp\/v2\/comments?post=1737"}],"wp:featuredmedia":[{"embeddable":true,"href":"https:\/\/shgotopharm.com\/es\/wp-json\/wp\/v2\/media\/1738"}],"wp:attachment":[{"href":"https:\/\/shgotopharm.com\/es\/wp-json\/wp\/v2\/media?parent=1737"}],"wp:term":[{"taxonomy":"product_brand","embeddable":true,"href":"https:\/\/shgotopharm.com\/es\/wp-json\/wp\/v2\/product_brand?post=1737"},{"taxonomy":"product_cat","embeddable":true,"href":"https:\/\/shgotopharm.com\/es\/wp-json\/wp\/v2\/product_cat?post=1737"},{"taxonomy":"product_tag","embeddable":true,"href":"https:\/\/shgotopharm.com\/es\/wp-json\/wp\/v2\/product_tag?post=1737"}],"curies":[{"name":"wp","href":"https:\/\/api.w.org\/{rel}","templated":true}]}}