{"id":1753,"date":"2025-10-30T15:09:19","date_gmt":"2025-10-30T15:09:19","guid":{"rendered":"https:\/\/shgotopharm.com\/?post_type=product&#038;p=1753"},"modified":"2025-11-10T10:06:20","modified_gmt":"2025-11-10T10:06:20","slug":"oximetolona-cruda-anadrol-en-polvo","status":"publish","type":"product","link":"https:\/\/shgotopharm.com\/es\/product\/raw-oxymetholone-anadrol-powder\/","title":{"rendered":"Oximetolona cruda Anadrol en polvo"},"content":{"rendered":"<h2>Oximetolona cruda Anadrol en polvo<\/h2>\n<p>Anadrol(oximetolona) es un esteroide anab\u00f3lico oral , El drag\u00f3n hidroxina vendidos por la marca Anadrol y Anapolon es una especie de ofrogen y drogas esteroides metab\u00f3licos sint\u00e9ticos, que se utilizan principalmente para tratar la anemia. Anadrol tambi\u00e9n se utiliza para tratar la osteoporosis, el VIH \/ SIDA s\u00edndrome de adelgazamiento, y en algunos casos para promover el aumento de peso y crecimiento muscular.<\/p>\n<p>Anadrol se toma por v\u00eda oral. Los efectos secundarios de la hidroxilina drag\u00f3n incluyen el aumento del deseo sexual y los s\u00edntomas masculinos como el aumento del deseo sexual, crecimiento acelerado del cabello, y los cambios de sonido.<\/p>\n<h3>Oximetolona cruda Anadrol en polvo Especificaciones<\/h3>\n<p>Oxymetholon (Anadrol) Info:<br \/>\nPureza Anadrol: 99%<br \/>\nAnadrol CAS: 434-07-1<br \/>\nAnadrol MF: C21H32O3<br \/>\nAnadrol MW: 332,48<br \/>\nAnadrol Aspecto: polvo cristalino blanco como la leche<br \/>\nAnadrol Lugar de origen: China<br \/>\nAlmacenamiento de Anadrol: sombreado, conservaci\u00f3n confinada<\/p>\n<p>Anadrol (oximetolona) CAS: 434-07-1<br \/>\nAnadrol(oximetolona) Color: Blanco Polvo<br \/>\nAnadrol(oximetolona) Almacenamiento: Lugar fresco y seco<\/p>\n<h3>Anadrol(oximetolona) Polvo Descripci\u00f3n:<\/h3>\n<p>&nbsp;<\/p>\n<p>Anadrol es un esteroide anabolizante utilizado para tratar ciertos tipos de anemia (falta de gl\u00f3bulos rojos), como la mielofibrosis, la anemia apl\u00e1sica o la anemia hipopl\u00e1sica causada por la quimioterapia.<\/p>\n<h3>Comprar Oximetolona Anadrol Cruda en Polvo online<\/h3>\n<p>Usted puede comprar Raw oximetolona Anadrol en polvo de SHGOTOPHARM, Anadrol es uno de los esteroides orales m\u00e1s fuertes jam\u00e1s sintetizados.<br \/>\nAnadrol ha sido el m\u00e1s fuerte, compuesto esteroidal oral, que es un derivado de la dihidrotestosterona. Anadrol compuesto esteroidal oral hab\u00eda aumentado a\u00fan m\u00e1s el n\u00famero de c\u00e9lulas rojas de la sangre, que a su vez, hab\u00eda permitido a los m\u00fasculos para absorber m\u00e1s ox\u00edgeno.<\/p>\n<h3>Anadrol(oximetolona) Dosis en polvo:<\/h3>\n<p>La dosis diaria recomendada de Anadrol-50 en ni\u00f1os y adultos es de 1-5 mg\/kg de peso corporal al d\u00eda.<br \/>\nLa dosis eficaz habitual es de 1-2 mg\/kg\/d\u00eda, pero pueden ser necesarias dosis m\u00e1s altas, y la dosis es individualizada. La respuesta no suele ser inmediata, y debe administrarse de tres a seis meses.<\/p>\n<p>Anemia por producci\u00f3n deficiente de gl\u00f3bulos rojos Dosis:<br \/>\n1-5 mg\/kg PO al d\u00eda durante 3-6 meses<br \/>\n1-2 mg\/kg PO qD\u00eda generalmente eficaz<\/p>","protected":false},"excerpt":{"rendered":"<p>Raw Oxymetholone Anadrol Powder Anadrol(oxymetholone) is a oral anabolic steroid , The hydroxyne dragon sold by the Anadrol and Anapolon brand is a kind ofrogen and synthetic metabolic steroid drugs, which are mainly used to treat anemia. Anadrol is also used to treat osteoporosis, HIV\/AIDS thinning syndrome, and in some cases to promote weight gain [&hellip;]<\/p>\n","protected":false},"featured_media":1754,"comment_status":"open","ping_status":"closed","template":"","meta":[],"product_brand":[],"product_cat":[390],"product_tag":[935,944,934,949,945,515,524,513,938,933,532,531,514,533,518,529,525,516,522,519,535,527,521,536,534,932,943,939,512,530,523,520,517,528,526,931,940,937,948,936,946,947,942,941],"class_list":{"0":"post-1753","1":"product","2":"type-product","3":"status-publish","4":"has-post-thumbnail","6":"product_cat-oral-steroids","7":"product_tag-aas-poland","8":"product_tag-aas-raw-materials-australia","9":"product_tag-aas-raws","10":"product_tag-anabolic-steroid-manufacturer-canada","11":"product_tag-anabolic-steroid-powders-online","12":"product_tag-anadrol-color","13":"product_tag-anadrol-liver","14":"product_tag-anadrol-price","15":"product_tag-best-steroid-powder-supplier-usa","16":"product_tag-buy-aas-raws-online","17":"product_tag-buy-anadrol","18":"product_tag-buy-anadrol-in-australia","19":"product_tag-buy-anadrol-in-brazil","20":"product_tag-buy-anadrol-in-canada","21":"product_tag-buy-anadrol-in-china","22":"product_tag-buy-anadrol-in-france","23":"product_tag-buy-anadrol-in-india","24":"product_tag-buy-anadrol-in-mexico","25":"product_tag-buy-anadrol-in-poland","26":"product_tag-buy-anadrol-in-sweden","27":"product_tag-buy-anadrol-in-switzerland","28":"product_tag-buy-anadrol-in-uk","29":"product_tag-buy-anadrol-in-usa","30":"product_tag-buy-anadrol-online","31":"product_tag-buy-anadrol-powder","32":"product_tag-buy-raw-steroid-powders-online","33":"product_tag-buy-raw-steroids-china","34":"product_tag-high-purity-anabolic-steroids-canada","35":"product_tag-oral-steroid-powder-buy-anadrol-in-europe","36":"product_tag-oxymetholone-buy","37":"product_tag-oxymetholone-cycle","38":"product_tag-oxymetholone-dosage","39":"product_tag-oxymetholone-powder","40":"product_tag-oxymetholone-price","41":"product_tag-oxymetholone-recipe","42":"product_tag-raw-steroids-for-sale","43":"product_tag-steroid-raw-material-factory-europe","44":"product_tag-steroid-raws-online","45":"product_tag-steroid-raws-supplier-florida","46":"product_tag-supplier-usa","47":"product_tag-testosterone-raw-powder-poland","48":"product_tag-trenbolone-powder-thailand","49":"product_tag-trusted-steroid-raw-supplier-worldwide","50":"product_tag-wholesale-steroid-powders-australia","52":"first","53":"instock","54":"shipping-taxable","55":"product-type-simple"},"_links":{"self":[{"href":"https:\/\/shgotopharm.com\/es\/wp-json\/wp\/v2\/product\/1753","targetHints":{"allow":["GET"]}}],"collection":[{"href":"https:\/\/shgotopharm.com\/es\/wp-json\/wp\/v2\/product"}],"about":[{"href":"https:\/\/shgotopharm.com\/es\/wp-json\/wp\/v2\/types\/product"}],"replies":[{"embeddable":true,"href":"https:\/\/shgotopharm.com\/es\/wp-json\/wp\/v2\/comments?post=1753"}],"wp:featuredmedia":[{"embeddable":true,"href":"https:\/\/shgotopharm.com\/es\/wp-json\/wp\/v2\/media\/1754"}],"wp:attachment":[{"href":"https:\/\/shgotopharm.com\/es\/wp-json\/wp\/v2\/media?parent=1753"}],"wp:term":[{"taxonomy":"product_brand","embeddable":true,"href":"https:\/\/shgotopharm.com\/es\/wp-json\/wp\/v2\/product_brand?post=1753"},{"taxonomy":"product_cat","embeddable":true,"href":"https:\/\/shgotopharm.com\/es\/wp-json\/wp\/v2\/product_cat?post=1753"},{"taxonomy":"product_tag","embeddable":true,"href":"https:\/\/shgotopharm.com\/es\/wp-json\/wp\/v2\/product_tag?post=1753"}],"curies":[{"name":"wp","href":"https:\/\/api.w.org\/{rel}","templated":true}]}}