{"id":1755,"date":"2025-10-30T15:25:10","date_gmt":"2025-10-30T15:25:10","guid":{"rendered":"https:\/\/shgotopharm.com\/?post_type=product&#038;p=1755"},"modified":"2025-12-13T09:49:46","modified_gmt":"2025-12-13T09:49:46","slug":"enantato-de-trembolona-en-polvo","status":"publish","type":"product","link":"https:\/\/shgotopharm.com\/es\/product\/trenbolone-enanthate-powder\/","title":{"rendered":"Comprar Trenbolone Enanthate Polvo"},"content":{"rendered":"<h2><a href=\"https:\/\/shgotopharm.com\/es\/product\/enantato-de-trembolona-en-polvo\/\">Enantato de trembolona en polvo<\/a><\/h2>\n<p>Enantato de trembolona es la venta caliente en polvo de esteroides trembolona. Enantato de trembolona es un esteroide anab\u00f3lico androg\u00e9nico sint\u00e9tico e inyectado. Trenbolone enantato se utiliza principalmente para fines de culturismo, incluyendo el corte y abultamiento.<\/p>\n<h3>Trenbolone Enanthate Info:<\/h3>\n<p>Enantato de trembolona CAS 10161-33-8<br \/>\nTrenbolone Enanthate F\u00f3rmula molecular: C25H34O3<br \/>\nEspecificaci\u00f3n de Trenbolone Enanthate: Est\u00e1ndar Empresarial<br \/>\nTrenbolone Enanthate Descripci\u00f3n: polvo cristalino amarillo o casi amarillo<br \/>\nTrenbolone Enanthate Nombre qu\u00edmico: 4,9,11-estratrien-17beta-ol-3-ona Enantato<\/p>\n<h3>Trenbolone Enanthate Powder Usos<\/h3>\n<p>El enantato de trembolona es un brebaje subterr\u00e1neo de trembolona de larga liberaci\u00f3n creado en laboratorio. El enantato es un \u00e9ster que permite la liberaci\u00f3n lenta de trembolona en el cuerpo. M\u00e9dicamente, rara vez se utiliza para el hipogonadismo primario, hipogonadismo hipogonadotr\u00f3pico, y el retraso de la pubertad en los hombres.<br \/>\nEn las mujeres, el enantato de trembolona se utiliza para tratar el c\u00e1ncer de mama metast\u00e1sico.<\/p>\n<h3>Enantato de trembolona en polvo en hombres y mujeres<\/h3>\n<p>La trembolona es bien conocida por su capacidad para producir ganancias musculares secas y de alta calidad, as\u00ed como para aumentar en gran medida la fuerza. Y, a diferencia de otros potentes AAS, como el Dianabol, las ganancias obtenidas con este compuesto son f\u00e1ciles de mantener una vez que el ciclo termina. Es m\u00e1s probable retener las ganancias obtenidas durante un ciclo de trembolona que con la mayor\u00eda de otros esteroides de potencia similar. Otros beneficios incluyen la dureza, la falta de retenci\u00f3n de agua, la incapacidad para convertir en estr\u00f3geno, el aumento de la quema de grasa \/ p\u00e9rdida, definici\u00f3n mejorada, y el aumento de la agresi\u00f3n. Estos beneficios hacen que sea una opci\u00f3n popular de la competencia y los culturistas recreativos por igual.<\/p>\n<h3>Beneficios del Trenbolone Enanthate:<\/h3>\n<p>Trenbolone Enanthate ayuda a lograr una mejora significativa en el rendimiento de potencia.<br \/>\nTrenbolone Enanthate ayuda a mejorar la densidad \u00f3sea.<br \/>\nTrenbolone Enanthate ayuda a aumentar la libido (individualmente);<br \/>\nEl Trenbolone Enanthate ayuda a reducir el cortisol natural.<br \/>\nTrenbolone Enanthate ayuda a aumentar el recuento de gl\u00f3bulos rojos y hemoglobina (m\u00e1s ox\u00edgeno para tus m\u00fasculos y otras c\u00e9lulas).<br \/>\nTrenbolone Enanthate ayuda a quemar grasa (a trav\u00e9s de los factores de la hormona de crecimiento IGF-1);<br \/>\nTrenbolone Enanthate ayuda a mejorar el estado de \u00e1nimo general y el estado de \u00e1nimo.<br \/>\nTrenbolone Enanthate ayuda a no retener el exceso de agua.<br \/>\nTrenbolone Enanthate ayuda a aumentar la actividad cardiovascular (aumento de la resistencia);<\/p>","protected":false},"excerpt":{"rendered":"<h2><a href=\"https:\/\/shgotopharm.com\/es\/product\/enantato-de-trembolona-en-polvo\/\">Enantato de trembolona en polvo<\/a><\/h2>\n<p>Enantato de trembolona es la venta caliente en polvo de esteroides trembolona<\/p>","protected":false},"featured_media":1756,"comment_status":"open","ping_status":"closed","template":"","meta":[],"product_brand":[],"product_cat":[24],"product_tag":[935,944,934,949,945,938,933,932,943,540,544,548,567,562,577,542,585,552,572,582,546,566,557,939,281,550,592,554,570,931,940,937,948,282,936,946,559,564,569,579,539,543,547,551,556,561,581,583,604,586,541,545,603,598,549,605,593,609,597,606,600,608,575,596,580,602,599,590,607,553,558,563,568,573,578,574,584,571,576,594,538,588,560,595,591,589,565,947,555,587,537,942,601,941],"class_list":{"0":"post-1755","1":"product","2":"type-product","3":"status-publish","4":"has-post-thumbnail","6":"product_cat-trenbolone","7":"product_tag-aas-poland","8":"product_tag-aas-raw-materials-australia","9":"product_tag-aas-raws","10":"product_tag-anabolic-steroid-manufacturer-canada","11":"product_tag-anabolic-steroid-powders-online","12":"product_tag-best-steroid-powder-supplier-usa","13":"product_tag-buy-aas-raws-online","14":"product_tag-buy-raw-steroid-powders-online","15":"product_tag-buy-raw-steroids-china","16":"product_tag-buy-tren-enanthate","17":"product_tag-buy-tren-enanthate-uk","18":"product_tag-buy-trenbolone-enanthate","19":"product_tag-buy-trenbolone-enanthate-brazil","20":"product_tag-buy-trenbolone-enanthate-canada","21":"product_tag-buy-trenbolone-enanthate-europe","22":"product_tag-buy-trenbolone-enanthate-mexico","23":"product_tag-buy-trenbolone-enanthate-online","24":"product_tag-buy-trenbolone-enanthate-powder","25":"product_tag-buy-trenbolone-enanthate-spain","26":"product_tag-buy-trenbolone-enanthate-sweden","27":"product_tag-buy-trenbolone-enanthate-switzerland","28":"product_tag-buy-trenbolone-enanthate-uk","29":"product_tag-buy-trenbolone-enanthate-usa","30":"product_tag-high-purity-anabolic-steroids-canada","31":"product_tag-hormone","32":"product_tag-how-to-make-trenbolone-enanthate-from-powder","33":"product_tag-inject-trenbolone-enanthate","34":"product_tag-parabola","35":"product_tag-quality-anabolic-steroid-powder","36":"product_tag-raw-steroids-for-sale","37":"product_tag-steroid-raw-material-factory-europe","38":"product_tag-steroid-raws-online","39":"product_tag-steroid-raws-supplier-florida","40":"product_tag-steroids","41":"product_tag-supplier-usa","42":"product_tag-testosterone-raw-powder-poland","43":"product_tag-tren-e","44":"product_tag-tren-e-powder","45":"product_tag-tren-e-powder-conversion","46":"product_tag-tren-e-powder-recipe","47":"product_tag-tren-enanthate","48":"product_tag-tren-enanthate-200","49":"product_tag-tren-enanthate-200-mg","50":"product_tag-tren-enanthate-cycle","51":"product_tag-tren-enanthate-for-sale-uk","52":"product_tag-tren-enanthate-half-life","53":"product_tag-tren-enanthate-powder","54":"product_tag-tren-enanthate-powder-conversion","55":"product_tag-trenbolone-enanthat-recipe","56":"product_tag-trenbolone-enanthate","57":"product_tag-trenbolone-enanthate-200","58":"product_tag-trenbolone-enanthate-200mg","59":"product_tag-trenbolone-enanthate-benefits","60":"product_tag-trenbolone-enanthate-brazil","61":"product_tag-trenbolone-enanthate-buy","62":"product_tag-trenbolone-enanthate-buy-online","63":"product_tag-trenbolone-enanthate-canada","64":"product_tag-trenbolone-enanthate-china","65":"product_tag-trenbolone-enanthate-cycle","66":"product_tag-trenbolone-enanthate-dosage","67":"product_tag-trenbolone-enanthate-dose","68":"product_tag-trenbolone-enanthate-factory","69":"product_tag-trenbolone-enanthate-for-sale","70":"product_tag-trenbolone-enanthate-hormone","71":"product_tag-trenbolone-enanthate-manufacturer","72":"product_tag-trenbolone-enanthate-melting-point","73":"product_tag-trenbolone-enanthate-new-zealand","74":"product_tag-trenbolone-enanthate-oil","75":"product_tag-trenbolone-enanthate-online","76":"product_tag-trenbolone-enanthate-powder","77":"product_tag-trenbolone-enanthate-powder-conversion","78":"product_tag-trenbolone-enanthate-powder-for-sale","79":"product_tag-trenbolone-enanthate-powder-price","80":"product_tag-trenbolone-enanthate-price","81":"product_tag-trenbolone-enanthate-raw-powder","82":"product_tag-trenbolone-enanthate-results","83":"product_tag-trenbolone-enanthate-reviews","84":"product_tag-trenbolone-enanthate-source","85":"product_tag-trenbolone-enanthate-stack","86":"product_tag-trenbolone-enanthate-steroid","87":"product_tag-trenbolone-enanthate-steroids","88":"product_tag-trenbolone-enanthate-supplier","89":"product_tag-trenbolone-enanthate-suppliers","90":"product_tag-trenbolone-enanthate-sweden","91":"product_tag-trenbolone-enanthate-uk","92":"product_tag-trenbolone-enanthate-usa","93":"product_tag-trenbolone-enanthate-wholesale","94":"product_tag-trenbolone-powder-thailand","95":"product_tag-trenbolone-powders-aas","96":"product_tag-trenbolone-powders-how-to-use-trenbolone-enanthate","97":"product_tag-trenbolone-raw-powders-buy-trenbolone-enanthate-poland","98":"product_tag-trusted-steroid-raw-supplier-worldwide","99":"product_tag-what-is-trenbolone-enanthate","100":"product_tag-wholesale-steroid-powders-australia","102":"first","103":"instock","104":"shipping-taxable","105":"product-type-simple"},"_links":{"self":[{"href":"https:\/\/shgotopharm.com\/es\/wp-json\/wp\/v2\/product\/1755","targetHints":{"allow":["GET"]}}],"collection":[{"href":"https:\/\/shgotopharm.com\/es\/wp-json\/wp\/v2\/product"}],"about":[{"href":"https:\/\/shgotopharm.com\/es\/wp-json\/wp\/v2\/types\/product"}],"replies":[{"embeddable":true,"href":"https:\/\/shgotopharm.com\/es\/wp-json\/wp\/v2\/comments?post=1755"}],"wp:featuredmedia":[{"embeddable":true,"href":"https:\/\/shgotopharm.com\/es\/wp-json\/wp\/v2\/media\/1756"}],"wp:attachment":[{"href":"https:\/\/shgotopharm.com\/es\/wp-json\/wp\/v2\/media?parent=1755"}],"wp:term":[{"taxonomy":"product_brand","embeddable":true,"href":"https:\/\/shgotopharm.com\/es\/wp-json\/wp\/v2\/product_brand?post=1755"},{"taxonomy":"product_cat","embeddable":true,"href":"https:\/\/shgotopharm.com\/es\/wp-json\/wp\/v2\/product_cat?post=1755"},{"taxonomy":"product_tag","embeddable":true,"href":"https:\/\/shgotopharm.com\/es\/wp-json\/wp\/v2\/product_tag?post=1755"}],"curies":[{"name":"wp","href":"https:\/\/api.w.org\/{rel}","templated":true}]}}