{"id":1757,"date":"2025-10-30T15:53:47","date_gmt":"2025-10-30T15:53:47","guid":{"rendered":"https:\/\/shgotopharm.com\/?post_type=product&#038;p=1757"},"modified":"2025-11-10T10:06:05","modified_gmt":"2025-11-10T10:06:05","slug":"raw-boldenone-acetate-powder","status":"publish","type":"product","link":"https:\/\/shgotopharm.com\/es\/product\/raw-boldenone-acetate-powder\/","title":{"rendered":"Acetato de boldenona crudo en polvo"},"content":{"rendered":"<h2 data-start=\"850\" data-end=\"890\"><strong data-start=\"854\" data-end=\"890\"> Acetato de boldenona crudo en polvo<\/strong><\/h2>\n<h4 data-start=\"892\" data-end=\"917\"><strong data-start=\"897\" data-end=\"917\">Productos<\/strong><\/h4>\n<p data-start=\"918\" data-end=\"1295\"><strong data-start=\"918\" data-end=\"950\">Acetato de boldenona crudo en polvo<\/strong> es un compuesto anab\u00f3lico cristalino blanco de gran pureza ampliamente utilizado en investigaci\u00f3n y aplicaciones veterinarias. Conocido por su capacidad para <strong data-start=\"1082\" data-end=\"1161\">Aumentar la retenci\u00f3n de nitr\u00f3geno, mejorar la s\u00edntesis de prote\u00ednas, estimular el apetito,<\/strong> y <strong data-start=\"1166\" data-end=\"1203\">favorecen la producci\u00f3n de gl\u00f3bulos rojos<\/strong>, Este compuesto proporciona potentes efectos anab\u00f3licos que ayudan a la recuperaci\u00f3n y el crecimiento muscular.<\/p>\n<p data-start=\"1297\" data-end=\"1571\">Formulado originalmente para <strong data-start=\"1323\" data-end=\"1341\">uso veterinario<\/strong>, el acetato de boldenona sigue siendo uno de los compuestos de investigaci\u00f3n m\u00e1s eficaces para estudiar <strong data-start=\"1427\" data-end=\"1463\">actividad anab\u00f3lica y androg\u00e9nica<\/strong>. Su <strong data-start=\"1469\" data-end=\"1499\">\u00e9ster de acetato de acci\u00f3n corta<\/strong> proporciona una r\u00e1pida absorci\u00f3n y resultados m\u00e1s r\u00e1pidos en comparaci\u00f3n con los \u00e9steres m\u00e1s largos.<\/p>\n<p data-start=\"1297\" data-end=\"1571\">\n<h3><strong data-start=\"854\" data-end=\"890\">Especificaciones del acetato de boldenona crudo en polvo<\/strong><\/h3>\n<table width=\"674\">\n<tbody>\n<tr>\n<td width=\"187\">Prueba<\/td>\n<td colspan=\"5\" width=\"331\">Especificaci\u00f3n<\/td>\n<td colspan=\"2\" width=\"156\">Resultados<\/td>\n<\/tr>\n<tr>\n<td width=\"187\">Descripci\u00f3n<\/td>\n<td colspan=\"5\" width=\"331\">Polvo cristalino blanco o casi blanco<\/td>\n<td colspan=\"2\" width=\"156\">Conforme<\/td>\n<\/tr>\n<tr>\n<td width=\"187\">Ensayo<\/td>\n<td colspan=\"5\" width=\"331\">98%min<\/td>\n<td colspan=\"2\" width=\"156\">98.83%<\/td>\n<\/tr>\n<tr>\n<td width=\"187\">Punto de fusi\u00f3n<\/td>\n<td colspan=\"5\" width=\"331\">148\u2103 ~ 155\u2103<\/td>\n<td colspan=\"2\" width=\"156\">149.0\u2103~153.0\u2103<\/td>\n<\/tr>\n<tr>\n<td width=\"187\">P\u00e9rdida por secado<\/td>\n<td colspan=\"5\" width=\"331\">0,5%max<\/td>\n<td colspan=\"2\" width=\"156\">0.20%<\/td>\n<\/tr>\n<tr>\n<td width=\"187\">Sustancia relacionada<\/td>\n<td colspan=\"5\" width=\"331\">Cualquier impureza individual :1,0%max<\/td>\n<td colspan=\"2\" width=\"156\">&lt;1,0%<\/td>\n<\/tr>\n<tr>\n<td width=\"187\">Conclusi\u00f3n<\/td>\n<td colspan=\"7\" width=\"487\">La especificaci\u00f3n se ajusta a la norma empresarial<\/td>\n<\/tr>\n<\/tbody>\n<\/table>\n<hr data-start=\"1573\" data-end=\"1576\" \/>\n<h3 data-start=\"1578\" data-end=\"1614\"><strong data-start=\"1582\" data-end=\"1614\">H2: Principales caracter\u00edsticas y efectos<\/strong><\/h3>\n<ul data-start=\"1615\" data-end=\"1919\">\n<li data-start=\"1615\" data-end=\"1669\">\n<p data-start=\"1617\" data-end=\"1669\">Perfil anab\u00f3lico de acci\u00f3n r\u00e1pida debido al \u00e9ster de acetato<\/p>\n<\/li>\n<li data-start=\"1670\" data-end=\"1728\">\n<p data-start=\"1672\" data-end=\"1728\">Admite <strong data-start=\"1681\" data-end=\"1703\">crecimiento muscular magro<\/strong> y conservaci\u00f3n de la fuerza<\/p>\n<\/li>\n<li data-start=\"1729\" data-end=\"1789\">\n<p data-start=\"1731\" data-end=\"1789\">Mejora <strong data-start=\"1740\" data-end=\"1760\">balance de nitr\u00f3geno<\/strong> y <strong data-start=\"1765\" data-end=\"1787\">metabolismo de las prote\u00ednas<\/strong><\/p>\n<\/li>\n<li data-start=\"1790\" data-end=\"1856\">\n<p data-start=\"1792\" data-end=\"1856\">Ideal para <strong data-start=\"1802\" data-end=\"1827\">ciclos de investigaci\u00f3n cortos<\/strong> o estudios de eliminaci\u00f3n r\u00e1pida<\/p>\n<\/li>\n<li data-start=\"1857\" data-end=\"1919\">\n<p data-start=\"1859\" data-end=\"1919\">Compuesto vers\u00e1til tanto para <strong data-start=\"1887\" data-end=\"1910\">corte y aumento de volumen<\/strong> fases<\/p>\n<\/li>\n<\/ul>\n<p data-start=\"1921\" data-end=\"2073\">En <strong data-start=\"1925\" data-end=\"1957\">Acetato de boldenona crudo en polvo<\/strong> garantiza un desarrollo constante y estable del tejido muscular al tiempo que minimiza los efectos secundarios estrog\u00e9nicos no deseados.<\/p>\n<hr data-start=\"2075\" data-end=\"2078\" \/>\n<h3 data-start=\"2080\" data-end=\"2132\"><strong data-start=\"2084\" data-end=\"2132\">H2: Beneficios del acetato de boldenona crudo en polvo<\/strong><\/h3>\n<ul data-start=\"2133\" data-end=\"2530\">\n<li data-start=\"2133\" data-end=\"2219\">\n<p data-start=\"2135\" data-end=\"2219\"><strong data-start=\"2135\" data-end=\"2157\">Baja Aromatizaci\u00f3n:<\/strong> Reduce los efectos estrog\u00e9nicos como la hinchaz\u00f3n o la ginecomastia<\/p>\n<\/li>\n<li data-start=\"2220\" data-end=\"2300\">\n<p data-start=\"2222\" data-end=\"2300\"><strong data-start=\"2222\" data-end=\"2253\">Mejora de la s\u00edntesis de prote\u00ednas:<\/strong> Mejora el aporte de nutrientes y la reparaci\u00f3n muscular<\/p>\n<\/li>\n<li data-start=\"2301\" data-end=\"2380\">\n<p data-start=\"2303\" data-end=\"2380\"><strong data-start=\"2303\" data-end=\"2338\">Aumento del recuento de gl\u00f3bulos rojos:<\/strong> Favorece el transporte de ox\u00edgeno y la resistencia<\/p>\n<\/li>\n<li data-start=\"2381\" data-end=\"2455\">\n<p data-start=\"2383\" data-end=\"2455\"><strong data-start=\"2383\" data-end=\"2405\">Aumento del apetito:<\/strong> Facilita la ingesta cal\u00f3rica para un crecimiento sostenido<\/p>\n<\/li>\n<li data-start=\"2456\" data-end=\"2530\">\n<p data-start=\"2458\" data-end=\"2530\"><strong data-start=\"2458\" data-end=\"2488\">Ganancias estables y sostenibles:<\/strong> Ideal para estudios de rendimiento a largo plazo<\/p>\n<\/li>\n<\/ul>\n<hr data-start=\"2532\" data-end=\"2535\" \/>\n<h3 data-start=\"2537\" data-end=\"2573\"><strong data-start=\"2541\" data-end=\"2573\">H2: Aplicaciones en la investigaci\u00f3n<\/strong><\/h3>\n<p data-start=\"2574\" data-end=\"2888\">Com\u00fanmente denominado <strong data-start=\"2598\" data-end=\"2624\">Equipoise de acci\u00f3n corta<\/strong>, <strong data-start=\"2626\" data-end=\"2658\">Acetato de boldenona crudo en polvo<\/strong> se estudia con frecuencia por su papel en <strong data-start=\"2697\" data-end=\"2760\">metabolismo muscular, equilibrio anab\u00f3lico y retenci\u00f3n de nitr\u00f3geno<\/strong>.<br data-start=\"2761\" data-end=\"2764\" \/>Sus propiedades lo convierten en un excelente compuesto modelo para comprender <strong data-start=\"2833\" data-end=\"2864\">mecanismos de los esteroides anabolizantes<\/strong> en laboratorio.<\/p>\n<p data-start=\"2890\" data-end=\"3056\"><strong data-start=\"2890\" data-end=\"2911\">Aviso importante:<\/strong><br data-start=\"2911\" data-end=\"2914\" \/>Este producto se vende estrictamente para <strong data-start=\"2948\" data-end=\"2986\">laboratorio e investigaci\u00f3n cient\u00edfica<\/strong> fines. Es <strong data-start=\"3003\" data-end=\"3055\">no aprobado para el consumo humano o veterinario<\/strong>.<\/p>\n<hr data-start=\"3058\" data-end=\"3061\" \/>\n<h3 data-start=\"3063\" data-end=\"3097\"><strong data-start=\"3067\" data-end=\"3097\">H3: Especificaciones del producto<\/strong><\/h3>\n<ul data-start=\"3098\" data-end=\"3316\">\n<li data-start=\"3098\" data-end=\"3138\">\n<p data-start=\"3100\" data-end=\"3138\"><strong data-start=\"3100\" data-end=\"3118\">Nombre qu\u00edmico:<\/strong> Acetato de boldenona<\/p>\n<\/li>\n<li data-start=\"3139\" data-end=\"3183\">\n<p data-start=\"3141\" data-end=\"3183\"><strong data-start=\"3141\" data-end=\"3156\">Apariencia:<\/strong> Polvo cristalino blanco<\/p>\n<\/li>\n<li data-start=\"3184\" data-end=\"3205\">\n<p data-start=\"3186\" data-end=\"3205\"><strong data-start=\"3186\" data-end=\"3197\">Pureza:<\/strong> \u2265 99%<\/p>\n<\/li>\n<li data-start=\"3206\" data-end=\"3241\">\n<p data-start=\"3208\" data-end=\"3241\"><strong data-start=\"3208\" data-end=\"3230\">F\u00f3rmula molecular:<\/strong> C21H28O3<\/p>\n<\/li>\n<li data-start=\"3242\" data-end=\"3316\">\n<p data-start=\"3244\" data-end=\"3316\"><strong data-start=\"3244\" data-end=\"3256\">Almacenamiento:<\/strong> Conservar en un lugar fresco y seco, protegido de la luz solar directa<\/p>\n<\/li>\n<\/ul>\n<hr data-start=\"3318\" data-end=\"3321\" \/>\n<h3 data-start=\"3323\" data-end=\"3378\"><strong data-start=\"3327\" data-end=\"3378\">H2: Por qu\u00e9 elegir nuestro acetato de boldenona crudo en polvo<\/strong><\/h3>\n<p data-start=\"3379\" data-end=\"3608\">Ofrecemos <strong data-start=\"3390\" data-end=\"3433\">compuestos de investigaci\u00f3n de calidad farmac\u00e9utica<\/strong> que cumplen las normas internacionales de calidad. Cada lote de <strong data-start=\"3491\" data-end=\"3523\">Acetato de boldenona crudo en polvo<\/strong> se somete a pruebas de pureza, identidad y coherencia para garantizar la fiabilidad de los resultados de la investigaci\u00f3n.<\/p>\n<p>&nbsp;<\/p>","protected":false},"excerpt":{"rendered":"<p>Comprar Acetato de Boldenona Crudo en Polvo - compuesto anab\u00f3lico de investigaci\u00f3n de primera calidad. Promueve la s\u00edntesis de prote\u00ednas, el crecimiento muscular y la fuerza en estudios cient\u00edficos.<\/p>","protected":false},"featured_media":1758,"comment_status":"open","ping_status":"closed","template":"","meta":[],"product_brand":[],"product_cat":[389],"product_tag":[935,944,934,949,945,938,632,649,635,650,641,654,657,656,636,646,612,655,618,648,615,622,638,628,633,639,642,613,630,620,647,653,651,626,645,610,624,933,619,637,614,640,611,634,629,617,625,616,621,643,627,631,932,943,939,623,644,931,940,937,948,282,936,946,947,942,652,941],"class_list":{"0":"post-1757","1":"product","2":"type-product","3":"status-publish","4":"has-post-thumbnail","6":"product_cat-boldenone","7":"product_tag-aas-poland","8":"product_tag-aas-raw-materials-australia","9":"product_tag-aas-raws","10":"product_tag-anabolic-steroid-manufacturer-canada","11":"product_tag-anabolic-steroid-powders-online","12":"product_tag-best-steroid-powder-supplier-usa","13":"product_tag-boldenone-acetate","14":"product_tag-boldenone-acetate-benefits","15":"product_tag-boldenone-acetate-bodybuilding","16":"product_tag-boldenone-acetate-brazil","17":"product_tag-boldenone-acetate-buy","18":"product_tag-boldenone-acetate-canada","19":"product_tag-boldenone-acetate-china","20":"product_tag-boldenone-acetate-cycle","21":"product_tag-boldenone-acetate-dosage","22":"product_tag-boldenone-acetate-factory","23":"product_tag-boldenone-acetate-for-sale","24":"product_tag-boldenone-acetate-half-life","25":"product_tag-boldenone-acetate-manufacturer","26":"product_tag-boldenone-acetate-new-zealand","27":"product_tag-boldenone-acetate-oral","28":"product_tag-boldenone-acetate-powder","29":"product_tag-boldenone-acetate-price","30":"product_tag-boldenone-acetate-profile","31":"product_tag-boldenone-acetate-recipe","32":"product_tag-boldenone-acetate-reddit","33":"product_tag-boldenone-acetate-results","34":"product_tag-boldenone-acetate-reviews","35":"product_tag-boldenone-acetate-source","36":"product_tag-boldenone-acetate-supplier","37":"product_tag-boldenone-acetate-sweden","38":"product_tag-boldenone-acetate-uk","39":"product_tag-boldenone-acetate-usa","40":"product_tag-boldenone-acetate-vs-boldenone-undecylenate","41":"product_tag-boldenone-powders-boldenone-acetate-powder","42":"product_tag-boldenone-raw-powders-boldenone-acetate-steroid","43":"product_tag-boldenone-raws-anabolic-steroid-hormone","44":"product_tag-buy-aas-raws-online","45":"product_tag-buy-boldenone-acetate","46":"product_tag-buy-boldenone-acetate-australia","47":"product_tag-buy-boldenone-acetate-brazil","48":"product_tag-buy-boldenone-acetate-canada","49":"product_tag-buy-boldenone-acetate-europe","50":"product_tag-buy-boldenone-acetate-france","51":"product_tag-buy-boldenone-acetate-india","52":"product_tag-buy-boldenone-acetate-mexico","53":"product_tag-buy-boldenone-acetate-poland","54":"product_tag-buy-boldenone-acetate-powder","55":"product_tag-buy-boldenone-acetate-sweden","56":"product_tag-buy-boldenone-acetate-switzerland","57":"product_tag-buy-boldenone-acetate-uk","58":"product_tag-buy-boldenone-acetate-usa","59":"product_tag-buy-raw-steroid-powders-online","60":"product_tag-buy-raw-steroids-china","61":"product_tag-high-purity-anabolic-steroids-canada","62":"product_tag-injectable-boldenone-acetate-liver","63":"product_tag-raw-boldenone-acetate-powder","64":"product_tag-raw-steroids-for-sale","65":"product_tag-steroid-raw-material-factory-europe","66":"product_tag-steroid-raws-online","67":"product_tag-steroid-raws-supplier-florida","68":"product_tag-steroids","69":"product_tag-supplier-usa","70":"product_tag-testosterone-raw-powder-poland","71":"product_tag-trenbolone-powder-thailand","72":"product_tag-trusted-steroid-raw-supplier-worldwide","73":"product_tag-where-to-buy-boldenone-acetate-boldenone-acetate-color","74":"product_tag-wholesale-steroid-powders-australia","76":"first","77":"instock","78":"shipping-taxable","79":"product-type-simple"},"_links":{"self":[{"href":"https:\/\/shgotopharm.com\/es\/wp-json\/wp\/v2\/product\/1757","targetHints":{"allow":["GET"]}}],"collection":[{"href":"https:\/\/shgotopharm.com\/es\/wp-json\/wp\/v2\/product"}],"about":[{"href":"https:\/\/shgotopharm.com\/es\/wp-json\/wp\/v2\/types\/product"}],"replies":[{"embeddable":true,"href":"https:\/\/shgotopharm.com\/es\/wp-json\/wp\/v2\/comments?post=1757"}],"wp:featuredmedia":[{"embeddable":true,"href":"https:\/\/shgotopharm.com\/es\/wp-json\/wp\/v2\/media\/1758"}],"wp:attachment":[{"href":"https:\/\/shgotopharm.com\/es\/wp-json\/wp\/v2\/media?parent=1757"}],"wp:term":[{"taxonomy":"product_brand","embeddable":true,"href":"https:\/\/shgotopharm.com\/es\/wp-json\/wp\/v2\/product_brand?post=1757"},{"taxonomy":"product_cat","embeddable":true,"href":"https:\/\/shgotopharm.com\/es\/wp-json\/wp\/v2\/product_cat?post=1757"},{"taxonomy":"product_tag","embeddable":true,"href":"https:\/\/shgotopharm.com\/es\/wp-json\/wp\/v2\/product_tag?post=1757"}],"curies":[{"name":"wp","href":"https:\/\/api.w.org\/{rel}","templated":true}]}}