{"id":1769,"date":"2025-11-04T13:06:33","date_gmt":"2025-11-04T13:06:33","guid":{"rendered":"https:\/\/shgotopharm.com\/?post_type=product&#038;p=1769"},"modified":"2025-12-12T18:05:24","modified_gmt":"2025-12-12T18:05:24","slug":"comprar-drostanolona-enantato","status":"publish","type":"product","link":"https:\/\/shgotopharm.com\/es\/product\/buy-drostanolone-enanthate\/","title":{"rendered":"Comprar Drostanolone Enanthate (Masteron Enanthate)"},"content":{"rendered":"<h2><a href=\"https:\/\/shgotopharm.com\/es\/product\/comprar-drostanolona-enantato\/\">Comprar Drostanolone Enanthate (Masteron Enanthate)<\/a><\/h2>\n<p>Drostanolone, ampliamente conocido por su nombre comercial Masteron, es un esteroide anab\u00f3lico derivado de la dihidrotestosterona (DHT). A trav\u00e9s de una ligera modificaci\u00f3n qu\u00edmica, Drostanolone exhibe un efecto anab\u00f3lico m\u00e1s fuerte en comparaci\u00f3n con DHT s\u00ed mismo.<\/p>\n<p>Ambas versiones contienen la misma hormona activa, pero difieren en el \u00e9ster adjunto, que influye en la rapidez con que el esteroide se libera en el torrente sangu\u00edneo y el tiempo que permanece activo en el cuerpo. El \u00e9ster no altera la funci\u00f3n real de Drostanolone - una vez separado, la hormona pura ofrece sus efectos de manera eficiente.<\/p>\n<h3>Comprar Drostanolone Enanthate (Masteron Enanthate)<\/h3>\n<p>Masteron Enanthate, o Drostanolone Enanthate, es notable por ser uno de los pocos esteroides anab\u00f3licos con potentes propiedades anti-estrog\u00e9nicas. Esto hace que sea uno de los favoritos en los ciclos de culturismo pre-competici\u00f3n, donde los atletas tienen como objetivo mejorar la dureza muscular y definici\u00f3n al tiempo que minimiza la retenci\u00f3n de agua.<\/p>\n<p>Aunque sus efectos son relativamente leves cuando se usa solo, Masteron Enanthate trabaja sin\u00e9rgicamente con otros compuestos anab\u00f3licos para promover un f\u00edsico m\u00e1s delgado, m\u00e1s denso y m\u00e1s esculpido. Es especialmente valorado por los culturistas competitivos y recreativos por igual durante las fases de corte. Comprar Drostanolone Enanthate<\/p>\n<h3>Masteron Enantato: Detalles clave<\/h3>\n<p>Compuesto base: Dihidrotestosterona (DHT)<\/p>\n<p>Categor\u00eda: Esteroides anabolizantes androg\u00e9nicos (AAS)<\/p>\n<p>Uso principal: Corte y preparaci\u00f3n previa al concurso<\/p>\n<p>Caracter\u00edstica destacable: Efecto antiestrog\u00e9nico: ayuda a reducir los efectos secundarios relacionados con los estr\u00f3genos.<\/p>\n<p>Forma: Inyectable<\/p>\n<p>Masteron Enanthate evolucion\u00f3 originalmente como una modificaci\u00f3n clandestina del ahora descatalogado Drostanolone Propionate, ofreciendo una cadena de \u00e9steres m\u00e1s larga para una actividad prolongada e inyecciones menos frecuentes.<\/p>\n<h3>Dosis t\u00edpica de Masteron Enanthate<\/h3>\n<p>Para la mayor\u00eda de los usuarios masculinos, 400-500 mg por semana se considera un rango de dosis est\u00e1ndar.<br \/>\nLa dosis semanal total suele dividirse en dos inyecciones, por ejemplo:<\/p>\n<p>Lunes: Primera dosis<\/p>\n<p>Jueves: Segunda dosis<\/p>\n<p>Un ciclo t\u00edpico dura de 6 a 12 semanas, dependiendo de los objetivos de la persona, su nivel de experiencia y la composici\u00f3n general del ciclo.<\/p>\n<h3>Reflexiones finales<\/h3>\n<p>Drostanolone Enanthate (Masteron Enanthate) sigue siendo un compuesto de piedra angular para los culturistas que buscan un aspecto seco y duro con una actividad estrog\u00e9nica m\u00ednima. Su compatibilidad con otros esteroides anab\u00f3licos hace que sea una adici\u00f3n eficaz para el corte y los ciclos de preparaci\u00f3n para el concurso, especialmente para los atletas que luchan por esa ventaja adicional en la definici\u00f3n muscular. Comprar Enantato de Drostanolona<\/p>","protected":false},"excerpt":{"rendered":"<h2><a href=\"https:\/\/shgotopharm.com\/es\/product\/comprar-drostanolona-enantato\/\">Comprar Drostanolone Enanthate (Masteron Enanthate)<\/a><\/h2>\n<p>Drostanolona, ampliamente conocido por su nombre comercial Masteron, es un esteroide anab\u00f3lico derivado de la dihidrotestosterona (DHT)<\/p>","protected":false},"featured_media":1770,"comment_status":"open","ping_status":"closed","template":"","meta":[],"product_brand":[],"product_cat":[390],"product_tag":[935,944,934,949,945,938,933,756,757,932,943,758,759,760,761,762,764,755,763,939,931,754,940,937,948,936,946,947,942,941],"class_list":{"0":"post-1769","1":"product","2":"type-product","3":"status-publish","4":"has-post-thumbnail","6":"product_cat-oral-steroids","7":"product_tag-aas-poland","8":"product_tag-aas-raw-materials-australia","9":"product_tag-aas-raws","10":"product_tag-anabolic-steroid-manufacturer-canada","11":"product_tag-anabolic-steroid-powders-online","12":"product_tag-best-steroid-powder-supplier-usa","13":"product_tag-buy-aas-raws-online","14":"product_tag-buy-drostanolone-enanthate","15":"product_tag-buy-drostanolone-enanthate-powder","16":"product_tag-buy-raw-steroid-powders-online","17":"product_tag-buy-raw-steroids-china","18":"product_tag-drostanolone-enanthate","19":"product_tag-drostanolone-enanthate-200","20":"product_tag-drostanolone-enanthate-200mg","21":"product_tag-drostanolone-enanthate-bodybuilding","22":"product_tag-drostanolone-enanthate-raw-powder","23":"product_tag-drostanolone-powder-australia","24":"product_tag-drostanolone-powder-drostanolone-masteron-raws-anabolic-steroid-hormone","25":"product_tag-drostanolone-powder-usa","26":"product_tag-high-purity-anabolic-steroids-canada","27":"product_tag-raw-steroids-for-sale","28":"product_tag-steroid-raw","29":"product_tag-steroid-raw-material-factory-europe","30":"product_tag-steroid-raws-online","31":"product_tag-steroid-raws-supplier-florida","32":"product_tag-supplier-usa","33":"product_tag-testosterone-raw-powder-poland","34":"product_tag-trenbolone-powder-thailand","35":"product_tag-trusted-steroid-raw-supplier-worldwide","36":"product_tag-wholesale-steroid-powders-australia","38":"first","39":"instock","40":"shipping-taxable","41":"product-type-simple"},"_links":{"self":[{"href":"https:\/\/shgotopharm.com\/es\/wp-json\/wp\/v2\/product\/1769","targetHints":{"allow":["GET"]}}],"collection":[{"href":"https:\/\/shgotopharm.com\/es\/wp-json\/wp\/v2\/product"}],"about":[{"href":"https:\/\/shgotopharm.com\/es\/wp-json\/wp\/v2\/types\/product"}],"replies":[{"embeddable":true,"href":"https:\/\/shgotopharm.com\/es\/wp-json\/wp\/v2\/comments?post=1769"}],"wp:featuredmedia":[{"embeddable":true,"href":"https:\/\/shgotopharm.com\/es\/wp-json\/wp\/v2\/media\/1770"}],"wp:attachment":[{"href":"https:\/\/shgotopharm.com\/es\/wp-json\/wp\/v2\/media?parent=1769"}],"wp:term":[{"taxonomy":"product_brand","embeddable":true,"href":"https:\/\/shgotopharm.com\/es\/wp-json\/wp\/v2\/product_brand?post=1769"},{"taxonomy":"product_cat","embeddable":true,"href":"https:\/\/shgotopharm.com\/es\/wp-json\/wp\/v2\/product_cat?post=1769"},{"taxonomy":"product_tag","embeddable":true,"href":"https:\/\/shgotopharm.com\/es\/wp-json\/wp\/v2\/product_tag?post=1769"}],"curies":[{"name":"wp","href":"https:\/\/api.w.org\/{rel}","templated":true}]}}