{"id":1772,"date":"2025-11-05T01:02:32","date_gmt":"2025-11-05T01:02:32","guid":{"rendered":"https:\/\/shgotopharm.com\/?post_type=product&#038;p=1772"},"modified":"2025-11-10T10:05:02","modified_gmt":"2025-11-10T10:05:02","slug":"drostanolona-propionato-masteron-crudo","status":"publish","type":"product","link":"https:\/\/shgotopharm.com\/es\/product\/raw-drostanolone-propionate-masteron\/","title":{"rendered":"Drostanolona propionato Masteron crudo"},"content":{"rendered":"<h2><a href=\"https:\/\/shgotopharm.com\/es\/product\/drostanolona-propionato-masteron-crudo\/\"><strong data-start=\"263\" data-end=\"303\">Drostanolona propionato Masteron crudo<\/strong><\/a><\/h2>\n<p data-start=\"305\" data-end=\"649\"><strong data-start=\"305\" data-end=\"345\">Drostanolona propionato Masteron crudo<\/strong> es un esteroide anab\u00f3lico de primera calidad ampliamente reconocido por su capacidad para mejorar la dureza, densidad y definici\u00f3n muscular. Originalmente desarrollado para uso m\u00e9dico, se ha convertido en uno de los favoritos entre los atletas y culturistas de competici\u00f3n que tienen como objetivo conservar la fuerza al tiempo que reduce la grasa corporal y la retenci\u00f3n de agua.<\/p>\n<p data-start=\"651\" data-end=\"1015\">Este compuesto es especialmente beneficioso para <strong data-start=\"694\" data-end=\"741\">corredores, luchadores y atletas de alto rendimiento<\/strong> que necesitan mantener la fuerza y la potencia m\u00e1ximas sin ganar peso en exceso. Dentro de la comunidad culturista, <strong data-start=\"853\" data-end=\"880\">Propionato de drostanolona<\/strong> es admirada por su <strong data-start=\"900\" data-end=\"941\">efectos diur\u00e9ticos y modeladores del f\u00edsico<\/strong>, ayudando a los usuarios a conseguir un aspecto esbelto, seco y bien definido en el escenario.<\/p>\n<hr data-start=\"1017\" data-end=\"1020\" \/>\n<h3 data-start=\"1022\" data-end=\"1080\"><strong data-start=\"1025\" data-end=\"1080\">Propionato de drostanolona Masteron crudo Especificaciones<\/strong><\/h3>\n<ul data-start=\"1082\" data-end=\"1276\">\n<li data-start=\"1082\" data-end=\"1106\">\n<p data-start=\"1084\" data-end=\"1106\"><strong data-start=\"1084\" data-end=\"1095\">CAS ID:<\/strong> 521-12-0<\/p>\n<\/li>\n<li data-start=\"1107\" data-end=\"1128\">\n<p data-start=\"1109\" data-end=\"1128\"><strong data-start=\"1109\" data-end=\"1120\">Pureza:<\/strong> \u2265 99%<\/p>\n<\/li>\n<li data-start=\"1129\" data-end=\"1157\">\n<p data-start=\"1131\" data-end=\"1157\"><strong data-start=\"1131\" data-end=\"1145\">N\u00ba EINECS<\/strong> 208-303-1<\/p>\n<\/li>\n<li data-start=\"1158\" data-end=\"1193\">\n<p data-start=\"1160\" data-end=\"1193\"><strong data-start=\"1160\" data-end=\"1182\">F\u00f3rmula molecular:<\/strong> C\u2082\u2083H\u2083\u2086O\u2083<\/p>\n<\/li>\n<li data-start=\"1194\" data-end=\"1226\">\n<p data-start=\"1196\" data-end=\"1226\"><strong data-start=\"1196\" data-end=\"1217\">Peso molecular:<\/strong> 360.53<\/p>\n<\/li>\n<li data-start=\"1227\" data-end=\"1276\">\n<p data-start=\"1229\" data-end=\"1276\"><strong data-start=\"1229\" data-end=\"1244\">Apariencia:<\/strong> Polvo cristalino fino blanco<\/p>\n<\/li>\n<\/ul>\n<p data-start=\"1278\" data-end=\"1464\">Nuestra <strong data-start=\"1282\" data-end=\"1329\">Drostanolona propionato Masteron en polvo sin refinar<\/strong> es de gran pureza y calidad farmac\u00e9utica, perfecto para la investigaci\u00f3n, la formulaci\u00f3n o la preparaci\u00f3n avanzada bajo la direcci\u00f3n de expertos.<\/p>\n<hr data-start=\"1466\" data-end=\"1469\" \/>\n<h3 data-start=\"1471\" data-end=\"1502\"><strong data-start=\"1474\" data-end=\"1502\">Principales ventajas y efectos<\/strong><\/h3>\n<p data-start=\"1504\" data-end=\"1692\"><strong data-start=\"1504\" data-end=\"1531\">Propionato de drostanolona<\/strong> mejora la definici\u00f3n y densidad muscular, creando un aspecto m\u00e1s definido y duro, especialmente en atletas con niveles de grasa corporal ya bajos. Cuando se utiliza correctamente, puede:<\/p>\n<ul data-start=\"1694\" data-end=\"1919\">\n<li data-start=\"1694\" data-end=\"1742\">\n<p data-start=\"1696\" data-end=\"1742\"><strong data-start=\"1696\" data-end=\"1740\">Aumentar la dureza y vascularidad muscular<\/strong><\/p>\n<\/li>\n<li data-start=\"1743\" data-end=\"1787\">\n<p data-start=\"1745\" data-end=\"1787\"><strong data-start=\"1745\" data-end=\"1785\">Aumenta la resistencia sin a\u00f1adir volumen<\/strong><\/p>\n<\/li>\n<li data-start=\"1788\" data-end=\"1856\">\n<p data-start=\"1790\" data-end=\"1856\"><strong data-start=\"1790\" data-end=\"1854\">Favorece la p\u00e9rdida de grasa y previene la degradaci\u00f3n muscular durante el corte<\/strong><\/p>\n<\/li>\n<li data-start=\"1857\" data-end=\"1919\">\n<p data-start=\"1859\" data-end=\"1919\"><strong data-start=\"1859\" data-end=\"1917\">Mantener o mejorar el rendimiento en deportes de peso<\/strong><\/p>\n<\/li>\n<\/ul>\n<p data-start=\"1921\" data-end=\"2047\">Estas propiedades hacen que <strong data-start=\"1943\" data-end=\"1983\">Drostanolona propionato Masteron crudo<\/strong> un compuesto de referencia para los ciclos de corte y las fases previas a la competici\u00f3n.<\/p>\n<hr data-start=\"2049\" data-end=\"2052\" \/>\n<h4 data-start=\"2054\" data-end=\"2087\"><strong data-start=\"2057\" data-end=\"2087\">Ciclos Masteron para principiantes<\/strong><\/h4>\n<p data-start=\"2089\" data-end=\"2309\">Para los nuevos usuarios, se recomienda inyectar <strong data-start=\"2131\" data-end=\"2158\">Propionato de drostanolona<\/strong> <strong data-start=\"2159\" data-end=\"2178\">en d\u00edas alternos<\/strong> debido a su vida media m\u00e1s corta. Alternativamente, <strong data-start=\"2224\" data-end=\"2250\">Enantato de drostanolona<\/strong> (la versi\u00f3n de \u00e9ster m\u00e1s largo) puede inyectarse dos veces por semana.<\/p>\n<p data-start=\"2311\" data-end=\"2341\"><strong data-start=\"2311\" data-end=\"2339\">Dosis semanal sugerida:<\/strong><\/p>\n<ul data-start=\"2342\" data-end=\"2444\">\n<li data-start=\"2342\" data-end=\"2392\">\n<p data-start=\"2344\" data-end=\"2392\"><strong data-start=\"2344\" data-end=\"2368\">Propionato de Masteron:<\/strong> Hasta 300 mg por semana<\/p>\n<\/li>\n<li data-start=\"2393\" data-end=\"2444\">\n<p data-start=\"2395\" data-end=\"2444\"><strong data-start=\"2395\" data-end=\"2422\">Enantato de Drostanolona:<\/strong> 400-600 mg por semana<\/p>\n<\/li>\n<\/ul>\n<p data-start=\"2446\" data-end=\"2510\">La duraci\u00f3n del ciclo no debe superar <strong data-start=\"2479\" data-end=\"2495\">De 4 a 6 semanas<\/strong> para principiantes.<\/p>\n<hr data-start=\"2512\" data-end=\"2515\" \/>\n<h3 data-start=\"2517\" data-end=\"2561\"><strong data-start=\"2520\" data-end=\"2561\">Masteron Propionato Pautas de dosificaci\u00f3n<\/strong><\/h3>\n<ul data-start=\"2563\" data-end=\"2734\">\n<li data-start=\"2563\" data-end=\"2609\">\n<p data-start=\"2565\" data-end=\"2609\"><strong data-start=\"2565\" data-end=\"2592\">Dosis m\u00ednima eficaz:<\/strong> 100 mg al d\u00eda<\/p>\n<\/li>\n<li data-start=\"2610\" data-end=\"2665\">\n<p data-start=\"2612\" data-end=\"2665\"><strong data-start=\"2612\" data-end=\"2641\">Rango semanal recomendado:<\/strong> Hasta 600 mg por semana<\/p>\n<\/li>\n<li data-start=\"2666\" data-end=\"2734\">\n<p data-start=\"2668\" data-end=\"2734\"><strong data-start=\"2668\" data-end=\"2692\">Frecuencia de inyecci\u00f3n:<\/strong> Cada 2-3 d\u00edas (debido a su corta vida media)<\/p>\n<\/li>\n<\/ul>\n<p data-start=\"2736\" data-end=\"2859\">En <strong data-start=\"2742\" data-end=\"2765\">Propionato de Masteron<\/strong> no se suele aconsejar a las mujeres, algunas deportistas utilizan dosis bajas antes de las competiciones.<\/p>\n<ul data-start=\"2860\" data-end=\"2912\">\n<li data-start=\"2860\" data-end=\"2912\">\n<p data-start=\"2862\" data-end=\"2912\"><strong data-start=\"2862\" data-end=\"2888\">Dosis femenina sugerida:<\/strong> 100 mg cada 4-5 d\u00edas<\/p>\n<\/li>\n<\/ul>\n<hr data-start=\"2914\" data-end=\"2917\" \/>\n<h4 data-start=\"2919\" data-end=\"2936\"><strong data-start=\"2922\" data-end=\"2936\">Conclusi\u00f3n<\/strong><\/h4>\n<p data-start=\"2938\" data-end=\"3324\"><strong data-start=\"2938\" data-end=\"2978\">Drostanolona propionato Masteron crudo<\/strong> sigue siendo uno de los compuestos anab\u00f3licos m\u00e1s buscados por aquellos que persiguen un f\u00edsico esbelto, seco y listo para la competici\u00f3n. Su combinaci\u00f3n de <strong data-start=\"3118\" data-end=\"3143\">conservaci\u00f3n de la fuerza<\/strong>, <strong data-start=\"3145\" data-end=\"3165\">endurecimiento muscular<\/strong>, y <strong data-start=\"3171\" data-end=\"3199\">beneficios antiestrog\u00e9nicos<\/strong> lo convierte en una elecci\u00f3n fiable tanto para culturistas profesionales como para atletas de alto rendimiento durante las fases de corte o precompetici\u00f3n.<\/p>","protected":false},"excerpt":{"rendered":"<h2><a href=\"https:\/\/shgotopharm.com\/es\/product\/drostanolona-propionato-masteron-crudo\/\"><strong data-start=\"263\" data-end=\"303\">Drostanolona propionato Masteron crudo<\/strong><\/a><\/h2>\n<p data-start=\"305\" data-end=\"649\"><strong data-start=\"305\" data-end=\"345\">Drostanolona propionato Masteron crudo<\/strong> es un esteroide anab\u00f3lico de primera calidad ampliamente reconocido por su capacidad para aumentar la dureza, densidad y definici\u00f3n muscular.<\/p>","protected":false},"featured_media":1773,"comment_status":"open","ping_status":"closed","template":"","meta":[],"product_brand":[],"product_cat":[390],"product_tag":[935,944,934,949,945,788,938,933,790,793,787,932,943,771,939,777,765,769,783,774,778,780,792,791,795,794,785,773,789,770,766,781,772,775,767,786,784,768,779,782,776,931,940,937,948,936,946,947,942,941],"class_list":{"0":"post-1772","1":"product","2":"type-product","3":"status-publish","4":"has-post-thumbnail","6":"product_cat-oral-steroids","7":"product_tag-aas-poland","8":"product_tag-aas-raw-materials-australia","9":"product_tag-aas-raws","10":"product_tag-anabolic-steroid-manufacturer-canada","11":"product_tag-anabolic-steroid-powders-online","12":"product_tag-best-masteron-propionate-powder","13":"product_tag-best-steroid-powder-supplier-usa","14":"product_tag-buy-aas-raws-online","15":"product_tag-buy-masteron-enanthate","16":"product_tag-buy-masteron-enanthate-uk","17":"product_tag-buy-masteron-online","18":"product_tag-buy-raw-steroid-powders-online","19":"product_tag-buy-raw-steroids-china","20":"product_tag-drostanolone-propionate-steroid-side-effects","21":"product_tag-high-purity-anabolic-steroids-canada","22":"product_tag-how-to-use-masteron-propionate","23":"product_tag-masteron-powders-buy-masteron-propionate","24":"product_tag-masteron-propionate-100mg","25":"product_tag-masteron-propionate-brazil","26":"product_tag-masteron-propionate-buy","27":"product_tag-masteron-propionate-canada","28":"product_tag-masteron-propionate-china","29":"product_tag-masteron-propionate-dosage","30":"product_tag-masteron-propionate-factory","31":"product_tag-masteron-propionate-half-life","32":"product_tag-masteron-propionate-manufacturer","33":"product_tag-masteron-propionate-new-zealand","34":"product_tag-masteron-propionate-powder","35":"product_tag-masteron-propionate-recipe","36":"product_tag-masteron-propionate-stack","37":"product_tag-masteron-propionate-supplier","38":"product_tag-masteron-propionate-sweden","39":"product_tag-masteron-propionate-uk","40":"product_tag-masteron-propionate-usa","41":"product_tag-masteron-propionate-vs-enanthate","42":"product_tag-masteron-raw-powder","43":"product_tag-masteron-steroid-benefits","44":"product_tag-masteron-steroid-buy","45":"product_tag-masteron-steroid-dosage","46":"product_tag-masteron-steroid-price-in-india","47":"product_tag-masteron-steroid-profile","48":"product_tag-raw-steroids-for-sale","49":"product_tag-steroid-raw-material-factory-europe","50":"product_tag-steroid-raws-online","51":"product_tag-steroid-raws-supplier-florida","52":"product_tag-supplier-usa","53":"product_tag-testosterone-raw-powder-poland","54":"product_tag-trenbolone-powder-thailand","55":"product_tag-trusted-steroid-raw-supplier-worldwide","56":"product_tag-wholesale-steroid-powders-australia","58":"first","59":"instock","60":"shipping-taxable","61":"product-type-simple"},"_links":{"self":[{"href":"https:\/\/shgotopharm.com\/es\/wp-json\/wp\/v2\/product\/1772","targetHints":{"allow":["GET"]}}],"collection":[{"href":"https:\/\/shgotopharm.com\/es\/wp-json\/wp\/v2\/product"}],"about":[{"href":"https:\/\/shgotopharm.com\/es\/wp-json\/wp\/v2\/types\/product"}],"replies":[{"embeddable":true,"href":"https:\/\/shgotopharm.com\/es\/wp-json\/wp\/v2\/comments?post=1772"}],"wp:featuredmedia":[{"embeddable":true,"href":"https:\/\/shgotopharm.com\/es\/wp-json\/wp\/v2\/media\/1773"}],"wp:attachment":[{"href":"https:\/\/shgotopharm.com\/es\/wp-json\/wp\/v2\/media?parent=1772"}],"wp:term":[{"taxonomy":"product_brand","embeddable":true,"href":"https:\/\/shgotopharm.com\/es\/wp-json\/wp\/v2\/product_brand?post=1772"},{"taxonomy":"product_cat","embeddable":true,"href":"https:\/\/shgotopharm.com\/es\/wp-json\/wp\/v2\/product_cat?post=1772"},{"taxonomy":"product_tag","embeddable":true,"href":"https:\/\/shgotopharm.com\/es\/wp-json\/wp\/v2\/product_tag?post=1772"}],"curies":[{"name":"wp","href":"https:\/\/api.w.org\/{rel}","templated":true}]}}