{"id":1703,"date":"2025-10-23T15:48:25","date_gmt":"2025-10-23T15:48:25","guid":{"rendered":"https:\/\/shgotopharm.com\/?post_type=product&#038;p=1703"},"modified":"2025-12-13T10:14:31","modified_gmt":"2025-12-13T10:14:31","slug":"acheter-testosterone-enanthate-en-poudre","status":"publish","type":"product","link":"https:\/\/shgotopharm.com\/fr\/product\/buy-testosterone-enanthate-powder\/","title":{"rendered":"Acheter Testosterone enanthate Powder"},"content":{"rendered":"<h2><a href=\"https:\/\/shgotopharm.com\/fr\/product\/acheter-testosterone-enanthate-en-poudre\/\">Acheter Testosterone enanthate Powder<\/a><\/h2>\n<p>Acheter la poudre de testost\u00e9rone enanthate. La version \u00e9nanthate de la testost\u00e9rone est l'une des meilleures drogues am\u00e9liorant les performances (PED) pour favoriser la croissance musculaire, la perte de graisse, l'endurance, la capacit\u00e9 \u00e0 supporter des s\u00e9ances d'entra\u00eenement intenses et la r\u00e9cup\u00e9ration apr\u00e8s les blessures. L'\u00e9nanthate de testost\u00e9rone est admir\u00e9 par les sportifs professionnels, en particulier les athl\u00e8tes de force et les halt\u00e9rophiles professionnels, ainsi que par les culturistes, car il contribue \u00e0 am\u00e9liorer les niveaux de d\u00e9finition musculaire, la synth\u00e8se des prot\u00e9ines et la r\u00e9tention d'azote, tout en \u00e9tant d\u00e9pourvu d'effets secondaires, sauf en cas d'abus ou d'une faible teneur en testost\u00e9rone.<\/p>\n<p>Ce st\u00e9ro\u00efde est \u00e9galement utilis\u00e9 dans le cadre d'une th\u00e9rapie de remplacement de la testost\u00e9rone pour traiter les hommes hypogonadiques (hommes ayant un faible taux de testost\u00e9rone) ou pour stimuler la pubert\u00e9 chez des hommes soigneusement s\u00e9lectionn\u00e9s pr\u00e9sentant un retard manifeste de la pubert\u00e9. Il peut \u00e9galement \u00eatre utilis\u00e9 en deuxi\u00e8me intention chez les femmes atteintes d'un cancer mammaire m\u00e9tastatique (squelettique) inop\u00e9rable en progression et m\u00e9nopaus\u00e9es depuis 1 \u00e0 5 ans.<\/p>\n<h3>Buy Testosterone enanthate Powder | Sp\u00e9cifications<\/h3>\n<p>Nom du produit : Enanthate de testost\u00e9rone<br \/>\nSynonymes : \u00e9nantate de testost\u00e9rone ; \u00e9nanthate de testost\u00e9rone<br \/>\nCAS:315-37-7<br \/>\nEINECS : 206-253-5<br \/>\nEssai : 98% min.<br \/>\nFormule mol\u00e9culaire C26H40O3<br \/>\nPoids mol\u00e9culaire 400,6<br \/>\nStructure mol\u00e9culaire :<br \/>\nPoint de fusion 34-39\u00b0C<br \/>\nIndice de r\u00e9fraction : 77\u00b0.<br \/>\nCaract\u00e8re : Poudre cristalline blanche.<br \/>\nEmballage:1kg\/sac en papier d'aluminium ou 5 Kg net\/bo\u00eete en aluminium<br \/>\nUtilisation : Mati\u00e8re pharmaceutique, hormone st\u00e9ro\u00efde, anaboline. Cliniquement, pour le traitement du d\u00e9clin de la fonction sexuelle masculine, de l'an\u00e9mie aplastique et d'autres maladies.<\/p>\n<p>L'\u00e9nanthate de testost\u00e9rone a une dur\u00e9e de vie active de pr\u00e8s de 14 \u00e0 15 jours et peut \u00eatre d\u00e9tect\u00e9 dans un d\u00e9lai de deux \u00e0 trois mois. Ce d\u00e9riv\u00e9 de la testost\u00e9rone a un rapport anabolisant\/androg\u00e8ne de 100:100, ce qui signifie qu'il est aussi anabolisant qu'androg\u00e8ne.<br \/>\nCe st\u00e9ro\u00efde anabolisant est g\u00e9n\u00e9ralement utilis\u00e9 pour un cycle de 6 \u00e0 8 semaines et la dose recommand\u00e9e est de 300 \u00e0 2000 mg par semaine pour les hommes. Le d\u00e9riv\u00e9 de la testost\u00e9rone n'est pas recommand\u00e9 pour les filles et les femmes, \u00e0 moins que son utilisation ne soit approuv\u00e9e par un m\u00e9decin.<\/p>\n<h3>Testosterone enanthate Powder utilisations<\/h3>\n<p>L'utilisation de ce st\u00e9ro\u00efde est d\u00e9conseill\u00e9e aux personnes souffrant d'un cancer du sein ou de la prostate et aux femmes enceintes ou susceptibles de l'\u00eatre, car elle peut entra\u00eener une virilisation des organes g\u00e9nitaux externes du f\u0153tus f\u00e9minin. L'\u00e9nanthate de testost\u00e9rone est d\u00e9conseill\u00e9 aux personnes qui utilisent des m\u00e9dicaments tels que les anticoagulants (car il r\u00e9duit les besoins en anticoagulants des patients recevant des anticoagulants oraux), l'oxyphenbutazone (car il augmente les taux s\u00e9riques d'oxyphenbutazone), l'insuline (car il r\u00e9duit la glyc\u00e9mie et l'insuline) et les corticost\u00e9ro\u00efdes (car il augmente la tendance \u00e0 l'\u0153d\u00e8me).<\/p>\n<h3>O\u00f9 acheter la poudre de testost\u00e9rone enanthate<\/h3>\n<p>Achetez la poudre de testost\u00e9rone enanthate de SHGOTOPHARM, nous sommes les meilleurs fournisseurs de st\u00e9ro\u00efdes. L'\u00e9nanthate de testost\u00e9rone est g\u00e9n\u00e9ralement associ\u00e9 \u00e0 l'Anavar, au Clenbut\u00e9rol, au Dianabol, au Deca Durabolin, au Primobolan et \u00e0 l'Equipoise. Il est disponible sous diff\u00e9rentes formes : pilules, g\u00e9lules, injections et sirops. \u00c9tant donn\u00e9 que l'utilisation de d\u00e9riv\u00e9s de la testost\u00e9rone a \u00e9t\u00e9 associ\u00e9e \u00e0 la formation d'un exc\u00e8s d'\u0153strog\u00e8nes, il est fortement recommand\u00e9 d'avoir \u00e0 port\u00e9e de main des anti\u0153strog\u00e8nes tels que le Clomid et le Nolvadex, en particulier pour ceux qui ont des ant\u00e9c\u00e9dents de formation d'\u0153strog\u00e8nes en exc\u00e8s (apparition d'acn\u00e9, de gyn\u00e9comastie et de peau grasse avec l'utilisation de st\u00e9ro\u00efdes anabolisants).<\/p>\n<p>Acheter Testosterone enanthate Powder, Testosterone Enanthate powder for sale, Testosterone Enanthate steroid powder buy, Testosterone Enanthate china suppliers, best Testosterone Enanthate powder vendor, Raw Testosterone Steroid Powder Supplier<\/p>\n<h2><\/h2>","protected":false},"excerpt":{"rendered":"<h2><a href=\"https:\/\/shgotopharm.com\/fr\/product\/acheter-testosterone-enanthate-en-poudre\/\">Acheter Testosterone enanthate Powder<\/a><\/h2>\n<p>Acheter la poudre de testost\u00e9rone enanthate. La version \u00e9nanthate de la testost\u00e9rone est l'une des meilleures drogues d'am\u00e9lioration des performances (PED) pour favoriser la croissance musculaire, la perte de graisse, l'endurance, la capacit\u00e9 \u00e0 supporter des s\u00e9ances d'entra\u00eenement intenses et la r\u00e9cup\u00e9ration apr\u00e8s une blessure.<\/p>","protected":false},"featured_media":1709,"comment_status":"open","ping_status":"closed","template":"","meta":[],"product_brand":[],"product_cat":[213],"product_tag":[935,944,934,949,945,212,938,206,933,932,943,202,939,931,207,940,937,948,210,211,936,209,208,205,203,204,946,947,942,941],"class_list":{"0":"post-1703","1":"product","2":"type-product","3":"status-publish","4":"has-post-thumbnail","6":"product_cat-testosterone","7":"product_tag-aas-poland","8":"product_tag-aas-raw-materials-australia","9":"product_tag-aas-raws","10":"product_tag-anabolic-steroid-manufacturer-canada","11":"product_tag-anabolic-steroid-powders-online","12":"product_tag-apis","13":"product_tag-best-steroid-powder-supplier-usa","14":"product_tag-best-testosterone-enanthate-powder-vendor","15":"product_tag-buy-aas-raws-online","16":"product_tag-buy-raw-steroid-powders-online","17":"product_tag-buy-raw-steroids-china","18":"product_tag-buy-testosterone-enanthate-powder","19":"product_tag-high-purity-anabolic-steroids-canada","20":"product_tag-raw-steroids-for-sale","21":"product_tag-raw-testosterone-steroid-powder-supplier","22":"product_tag-steroid-raw-material-factory-europe","23":"product_tag-steroid-raws-online","24":"product_tag-steroid-raws-supplier-florida","25":"product_tag-steroids-powder","26":"product_tag-steroids-raw","27":"product_tag-supplier-usa","28":"product_tag-testosterone","29":"product_tag-testosterone-enanthate","30":"product_tag-testosterone-enanthate-china-suppliers","31":"product_tag-testosterone-enanthate-powder-for-sale","32":"product_tag-testosterone-enanthate-steroid-powder-buy","33":"product_tag-testosterone-raw-powder-poland","34":"product_tag-trenbolone-powder-thailand","35":"product_tag-trusted-steroid-raw-supplier-worldwide","36":"product_tag-wholesale-steroid-powders-australia","38":"first","39":"instock","40":"shipping-taxable","41":"product-type-simple"},"_links":{"self":[{"href":"https:\/\/shgotopharm.com\/fr\/wp-json\/wp\/v2\/product\/1703","targetHints":{"allow":["GET"]}}],"collection":[{"href":"https:\/\/shgotopharm.com\/fr\/wp-json\/wp\/v2\/product"}],"about":[{"href":"https:\/\/shgotopharm.com\/fr\/wp-json\/wp\/v2\/types\/product"}],"replies":[{"embeddable":true,"href":"https:\/\/shgotopharm.com\/fr\/wp-json\/wp\/v2\/comments?post=1703"}],"wp:featuredmedia":[{"embeddable":true,"href":"https:\/\/shgotopharm.com\/fr\/wp-json\/wp\/v2\/media\/1709"}],"wp:attachment":[{"href":"https:\/\/shgotopharm.com\/fr\/wp-json\/wp\/v2\/media?parent=1703"}],"wp:term":[{"taxonomy":"product_brand","embeddable":true,"href":"https:\/\/shgotopharm.com\/fr\/wp-json\/wp\/v2\/product_brand?post=1703"},{"taxonomy":"product_cat","embeddable":true,"href":"https:\/\/shgotopharm.com\/fr\/wp-json\/wp\/v2\/product_cat?post=1703"},{"taxonomy":"product_tag","embeddable":true,"href":"https:\/\/shgotopharm.com\/fr\/wp-json\/wp\/v2\/product_tag?post=1703"}],"curies":[{"name":"wp","href":"https:\/\/api.w.org\/{rel}","templated":true}]}}