{"id":1722,"date":"2025-10-24T13:09:16","date_gmt":"2025-10-24T13:09:16","guid":{"rendered":"https:\/\/shgotopharm.com\/?post_type=product&#038;p=1722"},"modified":"2025-10-24T13:17:25","modified_gmt":"2025-10-24T13:17:25","slug":"poudre-de-base-de-testosterone-brute","status":"publish","type":"product","link":"https:\/\/shgotopharm.com\/fr\/product\/raw-testosterone-base-powder\/","title":{"rendered":"Poudre de base de testost\u00e9rone brute 99%"},"content":{"rendered":"<p data-rm-block-id=\"block-1\"><a href=\"https:\/\/shgotopharm.com\/fr\/product\/poudre-de-base-de-testosterone-brute\/\">Poudre de base de testost\u00e9rone brute<\/a> est un st\u00e9ro\u00efde injectable qui contient de la testost\u00e9rone sans ester. Il s'agit de testost\u00e9rone pure, sans ester, et donc sans cis d'ester calcul\u00e9 dans le poids. Alors que 100 mg d'un ester de testost\u00e9rone est \u00e9gal \u00e0 100 mg moins le poids de l'ester, 100 mg de Testosterone Base contiennent 100 mg de st\u00e9ro\u00efde. Tr\u00e8s puissant et tr\u00e8s performant.<\/p>\n<h3 data-rm-block-id=\"block-2\">Poudre de base de testost\u00e9rone brute \/ Sp\u00e9cifications<\/h3>\n<p data-rm-block-id=\"block-3\">Nom chimique : 4-Androst\u00e8ne-17\u03b2-ol-3-one<br \/>\nSynonymes:17beta-Hydroxyandrost-4-en-3-one<br \/>\nCAS : 58-22-0<br \/>\nEINECS : 200-370-5<br \/>\nEssai : 99% min.<br \/>\nFormule mol\u00e9culaire : C19H28O2<br \/>\nEmballage : sachet en aluminium ou bo\u00eete de conserve.<br \/>\nAspect : poudre cristalline blanche ou blanc cass\u00e9<br \/>\nUtilisation : Mat\u00e9riau pharmaceutique, hormone st\u00e9ro\u00efde, anaboline. Pour la th\u00e9rapie de remplacement de la testost\u00e9rone sans maladie, la m\u00e9nopause masculine, l'impuissance et le traitement d'autres maladies.<\/p>\n<h3 data-rm-block-id=\"block-4\">Avantages de l'achat de la base de testost\u00e9rone de SKGOTOPHARM<\/h3>\n<p data-rm-block-id=\"block-5\">Bien qu'il s'agisse d'un compos\u00e9 plut\u00f4t rudimentaire, il est sans aucun doute tr\u00e8s, tr\u00e8s efficace. La testost\u00e9rone de base est l'hormone anabolisante la plus r\u00e9pandue et est \u00e9galement consid\u00e9r\u00e9e comme la plus basique. C'est pourquoi les bodybuilders la consid\u00e8rent souvent comme le st\u00e9ro\u00efde de base de la plupart des cycles. La testost\u00e9rone base est \u00e0 la fois anabolisante et androg\u00e8ne par nature. Les utilisateurs de ce st\u00e9ro\u00efde remarqueront une augmentation spectaculaire de la taille et de la force musculaire, ainsi qu'un sentiment g\u00e9n\u00e9ral de bien-\u00eatre et une augmentation de la libido et de la libido.<\/p>\n<p data-rm-block-id=\"block-6\">La testost\u00e9rone base s'aromatise tr\u00e8s facilement et, par cons\u00e9quent, l'accumulation d'\u0153strog\u00e8nes et les effets secondaires peuvent devenir un probl\u00e8me pour les utilisateurs sensibles \u00e0 ces probl\u00e8mes ou pour ceux qui choisissent d'utiliser une dose \u00e9lev\u00e9e de ce compos\u00e9. C'est pourquoi, lorsqu'ils utilisent la Testost\u00e9rone Base, les bodybuilders choisissent souvent d'incorporer un anti-\u0153strog\u00e8ne tel que l'Anastrozole, le Proviron ou le Tamoxifen pour aider \u00e0 r\u00e9duire au minimum les effets secondaires li\u00e9s \u00e0 l'\u0153strog\u00e8ne. Les utilisateurs extr\u00eamement sensibles ou ceux qui utilisent des doses tr\u00e8s \u00e9lev\u00e9es (800-1200) peuvent trouver que des anti-\u0153strog\u00e8nes plus puissants tels que le Letrozole ou l'Exemestane sont plus appropri\u00e9s.<\/p>\n<h3 data-rm-block-id=\"block-7\">Comment la poudre de testost\u00e9rone brute r\u00e9agit-elle avec l'organisme ?<\/h3>\n<p data-rm-block-id=\"block-8\">Des effets secondaires androg\u00e9niques, tels qu'une peau grasse, sont \u00e9galement possibles lors de la prise de Testosterone Base. Les bodybuilders qui cherchent \u00e0 prendre du volume empilent souvent la Testost\u00e9rone Base avec d'autres st\u00e9ro\u00efdes tels que le Deca 250 et\/ou le Boldenone 200. Le dosage de ce st\u00e9ro\u00efde pour le culturiste masculin se situe g\u00e9n\u00e9ralement entre 400 et 1200 mg par semaine et la dur\u00e9e du cycle est de 8 \u00e0 20 semaines, en fonction bien s\u00fbr des objectifs de l'athl\u00e8te. Les femmes obtiennent g\u00e9n\u00e9ralement des r\u00e9sultats souhaitables avec des doses de 50 \u00e0 100 mg par semaine. Poudre de base de testost\u00e9rone brute<\/p>\n<h3 data-rm-block-id=\"block-9\">Raw Testosterone Base Powder Utilisations<\/h3>\n<p data-rm-block-id=\"block-10\">La pratique la plus courante avec la testost\u00e9rone base est de s'injecter le m\u00e9dicament tous les jours. Le dosage varie consid\u00e9rablement en fonction des besoins de l'individu, mais se situe le plus souvent entre 50 mg et 100 mg par injection. Dans la plupart des cas, les r\u00e9sultats seront \u00e9tonnants. Bien que certains utilisateurs se plaignent d'une g\u00eane lors de l'injection de st\u00e9ro\u00efdes \u00e0 base d'eau, la base est g\u00e9n\u00e9ralement bien tol\u00e9r\u00e9e.<\/p>\n<p data-rm-block-id=\"block-11\">Comme on peut s'y attendre avec un androg\u00e8ne puissant, la base peut produire un certain nombre d'effets secondaires d\u00e9sagr\u00e9ables. Comme avec tout produit \u00e0 base de testost\u00e9rone, il y aura un taux \u00e9lev\u00e9 de conversion en \u0153strog\u00e8nes. En fait, les niveaux d'\u0153strog\u00e8nes augmentent tr\u00e8s rapidement avec la testost\u00e9rone base, qui est probablement la pire testost\u00e9rone \u00e0 utiliser si l'on souhaite \u00e9viter les ballonnements. Poudre brute de testost\u00e9rone de base<\/p>\n<h3 data-rm-block-id=\"block-12\">Pr\u00e9parations de poudre de base de testost\u00e9rone brute<\/h3>\n<p data-rm-block-id=\"block-13\">La gyn\u00e9comastie peut \u00e9galement se d\u00e9velopper tr\u00e8s rapidement au cours d'un cycle, et dans de nombreux cas, ce m\u00e9dicament sera intol\u00e9rable sans la prise suppl\u00e9mentaire d'un anti-\u0153strog\u00e8ne. Une combinaison de Nolvadex et de Proviron est un moyen efficace d'\u00e9viter de tels effets secondaires, et est souvent prise d\u00e8s le d\u00e9but du cycle afin de pr\u00e9venir de telles occurrences avant qu'elles ne deviennent un probl\u00e8me. Les personnes sensibles peuvent trouver plus judicieux d'investir dans l'anti-aromatase Arimidex, Femara ou Aromasin.<\/p>\n<p data-rm-block-id=\"block-14\">Ces m\u00e9dicaments anti-aromatase sont beaucoup plus efficaces pour contr\u00f4ler les \u0153strog\u00e8nes. Il est \u00e9galement important que l'athl\u00e8te surveille de pr\u00e8s sa tension art\u00e9rielle et ses fonctions r\u00e9nales au cours d'un cycle lourd, car la r\u00e9tention d'eau devient plus prononc\u00e9e. Poudre de base de testost\u00e9rone brute<\/p>\n<p data-rm-block-id=\"block-15\">Legit Steroid Powder Source in China. Acheter la poudre de testost\u00e9rone brute en ligne Poudre de testost\u00e9rone pure en vente en Chine.<\/p>","protected":false},"excerpt":{"rendered":"<p><a href=\"https:\/\/shgotopharm.com\/fr\/product\/poudre-de-base-de-testosterone-brute\/\">Poudre de base de testost\u00e9rone brute<\/a> est un st\u00e9ro\u00efde injectable qui contient de la testost\u00e9rone sans ester.<\/p>","protected":false},"featured_media":1723,"comment_status":"open","ping_status":"closed","template":"","meta":[],"product_brand":[],"product_cat":[213],"product_tag":[247,246,249,250,248,245,243,227,226,244,239,241,236,230,234,238,242,228,232,229,231,240,235,233,237,225],"class_list":{"0":"post-1722","1":"product","2":"type-product","3":"status-publish","4":"has-post-thumbnail","6":"product_cat-testosterone","7":"product_tag-buy-testosterone-australia","8":"product_tag-buy-testosterone-canada","9":"product_tag-buy-testosterone-europe","10":"product_tag-buy-testosterone-mexico","11":"product_tag-buy-testosterone-uk","12":"product_tag-buy-testosterone-usa","13":"product_tag-raw-steroids-powders","14":"product_tag-raw-testosterone-acetate-usa","15":"product_tag-recent-post-buy-testosterone-acetate","16":"product_tag-steroids-australia","17":"product_tag-test-ace-half-life","18":"product_tag-test-ace-steroid","19":"product_tag-testosterone-acetate-benefits","20":"product_tag-testosterone-acetate-china","21":"product_tag-testosterone-acetate-cycle","22":"product_tag-testosterone-acetate-dosage","23":"product_tag-testosterone-acetate-for-sale","24":"product_tag-testosterone-acetate-manufacturer-china","25":"product_tag-testosterone-acetate-powder","26":"product_tag-testosterone-acetate-powder-store","27":"product_tag-testosterone-acetate-price-australia","28":"product_tag-testosterone-acetate-supplier","29":"product_tag-testosterone-acetate-uses","30":"product_tag-testosterone-acetate-vs-enanthate","31":"product_tag-testosterone-acetate-vs-propionate","32":"product_tag-testosterone-powders-uk","34":"first","35":"instock","36":"shipping-taxable","37":"product-type-simple"},"_links":{"self":[{"href":"https:\/\/shgotopharm.com\/fr\/wp-json\/wp\/v2\/product\/1722","targetHints":{"allow":["GET"]}}],"collection":[{"href":"https:\/\/shgotopharm.com\/fr\/wp-json\/wp\/v2\/product"}],"about":[{"href":"https:\/\/shgotopharm.com\/fr\/wp-json\/wp\/v2\/types\/product"}],"replies":[{"embeddable":true,"href":"https:\/\/shgotopharm.com\/fr\/wp-json\/wp\/v2\/comments?post=1722"}],"wp:featuredmedia":[{"embeddable":true,"href":"https:\/\/shgotopharm.com\/fr\/wp-json\/wp\/v2\/media\/1723"}],"wp:attachment":[{"href":"https:\/\/shgotopharm.com\/fr\/wp-json\/wp\/v2\/media?parent=1722"}],"wp:term":[{"taxonomy":"product_brand","embeddable":true,"href":"https:\/\/shgotopharm.com\/fr\/wp-json\/wp\/v2\/product_brand?post=1722"},{"taxonomy":"product_cat","embeddable":true,"href":"https:\/\/shgotopharm.com\/fr\/wp-json\/wp\/v2\/product_cat?post=1722"},{"taxonomy":"product_tag","embeddable":true,"href":"https:\/\/shgotopharm.com\/fr\/wp-json\/wp\/v2\/product_tag?post=1722"}],"curies":[{"name":"wp","href":"https:\/\/api.w.org\/{rel}","templated":true}]}}