{"id":1735,"date":"2025-10-25T05:28:35","date_gmt":"2025-10-25T05:28:35","guid":{"rendered":"https:\/\/shgotopharm.com\/?post_type=product&#038;p=1735"},"modified":"2025-11-10T10:07:19","modified_gmt":"2025-11-10T10:07:19","slug":"poudre-de-decanoate-de-testosterone-brut","status":"publish","type":"product","link":"https:\/\/shgotopharm.com\/fr\/product\/raw-testosterone-decanoate-powder\/","title":{"rendered":"Poudre brute de d\u00e9canoate de testost\u00e9rone"},"content":{"rendered":"<h2><a href=\"https:\/\/shgotopharm.com\/fr\/product\/poudre-de-decanoate-de-testosterone-brut\/\">Poudre brute de d\u00e9canoate de testost\u00e9rone<\/a><\/h2>\n<p>Lorsque vous achetez Raw Testosterone Decanoate Powder de SHGOTOPHARM, vous investissez dans une hormone m\u00e2le puissante et un compos\u00e9 anabolisant. Cette variante de la testost\u00e9rone, combin\u00e9e \u00e0 l'ester d\u00e9canoate \u00e0 action prolong\u00e9e, produit des effets anabolisants prononc\u00e9s, ce qui en fait un choix de premier ordre pour les suppl\u00e9ments musculaires de culturisme. Raw Testosterone Decanoate Powder soutient le d\u00e9veloppement des tissus reproducteurs masculins, tels que les testicules et la prostate, tout en favorisant la sant\u00e9 g\u00e9n\u00e9rale, le bien-\u00eatre et la pr\u00e9vention de l'ost\u00e9oporose. Ses bienfaits s'\u00e9tendent \u00e0 la plupart des vert\u00e9br\u00e9s, avec de l\u00e9g\u00e8res variations comme la 11-c\u00e9totestost\u00e9rone chez les poissons.<\/p>\n<h3>Avantages de la poudre de d\u00e9canoate de testost\u00e9rone brute :<\/h3>\n<p>Raw Testosterone Decanoate Powder est formul\u00e9 pour une injection intramusculaire, offrant une absorption lente de l'huile pour des effets forts et durables avec une fr\u00e9quence d'injection minimale. Il favorise le d\u00e9veloppement des organes masculins, les caract\u00e9ristiques sexuelles secondaires, la synth\u00e8se des prot\u00e9ines et la formation osseuse, tout en inhibant les fonctions li\u00e9es aux \u0153strog\u00e8nes telles que la croissance de l'endom\u00e8tre et l'activit\u00e9 de l'hypophyse.<\/p>\n<p>Il est largement utilis\u00e9 dans des cas tels que la carence en testost\u00e9rone, la cryptorchidie, l'hypogonadisme masculin, la m\u00e9norragie, les fibromes ut\u00e9rins, l'ost\u00e9oporose s\u00e9nile et l'an\u00e9mie aplastique.<br \/>\nId\u00e9al pour la th\u00e9rapie de remplacement de la testost\u00e9rone (TRT) ou la th\u00e9rapie de remplacement hormonal (HRT), Raw Testosterone Decanoate Powder est \u00e9galement parfait pour l'empilage avec des st\u00e9ro\u00efdes \u00e0 plus long terme comme Deca Durabolin, ce qui permet de r\u00e9duire la fr\u00e9quence des injections.<\/p>\n<h3>S\u00e9curit\u00e9 et effets secondaires :<\/h3>\n<p>Le d\u00e9canoate de testost\u00e9rone en poudre est g\u00e9n\u00e9ralement bien tol\u00e9r\u00e9 par les hommes adultes en bonne sant\u00e9, en particulier ceux dont le taux de testost\u00e9rone est faible, car il remplace simplement ce qui manque \u00e0 l'organisme. Les effets secondaires sont rares aux doses th\u00e9rapeutiques mais peuvent augmenter avec les doses supraphysiologiques. La plupart des hommes tol\u00e8rent bien les doses plus \u00e9lev\u00e9es, ce qui rend les complications peu fr\u00e9quentes lorsqu'elles sont utilis\u00e9es de mani\u00e8re responsable.<br \/>\nComment cela fonctionne-t-il ?<br \/>\nRaw Testosterone Decanoate Powder, disponible chez SHGOTOPHARM, est une hormone de testost\u00e9rone injectable li\u00e9e \u00e0 l'ester long Decanoate. Cet ester ne modifie pas les fonctions principales de l'hormone mais ralentit consid\u00e9rablement sa lib\u00e9ration, ce qui permet d'obtenir un effet r\u00e9gulier et prolong\u00e9 apr\u00e8s une seule injection. Contrairement aux esters \u00e0 action rapide, l'ester d\u00e9canoate assure une lib\u00e9ration lente et constante de la testost\u00e9rone, ce qui en fait un produit id\u00e9al pour des r\u00e9sultats durables.<\/p>\n<h3>Pourquoi choisir la poudre brute de d\u00e9canoate de testost\u00e9rone de SHGOTOPHARM ?<\/h3>\n<p>Une qualit\u00e9 fiable : Provenant d'un fabricant pharmaceutique l\u00e9gitime, certifi\u00e9 par GMP et ISO9001, avec une puret\u00e9 sup\u00e9rieure \u00e0 98%.<br \/>\nLivraison fiable : Exp\u00e9dition le jour m\u00eame pour les produits en stock, avec des options express fiables (FedEx, UPS, DHL, EMS, TNT, HKEMS) ou des exp\u00e9ditions par avion. La livraison nationale est disponible pour les commandes de plus de 1 kg.<br \/>\nAssistance \u00e0 la client\u00e8le : Service apr\u00e8s-vente 24\/7 pour r\u00e9pondre rapidement \u00e0 toutes les questions.<br \/>\nCommande flexible : Commande minimale de 10 g, avec des prix comp\u00e9titifs et des remises pour les commandes en gros.<br \/>\nPaiements s\u00e9curis\u00e9s : Les options comprennent T\/T, Western Union, MoneyGram et Bitcoin.<br \/>\nUne port\u00e9e mondiale : Au service des clients aux \u00c9tats-Unis, au Royaume-Uni, au Canada, en Allemagne, au Br\u00e9sil, en Australie, en Italie et ailleurs.<\/p>\n<p>SHGOTOPHARM est le meilleur endroit pour acheter Raw Testosterone Decanoate Powder, offrant une solution de testost\u00e9rone de premi\u00e8re qualit\u00e9 et \u00e0 longue dur\u00e9e d'action pour le TRT, le HRT et l'am\u00e9lioration des performances. Son profil de lib\u00e9ration lente et ses effets anabolisants puissants en font un favori parmi les culturistes et ceux qui recherchent un soutien hormonal durable. Faites confiance \u00e0 SHGOTOPHARM pour une qualit\u00e9 in\u00e9gal\u00e9e et un service fiable.<\/p>","protected":false},"excerpt":{"rendered":"<h2><a href=\"https:\/\/shgotopharm.com\/fr\/product\/poudre-de-decanoate-de-testosterone-brut\/\">Poudre brute de d\u00e9canoate de testost\u00e9rone<\/a><\/h2>\n<p>Lorsque vous achetez Raw Testosterone Decanoate Powder de SHGOTOPHARM, vous investissez dans une hormone masculine puissante et un compos\u00e9 anabolisant.<\/p>","protected":false},"featured_media":1736,"comment_status":"open","ping_status":"closed","template":"","meta":[],"product_brand":[],"product_cat":[213],"product_tag":[935,944,934,949,945,938,933,932,943,939,931,940,937,948,936,357,358,359,360,361,356,946,947,942,941],"class_list":{"0":"post-1735","1":"product","2":"type-product","3":"status-publish","4":"has-post-thumbnail","6":"product_cat-testosterone","7":"product_tag-aas-poland","8":"product_tag-aas-raw-materials-australia","9":"product_tag-aas-raws","10":"product_tag-anabolic-steroid-manufacturer-canada","11":"product_tag-anabolic-steroid-powders-online","12":"product_tag-best-steroid-powder-supplier-usa","13":"product_tag-buy-aas-raws-online","14":"product_tag-buy-raw-steroid-powders-online","15":"product_tag-buy-raw-steroids-china","16":"product_tag-high-purity-anabolic-steroids-canada","17":"product_tag-raw-steroids-for-sale","18":"product_tag-steroid-raw-material-factory-europe","19":"product_tag-steroid-raws-online","20":"product_tag-steroid-raws-supplier-florida","21":"product_tag-supplier-usa","22":"product_tag-testosterone-decanoate-test-deca-for-sale","23":"product_tag-testosterone-decanoate-test-deca-powder","24":"product_tag-testosterone-decanoate-test-deca-price","25":"product_tag-testosterone-decanoate-test-deca-raw-powder","26":"product_tag-testosterone-decanoate-test-deca-supplier","27":"product_tag-testosterone-powders-testosterone-decanoate-test-deca-buy","28":"product_tag-testosterone-raw-powder-poland","29":"product_tag-trenbolone-powder-thailand","30":"product_tag-trusted-steroid-raw-supplier-worldwide","31":"product_tag-wholesale-steroid-powders-australia","33":"first","34":"instock","35":"shipping-taxable","36":"product-type-simple"},"_links":{"self":[{"href":"https:\/\/shgotopharm.com\/fr\/wp-json\/wp\/v2\/product\/1735","targetHints":{"allow":["GET"]}}],"collection":[{"href":"https:\/\/shgotopharm.com\/fr\/wp-json\/wp\/v2\/product"}],"about":[{"href":"https:\/\/shgotopharm.com\/fr\/wp-json\/wp\/v2\/types\/product"}],"replies":[{"embeddable":true,"href":"https:\/\/shgotopharm.com\/fr\/wp-json\/wp\/v2\/comments?post=1735"}],"wp:featuredmedia":[{"embeddable":true,"href":"https:\/\/shgotopharm.com\/fr\/wp-json\/wp\/v2\/media\/1736"}],"wp:attachment":[{"href":"https:\/\/shgotopharm.com\/fr\/wp-json\/wp\/v2\/media?parent=1735"}],"wp:term":[{"taxonomy":"product_brand","embeddable":true,"href":"https:\/\/shgotopharm.com\/fr\/wp-json\/wp\/v2\/product_brand?post=1735"},{"taxonomy":"product_cat","embeddable":true,"href":"https:\/\/shgotopharm.com\/fr\/wp-json\/wp\/v2\/product_cat?post=1735"},{"taxonomy":"product_tag","embeddable":true,"href":"https:\/\/shgotopharm.com\/fr\/wp-json\/wp\/v2\/product_tag?post=1735"}],"curies":[{"name":"wp","href":"https:\/\/api.w.org\/{rel}","templated":true}]}}