{"id":1747,"date":"2025-10-30T13:22:39","date_gmt":"2025-10-30T13:22:39","guid":{"rendered":"https:\/\/shgotopharm.com\/?post_type=product&#038;p=1747"},"modified":"2025-12-13T09:51:10","modified_gmt":"2025-12-13T09:51:10","slug":"anavar-oxandrolone-poudre","status":"publish","type":"product","link":"https:\/\/shgotopharm.com\/fr\/product\/anavar-oxandrolone-powder\/","title":{"rendered":"Acheter Anavar Oxandrolone en poudre"},"content":{"rendered":"<h3><a href=\"https:\/\/shgotopharm.com\/fr\/product\/anavar-oxandrolone-poudre\/\">Anavar Oxandrolone en poudre<\/a><\/h3>\n<p>Anavar Oxandrolone Powder est un st\u00e9ro\u00efde anabolisant et androg\u00e8ne d\u00e9riv\u00e9 de la dihydrotestost\u00e9rone (DHT). Plus pr\u00e9cis\u00e9ment, l'oxandrolone est l'hormone DHT avec l'ajout d'un atome d'oxyg\u00e8ne \u00e0 la place du carbone 2 dans l'anneau A. Elle est si s\u00fbre que, contrairement \u00e0 d'autres st\u00e9ro\u00efdes utilis\u00e9s pour lutter contre la malnutrition et l'an\u00e9mie, l'oxandrolone a \u00e9t\u00e9 prescrite \u00e0 l'origine principalement aux grands br\u00fbl\u00e9s.<\/p>\n<p>Anavar Oxandrolone en poudre, qui pr\u00e9sente des caract\u00e9ristiques androg\u00e8nes, peut provoquer une r\u00e9tention d'azote, de potassium et de phosphore, favoriser l'anabolisme et inhiber un catabolisme excessif. Il est largement utilis\u00e9 pour les gar\u00e7ons qui pr\u00e9sentent une croissance anormale et une pubert\u00e9 tardive, ainsi que pour les filles qui pr\u00e9sentent une hypoplasie ovarienne cong\u00e9nitale.<\/p>\n<p>Anavar Oxandrolone en poudre est rapidement absorb\u00e9 par les intestins et l'estomac. Ses m\u00e9tabolites et l'oxandrolone inchang\u00e9e sont excr\u00e9t\u00e9s par les reins, et une petite quantit\u00e9 est exclue du syst\u00e8me gastro-intestinal.<\/p>\n<h3>Anavar Oxandrolone en poudre Sp\u00e9cifications<\/h3>\n<p>Oxandrolone\/Anavar Info :<br \/>\nAnavar Oxandrolone CAS NO : 53-39-4<br \/>\nAnavar Oxandrolone MF : C19H30O3<br \/>\nAnavar Oxandrolone MW : C19H30O3<br \/>\nAnavar Oxandrolone Solubilit\u00e9 : DMSO 4 mg\/mL<br \/>\nAnavar Oxandrolone Stockage : 2-8\u00b0C, sec, scell\u00e9<br \/>\nAnavar Oxandrolone Demi-vie biologique : adultes : 9,4-10,4 maisons ;<br \/>\nAnavar Oxandrolone M\u00e9tabolisme : Reins (principalement), foie<br \/>\nAnavar Oxandrolone Cat\u00e9gorie (anglais : DRUG Class) : Androg\u00e8ne ; st\u00e9ro\u00efde anabolisant<\/p>\n<h3>Anavar Oxandrolone en poudre \u00e0 vendre<\/h3>\n<p>Legal Oxandrolone Anavar Steroid Powder For Sale, Where To Buy Domestic Delivery Anavar Powder ? 99% purity Oxandrolone Powder Supplier, Shipping within Canada, UK.<br \/>\nL'oxandrolone\/Anavar est l'un des st\u00e9ro\u00efdes anabolisants oraux les plus populaires. Il am\u00e9liore votre force et votre \u00e9nergie. C'est l'un des rares st\u00e9ro\u00efdes anabolisants qui peut \u00eatre utilis\u00e9 par les hommes et les femmes en toute s\u00e9curit\u00e9. Il s'agit d'un effet secondaire tr\u00e8s sympathique. L'Oxandrolone\/Anavar est, sans aucun doute, un st\u00e9ro\u00efde anabolisant extr\u00eamement b\u00e9n\u00e9fique.<\/p>\n<p>Notre poudre d'oxandrolone (anavar) dispose d'un certificat l\u00e9gal et de s\u00e9curit\u00e9. C'est un st\u00e9ro\u00efde s\u00fbr. Notre poudre d'oxandrolone anavar se vend \u00e0 raison de 200 kilogrammes par mois, et tous les clients disent que nos produits sont les meilleurs.<\/p>\n<h3>Anavar (Oxandrolone) st\u00e9ro\u00efde en poudre<\/h3>\n<p>L'Anavar (Oxandrolone) est un st\u00e9ro\u00efde anabolisant tr\u00e8s c\u00e9l\u00e8bre, et il n'y a gu\u00e8re d'athl\u00e8te professionnel qui n'ait pas entendu parler de ce produit. Il a occup\u00e9 les premi\u00e8res places d\u00e8s le d\u00e9but de son existence. Il a \u00e9t\u00e9 invent\u00e9 en 1964 par l'entreprise Sear Laboratories. Ce produit permet d'obtenir d'excellents r\u00e9sultats en salle de sport.<\/p>\n<p>L'oxandrolone est l'un des st\u00e9ro\u00efdes les plus couramment contrefaits de tous les temps.<br \/>\nL'oxandrolone est un st\u00e9ro\u00efde anabolisant ing\u00e9r\u00e9 par voie orale qui est normalement prescrit dans une fourchette de 5 \u00e0 10 mg par jour, les doses prescrites d\u00e9passant rarement 20 mg par jour. L'utilisation dure normalement de 2 \u00e0 4 semaines, suivies d'une courte pause et de la r\u00e9p\u00e9tition du cycle jusqu'\u00e0 ce que le probl\u00e8me soit r\u00e9solu. Dans certains cas, la consommation peut durer ind\u00e9finiment.<\/p>\n<h3>Comment utiliser Anavar Oxandrolone Powder ?<\/h3>\n<p>Pour l'utilisateur masculin de st\u00e9ro\u00efdes anabolisants, 20 \u00e0 30 mg par jour, bien qu'il s'agisse d'une faible dose, produiront un effet anabolisant. Cependant, une dose de 40 \u00e0 50 mg par jour est beaucoup plus courante et efficace. Certains hommes utilisent jusqu'\u00e0 80-100 mg par jour, mais il faut garder \u00e0 l'esprit que cela augmente le risque d'effets secondaires.<\/p>\n<p>Les utilisatrices d'Oxandrolone dosent normalement le st\u00e9ro\u00efde entre 5 et 10 mg par jour. Il n'est pas courant qu'une femme ait besoin de plus de 10 mg par jour, mais si c'est le cas, elle peut augmenter sa dose de 5 mg. Des doses sup\u00e9rieures \u00e0 20 mg par jour garantissent presque toujours un certain niveau de virilisation. Une dur\u00e9e d'utilisation de 6 \u00e0 8 semaines est la norme, tant pour les hommes que pour les femmes.<\/p>\n<p>Si vous \u00eates \u00e0 la recherche de cette poudre de st\u00e9ro\u00efdes, il est pr\u00e9f\u00e9rable de chercher un fournisseur de poudre de st\u00e9ro\u00efdes Oxandrolone top. SHGOTOPHARM est l'endroit id\u00e9al pour vous.<\/p>","protected":false},"excerpt":{"rendered":"<h3><a href=\"https:\/\/shgotopharm.com\/fr\/product\/anavar-oxandrolone-poudre\/\">Anavar Oxandrolone en poudre<\/a><\/h3>\n<p>Anavar Oxandrolone Powder est un st\u00e9ro\u00efde anabolisant et androg\u00e8ne d\u00e9riv\u00e9 de la dihydrotestost\u00e9rone (DHT).<\/p>","protected":false},"featured_media":1748,"comment_status":"open","ping_status":"closed","template":"","meta":[],"product_brand":[],"product_cat":[390],"product_tag":[935,437,944,934,434,949,945,400,415,440,429,417,426,420,410,408,413,407,432,435,423,399,404,938,933,418,430,421,427,416,412,433,439,436,424,411,414,431,392,394,396,402,393,395,932,943,939,398,405,406,397,428,419,422,425,409,438,931,940,937,948,936,946,947,942,403,401,941],"class_list":{"0":"post-1747","1":"product","2":"type-product","3":"status-publish","4":"has-post-thumbnail","6":"product_cat-oral-steroids","7":"product_tag-aas-poland","8":"product_tag-aas-powder","9":"product_tag-aas-raw-materials-australia","10":"product_tag-aas-raws","11":"product_tag-anabolic-steroid-aas","12":"product_tag-anabolic-steroid-manufacturer-canada","13":"product_tag-anabolic-steroid-powders-online","14":"product_tag-anavar","15":"product_tag-anavar-benefits","16":"product_tag-anavar-cycle","17":"product_tag-anavar-dosage","18":"product_tag-anavar-for-man","19":"product_tag-anavar-for-sale","20":"product_tag-anavar-for-woman","21":"product_tag-anavar-oral-steroid-powder","22":"product_tag-anavar-oxandrolone-powder-for-sale","23":"product_tag-anavar-powder","24":"product_tag-anavar-powder-for-sale","25":"product_tag-anavar-powder-price","26":"product_tag-anavar-powder-taste","27":"product_tag-anavar-steroid","28":"product_tag-anavar-steroid-powder-for-sale","29":"product_tag-australia","30":"product_tag-best-steroid-powder-supplier-usa","31":"product_tag-buy-aas-raws-online","32":"product_tag-buy-anavar-in-australia","33":"product_tag-buy-anavar-in-brazil","34":"product_tag-buy-anavar-in-canada","35":"product_tag-buy-anavar-in-europe","36":"product_tag-buy-anavar-in-france","37":"product_tag-buy-anavar-in-india","38":"product_tag-buy-anavar-in-mexico","39":"product_tag-buy-anavar-in-poland","40":"product_tag-buy-anavar-in-sweden","41":"product_tag-buy-anavar-in-switzerland","42":"product_tag-buy-anavar-in-uk","43":"product_tag-buy-anavar-in-usa","44":"product_tag-buy-anavar-powder-online","45":"product_tag-buy-oxandrolone-anavar-australia","46":"product_tag-buy-oxandrolone-anavar-canada","47":"product_tag-buy-oxandrolone-anavar-europe","48":"product_tag-buy-oxandrolone-anavar-powder-online-canada","49":"product_tag-buy-oxandrolone-anavar-uk","50":"product_tag-buy-oxandrolone-anavar-usa","51":"product_tag-buy-raw-steroid-powders-online","52":"product_tag-buy-raw-steroids-china","53":"product_tag-high-purity-anabolic-steroids-canada","54":"product_tag-legal-oxandrolone","55":"product_tag-legit-anavar-powder","56":"product_tag-legit-oxandrolone-powder","57":"product_tag-ox","58":"product_tag-oxandrolone-powder-benefits","59":"product_tag-oxandrolone-powder-china","60":"product_tag-oxandrolone-powder-cost","61":"product_tag-oxandrolone-powder-for-sale","62":"product_tag-oxandrolone-powder-suppliers","63":"product_tag-raw-oxandrolone-powder","64":"product_tag-raw-steroids-for-sale","65":"product_tag-steroid-raw-material-factory-europe","66":"product_tag-steroid-raws-online","67":"product_tag-steroid-raws-supplier-florida","68":"product_tag-supplier-usa","69":"product_tag-testosterone-raw-powder-poland","70":"product_tag-trenbolone-powder-thailand","71":"product_tag-trusted-steroid-raw-supplier-worldwide","72":"product_tag-usa","73":"product_tag-where-to-buy-anavar-powder-99-purity-oxandrolone-powder-supplier","74":"product_tag-wholesale-steroid-powders-australia","76":"first","77":"instock","78":"shipping-taxable","79":"product-type-simple"},"_links":{"self":[{"href":"https:\/\/shgotopharm.com\/fr\/wp-json\/wp\/v2\/product\/1747","targetHints":{"allow":["GET"]}}],"collection":[{"href":"https:\/\/shgotopharm.com\/fr\/wp-json\/wp\/v2\/product"}],"about":[{"href":"https:\/\/shgotopharm.com\/fr\/wp-json\/wp\/v2\/types\/product"}],"replies":[{"embeddable":true,"href":"https:\/\/shgotopharm.com\/fr\/wp-json\/wp\/v2\/comments?post=1747"}],"wp:featuredmedia":[{"embeddable":true,"href":"https:\/\/shgotopharm.com\/fr\/wp-json\/wp\/v2\/media\/1748"}],"wp:attachment":[{"href":"https:\/\/shgotopharm.com\/fr\/wp-json\/wp\/v2\/media?parent=1747"}],"wp:term":[{"taxonomy":"product_brand","embeddable":true,"href":"https:\/\/shgotopharm.com\/fr\/wp-json\/wp\/v2\/product_brand?post=1747"},{"taxonomy":"product_cat","embeddable":true,"href":"https:\/\/shgotopharm.com\/fr\/wp-json\/wp\/v2\/product_cat?post=1747"},{"taxonomy":"product_tag","embeddable":true,"href":"https:\/\/shgotopharm.com\/fr\/wp-json\/wp\/v2\/product_tag?post=1747"}],"curies":[{"name":"wp","href":"https:\/\/api.w.org\/{rel}","templated":true}]}}