{"id":1759,"date":"2025-10-30T16:19:05","date_gmt":"2025-10-30T16:19:05","guid":{"rendered":"https:\/\/shgotopharm.com\/?post_type=product&#038;p=1759"},"modified":"2025-11-10T10:05:57","modified_gmt":"2025-11-10T10:05:57","slug":"lgd-4033-ligandrol-powder","status":"publish","type":"product","link":"https:\/\/shgotopharm.com\/fr\/product\/lgd-4033-ligandrol-powder\/","title":{"rendered":"LGD-4033 Ligandrol en poudre pour la perte de graisse"},"content":{"rendered":"<h2 data-start=\"385\" data-end=\"491\"><strong data-start=\"391\" data-end=\"491\">LGD-4033 Ligandrol Powder for Fat Loss and Bodybuilding | Premium SARMs Hormone Powder Factory<\/strong><\/h2>\n<h3 data-start=\"493\" data-end=\"517\"><strong data-start=\"497\" data-end=\"517\">Aper\u00e7u du produit<\/strong><\/h3>\n<p data-start=\"518\" data-end=\"945\"><strong data-start=\"518\" data-end=\"549\">LGD-4033 Ligandrol en poudre<\/strong>, \u00e9galement connu sous le nom de <strong data-start=\"565\" data-end=\"579\">Anabolicum<\/strong>, est un <strong data-start=\"586\" data-end=\"661\">Modulateur s\u00e9lectif des r\u00e9cepteurs androg\u00e9niques (SARM) non st\u00e9ro\u00efdien de haute puret\u00e9<\/strong> r\u00e9put\u00e9 pour son puissant potentiel anabolisant et ses effets exceptionnels de pr\u00e9servation musculaire.<br data-start=\"749\" data-end=\"752\" \/>Avec un <strong data-start=\"759\" data-end=\"782\">niveau de puret\u00e9 de 98%<\/strong>, Ce compos\u00e9 de qualit\u00e9 pharmaceutique est con\u00e7u pour <strong data-start=\"837\" data-end=\"862\">applications de la recherche<\/strong> explorer le d\u00e9veloppement musculaire, le traitement de l'ost\u00e9oporose et l'am\u00e9lioration du m\u00e9tabolisme.<\/p>\n<p data-start=\"947\" data-end=\"1245\"><strong data-start=\"947\" data-end=\"978\">LGD-4033 Ligandrol en poudre<\/strong> a attir\u00e9 l'attention de la communaut\u00e9 scientifique et de la recherche sur la condition physique en raison de sa capacit\u00e9 \u00e0 <strong data-start=\"1068\" data-end=\"1160\">stimule la croissance des muscles maigres, am\u00e9liore la densit\u00e9 min\u00e9rale osseuse et acc\u00e9l\u00e8re la r\u00e9duction de la masse grasse<\/strong> - sans les effets secondaires ind\u00e9sirables g\u00e9n\u00e9ralement associ\u00e9s aux st\u00e9ro\u00efdes anabolisants.<\/p>\n<hr data-start=\"1247\" data-end=\"1250\" \/>\n<h3 data-start=\"1252\" data-end=\"1277\"><strong data-start=\"1256\" data-end=\"1277\">Informations de base<\/strong><\/h3>\n<div class=\"_tableContainer_1rjym_1\">\n<div class=\"group _tableWrapper_1rjym_13 flex w-fit flex-col-reverse\" tabindex=\"-1\">\n<table class=\"w-fit min-w-(--thread-content-width)\" data-start=\"1278\" data-end=\"2056\">\n<thead data-start=\"1278\" data-end=\"1309\">\n<tr data-start=\"1278\" data-end=\"1309\">\n<th data-start=\"1278\" data-end=\"1294\" data-col-size=\"sm\"><strong data-start=\"1280\" data-end=\"1293\">Param\u00e8tres<\/strong><\/th>\n<th data-start=\"1294\" data-end=\"1309\" data-col-size=\"md\"><strong data-start=\"1296\" data-end=\"1307\">D\u00e9tails<\/strong><\/th>\n<\/tr>\n<\/thead>\n<tbody data-start=\"1343\" data-end=\"2056\">\n<tr data-start=\"1343\" data-end=\"1394\">\n<td data-start=\"1343\" data-end=\"1363\" data-col-size=\"sm\"><strong data-start=\"1345\" data-end=\"1362\">Nom du produit :<\/strong><\/td>\n<td data-col-size=\"md\" data-start=\"1363\" data-end=\"1394\">LGD-4033 (Ligandrol) Poudre<\/td>\n<\/tr>\n<tr data-start=\"1395\" data-end=\"1424\">\n<td data-start=\"1395\" data-end=\"1409\" data-col-size=\"sm\"><strong data-start=\"1397\" data-end=\"1408\">La puret\u00e9 :<\/strong><\/td>\n<td data-col-size=\"md\" data-start=\"1409\" data-end=\"1424\">98% minimum<\/td>\n<\/tr>\n<tr data-start=\"1425\" data-end=\"1459\">\n<td data-start=\"1425\" data-end=\"1443\" data-col-size=\"sm\"><strong data-start=\"1427\" data-end=\"1442\">Num\u00e9ro CAS :<\/strong><\/td>\n<td data-col-size=\"md\" data-start=\"1443\" data-end=\"1459\">1165910-22-4<\/td>\n<\/tr>\n<tr data-start=\"1460\" data-end=\"1513\">\n<td data-start=\"1460\" data-end=\"1478\" data-col-size=\"sm\"><strong data-start=\"1462\" data-end=\"1477\">Apparence :<\/strong><\/td>\n<td data-col-size=\"md\" data-start=\"1478\" data-end=\"1513\">Poudre cristalline jaune clair<\/td>\n<\/tr>\n<tr data-start=\"1514\" data-end=\"1543\">\n<td data-start=\"1514\" data-end=\"1532\" data-col-size=\"sm\"><strong data-start=\"1516\" data-end=\"1531\">Dur\u00e9e de conservation :<\/strong><\/td>\n<td data-col-size=\"md\" data-start=\"1532\" data-end=\"1543\">2 ans<\/td>\n<\/tr>\n<tr data-start=\"1544\" data-end=\"1592\">\n<td data-start=\"1544\" data-end=\"1557\" data-col-size=\"sm\"><strong data-start=\"1546\" data-end=\"1556\">Grade :<\/strong><\/td>\n<td data-col-size=\"md\" data-start=\"1557\" data-end=\"1592\">Grade pharmaceutique \/ recherche<\/td>\n<\/tr>\n<tr data-start=\"1593\" data-end=\"1629\">\n<td data-start=\"1593\" data-end=\"1617\" data-col-size=\"sm\"><strong data-start=\"1595\" data-end=\"1616\">Norme de qualit\u00e9 :<\/strong><\/td>\n<td data-col-size=\"md\" data-start=\"1617\" data-end=\"1629\">BP \/ USP<\/td>\n<\/tr>\n<tr data-start=\"1630\" data-end=\"1689\">\n<td data-start=\"1630\" data-end=\"1669\" data-col-size=\"sm\"><strong data-start=\"1632\" data-end=\"1668\">Dose recommand\u00e9e (pour la recherche) :<\/strong><\/td>\n<td data-col-size=\"md\" data-start=\"1669\" data-end=\"1689\">10-20 mg par jour<\/td>\n<\/tr>\n<tr data-start=\"1690\" data-end=\"1788\">\n<td data-start=\"1690\" data-end=\"1718\" data-col-size=\"sm\"><strong data-start=\"1692\" data-end=\"1717\">Applications primaires :<\/strong><\/td>\n<td data-col-size=\"md\" data-start=\"1718\" data-end=\"1788\">Recherche sur l'ost\u00e9oporose, la fonte musculaire et les performances anaboliques<\/td>\n<\/tr>\n<tr data-start=\"1789\" data-end=\"1851\">\n<td data-start=\"1789\" data-end=\"1815\" data-col-size=\"sm\"><strong data-start=\"1791\" data-end=\"1814\">Packages disponibles :<\/strong><\/td>\n<td data-col-size=\"md\" data-start=\"1815\" data-end=\"1851\">Sachets de 10 g \/ 50 g \/ 100 g \/ 200 g<\/td>\n<\/tr>\n<tr data-start=\"1852\" data-end=\"1916\">\n<td data-start=\"1852\" data-end=\"1868\" data-col-size=\"sm\"><strong data-start=\"1854\" data-end=\"1867\">Cat\u00e9gorie :<\/strong><\/td>\n<td data-col-size=\"md\" data-start=\"1868\" data-end=\"1916\">Modulateur s\u00e9lectif des r\u00e9cepteurs androg\u00e9niques (SARM)<\/td>\n<\/tr>\n<tr data-start=\"1917\" data-end=\"1984\">\n<td data-start=\"1917\" data-end=\"1938\" data-col-size=\"sm\"><strong data-start=\"1919\" data-end=\"1937\">D\u00e9lai de livraison :<\/strong><\/td>\n<td data-col-size=\"md\" data-start=\"1938\" data-end=\"1984\">Dans les 12 heures suivant la confirmation du paiement<\/td>\n<\/tr>\n<tr data-start=\"1985\" data-end=\"2056\">\n<td data-start=\"1985\" data-end=\"2002\" data-col-size=\"sm\"><strong data-start=\"1987\" data-end=\"2001\">Emballage :<\/strong><\/td>\n<td data-col-size=\"md\" data-start=\"2002\" data-end=\"2056\">Emballage s\u00e9curis\u00e9, discret et prot\u00e9g\u00e9 de l'humidit\u00e9<\/td>\n<\/tr>\n<\/tbody>\n<\/table>\n<\/div>\n<\/div>\n<hr data-start=\"2058\" data-end=\"2061\" \/>\n<h3 data-start=\"2063\" data-end=\"2101\"><strong data-start=\"2067\" data-end=\"2101\">Comment le LGD-4033 Ligandrol fonctionne-t-il ?<\/strong><\/h3>\n<p data-start=\"2102\" data-end=\"2520\"><strong data-start=\"2102\" data-end=\"2126\">LGD-4033 Ligandrol<\/strong>\u00a0fonctionne par <strong data-start=\"2139\" data-end=\"2189\">en se liant s\u00e9lectivement aux r\u00e9cepteurs des androg\u00e8nes (AR)<\/strong> en <strong data-start=\"2193\" data-end=\"2219\">les tissus musculaires et osseux<\/strong>, L'utilisation de l'hormone de croissance permet de stimuler l'activit\u00e9 anabolisante sans affecter de mani\u00e8re significative d'autres organes tels que le foie ou la prostate.<br data-start=\"2326\" data-end=\"2329\" \/>Le pr\u00e9sent <strong data-start=\"2334\" data-end=\"2366\">m\u00e9canisme d'action cibl\u00e9<\/strong> aide les chercheurs \u00e0 \u00e9tudier comment les SARM peuvent <strong data-start=\"2405\" data-end=\"2478\">augmenter la masse musculaire maigre, renforcer la force et am\u00e9liorer la densit\u00e9 osseuse<\/strong> tout en minimisant les effets secondaires androg\u00e9niques.<\/p>\n<p data-start=\"2522\" data-end=\"2727\">Dans les \u00e9tudes, <strong data-start=\"2534\" data-end=\"2553\">LGD-4033 Poudre<\/strong> a fait preuve d'une <strong data-start=\"2569\" data-end=\"2614\">forte affinit\u00e9 pour les AR musculaires et squelettiques<\/strong>, Il s'agit d'un outil id\u00e9al pour la recherche et l'exploration. <strong data-start=\"2655\" data-end=\"2724\">la r\u00e9g\u00e9n\u00e9ration musculaire, la r\u00e9\u00e9ducation et l'optimisation des performances<\/strong>.<\/p>\n<p data-start=\"2729\" data-end=\"2937\">En outre, il a \u00e9t\u00e9 observ\u00e9 que le compos\u00e9 <strong data-start=\"2777\" data-end=\"2860\">supprimer temporairement la testost\u00e9rone totale et la globuline liant les hormones sexuelles (SHBG)<\/strong> de mani\u00e8re dose-d\u00e9pendante - un comportement caract\u00e9ristique des SARM les plus puissants.<\/p>\n<hr data-start=\"2939\" data-end=\"2942\" \/>\n<h3 data-start=\"2944\" data-end=\"2988\"><strong data-start=\"2948\" data-end=\"2988\">LGD-4033 Ligandrol Powder Avantages<\/strong><\/h3>\n<p data-start=\"2989\" data-end=\"3083\">Les r\u00e9sultats de la recherche et les \u00e9tudes exp\u00e9rimentales sugg\u00e8rent que <strong data-start=\"3045\" data-end=\"3076\">LGD-4033 (Ligandrol) Poudre<\/strong> peuvent :<\/p>\n<ul data-start=\"3084\" data-end=\"3587\">\n<li data-start=\"3084\" data-end=\"3175\">\n<p data-start=\"3086\" data-end=\"3175\">Soutien <strong data-start=\"3094\" data-end=\"3121\">croissance de la masse musculaire maigre<\/strong> et <strong data-start=\"3126\" data-end=\"3146\">r\u00e9tention musculaire<\/strong> lors d'une restriction calorique<\/p>\n<\/li>\n<li data-start=\"3176\" data-end=\"3234\">\n<p data-start=\"3178\" data-end=\"3234\">Promouvoir <strong data-start=\"3186\" data-end=\"3198\">perte de graisse<\/strong> tout en pr\u00e9servant l'int\u00e9grit\u00e9 musculaire<\/p>\n<\/li>\n<li data-start=\"3235\" data-end=\"3327\">\n<p data-start=\"3237\" data-end=\"3327\">Am\u00e9liorer <strong data-start=\"3245\" data-end=\"3282\">la solidit\u00e9 des os et la densit\u00e9 min\u00e9rale<\/strong>, ce qui en fait un outil id\u00e9al pour la recherche sur l'ost\u00e9oporose.<\/p>\n<\/li>\n<li data-start=\"3328\" data-end=\"3402\">\n<p data-start=\"3330\" data-end=\"3402\">Am\u00e9liorer <strong data-start=\"3338\" data-end=\"3400\">l'endurance, le taux de r\u00e9cup\u00e9ration et la performance physique globale<\/strong><\/p>\n<\/li>\n<li data-start=\"3403\" data-end=\"3501\">\n<p data-start=\"3405\" data-end=\"3501\">Participer \u00e0 des \u00e9tudes li\u00e9es \u00e0 <strong data-start=\"3434\" data-end=\"3471\">l'atrophie musculaire et la r\u00e9\u00e9ducation<\/strong> \u00e0 la suite d'une blessure ou d'une maladie<\/p>\n<\/li>\n<li data-start=\"3502\" data-end=\"3587\">\n<p data-start=\"3504\" data-end=\"3587\">Am\u00e9liorer <strong data-start=\"3512\" data-end=\"3543\">concentration mentale et motivation<\/strong>, comme cela a \u00e9t\u00e9 observ\u00e9 dans diverses \u00e9tudes cognitives<\/p>\n<\/li>\n<\/ul>\n<hr data-start=\"3589\" data-end=\"3592\" \/>\n<h3 data-start=\"3594\" data-end=\"3640\"><strong data-start=\"3598\" data-end=\"3640\">Pourquoi choisir LGD-4033 Ligandrol Powder ?<\/strong><\/h3>\n<ul data-start=\"3641\" data-end=\"3974\">\n<li data-start=\"3641\" data-end=\"3713\">\n<p data-start=\"3643\" data-end=\"3713\"><strong data-start=\"3643\" data-end=\"3681\">Puret\u00e9 de qualit\u00e9 pharmaceutique (\u226598%)<\/strong> v\u00e9rifi\u00e9 par des tests HPLC<\/p>\n<\/li>\n<li data-start=\"3714\" data-end=\"3770\">\n<p data-start=\"3716\" data-end=\"3770\"><strong data-start=\"3716\" data-end=\"3745\">Stable et \u00e0 absorption rapide<\/strong> compos\u00e9 non st\u00e9ro\u00efdien<\/p>\n<\/li>\n<li data-start=\"3771\" data-end=\"3833\">\n<p data-start=\"3773\" data-end=\"3833\">Id\u00e9al pour <strong data-start=\"3783\" data-end=\"3831\">cycles de recherche anabolisants \u00e0 court et moyen terme<\/strong><\/p>\n<\/li>\n<li data-start=\"3834\" data-end=\"3904\">\n<p data-start=\"3836\" data-end=\"3904\"><strong data-start=\"3836\" data-end=\"3862\">Toxicit\u00e9 h\u00e9patique minimale<\/strong> par rapport aux agents anabolisants traditionnels<\/p>\n<\/li>\n<li data-start=\"3905\" data-end=\"3974\">\n<p data-start=\"3907\" data-end=\"3974\"><strong data-start=\"3907\" data-end=\"3934\">V\u00e9rifi\u00e9 scientifiquement<\/strong> Modulateur s\u00e9lectif des r\u00e9cepteurs androg\u00e9niques<\/p>\n<\/li>\n<\/ul>\n<hr data-start=\"3976\" data-end=\"3979\" \/>\n<h3 data-start=\"3981\" data-end=\"4013\"><strong data-start=\"3985\" data-end=\"4013\">Applications dans le domaine de la recherche<\/strong><\/h3>\n<p data-start=\"4014\" data-end=\"4092\"><strong data-start=\"4014\" data-end=\"4045\">LGD-4033 Ligandrol en poudre<\/strong> continue d'\u00eatre \u00e9tudi\u00e9e en laboratoire pour :<\/p>\n<ul data-start=\"4093\" data-end=\"4277\">\n<li data-start=\"4093\" data-end=\"4137\">\n<p data-start=\"4095\" data-end=\"4137\"><strong data-start=\"4095\" data-end=\"4135\">Mod\u00e8les de fonte musculaire et de sarcop\u00e9nie<\/strong><\/p>\n<\/li>\n<li data-start=\"4138\" data-end=\"4183\">\n<p data-start=\"4140\" data-end=\"4183\"><strong data-start=\"4140\" data-end=\"4181\">\u00c9tudes sur l'ost\u00e9oporose et la densit\u00e9 osseuse<\/strong><\/p>\n<\/li>\n<li data-start=\"4184\" data-end=\"4226\">\n<p data-start=\"4186\" data-end=\"4226\"><strong data-start=\"4186\" data-end=\"4224\">M\u00e9canismes d'am\u00e9lioration des performances<\/strong><\/p>\n<\/li>\n<li data-start=\"4227\" data-end=\"4277\">\n<p data-start=\"4229\" data-end=\"4277\"><strong data-start=\"4229\" data-end=\"4275\">Recherche sur le m\u00e9tabolisme des graisses et l'\u00e9quilibre \u00e9nerg\u00e9tique<\/strong><\/p>\n<\/li>\n<\/ul>\n<p data-start=\"4279\" data-end=\"4436\"><strong data-start=\"4279\" data-end=\"4288\">Remarque :<\/strong> Ce produit est vendu strictement pour <strong data-start=\"4323\" data-end=\"4375\">uniquement \u00e0 des fins de laboratoire et de recherche scientifique<\/strong>. Il est <strong data-start=\"4383\" data-end=\"4435\">non approuv\u00e9s pour la consommation humaine ou v\u00e9t\u00e9rinaire<\/strong>.<\/p>\n<hr data-start=\"4438\" data-end=\"4441\" \/>\n<h3 data-start=\"4443\" data-end=\"4471\"><strong data-start=\"4447\" data-end=\"4471\">Stockage et manipulation<\/strong><\/h3>\n<ul data-start=\"4472\" data-end=\"4648\">\n<li data-start=\"4472\" data-end=\"4534\">\n<p data-start=\"4474\" data-end=\"4534\">Conserver dans un <strong data-start=\"4485\" data-end=\"4504\">endroit frais et sec<\/strong>, \u00e0 l'abri de la lumi\u00e8re directe du soleil.<\/p>\n<\/li>\n<li data-start=\"4535\" data-end=\"4584\">\n<p data-start=\"4537\" data-end=\"4584\">Conserver le r\u00e9cipient bien ferm\u00e9 apr\u00e8s chaque utilisation.<\/p>\n<\/li>\n<li data-start=\"4585\" data-end=\"4648\">\n<p data-start=\"4587\" data-end=\"4648\">Pour la recherche en laboratoire uniquement - manipuler avec l'EPI appropri\u00e9.<\/p>\n<\/li>\n<\/ul>\n<hr data-start=\"4650\" data-end=\"4653\" \/>\n<h3 data-start=\"4766\" data-end=\"4809\"><\/h3>\n<p data-start=\"4987\" data-end=\"5014\">","protected":false},"excerpt":{"rendered":"<p>Achetez la poudre de ligandrol LGD-4033 de haute puret\u00e9 pour la recherche sur les SARMs. Id\u00e9al pour les \u00e9tudes sur la croissance musculaire, la perte de graisse et l'activit\u00e9 anabolique. Puret\u00e9 98%, livraison rapide.<\/p>","protected":false},"featured_media":1760,"comment_status":"open","ping_status":"closed","template":"","meta":[],"product_brand":[],"product_cat":[391],"product_tag":[935,944,934,949,945,938,933,932,943,691,939,682,704,693,666,670,683,675,685,697,688,677,690,680,687,672,679,660,703,658,931,674,665,681,671,676,694,698,701,659,689,669,662,667,684,700,668,692,696,699,702,663,673,695,686,678,940,937,948,664,282,936,661,946,947,942,941],"class_list":{"0":"post-1759","1":"product","2":"type-product","3":"status-publish","4":"has-post-thumbnail","6":"product_cat-peptides","7":"product_tag-aas-poland","8":"product_tag-aas-raw-materials-australia","9":"product_tag-aas-raws","10":"product_tag-anabolic-steroid-manufacturer-canada","11":"product_tag-anabolic-steroid-powders-online","12":"product_tag-best-steroid-powder-supplier-usa","13":"product_tag-buy-aas-raws-online","14":"product_tag-buy-raw-steroid-powders-online","15":"product_tag-buy-raw-steroids-china","16":"product_tag-china-steroid-powder-supplier","17":"product_tag-high-purity-anabolic-steroids-canada","18":"product_tag-lgd-4033-australia","19":"product_tag-lgd-4033-bodybuilding","20":"product_tag-lgd-4033-brazil","21":"product_tag-lgd-4033-cycle","22":"product_tag-lgd-4033-dosage","23":"product_tag-lgd-4033-factory","24":"product_tag-lgd-4033-for-sale","25":"product_tag-lgd-4033-formula","26":"product_tag-lgd-4033-libido","27":"product_tag-lgd-4033-online","28":"product_tag-lgd-4033-powder","29":"product_tag-lgd-4033-recipe","30":"product_tag-lgd-4033-reviews","31":"product_tag-ligandrol","32":"product_tag-mk-2866","33":"product_tag-oral-sarms","34":"product_tag-peptide","35":"product_tag-peptide-hormone","36":"product_tag-raw-sarms-powders-sarms-liquid","37":"product_tag-raw-steroids-for-sale","38":"product_tag-sarm-receptor","39":"product_tag-sarms","40":"product_tag-sarms-australia","41":"product_tag-sarms-brazil","42":"product_tag-sarms-canada","43":"product_tag-sarms-cycle","44":"product_tag-sarms-for-sale","45":"product_tag-sarms-hormone","46":"product_tag-sarms-liquid-vs-pills","47":"product_tag-sarms-pills","48":"product_tag-sarms-powder","49":"product_tag-sarms-steroid","50":"product_tag-sarms-uk","51":"product_tag-selective-androgen-receptor-modulators","52":"product_tag-ssteroid-hormone","53":"product_tag-steroid-cream","54":"product_tag-steroid-injection","55":"product_tag-steroid-liquid","56":"product_tag-steroid-liquid-oral","57":"product_tag-steroid-oral","58":"product_tag-steroid-powder","59":"product_tag-steroid-powder-canada","60":"product_tag-steroid-powder-conversion-recipe","61":"product_tag-steroid-powder-price","62":"product_tag-steroid-powder-uk","63":"product_tag-steroid-raw-material-factory-europe","64":"product_tag-steroid-raws-online","65":"product_tag-steroid-raws-supplier-florida","66":"product_tag-steroid-semi-finished-liquid","67":"product_tag-steroids","68":"product_tag-supplier-usa","69":"product_tag-synthetic-steroid-lgd-4033","70":"product_tag-testosterone-raw-powder-poland","71":"product_tag-trenbolone-powder-thailand","72":"product_tag-trusted-steroid-raw-supplier-worldwide","73":"product_tag-wholesale-steroid-powders-australia","75":"first","76":"instock","77":"shipping-taxable","78":"product-type-simple"},"_links":{"self":[{"href":"https:\/\/shgotopharm.com\/fr\/wp-json\/wp\/v2\/product\/1759","targetHints":{"allow":["GET"]}}],"collection":[{"href":"https:\/\/shgotopharm.com\/fr\/wp-json\/wp\/v2\/product"}],"about":[{"href":"https:\/\/shgotopharm.com\/fr\/wp-json\/wp\/v2\/types\/product"}],"replies":[{"embeddable":true,"href":"https:\/\/shgotopharm.com\/fr\/wp-json\/wp\/v2\/comments?post=1759"}],"wp:featuredmedia":[{"embeddable":true,"href":"https:\/\/shgotopharm.com\/fr\/wp-json\/wp\/v2\/media\/1760"}],"wp:attachment":[{"href":"https:\/\/shgotopharm.com\/fr\/wp-json\/wp\/v2\/media?parent=1759"}],"wp:term":[{"taxonomy":"product_brand","embeddable":true,"href":"https:\/\/shgotopharm.com\/fr\/wp-json\/wp\/v2\/product_brand?post=1759"},{"taxonomy":"product_cat","embeddable":true,"href":"https:\/\/shgotopharm.com\/fr\/wp-json\/wp\/v2\/product_cat?post=1759"},{"taxonomy":"product_tag","embeddable":true,"href":"https:\/\/shgotopharm.com\/fr\/wp-json\/wp\/v2\/product_tag?post=1759"}],"curies":[{"name":"wp","href":"https:\/\/api.w.org\/{rel}","templated":true}]}}