{"id":1763,"date":"2025-10-30T16:53:12","date_gmt":"2025-10-30T16:53:12","guid":{"rendered":"https:\/\/shgotopharm.com\/?post_type=product&#038;p=1763"},"modified":"2026-03-22T15:30:54","modified_gmt":"2026-03-22T15:30:54","slug":"acheter-semaglutide-peptide","status":"publish","type":"product","link":"https:\/\/shgotopharm.com\/fr\/product\/buy-semaglutide-peptide\/","title":{"rendered":"Acheter Semaglutide Peptide"},"content":{"rendered":"<h2 data-start=\"265\" data-end=\"351\"><strong data-start=\"268\" data-end=\"351\">Acheter Semaglutide Peptide | Agoniste du r\u00e9cepteur GLP-1 pour le diab\u00e8te et la gestion du poids<\/strong><\/h2>\n<h3 data-start=\"353\" data-end=\"369\"><strong data-start=\"357\" data-end=\"369\">Vue d'ensemble<\/strong><\/h3>\n<p data-start=\"370\" data-end=\"820\"><strong data-start=\"370\" data-end=\"393\">Acheter Semaglutide Peptide<\/strong> est un produit synth\u00e9tique <strong data-start=\"409\" data-end=\"461\">Agoniste des r\u00e9cepteurs du GLP-1 (Glucagon-Like Peptide-1)<\/strong> con\u00e7u pour imiter les effets de l'hormone naturelle GLP-1. Ce peptide joue un r\u00f4le cl\u00e9 dans la r\u00e9gulation de la glyc\u00e9mie. <strong data-start=\"573\" data-end=\"636\">la s\u00e9cr\u00e9tion d'insuline, la glyc\u00e9mie et le contr\u00f4le de l'app\u00e9tit<\/strong>.<br data-start=\"637\" data-end=\"640\" \/>D\u00e9velopp\u00e9 \u00e0 l'origine pour le <strong data-start=\"669\" data-end=\"701\">le traitement du diab\u00e8te de type 2<\/strong>, Depuis, le Semaglutide a \u00e9t\u00e9 reconnu pour son potentiel significatif dans le traitement des maladies infectieuses. <strong data-start=\"777\" data-end=\"819\">la gestion du poids et la sant\u00e9 m\u00e9tabolique<\/strong>.<\/p>\n<hr data-start=\"822\" data-end=\"825\" \/>\n<h3 data-start=\"827\" data-end=\"856\"><strong data-start=\"831\" data-end=\"856\">Comment fonctionne le Semaglutide<\/strong><\/h3>\n<p data-start=\"857\" data-end=\"941\">Le s\u00e9maglutide fonctionne par <strong data-start=\"882\" data-end=\"912\">l'activation des r\u00e9cepteurs du GLP-1<\/strong> dans le pancr\u00e9as et le cerveau.<\/p>\n<ul data-start=\"942\" data-end=\"1324\">\n<li data-start=\"942\" data-end=\"1129\">\n<p data-start=\"944\" data-end=\"1129\">Dans le cadre de la <strong data-start=\"951\" data-end=\"963\">pancr\u00e9as<\/strong>, Cette stimulation am\u00e9liore <strong data-start=\"991\" data-end=\"1010\">lib\u00e9ration d'insuline<\/strong> lorsque le taux de sucre dans le sang est \u00e9lev\u00e9 et supprime les effets de l'insuline. <strong data-start=\"1063\" data-end=\"1086\">production de glucagon<\/strong>, Le sucre de canne est une substance qui aide \u00e0 maintenir des niveaux de glucose stables.<\/p>\n<\/li>\n<li data-start=\"1130\" data-end=\"1324\">\n<p data-start=\"1132\" data-end=\"1324\">Dans le cadre de la <strong data-start=\"1139\" data-end=\"1169\">cerveau et syst\u00e8me digestif<\/strong>, il ralentit <strong data-start=\"1180\" data-end=\"1200\">vidange gastrique<\/strong> et augmente <strong data-start=\"1215\" data-end=\"1234\">signaux de sati\u00e9t\u00e9<\/strong>, Les aliments de ce type peuvent \u00eatre consomm\u00e9s par les personnes \u00e2g\u00e9es, ce qui leur permet de se sentir rassasi\u00e9es plus longtemps et de r\u00e9duire l'apport calorique global.<\/p>\n<\/li>\n<\/ul>\n<p data-start=\"1326\" data-end=\"1467\">En ciblant ces m\u00e9canismes, <strong data-start=\"1357\" data-end=\"1372\">Semaglutide<\/strong> aide efficacement \u00e0 r\u00e9guler l'app\u00e9tit, \u00e0 r\u00e9duire la glyc\u00e9mie et \u00e0 favoriser une perte de poids durable.<\/p>\n<hr data-start=\"1469\" data-end=\"1472\" \/>\n<h3 data-start=\"1474\" data-end=\"1515\"><strong data-start=\"1478\" data-end=\"1515\">Applications m\u00e9dicales et de recherche<\/strong><\/h3>\n<p data-start=\"1516\" data-end=\"1672\">Le s\u00e9maglutide est approuv\u00e9 par le <strong data-start=\"1547\" data-end=\"1590\">Administration am\u00e9ricaine des denr\u00e9es alimentaires et des m\u00e9dicaments (FDA)<\/strong> sous plusieurs marques, dont <strong data-start=\"1628\" data-end=\"1639\">Ozempic<\/strong>, <strong data-start=\"1641\" data-end=\"1651\">Wegovy<\/strong>, et <strong data-start=\"1657\" data-end=\"1669\">Rybelsus<\/strong>.<\/p>\n<ul data-start=\"1673\" data-end=\"1978\">\n<li data-start=\"1673\" data-end=\"1776\">\n<p data-start=\"1675\" data-end=\"1776\"><strong data-start=\"1675\" data-end=\"1686\">Ozempic<\/strong> - Injectable une fois par semaine pour am\u00e9liorer le contr\u00f4le de la glyc\u00e9mie chez les adultes atteints de diab\u00e8te de type 2.<\/p>\n<\/li>\n<li data-start=\"1777\" data-end=\"1885\">\n<p data-start=\"1779\" data-end=\"1885\"><strong data-start=\"1779\" data-end=\"1789\">Wegovy<\/strong> - Approuv\u00e9 pour <strong data-start=\"1805\" data-end=\"1834\">la gestion du poids chronique<\/strong> chez les adultes souffrant d'ob\u00e9sit\u00e9 ou de surpoids.<\/p>\n<\/li>\n<li data-start=\"1886\" data-end=\"1978\">\n<p data-start=\"1888\" data-end=\"1978\"><strong data-start=\"1888\" data-end=\"1900\">Rybelsus<\/strong> - Le premier <strong data-start=\"1913\" data-end=\"1926\">forme orale<\/strong> de Semaglutide, con\u00e7u pour la gestion du diab\u00e8te.<\/p>\n<\/li>\n<\/ul>\n<p data-start=\"1980\" data-end=\"2181\">Des \u00e9tudes cliniques ont montr\u00e9 que Buy <strong data-start=\"2013\" data-end=\"2036\">Semaglutide Peptide<\/strong> peut conduire \u00e0 <strong data-start=\"2049\" data-end=\"2081\">une r\u00e9duction significative du poids<\/strong> m\u00eame chez les personnes non diab\u00e9tiques par <strong data-start=\"2122\" data-end=\"2178\">r\u00e9duire l'app\u00e9tit et favoriser un apport calorique plus faible<\/strong>.<\/p>\n<hr data-start=\"2183\" data-end=\"2186\" \/>\n<h3 data-start=\"2188\" data-end=\"2231\"><strong data-start=\"2192\" data-end=\"2231\">Principaux avantages du peptide semaglutide<\/strong><\/h3>\n<ul data-start=\"2232\" data-end=\"2733\">\n<li data-start=\"2232\" data-end=\"2331\">\n<p data-start=\"2234\" data-end=\"2331\"><strong data-start=\"2234\" data-end=\"2273\">Favorise la prise en charge du diab\u00e8te de type 2<\/strong> - Am\u00e9liore la sensibilit\u00e9 \u00e0 l'insuline et le contr\u00f4le de la glyc\u00e9mie.<\/p>\n<\/li>\n<li data-start=\"2332\" data-end=\"2437\">\n<p data-start=\"2334\" data-end=\"2437\"><strong data-start=\"2334\" data-end=\"2358\">Favorise la perte de poids<\/strong> - Diminue la faim et augmente la sati\u00e9t\u00e9, contribuant ainsi \u00e0 r\u00e9duire la consommation de calories.<\/p>\n<\/li>\n<li data-start=\"2438\" data-end=\"2533\">\n<p data-start=\"2440\" data-end=\"2533\"><strong data-start=\"2440\" data-end=\"2469\">Am\u00e9liore la sant\u00e9 m\u00e9tabolique<\/strong> - Contribue \u00e0 r\u00e9guler le m\u00e9tabolisme du glucose et l'\u00e9quilibre lipidique.<\/p>\n<\/li>\n<li data-start=\"2534\" data-end=\"2628\">\n<p data-start=\"2536\" data-end=\"2628\"><strong data-start=\"2536\" data-end=\"2557\">Dosage pratique<\/strong> - Disponible en <strong data-start=\"2573\" data-end=\"2599\">injections une fois par semaine<\/strong> ou <strong data-start=\"2603\" data-end=\"2625\">comprim\u00e9s oraux quotidiens<\/strong>.<\/p>\n<\/li>\n<li data-start=\"2629\" data-end=\"2733\">\n<p data-start=\"2631\" data-end=\"2733\"><strong data-start=\"2631\" data-end=\"2652\">\u00c9prouv\u00e9 cliniquement<\/strong> - Soutenu par des recherches approfondies et l'approbation de la FDA pour de multiples usages th\u00e9rapeutiques.<\/p>\n<\/li>\n<\/ul>\n<hr data-start=\"2735\" data-end=\"2738\" \/>\n<h3 data-start=\"2740\" data-end=\"2769\"><strong data-start=\"2744\" data-end=\"2769\">Contexte scientifique<\/strong><\/h3>\n<p data-start=\"2770\" data-end=\"3086\">La structure chimique du s\u00e9maglutide ressemble beaucoup \u00e0 celle du <strong data-start=\"2829\" data-end=\"2846\">GLP-1 naturel<\/strong>, mais avec des <strong data-start=\"2866\" data-end=\"2893\">stabilit\u00e9 et demi-vie<\/strong>, ce qui permet de <strong data-start=\"2908\" data-end=\"2939\">une activit\u00e9 plus longue dans l'organisme<\/strong>. D\u00e9velopp\u00e9 par <strong data-start=\"2954\" data-end=\"2970\">Novo Nordisk<\/strong> en 2012, il repr\u00e9sente l'un des analogues du GLP-1 les plus avanc\u00e9s disponibles pour le traitement des maladies infectieuses. <strong data-start=\"3047\" data-end=\"3083\">recherche endocrinienne et m\u00e9tabolique<\/strong>.<\/p>\n<p data-start=\"3088\" data-end=\"3344\">Au-del\u00e0 du diab\u00e8te et de l'ob\u00e9sit\u00e9, les chercheurs explorent les r\u00f4les potentiels du Semaglutide dans les domaines suivants <strong data-start=\"3176\" data-end=\"3250\">\u00e9tudes sur la sant\u00e9 cardiovasculaire, la neuroprotection et le syndrome m\u00e9tabolique<\/strong> en raison de son impact favorable sur <strong data-start=\"3282\" data-end=\"3343\">l'inflammation, la r\u00e9gulation de l'app\u00e9tit et le m\u00e9tabolisme du glucose<\/strong>.<\/p>\n<hr data-start=\"3346\" data-end=\"3349\" \/>\n<h3 data-start=\"3351\" data-end=\"3373\"><strong data-start=\"3355\" data-end=\"3373\">Note importante<\/strong><\/h3>\n<p data-start=\"3374\" data-end=\"3520\">Ce produit est fourni pour <strong data-start=\"3403\" data-end=\"3455\">uniquement \u00e0 des fins de laboratoire et de recherche scientifique<\/strong>.<br data-start=\"3456\" data-end=\"3459\" \/>Il est <strong data-start=\"3465\" data-end=\"3517\">non destin\u00e9 \u00e0 la consommation humaine ou v\u00e9t\u00e9rinaire<\/strong>.<\/p>","protected":false},"excerpt":{"rendered":"<p>Buy Semaglutide Peptide | GLP-1 Receptor Agonist for Diabetes and Weight Management Overview Buy Semaglutide Peptide is a synthetic GLP-1 (Glucagon-Like Peptide-1) receptor agonist designed to mimic the effects of the body\u2019s natural GLP-1 hormone. This peptide plays a key role in regulating insulin secretion, blood sugar levels, and appetite control.Originally developed for the treatment [&hellip;]<\/p>\n","protected":false},"featured_media":1764,"comment_status":"open","ping_status":"closed","template":"","meta":[],"product_brand":[],"product_cat":[391],"product_tag":[935,944,934,949,945,739,938,933,932,943,743,744,939,740,745,746,738,742,931,747,940,937,948,936,946,947,942,741,941],"class_list":{"0":"post-1763","1":"product","2":"type-product","3":"status-publish","4":"has-post-thumbnail","6":"product_cat-peptides","7":"product_tag-aas-poland","8":"product_tag-aas-raw-materials-australia","9":"product_tag-aas-raws","10":"product_tag-anabolic-steroid-manufacturer-canada","11":"product_tag-anabolic-steroid-powders-online","12":"product_tag-benefits-of-igf-1-lr3","13":"product_tag-best-steroid-powder-supplier-usa","14":"product_tag-buy-aas-raws-online","15":"product_tag-buy-raw-steroid-powders-online","16":"product_tag-buy-raw-steroids-china","17":"product_tag-hgh","18":"product_tag-hgh-supplements","19":"product_tag-high-purity-anabolic-steroids-canada","20":"product_tag-how-does-igf-1-lr3-work","21":"product_tag-human-growth-hormone","22":"product_tag-human-growth-hormone-for-sale","23":"product_tag-peptide-igf1-lr3","24":"product_tag-peptide-peptides-buy-growth-hormone","25":"product_tag-raw-steroids-for-sale","26":"product_tag-somatropin-growth-hormone","27":"product_tag-steroid-raw-material-factory-europe","28":"product_tag-steroid-raws-online","29":"product_tag-steroid-raws-supplier-florida","30":"product_tag-supplier-usa","31":"product_tag-testosterone-raw-powder-poland","32":"product_tag-trenbolone-powder-thailand","33":"product_tag-trusted-steroid-raw-supplier-worldwide","34":"product_tag-where-can-i-buy-igf-1-lr3","35":"product_tag-wholesale-steroid-powders-australia","37":"first","38":"instock","39":"shipping-taxable","40":"product-type-simple"},"_links":{"self":[{"href":"https:\/\/shgotopharm.com\/fr\/wp-json\/wp\/v2\/product\/1763","targetHints":{"allow":["GET"]}}],"collection":[{"href":"https:\/\/shgotopharm.com\/fr\/wp-json\/wp\/v2\/product"}],"about":[{"href":"https:\/\/shgotopharm.com\/fr\/wp-json\/wp\/v2\/types\/product"}],"replies":[{"embeddable":true,"href":"https:\/\/shgotopharm.com\/fr\/wp-json\/wp\/v2\/comments?post=1763"}],"wp:featuredmedia":[{"embeddable":true,"href":"https:\/\/shgotopharm.com\/fr\/wp-json\/wp\/v2\/media\/1764"}],"wp:attachment":[{"href":"https:\/\/shgotopharm.com\/fr\/wp-json\/wp\/v2\/media?parent=1763"}],"wp:term":[{"taxonomy":"product_brand","embeddable":true,"href":"https:\/\/shgotopharm.com\/fr\/wp-json\/wp\/v2\/product_brand?post=1763"},{"taxonomy":"product_cat","embeddable":true,"href":"https:\/\/shgotopharm.com\/fr\/wp-json\/wp\/v2\/product_cat?post=1763"},{"taxonomy":"product_tag","embeddable":true,"href":"https:\/\/shgotopharm.com\/fr\/wp-json\/wp\/v2\/product_tag?post=1763"}],"curies":[{"name":"wp","href":"https:\/\/api.w.org\/{rel}","templated":true}]}}