{"id":1775,"date":"2025-11-05T02:19:07","date_gmt":"2025-11-05T02:19:07","guid":{"rendered":"https:\/\/shgotopharm.com\/?post_type=product&#038;p=1775"},"modified":"2025-11-10T10:04:34","modified_gmt":"2025-11-10T10:04:34","slug":"raw-nandrolone-decanoate","status":"publish","type":"product","link":"https:\/\/shgotopharm.com\/fr\/product\/raw-nandrolone-decanoate\/","title":{"rendered":"D\u00e9canoate de nandrolone brut (Deca Durabolin)"},"content":{"rendered":"<h2 data-start=\"373\" data-end=\"430\"><a href=\"https:\/\/shgotopharm.com\/fr\/product\/raw-nandrolone-decanoate\/\"><strong data-start=\"376\" data-end=\"430\">D\u00e9canoate de nandrolone brut (Deca Durabolin)\u00a0<\/strong><\/a><\/h2>\n<p data-start=\"432\" data-end=\"811\"><strong data-start=\"432\" data-end=\"460\">D\u00e9canoate de nandrolone brut<\/strong>, plus connu sous sa d\u00e9nomination commerciale <strong data-start=\"495\" data-end=\"513\">Deca Durabolin<\/strong>, est l'un des st\u00e9ro\u00efdes anabolisants les plus reconnus et les plus largement utilis\u00e9s dans la communaut\u00e9 des culturistes et des athl\u00e8tes. Connu pour sa capacit\u00e9 \u00e0 am\u00e9liorer la <strong data-start=\"656\" data-end=\"711\">la croissance musculaire, la r\u00e9cup\u00e9ration des articulations et la force g\u00e9n\u00e9rale<\/strong>, Ce compos\u00e9 est un choix puissant pour les athl\u00e8tes professionnels et les amateurs de fitness.<\/p>\n<hr data-start=\"813\" data-end=\"816\" \/>\n<h2 data-start=\"818\" data-end=\"869\"><strong data-start=\"821\" data-end=\"869\">Informations sur le d\u00e9canoate de nandrolone brut<\/strong><\/h2>\n<ul data-start=\"871\" data-end=\"1275\">\n<li data-start=\"871\" data-end=\"913\">\n<p data-start=\"873\" data-end=\"913\"><strong data-start=\"873\" data-end=\"890\">Nom du produit :<\/strong> D\u00e9canoate de Nandrolone<\/p>\n<\/li>\n<li data-start=\"914\" data-end=\"950\">\n<p data-start=\"916\" data-end=\"950\"><strong data-start=\"916\" data-end=\"932\">Autres noms :<\/strong> Deca, Durabolin<\/p>\n<\/li>\n<li data-start=\"951\" data-end=\"979\">\n<p data-start=\"953\" data-end=\"979\"><strong data-start=\"953\" data-end=\"968\">Num\u00e9ro CAS :<\/strong> 360-70-3<\/p>\n<\/li>\n<li data-start=\"980\" data-end=\"1005\">\n<p data-start=\"982\" data-end=\"1005\"><strong data-start=\"982\" data-end=\"993\">EINECS :<\/strong> 206-639-3<\/p>\n<\/li>\n<li data-start=\"1006\" data-end=\"1041\">\n<p data-start=\"1008\" data-end=\"1041\"><strong data-start=\"1008\" data-end=\"1030\">Formule mol\u00e9culaire :<\/strong> C\u2082\u2088H\u2084\u2084O\u2083<\/p>\n<\/li>\n<li data-start=\"1042\" data-end=\"1074\">\n<p data-start=\"1044\" data-end=\"1074\"><strong data-start=\"1044\" data-end=\"1065\">Poids mol\u00e9culaire :<\/strong> 428.65<\/p>\n<\/li>\n<li data-start=\"1075\" data-end=\"1102\">\n<p data-start=\"1077\" data-end=\"1102\"><strong data-start=\"1077\" data-end=\"1088\">La puret\u00e9 :<\/strong> 99% minimum<\/p>\n<\/li>\n<li data-start=\"1103\" data-end=\"1147\">\n<p data-start=\"1105\" data-end=\"1147\"><strong data-start=\"1105\" data-end=\"1120\">Apparence :<\/strong> Poudre cristalline blanche<\/p>\n<\/li>\n<li data-start=\"1148\" data-end=\"1217\">\n<p data-start=\"1150\" data-end=\"1217\"><strong data-start=\"1150\" data-end=\"1164\">Emballage :<\/strong> Sachet d'aluminium de 1 kg (emballage personnalis\u00e9 disponible)<\/p>\n<\/li>\n<li data-start=\"1218\" data-end=\"1275\">\n<p data-start=\"1220\" data-end=\"1275\"><strong data-start=\"1220\" data-end=\"1230\">Utilisation :<\/strong> Mat\u00e9riau de qualit\u00e9 pharmaceutique et de recherche<\/p>\n<\/li>\n<\/ul>\n<hr data-start=\"1277\" data-end=\"1280\" \/>\n<h2 data-start=\"1282\" data-end=\"1315\"><strong data-start=\"1285\" data-end=\"1315\">Description et contexte<\/strong><\/h2>\n<p data-start=\"1317\" data-end=\"1584\"><strong data-start=\"1317\" data-end=\"1341\">D\u00e9canoate de Nandrolone<\/strong>, ou <strong data-start=\"1346\" data-end=\"1364\">Deca Durabolin<\/strong>, est un m\u00e9dicament \u00e0 action prolong\u00e9e. <strong data-start=\"1383\" data-end=\"1420\">st\u00e9ro\u00efde anabolisant-androg\u00e8ne (AAS)<\/strong> d\u00e9riv\u00e9 de la testost\u00e9rone. Introduite pour la premi\u00e8re fois dans les ann\u00e9es 1960, elle est depuis lors devenue un produit de base pour les personnes souhaitant <strong data-start=\"1534\" data-end=\"1581\">am\u00e9liorer la taille, la force et la r\u00e9cup\u00e9ration des muscles<\/strong>.<\/p>\n<p data-start=\"1586\" data-end=\"1924\">M\u00e9dicalement, <strong data-start=\"1597\" data-end=\"1621\">D\u00e9canoate de Nandrolone<\/strong> est prescrit pour traiter <strong data-start=\"1645\" data-end=\"1700\">l'an\u00e9mie, l'ost\u00e9oporose et les troubles musculaires<\/strong>, Il aide l'organisme \u00e0 reconstruire les tissus affaiblis par une maladie ou une blessure. Dans le domaine du sport et de la remise en forme, elle est admir\u00e9e pour ses qualit\u00e9s de r\u00e9sistance et d'endurance. <strong data-start=\"1825\" data-end=\"1853\">effets protecteurs sur les articulations<\/strong> et <strong data-start=\"1858\" data-end=\"1896\">la capacit\u00e9 d'augmenter la masse corporelle maigre<\/strong> sans prise de graisse excessive.<\/p>\n<p data-start=\"1926\" data-end=\"2181\">Ce compos\u00e9 a une <strong data-start=\"1946\" data-end=\"1986\">demi-vie d'environ 6 \u00e0 12 jours<\/strong>, Il s'agit donc d'une solution id\u00e9ale pour <strong data-start=\"2008\" data-end=\"2035\">cycles d'injection hebdomadaires<\/strong>. Il promeut <strong data-start=\"2049\" data-end=\"2071\">r\u00e9tention d'azote<\/strong> et <strong data-start=\"2076\" data-end=\"2105\">la production de globules rouges<\/strong>, ce qui permet d'am\u00e9liorer l'endurance, la r\u00e9cup\u00e9ration et les performances athl\u00e9tiques en g\u00e9n\u00e9ral.<\/p>\n<hr data-start=\"2183\" data-end=\"2186\" \/>\n<h2 data-start=\"2188\" data-end=\"2235\"><strong data-start=\"2191\" data-end=\"2235\">Principaux avantages du d\u00e9canoate de nandrolone brut<\/strong><\/h2>\n<ul data-start=\"2237\" data-end=\"2764\">\n<li data-start=\"2237\" data-end=\"2324\">\n<p data-start=\"2239\" data-end=\"2324\"><strong data-start=\"2239\" data-end=\"2266\">Favorise la croissance musculaire :<\/strong> Am\u00e9liore la synth\u00e8se des prot\u00e9ines et le d\u00e9veloppement des muscles maigres.<\/p>\n<\/li>\n<li data-start=\"2325\" data-end=\"2416\">\n<p data-start=\"2327\" data-end=\"2416\"><strong data-start=\"2327\" data-end=\"2361\">Renforce la force et l'endurance :<\/strong> Am\u00e9liore la capacit\u00e9 d'entra\u00eenement et les performances sportives.<\/p>\n<\/li>\n<li data-start=\"2417\" data-end=\"2506\">\n<p data-start=\"2419\" data-end=\"2506\"><strong data-start=\"2419\" data-end=\"2445\">Favorise la sant\u00e9 des articulations :<\/strong> Connu pour son effet lubrifiant et protecteur sur les articulations.<\/p>\n<\/li>\n<li data-start=\"2507\" data-end=\"2583\">\n<p data-start=\"2509\" data-end=\"2583\"><strong data-start=\"2509\" data-end=\"2544\">Augmente le nombre de globules rouges :<\/strong> Am\u00e9liore l'apport d'oxyg\u00e8ne aux muscles.<\/p>\n<\/li>\n<li data-start=\"2584\" data-end=\"2662\">\n<p data-start=\"2586\" data-end=\"2662\"><strong data-start=\"2586\" data-end=\"2604\">Aide au r\u00e9tablissement :<\/strong> Acc\u00e9l\u00e8re la gu\u00e9rison des entra\u00eenements intenses et des blessures.<\/p>\n<\/li>\n<li data-start=\"2663\" data-end=\"2764\">\n<p data-start=\"2665\" data-end=\"2764\"><strong data-start=\"2665\" data-end=\"2701\">Effets secondaires androg\u00e9niques minimes :<\/strong> Risque plus faible de perte de cheveux et d'acn\u00e9 que les autres st\u00e9ro\u00efdes.<\/p>\n<\/li>\n<\/ul>\n<p data-start=\"2766\" data-end=\"2971\">Les athl\u00e8tes d\u00e9clarent souvent <strong data-start=\"2788\" data-end=\"2812\">un meilleur confort articulaire<\/strong> et <strong data-start=\"2817\" data-end=\"2843\">am\u00e9lioration du temps de r\u00e9cup\u00e9ration<\/strong> lors de l'utilisation de faibles doses de <strong data-start=\"2870\" data-end=\"2898\">D\u00e9canoate de nandrolone brut<\/strong>, ce qui en fait un compl\u00e9ment pr\u00e9cieux pour les r\u00e9gimes de renforcement et les r\u00e9gimes th\u00e9rapeutiques.<\/p>\n<hr data-start=\"2973\" data-end=\"2976\" \/>\n<h2 data-start=\"2978\" data-end=\"3023\"><strong data-start=\"2981\" data-end=\"3023\">Dosage sugg\u00e9r\u00e9 et informations sur le cycle<\/strong><\/h2>\n<h3 data-start=\"3025\" data-end=\"3056\"><strong data-start=\"3029\" data-end=\"3056\">Pour les culturistes (hommes) :<\/strong><\/h3>\n<ul data-start=\"3057\" data-end=\"3287\">\n<li data-start=\"3057\" data-end=\"3125\">\n<p data-start=\"3059\" data-end=\"3125\"><strong data-start=\"3059\" data-end=\"3089\">Dosage hebdomadaire recommand\u00e9 :<\/strong> 1,8-3 mg par livre de poids corporel<\/p>\n<\/li>\n<li data-start=\"3126\" data-end=\"3173\">\n<p data-start=\"3128\" data-end=\"3173\"><strong data-start=\"3128\" data-end=\"3151\">Dosage th\u00e9rapeutique :<\/strong> 100-200 mg par semaine<\/p>\n<\/li>\n<li data-start=\"3174\" data-end=\"3211\">\n<p data-start=\"3176\" data-end=\"3211\"><strong data-start=\"3176\" data-end=\"3201\">Dur\u00e9e minimale du cycle :<\/strong> 8 semaines<\/p>\n<\/li>\n<li data-start=\"3212\" data-end=\"3248\">\n<p data-start=\"3214\" data-end=\"3248\"><strong data-start=\"3214\" data-end=\"3237\">Dur\u00e9e id\u00e9ale du cycle :<\/strong> 12 semaines<\/p>\n<\/li>\n<li data-start=\"3249\" data-end=\"3287\">\n<p data-start=\"3251\" data-end=\"3287\"><strong data-start=\"3251\" data-end=\"3276\">Dur\u00e9e maximale du cycle :<\/strong> 16 semaines<\/p>\n<\/li>\n<\/ul>\n<h3 data-start=\"3289\" data-end=\"3307\"><strong data-start=\"3293\" data-end=\"3307\">Pour les femmes :<\/strong><\/h3>\n<ul data-start=\"3308\" data-end=\"3395\">\n<li data-start=\"3308\" data-end=\"3395\">\n<p data-start=\"3310\" data-end=\"3395\"><strong data-start=\"3310\" data-end=\"3346\">L'utilisation est g\u00e9n\u00e9ralement d\u00e9conseill\u00e9e<\/strong> en raison de la possibilit\u00e9 d'effets de virilisation.<\/p>\n<\/li>\n<\/ul>\n<hr data-start=\"3397\" data-end=\"3400\" \/>\n<h2 data-start=\"3402\" data-end=\"3445\"><strong data-start=\"3405\" data-end=\"3445\">Pourquoi choisir le d\u00e9canoate de nandrolone brut ?<\/strong><\/h2>\n<p data-start=\"3447\" data-end=\"3689\">Notre <strong data-start=\"3451\" data-end=\"3486\">Poudre brute de d\u00e9canoate de nandrolone<\/strong> est fabriqu\u00e9 selon des normes strictes de contr\u00f4le de la qualit\u00e9, ce qui garantit <strong data-start=\"3552\" data-end=\"3589\">99% puret\u00e9 et puissance constante<\/strong>. Il est id\u00e9al pour <strong data-start=\"3607\" data-end=\"3677\">la recherche, la formulation pharmaceutique et la pr\u00e9paration professionnelle<\/strong> des objectifs.<\/p>\n<p data-start=\"3691\" data-end=\"3900\">Que votre objectif soit de <strong data-start=\"3715\" data-end=\"3780\">am\u00e9liorer la force, favoriser la r\u00e9cup\u00e9ration ou maintenir le tissu musculaire<\/strong> lors d'une phase de coupe, <strong data-start=\"3805\" data-end=\"3833\">D\u00e9canoate de nandrolone brut<\/strong> reste l'un des compos\u00e9s les plus fiables et les plus efficaces qui soient.<\/p>","protected":false},"excerpt":{"rendered":"<h2 data-start=\"373\" data-end=\"430\"><a href=\"https:\/\/shgotopharm.com\/fr\/product\/raw-nandrolone-decanoate\/\"><strong data-start=\"376\" data-end=\"430\">D\u00e9canoate de nandrolone brut (Deca Durabolin)\u00a0<\/strong><\/a><\/h2>\n<p data-start=\"432\" data-end=\"811\"><strong data-start=\"432\" data-end=\"460\">D\u00e9canoate de nandrolone brut<\/strong>, plus connu sous sa d\u00e9nomination commerciale <strong data-start=\"495\" data-end=\"513\">Deca Durabolin<\/strong>,<\/p>","protected":false},"featured_media":1776,"comment_status":"open","ping_status":"closed","template":"","meta":[],"product_brand":[],"product_cat":[796],"product_tag":[935,944,934,949,945,268,938,933,841,805,810,814,843,818,823,828,802,807,838,812,833,816,826,831,830,820,825,835,932,943,799,804,840,845,809,813,817,822,827,832,842,837,847,801,806,811,800,815,819,939,281,808,846,829,824,834,839,844,798,803,836,821,797,931,940,937,948,282,936,946,947,942,941],"class_list":{"0":"post-1775","1":"product","2":"type-product","3":"status-publish","4":"has-post-thumbnail","6":"product_cat-nandrolone","7":"product_tag-aas-poland","8":"product_tag-aas-raw-materials-australia","9":"product_tag-aas-raws","10":"product_tag-anabolic-steroid-manufacturer-canada","11":"product_tag-anabolic-steroid-powders-online","12":"product_tag-anabolic-steroids","13":"product_tag-best-steroid-powder-supplier-usa","14":"product_tag-buy-aas-raws-online","15":"product_tag-buy-anabolic-steroids","16":"product_tag-buy-deca-durabolin","17":"product_tag-buy-deca-durabolin-300-mg","18":"product_tag-buy-deca-durabolin-australia","19":"product_tag-buy-deca-durabolin-canada","20":"product_tag-buy-deca-durabolin-injectable","21":"product_tag-buy-deca-durabolin-injectable-uk","22":"product_tag-buy-deca-durabolin-online","23":"product_tag-buy-deca-durabolin-online-canada","24":"product_tag-buy-deca-durabolin-pills-uk","25":"product_tag-buy-deca-durabolin-polan","26":"product_tag-buy-deca-durabolin-powder","27":"product_tag-buy-deca-durabolin-usa","28":"product_tag-buy-deca-durabolin-with-paypal","29":"product_tag-buy-nandrolone-decanoate","30":"product_tag-buy-nandrolone-decanoate-online","31":"product_tag-buy-nandrolone-decanoate-online-uk","32":"product_tag-buy-nandrolone-decanoate-powder","33":"product_tag-buy-nandrolone-decanoate-thailand","34":"product_tag-buy-nandrolone-decanoate-uk","35":"product_tag-buy-raw-steroid-powders-online","36":"product_tag-buy-raw-steroids-china","37":"product_tag-deca","38":"product_tag-deca-durabolin","39":"product_tag-deca-durabolin-buy","40":"product_tag-deca-durabolin-dosage","41":"product_tag-deca-durabolin-for-sale","42":"product_tag-deca-durabolin-gains","43":"product_tag-deca-durabolin-half-life","44":"product_tag-deca-durabolin-manufacturer","45":"product_tag-deca-durabolin-nandrolone-decanoate-buy","46":"product_tag-deca-durabolin-powder","47":"product_tag-deca-durabolin-powder-conversion","48":"product_tag-deca-durabolin-powder-for-sale","49":"product_tag-deca-durabolin-price","50":"product_tag-deca-durabolin-source","51":"product_tag-deca-durabolin-steroids","52":"product_tag-deca-durabolin-suppliers","53":"product_tag-deca-durabolin-sustanon-dianabol","54":"product_tag-deca-durabolin-wholesale","55":"product_tag-deca-powder","56":"product_tag-high-purity-anabolic-steroids-canada","57":"product_tag-hormone","58":"product_tag-how-to-make-deca-durabolin-from-powder","59":"product_tag-nandrolone-decanoate","60":"product_tag-nandrolone-decanoate-200-mg","61":"product_tag-nandrolone-decanoate-for-sale","62":"product_tag-nandrolone-decanoate-powder","63":"product_tag-nandrolone-decanoate-powder-buy","64":"product_tag-nandrolone-decanoate-powder-price","65":"product_tag-nandrolone-decanoate-price","66":"product_tag-nandrolone-decanoate-raw-powder","67":"product_tag-nandrolone-decanoate-steroid","68":"product_tag-nandrolone-powders-aas","69":"product_tag-nandrolone-raw-powders-buy-deca-durabolin-brazil","70":"product_tag-raw-steroids-for-sale","71":"product_tag-steroid-raw-material-factory-europe","72":"product_tag-steroid-raws-online","73":"product_tag-steroid-raws-supplier-florida","74":"product_tag-steroids","75":"product_tag-supplier-usa","76":"product_tag-testosterone-raw-powder-poland","77":"product_tag-trenbolone-powder-thailand","78":"product_tag-trusted-steroid-raw-supplier-worldwide","79":"product_tag-wholesale-steroid-powders-australia","81":"first","82":"instock","83":"shipping-taxable","84":"product-type-simple"},"_links":{"self":[{"href":"https:\/\/shgotopharm.com\/fr\/wp-json\/wp\/v2\/product\/1775","targetHints":{"allow":["GET"]}}],"collection":[{"href":"https:\/\/shgotopharm.com\/fr\/wp-json\/wp\/v2\/product"}],"about":[{"href":"https:\/\/shgotopharm.com\/fr\/wp-json\/wp\/v2\/types\/product"}],"replies":[{"embeddable":true,"href":"https:\/\/shgotopharm.com\/fr\/wp-json\/wp\/v2\/comments?post=1775"}],"wp:featuredmedia":[{"embeddable":true,"href":"https:\/\/shgotopharm.com\/fr\/wp-json\/wp\/v2\/media\/1776"}],"wp:attachment":[{"href":"https:\/\/shgotopharm.com\/fr\/wp-json\/wp\/v2\/media?parent=1775"}],"wp:term":[{"taxonomy":"product_brand","embeddable":true,"href":"https:\/\/shgotopharm.com\/fr\/wp-json\/wp\/v2\/product_brand?post=1775"},{"taxonomy":"product_cat","embeddable":true,"href":"https:\/\/shgotopharm.com\/fr\/wp-json\/wp\/v2\/product_cat?post=1775"},{"taxonomy":"product_tag","embeddable":true,"href":"https:\/\/shgotopharm.com\/fr\/wp-json\/wp\/v2\/product_tag?post=1775"}],"curies":[{"name":"wp","href":"https:\/\/api.w.org\/{rel}","templated":true}]}}