{"id":1777,"date":"2025-11-05T02:35:48","date_gmt":"2025-11-05T02:35:48","guid":{"rendered":"https:\/\/shgotopharm.com\/?post_type=product&#038;p=1777"},"modified":"2025-11-10T10:17:43","modified_gmt":"2025-11-10T10:17:43","slug":"raw-nandrolone-phenylpropionate","status":"publish","type":"product","link":"https:\/\/shgotopharm.com\/fr\/product\/raw-nandrolone-phenylpropionate\/","title":{"rendered":"Acheter la poudre de Nandrolone Phenylpropionate NPP brute"},"content":{"rendered":"<h2 data-start=\"321\" data-end=\"349\">Acheter la poudre de Nandrolone Phenylpropionate NPP brute<\/h2>\n<p data-start=\"351\" data-end=\"699\">Achat de Nandrolone Phenylpropionate brut, <strong data-start=\"351\" data-end=\"366\">SHGOTOPHARM<\/strong> est fi\u00e8re d'offrir des produits de qualit\u00e9 sup\u00e9rieure <strong data-start=\"398\" data-end=\"433\">Nandrolone Ph\u00e9nylpropionate NPP<\/strong>, Le produit est un st\u00e9ro\u00efde anabolisant de qualit\u00e9 pharmaceutique connu pour sa capacit\u00e9 \u00e0 augmenter la masse musculaire, \u00e0 am\u00e9liorer la r\u00e9cup\u00e9ration et \u00e0 accro\u00eetre les performances athl\u00e9tiques. Avec une puret\u00e9 v\u00e9rifi\u00e9e de <strong data-start=\"600\" data-end=\"609\">99.3%<\/strong>, Notre poudre de NPP est id\u00e9ale pour la recherche, la formulation et l'am\u00e9lioration des performances.<\/p>\n<hr data-start=\"701\" data-end=\"704\" \/>\n<h3 data-start=\"706\" data-end=\"756\"><strong data-start=\"710\" data-end=\"756\">Qu'est-ce que le ph\u00e9nylpropionate de nandrolone (NPP) ?<\/strong><\/h3>\n<p data-start=\"758\" data-end=\"1083\"><strong data-start=\"758\" data-end=\"795\">Ph\u00e9nylpropionate de nandrolone (NPP)<\/strong>, \u00e9galement connu sous le nom de marque <strong data-start=\"826\" data-end=\"839\">Durabolin<\/strong>, est un <strong data-start=\"847\" data-end=\"884\">st\u00e9ro\u00efde anabolisant androg\u00e8ne (AAS)<\/strong> qui offre des avantages sur le plan m\u00e9dical et sur le plan des performances. \u00c9troitement li\u00e9 \u00e0 <strong data-start=\"957\" data-end=\"988\">D\u00e9canoate de nandrolone (Deca)<\/strong>, Ce compos\u00e9 pr\u00e9sente un ester plus court, ce qui permet une lib\u00e9ration plus rapide et un contr\u00f4le plus facile du cycle.<\/p>\n<p data-start=\"1085\" data-end=\"1330\">Sur le plan m\u00e9dical, la NPP a \u00e9t\u00e9 utilis\u00e9e pour traiter <strong data-start=\"1123\" data-end=\"1198\">l'ost\u00e9oporose, le cancer du sein, l'an\u00e9mie, le VIH et les maladies musculaires.<\/strong>. Dans le domaine du sport et du bodybuilding, elle est appr\u00e9ci\u00e9e pour sa capacit\u00e9 \u00e0 favoriser le d\u00e9veloppement de l'activit\u00e9 physique. <strong data-start=\"1254\" data-end=\"1329\">le d\u00e9veloppement de muscles maigres, l'augmentation de l'endurance et des temps de r\u00e9cup\u00e9ration plus rapides<\/strong>.<\/p>\n<hr data-start=\"1332\" data-end=\"1335\" \/>\n<h3 data-start=\"1337\" data-end=\"1403\"><strong data-start=\"1341\" data-end=\"1403\">Sp\u00e9cifications du produit Raw Nandrolone Phenylpropionate NPP<\/strong><\/h3>\n<ul data-start=\"1405\" data-end=\"1613\">\n<li data-start=\"1405\" data-end=\"1433\">\n<p data-start=\"1407\" data-end=\"1433\">Aspect : Poudre blanche<\/p>\n<\/li>\n<li data-start=\"1434\" data-end=\"1459\">\n<p data-start=\"1436\" data-end=\"1459\">Puret\u00e9 (HPLC) : 99.40%<\/p>\n<\/li>\n<li data-start=\"1460\" data-end=\"1485\">\n<p data-start=\"1462\" data-end=\"1485\">Point de fusion : 94-95\u2103<\/p>\n<\/li>\n<li data-start=\"1486\" data-end=\"1514\">\n<p data-start=\"1488\" data-end=\"1514\">Rotation optique : +49.3\u00b0<\/p>\n<\/li>\n<li data-start=\"1515\" data-end=\"1540\">\n<p data-start=\"1517\" data-end=\"1540\">Perte au s\u00e9chage : 0,24%<\/p>\n<\/li>\n<li data-start=\"1541\" data-end=\"1561\">\n<p data-start=\"1543\" data-end=\"1561\">Acide libre : 0,31%<\/p>\n<\/li>\n<li data-start=\"1562\" data-end=\"1613\">\n<p data-start=\"1564\" data-end=\"1613\">Conclusion : R\u00e9pond aux normes de qualit\u00e9 de SHGOTOPHARM<\/p>\n<\/li>\n<\/ul>\n<hr data-start=\"1615\" data-end=\"1618\" \/>\n<h3 data-start=\"1620\" data-end=\"1677\"><strong data-start=\"1624\" data-end=\"1677\">Principaux avantages du ph\u00e9nylpropionate de nandrolone (NPP)<\/strong><\/h3>\n<ul data-start=\"1679\" data-end=\"2067\">\n<li data-start=\"1679\" data-end=\"1740\">\n<p data-start=\"1681\" data-end=\"1740\">Favorise <strong data-start=\"1690\" data-end=\"1719\">une croissance musculaire r\u00e9guli\u00e8re<\/strong> et des gains de force<\/p>\n<\/li>\n<li data-start=\"1741\" data-end=\"1799\">\n<p data-start=\"1743\" data-end=\"1799\">Am\u00e9liore <strong data-start=\"1752\" data-end=\"1777\">r\u00e9cup\u00e9ration post-entra\u00eenement<\/strong> et r\u00e9duit la fatigue<\/p>\n<\/li>\n<li data-start=\"1800\" data-end=\"1868\">\n<p data-start=\"1802\" data-end=\"1868\">Am\u00e9liore <strong data-start=\"1811\" data-end=\"1827\">sant\u00e9 des articulations<\/strong> et la lubrification pour une meilleure performance<\/p>\n<\/li>\n<li data-start=\"1869\" data-end=\"1932\">\n<p data-start=\"1871\" data-end=\"1932\">Augmentations <strong data-start=\"1881\" data-end=\"1910\">la production de globules rouges<\/strong>, L'endurance, un atout pour l'avenir<\/p>\n<\/li>\n<li data-start=\"1933\" data-end=\"2005\">\n<p data-start=\"1935\" data-end=\"2005\">Une demi-vie plus courte permet <strong data-start=\"1960\" data-end=\"2003\">des r\u00e9sultats plus rapides et un dosage plus souple<\/strong><\/p>\n<\/li>\n<li data-start=\"2006\" data-end=\"2067\">\n<p data-start=\"2008\" data-end=\"2067\">Utilisation th\u00e9rapeutique dans le traitement <strong data-start=\"2036\" data-end=\"2065\">fonte musculaire et an\u00e9mie<\/strong><\/p>\n<\/li>\n<\/ul>\n<p data-start=\"2069\" data-end=\"2206\">Les athl\u00e8tes pr\u00e9f\u00e8rent souvent la NPP pour ses r\u00e9sultats rapides et la r\u00e9duction de la r\u00e9tention d'eau par rapport aux compos\u00e9s \u00e0 plus long terme comme le Deca Durabolin.<\/p>\n<hr data-start=\"2208\" data-end=\"2211\" \/>\n<h3 data-start=\"2213\" data-end=\"2239\"><strong data-start=\"2217\" data-end=\"2239\">Dosage recommand\u00e9<\/strong><\/h3>\n<p data-start=\"2241\" data-end=\"2321\"><strong data-start=\"2241\" data-end=\"2253\">Pour les hommes :<\/strong><br data-start=\"2253\" data-end=\"2256\" \/>50-100 mg par jour pour de meilleurs r\u00e9sultats et une am\u00e9lioration des performances.<\/p>\n<p data-start=\"2323\" data-end=\"2400\"><strong data-start=\"2323\" data-end=\"2337\">Pour les femmes :<\/strong><br data-start=\"2337\" data-end=\"2340\" \/>Une dose de 50 \u00e0 100 mg par semaine est suffisante pour minimiser les effets secondaires.<\/p>\n<p data-start=\"2402\" data-end=\"2535\">Le dosage doit \u00eatre ajust\u00e9 en fonction de la dur\u00e9e du cycle et de l'exp\u00e9rience. L'ester plus court de la NPP permet un meilleur contr\u00f4le et des r\u00e9sultats plus rapides.<\/p>\n<hr data-start=\"2537\" data-end=\"2540\" \/>\n<h3 data-start=\"2542\" data-end=\"2574\"><strong data-start=\"2546\" data-end=\"2574\">Exemples de recettes de brassage domestique<\/strong><\/h3>\n<p data-start=\"2576\" data-end=\"2603\"><strong data-start=\"2576\" data-end=\"2601\">200mg\/ml - Lot de 20ml<\/strong><\/p>\n<ul data-start=\"2604\" data-end=\"2675\">\n<li data-start=\"2604\" data-end=\"2621\">\n<p data-start=\"2606\" data-end=\"2621\">4g de poudre NPP<\/p>\n<\/li>\n<li data-start=\"2622\" data-end=\"2639\">\n<p data-start=\"2624\" data-end=\"2639\">0,4ml BA (2%)<\/p>\n<\/li>\n<li data-start=\"2640\" data-end=\"2656\">\n<p data-start=\"2642\" data-end=\"2656\">4ml BB (20%)<\/p>\n<\/li>\n<li data-start=\"2657\" data-end=\"2675\">\n<p data-start=\"2659\" data-end=\"2675\">12,6ml 100% EO<\/p>\n<\/li>\n<\/ul>\n<p data-start=\"2677\" data-end=\"2705\"><strong data-start=\"2677\" data-end=\"2703\">100mg\/ml - Lot de 100ml<\/strong><\/p>\n<ul data-start=\"2706\" data-end=\"2804\">\n<li data-start=\"2706\" data-end=\"2724\">\n<p data-start=\"2708\" data-end=\"2724\">10g de poudre NPP<\/p>\n<\/li>\n<li data-start=\"2725\" data-end=\"2740\">\n<p data-start=\"2727\" data-end=\"2740\">30.75ml GSO<\/p>\n<\/li>\n<li data-start=\"2741\" data-end=\"2756\">\n<p data-start=\"2743\" data-end=\"2756\">3ml BA (3%)<\/p>\n<\/li>\n<li data-start=\"2757\" data-end=\"2774\">\n<p data-start=\"2759\" data-end=\"2774\">15ml BB (15%)<\/p>\n<\/li>\n<li data-start=\"2775\" data-end=\"2804\">\n<p data-start=\"2777\" data-end=\"2804\">30,75ml Ol\u00e9ate d'\u00e9thyle (OE)<\/p>\n<\/li>\n<\/ul>\n<hr data-start=\"2806\" data-end=\"2809\" \/>\n<h3 data-start=\"2811\" data-end=\"2873\"><strong data-start=\"2815\" data-end=\"2873\">Pourquoi choisir SHGOTOPHARM Nandrolone Phenylpropionate NPP<\/strong><\/h3>\n<p data-start=\"2875\" data-end=\"3210\"><strong data-start=\"2875\" data-end=\"2890\">SHGOTOPHARM<\/strong> est un fournisseur de confiance de <strong data-start=\"2916\" data-end=\"2970\">poudre de Nandrolone Phenylpropionate NPP de haute puret\u00e9<\/strong>, Nos produits sont fabriqu\u00e9s dans le cadre de syst\u00e8mes de contr\u00f4le de la qualit\u00e9 tr\u00e8s stricts afin d'obtenir des r\u00e9sultats constants. Nos produits sont con\u00e7us pour un usage professionnel dans <strong data-start=\"3096\" data-end=\"3151\">recherche, formulation et applications de performance<\/strong>, Le syst\u00e8me de gestion de l'information de l'Union europ\u00e9enne (UE) permet de garantir les normes les plus strictes en mati\u00e8re de fiabilit\u00e9 et de s\u00e9curit\u00e9.<\/p>\n<p data-start=\"3212\" data-end=\"3429\">Que votre objectif soit <strong data-start=\"3233\" data-end=\"3293\">la construction musculaire, l'am\u00e9lioration de la r\u00e9cup\u00e9ration ou la recherche avanc\u00e9e<\/strong>, SHGOTOPHARM fournit des produits de qualit\u00e9 industrielle. <strong data-start=\"3331\" data-end=\"3370\">Nandrolone Ph\u00e9nylpropionate brut NPP<\/strong> qui r\u00e9pond aux normes internationales de qualit\u00e9 et de puret\u00e9.<\/p>","protected":false},"excerpt":{"rendered":"<p>Buy Raw Nandrolone Phenylpropionate NPP Powder Buying Raw Nandrolone Phenylpropionate, SHGOTOPHARM proudly offers premium-quality Nandrolone Phenylpropionate NPP, a pharmaceutical-grade anabolic steroid known for its ability to increase muscle mass, improve recovery, and enhance athletic performance. With a verified purity of 99.3%, our NPP powder is ideal for research, formulation, and performance enhancement purposes. What Is [&hellip;]<\/p>\n","protected":false},"featured_media":1778,"comment_status":"open","ping_status":"closed","template":"","meta":[],"product_brand":[],"product_cat":[796],"product_tag":[935,944,934,949,945,938,933,851,932,943,939,854,855,864,868,860,861,853,849,863,866,867,850,857,859,852,869,862,858,865,848,856,931,940,937,948,936,946,947,942,941],"class_list":{"0":"post-1777","1":"product","2":"type-product","3":"status-publish","4":"has-post-thumbnail","6":"product_cat-nandrolone","7":"product_tag-aas-poland","8":"product_tag-aas-raw-materials-australia","9":"product_tag-aas-raws","10":"product_tag-anabolic-steroid-manufacturer-canada","11":"product_tag-anabolic-steroid-powders-online","12":"product_tag-best-steroid-powder-supplier-usa","13":"product_tag-buy-aas-raws-online","14":"product_tag-buy-nandrolone-phenylpropionate-powder","15":"product_tag-buy-raw-steroid-powders-online","16":"product_tag-buy-raw-steroids-china","17":"product_tag-high-purity-anabolic-steroids-canada","18":"product_tag-nandrolone","19":"product_tag-nandrolone-phenylpropionate-bodybuilding","20":"product_tag-nandrolone-phenylpropionate-brazil","21":"product_tag-nandrolone-phenylpropionate-buy-online","22":"product_tag-nandrolone-phenylpropionate-canada","23":"product_tag-nandrolone-phenylpropionate-dosage-for-bodybuilding","24":"product_tag-nandrolone-phenylpropionate-effects","25":"product_tag-nandrolone-phenylpropionate-factory","26":"product_tag-nandrolone-phenylpropionate-half-life","27":"product_tag-nandrolone-phenylpropionate-new-zealand","28":"product_tag-nandrolone-phenylpropionate-price","29":"product_tag-nandrolone-phenylpropionate-raw-powder","30":"product_tag-nandrolone-phenylpropionate-recipe","31":"product_tag-nandrolone-phenylpropionate-stack","32":"product_tag-nandrolone-phenylpropionate-steroids","33":"product_tag-nandrolone-phenylpropionate-supplier","34":"product_tag-nandrolone-phenylpropionate-sweden","35":"product_tag-nandrolone-phenylpropionate-usa","36":"product_tag-nandrolone-phenylpropionate-vs-decanoate","37":"product_tag-nandrolone-powders-nandrolone-phenylpropionate-in-china","38":"product_tag-phenylpropionate-uk","39":"product_tag-raw-steroids-for-sale","40":"product_tag-steroid-raw-material-factory-europe","41":"product_tag-steroid-raws-online","42":"product_tag-steroid-raws-supplier-florida","43":"product_tag-supplier-usa","44":"product_tag-testosterone-raw-powder-poland","45":"product_tag-trenbolone-powder-thailand","46":"product_tag-trusted-steroid-raw-supplier-worldwide","47":"product_tag-wholesale-steroid-powders-australia","49":"first","50":"instock","51":"shipping-taxable","52":"product-type-simple"},"_links":{"self":[{"href":"https:\/\/shgotopharm.com\/fr\/wp-json\/wp\/v2\/product\/1777","targetHints":{"allow":["GET"]}}],"collection":[{"href":"https:\/\/shgotopharm.com\/fr\/wp-json\/wp\/v2\/product"}],"about":[{"href":"https:\/\/shgotopharm.com\/fr\/wp-json\/wp\/v2\/types\/product"}],"replies":[{"embeddable":true,"href":"https:\/\/shgotopharm.com\/fr\/wp-json\/wp\/v2\/comments?post=1777"}],"wp:featuredmedia":[{"embeddable":true,"href":"https:\/\/shgotopharm.com\/fr\/wp-json\/wp\/v2\/media\/1778"}],"wp:attachment":[{"href":"https:\/\/shgotopharm.com\/fr\/wp-json\/wp\/v2\/media?parent=1777"}],"wp:term":[{"taxonomy":"product_brand","embeddable":true,"href":"https:\/\/shgotopharm.com\/fr\/wp-json\/wp\/v2\/product_brand?post=1777"},{"taxonomy":"product_cat","embeddable":true,"href":"https:\/\/shgotopharm.com\/fr\/wp-json\/wp\/v2\/product_cat?post=1777"},{"taxonomy":"product_tag","embeddable":true,"href":"https:\/\/shgotopharm.com\/fr\/wp-json\/wp\/v2\/product_tag?post=1777"}],"curies":[{"name":"wp","href":"https:\/\/api.w.org\/{rel}","templated":true}]}}