{"id":1731,"date":"2025-10-25T04:52:08","date_gmt":"2025-10-25T04:52:08","guid":{"rendered":"https:\/\/shgotopharm.com\/?post_type=product&#038;p=1731"},"modified":"2025-12-13T09:58:16","modified_gmt":"2025-12-13T09:58:16","slug":"kupic-testosteron-sustanon-250-proszek","status":"publish","type":"product","link":"https:\/\/shgotopharm.com\/pl\/product\/buy-testosterone-sustanon-250-powder\/","title":{"rendered":"Kup testosteron Sustanon 250 w proszku"},"content":{"rendered":"<p data-rm-block-id=\"block-1\">Przy zakupie <a href=\"https:\/\/shgotopharm.com\/pl\/product\/testosterone-sustanon-250-powder\/\">Testosteron Sustanon 250 w proszku<\/a>, Wybierasz renomowan\u0105 mieszank\u0119 testosteronu zaprojektowan\u0105 w celu po\u0142\u0105czenia zalet kr\u00f3tko i d\u0142ugo dzia\u0142aj\u0105cych estr\u00f3w. Pierwotnie opracowana przez Organon formu\u0142a zapewnia stabilny poziom testosteronu przy mniejszej liczbie zastrzyk\u00f3w, zapewniaj\u0105c szybkie rezultaty i trwa\u0142e efekty. Jest to najwy\u017cszej klasy rozwi\u0105zanie do terapii zast\u0119pczej testosteronem (TRT), a SHGOTOPHARM jest najlepszym miejscem do zakupu Testosteron Sustanon 250 Powder.<br \/>\nDzi\u0119ki po\u0142\u0105czeniu czterech r\u00f3\u017cnych estr\u00f3w testosteronu - propionianu, fenylopropionianu, izokapronianu i dekanianu - Sustanon 250 minimalizuje skoki i spadki testosteronu z pojedynczym estrem, tworz\u0105c zr\u00f3wnowa\u017cony profil uwalniania idealny do cel\u00f3w medycznych i zwi\u0119kszania wydajno\u015bci.<br \/>\nPodzia\u0142 estr\u00f3w Sustanon 250:<\/p>\n<h3 data-rm-block-id=\"block-2\">\nSk\u0142ad proszku testosteronu Sustanon 250:<\/h3>\n<p data-rm-block-id=\"block-3\">Propionian testosteronu: 30g<br \/>\nFenylopropionian testosteronu: 60 g<br \/>\nIzokapronian testosteronu: 60 g<br \/>\nDekanian testosteronu: 100g<br \/>\nCzysto\u015b\u0107: 98.6%<br \/>\nWygl\u0105d: Drobny bia\u0142y proszek<br \/>\nStosunek: 3:6:6:10<br \/>\nWydajno\u015b\u0107: 500 kg\/miesi\u0105c<\/p>\n<p data-rm-block-id=\"block-4\">\n<p data-rm-block-id=\"block-5\">Propionian testosteronu (30 mg): Szybko dzia\u0142aj\u0105cy ester o 3,5-dniowym okresie p\u00f3\u0142trwania, idealny do szybkich rezultat\u00f3w. Jego kr\u00f3tki czas dzia\u0142ania zmniejsza aromatyzacj\u0119, idealny do kr\u00f3tszych cykli (8 tygodni lub mniej).<br \/>\nFenylopropionian testosteronu (60 mg): Z 4,5-dniowym okresem p\u00f3\u0142trwania, ten ester utrzymuje poziom testosteronu, gdy propionian si\u0119 zmniejsza.<br \/>\nIzokapronian testosteronu (60 mg): \u015aredniej klasy ester o 9-dniowym okresie p\u00f3\u0142trwania, zapewniaj\u0105cy p\u0142ynne przej\u015bcie do d\u0142u\u017cej dzia\u0142aj\u0105cych sk\u0142adnik\u00f3w.<br \/>\nDekanian testosteronu (100 mg): Najd\u0142u\u017cszy ester, z 15-dniowym okresem p\u00f3\u0142trwania, zapewnia d\u0142ugotrwa\u0142e uwalnianie testosteronu w celu przed\u0142u\u017cenia efekt\u00f3w.<\/p>\n<p data-rm-block-id=\"block-6\">Przepisy na proszek Sustanon 250:<\/p>\n<p data-rm-block-id=\"block-7\">250 mg\/ml @ 100 ml:<\/p>\n<p data-rm-block-id=\"block-8\">25 g proszku Sustanon (18,75 ml)<br \/>\n2% Alkohol benzylowy (2 ml)<br \/>\n20% Benzoesan benzylu (20ml)<br \/>\n59,25 ml oleju z pestek winogron<\/p>\n<p data-rm-block-id=\"block-9\">\n300 mg\/ml @ 100 ml:<\/p>\n<p data-rm-block-id=\"block-10\">30 g proszku Sustanon (22,5 ml)<br \/>\n2% Alkohol benzylowy (2 ml)<br \/>\n20% Benzoesan benzylu (20ml)<br \/>\n55,5 ml oleju z pestek winogron<\/p>\n<p data-rm-block-id=\"block-11\">\n400mg\/ml @ 100ml:<\/p>\n<p data-rm-block-id=\"block-12\">40 g proszku Sustanon (30 ml)<br \/>\n2% Alkohol benzylowy (2 ml)<br \/>\n20% Benzoesan benzylu (20ml)<br \/>\n48 ml oleju z pestek winogron<\/p>\n<p data-rm-block-id=\"block-13\">\n<p data-rm-block-id=\"block-14\">Dlaczego Sustanon 250 jest najlepszy:<\/p>\n<p>Kupuj\u0105c Testosteron Sustanon 250 Powder, otrzymujesz synergistyczn\u0105 mieszank\u0119 estr\u00f3w zapewniaj\u0105cych stabilne uwalnianie testosteronu. Kr\u00f3tko dzia\u0142aj\u0105cy propionian zapewnia natychmiastowy zastrzyk, fenylopropionian i izokapronian utrzymuj\u0105 poziom, a dekanian zapewnia d\u0142ugotrwa\u0142e efekty. To sprawia, \u017ce jest to najlepszy wyb\u00f3r dla TRT i poprawy wydajno\u015bci, dost\u0119pny wy\u0142\u0105cznie za po\u015brednictwem SHGOTOPHARM.<\/p>\n<h3 data-rm-block-id=\"block-15\">\nZalety wydajno\u015bci:<\/h3>\n<p data-rm-block-id=\"block-16\">Bulking: Przy wystarczaj\u0105cej ilo\u015bci kalorii, Sustanon 250 promuje znaczne przyrosty bezt\u0142uszczowej masy mi\u0119\u015bniowej i wzrost si\u0142y, przy zmniejszonym gromadzeniu t\u0142uszczu ze wzgl\u0119du na korzy\u015bci metaboliczne testosteronu.<br \/>\nCi\u0119cie: Podczas deficytu kalorii zachowuje bezt\u0142uszczow\u0105 mas\u0119 mi\u0119\u015bniow\u0105, zwi\u0119kszaj\u0105c utrat\u0119 t\u0142uszczu w celu uzyskania szczuplejszej sylwetki.<br \/>\nOg\u00f3lne wzmocnienie: Zwi\u0119ksza wytrzyma\u0142o\u015b\u0107, przyspiesza regeneracj\u0119 i poprawia wyniki sportowe, dzi\u0119ki czemu jest wszechstronn\u0105 opcj\u0105 dla wszystkich cel\u00f3w.<\/p>\n<h3 data-rm-block-id=\"block-17\">Dawkowanie i podawanie testosteronu Sustanon 250 w proszku:<\/h3>\n<p data-rm-block-id=\"block-18\">\nTypowe dawki wahaj\u0105 si\u0119 od 250 mg do 1500 mg tygodniowo, przy czym najcz\u0119\u015bciej stosuje si\u0119 500-750 mg. Wstrzykni\u0119cia co trzeci dzie\u0144 maksymalizuj\u0105 korzy\u015bci estru propionianu, chocia\u017c cotygodniowe zastrzyki dzia\u0142aj\u0105 dobrze dla wi\u0119kszo\u015bci u\u017cytkownik\u00f3w.<\/p>\n<h3 data-rm-block-id=\"block-19\">\nDlaczego warto kupi\u0107 testosteron Sustanon 250 w proszku od SHGOTOPHARM?<\/h3>\n<p data-rm-block-id=\"block-20\">Pochodzi od zaufanego producenta farmaceutycznego.<br \/>\nCertyfikowany zgodnie z normami GMP i ISO9001.<br \/>\nGwarantowana czysto\u015b\u0107 powy\u017cej 98%.<br \/>\nNiezawodna dostawa za po\u015brednictwem dedykowanego partnera logistycznego.<br \/>\nMinimalne zam\u00f3wienie 10 g, z dostaw\u0105 krajow\u0105 dla zam\u00f3wie\u0144 powy\u017cej 1 kg.<br \/>\nElastyczne opcje p\u0142atno\u015bci: T\/T, Western Union, MoneyGram, Bitcoin.<\/p>\n<p data-rm-block-id=\"block-21\">SHGOTOPHARM to najlepsze miejsce do zakupu Testosteronu Sustanon 250 Powder, oferuj\u0105cego pot\u0119\u017cn\u0105 mieszank\u0119 testosteronu o niezr\u00f3wnanej wszechstronno\u015bci dla cel\u00f3w TRT i wydajno\u015bci. Jego starannie opracowana kombinacja estr\u00f3w zapewnia sp\u00f3jne wyniki, co czyni go ulubionym w\u015br\u00f3d sportowc\u00f3w i kulturyst\u00f3w na ca\u0142ym \u015bwiecie. Zaufaj SHGOTOPHARM, aby uzyska\u0107 najwy\u017csz\u0105 jako\u015b\u0107 Sustanon 250 na rynku.<\/p>","protected":false},"excerpt":{"rendered":"<p>Przy zakupie <a href=\"https:\/\/shgotopharm.com\/pl\/product\/testosterone-sustanon-250-powder\/\">Testosteron Sustanon 250 w proszku<\/a>, Wybierasz renomowan\u0105 mieszank\u0119 testosteronu zaprojektowan\u0105 w celu po\u0142\u0105czenia zalet kr\u00f3tko i d\u0142ugo dzia\u0142aj\u0105cych estr\u00f3w<\/p>","protected":false},"featured_media":1732,"comment_status":"open","ping_status":"closed","template":"","meta":[],"product_brand":[],"product_cat":[213],"product_tag":[935,944,934,949,945,268,938,933,932,943,269,270,271,272,273,274,275,276,277,278,279,280,939,281,931,940,937,948,282,936,283,284,285,286,287,288,289,290,291,292,293,294,295,296,297,298,299,300,301,302,303,304,305,306,267,946,307,308,309,310,311,312,313,314,315,947,942,941],"class_list":{"0":"post-1731","1":"product","2":"type-product","3":"status-publish","4":"has-post-thumbnail","6":"product_cat-testosterone","7":"product_tag-aas-poland","8":"product_tag-aas-raw-materials-australia","9":"product_tag-aas-raws","10":"product_tag-anabolic-steroid-manufacturer-canada","11":"product_tag-anabolic-steroid-powders-online","12":"product_tag-anabolic-steroids","13":"product_tag-best-steroid-powder-supplier-usa","14":"product_tag-buy-aas-raws-online","15":"product_tag-buy-raw-steroid-powders-online","16":"product_tag-buy-raw-steroids-china","17":"product_tag-buy-sustanon","18":"product_tag-buy-sustanon-250","19":"product_tag-buy-sustanon-250-australia","20":"product_tag-buy-sustanon-250-canada","21":"product_tag-buy-sustanon-250-cycle","22":"product_tag-buy-sustanon-250-injectable-online","23":"product_tag-buy-sustanon-250-online-with-credit-card","24":"product_tag-buy-sustanon-250-uk","25":"product_tag-buy-sustanon-350","26":"product_tag-buy-sustanon-500","27":"product_tag-buy-sustanon-powder","28":"product_tag-buy-sustanon-steroid","29":"product_tag-high-purity-anabolic-steroids-canada","30":"product_tag-hormone","31":"product_tag-raw-steroids-for-sale","32":"product_tag-steroid-raw-material-factory-europe","33":"product_tag-steroid-raws-online","34":"product_tag-steroid-raws-supplier-florida","35":"product_tag-steroids","36":"product_tag-supplier-usa","37":"product_tag-sustanon","38":"product_tag-sustanon-250","39":"product_tag-sustanon-250-cycle","40":"product_tag-sustanon-250-oral","41":"product_tag-sustanon-250-powder","42":"product_tag-sustanon-250-powder-recipe","43":"product_tag-sustanon-250-price","44":"product_tag-sustanon-250-price-in-mexico","45":"product_tag-sustanon-300","46":"product_tag-sustanon-350","47":"product_tag-sustanon-buy","48":"product_tag-sustanon-dosage","49":"product_tag-sustanon-for-sale","50":"product_tag-sustanon-manufacturer","51":"product_tag-sustanon-powder","52":"product_tag-sustanon-powder-conversion","53":"product_tag-sustanon-powder-price","54":"product_tag-sustanon-powder-recipes","55":"product_tag-sustanon-price","56":"product_tag-sustanon-raw-powder","57":"product_tag-sustanon-source","58":"product_tag-sustanon-steroids","59":"product_tag-sustanon-suppliers","60":"product_tag-sustanon-wholesale","61":"product_tag-testosterone-powders-aas","62":"product_tag-testosterone-raw-powder-poland","63":"product_tag-testosterone-sustanon","64":"product_tag-testosterone-sustanon-250","65":"product_tag-testosterone-sustanon-250-for-sale","66":"product_tag-testosterone-sustanon-250-price","67":"product_tag-testosterone-sustanon-250-side-effects","68":"product_tag-testosterone-sustanon-250-stack","69":"product_tag-testosterone-sustanon-300-mg","70":"product_tag-testosterone-sustanon-400-mg","71":"product_tag-testosterone-sustanon-500","72":"product_tag-trenbolone-powder-thailand","73":"product_tag-trusted-steroid-raw-supplier-worldwide","74":"product_tag-wholesale-steroid-powders-australia","76":"first","77":"instock","78":"shipping-taxable","79":"product-type-simple"},"_links":{"self":[{"href":"https:\/\/shgotopharm.com\/pl\/wp-json\/wp\/v2\/product\/1731","targetHints":{"allow":["GET"]}}],"collection":[{"href":"https:\/\/shgotopharm.com\/pl\/wp-json\/wp\/v2\/product"}],"about":[{"href":"https:\/\/shgotopharm.com\/pl\/wp-json\/wp\/v2\/types\/product"}],"replies":[{"embeddable":true,"href":"https:\/\/shgotopharm.com\/pl\/wp-json\/wp\/v2\/comments?post=1731"}],"wp:featuredmedia":[{"embeddable":true,"href":"https:\/\/shgotopharm.com\/pl\/wp-json\/wp\/v2\/media\/1732"}],"wp:attachment":[{"href":"https:\/\/shgotopharm.com\/pl\/wp-json\/wp\/v2\/media?parent=1731"}],"wp:term":[{"taxonomy":"product_brand","embeddable":true,"href":"https:\/\/shgotopharm.com\/pl\/wp-json\/wp\/v2\/product_brand?post=1731"},{"taxonomy":"product_cat","embeddable":true,"href":"https:\/\/shgotopharm.com\/pl\/wp-json\/wp\/v2\/product_cat?post=1731"},{"taxonomy":"product_tag","embeddable":true,"href":"https:\/\/shgotopharm.com\/pl\/wp-json\/wp\/v2\/product_tag?post=1731"}],"curies":[{"name":"wp","href":"https:\/\/api.w.org\/{rel}","templated":true}]}}