{"id":1733,"date":"2025-10-25T05:14:10","date_gmt":"2025-10-25T05:14:10","guid":{"rendered":"https:\/\/shgotopharm.com\/?post_type=product&#038;p=1733"},"modified":"2025-11-10T10:07:26","modified_gmt":"2025-11-10T10:07:26","slug":"surowy-propionian-testosteronu-w-proszku","status":"publish","type":"product","link":"https:\/\/shgotopharm.com\/pl\/product\/raw-testosterone-propionate-powder\/","title":{"rendered":"Surowy propionian testosteronu w proszku"},"content":{"rendered":"<h3>Kup surowy propionian testosteronu w proszku: Najwy\u017csza jako\u015b\u0107 od SHGOTOPHARM<\/h3>\n<p>Przy zakupie <a href=\"https:\/\/shgotopharm.com\/pl\/product\/surowy-propionian-testosteronu-w-proszku\/\">Surowy propionian testosteronu w proszku<\/a> SHGOTOPHARM, wybierasz jeden z najbardziej zaufanych i skutecznych dost\u0119pnych produkt\u00f3w testosteronowych. Znany ze swojego szybkiego dzia\u0142ania dzi\u0119ki estrowi propionianowemu, zwi\u0105zek ten zapewnia szybkie rezultaty, ale wymaga cz\u0119stych zastrzyk\u00f3w ze wzgl\u0119du na kr\u00f3tki okres p\u00f3\u0142trwania. Sportowcy cz\u0119sto stosuj\u0105 zastrzyki codziennie lub co drugi dzie\u0144, aby utrzyma\u0107 stabilny poziom testosteronu we krwi, co sprawia, \u017ce jest to najlepszy wyb\u00f3r w celu zwi\u0119kszenia wydajno\u015bci.<\/p>\n<h3>Kluczowe cechy surowego propionianu testosteronu w proszku:<\/h3>\n<p>Raw Testosterone Propionate Powder to czysta, syntetyczna replika naturalnie produkowanego m\u0119skiego hormonu testosteronu, po\u0142\u0105czona z estrem propionianu. Ten niewielki, kr\u00f3tko dzia\u0142aj\u0105cy ester kontroluje uwalnianie hormonu, zapobiegaj\u0105c szybkiemu rozproszeniu i pozwalaj\u0105c na rzadsze iniekcje w por\u00f3wnaniu do testosteronu bez estru. Przy okresie p\u00f3\u0142trwania wynosz\u0105cym oko\u0142o 4,5 dnia, jest on znacznie trwalszy ni\u017c niezwi\u0105zany testosteron (2-4 godziny), zapewniaj\u0105c sta\u0142e efekty.<\/p>\n<p>Niekt\u00f3rzy u\u017cytkownicy zg\u0142aszaj\u0105, \u017ce Raw Testosterone Propionate Powder powoduje mniejsz\u0105 retencj\u0119 wody w por\u00f3wnaniu z innymi formami testosteronu, co czyni go preferowan\u0105 opcj\u0105 dla os\u00f3b poszukuj\u0105cych szczuplejszych przyrost\u00f3w. Mimo wysokiej skuteczno\u015bci, niewielka grupa u\u017cytkownik\u00f3w mo\u017ce do\u015bwiadcza\u0107 wra\u017cliwo\u015bci, kt\u00f3r\u0105 cz\u0119sto mo\u017cna rozwi\u0105za\u0107 poprzez przej\u015bcie na alternatywne zwi\u0105zki.<br \/>\nZastosowania terapeutyczne i wydajno\u015bciowe:<\/p>\n<p>Poza wydajno\u015bci\u0105, surowy propionian testosteronu w proszku by\u0142 stosowany terapeutycznie w leczeniu stan\u00f3w takich jak objawy menopauzy, przewlek\u0142e torbielowate zapalenie sutka, nadmierna laktacja i endometrioza. Chocia\u017c kiedy\u015b by\u0142 to powszechny wyb\u00f3r w leczeniu kobiet, obecnie jest stosowany g\u0142\u00f3wnie w m\u0119skim TRT w USA i pozostaje popularny na ca\u0142ym \u015bwiecie, chocia\u017c Cypionate i Enanthate dominuj\u0105 w wielu regionach.<\/p>\n<h3>Mechanizm i korzy\u015bci:<\/h3>\n<p>Ester propionianowy zawarty w Raw Testosterone Propionate Powder zwi\u0119ksza rozpuszczalno\u015b\u0107 w t\u0142uszczach, umo\u017cliwiaj\u0105c powolne uwalnianie z miejsca wstrzykni\u0119cia. Po wstrzykni\u0119ciu enzymy stopniowo oddzielaj\u0105 ester, uwalniaj\u0105c testosteron w celu promowania retencji azotu, wzrostu mi\u0119\u015bni i zwi\u0119kszonego poziomu IGF-1, kt\u00f3ry wspomaga wzrost i metabolizm. Dzi\u0119ki temu idealnie nadaje si\u0119 do budowania masy mi\u0119\u015bniowej, zwi\u0119kszania si\u0142y i poprawy regeneracji.<\/p>\n<h3>Dawkowanie i zalecenia dotycz\u0105ce cyklu:<\/h3>\n<p>Plany TRT: Standardowe dawki wahaj\u0105 si\u0119 od 25-50 mg, wstrzykiwane 2-3 razy w tygodniu. Aby uzyska\u0107 optymaln\u0105 stabilno\u015b\u0107, zaleca si\u0119 zastrzyki co drugi dzie\u0144 ze wzgl\u0119du na kr\u00f3tki okres p\u00f3\u0142trwania.<br \/>\nZwi\u0119kszenie wydajno\u015bci: Dawki zwykle zaczynaj\u0105 si\u0119 od 100 mg co drugi dzie\u0144 (\u015brednio 350 mg \/ tydzie\u0144), dobrze tolerowane przez wi\u0119kszo\u015b\u0107 zdrowych m\u0119\u017cczyzn. Cykle trwaj\u0105 zazwyczaj od 8 do 12 tygodni, przy czym cykle hardcorowe wyd\u0142u\u017caj\u0105 si\u0119 do 16 tygodni, cz\u0119sto przechodz\u0105c z d\u0142u\u017cszych estr\u00f3w.<br \/>\nMiejsca wstrzykni\u0119cia: Mo\u017ce by\u0107 wstrzykiwany w dowolny du\u017cy mi\u0119sie\u0144, taki jak po\u015bladki, rami\u0119 lub triceps.<\/p>\n<h3>Certyfikat analizy (COA):<\/h3>\n<p>Produkt: Propionian testosteronu<br \/>\nNr partii: MC160525<br \/>\nIlo\u015b\u0107: 5 kg<br \/>\nData MFG: 25 maja 2016 r.<br \/>\nData wyga\u015bni\u0119cia: 22 maja 2019 r.<br \/>\nStandard: USP28<br \/>\nWygl\u0105d: Bia\u0142y lub prawie bia\u0142y krystaliczny proszek (zgodny)<br \/>\nSpecyficzny obr\u00f3t: +83\u00b0 do +90\u00b0 (+87,2\u00b0)<br \/>\nStrata podczas suszenia: \u22640,50% (0,30%)<br \/>\nTest: 97,0-103,0% (99,2%)<br \/>\nWnioski: Zgodno\u015b\u0107 ze standardami USP28<\/p>\n<p>Przepisy na surowy propionian testosteronu w proszku:<\/p>\n<p>100 mg\/ml @ 100 ml:<\/p>\n<p>10 g propionianu testosteronu w proszku (7,5 ml)<br \/>\n2 ml BA (2%)<br \/>\n20ml BB (20%)<br \/>\n70,5 ml oleju<\/p>\n<p>150 mg\/ml @ 100 ml:<\/p>\n<p>15 g propionianu testosteronu w proszku (11,25 ml)<br \/>\n2 ml BA (2%)<br \/>\n30ml BB (30%)<br \/>\n56,75 ml oleju<\/p>\n<p>200 mg\/ml @ 100 ml:<\/p>\n<p>20 g propionianu testosteronu w proszku (15 ml)<br \/>\n2 ml BA (2%)<br \/>\n20ml BB (20%)<br \/>\n50,4 ml EO<br \/>\n12,6 ml oleju<\/p>\n<p>&nbsp;<\/p>\n<h3>Dlaczego warto kupi\u0107 surowy propionian testosteronu w proszku od SHGOTOPHARM?<\/h3>\n<p>Wysoka jako\u015b\u0107: Pozyskiwany od zaufanego producenta farmaceutycznego, certyfikowany przez GMP i ISO9001, o czysto\u015bci ponad 98%.<br \/>\nSzybka dostawa: Produkty w magazynie wysy\u0142ane s\u0105 tego samego dnia, w kt\u00f3rym otrzymano p\u0142atno\u015b\u0107, z niezawodnymi opcjami ekspresowymi (FedEx, UPS, DHL, EMS, TNT, HKEMS) lub wysy\u0142k\u0105 lotnicz\u0105.<\/p>\n<p>Obs\u0142uga klienta: Obs\u0142uga posprzeda\u017cowa 24\/7, aby szybko odpowiedzie\u0107 na wszelkie pytania.<br \/>\nElastyczne zamawianie: Minimalne zam\u00f3wienie 10 g, z dostaw\u0105 krajow\u0105 dla zam\u00f3wie\u0144 powy\u017cej 1 kg. Konkurencyjne ceny i rabaty dla zam\u00f3wie\u0144 hurtowych.<br \/>\nBezpieczne p\u0142atno\u015bci: Dost\u0119pne opcje to T\/T, Western Union, MoneyGram i Bitcoin.<\/p>\n<p>SHGOTOPHARM to najlepsze miejsce do zakupu surowego propionianu testosteronu w proszku, oferuj\u0105ce produkt premium, kt\u00f3remu zaufali sportowcy i kultury\u015bci na ca\u0142ym \u015bwiecie. Jego szybko dzia\u0142aj\u0105cy charakter i wszechstronne zastosowania sprawiaj\u0105, \u017ce jest to najlepszy wyb\u00f3r dla TRT i cel\u00f3w wydajno\u015bciowych. Wybierz SHGOTOPHARM, aby uzyska\u0107 niezr\u00f3wnan\u0105 jako\u015b\u0107 i obs\u0142ug\u0119<\/p>","protected":false},"excerpt":{"rendered":"<h3>Kup surowy propionian testosteronu w proszku: Najwy\u017csza jako\u015b\u0107 od SHGOTOPHARM<\/h3>\n<p>Kiedy kupujesz Raw <a href=\"https:\/\/shgotopharm.com\/pl\/product\/surowy-propionian-testosteronu-w-proszku\/\">Testosteron<\/a> Propionate Powder od SHGOTOPHARM, wybierasz jeden z najbardziej zaufanych i skutecznych dost\u0119pnych produkt\u00f3w testosteronowych<\/p>","protected":false},"featured_media":1734,"comment_status":"open","ping_status":"closed","template":"","meta":[],"product_brand":[],"product_cat":[213],"product_tag":[935,944,934,949,945,268,938,933,932,943,316,317,318,319,320,321,322,323,324,325,326,327,328,329,330,939,281,931,940,937,948,282,936,331,332,333,334,335,336,337,338,339,340,267,341,342,343,344,345,346,347,348,349,350,351,352,353,354,355,946,947,942,941],"class_list":{"0":"post-1733","1":"product","2":"type-product","3":"status-publish","4":"has-post-thumbnail","6":"product_cat-testosterone","7":"product_tag-aas-poland","8":"product_tag-aas-raw-materials-australia","9":"product_tag-aas-raws","10":"product_tag-anabolic-steroid-manufacturer-canada","11":"product_tag-anabolic-steroid-powders-online","12":"product_tag-anabolic-steroids","13":"product_tag-best-steroid-powder-supplier-usa","14":"product_tag-buy-aas-raws-online","15":"product_tag-buy-raw-steroid-powders-online","16":"product_tag-buy-raw-steroids-china","17":"product_tag-buy-test-prop-100","18":"product_tag-buy-test-prop-australia","19":"product_tag-buy-test-prop-canada","20":"product_tag-buy-test-prop-online","21":"product_tag-buy-test-prop-online-uk","22":"product_tag-buy-test-prop-powder","23":"product_tag-buy-test-prop-uk","24":"product_tag-buy-test-propionate","25":"product_tag-buy-test-propionate-uk","26":"product_tag-buy-testosterone-propionate","27":"product_tag-buy-testosterone-propionate-in-usa","28":"product_tag-buy-testosterone-propionate-online","29":"product_tag-buy-testosterone-propionate-online-india","30":"product_tag-buy-testosterone-propionate-powder","31":"product_tag-buy-testosterone-propionate-uk","32":"product_tag-high-purity-anabolic-steroids-canada","33":"product_tag-hormone","34":"product_tag-raw-steroids-for-sale","35":"product_tag-steroid-raw-material-factory-europe","36":"product_tag-steroid-raws-online","37":"product_tag-steroid-raws-supplier-florida","38":"product_tag-steroids","39":"product_tag-supplier-usa","40":"product_tag-test-prop","41":"product_tag-test-prop-powder","42":"product_tag-test-prop-powder-conversion","43":"product_tag-test-prop-powder-for-sale","44":"product_tag-test-prop-powder-recipe","45":"product_tag-test-propionate","46":"product_tag-test-propionate-100","47":"product_tag-test-propionate-for-sale","48":"product_tag-test-propionate-powder","49":"product_tag-test-propionate-vs-test-enanthate","50":"product_tag-testosterone-powders-aas","51":"product_tag-testosterone-propionate","52":"product_tag-testosterone-propionate-buy","53":"product_tag-testosterone-propionate-buy-india","54":"product_tag-testosterone-propionate-cycle","55":"product_tag-testosterone-propionate-for-sale","56":"product_tag-testosterone-propionate-manufacturer","57":"product_tag-testosterone-propionate-powder","58":"product_tag-testosterone-propionate-powder-conversion","59":"product_tag-testosterone-propionate-powder-sale","60":"product_tag-testosterone-propionate-price","61":"product_tag-testosterone-propionate-source","62":"product_tag-testosterone-propionate-steroids","63":"product_tag-testosterone-propionate-suppliers","64":"product_tag-testosterone-propionate-vs-cypionate","65":"product_tag-testosterone-propionate-wholesale","66":"product_tag-testosterone-raw-powder-poland","67":"product_tag-trenbolone-powder-thailand","68":"product_tag-trusted-steroid-raw-supplier-worldwide","69":"product_tag-wholesale-steroid-powders-australia","71":"first","72":"instock","73":"shipping-taxable","74":"product-type-simple"},"_links":{"self":[{"href":"https:\/\/shgotopharm.com\/pl\/wp-json\/wp\/v2\/product\/1733","targetHints":{"allow":["GET"]}}],"collection":[{"href":"https:\/\/shgotopharm.com\/pl\/wp-json\/wp\/v2\/product"}],"about":[{"href":"https:\/\/shgotopharm.com\/pl\/wp-json\/wp\/v2\/types\/product"}],"replies":[{"embeddable":true,"href":"https:\/\/shgotopharm.com\/pl\/wp-json\/wp\/v2\/comments?post=1733"}],"wp:featuredmedia":[{"embeddable":true,"href":"https:\/\/shgotopharm.com\/pl\/wp-json\/wp\/v2\/media\/1734"}],"wp:attachment":[{"href":"https:\/\/shgotopharm.com\/pl\/wp-json\/wp\/v2\/media?parent=1733"}],"wp:term":[{"taxonomy":"product_brand","embeddable":true,"href":"https:\/\/shgotopharm.com\/pl\/wp-json\/wp\/v2\/product_brand?post=1733"},{"taxonomy":"product_cat","embeddable":true,"href":"https:\/\/shgotopharm.com\/pl\/wp-json\/wp\/v2\/product_cat?post=1733"},{"taxonomy":"product_tag","embeddable":true,"href":"https:\/\/shgotopharm.com\/pl\/wp-json\/wp\/v2\/product_tag?post=1733"}],"curies":[{"name":"wp","href":"https:\/\/api.w.org\/{rel}","templated":true}]}}