{"id":1747,"date":"2025-10-30T13:22:39","date_gmt":"2025-10-30T13:22:39","guid":{"rendered":"https:\/\/shgotopharm.com\/?post_type=product&#038;p=1747"},"modified":"2025-12-13T09:51:10","modified_gmt":"2025-12-13T09:51:10","slug":"proszek-anavar-oxandrolone","status":"publish","type":"product","link":"https:\/\/shgotopharm.com\/pl\/product\/anavar-oxandrolone-powder\/","title":{"rendered":"Kup Anavar Oxandrolone Powder"},"content":{"rendered":"<h3><a href=\"https:\/\/shgotopharm.com\/pl\/product\/proszek-anavar-oxandrolone\/\">Anavar Oxandrolone Powder<\/a><\/h3>\n<p>Anavar Oxandrolone Powder to steryd anaboliczno-androgenny pochodz\u0105cy z dihydrotestosteronu (DHT). W szczeg\u00f3lno\u015bci Oxandrolone jest hormonem DHT z dodatkiem atomu tlenu w miejsce w\u0119gla-2 w pier\u015bcieniu A. Jest tak bezpieczny, \u017ce w przeciwie\u0144stwie do innych steryd\u00f3w, kt\u00f3re by\u0142y stosowane w przypadku niedo\u017cywienia i anemii, Oxandrolone by\u0142 pierwotnie przepisywany g\u0142\u00f3wnie ofiarom poparze\u0144.<\/p>\n<p>Anavar Oxandrolone Powder, kt\u00f3ry ma w\u0142a\u015bciwo\u015bci androgenne, mo\u017ce powodowa\u0107 zatrzymywanie azotu, potasu i fosforu oraz promowa\u0107 anabolizm i hamowa\u0107 nadmierny katabolizm. Jest szeroko stosowany u ch\u0142opc\u00f3w, kt\u00f3rzy napotykaj\u0105 nieprawid\u0142owy wzrost i p\u00f3\u017ane dojrzewanie, a tak\u017ce u dziewcz\u0105t, kt\u00f3re napotykaj\u0105 wrodzon\u0105 hipoplazj\u0119 jajnik\u00f3w.<\/p>\n<p>Anavar Oxandrolone Powder jest szybko wch\u0142aniany przez jelita i \u017co\u0142\u0105dek. Jego metabolity i niezmieniony oksandrolon s\u0105 wydalane przez nerki, a niewielka ilo\u015b\u0107 jest wykluczana z przewodu pokarmowego.<\/p>\n<h3>Specyfikacje proszku Anavar Oxandrolone<\/h3>\n<p>Oxandrolone\/Anavar Info:<br \/>\nAnavar Oxandrolone Nr CAS: 53-39-4<br \/>\nAnavar Oxandrolone MF: C19H30O3<br \/>\nAnavar Oxandrolone MW: C19H30O3<br \/>\nAnavar Oxandrolone Rozpuszczalno\u015b\u0107: DMSO 4 mg\/ml<br \/>\nAnavar Oxandrolone Przechowywanie: 2-8\u00b0C, suchy, szczelnie zamkni\u0119ty<br \/>\nAnavar Oxandrolone Biologiczny okres p\u00f3\u0142trwania: doro\u015bli: 9,4-10,4 dom;<br \/>\nMetabolizm oksandrolonu Anavar: Nerki (g\u0142\u00f3wnie), W\u0105troba<br \/>\nAnavar Oxandrolone Kategoria (angielski: DRUG Class): Androgen; Sterydy anaboliczne<\/p>\n<h3>Anavar Oxandrolone Powder na sprzeda\u017c<\/h3>\n<p>Legalny proszek sterydowy Oxandrolone Anavar na sprzeda\u017c, gdzie kupi\u0107 proszek Anavar z dostaw\u0105 krajow\u0105? 99% czysty dostawca proszku Oxandrolone, wysy\u0142ka w Kanadzie, Wielkiej Brytanii.<br \/>\nOxandrolone\/Anavar to jeden z najpopularniejszych doustnych steryd\u00f3w anabolicznych. Poprawia si\u0142\u0119 i energi\u0119. Jest to jeden z niewielu steryd\u00f3w anabolicznych, kt\u00f3ry mo\u017ce by\u0107 bezpiecznie stosowany przez m\u0119\u017cczyzn i kobiety. To bardzo przyjazny efekt uboczny. Oxandrolone\/Anavar jest bez w\u0105tpienia niezwykle korzystnym sterydem anabolicznym.<\/p>\n<p>Nasz proszek oxandrolonu (anavar) posiada certyfikat legalno\u015bci i bezpiecze\u0144stwa. To bezpieczny steryd. Nasz proszek oxandrolone anavar sprzedaje 200 kilogram\u00f3w miesi\u0119cznie, a ka\u017cdy klient m\u00f3wi, \u017ce nasze produkty s\u0105 najlepsze.<\/p>\n<h3>Anavar (Oxandrolone) Steroid w proszku<\/h3>\n<p>Anavar (Oxandrolone) to bardzo znany steryd anaboliczny i trudno znale\u017a\u0107 profesjonalnego sportowca, kt\u00f3ry nie s\u0142ysza\u0142by o tym produkcie. Zajmowa\u0142 on czo\u0142owe pozycje od samego pocz\u0105tku swojego istnienia. Zosta\u0142 wynaleziony w 1964 roku przez firm\u0119 Sear Laboratories. Produkt ten pozwala uzyska\u0107 \u015bwietne wyniki na si\u0142owni.<\/p>\n<p>Oxandrolone jest jednym z najcz\u0119\u015bciej podrabianych steryd\u00f3w, jakie kiedykolwiek istnia\u0142y.<br \/>\nOxandrolone to doustnie przyjmowany steryd anaboliczny, kt\u00f3ry jest zwykle przepisywany w zakresie 5-10 mg dziennie, przy czym zalecane dawki rzadko przekraczaj\u0105 20 mg dziennie. Stosowanie trwa zwykle od 2 do 4 tygodni, po czym nast\u0119puje kr\u00f3tka przerwa i powtarzanie cyklu a\u017c do rozwi\u0105zania problemu. W niekt\u00f3rych przypadkach stosowanie tego rodzaju mo\u017ce trwa\u0107 w niesko\u0144czono\u015b\u0107.<\/p>\n<h3>Jak stosowa\u0107 Anavar Oxandrolone Powder<\/h3>\n<p>Dla m\u0119skiego u\u017cytkownika steryd\u00f3w anabolicznych, 20-30 mg dziennie, chocia\u017c niska dawka spowoduje uderzenie anaboliczne. Jednak 40-50 mg dziennie jest znacznie bardziej powszechne i skuteczne. Niekt\u00f3rzy m\u0119\u017cczy\u017ani u\u017cywaj\u0105 nawet 80-100 mg dziennie, ale nale\u017cy pami\u0119ta\u0107, \u017ce zwi\u0119ksza to ryzyko wyst\u0105pienia dzia\u0142a\u0144 niepo\u017c\u0105danych.<\/p>\n<p>Kobiety stosuj\u0105ce Oxandrolone zwykle dawkuj\u0105 steryd w dawce 5-10 mg dziennie. Nie jest powszechne, aby kobieta potrzebowa\u0142a wi\u0119cej ni\u017c 10 mg dziennie, ale je\u015bli potrzeba wi\u0119cej, mo\u017cna j\u0105 zwi\u0119kszy\u0107 o 5 mg. Dawki przekraczaj\u0105ce 20 mg dziennie prawie zapewni\u0105 pewien poziom wirylizacji. 6-8 tygodni stosowania jest standardem zar\u00f3wno w przypadku m\u0119\u017cczyzn, jak i kobiet.<\/p>\n<p>Je\u015bli szukasz tego proszku steroidowego, lepiej poszuka\u0107 najlepszego dostawcy proszku steroidowego Oxandrolone. SHGOTOPHARM to w\u0142a\u015bciwe miejsce dla Ciebie<\/p>","protected":false},"excerpt":{"rendered":"<h3><a href=\"https:\/\/shgotopharm.com\/pl\/product\/proszek-anavar-oxandrolone\/\">Anavar Oxandrolone Powder<\/a><\/h3>\n<p>Anavar Oxandrolone Powder to steryd anaboliczno-androgenny pochodz\u0105cy z dihydrotestosteronu (DHT).<\/p>","protected":false},"featured_media":1748,"comment_status":"open","ping_status":"closed","template":"","meta":[],"product_brand":[],"product_cat":[390],"product_tag":[935,437,944,934,434,949,945,400,415,440,429,417,426,420,410,408,413,407,432,435,423,399,404,938,933,418,430,421,427,416,412,433,439,436,424,411,414,431,392,394,396,402,393,395,932,943,939,398,405,406,397,428,419,422,425,409,438,931,940,937,948,936,946,947,942,403,401,941],"class_list":{"0":"post-1747","1":"product","2":"type-product","3":"status-publish","4":"has-post-thumbnail","6":"product_cat-oral-steroids","7":"product_tag-aas-poland","8":"product_tag-aas-powder","9":"product_tag-aas-raw-materials-australia","10":"product_tag-aas-raws","11":"product_tag-anabolic-steroid-aas","12":"product_tag-anabolic-steroid-manufacturer-canada","13":"product_tag-anabolic-steroid-powders-online","14":"product_tag-anavar","15":"product_tag-anavar-benefits","16":"product_tag-anavar-cycle","17":"product_tag-anavar-dosage","18":"product_tag-anavar-for-man","19":"product_tag-anavar-for-sale","20":"product_tag-anavar-for-woman","21":"product_tag-anavar-oral-steroid-powder","22":"product_tag-anavar-oxandrolone-powder-for-sale","23":"product_tag-anavar-powder","24":"product_tag-anavar-powder-for-sale","25":"product_tag-anavar-powder-price","26":"product_tag-anavar-powder-taste","27":"product_tag-anavar-steroid","28":"product_tag-anavar-steroid-powder-for-sale","29":"product_tag-australia","30":"product_tag-best-steroid-powder-supplier-usa","31":"product_tag-buy-aas-raws-online","32":"product_tag-buy-anavar-in-australia","33":"product_tag-buy-anavar-in-brazil","34":"product_tag-buy-anavar-in-canada","35":"product_tag-buy-anavar-in-europe","36":"product_tag-buy-anavar-in-france","37":"product_tag-buy-anavar-in-india","38":"product_tag-buy-anavar-in-mexico","39":"product_tag-buy-anavar-in-poland","40":"product_tag-buy-anavar-in-sweden","41":"product_tag-buy-anavar-in-switzerland","42":"product_tag-buy-anavar-in-uk","43":"product_tag-buy-anavar-in-usa","44":"product_tag-buy-anavar-powder-online","45":"product_tag-buy-oxandrolone-anavar-australia","46":"product_tag-buy-oxandrolone-anavar-canada","47":"product_tag-buy-oxandrolone-anavar-europe","48":"product_tag-buy-oxandrolone-anavar-powder-online-canada","49":"product_tag-buy-oxandrolone-anavar-uk","50":"product_tag-buy-oxandrolone-anavar-usa","51":"product_tag-buy-raw-steroid-powders-online","52":"product_tag-buy-raw-steroids-china","53":"product_tag-high-purity-anabolic-steroids-canada","54":"product_tag-legal-oxandrolone","55":"product_tag-legit-anavar-powder","56":"product_tag-legit-oxandrolone-powder","57":"product_tag-ox","58":"product_tag-oxandrolone-powder-benefits","59":"product_tag-oxandrolone-powder-china","60":"product_tag-oxandrolone-powder-cost","61":"product_tag-oxandrolone-powder-for-sale","62":"product_tag-oxandrolone-powder-suppliers","63":"product_tag-raw-oxandrolone-powder","64":"product_tag-raw-steroids-for-sale","65":"product_tag-steroid-raw-material-factory-europe","66":"product_tag-steroid-raws-online","67":"product_tag-steroid-raws-supplier-florida","68":"product_tag-supplier-usa","69":"product_tag-testosterone-raw-powder-poland","70":"product_tag-trenbolone-powder-thailand","71":"product_tag-trusted-steroid-raw-supplier-worldwide","72":"product_tag-usa","73":"product_tag-where-to-buy-anavar-powder-99-purity-oxandrolone-powder-supplier","74":"product_tag-wholesale-steroid-powders-australia","76":"first","77":"instock","78":"shipping-taxable","79":"product-type-simple"},"_links":{"self":[{"href":"https:\/\/shgotopharm.com\/pl\/wp-json\/wp\/v2\/product\/1747","targetHints":{"allow":["GET"]}}],"collection":[{"href":"https:\/\/shgotopharm.com\/pl\/wp-json\/wp\/v2\/product"}],"about":[{"href":"https:\/\/shgotopharm.com\/pl\/wp-json\/wp\/v2\/types\/product"}],"replies":[{"embeddable":true,"href":"https:\/\/shgotopharm.com\/pl\/wp-json\/wp\/v2\/comments?post=1747"}],"wp:featuredmedia":[{"embeddable":true,"href":"https:\/\/shgotopharm.com\/pl\/wp-json\/wp\/v2\/media\/1748"}],"wp:attachment":[{"href":"https:\/\/shgotopharm.com\/pl\/wp-json\/wp\/v2\/media?parent=1747"}],"wp:term":[{"taxonomy":"product_brand","embeddable":true,"href":"https:\/\/shgotopharm.com\/pl\/wp-json\/wp\/v2\/product_brand?post=1747"},{"taxonomy":"product_cat","embeddable":true,"href":"https:\/\/shgotopharm.com\/pl\/wp-json\/wp\/v2\/product_cat?post=1747"},{"taxonomy":"product_tag","embeddable":true,"href":"https:\/\/shgotopharm.com\/pl\/wp-json\/wp\/v2\/product_tag?post=1747"}],"curies":[{"name":"wp","href":"https:\/\/api.w.org\/{rel}","templated":true}]}}