{"id":1755,"date":"2025-10-30T15:25:10","date_gmt":"2025-10-30T15:25:10","guid":{"rendered":"https:\/\/shgotopharm.com\/?post_type=product&#038;p=1755"},"modified":"2025-12-13T09:49:46","modified_gmt":"2025-12-13T09:49:46","slug":"trenbolon-enanthate-proszek","status":"publish","type":"product","link":"https:\/\/shgotopharm.com\/pl\/product\/trenbolone-enanthate-powder\/","title":{"rendered":"Kup Trenbolon Enanthate Powder"},"content":{"rendered":"<h2><a href=\"https:\/\/shgotopharm.com\/pl\/product\/trenbolon-enanthate-proszek\/\">Trenbolon Enanthate Powder<\/a><\/h2>\n<p>Trenbolon enanthate to gor\u0105co sprzedaj\u0105cy si\u0119 proszek sterydowy Trenbolone. Trenbolon enanthate jest syntetycznym i wstrzykiwanym sterydem anaboliczno-androgennym. Trenbolon enanthate jest u\u017cywany g\u0142\u00f3wnie do cel\u00f3w kulturystycznych, w tym do ci\u0119cia i \u0142\u0105czenia.<\/p>\n<h3>Trenbolone Enanthate Info:<\/h3>\n<p>Trenbolon Enanthate CAS 10161-33-8<br \/>\nTrenbolon Enanthate Wz\u00f3r cz\u0105steczkowy: C25H34O3<br \/>\nSpecyfikacja Trenbolonu Enanthate: Enterprise Standard<br \/>\nTrenbolon Enanthate Opis: \u017c\u00f3\u0142ty lub prawie \u017c\u00f3\u0142ty krystaliczny proszek<br \/>\nTrenbolon Enanthate Nazwa chemiczna: 4,9,11-estratrien-17beta-ol-3-on Enanthate<\/p>\n<h3>Trenbolon Enanthate Powder U\u017cywa<\/h3>\n<p>Trenbolon enanthate to d\u0142ugo uwalniana podziemna mikstura trenbolonu stworzona w laboratorium. Enanthate to ester, kt\u00f3ry umo\u017cliwia powolne uwalnianie trenbolonu do organizmu. Z medycznego punktu widzenia jest rzadko stosowany w przypadku pierwotnego hipogonadyzmu, hipogonadyzmu hipogonadotropowego i op\u00f3\u017anionego dojrzewania p\u0142ciowego u m\u0119\u017cczyzn.<br \/>\nU kobiet enantan trenbolonu jest stosowany w leczeniu raka sutka z przerzutami.<\/p>\n<h3>Trenbolon Enanthate Powder u m\u0119\u017cczyzn i kobiet<\/h3>\n<p>Trenbolon jest dobrze znany ze swojej zdolno\u015bci do produkcji wysokiej jako\u015bci, suchych przyrost\u00f3w mi\u0119\u015bni, a tak\u017ce znacznego zwi\u0119kszenia si\u0142y. W przeciwie\u0144stwie do innych silnych AAS, takich jak Dianabol, przyrosty uzyskane dzi\u0119ki temu zwi\u0105zkowi s\u0105 \u0142atwe do utrzymania po zako\u0144czeniu cyklu. Istnieje wi\u0119ksze prawdopodobie\u0144stwo utrzymania przyrost\u00f3w uzyskanych podczas cyklu trenbolonowego ni\u017c w przypadku wi\u0119kszo\u015bci innych steryd\u00f3w o podobnej sile dzia\u0142ania. Inne korzy\u015bci obejmuj\u0105 twardo\u015b\u0107, brak retencji wody, niezdolno\u015b\u0107 do przekszta\u0142cenia si\u0119 w estrogen, zwi\u0119kszone spalanie \/ utrat\u0119 t\u0142uszczu, lepsz\u0105 definicj\u0119 i zwi\u0119kszon\u0105 agresj\u0119. Korzy\u015bci te sprawiaj\u0105, \u017ce jest to popularny wyb\u00f3r zar\u00f3wno w\u015br\u00f3d kulturyst\u00f3w wyczynowych, jak i rekreacyjnych.<\/p>\n<h3>Trenbolon Enanthate Korzy\u015bci:<\/h3>\n<p>Trenbolon Enanthate pomaga osi\u0105gn\u0105\u0107 znaczn\u0105 popraw\u0119 wydajno\u015bci si\u0142owej.<br \/>\nTrenbolon Enanthate pomaga poprawi\u0107 g\u0119sto\u015b\u0107 ko\u015bci.<br \/>\nTrenbolon Enanthate pomaga zwi\u0119kszy\u0107 libido (indywidualnie);<br \/>\nTrenbolon Enanthate pomaga obni\u017cy\u0107 naturalny kortyzol.<br \/>\nTrenbolon Enanthate pomaga zwi\u0119kszy\u0107 liczb\u0119 czerwonych krwinek i hemoglobiny (wi\u0119cej tlenu do mi\u0119\u015bni i innych kom\u00f3rek).<br \/>\nTrenbolon Enanthate pomaga spala\u0107 t\u0142uszcz (poprzez czynniki hormonu wzrostu IGF-1);<br \/>\nTrenbolon Enanthate pomaga poprawi\u0107 og\u00f3lny nastr\u00f3j i stan umys\u0142u.<br \/>\nTrenbolon Enanthate pomaga unikn\u0105\u0107 nadmiernej retencji wody.<br \/>\nTrenbolon Enanthate pomaga zwi\u0119kszy\u0107 aktywno\u015b\u0107 uk\u0142adu sercowo-naczyniowego (zwi\u0119kszona wytrzyma\u0142o\u015b\u0107);<\/p>","protected":false},"excerpt":{"rendered":"<h2><a href=\"https:\/\/shgotopharm.com\/pl\/product\/trenbolon-enanthate-proszek\/\">Trenbolon Enanthate Powder<\/a><\/h2>\n<p>Trenbolon enanthate to gor\u0105co sprzedaj\u0105cy si\u0119 proszek sterydowy Trenbolone<\/p>","protected":false},"featured_media":1756,"comment_status":"open","ping_status":"closed","template":"","meta":[],"product_brand":[],"product_cat":[24],"product_tag":[935,944,934,949,945,938,933,932,943,540,544,548,567,562,577,542,585,552,572,582,546,566,557,939,281,550,592,554,570,931,940,937,948,282,936,946,559,564,569,579,539,543,547,551,556,561,581,583,604,586,541,545,603,598,549,605,593,609,597,606,600,608,575,596,580,602,599,590,607,553,558,563,568,573,578,574,584,571,576,594,538,588,560,595,591,589,565,947,555,587,537,942,601,941],"class_list":{"0":"post-1755","1":"product","2":"type-product","3":"status-publish","4":"has-post-thumbnail","6":"product_cat-trenbolone","7":"product_tag-aas-poland","8":"product_tag-aas-raw-materials-australia","9":"product_tag-aas-raws","10":"product_tag-anabolic-steroid-manufacturer-canada","11":"product_tag-anabolic-steroid-powders-online","12":"product_tag-best-steroid-powder-supplier-usa","13":"product_tag-buy-aas-raws-online","14":"product_tag-buy-raw-steroid-powders-online","15":"product_tag-buy-raw-steroids-china","16":"product_tag-buy-tren-enanthate","17":"product_tag-buy-tren-enanthate-uk","18":"product_tag-buy-trenbolone-enanthate","19":"product_tag-buy-trenbolone-enanthate-brazil","20":"product_tag-buy-trenbolone-enanthate-canada","21":"product_tag-buy-trenbolone-enanthate-europe","22":"product_tag-buy-trenbolone-enanthate-mexico","23":"product_tag-buy-trenbolone-enanthate-online","24":"product_tag-buy-trenbolone-enanthate-powder","25":"product_tag-buy-trenbolone-enanthate-spain","26":"product_tag-buy-trenbolone-enanthate-sweden","27":"product_tag-buy-trenbolone-enanthate-switzerland","28":"product_tag-buy-trenbolone-enanthate-uk","29":"product_tag-buy-trenbolone-enanthate-usa","30":"product_tag-high-purity-anabolic-steroids-canada","31":"product_tag-hormone","32":"product_tag-how-to-make-trenbolone-enanthate-from-powder","33":"product_tag-inject-trenbolone-enanthate","34":"product_tag-parabola","35":"product_tag-quality-anabolic-steroid-powder","36":"product_tag-raw-steroids-for-sale","37":"product_tag-steroid-raw-material-factory-europe","38":"product_tag-steroid-raws-online","39":"product_tag-steroid-raws-supplier-florida","40":"product_tag-steroids","41":"product_tag-supplier-usa","42":"product_tag-testosterone-raw-powder-poland","43":"product_tag-tren-e","44":"product_tag-tren-e-powder","45":"product_tag-tren-e-powder-conversion","46":"product_tag-tren-e-powder-recipe","47":"product_tag-tren-enanthate","48":"product_tag-tren-enanthate-200","49":"product_tag-tren-enanthate-200-mg","50":"product_tag-tren-enanthate-cycle","51":"product_tag-tren-enanthate-for-sale-uk","52":"product_tag-tren-enanthate-half-life","53":"product_tag-tren-enanthate-powder","54":"product_tag-tren-enanthate-powder-conversion","55":"product_tag-trenbolone-enanthat-recipe","56":"product_tag-trenbolone-enanthate","57":"product_tag-trenbolone-enanthate-200","58":"product_tag-trenbolone-enanthate-200mg","59":"product_tag-trenbolone-enanthate-benefits","60":"product_tag-trenbolone-enanthate-brazil","61":"product_tag-trenbolone-enanthate-buy","62":"product_tag-trenbolone-enanthate-buy-online","63":"product_tag-trenbolone-enanthate-canada","64":"product_tag-trenbolone-enanthate-china","65":"product_tag-trenbolone-enanthate-cycle","66":"product_tag-trenbolone-enanthate-dosage","67":"product_tag-trenbolone-enanthate-dose","68":"product_tag-trenbolone-enanthate-factory","69":"product_tag-trenbolone-enanthate-for-sale","70":"product_tag-trenbolone-enanthate-hormone","71":"product_tag-trenbolone-enanthate-manufacturer","72":"product_tag-trenbolone-enanthate-melting-point","73":"product_tag-trenbolone-enanthate-new-zealand","74":"product_tag-trenbolone-enanthate-oil","75":"product_tag-trenbolone-enanthate-online","76":"product_tag-trenbolone-enanthate-powder","77":"product_tag-trenbolone-enanthate-powder-conversion","78":"product_tag-trenbolone-enanthate-powder-for-sale","79":"product_tag-trenbolone-enanthate-powder-price","80":"product_tag-trenbolone-enanthate-price","81":"product_tag-trenbolone-enanthate-raw-powder","82":"product_tag-trenbolone-enanthate-results","83":"product_tag-trenbolone-enanthate-reviews","84":"product_tag-trenbolone-enanthate-source","85":"product_tag-trenbolone-enanthate-stack","86":"product_tag-trenbolone-enanthate-steroid","87":"product_tag-trenbolone-enanthate-steroids","88":"product_tag-trenbolone-enanthate-supplier","89":"product_tag-trenbolone-enanthate-suppliers","90":"product_tag-trenbolone-enanthate-sweden","91":"product_tag-trenbolone-enanthate-uk","92":"product_tag-trenbolone-enanthate-usa","93":"product_tag-trenbolone-enanthate-wholesale","94":"product_tag-trenbolone-powder-thailand","95":"product_tag-trenbolone-powders-aas","96":"product_tag-trenbolone-powders-how-to-use-trenbolone-enanthate","97":"product_tag-trenbolone-raw-powders-buy-trenbolone-enanthate-poland","98":"product_tag-trusted-steroid-raw-supplier-worldwide","99":"product_tag-what-is-trenbolone-enanthate","100":"product_tag-wholesale-steroid-powders-australia","102":"first","103":"instock","104":"shipping-taxable","105":"product-type-simple"},"_links":{"self":[{"href":"https:\/\/shgotopharm.com\/pl\/wp-json\/wp\/v2\/product\/1755","targetHints":{"allow":["GET"]}}],"collection":[{"href":"https:\/\/shgotopharm.com\/pl\/wp-json\/wp\/v2\/product"}],"about":[{"href":"https:\/\/shgotopharm.com\/pl\/wp-json\/wp\/v2\/types\/product"}],"replies":[{"embeddable":true,"href":"https:\/\/shgotopharm.com\/pl\/wp-json\/wp\/v2\/comments?post=1755"}],"wp:featuredmedia":[{"embeddable":true,"href":"https:\/\/shgotopharm.com\/pl\/wp-json\/wp\/v2\/media\/1756"}],"wp:attachment":[{"href":"https:\/\/shgotopharm.com\/pl\/wp-json\/wp\/v2\/media?parent=1755"}],"wp:term":[{"taxonomy":"product_brand","embeddable":true,"href":"https:\/\/shgotopharm.com\/pl\/wp-json\/wp\/v2\/product_brand?post=1755"},{"taxonomy":"product_cat","embeddable":true,"href":"https:\/\/shgotopharm.com\/pl\/wp-json\/wp\/v2\/product_cat?post=1755"},{"taxonomy":"product_tag","embeddable":true,"href":"https:\/\/shgotopharm.com\/pl\/wp-json\/wp\/v2\/product_tag?post=1755"}],"curies":[{"name":"wp","href":"https:\/\/api.w.org\/{rel}","templated":true}]}}