{"id":1759,"date":"2025-10-30T16:19:05","date_gmt":"2025-10-30T16:19:05","guid":{"rendered":"https:\/\/shgotopharm.com\/?post_type=product&#038;p=1759"},"modified":"2025-11-10T10:05:57","modified_gmt":"2025-11-10T10:05:57","slug":"lgd-4033-ligandrol-powder","status":"publish","type":"product","link":"https:\/\/shgotopharm.com\/pl\/product\/lgd-4033-ligandrol-powder\/","title":{"rendered":"LGD-4033 Ligandrol w proszku do utraty t\u0142uszczu"},"content":{"rendered":"<h2 data-start=\"385\" data-end=\"491\"><strong data-start=\"391\" data-end=\"491\">LGD-4033 Ligandrol Powder for Fat Loss and Bodybuilding | Premium SARMs Hormone Powder Factory<\/strong><\/h2>\n<h3 data-start=\"493\" data-end=\"517\"><strong data-start=\"497\" data-end=\"517\">Przegl\u0105d produkt\u00f3w<\/strong><\/h3>\n<p data-start=\"518\" data-end=\"945\"><strong data-start=\"518\" data-end=\"549\">LGD-4033 Ligandrol Powder<\/strong>, znany r\u00f3wnie\u017c jako <strong data-start=\"565\" data-end=\"579\">Anabolicum<\/strong>, jest <strong data-start=\"586\" data-end=\"661\">wysokiej czysto\u015bci, niesteroidowy selektywny modulator receptora androgenowego (SARM)<\/strong> s\u0142ynie z pot\u0119\u017cnego potencja\u0142u anabolicznego i wyj\u0105tkowych efekt\u00f3w zachowania mi\u0119\u015bni.<br data-start=\"749\" data-end=\"752\" \/>Z <strong data-start=\"759\" data-end=\"782\">poziom czysto\u015bci 98%<\/strong>, Ten farmaceutyczny zwi\u0105zek zosta\u0142 opracowany z my\u015bl\u0105 o <strong data-start=\"837\" data-end=\"862\">aplikacje badawcze<\/strong> badanie rozwoju mi\u0119\u015bni, leczenia osteoporozy i poprawy metabolizmu.<\/p>\n<p data-start=\"947\" data-end=\"1245\"><strong data-start=\"947\" data-end=\"978\">LGD-4033 Ligandrol Powder<\/strong> zyska\u0142 uwag\u0119 w spo\u0142eczno\u015bci naukowej i badawczej fitness ze wzgl\u0119du na jego zdolno\u015b\u0107 do <strong data-start=\"1068\" data-end=\"1160\">stymuluje wzrost bezt\u0142uszczowej masy mi\u0119\u015bniowej, zwi\u0119ksza g\u0119sto\u015b\u0107 mineraln\u0105 ko\u015bci i przyspiesza redukcj\u0119 tkanki t\u0142uszczowej<\/strong> - Wszystko to bez niepo\u017c\u0105danych skutk\u00f3w ubocznych zwykle zwi\u0105zanych ze sterydami anabolicznymi.<\/p>\n<hr data-start=\"1247\" data-end=\"1250\" \/>\n<h3 data-start=\"1252\" data-end=\"1277\"><strong data-start=\"1256\" data-end=\"1277\">Podstawowe informacje<\/strong><\/h3>\n<div class=\"_tableContainer_1rjym_1\">\n<div class=\"group _tableWrapper_1rjym_13 flex w-fit flex-col-reverse\" tabindex=\"-1\">\n<table class=\"w-fit min-w-(--thread-content-width)\" data-start=\"1278\" data-end=\"2056\">\n<thead data-start=\"1278\" data-end=\"1309\">\n<tr data-start=\"1278\" data-end=\"1309\">\n<th data-start=\"1278\" data-end=\"1294\" data-col-size=\"sm\"><strong data-start=\"1280\" data-end=\"1293\">Parametr<\/strong><\/th>\n<th data-start=\"1294\" data-end=\"1309\" data-col-size=\"md\"><strong data-start=\"1296\" data-end=\"1307\">Szczeg\u00f3\u0142y<\/strong><\/th>\n<\/tr>\n<\/thead>\n<tbody data-start=\"1343\" data-end=\"2056\">\n<tr data-start=\"1343\" data-end=\"1394\">\n<td data-start=\"1343\" data-end=\"1363\" data-col-size=\"sm\"><strong data-start=\"1345\" data-end=\"1362\">Nazwa produktu:<\/strong><\/td>\n<td data-col-size=\"md\" data-start=\"1363\" data-end=\"1394\">LGD-4033 (Ligandrol) w proszku<\/td>\n<\/tr>\n<tr data-start=\"1395\" data-end=\"1424\">\n<td data-start=\"1395\" data-end=\"1409\" data-col-size=\"sm\"><strong data-start=\"1397\" data-end=\"1408\">Czysto\u015b\u0107:<\/strong><\/td>\n<td data-col-size=\"md\" data-start=\"1409\" data-end=\"1424\">98% minimum<\/td>\n<\/tr>\n<tr data-start=\"1425\" data-end=\"1459\">\n<td data-start=\"1425\" data-end=\"1443\" data-col-size=\"sm\"><strong data-start=\"1427\" data-end=\"1442\">Numer CAS:<\/strong><\/td>\n<td data-col-size=\"md\" data-start=\"1443\" data-end=\"1459\">1165910-22-4<\/td>\n<\/tr>\n<tr data-start=\"1460\" data-end=\"1513\">\n<td data-start=\"1460\" data-end=\"1478\" data-col-size=\"sm\"><strong data-start=\"1462\" data-end=\"1477\">Wygl\u0105d:<\/strong><\/td>\n<td data-col-size=\"md\" data-start=\"1478\" data-end=\"1513\">Jasno\u017c\u00f3\u0142ty krystaliczny proszek<\/td>\n<\/tr>\n<tr data-start=\"1514\" data-end=\"1543\">\n<td data-start=\"1514\" data-end=\"1532\" data-col-size=\"sm\"><strong data-start=\"1516\" data-end=\"1531\">Okres trwa\u0142o\u015bci:<\/strong><\/td>\n<td data-col-size=\"md\" data-start=\"1532\" data-end=\"1543\">2 lata<\/td>\n<\/tr>\n<tr data-start=\"1544\" data-end=\"1592\">\n<td data-start=\"1544\" data-end=\"1557\" data-col-size=\"sm\"><strong data-start=\"1546\" data-end=\"1556\">Stopie\u0144:<\/strong><\/td>\n<td data-col-size=\"md\" data-start=\"1557\" data-end=\"1592\">Klasa farmaceutyczna \/ badawcza<\/td>\n<\/tr>\n<tr data-start=\"1593\" data-end=\"1629\">\n<td data-start=\"1593\" data-end=\"1617\" data-col-size=\"sm\"><strong data-start=\"1595\" data-end=\"1616\">Standard jako\u015bci:<\/strong><\/td>\n<td data-col-size=\"md\" data-start=\"1617\" data-end=\"1629\">BP \/ USP<\/td>\n<\/tr>\n<tr data-start=\"1630\" data-end=\"1689\">\n<td data-start=\"1630\" data-end=\"1669\" data-col-size=\"sm\"><strong data-start=\"1632\" data-end=\"1668\">Zalecana dawka (do bada\u0144):<\/strong><\/td>\n<td data-col-size=\"md\" data-start=\"1669\" data-end=\"1689\">10-20 mg dziennie<\/td>\n<\/tr>\n<tr data-start=\"1690\" data-end=\"1788\">\n<td data-start=\"1690\" data-end=\"1718\" data-col-size=\"sm\"><strong data-start=\"1692\" data-end=\"1717\">G\u0142\u00f3wne zastosowania:<\/strong><\/td>\n<td data-col-size=\"md\" data-start=\"1718\" data-end=\"1788\">Badania nad osteoporoz\u0105, zanikiem mi\u0119\u015bni i wydajno\u015bci\u0105 anaboliczn\u0105<\/td>\n<\/tr>\n<tr data-start=\"1789\" data-end=\"1851\">\n<td data-start=\"1789\" data-end=\"1815\" data-col-size=\"sm\"><strong data-start=\"1791\" data-end=\"1814\">Dost\u0119pne pakiety:<\/strong><\/td>\n<td data-col-size=\"md\" data-start=\"1815\" data-end=\"1851\">Worki 10 g \/ 50 g \/ 100 g \/ 200 g<\/td>\n<\/tr>\n<tr data-start=\"1852\" data-end=\"1916\">\n<td data-start=\"1852\" data-end=\"1868\" data-col-size=\"sm\"><strong data-start=\"1854\" data-end=\"1867\">Kategoria:<\/strong><\/td>\n<td data-col-size=\"md\" data-start=\"1868\" data-end=\"1916\">Selektywny modulator receptora androgenowego (SARM)<\/td>\n<\/tr>\n<tr data-start=\"1917\" data-end=\"1984\">\n<td data-start=\"1917\" data-end=\"1938\" data-col-size=\"sm\"><strong data-start=\"1919\" data-end=\"1937\">Czas dostawy:<\/strong><\/td>\n<td data-col-size=\"md\" data-start=\"1938\" data-end=\"1984\">W ci\u0105gu 12 godzin od potwierdzenia p\u0142atno\u015bci<\/td>\n<\/tr>\n<tr data-start=\"1985\" data-end=\"2056\">\n<td data-start=\"1985\" data-end=\"2002\" data-col-size=\"sm\"><strong data-start=\"1987\" data-end=\"2001\">Opakowanie:<\/strong><\/td>\n<td data-col-size=\"md\" data-start=\"2002\" data-end=\"2056\">Bezpieczne, dyskretne i chroni\u0105ce przed wilgoci\u0105 opakowanie<\/td>\n<\/tr>\n<\/tbody>\n<\/table>\n<\/div>\n<\/div>\n<hr data-start=\"2058\" data-end=\"2061\" \/>\n<h3 data-start=\"2063\" data-end=\"2101\"><strong data-start=\"2067\" data-end=\"2101\">Jak dzia\u0142a LGD-4033 Ligandrol<\/strong><\/h3>\n<p data-start=\"2102\" data-end=\"2520\"><strong data-start=\"2102\" data-end=\"2126\">LGD-4033 Ligandrol<\/strong>\u00a0dzia\u0142a poprzez <strong data-start=\"2139\" data-end=\"2189\">selektywne wi\u0105zanie z receptorami androgenowymi (AR)<\/strong> w <strong data-start=\"2193\" data-end=\"2219\">tkanka mi\u0119\u015bniowa i kostna<\/strong>, stymuluj\u0105c aktywno\u015b\u0107 anaboliczn\u0105 bez znacz\u0105cego wp\u0142ywu na inne narz\u0105dy, takie jak w\u0105troba czy prostata.<br data-start=\"2326\" data-end=\"2329\" \/>To <strong data-start=\"2334\" data-end=\"2366\">ukierunkowany mechanizm dzia\u0142ania<\/strong> pomaga naukowcom bada\u0107, w jaki spos\u00f3b SARM mog\u0105 <strong data-start=\"2405\" data-end=\"2478\">zwi\u0119kszenie bezt\u0142uszczowej masy mi\u0119\u015bniowej, wzmocnienie si\u0142y i poprawa g\u0119sto\u015bci ko\u015bci<\/strong> jednocze\u015bnie minimalizuj\u0105c androgenne skutki uboczne.<\/p>\n<p data-start=\"2522\" data-end=\"2727\">W badaniach, <strong data-start=\"2534\" data-end=\"2553\">LGD-4033 Proszek<\/strong> zademonstrowa\u0142 <strong data-start=\"2569\" data-end=\"2614\">wysokie powinowactwo do AR mi\u0119\u015bniowych i szkieletowych<\/strong>, dzi\u0119ki czemu idealnie nadaje si\u0119 do bada\u0144 <strong data-start=\"2655\" data-end=\"2724\">regeneracja mi\u0119\u015bni, rehabilitacja i optymalizacja wydajno\u015bci<\/strong>.<\/p>\n<p data-start=\"2729\" data-end=\"2937\">Dodatkowo zaobserwowano, \u017ce zwi\u0105zek <strong data-start=\"2777\" data-end=\"2860\">tymczasowo obni\u017caj\u0105 poziom testosteronu ca\u0142kowitego i globuliny wi\u0105\u017c\u0105cej hormony p\u0142ciowe (SHBG)<\/strong> w spos\u00f3b zale\u017cny od dawki - zachowanie charakterystyczne dla najsilniejszych SARM.<\/p>\n<hr data-start=\"2939\" data-end=\"2942\" \/>\n<h3 data-start=\"2944\" data-end=\"2988\"><strong data-start=\"2948\" data-end=\"2988\">LGD-4033 Ligandrol w proszku Korzy\u015bci<\/strong><\/h3>\n<p data-start=\"2989\" data-end=\"3083\">Wyniki bada\u0144 i bada\u0144 eksperymentalnych sugeruj\u0105, \u017ce <strong data-start=\"3045\" data-end=\"3076\">LGD-4033 (Ligandrol) w proszku<\/strong> mo\u017ce:<\/p>\n<ul data-start=\"3084\" data-end=\"3587\">\n<li data-start=\"3084\" data-end=\"3175\">\n<p data-start=\"3086\" data-end=\"3175\">Wsparcie <strong data-start=\"3094\" data-end=\"3121\">wzrost bezt\u0142uszczowej masy mi\u0119\u015bniowej<\/strong> oraz <strong data-start=\"3126\" data-end=\"3146\">zatrzymanie mi\u0119\u015bni<\/strong> podczas ograniczenia kalorycznego<\/p>\n<\/li>\n<li data-start=\"3176\" data-end=\"3234\">\n<p data-start=\"3178\" data-end=\"3234\">Promocja <strong data-start=\"3186\" data-end=\"3198\">utrata t\u0142uszczu<\/strong> przy jednoczesnym zachowaniu integralno\u015bci mi\u0119\u015bni<\/p>\n<\/li>\n<li data-start=\"3235\" data-end=\"3327\">\n<p data-start=\"3237\" data-end=\"3327\">Wzmocnienie <strong data-start=\"3245\" data-end=\"3282\">wytrzyma\u0142o\u015b\u0107 ko\u015bci i g\u0119sto\u015b\u0107 mineralna<\/strong>, dzi\u0119ki czemu idealnie nadaje si\u0119 do bada\u0144 nad osteoporoz\u0105<\/p>\n<\/li>\n<li data-start=\"3328\" data-end=\"3402\">\n<p data-start=\"3330\" data-end=\"3402\">Poprawa <strong data-start=\"3338\" data-end=\"3400\">wytrzyma\u0142o\u015b\u0107, szybko\u015b\u0107 regeneracji i og\u00f3lna wydajno\u015b\u0107 fizyczna<\/strong><\/p>\n<\/li>\n<li data-start=\"3403\" data-end=\"3501\">\n<p data-start=\"3405\" data-end=\"3501\">Pomoc w badaniach zwi\u0105zanych z <strong data-start=\"3434\" data-end=\"3471\">zanik mi\u0119\u015bni i rehabilitacja<\/strong> po urazie lub chorobie<\/p>\n<\/li>\n<li data-start=\"3502\" data-end=\"3587\">\n<p data-start=\"3504\" data-end=\"3587\">Poprawa <strong data-start=\"3512\" data-end=\"3543\">skupienie i motywacja<\/strong>, jak zaobserwowano w r\u00f3\u017cnych badaniach poznawczych<\/p>\n<\/li>\n<\/ul>\n<hr data-start=\"3589\" data-end=\"3592\" \/>\n<h3 data-start=\"3594\" data-end=\"3640\"><strong data-start=\"3598\" data-end=\"3640\">Dlaczego warto wybra\u0107 proszek Ligandrol LGD-4033?<\/strong><\/h3>\n<ul data-start=\"3641\" data-end=\"3974\">\n<li data-start=\"3641\" data-end=\"3713\">\n<p data-start=\"3643\" data-end=\"3713\"><strong data-start=\"3643\" data-end=\"3681\">Czysto\u015b\u0107 farmaceutyczna (\u226598%)<\/strong> zweryfikowane przez testy HPLC<\/p>\n<\/li>\n<li data-start=\"3714\" data-end=\"3770\">\n<p data-start=\"3716\" data-end=\"3770\"><strong data-start=\"3716\" data-end=\"3745\">Stabilny i szybko wch\u0142aniaj\u0105cy<\/strong> zwi\u0105zek niesteroidowy<\/p>\n<\/li>\n<li data-start=\"3771\" data-end=\"3833\">\n<p data-start=\"3773\" data-end=\"3833\">Idealny dla <strong data-start=\"3783\" data-end=\"3831\">kr\u00f3tko- i \u015brednioterminowe cykle bada\u0144 anabolicznych<\/strong><\/p>\n<\/li>\n<li data-start=\"3834\" data-end=\"3904\">\n<p data-start=\"3836\" data-end=\"3904\"><strong data-start=\"3836\" data-end=\"3862\">Minimalna toksyczno\u015b\u0107 dla w\u0105troby<\/strong> w por\u00f3wnaniu do tradycyjnych \u015brodk\u00f3w anabolicznych<\/p>\n<\/li>\n<li data-start=\"3905\" data-end=\"3974\">\n<p data-start=\"3907\" data-end=\"3974\"><strong data-start=\"3907\" data-end=\"3934\">Zweryfikowane naukowo<\/strong> Selektywny modulator receptora androgenowego<\/p>\n<\/li>\n<\/ul>\n<hr data-start=\"3976\" data-end=\"3979\" \/>\n<h3 data-start=\"3981\" data-end=\"4013\"><strong data-start=\"3985\" data-end=\"4013\">Zastosowania w badaniach<\/strong><\/h3>\n<p data-start=\"4014\" data-end=\"4092\"><strong data-start=\"4014\" data-end=\"4045\">LGD-4033 Ligandrol Powder<\/strong> jest nadal badany w laboratoriach:<\/p>\n<ul data-start=\"4093\" data-end=\"4277\">\n<li data-start=\"4093\" data-end=\"4137\">\n<p data-start=\"4095\" data-end=\"4137\"><strong data-start=\"4095\" data-end=\"4135\">Modele wyniszczenia mi\u0119\u015bni i sarkopenii<\/strong><\/p>\n<\/li>\n<li data-start=\"4138\" data-end=\"4183\">\n<p data-start=\"4140\" data-end=\"4183\"><strong data-start=\"4140\" data-end=\"4181\">Badania nad osteoporoz\u0105 i g\u0119sto\u015bci\u0105 ko\u015bci<\/strong><\/p>\n<\/li>\n<li data-start=\"4184\" data-end=\"4226\">\n<p data-start=\"4186\" data-end=\"4226\"><strong data-start=\"4186\" data-end=\"4224\">Mechanizmy zwi\u0119kszaj\u0105ce wydajno\u015b\u0107<\/strong><\/p>\n<\/li>\n<li data-start=\"4227\" data-end=\"4277\">\n<p data-start=\"4229\" data-end=\"4277\"><strong data-start=\"4229\" data-end=\"4275\">Badania nad metabolizmem t\u0142uszcz\u00f3w i r\u00f3wnowag\u0105 energetyczn\u0105<\/strong><\/p>\n<\/li>\n<\/ul>\n<p data-start=\"4279\" data-end=\"4436\"><strong data-start=\"4279\" data-end=\"4288\">Uwaga:<\/strong> Ten produkt jest sprzedawany wy\u0142\u0105cznie dla <strong data-start=\"4323\" data-end=\"4375\">wy\u0142\u0105cznie do cel\u00f3w laboratoryjnych i bada\u0144 naukowych<\/strong>. Jest to <strong data-start=\"4383\" data-end=\"4435\">niezatwierdzone do spo\u017cycia przez ludzi lub do cel\u00f3w weterynaryjnych<\/strong>.<\/p>\n<hr data-start=\"4438\" data-end=\"4441\" \/>\n<h3 data-start=\"4443\" data-end=\"4471\"><strong data-start=\"4447\" data-end=\"4471\">Przechowywanie i obs\u0142uga<\/strong><\/h3>\n<ul data-start=\"4472\" data-end=\"4648\">\n<li data-start=\"4472\" data-end=\"4534\">\n<p data-start=\"4474\" data-end=\"4534\">Przechowywa\u0107 w <strong data-start=\"4485\" data-end=\"4504\">ch\u0142odne, suche miejsce<\/strong>, z dala od bezpo\u015bredniego \u015bwiat\u0142a s\u0142onecznego.<\/p>\n<\/li>\n<li data-start=\"4535\" data-end=\"4584\">\n<p data-start=\"4537\" data-end=\"4584\">Przechowywa\u0107 pojemnik szczelnie zamkni\u0119ty po ka\u017cdym u\u017cyciu.<\/p>\n<\/li>\n<li data-start=\"4585\" data-end=\"4648\">\n<p data-start=\"4587\" data-end=\"4648\">Wy\u0142\u0105cznie do bada\u0144 laboratoryjnych - stosowa\u0107 odpowiednie \u015brodki ochrony indywidualnej.<\/p>\n<\/li>\n<\/ul>\n<hr data-start=\"4650\" data-end=\"4653\" \/>\n<h3 data-start=\"4766\" data-end=\"4809\"><\/h3>\n<p data-start=\"4987\" data-end=\"5014\">","protected":false},"excerpt":{"rendered":"<p>Kup wysokiej czysto\u015bci proszek Ligandrol LGD-4033 do bada\u0144 nad SARMami. Idealny do bada\u0144 nad wzrostem mi\u0119\u015bni, utrat\u0105 t\u0142uszczu i aktywno\u015bci\u0105 anaboliczn\u0105. Czysto\u015b\u0107 98%, szybka wysy\u0142ka.<\/p>","protected":false},"featured_media":1760,"comment_status":"open","ping_status":"closed","template":"","meta":[],"product_brand":[],"product_cat":[391],"product_tag":[935,944,934,949,945,938,933,932,943,691,939,682,704,693,666,670,683,675,685,697,688,677,690,680,687,672,679,660,703,658,931,674,665,681,671,676,694,698,701,659,689,669,662,667,684,700,668,692,696,699,702,663,673,695,686,678,940,937,948,664,282,936,661,946,947,942,941],"class_list":{"0":"post-1759","1":"product","2":"type-product","3":"status-publish","4":"has-post-thumbnail","6":"product_cat-peptides","7":"product_tag-aas-poland","8":"product_tag-aas-raw-materials-australia","9":"product_tag-aas-raws","10":"product_tag-anabolic-steroid-manufacturer-canada","11":"product_tag-anabolic-steroid-powders-online","12":"product_tag-best-steroid-powder-supplier-usa","13":"product_tag-buy-aas-raws-online","14":"product_tag-buy-raw-steroid-powders-online","15":"product_tag-buy-raw-steroids-china","16":"product_tag-china-steroid-powder-supplier","17":"product_tag-high-purity-anabolic-steroids-canada","18":"product_tag-lgd-4033-australia","19":"product_tag-lgd-4033-bodybuilding","20":"product_tag-lgd-4033-brazil","21":"product_tag-lgd-4033-cycle","22":"product_tag-lgd-4033-dosage","23":"product_tag-lgd-4033-factory","24":"product_tag-lgd-4033-for-sale","25":"product_tag-lgd-4033-formula","26":"product_tag-lgd-4033-libido","27":"product_tag-lgd-4033-online","28":"product_tag-lgd-4033-powder","29":"product_tag-lgd-4033-recipe","30":"product_tag-lgd-4033-reviews","31":"product_tag-ligandrol","32":"product_tag-mk-2866","33":"product_tag-oral-sarms","34":"product_tag-peptide","35":"product_tag-peptide-hormone","36":"product_tag-raw-sarms-powders-sarms-liquid","37":"product_tag-raw-steroids-for-sale","38":"product_tag-sarm-receptor","39":"product_tag-sarms","40":"product_tag-sarms-australia","41":"product_tag-sarms-brazil","42":"product_tag-sarms-canada","43":"product_tag-sarms-cycle","44":"product_tag-sarms-for-sale","45":"product_tag-sarms-hormone","46":"product_tag-sarms-liquid-vs-pills","47":"product_tag-sarms-pills","48":"product_tag-sarms-powder","49":"product_tag-sarms-steroid","50":"product_tag-sarms-uk","51":"product_tag-selective-androgen-receptor-modulators","52":"product_tag-ssteroid-hormone","53":"product_tag-steroid-cream","54":"product_tag-steroid-injection","55":"product_tag-steroid-liquid","56":"product_tag-steroid-liquid-oral","57":"product_tag-steroid-oral","58":"product_tag-steroid-powder","59":"product_tag-steroid-powder-canada","60":"product_tag-steroid-powder-conversion-recipe","61":"product_tag-steroid-powder-price","62":"product_tag-steroid-powder-uk","63":"product_tag-steroid-raw-material-factory-europe","64":"product_tag-steroid-raws-online","65":"product_tag-steroid-raws-supplier-florida","66":"product_tag-steroid-semi-finished-liquid","67":"product_tag-steroids","68":"product_tag-supplier-usa","69":"product_tag-synthetic-steroid-lgd-4033","70":"product_tag-testosterone-raw-powder-poland","71":"product_tag-trenbolone-powder-thailand","72":"product_tag-trusted-steroid-raw-supplier-worldwide","73":"product_tag-wholesale-steroid-powders-australia","75":"first","76":"instock","77":"shipping-taxable","78":"product-type-simple"},"_links":{"self":[{"href":"https:\/\/shgotopharm.com\/pl\/wp-json\/wp\/v2\/product\/1759","targetHints":{"allow":["GET"]}}],"collection":[{"href":"https:\/\/shgotopharm.com\/pl\/wp-json\/wp\/v2\/product"}],"about":[{"href":"https:\/\/shgotopharm.com\/pl\/wp-json\/wp\/v2\/types\/product"}],"replies":[{"embeddable":true,"href":"https:\/\/shgotopharm.com\/pl\/wp-json\/wp\/v2\/comments?post=1759"}],"wp:featuredmedia":[{"embeddable":true,"href":"https:\/\/shgotopharm.com\/pl\/wp-json\/wp\/v2\/media\/1760"}],"wp:attachment":[{"href":"https:\/\/shgotopharm.com\/pl\/wp-json\/wp\/v2\/media?parent=1759"}],"wp:term":[{"taxonomy":"product_brand","embeddable":true,"href":"https:\/\/shgotopharm.com\/pl\/wp-json\/wp\/v2\/product_brand?post=1759"},{"taxonomy":"product_cat","embeddable":true,"href":"https:\/\/shgotopharm.com\/pl\/wp-json\/wp\/v2\/product_cat?post=1759"},{"taxonomy":"product_tag","embeddable":true,"href":"https:\/\/shgotopharm.com\/pl\/wp-json\/wp\/v2\/product_tag?post=1759"}],"curies":[{"name":"wp","href":"https:\/\/api.w.org\/{rel}","templated":true}]}}