{"id":1763,"date":"2025-10-30T16:53:12","date_gmt":"2025-10-30T16:53:12","guid":{"rendered":"https:\/\/shgotopharm.com\/?post_type=product&#038;p=1763"},"modified":"2026-03-22T15:30:54","modified_gmt":"2026-03-22T15:30:54","slug":"buy-semaglutide-peptide","status":"publish","type":"product","link":"https:\/\/shgotopharm.com\/pl\/product\/buy-semaglutide-peptide\/","title":{"rendered":"Kup peptyd semaglutydowy"},"content":{"rendered":"<h2 data-start=\"265\" data-end=\"351\"><strong data-start=\"268\" data-end=\"351\">Kup peptyd Semaglutide | Agonista receptora GLP-1 dla cukrzycy i kontroli wagi<\/strong><\/h2>\n<h3 data-start=\"353\" data-end=\"369\"><strong data-start=\"357\" data-end=\"369\">Przegl\u0105d<\/strong><\/h3>\n<p data-start=\"370\" data-end=\"820\"><strong data-start=\"370\" data-end=\"393\">Kup peptyd semaglutydowy<\/strong> jest syntetyczny <strong data-start=\"409\" data-end=\"461\">Agonista receptora GLP-1 (glukagonopodobnego peptydu-1)<\/strong> zaprojektowany, aby na\u015bladowa\u0107 dzia\u0142anie naturalnego hormonu GLP-1 w organizmie. Peptyd ten odgrywa kluczow\u0105 rol\u0119 w regulacji <strong data-start=\"573\" data-end=\"636\">wydzielanie insuliny, poziom cukru we krwi i kontrola apetytu<\/strong>.<br data-start=\"637\" data-end=\"640\" \/>Pierwotnie opracowany dla <strong data-start=\"669\" data-end=\"701\">leczenie cukrzycy typu 2<\/strong>, Od tego czasu Semaglutide zyska\u0142 uznanie ze wzgl\u0119du na sw\u00f3j znacz\u0105cy potencja\u0142 w <strong data-start=\"777\" data-end=\"819\">kontrola wagi i zdrowie metaboliczne<\/strong>.<\/p>\n<hr data-start=\"822\" data-end=\"825\" \/>\n<h3 data-start=\"827\" data-end=\"856\"><strong data-start=\"831\" data-end=\"856\">Jak dzia\u0142a semaglutyd<\/strong><\/h3>\n<p data-start=\"857\" data-end=\"941\">Semaglutyd dzia\u0142a poprzez <strong data-start=\"882\" data-end=\"912\">aktywacja receptor\u00f3w GLP-1<\/strong> w trzustce i m\u00f3zgu.<\/p>\n<ul data-start=\"942\" data-end=\"1324\">\n<li data-start=\"942\" data-end=\"1129\">\n<p data-start=\"944\" data-end=\"1129\">W <strong data-start=\"951\" data-end=\"963\">trzustka<\/strong>, Stymulacja ta zwi\u0119ksza <strong data-start=\"991\" data-end=\"1010\">uwalnianie insuliny<\/strong> gdy poziom cukru we krwi jest podwy\u017cszony i hamuje <strong data-start=\"1063\" data-end=\"1086\">produkcja glukagonu<\/strong>, pomagaj\u0105c utrzyma\u0107 stabilny poziom glukozy.<\/p>\n<\/li>\n<li data-start=\"1130\" data-end=\"1324\">\n<p data-start=\"1132\" data-end=\"1324\">W <strong data-start=\"1139\" data-end=\"1169\">m\u00f3zg i uk\u0142ad trawienny<\/strong>, spowalnia <strong data-start=\"1180\" data-end=\"1200\">opr\u00f3\u017cnianie \u017co\u0142\u0105dka<\/strong> i zwi\u0119ksza <strong data-start=\"1215\" data-end=\"1234\">sygna\u0142y syto\u015bci<\/strong>, Sprawiaj\u0105c, \u017ce osoby czuj\u0105 si\u0119 pe\u0142niejsze przez d\u0142u\u017cszy czas i zmniejszaj\u0105c og\u00f3lne spo\u017cycie kalorii.<\/p>\n<\/li>\n<\/ul>\n<p data-start=\"1326\" data-end=\"1467\">Celuj\u0105c w te mechanizmy, <strong data-start=\"1357\" data-end=\"1372\">Semaglutyd<\/strong> skutecznie pomaga regulowa\u0107 apetyt, obni\u017ca\u0107 poziom glukozy we krwi i wspiera\u0107 trwa\u0142\u0105 utrat\u0119 wagi.<\/p>\n<hr data-start=\"1469\" data-end=\"1472\" \/>\n<h3 data-start=\"1474\" data-end=\"1515\"><strong data-start=\"1478\" data-end=\"1515\">Zastosowania medyczne i badawcze<\/strong><\/h3>\n<p data-start=\"1516\" data-end=\"1672\">Semaglutyd jest zatwierdzony przez <strong data-start=\"1547\" data-end=\"1590\">Ameryka\u0144ska Agencja ds. \u017bywno\u015bci i Lek\u00f3w (FDA)<\/strong> pod kilkoma markami, w tym <strong data-start=\"1628\" data-end=\"1639\">Ozempic<\/strong>, <strong data-start=\"1641\" data-end=\"1651\">Wegovy<\/strong>, oraz <strong data-start=\"1657\" data-end=\"1669\">Rybelsus<\/strong>.<\/p>\n<ul data-start=\"1673\" data-end=\"1978\">\n<li data-start=\"1673\" data-end=\"1776\">\n<p data-start=\"1675\" data-end=\"1776\"><strong data-start=\"1675\" data-end=\"1686\">Ozempic<\/strong> - Raz w tygodniu wstrzykiwany lek poprawiaj\u0105cy kontrol\u0119 glikemii u doros\u0142ych z cukrzyc\u0105 typu 2.<\/p>\n<\/li>\n<li data-start=\"1777\" data-end=\"1885\">\n<p data-start=\"1779\" data-end=\"1885\"><strong data-start=\"1779\" data-end=\"1789\">Wegovy<\/strong> - Zatwierdzony dla <strong data-start=\"1805\" data-end=\"1834\">przewlek\u0142e zarz\u0105dzanie wag\u0105<\/strong> u doros\u0142ych z oty\u0142o\u015bci\u0105 lub nadwag\u0105.<\/p>\n<\/li>\n<li data-start=\"1886\" data-end=\"1978\">\n<p data-start=\"1888\" data-end=\"1978\"><strong data-start=\"1888\" data-end=\"1900\">Rybelsus<\/strong> - Pierwszy <strong data-start=\"1913\" data-end=\"1926\">forma doustna<\/strong> Semaglutide, przeznaczonego do leczenia cukrzycy.<\/p>\n<\/li>\n<\/ul>\n<p data-start=\"1980\" data-end=\"2181\">Badania kliniczne wykaza\u0142y, \u017ce Buy <strong data-start=\"2013\" data-end=\"2036\">Peptyd semaglutydowy<\/strong> mo\u017ce prowadzi\u0107 do <strong data-start=\"2049\" data-end=\"2081\">znaczna redukcja wagi<\/strong> nawet u os\u00f3b bez cukrzycy przez <strong data-start=\"2122\" data-end=\"2178\">zmniejszenie apetytu i promowanie ni\u017cszego spo\u017cycia kalorii<\/strong>.<\/p>\n<hr data-start=\"2183\" data-end=\"2186\" \/>\n<h3 data-start=\"2188\" data-end=\"2231\"><strong data-start=\"2192\" data-end=\"2231\">Kluczowe zalety peptydu Semaglutide<\/strong><\/h3>\n<ul data-start=\"2232\" data-end=\"2733\">\n<li data-start=\"2232\" data-end=\"2331\">\n<p data-start=\"2234\" data-end=\"2331\"><strong data-start=\"2234\" data-end=\"2273\">Wspomaga leczenie cukrzycy typu 2<\/strong> - Poprawia wra\u017cliwo\u015b\u0107 na insulin\u0119 i kontrol\u0119 poziomu cukru we krwi.<\/p>\n<\/li>\n<li data-start=\"2332\" data-end=\"2437\">\n<p data-start=\"2334\" data-end=\"2437\"><strong data-start=\"2334\" data-end=\"2358\">Wspomaga utrat\u0119 wagi<\/strong> - Zmniejsza uczucie g\u0142odu i zwi\u0119ksza syto\u015b\u0107, pomagaj\u0105c ograniczy\u0107 spo\u017cycie kalorii.<\/p>\n<\/li>\n<li data-start=\"2438\" data-end=\"2533\">\n<p data-start=\"2440\" data-end=\"2533\"><strong data-start=\"2440\" data-end=\"2469\">Poprawia zdrowie metaboliczne<\/strong> - Pomaga w regulacji metabolizmu glukozy i r\u00f3wnowagi lipidowej.<\/p>\n<\/li>\n<li data-start=\"2534\" data-end=\"2628\">\n<p data-start=\"2536\" data-end=\"2628\"><strong data-start=\"2536\" data-end=\"2557\">Wygodne dozowanie<\/strong> - Dost\u0119pne jako <strong data-start=\"2573\" data-end=\"2599\">Zastrzyki raz w tygodniu<\/strong> lub <strong data-start=\"2603\" data-end=\"2625\">codzienne tabletki doustne<\/strong>.<\/p>\n<\/li>\n<li data-start=\"2629\" data-end=\"2733\">\n<p data-start=\"2631\" data-end=\"2733\"><strong data-start=\"2631\" data-end=\"2652\">Sprawdzone klinicznie<\/strong> - Poparte szeroko zakrojonymi badaniami i zatwierdzeniem przez FDA do wielu zastosowa\u0144 terapeutycznych.<\/p>\n<\/li>\n<\/ul>\n<hr data-start=\"2735\" data-end=\"2738\" \/>\n<h3 data-start=\"2740\" data-end=\"2769\"><strong data-start=\"2744\" data-end=\"2769\">Kontekst naukowy<\/strong><\/h3>\n<p data-start=\"2770\" data-end=\"3086\">Struktura chemiczna semaglutydu \u015bci\u015ble przypomina struktur\u0119 <strong data-start=\"2829\" data-end=\"2846\">naturalny GLP-1<\/strong>, ale z ulepszonym <strong data-start=\"2866\" data-end=\"2893\">stabilno\u015b\u0107 i okres p\u00f3\u0142trwania<\/strong>, pozwalaj\u0105c na <strong data-start=\"2908\" data-end=\"2939\">d\u0142u\u017csza aktywno\u015b\u0107 w organizmie<\/strong>. Opracowany przez <strong data-start=\"2954\" data-end=\"2970\">Novo Nordisk<\/strong> w 2012 r., stanowi jeden z najbardziej zaawansowanych analog\u00f3w GLP-1 dost\u0119pnych na rynku. <strong data-start=\"3047\" data-end=\"3083\">badania endokrynologiczne i metaboliczne<\/strong>.<\/p>\n<p data-start=\"3088\" data-end=\"3344\">Poza cukrzyc\u0105 i oty\u0142o\u015bci\u0105, naukowcy badaj\u0105 potencjaln\u0105 rol\u0119 Semaglutide w <strong data-start=\"3176\" data-end=\"3250\">badania dotycz\u0105ce zdrowia uk\u0142adu sercowo-naczyniowego, neuroprotekcji i zespo\u0142u metabolicznego<\/strong> ze wzgl\u0119du na jego korzystny wp\u0142yw na <strong data-start=\"3282\" data-end=\"3343\">stan zapalny, regulacja apetytu i metabolizm glukozy<\/strong>.<\/p>\n<hr data-start=\"3346\" data-end=\"3349\" \/>\n<h3 data-start=\"3351\" data-end=\"3373\"><strong data-start=\"3355\" data-end=\"3373\">Wa\u017cna uwaga<\/strong><\/h3>\n<p data-start=\"3374\" data-end=\"3520\">Ten produkt jest dostarczany dla <strong data-start=\"3403\" data-end=\"3455\">wy\u0142\u0105cznie do cel\u00f3w laboratoryjnych i bada\u0144 naukowych<\/strong>.<br data-start=\"3456\" data-end=\"3459\" \/>Jest to <strong data-start=\"3465\" data-end=\"3517\">nie jest przeznaczony do spo\u017cycia przez ludzi ani do cel\u00f3w weterynaryjnych<\/strong>.<\/p>","protected":false},"excerpt":{"rendered":"<p>Buy Semaglutide Peptide | GLP-1 Receptor Agonist for Diabetes and Weight Management Overview Buy Semaglutide Peptide is a synthetic GLP-1 (Glucagon-Like Peptide-1) receptor agonist designed to mimic the effects of the body\u2019s natural GLP-1 hormone. This peptide plays a key role in regulating insulin secretion, blood sugar levels, and appetite control.Originally developed for the treatment [&hellip;]<\/p>\n","protected":false},"featured_media":1764,"comment_status":"open","ping_status":"closed","template":"","meta":[],"product_brand":[],"product_cat":[391],"product_tag":[935,944,934,949,945,739,938,933,932,943,743,744,939,740,745,746,738,742,931,747,940,937,948,936,946,947,942,741,941],"class_list":{"0":"post-1763","1":"product","2":"type-product","3":"status-publish","4":"has-post-thumbnail","6":"product_cat-peptides","7":"product_tag-aas-poland","8":"product_tag-aas-raw-materials-australia","9":"product_tag-aas-raws","10":"product_tag-anabolic-steroid-manufacturer-canada","11":"product_tag-anabolic-steroid-powders-online","12":"product_tag-benefits-of-igf-1-lr3","13":"product_tag-best-steroid-powder-supplier-usa","14":"product_tag-buy-aas-raws-online","15":"product_tag-buy-raw-steroid-powders-online","16":"product_tag-buy-raw-steroids-china","17":"product_tag-hgh","18":"product_tag-hgh-supplements","19":"product_tag-high-purity-anabolic-steroids-canada","20":"product_tag-how-does-igf-1-lr3-work","21":"product_tag-human-growth-hormone","22":"product_tag-human-growth-hormone-for-sale","23":"product_tag-peptide-igf1-lr3","24":"product_tag-peptide-peptides-buy-growth-hormone","25":"product_tag-raw-steroids-for-sale","26":"product_tag-somatropin-growth-hormone","27":"product_tag-steroid-raw-material-factory-europe","28":"product_tag-steroid-raws-online","29":"product_tag-steroid-raws-supplier-florida","30":"product_tag-supplier-usa","31":"product_tag-testosterone-raw-powder-poland","32":"product_tag-trenbolone-powder-thailand","33":"product_tag-trusted-steroid-raw-supplier-worldwide","34":"product_tag-where-can-i-buy-igf-1-lr3","35":"product_tag-wholesale-steroid-powders-australia","37":"first","38":"instock","39":"shipping-taxable","40":"product-type-simple"},"_links":{"self":[{"href":"https:\/\/shgotopharm.com\/pl\/wp-json\/wp\/v2\/product\/1763","targetHints":{"allow":["GET"]}}],"collection":[{"href":"https:\/\/shgotopharm.com\/pl\/wp-json\/wp\/v2\/product"}],"about":[{"href":"https:\/\/shgotopharm.com\/pl\/wp-json\/wp\/v2\/types\/product"}],"replies":[{"embeddable":true,"href":"https:\/\/shgotopharm.com\/pl\/wp-json\/wp\/v2\/comments?post=1763"}],"wp:featuredmedia":[{"embeddable":true,"href":"https:\/\/shgotopharm.com\/pl\/wp-json\/wp\/v2\/media\/1764"}],"wp:attachment":[{"href":"https:\/\/shgotopharm.com\/pl\/wp-json\/wp\/v2\/media?parent=1763"}],"wp:term":[{"taxonomy":"product_brand","embeddable":true,"href":"https:\/\/shgotopharm.com\/pl\/wp-json\/wp\/v2\/product_brand?post=1763"},{"taxonomy":"product_cat","embeddable":true,"href":"https:\/\/shgotopharm.com\/pl\/wp-json\/wp\/v2\/product_cat?post=1763"},{"taxonomy":"product_tag","embeddable":true,"href":"https:\/\/shgotopharm.com\/pl\/wp-json\/wp\/v2\/product_tag?post=1763"}],"curies":[{"name":"wp","href":"https:\/\/api.w.org\/{rel}","templated":true}]}}