{"id":1765,"date":"2025-10-30T17:09:46","date_gmt":"2025-10-30T17:09:46","guid":{"rendered":"https:\/\/shgotopharm.com\/?post_type=product&#038;p=1765"},"modified":"2025-12-13T09:53:32","modified_gmt":"2025-12-13T09:53:32","slug":"jintropin-100iu-hgh","status":"publish","type":"product","link":"https:\/\/shgotopharm.com\/pl\/product\/jintropin-100iu-hgh\/","title":{"rendered":"Jintropin 100iu HGH"},"content":{"rendered":"<h1 class=\"product_h2\">Jintropin 100iu HGH<\/h1>\n<h3 data-start=\"488\" data-end=\"512\"><strong data-start=\"492\" data-end=\"512\">Przegl\u0105d produkt\u00f3w<\/strong><\/h3>\n<p data-start=\"513\" data-end=\"864\">Nasz Jintropin 100iu HGH<strong data-start=\"517\" data-end=\"568\">\u00a0Ludzki hormon wzrostu<\/strong> to najwy\u017cszej jako\u015bci <strong data-start=\"588\" data-end=\"611\">rekombinowany peptyd<\/strong> oferowane w <strong data-start=\"623\" data-end=\"647\">posta\u0107 nieoznakowana luzem<\/strong> do cel\u00f3w bada\u0144 laboratoryjnych i farmaceutycznych.<br data-start=\"700\" data-end=\"703\" \/>To <strong data-start=\"708\" data-end=\"736\">liofilizowany bia\u0142y proszek<\/strong> demonstracje <strong data-start=\"750\" data-end=\"764\">Czysto\u015b\u0107 99%<\/strong>, zapewniaj\u0105c sta\u0142\u0105 jako\u015b\u0107 i niezawodno\u015b\u0107 w zaawansowanych badaniach biologicznych i farmakologicznych.<\/p>\n<hr data-start=\"866\" data-end=\"869\" \/>\n<h3 data-start=\"871\" data-end=\"901\"><strong data-start=\"875\" data-end=\"901\">Specyfikacja produktu<\/strong><\/h3>\n<div class=\"_tableContainer_1rjym_1\">\n<div class=\"group _tableWrapper_1rjym_13 flex w-fit flex-col-reverse\" tabindex=\"-1\">\n<table class=\"w-fit min-w-(--thread-content-width)\" data-start=\"902\" data-end=\"1366\">\n<thead data-start=\"902\" data-end=\"933\">\n<tr data-start=\"902\" data-end=\"933\">\n<th data-start=\"902\" data-end=\"918\" data-col-size=\"sm\"><strong data-start=\"904\" data-end=\"917\">Parametr<\/strong><\/th>\n<th data-start=\"918\" data-end=\"933\" data-col-size=\"sm\"><strong data-start=\"920\" data-end=\"931\">Szczeg\u00f3\u0142y<\/strong><\/th>\n<\/tr>\n<\/thead>\n<tbody data-start=\"967\" data-end=\"1366\">\n<tr data-start=\"967\" data-end=\"1026\">\n<td data-start=\"967\" data-end=\"986\" data-col-size=\"sm\"><strong data-start=\"969\" data-end=\"985\">Nazwa produktu<\/strong><\/td>\n<td data-start=\"986\" data-end=\"1026\" data-col-size=\"sm\">Jintropin 100iu HGH<\/td>\n<\/tr>\n<tr data-start=\"1027\" data-end=\"1047\">\n<td data-start=\"1027\" data-end=\"1040\" data-col-size=\"sm\"><strong data-start=\"1029\" data-end=\"1039\">Czysto\u015b\u0107<\/strong><\/td>\n<td data-start=\"1040\" data-end=\"1047\" data-col-size=\"sm\">99%<\/td>\n<\/tr>\n<tr data-start=\"1048\" data-end=\"1070\">\n<td data-start=\"1048\" data-end=\"1061\" data-col-size=\"sm\"><strong data-start=\"1050\" data-end=\"1060\">Pochodzenie<\/strong><\/td>\n<td data-start=\"1061\" data-end=\"1070\" data-col-size=\"sm\">Chiny<\/td>\n<\/tr>\n<tr data-start=\"1071\" data-end=\"1122\">\n<td data-start=\"1071\" data-end=\"1082\" data-col-size=\"sm\"><strong data-start=\"1073\" data-end=\"1081\">Typ<\/strong><\/td>\n<td data-start=\"1082\" data-end=\"1122\" data-col-size=\"sm\">Witaminy, aminokwasy i koenzymy<\/td>\n<\/tr>\n<tr data-start=\"1123\" data-end=\"1179\">\n<td data-start=\"1123\" data-end=\"1144\" data-col-size=\"sm\"><strong data-start=\"1125\" data-end=\"1143\">Klasa Standard<\/strong><\/td>\n<td data-start=\"1144\" data-end=\"1179\" data-col-size=\"sm\">Klasa farmaceutyczna \/ medyczna<\/td>\n<\/tr>\n<tr data-start=\"1180\" data-end=\"1227\">\n<td data-start=\"1180\" data-end=\"1204\" data-col-size=\"sm\"><strong data-start=\"1182\" data-end=\"1203\">Standard analizy<\/strong><\/td>\n<td data-start=\"1204\" data-end=\"1227\" data-col-size=\"sm\">Enterprise Standard<\/td>\n<\/tr>\n<tr data-start=\"1228\" data-end=\"1273\">\n<td data-start=\"1228\" data-end=\"1245\" data-col-size=\"sm\"><strong data-start=\"1230\" data-end=\"1244\">Wygl\u0105d<\/strong><\/td>\n<td data-start=\"1245\" data-end=\"1273\" data-col-size=\"sm\">Bia\u0142y liofilizowany proszek<\/td>\n<\/tr>\n<tr data-start=\"1274\" data-end=\"1315\">\n<td data-start=\"1274\" data-end=\"1291\" data-col-size=\"sm\"><strong data-start=\"1276\" data-end=\"1290\">Nr EINECS.<\/strong><\/td>\n<td data-start=\"1291\" data-end=\"1315\" data-col-size=\"sm\">Dost\u0119pne na \u017cyczenie<\/td>\n<\/tr>\n<tr data-start=\"1316\" data-end=\"1366\">\n<td data-start=\"1316\" data-end=\"1340\" data-col-size=\"sm\"><strong data-start=\"1318\" data-end=\"1339\">Stan przechowywania<\/strong><\/td>\n<td data-start=\"1340\" data-end=\"1366\" data-col-size=\"sm\">2-8\u00b0C, z dala od \u015bwiat\u0142a<\/td>\n<\/tr>\n<\/tbody>\n<\/table>\n<\/div>\n<\/div>\n<hr data-start=\"1368\" data-end=\"1371\" \/>\n<h3 data-start=\"1373\" data-end=\"1392\"><strong data-start=\"1377\" data-end=\"1392\">Opis<\/strong><\/h3>\n<p data-start=\"1393\" data-end=\"1764\">Jintropin 100iu HGH, znany r\u00f3wnie\u017c jako <strong data-start=\"1439\" data-end=\"1453\">Somatropina<\/strong>, jest hormonem peptydowym naturalnie produkowanym przez <strong data-start=\"1502\" data-end=\"1521\">przysadka m\u00f3zgowa<\/strong>.<br data-start=\"1522\" data-end=\"1525\" \/>Nasz <strong data-start=\"1529\" data-end=\"1546\">Niebieskie topy HGH<\/strong> s\u0105 sformu\u0142owane dla <strong data-start=\"1566\" data-end=\"1591\">aplikacje badawcze<\/strong>, oferuj\u0105c bio-identyczn\u0105 sekwencj\u0119 do endogennego HGH. Jest on stosowany g\u0142\u00f3wnie w badaniach zwi\u0105zanych z <strong data-start=\"1689\" data-end=\"1751\">wzrost mi\u0119\u015bni, metabolizm, naprawa kom\u00f3rek i przeciwdzia\u0142anie starzeniu si\u0119<\/strong> funkcje.<\/p>\n<p data-start=\"1766\" data-end=\"1971\">Ten hormon wzrostu dzia\u0142a poprzez stymulacj\u0119 <strong data-start=\"1814\" data-end=\"1854\">IGF-1 (insulinopodobny czynnik wzrostu-1)<\/strong> kt\u00f3re odgrywaj\u0105 kluczow\u0105 rol\u0119 w <strong data-start=\"1892\" data-end=\"1915\">regeneracja tkanek<\/strong>, <strong data-start=\"1917\" data-end=\"1939\">rozw\u00f3j mi\u0119\u015bni<\/strong>, oraz <strong data-start=\"1945\" data-end=\"1970\">poprawa metabolizmu<\/strong>.<\/p>\n<hr data-start=\"1973\" data-end=\"1976\" \/>\n<h3 data-start=\"1978\" data-end=\"2014\"><strong data-start=\"1982\" data-end=\"2014\">Kluczowe zalety Jintropin 100iu HGH<\/strong><\/h3>\n<p data-start=\"2015\" data-end=\"2135\">Badania sugeruj\u0105, \u017ce <strong data-start=\"2045\" data-end=\"2062\">Niebieskie topy HGH<\/strong> mo\u017ce przyczynia\u0107 si\u0119 do nast\u0119puj\u0105cych ulepsze\u0144 fizjologicznych i kom\u00f3rkowych:<\/p>\n<ul data-start=\"2137\" data-end=\"2831\">\n<li data-start=\"2137\" data-end=\"2205\">\n<p data-start=\"2139\" data-end=\"2205\">Redukcja <strong data-start=\"2152\" data-end=\"2203\">cellulit, zmarszczki i widoczne oznaki starzenia<\/strong><\/p>\n<\/li>\n<li data-start=\"2206\" data-end=\"2286\">\n<p data-start=\"2208\" data-end=\"2286\">Wsparcie dla <strong data-start=\"2220\" data-end=\"2235\">przyrost masy mi\u0119\u015bniowej<\/strong>, <strong data-start=\"2237\" data-end=\"2249\">utrata t\u0142uszczu<\/strong>, oraz <strong data-start=\"2255\" data-end=\"2284\">poprawiony sk\u0142ad cia\u0142a<\/strong><\/p>\n<\/li>\n<li data-start=\"2287\" data-end=\"2347\">\n<p data-start=\"2289\" data-end=\"2347\">Ulepszony <strong data-start=\"2298\" data-end=\"2315\">zdrowie seksualne<\/strong>, <strong data-start=\"2317\" data-end=\"2327\">libido<\/strong>, oraz <strong data-start=\"2333\" data-end=\"2345\">witalno\u015b\u0107<\/strong><\/p>\n<\/li>\n<li data-start=\"2348\" data-end=\"2415\">\n<p data-start=\"2350\" data-end=\"2415\">Promocja <strong data-start=\"2363\" data-end=\"2390\">g\u0142\u0119boki, regeneruj\u0105cy sen<\/strong> oraz <strong data-start=\"2395\" data-end=\"2413\">stabilno\u015b\u0107 nastroju<\/strong><\/p>\n<\/li>\n<li data-start=\"2416\" data-end=\"2485\">\n<p data-start=\"2418\" data-end=\"2485\">Stymulacja <strong data-start=\"2433\" data-end=\"2450\">odrastanie w\u0142os\u00f3w<\/strong> i przywr\u00f3cenie naturalnego koloru<\/p>\n<\/li>\n<li data-start=\"2486\" data-end=\"2547\">\n<p data-start=\"2488\" data-end=\"2547\">Zauwa\u017calny wzrost <strong data-start=\"2511\" data-end=\"2545\">energia, wytrzyma\u0142o\u015b\u0107 i wytrzyma\u0142o\u015b\u0107<\/strong><\/p>\n<\/li>\n<li data-start=\"2548\" data-end=\"2603\">\n<p data-start=\"2550\" data-end=\"2603\">Ulepszony <strong data-start=\"2559\" data-end=\"2601\">pami\u0119\u0107, koncentracja i czujno\u015b\u0107 poznawcza<\/strong><\/p>\n<\/li>\n<li data-start=\"2604\" data-end=\"2690\">\n<p data-start=\"2606\" data-end=\"2690\">Wsparcie dla <strong data-start=\"2618\" data-end=\"2634\">g\u0119sto\u015b\u0107 ko\u015bci<\/strong>, <strong data-start=\"2636\" data-end=\"2652\">zdrowie staw\u00f3w<\/strong>, oraz <strong data-start=\"2658\" data-end=\"2688\">regeneracja tkanki \u0142\u0105cznej<\/strong><\/p>\n<\/li>\n<li data-start=\"2691\" data-end=\"2777\">\n<p data-start=\"2693\" data-end=\"2777\">Poprawa <strong data-start=\"2708\" data-end=\"2730\">poziom cholesterolu<\/strong>, <strong data-start=\"2732\" data-end=\"2750\">ci\u015bnienie krwi<\/strong>, oraz <strong data-start=\"2756\" data-end=\"2775\">funkcja odporno\u015bciowa<\/strong><\/p>\n<\/li>\n<li data-start=\"2778\" data-end=\"2831\">\n<p data-start=\"2780\" data-end=\"2831\">Przyspieszony <strong data-start=\"2792\" data-end=\"2829\">regeneracja po urazach lub zm\u0119czeniu<\/strong><\/p>\n<\/li>\n<\/ul>\n<blockquote data-start=\"2833\" data-end=\"2992\">\n<p data-start=\"2835\" data-end=\"2992\"><strong data-start=\"2835\" data-end=\"2844\">Uwaga:<\/strong> Wszystkie powy\u017csze korzy\u015bci opieraj\u0105 si\u0119 na bie\u017c\u0105cym <strong data-start=\"2885\" data-end=\"2921\">badania kliniczne i laboratoryjne<\/strong>. Ten produkt jest <strong data-start=\"2939\" data-end=\"2991\">nie jest przeznaczony do spo\u017cycia przez ludzi ani do cel\u00f3w weterynaryjnych<\/strong>.<\/p>\n<\/blockquote>\n<hr data-start=\"2994\" data-end=\"2997\" \/>\n<h3 data-start=\"2999\" data-end=\"3019\"><strong data-start=\"3003\" data-end=\"3019\">Zastosowania Jintropin 100iu HGH<\/strong><\/h3>\n<p data-start=\"3020\" data-end=\"3090\">Jintropin 100iu HGH s\u0105 szeroko badane pod k\u0105tem ich potencjalnych skutk\u00f3w:<\/p>\n<ul data-start=\"3091\" data-end=\"3303\">\n<li data-start=\"3091\" data-end=\"3131\">\n<p data-start=\"3093\" data-end=\"3131\"><strong data-start=\"3093\" data-end=\"3129\">Badania endokrynologiczne i metaboliczne<\/strong><\/p>\n<\/li>\n<li data-start=\"3132\" data-end=\"3170\">\n<p data-start=\"3134\" data-end=\"3170\"><strong data-start=\"3134\" data-end=\"3168\">Badania nad wzrostem i rozwojem<\/strong><\/p>\n<\/li>\n<li data-start=\"3171\" data-end=\"3214\">\n<p data-start=\"3173\" data-end=\"3214\"><strong data-start=\"3173\" data-end=\"3212\">Naprawa tkanek i regeneracja kom\u00f3rek<\/strong><\/p>\n<\/li>\n<li data-start=\"3215\" data-end=\"3255\">\n<p data-start=\"3217\" data-end=\"3255\"><strong data-start=\"3217\" data-end=\"3253\">Badania nad przeciwdzia\u0142aniem starzeniu si\u0119 i witalno\u015bci\u0105<\/strong><\/p>\n<\/li>\n<li data-start=\"3256\" data-end=\"3303\">\n<p data-start=\"3258\" data-end=\"3303\"><strong data-start=\"3258\" data-end=\"3303\">Badania wydajno\u015bci sportowej i regeneracji<\/strong><\/p>\n<\/li>\n<\/ul>\n<p data-start=\"3305\" data-end=\"3518\">Ponadto zaobserwowano, \u017ce ludzki hormon wzrostu <strong data-start=\"3360\" data-end=\"3395\">zwi\u0119kszaj\u0105 wytrzyma\u0142o\u015b\u0107 ko\u015bci i narz\u0105d\u00f3w<\/strong>, <strong data-start=\"3397\" data-end=\"3422\">wspomagaj\u0105 wzrost \u015bci\u0119gien<\/strong>, oraz <strong data-start=\"3428\" data-end=\"3460\">stymuluj\u0105 syntez\u0119 kolagenu<\/strong> - kluczowe aspekty m\u0142odego funkcjonowania kom\u00f3rek i regeneracji.<\/p>\n<hr data-start=\"3520\" data-end=\"3523\" \/>\n<h3 data-start=\"3525\" data-end=\"3545\"><strong data-start=\"3529\" data-end=\"3545\">Jak to dzia\u0142a Jintropin 100iu HGH<\/strong><\/h3>\n<p data-start=\"3546\" data-end=\"3867\">HGH dzia\u0142a poprzez wi\u0105zanie si\u0119 ze specyficznymi <strong data-start=\"3583\" data-end=\"3611\">receptory hormonu wzrostu<\/strong>, wyzwalaj\u0105c uwolnienie <strong data-start=\"3639\" data-end=\"3648\">IGF-1<\/strong>, silny mediator anaboliczny.<br data-start=\"3679\" data-end=\"3682\" \/>Dzi\u0119ki temu mechanizmowi HGH pomaga <strong data-start=\"3716\" data-end=\"3737\">budowa\u0107 bezt\u0142uszczow\u0105 mas\u0119 mi\u0119\u015bniow\u0105<\/strong>, <strong data-start=\"3739\" data-end=\"3764\">redukcja tkanki t\u0142uszczowej<\/strong>, oraz <strong data-start=\"3770\" data-end=\"3804\">przywr\u00f3ci\u0107 fizjologiczn\u0105 witalno\u015b\u0107<\/strong> poprawiaj\u0105c wydajno\u015b\u0107 metaboliczn\u0105 i odm\u0142adzaj\u0105c kom\u00f3rki.<\/p>\n<hr data-start=\"3869\" data-end=\"3872\" \/>\n<h3 data-start=\"3874\" data-end=\"3902\"><strong data-start=\"3878\" data-end=\"3902\">Instrukcje przechowywania<\/strong><\/h3>\n<ul data-start=\"3903\" data-end=\"4172\">\n<li data-start=\"3903\" data-end=\"3960\">\n<p data-start=\"3905\" data-end=\"3960\">Przechowywa\u0107 mi\u0119dzy <strong data-start=\"3919\" data-end=\"3928\">2-8\u00b0C<\/strong>, chroniony przed bezpo\u015brednim \u015bwiat\u0142em.<\/p>\n<\/li>\n<li data-start=\"3961\" data-end=\"4022\">\n<p data-start=\"3963\" data-end=\"4022\">Przechowywa\u0107 szczelnie zamkni\u0119te w ch\u0142odnym, suchym miejscu przed odtworzeniem.<\/p>\n<\/li>\n<li data-start=\"4023\" data-end=\"4099\">\n<p data-start=\"4025\" data-end=\"4099\">Produkt przechowywany w lod\u00f3wce zachowuje stabilno\u015b\u0107 do daty wa\u017cno\u015bci.<\/p>\n<\/li>\n<li data-start=\"4100\" data-end=\"4172\">\n<p data-start=\"4102\" data-end=\"4172\">Unika\u0107 ekspozycji na temperatury powy\u017cej <strong data-start=\"4139\" data-end=\"4147\">30\u00b0C<\/strong> aby zachowa\u0107 integralno\u015b\u0107.<\/p>\n<\/li>\n<\/ul>\n<hr data-start=\"4174\" data-end=\"4177\" \/>\n<h3 data-start=\"4179\" data-end=\"4197\"><strong data-start=\"4183\" data-end=\"4197\">Zastrze\u017cenie<\/strong><\/h3>\n<p data-start=\"4198\" data-end=\"4376\">To <strong data-start=\"4203\" data-end=\"4254\">Wysokiej jako\u015bci HGH Blue Tops ludzki hormon wzrostu<\/strong> jest sprzedawany <strong data-start=\"4263\" data-end=\"4312\">Wy\u0142\u0105cznie do u\u017cytku laboratoryjnego i badawczego<\/strong>.<br data-start=\"4313\" data-end=\"4316\" \/>Jest to <strong data-start=\"4322\" data-end=\"4373\">niezatwierdzony do stosowania u ludzi lub zwierz\u0105t<\/strong>.<\/p>\n<hr data-start=\"4378\" data-end=\"4381\" \/>\n<h3 data-start=\"4383\" data-end=\"4419\"><strong data-start=\"4387\" data-end=\"4417\">Meta Tytu\u0142 (70 znak\u00f3w)<\/strong><\/h3>\n<p data-start=\"4420\" data-end=\"4492\">Wysokiej jako\u015bci HGH Blue Tops Ludzki hormon wzrostu 99% Czysto\u015b\u0107 | Sprzeda\u017c hurtowa<\/p>\n<h3 data-start=\"4494\" data-end=\"4537\"><strong data-start=\"4498\" data-end=\"4535\">Meta Description (160 znak\u00f3w)<\/strong><\/h3>\n<p data-start=\"4538\" data-end=\"4688\">Kup najwy\u017cszej jako\u015bci ludzki hormon wzrostu HGH Blue Tops (czysto\u015b\u0107 99%) do bada\u0144. Liofilizowany proszek luzem klasy farmaceutycznej dost\u0119pny online.<\/p>\n<h3 data-start=\"4690\" data-end=\"4727\"><strong data-start=\"4694\" data-end=\"4725\">G\u0142\u00f3wne s\u0142owo kluczowe dla RankMath:<\/strong><\/h3>","protected":false},"excerpt":{"rendered":"<p>Jintropin 100iu HGH Product Overview Our Jintropin 100iu HGH\u00a0Human Growth Hormone is a premium-grade recombinant peptide offered in bulk unlabelled form for laboratory and pharmaceutical research purposes.This lyophilized white powder demonstrates 99% purity, ensuring consistent quality and reliability for advanced biological and pharmacological studies. Product Specifications Parameter Details Product Name Jintropin 100iu HGH Purity 99% [&hellip;]<\/p>\n","protected":false},"featured_media":1766,"comment_status":"open","ping_status":"closed","template":"","meta":[],"product_brand":[],"product_cat":[391],"product_tag":[752,935,944,934,949,945,938,933,932,943,751,753,748,749,939,750,931,940,937,948,936,946,947,942,941],"class_list":{"0":"post-1765","1":"product","2":"type-product","3":"status-publish","4":"has-post-thumbnail","6":"product_cat-peptides","7":"product_tag-10iu-blue-tops-hgh-unlabelled-bulk-whlosale","8":"product_tag-aas-poland","9":"product_tag-aas-raw-materials-australia","10":"product_tag-aas-raws","11":"product_tag-anabolic-steroid-manufacturer-canada","12":"product_tag-anabolic-steroid-powders-online","13":"product_tag-best-steroid-powder-supplier-usa","14":"product_tag-buy-aas-raws-online","15":"product_tag-buy-raw-steroid-powders-online","16":"product_tag-buy-raw-steroids-china","17":"product_tag-growth-hormone-bulk-buy-china","18":"product_tag-hgh-191aa-for-sale-china","19":"product_tag-hgh-unlabelled-bulk-buy-china","20":"product_tag-hgh-vials-bulk-wholesale","21":"product_tag-high-purity-anabolic-steroids-canada","22":"product_tag-pure-hgh-unlabelled-for-sale","23":"product_tag-raw-steroids-for-sale","24":"product_tag-steroid-raw-material-factory-europe","25":"product_tag-steroid-raws-online","26":"product_tag-steroid-raws-supplier-florida","27":"product_tag-supplier-usa","28":"product_tag-testosterone-raw-powder-poland","29":"product_tag-trenbolone-powder-thailand","30":"product_tag-trusted-steroid-raw-supplier-worldwide","31":"product_tag-wholesale-steroid-powders-australia","33":"first","34":"instock","35":"shipping-taxable","36":"product-type-simple"},"_links":{"self":[{"href":"https:\/\/shgotopharm.com\/pl\/wp-json\/wp\/v2\/product\/1765","targetHints":{"allow":["GET"]}}],"collection":[{"href":"https:\/\/shgotopharm.com\/pl\/wp-json\/wp\/v2\/product"}],"about":[{"href":"https:\/\/shgotopharm.com\/pl\/wp-json\/wp\/v2\/types\/product"}],"replies":[{"embeddable":true,"href":"https:\/\/shgotopharm.com\/pl\/wp-json\/wp\/v2\/comments?post=1765"}],"wp:featuredmedia":[{"embeddable":true,"href":"https:\/\/shgotopharm.com\/pl\/wp-json\/wp\/v2\/media\/1766"}],"wp:attachment":[{"href":"https:\/\/shgotopharm.com\/pl\/wp-json\/wp\/v2\/media?parent=1765"}],"wp:term":[{"taxonomy":"product_brand","embeddable":true,"href":"https:\/\/shgotopharm.com\/pl\/wp-json\/wp\/v2\/product_brand?post=1765"},{"taxonomy":"product_cat","embeddable":true,"href":"https:\/\/shgotopharm.com\/pl\/wp-json\/wp\/v2\/product_cat?post=1765"},{"taxonomy":"product_tag","embeddable":true,"href":"https:\/\/shgotopharm.com\/pl\/wp-json\/wp\/v2\/product_tag?post=1765"}],"curies":[{"name":"wp","href":"https:\/\/api.w.org\/{rel}","templated":true}]}}